{"id":45893,"date":"2021-08-22T18:56:57","date_gmt":"2021-08-22T18:56:57","guid":{"rendered":"https:\/\/boxexpert.de\/foeretag\/om-oss\/"},"modified":"2021-08-22T18:58:00","modified_gmt":"2021-08-22T18:58:00","slug":"om-oss","status":"publish","type":"page","link":"https:\/\/box.lilleshop.de\/sv\/foeretag\/om-oss\/","title":{"rendered":"Om oss"},"content":{"rendered":"<p>[vc_row full_width=&#8221;stretch_row_content&#8221; mobile_bg_img_hidden=&#8221;no&#8221; tablet_bg_img_hidden=&#8221;no&#8221; woodmart_parallax=&#8221;0&#8243; woodmart_gradient_switch=&#8221;no&#8221; row_reverse_mobile=&#8221;0&#8243; row_reverse_tablet=&#8221;0&#8243; woodmart_disable_overflow=&#8221;0&#8243; css=&#8221;.vc_custom_1585845378745{margin-top: -40px !important;margin-bottom: 4vh !important;}&#8221;][vc_column]\n\t\t\t<!-- START historie REVOLUTION SLIDER 6.5.21 --><p class=\"rs-p-wp-fix\"><\/p>\n\t\t\t<rs-module-wrap id=\"rev_slider_19_1_wrapper\" data-source=\"gallery\" style=\"visibility:hidden;background:transparent;padding:0;margin:0px auto;margin-top:0;margin-bottom:0;\">\n\t\t\t\t<rs-module id=\"rev_slider_19_1\" style=\"\" data-version=\"6.5.21\">\n\t\t\t\t\t<rs-slides>\n\t\t\t\t\t\t<rs-slide style=\"position: absolute;\" data-key=\"rs-339\" data-title=\"Slide\" data-in=\"o:0;\" data-out=\"a:false;\">\n\t\t\t\t\t\t\t<img src=\"\/\/box.lilleshop.de\/wp-content\/plugins\/revslider\/public\/assets\/assets\/dummy.png\" alt=\"Boxexpert Geh\u00e4use aus der Hamburger Region\" title=\"Boxexpert-historie\" width=\"1600\" height=\"600\" class=\"rev-slidebg tp-rs-img rs-lazyload\" data-lazyload=\"\/\/box.lilleshop.de\/wp-content\/uploads\/2020\/03\/Boxexpert-historie.jpg\" data-no-retina>\n<!--\n\t\t\t\t\t\t\t--><rs-layer\n\t\t\t\t\t\t\t\tid=\"slider-19-slide-339-layer-0\" \n\t\t\t\t\t\t\t\tdata-type=\"shape\"\n\t\t\t\t\t\t\t\tdata-rsp_ch=\"on\"\n\t\t\t\t\t\t\t\tdata-xy=\"x:428px;y:340px;\"\n\t\t\t\t\t\t\t\tdata-text=\"w:normal;\"\n\t\t\t\t\t\t\t\tdata-dim=\"w:583px;h:127px;\"\n\t\t\t\t\t\t\t\tdata-spike=\"r:top;\"\n\t\t\t\t\t\t\t\tdata-frame_0=\"x:left;\"\n\t\t\t\t\t\t\t\tdata-frame_1=\"st:400;sp:1000;\"\n\t\t\t\t\t\t\t\tdata-frame_999=\"o:0;st:w;\"\n\t\t\t\t\t\t\t\tstyle=\"z-index:5;background-color:rgba(54,132,187,0.95);\"\n\t\t\t\t\t\t\t> \n\t\t\t\t\t\t\t<\/rs-layer><!--\n\n\t\t\t\t\t\t\t--><rs-layer\n\t\t\t\t\t\t\t\tid=\"slider-19-slide-339-layer-1\" \n\t\t\t\t\t\t\t\tdata-type=\"text\"\n\t\t\t\t\t\t\t\tdata-color=\"#ffffff\"\n\t\t\t\t\t\t\t\tdata-rsp_ch=\"on\"\n\t\t\t\t\t\t\t\tdata-xy=\"x:454px;y:367px;\"\n\t\t\t\t\t\t\t\tdata-text=\"w:normal;s:27;l:34;fw:600;\"\n\t\t\t\t\t\t\t\tdata-frame_0=\"x:left;\"\n\t\t\t\t\t\t\t\tdata-frame_1=\"st:400;sp:1000;\"\n\t\t\t\t\t\t\t\tdata-frame_999=\"o:0;st:w;\"\n\t\t\t\t\t\t\t\tstyle=\"z-index:6;font-family:'Poppins';\"\n\t\t\t\t\t\t\t>DEN HANSEATISKA TRADITIONEN I <br \/>\nSEGMENTET F\u00d6R PREMIUMBOST\u00c4DER \n\t\t\t\t\t\t\t<\/rs-layer><!--\n-->\t\t\t\t\t\t<\/rs-slide>\n\t\t\t\t\t<\/rs-slides>\n\t\t\t\t<\/rs-module>\n\t\t\t\t<script>\n\t\t\t\t\tsetREVStartSize({c: 'rev_slider_19_1',rl:[1240,1024,778,480],el:[500],gw:[1240],gh:[500],type:'standard',justify:'',layout:'fullwidth',mh:\"0\"});if (window.RS_MODULES!==undefined && window.RS_MODULES.modules!==undefined && window.RS_MODULES.modules[\"revslider191\"]!==undefined) {window.RS_MODULES.modules[\"revslider191\"].once = false;window.revapi19 = undefined;if (window.RS_MODULES.checkMinimal!==undefined) window.RS_MODULES.checkMinimal()}\n\t\t\t\t<\/script>\n\t\t\t<\/rs-module-wrap>\n\t\t\t<!-- END REVOLUTION SLIDER -->\n[\/vc_column][\/vc_row][vc_row mobile_bg_img_hidden=&#8221;no&#8221; tablet_bg_img_hidden=&#8221;no&#8221; woodmart_parallax=&#8221;0&#8243; woodmart_gradient_switch=&#8221;no&#8221; row_reverse_mobile=&#8221;0&#8243; row_reverse_tablet=&#8221;0&#8243; woodmart_disable_overflow=&#8221;0&#8243;][vc_column]\n\t\t<div id=\"wd-5e99b835d4de9\" class=\"title-wrapper wd-wpb set-mb-s reset-last-child  wd-rs-5e99b835d4de9 wd-title-color-primary wd-title-style-underlined wd-width-100 text-left vc_custom_1587132479735 wd-underline-colored\">\n\t\t\t\n\t\t\t<div class=\"liner-continer\">\n\t\t\t\t<h1 class=\"woodmart-title-container title  wd-font-weight- wd-fontsize-xxl\" ><strong>OM OSS<\/strong><\/h1>\n\t\t\t\t\t\t\t<\/div>\n\t\t\t\n\t\t\t\n\t\t\t\n\t\t<\/div>\n\t\t\n\t\t[\/vc_column][\/vc_row][vc_row full_width=&#8221;stretch_row&#8221; content_placement=&#8221;top&#8221; css=&#8221;.vc_custom_1586167721245{margin-bottom: 2vh !important;}&#8221; mobile_bg_img_hidden=&#8221;no&#8221; tablet_bg_img_hidden=&#8221;no&#8221; woodmart_parallax=&#8221;0&#8243; woodmart_gradient_switch=&#8221;no&#8221; row_reverse_mobile=&#8221;0&#8243; row_reverse_tablet=&#8221;0&#8243; woodmart_disable_overflow=&#8221;0&#8243;][vc_column width=&#8221;1\/3&#8243; css=&#8221;.vc_custom_1490276860346{margin-bottom: 20px !important;padding-top: 0px !important;}&#8221;]\t\t<div id=\"gallery_601\" class=\"wd-images-gallery wd-justify-center wd-items-middle view-grid\" >\n\t\t\t<div class=\"gallery-images row wd-spacing-0\">\n\t\t\t\t\t\t\t\t\t\t\t\t\t\t\t<div class=\"wd-gallery-item col-lg-12 col-md-12 col-sm-12 col-12\">\n\t\t\t\t\t\t\t\n\t\t\t\t\t\t\t\t\t\t\t\t\t\t\t\t\t<img class=\"wd-gallery-image image-1 \" src=\"https:\/\/box.lilleshop.de\/wp-content\/uploads\/2020\/03\/qualitaet-boxexpert2.jpg\" width=\"600\" height=\"400\" alt=\"The quality of our housings is very important to us, QUALITY we write big!\" title=\"Manlig ingenj\u00f6r som kvalitetskontrollerar komponenter i fabriken\" \/>\t\t\t\t\t\t\t\t\n\n\t\t\t\t\t\t\t\t\t\t\t\t\t\t<\/div>\n\t\t\t\t\t\t\t\t\t\t\t\t<\/div>\n\t\t<\/div>\n\t\t\t\t[\/vc_column][vc_column width=&#8221;1\/3&#8243; css=&#8221;.vc_custom_1536077344327{margin-bottom: 20px !important;padding-top: 0px !important;}&#8221;]\n\t\t<div id=\"wd-5e99b84801739\" class=\"title-wrapper wd-wpb set-mb-s reset-last-child  wd-rs-5e99b84801739 wd-title-color-primary wd-title-style-underlined wd-width-100 text-left vc_custom_1587132509516 wd-underline-colored\">\n\t\t\t\n\t\t\t<div class=\"liner-continer\">\n\t\t\t\t<h2 class=\"woodmart-title-container title  wd-font-weight- wd-fontsize-l\" >PROFESSIONELL TEKNIK F\u00d6R BOST\u00c4DER FR\u00c5N NORR<\/h2>\n\t\t\t\t\t\t\t<\/div>\n\t\t\t\n\t\t\t\n\t\t\t\n\t\t<\/div>\n\t\t\n\t\t[vc_column_text css=&#8221;.vc_custom_1587132525835{margin-bottom: 20px !important;}&#8221; text_larger=&#8221;no&#8221;]&#8221;Ett f\u00f6retag lever genom sina v\u00e4rderingar. De best\u00e4mmer f\u00f6retagskulturen och formar samarbetet. De m\u00e5ste utformas, levas och framf\u00f6r allt st\u00f6djas av de anst\u00e4llda. Som ett hanseatiskt f\u00f6retag \u00e4r idealistiska v\u00e4rderingar som \u00e4rlighet, p\u00e5litlighet, ansvar och lojalitet centrala i v\u00e5rt dagliga arbete.[\/vc_column_text][\/vc_column][vc_column width=&#8221;1\/3&#8243; css=&#8221;.vc_custom_1536077348538{margin-bottom: 20px !important;padding-top: 0px !important;}&#8221;][vc_column_text css=&#8221;.vc_custom_1587132676972{margin-bottom: 28px !important;}&#8221; text_larger=&#8221;no&#8221;]DNA:t i v\u00e5r f\u00f6retagskultur \u00e4r n\u00f6jda medarbetare som \u00e4r starkt motiverade att genomf\u00f6ra strategin, bidra med egna id\u00e9er, driva p\u00e5 innovationer och k\u00e4nna sig bekv\u00e4ma i en harmonisk arbetsmilj\u00f6.&#8221;<\/p>\n<p><strong><em>Jan Schwonbeck, VD BOXEXPERT <\/em><\/strong>[\/vc_column_text][\/vc_column][\/vc_row][vc_row full_width=&#8221;stretch_row&#8221; css=&#8221;.vc_custom_1581684138262{padding-top: 30px !important;background-color: #f9f9f9 !important;}&#8221; mobile_bg_img_hidden=&#8221;no&#8221; tablet_bg_img_hidden=&#8221;no&#8221; woodmart_parallax=&#8221;0&#8243; woodmart_gradient_switch=&#8221;no&#8221; row_reverse_mobile=&#8221;0&#8243; row_reverse_tablet=&#8221;0&#8243; woodmart_disable_overflow=&#8221;0&#8243;][vc_column css=&#8221;.vc_custom_1484657273903{padding-top: 0px !important;}&#8221;]\n\t\t<div id=\"wd-5e99b99514e8b\" class=\"title-wrapper wd-wpb set-mb-s reset-last-child  wd-rs-5e99b99514e8b wd-title-color-primary wd-title-style-underlined wd-width-100 text-left vc_custom_1587132829603 wd-underline-colored\">\n\t\t\t\n\t\t\t<div class=\"liner-continer\">\n\t\t\t\t<h3 class=\"woodmart-title-container title  wd-font-weight- wd-fontsize-l\" >SOM G\u00d6R OSS<\/h3>\n\t\t\t\t\t\t\t<\/div>\n\t\t\t\n\t\t\t\n\t\t\t\n\t\t<\/div>\n\t\t\n\t\t[vc_row_inner][vc_column_inner width=&#8221;1\/2&#8243;]\t\t\t<div id=\"wd-5f2c0c1c4f7cd\" class=\"wd-text-block-wrapper wd-wpb wd-rs-5f2c0c1c4f7cd color-scheme-custom wd-width-100 text-left vc_custom_1596722209758\">\n\t\t\t\t<div class=\"woodmart-title-container woodmart-text-block reset-last-child font-primary wd-font-weight-600 \">\n\t\t\t\t\t<\/p>\n<h3>Kundorienterade \u00e5tg\u00e4rder<\/h3>\n<p>\t\t\t\t<\/div>\n\n\t\t\t\t\t\t\t<\/div>\n\t\t[vc_column_text text_larger=&#8221;no&#8221;]Im Zentrum unseres Denkens steht immer der Kunde. Med v\u00e5ra innovativa kapslingsl\u00f6sningar erbjuder vi produkter som \u00e4r snabba och enkla att bearbeta och som dessutom kan anpassas i mycket h\u00f6g grad. BOXEXPERT erbjuder h\u00f6gkvalitativa l\u00f6sningar och omfattande know-how, \u00e4ven n\u00e4r det g\u00e4ller specialfr\u00e5gor som r\u00f6r kapslingsteknik. BOXEXPERTs produktsortiment imponerar med smarta innovationer och ligger alltid ett steg f\u00f6re den senaste tekniken. Fokus ligger p\u00e5 tillg\u00e5ngen till de enheter som ska skyddas, maximal s\u00e4kerhet och samtidigt optimal kostnadseffektivitet. Som m\u00e5ng\u00e5rig systempartner inom kapslingsteknik erbjuder vi dig f\u00f6ljande merv\u00e4rden:<\/p>\n<ul>\n<li>permanent tillg\u00e4nglighet<\/li>\n<li>Kostnader som kan planeras p\u00e5 ett tillf\u00f6rlitligt s\u00e4tt<\/li>\n<li>omfattande service<\/li>\n<li>Planering, r\u00e5dgivning och analys av exakta behov<\/li>\n<li>Robusta och flexibla kapslingsl\u00f6sningar<\/li>\n<li>Snabbhet och tillf\u00f6rlitlighet &#8211; snabb i dialogen och i s\u00f6kandet efter den optimala l\u00f6sningen f\u00f6r dig &#8211; s\u00e5 att du sparar v\u00e4rdefull tid.<\/li>\n<li>R\u00e4ttvisa och kvalitet &#8211; r\u00e4ttvisa l\u00f6sningar s\u00e5 att en best\u00e5ende god k\u00e4nsla kvarst\u00e5r. Vi lyssnar p\u00e5 dig &#8211; s\u00e5 att vi st\u00e4ndigt kan f\u00f6rb\u00e4ttra v\u00e5r kvalitet.<\/li>\n<\/ul>\n<p>[\/vc_column_text][\/vc_column_inner][vc_column_inner width=&#8221;1\/2&#8243;]\t\t\t<div id=\"wd-5e99b9d7d4046\" class=\"wd-text-block-wrapper wd-wpb wd-rs-5e99b9d7d4046 color-scheme-custom wd-width-100 text-left vc_custom_1587132890152\">\n\t\t\t\t<div class=\"woodmart-title-container woodmart-text-block reset-last-child font-primary wd-font-weight-600 \">\n\t\t\t\t\t<\/p>\n<h3>\u00c5ratal av erfarenhet av kapslingsteknik<\/h3>\n<p>\t\t\t\t<\/div>\n\n\t\t\t\t\t\t\t<\/div>\n\t\t[vc_column_text text_larger=&#8221;no&#8221;]Mit BOXEXPERT profitieren Sie von jahrzehntelanger Erfahrung in der Geh\u00e4usetechnologie. BOXEXPERT \u00e4r Breuell Ingenieurbyr\u00e5s outsourcade kapslingsavdelning. Breuell Ingenieurb\u00fcro GmbH:s grundande bygger p\u00e5 en l\u00e5ng hanseatisk tradition. Redan 1888 var familjen Breuell k\u00e4nd f\u00f6r sin handelsverksamhet bland kvarterm\u00e4starna i Hamburgs frihamn. Efter andra v\u00e4rldskrigets slut grundades enmansf\u00f6retaget Egon Breuell Ingenieurb\u00fcro und technische Vertretungen den 01.12.1946. Breuell etablerade sig fr\u00e4mst inom omr\u00e5dena elektroteknik och maskinteknik.<\/p>\n<p>N\u00e4r f\u00f6retaget \u00f6vergick till den andra generationen 1981 \u00e4ndrades namnet till Breuell Ingenieurb\u00fcro GmbH. Fr\u00e5n och med d\u00e5 var verksamheten inriktad p\u00e5 kapslingsteknik och tillh\u00f6rande komponenter. I takt med den stadiga tillv\u00e4xten och den \u00f6kande betydelsen av den h\u00e4r divisionen br\u00f6t BOXEXPERT sig loss som ett sj\u00e4lvst\u00e4ndigt varum\u00e4rke. Detta gjorde det m\u00f6jligt f\u00f6r oss att fokusera \u00e4nnu mer intensivt p\u00e5 utvecklingen av detta aff\u00e4rsomr\u00e5de och att utvidga produktutbudet i enlighet med detta. I dag kan vi ge v\u00e5ra kunder helhetsst\u00f6d och p\u00e5 s\u00e5 s\u00e4tt garantera ett framg\u00e5ngsrikt samarbete.<\/p>\n<p>Internationella godk\u00e4nnanden av h\u00f6ljen, t.ex. CE, UL och CSA, samt tillf\u00f6rlitligt och certifierat skydd mot intr\u00e4ngande damm och fukt (IP-skyddsklasser) \u00e4r bara tv\u00e5 av de kriterier som bevisar BOXEXPERT-produkternas h\u00f6ga kvalitet. BOXEXPERT utvecklar kapslingssystem av h\u00f6gsta standard i n\u00e4ra samarbete med anv\u00e4ndarna. Vi presenterar g\u00e4rna v\u00e5rt breda utbud av alternativ f\u00f6r dig. Prata med oss.[\/vc_column_text][\/vc_column_inner][\/vc_row_inner][vc_row_inner][vc_column_inner width=&#8221;1\/2&#8243;][\/vc_column_inner][vc_column_inner width=&#8221;1\/2&#8243;][\/vc_column_inner][\/vc_row_inner][vc_row_inner][vc_column_inner width=&#8221;1\/2&#8243; css=&#8221;.vc_custom_1585141011403{margin-top: -100px !important;}&#8221;][\/vc_column_inner][vc_column_inner width=&#8221;1\/2&#8243;][\/vc_column_inner][\/vc_row_inner][\/vc_column][\/vc_row]<\/p>\n","protected":false},"excerpt":{"rendered":"<p>[vc_row full_width=&#8221;stretch_row_content&#8221; mobile_bg_img_hidden=&#8221;no&#8221; tablet_bg_img_hidden=&#8221;no&#8221; woodmart_parallax=&#8221;0&#8243; woodmart_gradient_switch=&#8221;no&#8221; row_reverse_mobile=&#8221;0&#8243; row_reverse_tablet=&#8221;0&#8243; woodmart_disable_overflow=&#8221;0&#8243; css=&#8221;.vc_custom_1585845378745{margin-top: -40px !important;margin-bottom: 4vh !important;}&#8221;][vc_column][\/vc_column][\/vc_row][vc_row mobile_bg_img_hidden=&#8221;no&#8221; tablet_bg_img_hidden=&#8221;no&#8221; woodmart_parallax=&#8221;0&#8243; woodmart_gradient_switch=&#8221;no&#8221; row_reverse_mobile=&#8221;0&#8243; row_reverse_tablet=&#8221;0&#8243;<\/p>\n","protected":false},"author":1,"featured_media":0,"parent":44544,"menu_order":0,"comment_status":"closed","ping_status":"closed","template":"","meta":[],"yoast_head":"<!-- This site is optimized with the Yoast SEO Premium plugin v18.4 (Yoast SEO v18.8) - https:\/\/yoast.com\/wordpress\/plugins\/seo\/ -->\n<title>F\u00f6retaget BOXEXPERT<\/title>\n<meta name=\"description\" content=\"BOXEXPERT F\u00f6retagspresentation\" \/>\n<meta name=\"robots\" content=\"index, follow, max-snippet:-1, max-image-preview:large, max-video-preview:-1\" \/>\n<link rel=\"canonical\" href=\"https:\/\/box.lilleshop.de\/sv\/foeretag\/om-oss\/\" \/>\n<meta property=\"og:locale\" content=\"sv_SE\" \/>\n<meta property=\"og:type\" content=\"article\" \/>\n<meta property=\"og:title\" content=\"Om oss\" \/>\n<meta property=\"og:description\" content=\"BOXEXPERT F\u00f6retagspresentation\" \/>\n<meta property=\"og:url\" content=\"https:\/\/box.lilleshop.de\/sv\/foeretag\/om-oss\/\" \/>\n<meta property=\"og:site_name\" content=\"BOXEXPERT - Professionelle Geh\u00e4usel\u00f6sungen f\u00fcr h\u00f6chste Anspr\u00fcche\" \/>\n<meta property=\"article:modified_time\" content=\"2021-08-22T18:58:00+00:00\" \/>\n<meta name=\"twitter:card\" content=\"summary_large_image\" \/>\n<meta name=\"twitter:label1\" content=\"Est. reading time\" \/>\n\t<meta name=\"twitter:data1\" content=\"6 minutes\" \/>\n<script type=\"application\/ld+json\" class=\"yoast-schema-graph\">{\"@context\":\"https:\/\/schema.org\",\"@graph\":[{\"@type\":\"WebSite\",\"@id\":\"https:\/\/box.lilleshop.de\/#website\",\"url\":\"https:\/\/box.lilleshop.de\/\",\"name\":\"BOXEXPERT - Professionelle Geh\u00e4usel\u00f6sungen f\u00fcr h\u00f6chste Anspr\u00fcche\",\"description\":\"Industriegeh\u00e4use, Schaltschr\u00e4nke, Installationsgeh\u00e4use, Sicherungsk\u00e4sten und Verteilerk\u00e4sten\",\"potentialAction\":[{\"@type\":\"SearchAction\",\"target\":{\"@type\":\"EntryPoint\",\"urlTemplate\":\"https:\/\/box.lilleshop.de\/?s={search_term_string}\"},\"query-input\":\"required name=search_term_string\"}],\"inLanguage\":\"sv-SE\"},{\"@type\":\"WebPage\",\"@id\":\"https:\/\/box.lilleshop.de\/sv\/foeretag\/om-oss\/#webpage\",\"url\":\"https:\/\/box.lilleshop.de\/sv\/foeretag\/om-oss\/\",\"name\":\"F\u00f6retaget BOXEXPERT\",\"isPartOf\":{\"@id\":\"https:\/\/box.lilleshop.de\/#website\"},\"datePublished\":\"2021-08-22T18:56:57+00:00\",\"dateModified\":\"2021-08-22T18:58:00+00:00\",\"description\":\"BOXEXPERT F\u00f6retagspresentation\",\"breadcrumb\":{\"@id\":\"https:\/\/box.lilleshop.de\/sv\/foeretag\/om-oss\/#breadcrumb\"},\"inLanguage\":\"sv-SE\",\"potentialAction\":[{\"@type\":\"ReadAction\",\"target\":[\"https:\/\/box.lilleshop.de\/sv\/foeretag\/om-oss\/\"]}]},{\"@type\":\"BreadcrumbList\",\"@id\":\"https:\/\/box.lilleshop.de\/sv\/foeretag\/om-oss\/#breadcrumb\",\"itemListElement\":[{\"@type\":\"ListItem\",\"position\":1,\"name\":\"Startseite\",\"item\":\"https:\/\/box.lilleshop.de\/sv\/\"},{\"@type\":\"ListItem\",\"position\":2,\"name\":\"F\u00f6retag\",\"item\":\"https:\/\/box.lilleshop.de\/sv\/foeretag\/\"},{\"@type\":\"ListItem\",\"position\":3,\"name\":\"Om oss\"}]}]}<\/script>\n<!-- \/ Yoast SEO Premium plugin. -->","yoast_head_json":{"title":"F\u00f6retaget BOXEXPERT","description":"BOXEXPERT F\u00f6retagspresentation","robots":{"index":"index","follow":"follow","max-snippet":"max-snippet:-1","max-image-preview":"max-image-preview:large","max-video-preview":"max-video-preview:-1"},"canonical":"https:\/\/box.lilleshop.de\/sv\/foeretag\/om-oss\/","og_locale":"sv_SE","og_type":"article","og_title":"Om oss","og_description":"BOXEXPERT F\u00f6retagspresentation","og_url":"https:\/\/box.lilleshop.de\/sv\/foeretag\/om-oss\/","og_site_name":"BOXEXPERT - Professionelle Geh\u00e4usel\u00f6sungen f\u00fcr h\u00f6chste Anspr\u00fcche","article_modified_time":"2021-08-22T18:58:00+00:00","twitter_card":"summary_large_image","twitter_misc":{"Est. reading time":"6 minutes"},"schema":{"@context":"https:\/\/schema.org","@graph":[{"@type":"WebSite","@id":"https:\/\/box.lilleshop.de\/#website","url":"https:\/\/box.lilleshop.de\/","name":"BOXEXPERT - Professionelle Geh\u00e4usel\u00f6sungen f\u00fcr h\u00f6chste Anspr\u00fcche","description":"Industriegeh\u00e4use, Schaltschr\u00e4nke, Installationsgeh\u00e4use, Sicherungsk\u00e4sten und Verteilerk\u00e4sten","potentialAction":[{"@type":"SearchAction","target":{"@type":"EntryPoint","urlTemplate":"https:\/\/box.lilleshop.de\/?s={search_term_string}"},"query-input":"required name=search_term_string"}],"inLanguage":"sv-SE"},{"@type":"WebPage","@id":"https:\/\/box.lilleshop.de\/sv\/foeretag\/om-oss\/#webpage","url":"https:\/\/box.lilleshop.de\/sv\/foeretag\/om-oss\/","name":"F\u00f6retaget BOXEXPERT","isPartOf":{"@id":"https:\/\/box.lilleshop.de\/#website"},"datePublished":"2021-08-22T18:56:57+00:00","dateModified":"2021-08-22T18:58:00+00:00","description":"BOXEXPERT F\u00f6retagspresentation","breadcrumb":{"@id":"https:\/\/box.lilleshop.de\/sv\/foeretag\/om-oss\/#breadcrumb"},"inLanguage":"sv-SE","potentialAction":[{"@type":"ReadAction","target":["https:\/\/box.lilleshop.de\/sv\/foeretag\/om-oss\/"]}]},{"@type":"BreadcrumbList","@id":"https:\/\/box.lilleshop.de\/sv\/foeretag\/om-oss\/#breadcrumb","itemListElement":[{"@type":"ListItem","position":1,"name":"Startseite","item":"https:\/\/box.lilleshop.de\/sv\/"},{"@type":"ListItem","position":2,"name":"F\u00f6retag","item":"https:\/\/box.lilleshop.de\/sv\/foeretag\/"},{"@type":"ListItem","position":3,"name":"Om oss"}]}]}},"_links":{"self":[{"href":"https:\/\/box.lilleshop.de\/sv\/wp-json\/wp\/v2\/pages\/45893"}],"collection":[{"href":"https:\/\/box.lilleshop.de\/sv\/wp-json\/wp\/v2\/pages"}],"about":[{"href":"https:\/\/box.lilleshop.de\/sv\/wp-json\/wp\/v2\/types\/page"}],"author":[{"embeddable":true,"href":"https:\/\/box.lilleshop.de\/sv\/wp-json\/wp\/v2\/users\/1"}],"replies":[{"embeddable":true,"href":"https:\/\/box.lilleshop.de\/sv\/wp-json\/wp\/v2\/comments?post=45893"}],"version-history":[{"count":4,"href":"https:\/\/box.lilleshop.de\/sv\/wp-json\/wp\/v2\/pages\/45893\/revisions"}],"predecessor-version":[{"id":45914,"href":"https:\/\/box.lilleshop.de\/sv\/wp-json\/wp\/v2\/pages\/45893\/revisions\/45914"}],"up":[{"embeddable":true,"href":"https:\/\/box.lilleshop.de\/sv\/wp-json\/wp\/v2\/pages\/44544"}],"wp:attachment":[{"href":"https:\/\/box.lilleshop.de\/sv\/wp-json\/wp\/v2\/media?parent=45893"}],"curies":[{"name":"wp","href":"https:\/\/api.w.org\/{rel}","templated":true}]}}