{"id":45826,"date":"2021-08-22T18:49:20","date_gmt":"2021-08-22T18:49:20","guid":{"rendered":"https:\/\/boxexpert.de\/foeretag\/kvalitet\/"},"modified":"2021-08-22T18:49:22","modified_gmt":"2021-08-22T18:49:22","slug":"kvalitet","status":"publish","type":"page","link":"https:\/\/box.lilleshop.de\/sv\/foeretag\/kvalitet\/","title":{"rendered":"Kvalitet"},"content":{"rendered":"<p>[vc_row full_width=&#8221;stretch_row_content&#8221; mobile_bg_img_hidden=&#8221;no&#8221; tablet_bg_img_hidden=&#8221;no&#8221; woodmart_parallax=&#8221;0&#8243; woodmart_gradient_switch=&#8221;no&#8221; row_reverse_mobile=&#8221;0&#8243; row_reverse_tablet=&#8221;0&#8243; woodmart_disable_overflow=&#8221;0&#8243; css=&#8221;.vc_custom_1585845378745{margin-top: -40px !important;margin-bottom: 4vh !important;}&#8221;][vc_column]\n\t\t\t<!-- START qualit\u00e4t REVOLUTION SLIDER 6.5.21 --><p class=\"rs-p-wp-fix\"><\/p>\n\t\t\t<rs-module-wrap id=\"rev_slider_18_1_wrapper\" data-source=\"gallery\" style=\"visibility:hidden;background:transparent;padding:0;margin:0px auto;margin-top:0;margin-bottom:0;\">\n\t\t\t\t<rs-module id=\"rev_slider_18_1\" style=\"\" data-version=\"6.5.21\">\n\t\t\t\t\t<rs-slides>\n\t\t\t\t\t\t<rs-slide style=\"position: absolute;\" data-key=\"rs-343\" data-title=\"Slide\" data-in=\"o:0;\" data-out=\"a:false;\">\n\t\t\t\t\t\t\t<img src=\"\/\/box.lilleshop.de\/wp-content\/plugins\/revslider\/public\/assets\/assets\/dummy.png\" alt=\"Die Qualit\u00e4t unserer Geh\u00e4use ist uns sehr wichtig, QUALIT\u00c4T schreiben wir gro\u00df!\" title=\"qualita\u0308t3\" width=\"1600\" height=\"600\" class=\"rev-slidebg tp-rs-img rs-lazyload\" data-lazyload=\"\/\/box.lilleshop.de\/wp-content\/uploads\/2020\/03\/qualita\u0308t3.jpg\" data-no-retina>\n<!--\n\t\t\t\t\t\t\t--><rs-layer\n\t\t\t\t\t\t\t\tid=\"slider-18-slide-343-layer-0\" \n\t\t\t\t\t\t\t\tdata-type=\"shape\"\n\t\t\t\t\t\t\t\tdata-rsp_ch=\"on\"\n\t\t\t\t\t\t\t\tdata-xy=\"x:428px;y:340px;\"\n\t\t\t\t\t\t\t\tdata-text=\"w:normal;\"\n\t\t\t\t\t\t\t\tdata-dim=\"w:517px;h:127px;\"\n\t\t\t\t\t\t\t\tdata-spike=\"r:top;\"\n\t\t\t\t\t\t\t\tdata-frame_0=\"x:left;\"\n\t\t\t\t\t\t\t\tdata-frame_1=\"st:400;sp:1000;\"\n\t\t\t\t\t\t\t\tdata-frame_999=\"o:0;st:w;\"\n\t\t\t\t\t\t\t\tstyle=\"z-index:5;background-color:rgba(54,132,187,0.95);\"\n\t\t\t\t\t\t\t> \n\t\t\t\t\t\t\t<\/rs-layer><!--\n\n\t\t\t\t\t\t\t--><rs-layer\n\t\t\t\t\t\t\t\tid=\"slider-18-slide-343-layer-1\" \n\t\t\t\t\t\t\t\tdata-type=\"text\"\n\t\t\t\t\t\t\t\tdata-color=\"#ffffff\"\n\t\t\t\t\t\t\t\tdata-rsp_ch=\"on\"\n\t\t\t\t\t\t\t\tdata-xy=\"x:454px;y:367px;\"\n\t\t\t\t\t\t\t\tdata-text=\"w:normal;s:27;l:34;fw:600;\"\n\t\t\t\t\t\t\t\tdata-frame_0=\"x:left;\"\n\t\t\t\t\t\t\t\tdata-frame_1=\"st:400;sp:1000;\"\n\t\t\t\t\t\t\t\tdata-frame_999=\"o:0;st:w;\"\n\t\t\t\t\t\t\t\tstyle=\"z-index:6;font-family:'Poppins';\"\n\t\t\t\t\t\t\t>EXKLUSIV TEKNIK F\u00d6R H\u00d6LJE<br \/>\nF\u00d6R DE H\u00d6GSTA KRAVEN \n\t\t\t\t\t\t\t<\/rs-layer><!--\n-->\t\t\t\t\t\t<\/rs-slide>\n\t\t\t\t\t<\/rs-slides>\n\t\t\t\t<\/rs-module>\n\t\t\t\t<script>\n\t\t\t\t\tsetREVStartSize({c: 'rev_slider_18_1',rl:[1240,1024,778,480],el:[500],gw:[1240],gh:[500],type:'standard',justify:'',layout:'fullwidth',mh:\"0\"});if (window.RS_MODULES!==undefined && window.RS_MODULES.modules!==undefined && window.RS_MODULES.modules[\"revslider181\"]!==undefined) {window.RS_MODULES.modules[\"revslider181\"].once = false;window.revapi18 = undefined;if (window.RS_MODULES.checkMinimal!==undefined) window.RS_MODULES.checkMinimal()}\n\t\t\t\t<\/script>\n\t\t\t<\/rs-module-wrap>\n\t\t\t<!-- END REVOLUTION SLIDER -->\n[\/vc_column][\/vc_row][vc_row mobile_bg_img_hidden=&#8221;no&#8221; tablet_bg_img_hidden=&#8221;no&#8221; woodmart_parallax=&#8221;0&#8243; woodmart_gradient_switch=&#8221;no&#8221; row_reverse_mobile=&#8221;0&#8243; row_reverse_tablet=&#8221;0&#8243; woodmart_disable_overflow=&#8221;0&#8243;][vc_column]\n\t\t<div id=\"wd-5e8130b24988c\" class=\"title-wrapper wd-wpb set-mb-s reset-last-child  wd-rs-5e8130b24988c wd-title-color-primary wd-title-style-underlined wd-width-100 text-left vc_custom_1585524945576 wd-underline-colored\">\n\t\t\t\n\t\t\t<div class=\"liner-continer\">\n\t\t\t\t<h1 class=\"woodmart-title-container title  wd-font-weight- wd-fontsize-xxl\" ><strong>KVALITET SOM EN FRAMG\u00c5NGSFAKTOR<\/strong><\/h1>\n\t\t\t\t\t\t\t<\/div>\n\t\t\t\n\t\t\t\n\t\t\t\n\t\t<\/div>\n\t\t\n\t\t[\/vc_column][\/vc_row][vc_row full_width=&#8221;stretch_row&#8221; content_placement=&#8221;top&#8221; css=&#8221;.vc_custom_1586167721245{margin-bottom: 2vh !important;}&#8221; mobile_bg_img_hidden=&#8221;no&#8221; tablet_bg_img_hidden=&#8221;no&#8221; woodmart_parallax=&#8221;0&#8243; woodmart_gradient_switch=&#8221;no&#8221; row_reverse_mobile=&#8221;0&#8243; row_reverse_tablet=&#8221;0&#8243; woodmart_disable_overflow=&#8221;0&#8243;][vc_column width=&#8221;1\/3&#8243; css=&#8221;.vc_custom_1490276860346{margin-bottom: 20px !important;padding-top: 0px !important;}&#8221;]\t\t<div id=\"gallery_697\" class=\"wd-images-gallery wd-justify-center wd-items-middle view-grid\" >\n\t\t\t<div class=\"gallery-images row wd-spacing-0\">\n\t\t\t\t\t\t\t\t\t\t\t\t\t\t\t<div class=\"wd-gallery-item col-lg-12 col-md-12 col-sm-12 col-12\">\n\t\t\t\t\t\t\t\n\t\t\t\t\t\t\t\t\t\t\t\t\t\t\t\t\t<img class=\"wd-gallery-image image-1 \" src=\"https:\/\/box.lilleshop.de\/wp-content\/uploads\/2020\/03\/qualitaet-boxexpert2.jpg\" width=\"600\" height=\"400\" alt=\"The quality of our housings is very important to us, QUALITY we write big!\" title=\"Manlig ingenj\u00f6r som kvalitetskontrollerar komponenter i fabriken\" \/>\t\t\t\t\t\t\t\t\n\n\t\t\t\t\t\t\t\t\t\t\t\t\t\t<\/div>\n\t\t\t\t\t\t\t\t\t\t\t\t<\/div>\n\t\t<\/div>\n\t\t\t\t[\/vc_column][vc_column width=&#8221;1\/3&#8243; css=&#8221;.vc_custom_1536077344327{margin-bottom: 20px !important;padding-top: 0px !important;}&#8221;]\n\t\t<div id=\"wd-5e81241c1718d\" class=\"title-wrapper wd-wpb set-mb-s reset-last-child  wd-rs-5e81241c1718d wd-title-color-primary wd-title-style-underlined wd-width-100 text-left vc_custom_1585521701035 wd-underline-colored\">\n\t\t\t\n\t\t\t<div class=\"liner-continer\">\n\t\t\t\t<h2 class=\"woodmart-title-container title  wd-font-weight- wd-fontsize-l\" >V\u00c5RT KRAV \u00c4R ATT DU SKA VARA N\u00d6JD<\/h2>\n\t\t\t\t\t\t\t<\/div>\n\t\t\t\n\t\t\t\n\t\t\t\n\t\t<\/div>\n\t\t\n\t\t[vc_column_text css=&#8221;.vc_custom_1586167641276{margin-bottom: 20px !important;}&#8221; text_larger=&#8221;no&#8221;]BOXEXPERT st\u00e5r f\u00f6r de h\u00f6gsta standarderna inom kapslingsteknik och de h\u00f6gsta standarderna f\u00f6r v\u00e5r egen kvalitet. Alla anst\u00e4llda uppfyller detta krav varje dag och till\u00e4mpar det med ett totalt engagemang. F\u00f6r n\u00e4r det g\u00e4ller kontakt mellan m\u00e4nniskor \u00e4r det viktigare \u00e4n den teknik som levereras. Det \u00e4r tillfredsst\u00e4llelsen som r\u00e4knas. Och det \u00e4r v\u00e5r motivation. Varje dag p\u00e5 nytt.[\/vc_column_text][\/vc_column][vc_column width=&#8221;1\/3&#8243; css=&#8221;.vc_custom_1536077348538{margin-bottom: 20px !important;padding-top: 0px !important;}&#8221;][vc_column_text css=&#8221;.vc_custom_1589264791794{margin-bottom: 28px !important;}&#8221; text_larger=&#8221;no&#8221;]En viktig standard f\u00f6r oss \u00e4r certifieringen enligt DIN EN ISO9001, som BOXEXPERT har haft i m\u00e5nga \u00e5r och som kontrolleras varje \u00e5r av T\u00dcV. Det \u00e4r ett viktigt villkor f\u00f6r att kunna visa v\u00e5ra kunder ett granskat ledningssystem med optimerade processfl\u00f6den: Man kan lita p\u00e5 oss.<\/p>\n<p>Dessutom har vi CE-f\u00f6rs\u00e4kran om \u00f6verensst\u00e4mmelse f\u00f6r alla produkter, som utg\u00f6r grunden f\u00f6r att sl\u00e4ppa ut dem p\u00e5 marknaden inom Europeiska ekonomiska samarbetsomr\u00e5det. F\u00f6r m\u00e5nga produktgrupper finns ytterligare certifikat f\u00f6r den amerikanska och kanadensiska marknaden (UL och CSA).[\/vc_column_text][\/vc_column][\/vc_row][vc_row full_width=&#8221;stretch_row&#8221; css=&#8221;.vc_custom_1581684138262{padding-top: 30px !important;background-color: #f9f9f9 !important;}&#8221; mobile_bg_img_hidden=&#8221;no&#8221; tablet_bg_img_hidden=&#8221;no&#8221; woodmart_parallax=&#8221;0&#8243; woodmart_gradient_switch=&#8221;no&#8221; row_reverse_mobile=&#8221;0&#8243; row_reverse_tablet=&#8221;0&#8243; woodmart_disable_overflow=&#8221;0&#8243;][vc_column css=&#8221;.vc_custom_1484657273903{padding-top: 0px !important;}&#8221;]\n\t\t<div id=\"wd-5e861b50041df\" class=\"title-wrapper wd-wpb set-mb-s reset-last-child  wd-rs-5e861b50041df wd-title-color-primary wd-title-style-underlined wd-width-100 text-left vc_custom_1585847126465 wd-underline-colored\">\n\t\t\t\n\t\t\t<div class=\"liner-continer\">\n\t\t\t\t<h3 class=\"woodmart-title-container title  wd-font-weight- wd-fontsize-l\" >K\u00c4LLA FAKTA<\/h3>\n\t\t\t\t\t\t\t<\/div>\n\t\t\t\n\t\t\t\n\t\t\t\n\t\t<\/div>\n\t\t\n\t\t[vc_row_inner][vc_column_inner width=&#8221;1\/2&#8243;]\t\t\t<div id=\"wd-5e812d54d20ef\" class=\"wd-text-block-wrapper wd-wpb wd-rs-5e812d54d20ef color-scheme-custom wd-width-100 text-left vc_custom_1585524056788\">\n\t\t\t\t<div class=\"woodmart-title-container woodmart-text-block reset-last-child font-primary wd-font-weight-600 \">\n\t\t\t\t\t<\/p>\n<h3>Tillf\u00f6rlitlighet<\/h3>\n<p>\t\t\t\t<\/div>\n\n\t\t\t\t\t\t\t<\/div>\n\t\t[vc_column_text text_larger=&#8221;no&#8221;]BOXEXPERT vill uppfylla kundernas h\u00f6gsta krav. Detaljerat utbildade medarbetare erbjuder p\u00e5litlig och kompetent r\u00e5dgivning i alla fr\u00e5gor med en personlig kontaktperson f\u00f6r dig som kund.<\/p>\n<p>Vi garanterar en p\u00e5litlig service fr\u00e5n den f\u00f6rsta konsultationen, via offert och best\u00e4llning till detaljerad service efter f\u00f6rs\u00e4ljningen. BOXEXPERT finns alltid d\u00e4r f\u00f6r dig.[\/vc_column_text]\t\t\t<div id=\"wd-5e812ab163a11\" class=\"wd-text-block-wrapper wd-wpb wd-rs-5e812ab163a11 color-scheme-custom wd-width-100 text-left vc_custom_1585523413769\">\n\t\t\t\t<div class=\"woodmart-title-container woodmart-text-block reset-last-child font-primary wd-font-weight-600 \">\n\t\t\t\t\t<\/p>\n<h3>Snabba l\u00f6sningar<\/h3>\n<p>\t\t\t\t<\/div>\n\n\t\t\t\t\t\t\t<\/div>\n\t\t[vc_column_text text_larger=&#8221;no&#8221;]Har du br\u00e5ttom och beh\u00f6ver ett snabbt genomf\u00f6rande f\u00f6r ditt projekt? BOXEXPERT f\u00f6rbereder individuella erbjudanden f\u00f6r dig med kort varsel och hj\u00e4lper dig att genomf\u00f6ra br\u00e5dskande projekt snabbt. Din kontaktperson kommer att ge dig r\u00e5d om detta och skicka dig ett individuellt erbjudande utan dr\u00f6jsm\u00e5l.<\/p>\n<p>BOXEXPERT:s krav \u00e4r att slutf\u00f6ra en best\u00e4llning snabbt och till din fulla bel\u00e5tenhet. V\u00e5r personal \u00e4r redo att hj\u00e4lpa dig med r\u00e5d och st\u00f6d och ser fram emot din f\u00f6rfr\u00e5gan.[\/vc_column_text]\t\t\t<div id=\"wd-5e812d5c8d1a1\" class=\"wd-text-block-wrapper wd-wpb wd-rs-5e812d5c8d1a1 color-scheme-custom wd-width-100 text-left vc_custom_1585524064051\">\n\t\t\t\t<div class=\"woodmart-title-container woodmart-text-block reset-last-child font-primary wd-font-weight-600 \">\n\t\t\t\t\t<\/p>\n<h3>Flexibilitet<\/h3>\n<p>\t\t\t\t<\/div>\n\n\t\t\t\t\t\t\t<\/div>\n\t\t[vc_column_text text_larger=&#8221;no&#8221;]Vi \u00e4r medvetna om v\u00e5ra kunders h\u00f6ga krav och st\u00e4ller oss flexibla f\u00f6r att uppfylla alla krav. Vi erbjuder flexibla l\u00f6sningar f\u00f6r alla anv\u00e4ndningsomr\u00e5den och utvecklar st\u00e4ndigt v\u00e5ra produkter vidare.<\/p>\n<p>Den snabba teknikutvecklingen och de st\u00e4ndigt \u00f6kande kraven p\u00e5 industri- och kapslingsteknik \u00e4r utmaningar som vi g\u00e4rna m\u00f6ter. Vi har en f\u00f6rm\u00e5ga att hitta l\u00f6sningar f\u00f6r nya segment och krav i blodet.[\/vc_column_text][\/vc_column_inner][vc_column_inner width=&#8221;1\/2&#8243;][vc_single_image image=&#8221;45830&#8243; img_size=&#8221;full&#8221; alignment=&#8221;center&#8221; parallax_scroll=&#8221;no&#8221;][\/vc_column_inner][\/vc_row_inner][vc_row_inner][vc_column_inner width=&#8221;1\/2&#8243;][\/vc_column_inner][vc_column_inner width=&#8221;1\/2&#8243;][\/vc_column_inner][\/vc_row_inner][vc_row_inner][vc_column_inner width=&#8221;1\/2&#8243; css=&#8221;.vc_custom_1585141011403{margin-top: -100px !important;}&#8221;][\/vc_column_inner][vc_column_inner width=&#8221;1\/2&#8243;][\/vc_column_inner][\/vc_row_inner][\/vc_column][\/vc_row]<\/p>\n","protected":false},"excerpt":{"rendered":"<p>[vc_row full_width=&#8221;stretch_row_content&#8221; mobile_bg_img_hidden=&#8221;no&#8221; tablet_bg_img_hidden=&#8221;no&#8221; woodmart_parallax=&#8221;0&#8243; woodmart_gradient_switch=&#8221;no&#8221; row_reverse_mobile=&#8221;0&#8243; row_reverse_tablet=&#8221;0&#8243; woodmart_disable_overflow=&#8221;0&#8243; css=&#8221;.vc_custom_1585845378745{margin-top: -40px !important;margin-bottom: 4vh !important;}&#8221;][vc_column][\/vc_column][\/vc_row][vc_row mobile_bg_img_hidden=&#8221;no&#8221; tablet_bg_img_hidden=&#8221;no&#8221; woodmart_parallax=&#8221;0&#8243; woodmart_gradient_switch=&#8221;no&#8221; row_reverse_mobile=&#8221;0&#8243; row_reverse_tablet=&#8221;0&#8243;<\/p>\n","protected":false},"author":1,"featured_media":0,"parent":44544,"menu_order":0,"comment_status":"closed","ping_status":"closed","template":"","meta":[],"yoast_head":"<!-- This site is optimized with the Yoast SEO Premium plugin v18.4 (Yoast SEO v18.8) - https:\/\/yoast.com\/wordpress\/plugins\/seo\/ -->\n<title>Industriella kapslingar av h\u00f6g kvalitet Kontrollsk\u00e5p | BOXEXPERT<\/title>\n<meta name=\"description\" content=\"Kvalitetspolicy BOXEXPERT\" \/>\n<meta name=\"robots\" content=\"index, follow, max-snippet:-1, max-image-preview:large, max-video-preview:-1\" \/>\n<link rel=\"canonical\" href=\"https:\/\/box.lilleshop.de\/sv\/foeretag\/kvalitet\/\" \/>\n<meta property=\"og:locale\" content=\"sv_SE\" \/>\n<meta property=\"og:type\" content=\"article\" \/>\n<meta property=\"og:title\" content=\"Kvalitet\" \/>\n<meta property=\"og:description\" content=\"Kvalitetspolicy BOXEXPERT\" \/>\n<meta property=\"og:url\" content=\"https:\/\/box.lilleshop.de\/sv\/foeretag\/kvalitet\/\" \/>\n<meta property=\"og:site_name\" content=\"BOXEXPERT - Professionelle Geh\u00e4usel\u00f6sungen f\u00fcr h\u00f6chste Anspr\u00fcche\" \/>\n<meta property=\"article:modified_time\" content=\"2021-08-22T18:49:22+00:00\" \/>\n<meta name=\"twitter:card\" content=\"summary_large_image\" \/>\n<meta name=\"twitter:label1\" content=\"Est. reading time\" \/>\n\t<meta name=\"twitter:data1\" content=\"6 minutes\" \/>\n<script type=\"application\/ld+json\" class=\"yoast-schema-graph\">{\"@context\":\"https:\/\/schema.org\",\"@graph\":[{\"@type\":\"WebSite\",\"@id\":\"https:\/\/box.lilleshop.de\/#website\",\"url\":\"https:\/\/box.lilleshop.de\/\",\"name\":\"BOXEXPERT - Professionelle Geh\u00e4usel\u00f6sungen f\u00fcr h\u00f6chste Anspr\u00fcche\",\"description\":\"Industriegeh\u00e4use, Schaltschr\u00e4nke, Installationsgeh\u00e4use, Sicherungsk\u00e4sten und Verteilerk\u00e4sten\",\"potentialAction\":[{\"@type\":\"SearchAction\",\"target\":{\"@type\":\"EntryPoint\",\"urlTemplate\":\"https:\/\/box.lilleshop.de\/?s={search_term_string}\"},\"query-input\":\"required name=search_term_string\"}],\"inLanguage\":\"sv-SE\"},{\"@type\":\"WebPage\",\"@id\":\"https:\/\/box.lilleshop.de\/sv\/foeretag\/kvalitet\/#webpage\",\"url\":\"https:\/\/box.lilleshop.de\/sv\/foeretag\/kvalitet\/\",\"name\":\"Industriella kapslingar av h\u00f6g kvalitet Kontrollsk\u00e5p | BOXEXPERT\",\"isPartOf\":{\"@id\":\"https:\/\/box.lilleshop.de\/#website\"},\"datePublished\":\"2021-08-22T18:49:20+00:00\",\"dateModified\":\"2021-08-22T18:49:22+00:00\",\"description\":\"Kvalitetspolicy BOXEXPERT\",\"breadcrumb\":{\"@id\":\"https:\/\/box.lilleshop.de\/sv\/foeretag\/kvalitet\/#breadcrumb\"},\"inLanguage\":\"sv-SE\",\"potentialAction\":[{\"@type\":\"ReadAction\",\"target\":[\"https:\/\/box.lilleshop.de\/sv\/foeretag\/kvalitet\/\"]}]},{\"@type\":\"BreadcrumbList\",\"@id\":\"https:\/\/box.lilleshop.de\/sv\/foeretag\/kvalitet\/#breadcrumb\",\"itemListElement\":[{\"@type\":\"ListItem\",\"position\":1,\"name\":\"Startseite\",\"item\":\"https:\/\/box.lilleshop.de\/sv\/\"},{\"@type\":\"ListItem\",\"position\":2,\"name\":\"F\u00f6retag\",\"item\":\"https:\/\/box.lilleshop.de\/sv\/foeretag\/\"},{\"@type\":\"ListItem\",\"position\":3,\"name\":\"Kvalitet\"}]}]}<\/script>\n<!-- \/ Yoast SEO Premium plugin. -->","yoast_head_json":{"title":"Industriella kapslingar av h\u00f6g kvalitet Kontrollsk\u00e5p | BOXEXPERT","description":"Kvalitetspolicy BOXEXPERT","robots":{"index":"index","follow":"follow","max-snippet":"max-snippet:-1","max-image-preview":"max-image-preview:large","max-video-preview":"max-video-preview:-1"},"canonical":"https:\/\/box.lilleshop.de\/sv\/foeretag\/kvalitet\/","og_locale":"sv_SE","og_type":"article","og_title":"Kvalitet","og_description":"Kvalitetspolicy BOXEXPERT","og_url":"https:\/\/box.lilleshop.de\/sv\/foeretag\/kvalitet\/","og_site_name":"BOXEXPERT - Professionelle Geh\u00e4usel\u00f6sungen f\u00fcr h\u00f6chste Anspr\u00fcche","article_modified_time":"2021-08-22T18:49:22+00:00","twitter_card":"summary_large_image","twitter_misc":{"Est. reading time":"6 minutes"},"schema":{"@context":"https:\/\/schema.org","@graph":[{"@type":"WebSite","@id":"https:\/\/box.lilleshop.de\/#website","url":"https:\/\/box.lilleshop.de\/","name":"BOXEXPERT - Professionelle Geh\u00e4usel\u00f6sungen f\u00fcr h\u00f6chste Anspr\u00fcche","description":"Industriegeh\u00e4use, Schaltschr\u00e4nke, Installationsgeh\u00e4use, Sicherungsk\u00e4sten und Verteilerk\u00e4sten","potentialAction":[{"@type":"SearchAction","target":{"@type":"EntryPoint","urlTemplate":"https:\/\/box.lilleshop.de\/?s={search_term_string}"},"query-input":"required name=search_term_string"}],"inLanguage":"sv-SE"},{"@type":"WebPage","@id":"https:\/\/box.lilleshop.de\/sv\/foeretag\/kvalitet\/#webpage","url":"https:\/\/box.lilleshop.de\/sv\/foeretag\/kvalitet\/","name":"Industriella kapslingar av h\u00f6g kvalitet Kontrollsk\u00e5p | BOXEXPERT","isPartOf":{"@id":"https:\/\/box.lilleshop.de\/#website"},"datePublished":"2021-08-22T18:49:20+00:00","dateModified":"2021-08-22T18:49:22+00:00","description":"Kvalitetspolicy BOXEXPERT","breadcrumb":{"@id":"https:\/\/box.lilleshop.de\/sv\/foeretag\/kvalitet\/#breadcrumb"},"inLanguage":"sv-SE","potentialAction":[{"@type":"ReadAction","target":["https:\/\/box.lilleshop.de\/sv\/foeretag\/kvalitet\/"]}]},{"@type":"BreadcrumbList","@id":"https:\/\/box.lilleshop.de\/sv\/foeretag\/kvalitet\/#breadcrumb","itemListElement":[{"@type":"ListItem","position":1,"name":"Startseite","item":"https:\/\/box.lilleshop.de\/sv\/"},{"@type":"ListItem","position":2,"name":"F\u00f6retag","item":"https:\/\/box.lilleshop.de\/sv\/foeretag\/"},{"@type":"ListItem","position":3,"name":"Kvalitet"}]}]}},"_links":{"self":[{"href":"https:\/\/box.lilleshop.de\/sv\/wp-json\/wp\/v2\/pages\/45826"}],"collection":[{"href":"https:\/\/box.lilleshop.de\/sv\/wp-json\/wp\/v2\/pages"}],"about":[{"href":"https:\/\/box.lilleshop.de\/sv\/wp-json\/wp\/v2\/types\/page"}],"author":[{"embeddable":true,"href":"https:\/\/box.lilleshop.de\/sv\/wp-json\/wp\/v2\/users\/1"}],"replies":[{"embeddable":true,"href":"https:\/\/box.lilleshop.de\/sv\/wp-json\/wp\/v2\/comments?post=45826"}],"version-history":[{"count":5,"href":"https:\/\/box.lilleshop.de\/sv\/wp-json\/wp\/v2\/pages\/45826\/revisions"}],"predecessor-version":[{"id":45861,"href":"https:\/\/box.lilleshop.de\/sv\/wp-json\/wp\/v2\/pages\/45826\/revisions\/45861"}],"up":[{"embeddable":true,"href":"https:\/\/box.lilleshop.de\/sv\/wp-json\/wp\/v2\/pages\/44544"}],"wp:attachment":[{"href":"https:\/\/box.lilleshop.de\/sv\/wp-json\/wp\/v2\/media?parent=45826"}],"curies":[{"name":"wp","href":"https:\/\/api.w.org\/{rel}","templated":true}]}}