{"id":45703,"date":"2021-08-22T18:39:54","date_gmt":"2021-08-22T18:39:54","guid":{"rendered":"https:\/\/boxexpert.de\/foeretag\/logistik\/"},"modified":"2021-08-22T18:40:11","modified_gmt":"2021-08-22T18:40:11","slug":"logistik","status":"publish","type":"page","link":"https:\/\/box.lilleshop.de\/sv\/foeretag\/logistik\/","title":{"rendered":"Logistik"},"content":{"rendered":"<p>[vc_row full_width=&#8221;stretch_row_content&#8221; mobile_bg_img_hidden=&#8221;no&#8221; tablet_bg_img_hidden=&#8221;no&#8221; woodmart_parallax=&#8221;0&#8243; woodmart_gradient_switch=&#8221;no&#8221; row_reverse_mobile=&#8221;0&#8243; row_reverse_tablet=&#8221;0&#8243; woodmart_disable_overflow=&#8221;0&#8243; css=&#8221;.vc_custom_1585845066216{margin-top: -40px !important;margin-bottom: 4vh !important;}&#8221;][vc_column]\n\t\t\t<!-- START logistik REVOLUTION SLIDER 6.5.21 --><p class=\"rs-p-wp-fix\"><\/p>\n\t\t\t<rs-module-wrap id=\"rev_slider_20_1_wrapper\" data-source=\"gallery\" style=\"visibility:hidden;background:transparent;padding:0;margin:0px auto;margin-top:0;margin-bottom:0;\">\n\t\t\t\t<rs-module id=\"rev_slider_20_1\" style=\"\" data-version=\"6.5.21\">\n\t\t\t\t\t<rs-slides>\n\t\t\t\t\t\t<rs-slide style=\"position: absolute;\" data-key=\"rs-335\" data-title=\"Slide\" data-in=\"o:0;\" data-out=\"a:false;\">\n\t\t\t\t\t\t\t<img src=\"\/\/box.lilleshop.de\/wp-content\/plugins\/revslider\/public\/assets\/assets\/dummy.png\" alt=\"Das Logistikzentrum von Boxexpert sorgt f\u00fcr reichlich Lagerware an Geh\u00e4usen\" title=\"logistik1\" width=\"1600\" height=\"600\" class=\"rev-slidebg tp-rs-img rs-lazyload\" data-lazyload=\"\/\/box.lilleshop.de\/wp-content\/uploads\/2020\/03\/logistik1.jpg\" data-no-retina>\n<!--\n\t\t\t\t\t\t\t--><rs-layer\n\t\t\t\t\t\t\t\tid=\"slider-20-slide-335-layer-0\" \n\t\t\t\t\t\t\t\tdata-type=\"shape\"\n\t\t\t\t\t\t\t\tdata-rsp_ch=\"on\"\n\t\t\t\t\t\t\t\tdata-xy=\"x:428px;y:340px;\"\n\t\t\t\t\t\t\t\tdata-text=\"w:normal;\"\n\t\t\t\t\t\t\t\tdata-dim=\"w:517px;h:127px;\"\n\t\t\t\t\t\t\t\tdata-spike=\"r:top;\"\n\t\t\t\t\t\t\t\tdata-frame_0=\"x:left;\"\n\t\t\t\t\t\t\t\tdata-frame_1=\"st:400;sp:1000;\"\n\t\t\t\t\t\t\t\tdata-frame_999=\"o:0;st:w;\"\n\t\t\t\t\t\t\t\tstyle=\"z-index:5;background-color:rgba(54,132,187,0.95);\"\n\t\t\t\t\t\t\t> \n\t\t\t\t\t\t\t<\/rs-layer><!--\n\n\t\t\t\t\t\t\t--><rs-layer\n\t\t\t\t\t\t\t\tid=\"slider-20-slide-335-layer-1\" \n\t\t\t\t\t\t\t\tdata-type=\"text\"\n\t\t\t\t\t\t\t\tdata-color=\"#ffffff\"\n\t\t\t\t\t\t\t\tdata-rsp_ch=\"on\"\n\t\t\t\t\t\t\t\tdata-xy=\"x:454px;y:367px;\"\n\t\t\t\t\t\t\t\tdata-text=\"w:normal;s:27;l:34;fw:600;\"\n\t\t\t\t\t\t\t\tdata-frame_0=\"x:left;\"\n\t\t\t\t\t\t\t\tdata-frame_1=\"st:400;sp:1000;\"\n\t\t\t\t\t\t\t\tdata-frame_999=\"o:0;st:w;\"\n\t\t\t\t\t\t\t\tstyle=\"z-index:6;font-family:'Poppins';\"\n\t\t\t\t\t\t\t>H\u00d6G TILLG\u00c4NGLIGHET OCH <br \/>\nUTVALDA LOGISTIKPARTNER \n\t\t\t\t\t\t\t<\/rs-layer><!--\n-->\t\t\t\t\t\t<\/rs-slide>\n\t\t\t\t\t<\/rs-slides>\n\t\t\t\t<\/rs-module>\n\t\t\t\t<script>\n\t\t\t\t\tsetREVStartSize({c: 'rev_slider_20_1',rl:[1240,1024,778,480],el:[500],gw:[1240],gh:[500],type:'standard',justify:'',layout:'fullwidth',mh:\"0\"});if (window.RS_MODULES!==undefined && window.RS_MODULES.modules!==undefined && window.RS_MODULES.modules[\"revslider201\"]!==undefined) {window.RS_MODULES.modules[\"revslider201\"].once = false;window.revapi20 = undefined;if (window.RS_MODULES.checkMinimal!==undefined) window.RS_MODULES.checkMinimal()}\n\t\t\t\t<\/script>\n\t\t\t<\/rs-module-wrap>\n\t\t\t<!-- END REVOLUTION SLIDER -->\n[\/vc_column][\/vc_row][vc_row mobile_bg_img_hidden=&#8221;no&#8221; tablet_bg_img_hidden=&#8221;no&#8221; woodmart_parallax=&#8221;0&#8243; woodmart_gradient_switch=&#8221;no&#8221; row_reverse_mobile=&#8221;0&#8243; row_reverse_tablet=&#8221;0&#8243; woodmart_disable_overflow=&#8221;0&#8243;][vc_column]\n\t\t<div id=\"wd-5e46b0d304a7f\" class=\"title-wrapper wd-wpb set-mb-s reset-last-child  wd-rs-5e46b0d304a7f wd-title-color-primary wd-title-style-underlined wd-width-100 text-left vc_custom_1581691095808 wd-underline-colored\">\n\t\t\t\n\t\t\t<div class=\"liner-continer\">\n\t\t\t\t<h1 class=\"woodmart-title-container title  wd-font-weight- wd-fontsize-xxl\" ><strong>LOGISTIK<\/strong><\/h1>\n\t\t\t\t\t\t\t<\/div>\n\t\t\t\n\t\t\t\n\t\t\t\n\t\t<\/div>\n\t\t\n\t\t[\/vc_column][\/vc_row][vc_row full_width=&#8221;stretch_row&#8221; content_placement=&#8221;middle&#8221; css=&#8221;.vc_custom_1581684079743{margin-bottom: 2vh !important;}&#8221; mobile_bg_img_hidden=&#8221;no&#8221; tablet_bg_img_hidden=&#8221;no&#8221; woodmart_parallax=&#8221;0&#8243; woodmart_gradient_switch=&#8221;no&#8221; row_reverse_mobile=&#8221;0&#8243; row_reverse_tablet=&#8221;0&#8243; woodmart_disable_overflow=&#8221;0&#8243;][vc_column width=&#8221;1\/3&#8243; css=&#8221;.vc_custom_1490276860346{margin-bottom: 20px !important;padding-top: 0px !important;}&#8221;]\t\t<div id=\"gallery_561\" class=\"wd-images-gallery wd-justify-center wd-items-middle view-grid\" >\n\t\t\t<div class=\"gallery-images row wd-spacing-0\">\n\t\t\t\t\t\t\t\t\t\t\t\t\t\t\t<div class=\"wd-gallery-item col-lg-12 col-md-12 col-sm-12 col-12\">\n\t\t\t\t\t\t\t\n\t\t\t\t\t\t\t\t\t\t\t\t\t\t\t\t\t<img class=\"wd-gallery-image image-1 \" src=\"https:\/\/box.lilleshop.de\/wp-content\/uploads\/2020\/03\/logistik4.jpg\" width=\"600\" height=\"400\" alt=\"Das Logistikzentrum von Boxexpert sorgt f\u00fcr reichlich Lagerware an Geh\u00e4usen\" title=\"logistik4\" \/>\t\t\t\t\t\t\t\t\n\n\t\t\t\t\t\t\t\t\t\t\t\t\t\t<\/div>\n\t\t\t\t\t\t\t\t\t\t\t\t<\/div>\n\t\t<\/div>\n\t\t\t\t[\/vc_column][vc_column width=&#8221;1\/3&#8243; css=&#8221;.vc_custom_1536077344327{margin-bottom: 20px !important;padding-top: 0px !important;}&#8221;]\n\t\t<div id=\"wd-5e8136f084408\" class=\"title-wrapper wd-wpb set-mb-s reset-last-child  wd-rs-5e8136f084408 wd-title-color-primary wd-title-style-underlined wd-width-100 text-left vc_custom_1585526532409 wd-underline-colored\">\n\t\t\t\n\t\t\t<div class=\"liner-continer\">\n\t\t\t\t<h2 class=\"woodmart-title-container title  wd-font-weight- wd-fontsize-l\" >LOGISTIK P\u00c5 DET HANSEATISKA S\u00c4TTET<\/h2>\n\t\t\t\t\t\t\t<\/div>\n\t\t\t\n\t\t\t\n\t\t\t\n\t\t<\/div>\n\t\t\n\t\t[vc_column_text css=&#8221;.vc_custom_1586347592834{margin-bottom: 20px !important;}&#8221; text_larger=&#8221;no&#8221;]En samlad struktur f\u00f6r BOXEXPERTs logistik hj\u00e4lper alla processer att fungera smidigt Den centrala platsen i Hamburg t\u00e4cker alla omr\u00e5den f\u00f6r hanteringen av v\u00e5r logistik. Utvecklingen och tillverkningen av produkterna har sitt ursprung i Hansastaden, liksom f\u00f6rs\u00e4ljning, support och logistik. Ett kundorienterat tillv\u00e4gag\u00e5ngss\u00e4tt \u00e4r en sj\u00e4lvklarhet f\u00f6r BOXEXPERT.[\/vc_column_text][\/vc_column][vc_column width=&#8221;1\/3&#8243; css=&#8221;.vc_custom_1536077348538{margin-bottom: 20px !important;padding-top: 0px !important;}&#8221;][vc_column_text css=&#8221;.vc_custom_1586347839288{margin-bottom: 28px !important;}&#8221; text_larger=&#8221;no&#8221;]Genom utvalda logistikpartners och en h\u00f6g tillg\u00e4nglighet av alla produkter kan vi garantera en snabb behandling av alla best\u00e4llningar. Automatiserad och flerspr\u00e5kig orderhantering bidrar i h\u00f6g grad till detta.[\/vc_column_text][vc_column_text css=&#8221;.vc_custom_1586348029119{margin-bottom: 20px !important;}&#8221; text_larger=&#8221;no&#8221;]Om du har br\u00e5ttom kan vi naturligtvis leverera v\u00e5ra kapslar till dig \u00f6ver hela v\u00e4rlden med expressfrakt och sk\u00f6ta korrespondensen med rederiet f\u00f6r stora leveranser. \u00d6vertyga dig sj\u00e4lv om v\u00e5r tillf\u00f6rlitliga logistik och lita p\u00e5 BOXEXPERT.[\/vc_column_text][\/vc_column][\/vc_row][vc_row full_width=&#8221;stretch_row&#8221; css=&#8221;.vc_custom_1581684138262{padding-top: 30px !important;background-color: #f9f9f9 !important;}&#8221; mobile_bg_img_hidden=&#8221;no&#8221; tablet_bg_img_hidden=&#8221;no&#8221; woodmart_parallax=&#8221;0&#8243; woodmart_gradient_switch=&#8221;no&#8221; row_reverse_mobile=&#8221;0&#8243; row_reverse_tablet=&#8221;0&#8243; woodmart_disable_overflow=&#8221;0&#8243;][vc_column css=&#8221;.vc_custom_1484657273903{padding-top: 0px !important;}&#8221;]\n\t\t<div id=\"wd-5e45054c68b77\" class=\"title-wrapper wd-wpb set-mb-s reset-last-child  wd-rs-5e45054c68b77 wd-title-color-primary wd-title-style-underlined wd-width-100 text-left vc_custom_1581581650385 wd-underline-colored\">\n\t\t\t\n\t\t\t<div class=\"liner-continer\">\n\t\t\t\t<h4 class=\"woodmart-title-container title  wd-font-weight- wd-fontsize-l\" >K\u00c4LLA FAKTA<\/h4>\n\t\t\t\t\t\t\t<\/div>\n\t\t\t\n\t\t\t\n\t\t\t\n\t\t<\/div>\n\t\t\n\t\t[vc_row_inner][vc_column_inner width=&#8221;1\/2&#8243;]\t\t\t<div id=\"wd-5e8dc0c29e767\" class=\"wd-text-block-wrapper wd-wpb wd-rs-5e8dc0c29e767 color-scheme-custom wd-width-100 text-left vc_custom_1586348229775\">\n\t\t\t\t<div class=\"woodmart-title-container woodmart-text-block reset-last-child font-primary wd-font-weight-600 \">\n\t\t\t\t\t<\/p>\n<h3>BOXEXPERT:s hantering av f\u00f6rs\u00e4ndelser<\/h3>\n<p>\t\t\t\t<\/div>\n\n\t\t\t\t\t\t\t<\/div>\n\t\t[vc_column_text text_larger=&#8221;no&#8221;]Hela fraktprocessen t\u00e4cks och genomf\u00f6rs noggrant av BOXEXPERT. Paket levereras p\u00e5litligt och i tid av v\u00e5r logistikpartner UPS.<\/p>\n<p>Vid leverans av pallar tar vi dessutom \u00f6ver hela organisationen tillsammans med spedit\u00f6ren och sk\u00f6ter vid behov alla n\u00f6dv\u00e4ndiga tullformaliteter.[\/vc_column_text][\/vc_column_inner][vc_column_inner width=&#8221;1\/2&#8243;]\t\t\t<div id=\"wd-5e99b46291fa6\" class=\"wd-text-block-wrapper wd-wpb wd-rs-5e99b46291fa6 color-scheme-custom wd-width-100 text-left vc_custom_1587131492965\">\n\t\t\t\t<div class=\"woodmart-title-container woodmart-text-block reset-last-child font-primary wd-font-weight-600 \">\n\t\t\t\t\t<\/p>\n<h3>Logistik<\/h3>\n<p>\t\t\t\t<\/div>\n\n\t\t\t\t\t\t\t<\/div>\n\t\t[vc_column_text text_larger=&#8221;no&#8221;]<\/p>\n<div>Bearbetas din inneslutning vidare eller kommer den in i din produktionskedja? Eller sker leveransen direkt till din kund? I b\u00e5da fallen erbjuder BOXEXPERT st\u00f6d f\u00f6r att hj\u00e4lpa dig logistiskt. B\u00e5de n\u00e4r det g\u00e4ller f\u00f6rpackning och leverans s\u00e4tter vi oss tillsammans med dig i ett tidigt skede f\u00f6r att fastst\u00e4lla den optimala processen f\u00f6r dig.<\/div>\n<p>[\/vc_column_text][\/vc_column_inner][\/vc_row_inner][vc_row_inner][vc_column_inner width=&#8221;1\/2&#8243;]\t\t\t<div id=\"wd-5e8dc0c91bce4\" class=\"wd-text-block-wrapper wd-wpb wd-rs-5e8dc0c91bce4 color-scheme-custom wd-width-100 text-left vc_custom_1586348235467\">\n\t\t\t\t<div class=\"woodmart-title-container woodmart-text-block reset-last-child font-primary wd-font-weight-600 \">\n\t\t\t\t\t<\/p>\n<h3>Bekv\u00e4m best\u00e4llning i butikssystemet<\/h3>\n<p>\t\t\t\t<\/div>\n\n\t\t\t\t\t\t\t<\/div>\n\t\t[vc_column_text text_larger=&#8221;no&#8221;]Med v\u00e5rt butikssystem kan du enkelt best\u00e4lla med ett klick i en helt automatiserad milj\u00f6. Filteralternativ och en tydlig struktur f\u00f6r v\u00e5ra produktkategorier hj\u00e4lper dig att snabbt och enkelt hitta r\u00e4tt kapsling f\u00f6r dig.<\/p>\n<p>Om du \u00f6nskar individualisering i form av v\u00e5ra boendetj\u00e4nster svarar v\u00e5r personal snabbt p\u00e5 dina s\u00e4rskilda \u00f6nskem\u00e5l och ger dig om s\u00e5 \u00f6nskas r\u00e5d direkt live i chatten p\u00e5 n\u00e4tet.[\/vc_column_text][\/vc_column_inner][vc_column_inner width=&#8221;1\/2&#8243;]\t\t\t<div id=\"wd-5e99b47217303\" class=\"wd-text-block-wrapper wd-wpb wd-rs-5e99b47217303 color-scheme-custom wd-width-100 text-left vc_custom_1587131515355\">\n\t\t\t\t<div class=\"woodmart-title-container woodmart-text-block reset-last-child font-primary wd-font-weight-600 \">\n\t\t\t\t\t<\/p>\n<h3>F\u00f6rpackning<\/h3>\n<p>\t\t\t\t<\/div>\n\n\t\t\t\t\t\t\t<\/div>\n\t\t[vc_column_text text_larger=&#8221;no&#8221;]<\/p>\n<div>\n<p><span lang=\"DE\">Om produkten ska levereras direkt till din kund packar vi p\u00e5 din beg\u00e4ran kapslingarna direkt i dina l\u00e5dor med din f\u00f6ljesedel, s\u00e5 att din kund inte ens m\u00e4rker att leverant\u00f6ren egentligen var n\u00e5gon annan. <\/span><\/p>\n<p><span lang=\"DE\">Om du vill bearbeta kapseln ytterligare i din produktion och spara resurser, kan du t.ex. v\u00e4lja att leverera den i panelf\u00f6rpackningar. <\/span><\/p>\n<\/div>\n<p>[\/vc_column_text][\/vc_column_inner][\/vc_row_inner][vc_row_inner][vc_column_inner width=&#8221;1\/2&#8243;]\t\t\t<div id=\"wd-5e8dc0ceccd61\" class=\"wd-text-block-wrapper wd-wpb wd-rs-5e8dc0ceccd61 color-scheme-custom wd-width-100 text-left vc_custom_1586348241075\">\n\t\t\t\t<div class=\"woodmart-title-container woodmart-text-block reset-last-child font-primary wd-font-weight-600 \">\n\t\t\t\t\t<\/p>\n<h3>24\/7 och leverans samma dag<\/h3>\n<p>\t\t\t\t<\/div>\n\n\t\t\t\t\t\t\t<\/div>\n\t\t[vc_column_text text_larger=&#8221;no&#8221;]Vi skickar v\u00e5ra varor dagligen. Alla best\u00e4llningar \u00f6verl\u00e4mnas till v\u00e5r logistikpartner senast n\u00e4sta arbetsdag, beroende p\u00e5 tidpunkten f\u00f6r best\u00e4llningen, och b\u00f6r vanligtvis vara hos dig f\u00f6ljande arbetsdag.<\/p>\n<p>Best\u00e4llningar som kommer in f\u00f6re kl. 14.00 via v\u00e5r webbutik skickas samma dag, s\u00e5 att det tar mindre \u00e4n 24 timmar fr\u00e5n det att du g\u00f6r din best\u00e4llning till dess att du f\u00e5r varorna.[\/vc_column_text][\/vc_column_inner][vc_column_inner width=&#8221;1\/2&#8243;]\t\t\t<div id=\"wd-5e99b4944a788\" class=\"wd-text-block-wrapper wd-wpb wd-rs-5e99b4944a788 color-scheme-custom wd-width-100 text-left vc_custom_1587131547990\">\n\t\t\t\t<div class=\"woodmart-title-container woodmart-text-block reset-last-child font-primary wd-font-weight-600 \">\n\t\t\t\t\t<\/p>\n<h3>Leverans<\/h3>\n<p>\t\t\t\t<\/div>\n\n\t\t\t\t\t\t\t<\/div>\n\t\t[vc_column_text text_larger=&#8221;no&#8221;]<\/p>\n<div>\n<p><span lang=\"DE\">Om du beh\u00f6ver s\u00e4kerheten att alltid ha tillg\u00e5ng till \u00f6nskat antal kapslar, men inte har tillr\u00e4cklig lagringskapacitet, erbjuder vi dig g\u00e4rna en blankettbest\u00e4llning. P\u00e5 s\u00e5 s\u00e4tt h\u00e5ller vi alltid tillbaka den m\u00e4ngd kapslar som beh\u00f6vs under en viss tidsperiod f\u00f6r dig, s\u00e5 att du enkelt kan best\u00e4lla dem fr\u00e5n oss i partier. Detta ger dig flexibiliteten att forts\u00e4tta agera med kort varsel. \u00c4ven om halvfabrikat som t.ex. h\u00f6ljets lock eller tillbeh\u00f6r ska skickas till olika leveransadresser hj\u00e4lper vi dig g\u00e4rna med genomf\u00f6randet.<\/span><\/p>\n<p><span lang=\"DE\">Vi ger dig g\u00e4rna r\u00e5d redan innan du g\u00f6r din f\u00f6rsta best\u00e4llning, eftersom vi vill skapa utrymme f\u00f6r att du ska kunna koncentrera dig p\u00e5 din k\u00e4rnverksamhet.<\/span><\/p>\n<\/div>\n<p>[\/vc_column_text][\/vc_column_inner][\/vc_row_inner][\/vc_column][\/vc_row]<\/p>\n","protected":false},"excerpt":{"rendered":"<p>[vc_row full_width=&#8221;stretch_row_content&#8221; mobile_bg_img_hidden=&#8221;no&#8221; tablet_bg_img_hidden=&#8221;no&#8221; woodmart_parallax=&#8221;0&#8243; woodmart_gradient_switch=&#8221;no&#8221; row_reverse_mobile=&#8221;0&#8243; row_reverse_tablet=&#8221;0&#8243; woodmart_disable_overflow=&#8221;0&#8243; css=&#8221;.vc_custom_1585845066216{margin-top: -40px !important;margin-bottom: 4vh !important;}&#8221;][vc_column][\/vc_column][\/vc_row][vc_row mobile_bg_img_hidden=&#8221;no&#8221; tablet_bg_img_hidden=&#8221;no&#8221; woodmart_parallax=&#8221;0&#8243; woodmart_gradient_switch=&#8221;no&#8221; row_reverse_mobile=&#8221;0&#8243; row_reverse_tablet=&#8221;0&#8243;<\/p>\n","protected":false},"author":1,"featured_media":0,"parent":44544,"menu_order":0,"comment_status":"closed","ping_status":"closed","template":"","meta":[],"yoast_head":"<!-- This site is optimized with the Yoast SEO Premium plugin v18.4 (Yoast SEO v18.8) - https:\/\/yoast.com\/wordpress\/plugins\/seo\/ -->\n<title>Logistik och transport Produktion av kapslar | BOXEXPERT<\/title>\n<meta name=\"description\" content=\"Logistik och transport Industriell kapsling Kontrollsk\u00e5p\" \/>\n<meta name=\"robots\" content=\"index, follow, max-snippet:-1, max-image-preview:large, max-video-preview:-1\" \/>\n<link rel=\"canonical\" href=\"https:\/\/box.lilleshop.de\/sv\/foeretag\/logistik\/\" \/>\n<meta property=\"og:locale\" content=\"sv_SE\" \/>\n<meta property=\"og:type\" content=\"article\" \/>\n<meta property=\"og:title\" content=\"Logistik\" \/>\n<meta property=\"og:description\" content=\"Logistik och transport Industriell kapsling Kontrollsk\u00e5p\" \/>\n<meta property=\"og:url\" content=\"https:\/\/box.lilleshop.de\/sv\/foeretag\/logistik\/\" \/>\n<meta property=\"og:site_name\" content=\"BOXEXPERT - Professionelle Geh\u00e4usel\u00f6sungen f\u00fcr h\u00f6chste Anspr\u00fcche\" \/>\n<meta property=\"article:modified_time\" content=\"2021-08-22T18:40:11+00:00\" \/>\n<meta name=\"twitter:card\" content=\"summary_large_image\" \/>\n<meta name=\"twitter:label1\" content=\"Est. reading time\" \/>\n\t<meta name=\"twitter:data1\" content=\"8 minutes\" \/>\n<script type=\"application\/ld+json\" class=\"yoast-schema-graph\">{\"@context\":\"https:\/\/schema.org\",\"@graph\":[{\"@type\":\"WebSite\",\"@id\":\"https:\/\/box.lilleshop.de\/#website\",\"url\":\"https:\/\/box.lilleshop.de\/\",\"name\":\"BOXEXPERT - Professionelle Geh\u00e4usel\u00f6sungen f\u00fcr h\u00f6chste Anspr\u00fcche\",\"description\":\"Industriegeh\u00e4use, Schaltschr\u00e4nke, Installationsgeh\u00e4use, Sicherungsk\u00e4sten und Verteilerk\u00e4sten\",\"potentialAction\":[{\"@type\":\"SearchAction\",\"target\":{\"@type\":\"EntryPoint\",\"urlTemplate\":\"https:\/\/box.lilleshop.de\/?s={search_term_string}\"},\"query-input\":\"required name=search_term_string\"}],\"inLanguage\":\"sv-SE\"},{\"@type\":\"WebPage\",\"@id\":\"https:\/\/box.lilleshop.de\/sv\/foeretag\/logistik\/#webpage\",\"url\":\"https:\/\/box.lilleshop.de\/sv\/foeretag\/logistik\/\",\"name\":\"Logistik och transport Produktion av kapslar | BOXEXPERT\",\"isPartOf\":{\"@id\":\"https:\/\/box.lilleshop.de\/#website\"},\"datePublished\":\"2021-08-22T18:39:54+00:00\",\"dateModified\":\"2021-08-22T18:40:11+00:00\",\"description\":\"Logistik och transport Industriell kapsling Kontrollsk\u00e5p\",\"breadcrumb\":{\"@id\":\"https:\/\/box.lilleshop.de\/sv\/foeretag\/logistik\/#breadcrumb\"},\"inLanguage\":\"sv-SE\",\"potentialAction\":[{\"@type\":\"ReadAction\",\"target\":[\"https:\/\/box.lilleshop.de\/sv\/foeretag\/logistik\/\"]}]},{\"@type\":\"BreadcrumbList\",\"@id\":\"https:\/\/box.lilleshop.de\/sv\/foeretag\/logistik\/#breadcrumb\",\"itemListElement\":[{\"@type\":\"ListItem\",\"position\":1,\"name\":\"Startseite\",\"item\":\"https:\/\/box.lilleshop.de\/sv\/\"},{\"@type\":\"ListItem\",\"position\":2,\"name\":\"F\u00f6retag\",\"item\":\"https:\/\/box.lilleshop.de\/sv\/foeretag\/\"},{\"@type\":\"ListItem\",\"position\":3,\"name\":\"Logistik\"}]}]}<\/script>\n<!-- \/ Yoast SEO Premium plugin. -->","yoast_head_json":{"title":"Logistik och transport Produktion av kapslar | BOXEXPERT","description":"Logistik och transport Industriell kapsling Kontrollsk\u00e5p","robots":{"index":"index","follow":"follow","max-snippet":"max-snippet:-1","max-image-preview":"max-image-preview:large","max-video-preview":"max-video-preview:-1"},"canonical":"https:\/\/box.lilleshop.de\/sv\/foeretag\/logistik\/","og_locale":"sv_SE","og_type":"article","og_title":"Logistik","og_description":"Logistik och transport Industriell kapsling Kontrollsk\u00e5p","og_url":"https:\/\/box.lilleshop.de\/sv\/foeretag\/logistik\/","og_site_name":"BOXEXPERT - Professionelle Geh\u00e4usel\u00f6sungen f\u00fcr h\u00f6chste Anspr\u00fcche","article_modified_time":"2021-08-22T18:40:11+00:00","twitter_card":"summary_large_image","twitter_misc":{"Est. reading time":"8 minutes"},"schema":{"@context":"https:\/\/schema.org","@graph":[{"@type":"WebSite","@id":"https:\/\/box.lilleshop.de\/#website","url":"https:\/\/box.lilleshop.de\/","name":"BOXEXPERT - Professionelle Geh\u00e4usel\u00f6sungen f\u00fcr h\u00f6chste Anspr\u00fcche","description":"Industriegeh\u00e4use, Schaltschr\u00e4nke, Installationsgeh\u00e4use, Sicherungsk\u00e4sten und Verteilerk\u00e4sten","potentialAction":[{"@type":"SearchAction","target":{"@type":"EntryPoint","urlTemplate":"https:\/\/box.lilleshop.de\/?s={search_term_string}"},"query-input":"required name=search_term_string"}],"inLanguage":"sv-SE"},{"@type":"WebPage","@id":"https:\/\/box.lilleshop.de\/sv\/foeretag\/logistik\/#webpage","url":"https:\/\/box.lilleshop.de\/sv\/foeretag\/logistik\/","name":"Logistik och transport Produktion av kapslar | BOXEXPERT","isPartOf":{"@id":"https:\/\/box.lilleshop.de\/#website"},"datePublished":"2021-08-22T18:39:54+00:00","dateModified":"2021-08-22T18:40:11+00:00","description":"Logistik och transport Industriell kapsling Kontrollsk\u00e5p","breadcrumb":{"@id":"https:\/\/box.lilleshop.de\/sv\/foeretag\/logistik\/#breadcrumb"},"inLanguage":"sv-SE","potentialAction":[{"@type":"ReadAction","target":["https:\/\/box.lilleshop.de\/sv\/foeretag\/logistik\/"]}]},{"@type":"BreadcrumbList","@id":"https:\/\/box.lilleshop.de\/sv\/foeretag\/logistik\/#breadcrumb","itemListElement":[{"@type":"ListItem","position":1,"name":"Startseite","item":"https:\/\/box.lilleshop.de\/sv\/"},{"@type":"ListItem","position":2,"name":"F\u00f6retag","item":"https:\/\/box.lilleshop.de\/sv\/foeretag\/"},{"@type":"ListItem","position":3,"name":"Logistik"}]}]}},"_links":{"self":[{"href":"https:\/\/box.lilleshop.de\/sv\/wp-json\/wp\/v2\/pages\/45703"}],"collection":[{"href":"https:\/\/box.lilleshop.de\/sv\/wp-json\/wp\/v2\/pages"}],"about":[{"href":"https:\/\/box.lilleshop.de\/sv\/wp-json\/wp\/v2\/types\/page"}],"author":[{"embeddable":true,"href":"https:\/\/box.lilleshop.de\/sv\/wp-json\/wp\/v2\/users\/1"}],"replies":[{"embeddable":true,"href":"https:\/\/box.lilleshop.de\/sv\/wp-json\/wp\/v2\/comments?post=45703"}],"version-history":[{"count":4,"href":"https:\/\/box.lilleshop.de\/sv\/wp-json\/wp\/v2\/pages\/45703\/revisions"}],"predecessor-version":[{"id":45719,"href":"https:\/\/box.lilleshop.de\/sv\/wp-json\/wp\/v2\/pages\/45703\/revisions\/45719"}],"up":[{"embeddable":true,"href":"https:\/\/box.lilleshop.de\/sv\/wp-json\/wp\/v2\/pages\/44544"}],"wp:attachment":[{"href":"https:\/\/box.lilleshop.de\/sv\/wp-json\/wp\/v2\/media?parent=45703"}],"curies":[{"name":"wp","href":"https:\/\/api.w.org\/{rel}","templated":true}]}}