{"id":45599,"date":"2021-08-22T18:31:18","date_gmt":"2021-08-22T18:31:18","guid":{"rendered":"https:\/\/boxexpert.de\/foeretag\/code-of-conduct\/"},"modified":"2022-04-08T05:46:00","modified_gmt":"2022-04-08T05:46:00","slug":"uppfoerandekod","status":"publish","type":"page","link":"https:\/\/box.lilleshop.de\/sv\/foeretag\/uppfoerandekod\/","title":{"rendered":"UPPF\u00d6RANDEKOD"},"content":{"rendered":"<p>[vc_row full_width=&#8221;stretch_row_content&#8221; mobile_bg_img_hidden=&#8221;no&#8221; tablet_bg_img_hidden=&#8221;no&#8221; woodmart_parallax=&#8221;0&#8243; woodmart_gradient_switch=&#8221;no&#8221; row_reverse_mobile=&#8221;0&#8243; row_reverse_tablet=&#8221;0&#8243; woodmart_disable_overflow=&#8221;0&#8243; css=&#8221;.vc_custom_1585665823573{margin-top: -40px !important;margin-bottom: 4vh !important;}&#8221;][vc_column]\n\t\t\t<!-- START Code of Conduct REVOLUTION SLIDER 6.5.21 --><p class=\"rs-p-wp-fix\"><\/p>\n\t\t\t<rs-module-wrap id=\"rev_slider_33_1_wrapper\" data-source=\"gallery\" style=\"visibility:hidden;background:transparent;padding:0;margin:0px auto;margin-top:0;margin-bottom:0;\">\n\t\t\t\t<rs-module id=\"rev_slider_33_1\" style=\"\" data-version=\"6.5.21\">\n\t\t\t\t\t<rs-slides>\n\t\t\t\t\t\t<rs-slide style=\"position: absolute;\" data-key=\"rs-286\" data-title=\"Slide\" data-in=\"o:0;\" data-out=\"a:false;\">\n\t\t\t\t\t\t\t<img src=\"\/\/box.lilleshop.de\/wp-content\/plugins\/revslider\/public\/assets\/assets\/dummy.png\" alt=\"\" title=\"selective-focus-photography-of-child-hand-1250452 (1)\" width=\"1600\" height=\"600\" class=\"rev-slidebg tp-rs-img rs-lazyload\" data-lazyload=\"\/\/box.lilleshop.de\/wp-content\/uploads\/2020\/03\/selective-focus-photography-of-child-hand-1250452-1.jpg\" data-no-retina>\n<!--\n\t\t\t\t\t\t\t--><rs-layer\n\t\t\t\t\t\t\t\tid=\"slider-33-slide-286-layer-3\" \n\t\t\t\t\t\t\t\tdata-type=\"shape\"\n\t\t\t\t\t\t\t\tdata-rsp_ch=\"on\"\n\t\t\t\t\t\t\t\tdata-xy=\"x:428px;y:340px;\"\n\t\t\t\t\t\t\t\tdata-text=\"w:normal;\"\n\t\t\t\t\t\t\t\tdata-dim=\"w:584;h:144;\"\n\t\t\t\t\t\t\t\tdata-spike=\"r:top;\"\n\t\t\t\t\t\t\t\tdata-frame_0=\"x:left;\"\n\t\t\t\t\t\t\t\tdata-frame_1=\"st:400;sp:1000;\"\n\t\t\t\t\t\t\t\tdata-frame_999=\"o:0;st:w;\"\n\t\t\t\t\t\t\t\tstyle=\"z-index:5;background-color:rgba(54,132,187,0.95);\"\n\t\t\t\t\t\t\t> \n\t\t\t\t\t\t\t<\/rs-layer><!--\n\n\t\t\t\t\t\t\t--><rs-layer\n\t\t\t\t\t\t\t\tid=\"slider-33-slide-286-layer-4\" \n\t\t\t\t\t\t\t\tdata-type=\"text\"\n\t\t\t\t\t\t\t\tdata-color=\"#ffffff\"\n\t\t\t\t\t\t\t\tdata-rsp_ch=\"on\"\n\t\t\t\t\t\t\t\tdata-xy=\"x:454px;y:363px;\"\n\t\t\t\t\t\t\t\tdata-text=\"w:normal;s:27;l:34;fw:600;\"\n\t\t\t\t\t\t\t\tdata-frame_0=\"x:left;\"\n\t\t\t\t\t\t\t\tdata-frame_1=\"st:400;sp:1000;\"\n\t\t\t\t\t\t\t\tdata-frame_999=\"o:0;st:w;\"\n\t\t\t\t\t\t\t\tstyle=\"z-index:6;font-family:'Poppins';\"\n\t\t\t\t\t\t\t>ATT G\u00c5 FRAM\u00c5T TILLSAMMANS F\u00d6R<br \/>\nATT UPPN\u00c5 DET GODA<br \/>\nV\u00c4RDERINGAR OCH R\u00c4TTVISA \n\t\t\t\t\t\t\t<\/rs-layer><!--\n-->\t\t\t\t\t\t<\/rs-slide>\n\t\t\t\t\t<\/rs-slides>\n\t\t\t\t<\/rs-module>\n\t\t\t\t<script>\n\t\t\t\t\tsetREVStartSize({c: 'rev_slider_33_1',rl:[1240,1024,778,480],el:[500],gw:[1240],gh:[500],type:'standard',justify:'',layout:'fullwidth',mh:\"0\"});if (window.RS_MODULES!==undefined && window.RS_MODULES.modules!==undefined && window.RS_MODULES.modules[\"revslider331\"]!==undefined) {window.RS_MODULES.modules[\"revslider331\"].once = false;window.revapi33 = undefined;if (window.RS_MODULES.checkMinimal!==undefined) window.RS_MODULES.checkMinimal()}\n\t\t\t\t<\/script>\n\t\t\t<\/rs-module-wrap>\n\t\t\t<!-- END REVOLUTION SLIDER -->\n[\/vc_column][\/vc_row][vc_row mobile_bg_img_hidden=&#8221;no&#8221; tablet_bg_img_hidden=&#8221;no&#8221; woodmart_parallax=&#8221;0&#8243; woodmart_gradient_switch=&#8221;no&#8221; row_reverse_mobile=&#8221;0&#8243; row_reverse_tablet=&#8221;0&#8243; woodmart_disable_overflow=&#8221;0&#8243;][vc_column width=&#8221;1\/2&#8243;]\n\t\t<div id=\"wd-5e834fca961e2\" class=\"title-wrapper wd-wpb set-mb-s reset-last-child  wd-rs-5e834fca961e2 wd-title-color-primary wd-title-style-underlined wd-width-100 text-left vc_custom_1585663952213 wd-underline-colored\">\n\t\t\t\n\t\t\t<div class=\"liner-continer\">\n\t\t\t\t<h1 class=\"woodmart-title-container title  wd-font-weight- wd-fontsize-xxl\" ><strong>Code of Conduct<\/strong><\/h1>\n\t\t\t\t\t\t\t<\/div>\n\t\t\t\n\t\t\t\t\t\t\t<div class=\"title-after_title  set-cont-mb-s reset-last-child  wd-fontsize-s\">Gemensamt ansvar l\u00e4ngs hela f\u00f6rs\u00f6rjningskedjan<\/div>\n\t\t\t\n\t\t\t\n\t\t<\/div>\n\t\t\n\t\t[vc_column_text text_larger=&#8221;no&#8221;]Alla anst\u00e4llda och chefer i BOXEXPERT \u00e4r engagerade i socialt ansvarsfull f\u00f6retagsstyrning. F\u00f6ljande principer utg\u00f6r en stor del av f\u00f6retagets uppdragsbeskrivning och \u00e5terspeglar v\u00e5ra v\u00e4rderingar och principer. Vi arbetar l\u00e4ngs hela leveranskedjan mot f\u00f6ljande principer n\u00e4r det g\u00e4ller arbetsvillkor, sociala normer, konkurrensvillkor, etiska principer och \u00f6ppenhet. Vi ser detta som v\u00e5r sociala skyldighet och st\u00e4ller dessa krav p\u00e5 alla partners som vi samarbetar med.[\/vc_column_text][\/vc_column][vc_column width=&#8221;1\/2&#8243; css=&#8221;.vc_custom_1585663922782{margin-top: 70px !important;}&#8221; mobile_bg_img_hidden=&#8221;no&#8221; tablet_bg_img_hidden=&#8221;no&#8221; woodmart_parallax=&#8221;0&#8243; woodmart_sticky_column=&#8221;false&#8221; parallax_scroll=&#8221;no&#8221; mobile_reset_margin=&#8221;no&#8221; tablet_reset_margin=&#8221;no&#8221;][vc_single_image image=&#8221;45601&#8243; img_size=&#8221;full&#8221; parallax_scroll=&#8221;no&#8221;][\/vc_column][\/vc_row][vc_row][vc_column width=&#8221;1\/2&#8243;]\n\t\t<div id=\"wd-5e836fb4c3a48\" class=\"title-wrapper wd-wpb set-mb-s reset-last-child  wd-rs-5e836fb4c3a48 wd-title-color-primary wd-title-style-underlined wd-width-100 text-left vc_custom_1585672120211 wd-underline-colored\">\n\t\t\t\n\t\t\t<div class=\"liner-continer\">\n\t\t\t\t<h1 class=\"woodmart-title-container title  wd-font-weight- wd-fontsize-m\" ><strong>1. beteende<\/strong><\/h1>\n\t\t\t\t\t\t\t<\/div>\n\t\t\t\n\t\t\t\t\t\t\t<div class=\"title-after_title  set-cont-mb-s reset-last-child  wd-fontsize-xs\">BOXEXPERT bedriver sin verksamhet p\u00e5 ett korrekt s\u00e4tt och i enlighet med b\u00e4sta aff\u00e4rspraxis. Vi f\u00f6r bokf\u00f6ringen p\u00e5 ett korrekt s\u00e4tt. BOXEXPERT kommer under inga omst\u00e4ndigheter att samarbeta med n\u00e5gon form av skatte- eller milj\u00f6brott.<\/div>\n\t\t\t\n\t\t\t\n\t\t<\/div>\n\t\t\n\t\t\n\t\t<div id=\"wd-5e859f14173f0\" class=\"title-wrapper wd-wpb set-mb-s reset-last-child  wd-rs-5e859f14173f0 wd-title-color-primary wd-title-style-underlined wd-width-100 text-left vc_custom_1585815343149 wd-underline-colored\">\n\t\t\t\n\t\t\t<div class=\"liner-continer\">\n\t\t\t\t<h1 class=\"woodmart-title-container title  wd-font-weight- wd-fontsize-m\" ><strong>2. efterlevnad av lagar.<\/strong><\/h1>\n\t\t\t\t\t\t\t<\/div>\n\t\t\t\n\t\t\t\t\t\t\t<div class=\"title-after_title  set-cont-mb-s reset-last-child  wd-fontsize-xs\">BOXEXPERT st\u00f6der m\u00e4nskliga r\u00e4ttigheter och relaterade internationella avtal. BOXEXPERT f\u00f6ljer till fullo och aktivt de lagar och f\u00f6rordningar som g\u00e4ller i de l\u00e4nder d\u00e4r BOXEXPERT bedriver verksamhet, inklusive ILO:s och FN:s lagar och f\u00f6rordningar. Detta inkluderar lagar mot illojal konkurrens.<\/div>\n\t\t\t\n\t\t\t\n\t\t<\/div>\n\t\t\n\t\t\n\t\t<div id=\"wd-5e859f3331c8f\" class=\"title-wrapper wd-wpb set-mb-s reset-last-child  wd-rs-5e859f3331c8f wd-title-color-primary wd-title-style-underlined wd-width-100 text-left vc_custom_1585815363736 wd-underline-colored\">\n\t\t\t\n\t\t\t<div class=\"liner-continer\">\n\t\t\t\t<h1 class=\"woodmart-title-container title  wd-font-weight- wd-fontsize-m\" ><strong>3. mutor och korruption<\/strong><\/h1>\n\t\t\t\t\t\t\t<\/div>\n\t\t\t\n\t\t\t\t\t\t\t<div class=\"title-after_title  set-cont-mb-s reset-last-child  wd-fontsize-xs\">BOXEXPERT erbjuder, lovar, ber om, beg\u00e4r eller accepterar inte mutor eller andra otillb\u00f6rliga f\u00f6rm\u00e5ner i syfte att beh\u00e5lla en kund, s\u00e4kra en aff\u00e4r eller p\u00e5verka beslut eller verksamhet hos en myndighet. BOXEXPERT agerar alltid p\u00e5 ett s\u00e4tt som bygger p\u00e5 r\u00e4ttvisa och \u00f6verensst\u00e4mmelse med till\u00e4mpliga nationella och internationella standarder.<\/div>\n\t\t\t\n\t\t\t\n\t\t<\/div>\n\t\t\n\t\t\n\t\t<div id=\"wd-5e859f46a08ed\" class=\"title-wrapper wd-wpb set-mb-s reset-last-child  wd-rs-5e859f46a08ed wd-title-color-primary wd-title-style-underlined wd-width-100 text-left vc_custom_1585815379178 wd-underline-colored\">\n\t\t\t\n\t\t\t<div class=\"liner-continer\">\n\t\t\t\t<h1 class=\"woodmart-title-container title  wd-font-weight- wd-fontsize-m\" ><strong>4. relationer med kunderna<\/strong><\/h1>\n\t\t\t\t\t\t\t<\/div>\n\t\t\t\n\t\t\t\t\t\t\t<div class=\"title-after_title  set-cont-mb-s reset-last-child  wd-fontsize-xs\">BOXEXPERT vinner kundernas f\u00f6rtroende genom att garantera dem kvalitet. BOXEXPERT str\u00e4var alltid efter att erbjuda konkurrenskraftiga tj\u00e4nster och produkter p\u00e5 den nationella och internationella marknaden f\u00f6r att skapa v\u00e4rde f\u00f6r sina kunder. BOXEXPERT informerar sina kunder och leverant\u00f6rer om uppf\u00f6randekoden.<\/div>\n\t\t\t\n\t\t\t\n\t\t<\/div>\n\t\t\n\t\t\n\t\t<div id=\"wd-5e859f5639043\" class=\"title-wrapper wd-wpb set-mb-s reset-last-child  wd-rs-5e859f5639043 wd-title-color-primary wd-title-style-underlined wd-width-100 text-left vc_custom_1585815400623 wd-underline-colored\">\n\t\t\t\n\t\t\t<div class=\"liner-continer\">\n\t\t\t\t<h1 class=\"woodmart-title-container title  wd-font-weight- wd-fontsize-m\" ><strong>5. Relationer med personalen.<\/strong><\/h1>\n\t\t\t\t\t\t\t<\/div>\n\t\t\t\n\t\t\t\t\t\t\t<div class=\"title-after_title  set-cont-mb-s reset-last-child  wd-fontsize-xs\">BOXEXPERT arbetar aktivt f\u00f6r att skapa en god arbetsmilj\u00f6 f\u00f6r att minska personalens fr\u00e5nvaro p\u00e5 grund av sjukdom, arbetsplatsolyckor, arbetsrelaterade skador och drogmissbruk. BOXEXPERT erbjuder en f\u00f6retagsh\u00e4lsov\u00e5rd. V\u00e5ld, hot, aggressivt beteende, mobbning, f\u00f6rol\u00e4mpningar och liknande beteenden tolereras inte p\u00e5 arbetsplatsen.<\/div>\n\t\t\t\n\t\t\t\n\t\t<\/div>\n\t\t\n\t\t\n\t\t<div id=\"wd-5e859f70769c9\" class=\"title-wrapper wd-wpb set-mb-s reset-last-child  wd-rs-5e859f70769c9 wd-title-color-primary wd-title-style-underlined wd-width-100 text-left vc_custom_1585815420520 wd-underline-colored\">\n\t\t\t\n\t\t\t<div class=\"liner-continer\">\n\t\t\t\t<h1 class=\"woodmart-title-container title  wd-font-weight- wd-fontsize-m\" ><strong>6. f\u00f6reningsfrihet f\u00f6r arbetstagarna<\/strong><\/h1>\n\t\t\t\t\t\t\t<\/div>\n\t\t\t\n\t\t\t\t\t\t\t<div class=\"title-after_title  set-cont-mb-s reset-last-child  wd-fontsize-xs\">BOXEXPERT respekterar de anst\u00e4lldas r\u00e4tt att bilda f\u00f6retagsr\u00e5d eller att bli medlemmar i s\u00e5dana organ som f\u00f6retr\u00e4der de anst\u00e4llda.<\/div>\n\t\t\t\n\t\t\t\n\t\t<\/div>\n\t\t\n\t\t[\/vc_column][vc_column width=&#8221;1\/2&#8243;]\n\t\t<div id=\"wd-5e859f8245d91\" class=\"title-wrapper wd-wpb set-mb-s reset-last-child  wd-rs-5e859f8245d91 wd-title-color-primary wd-title-style-underlined wd-width-100 text-left vc_custom_1585815434814 wd-underline-colored\">\n\t\t\t\n\t\t\t<div class=\"liner-continer\">\n\t\t\t\t<h1 class=\"woodmart-title-container title  wd-font-weight- wd-fontsize-m\" ><strong>7. barnarbete<\/strong><\/h1>\n\t\t\t\t\t\t\t<\/div>\n\t\t\t\n\t\t\t\t\t\t\t<div class=\"title-after_title  set-cont-mb-s reset-last-child  wd-fontsize-xs\">BOXEXPERT tolererar inte barnarbete eller exploatering av barn och ungdomar. Minimi\u00e5ldern f\u00f6r anst\u00e4llning p\u00e5 BOXEXPERT \u00e4r 15 \u00e5r. Leverant\u00f6rerna f\u00f6rv\u00e4ntas inte anst\u00e4lla ungdomar under 15 \u00e5r.<\/div>\n\t\t\t\n\t\t\t\n\t\t<\/div>\n\t\t\n\t\t\n\t\t<div id=\"wd-5e859f90df0ac\" class=\"title-wrapper wd-wpb set-mb-s reset-last-child  wd-rs-5e859f90df0ac wd-title-color-primary wd-title-style-underlined wd-width-100 text-left vc_custom_1585815451659 wd-underline-colored\">\n\t\t\t\n\t\t\t<div class=\"liner-continer\">\n\t\t\t\t<h1 class=\"woodmart-title-container title  wd-font-weight- wd-fontsize-m\" ><strong>8. tv\u00e5ngsarbete<\/strong><\/h1>\n\t\t\t\t\t\t\t<\/div>\n\t\t\t\n\t\t\t\t\t\t\t<div class=\"title-after_title  set-cont-mb-s reset-last-child  wd-fontsize-xs\">BOXEXPERT tolererar inte tv\u00e5ngsarbete inom koncernen och bland sina aff\u00e4rspartner.<\/div>\n\t\t\t\n\t\t\t\n\t\t<\/div>\n\t\t\n\t\t\n\t\t<div id=\"wd-5e859fa217380\" class=\"title-wrapper wd-wpb set-mb-s reset-last-child  wd-rs-5e859fa217380 wd-title-color-primary wd-title-style-underlined wd-width-100 text-left vc_custom_1585815466314 wd-underline-colored\">\n\t\t\t\n\t\t\t<div class=\"liner-continer\">\n\t\t\t\t<h1 class=\"woodmart-title-container title  wd-font-weight- wd-fontsize-m\" ><strong>9. diskriminering<\/strong><\/h1>\n\t\t\t\t\t\t\t<\/div>\n\t\t\t\n\t\t\t\t\t\t\t<div class=\"title-after_title  set-cont-mb-s reset-last-child  wd-fontsize-xs\">BOXEXPERT erbjuder r\u00e4ttvisa arbetsvillkor och m\u00f6jligheter f\u00f6r alla anst\u00e4llda, utan \u00e5tskillnad eller diskriminering p\u00e5 grund av k\u00f6n, etniskt ursprung, \u00e5lder, funktionshinder, religi\u00f6s eller sexuell l\u00e4ggning. BOXEXPERT accepterar inte n\u00e5gon form av politisk, religi\u00f6s eller annan typ av propaganda p\u00e5 arbetsplatsen.<\/div>\n\t\t\t\n\t\t\t\n\t\t<\/div>\n\t\t\n\t\t\n\t\t<div id=\"wd-5e859fb29b698\" class=\"title-wrapper wd-wpb set-mb-s reset-last-child  wd-rs-5e859fb29b698 wd-title-color-primary wd-title-style-underlined wd-width-100 text-left vc_custom_1585815484598 wd-underline-colored\">\n\t\t\t\n\t\t\t<div class=\"liner-continer\">\n\t\t\t\t<h1 class=\"woodmart-title-container title  wd-font-weight- wd-fontsize-m\" ><strong>10. dokumentation av anst\u00e4llningsf\u00f6rh\u00e5llandet, ers\u00e4ttning<\/strong><\/h1>\n\t\t\t\t\t\t\t<\/div>\n\t\t\t\n\t\t\t\t\t\t\t<div class=\"title-after_title  set-cont-mb-s reset-last-child  wd-fontsize-xs\">BOXEXPERT ing\u00e5r skriftliga anst\u00e4llningsavtal med de anst\u00e4llda. Det handlar bland annat om till\u00e4mpliga arbetsnormer och normer f\u00f6r social trygghet. BOXEXPERT garanterar att de l\u00f6ner som betalas till de anst\u00e4llda motsvarar den sedvanliga eller lagstadgade minimil\u00f6nen i branschen. Arbetstiden b\u00f6r i regel inte \u00f6verstiga 40 timmar per vecka. Arbetstiden ska \u00f6verensst\u00e4mma med till\u00e4mplig lag och relevanta ILO-best\u00e4mmelser, beroende p\u00e5 vad som \u00e4r str\u00e4ngare. Arbetstagaren kan v\u00e4gra att arbeta \u00f6vertid. Efter sex dagars arbete ska en hel ledig dag beviljas.<\/div>\n\t\t\t\n\t\t\t\n\t\t<\/div>\n\t\t\n\t\t\n\t\t<div id=\"wd-5e859fc339980\" class=\"title-wrapper wd-wpb set-mb-s reset-last-child  wd-rs-5e859fc339980 wd-title-color-primary wd-title-style-underlined wd-width-100 text-left vc_custom_1585815501028 wd-underline-colored\">\n\t\t\t\n\t\t\t<div class=\"liner-continer\">\n\t\t\t\t<h1 class=\"woodmart-title-container title  wd-font-weight- wd-fontsize-m\" ><strong>11. F\u00f6rb\u00e4ttring av milj\u00f6skyddet.<\/strong><\/h1>\n\t\t\t\t\t\t\t<\/div>\n\t\t\t\n\t\t\t\t\t\t\t<div class=\"title-after_title  set-cont-mb-s reset-last-child  wd-fontsize-xs\">BOXEXPERT har skapat en handlingsplan f\u00f6r att m\u00e4ta och f\u00f6rb\u00e4ttra effektiviteten av f\u00f6retagets minskningar av immissioner och utsl\u00e4pp samt resursf\u00f6rbrukning.<\/div>\n\t\t\t\n\t\t\t\n\t\t<\/div>\n\t\t\n\t\t\n\t\t<div id=\"wd-5e859fe2756c2\" class=\"title-wrapper wd-wpb set-mb-s reset-last-child  wd-rs-5e859fe2756c2 wd-title-color-primary wd-title-style-underlined wd-width-100 text-left vc_custom_1585815531795 wd-underline-colored\">\n\t\t\t\n\t\t\t<div class=\"liner-continer\">\n\t\t\t\t<h1 class=\"woodmart-title-container title  wd-font-weight- wd-fontsize-m\" ><strong>12. Relationer med andra akt\u00f6rer.<\/strong><\/h1>\n\t\t\t\t\t\t\t<\/div>\n\t\t\t\n\t\t\t\t\t\t\t<div class=\"title-after_title  set-cont-mb-s reset-last-child  wd-fontsize-xs\">BOXEXPERT f\u00f6rv\u00e4ntar sig att alla leverant\u00f6rer ocks\u00e5 uppfyller ovanst\u00e5ende krav. N\u00e4r BOXEXPERT utv\u00e4rderar och v\u00e4ljer leverant\u00f6rer, underleverant\u00f6rer och partners \u00e4r det ett viktigt kriterium att uppfylla kraven i uppf\u00f6randekoden.<\/div>\n\t\t\t\n\t\t\t\n\t\t<\/div>\n\t\t\n\t\t[\/vc_column][\/vc_row]<\/p>\n","protected":false},"excerpt":{"rendered":"<p>[vc_row full_width=&#8221;stretch_row_content&#8221; mobile_bg_img_hidden=&#8221;no&#8221; tablet_bg_img_hidden=&#8221;no&#8221; woodmart_parallax=&#8221;0&#8243; woodmart_gradient_switch=&#8221;no&#8221; row_reverse_mobile=&#8221;0&#8243; row_reverse_tablet=&#8221;0&#8243; woodmart_disable_overflow=&#8221;0&#8243; css=&#8221;.vc_custom_1585665823573{margin-top: -40px !important;margin-bottom: 4vh !important;}&#8221;][vc_column][\/vc_column][\/vc_row][vc_row mobile_bg_img_hidden=&#8221;no&#8221; tablet_bg_img_hidden=&#8221;no&#8221; woodmart_parallax=&#8221;0&#8243; woodmart_gradient_switch=&#8221;no&#8221; row_reverse_mobile=&#8221;0&#8243; row_reverse_tablet=&#8221;0&#8243;<\/p>\n","protected":false},"author":1,"featured_media":0,"parent":44544,"menu_order":0,"comment_status":"closed","ping_status":"closed","template":"","meta":[],"yoast_head":"<!-- This site is optimized with the Yoast SEO Premium plugin v18.4 (Yoast SEO v18.8) - https:\/\/yoast.com\/wordpress\/plugins\/seo\/ -->\n<title>UPPF\u00d6RANDEKOD - BOXEXPERT - Professionelle Geh\u00e4usel\u00f6sungen f\u00fcr h\u00f6chste Anspr\u00fcche<\/title>\n<meta name=\"robots\" content=\"index, follow, max-snippet:-1, max-image-preview:large, max-video-preview:-1\" \/>\n<link rel=\"canonical\" href=\"https:\/\/box.lilleshop.de\/sv\/foeretag\/uppfoerandekod\/\" \/>\n<meta property=\"og:locale\" content=\"sv_SE\" \/>\n<meta property=\"og:type\" content=\"article\" \/>\n<meta property=\"og:title\" content=\"UPPF\u00d6RANDEKOD\" \/>\n<meta property=\"og:description\" content=\"[vc_row full_width=&#8221;stretch_row_content&#8221; mobile_bg_img_hidden=&#8221;no&#8221; tablet_bg_img_hidden=&#8221;no&#8221; woodmart_parallax=&#8221;0&#8243; woodmart_gradient_switch=&#8221;no&#8221; row_reverse_mobile=&#8221;0&#8243; row_reverse_tablet=&#8221;0&#8243; woodmart_disable_overflow=&#8221;0&#8243; css=&#8221;.vc_custom_1585665823573{margin-top: -40px !important;margin-bottom: 4vh !important;}&#8221;][vc_column][\/vc_column][\/vc_row][vc_row mobile_bg_img_hidden=&#8221;no&#8221; tablet_bg_img_hidden=&#8221;no&#8221; woodmart_parallax=&#8221;0&#8243; woodmart_gradient_switch=&#8221;no&#8221; row_reverse_mobile=&#8221;0&#8243; row_reverse_tablet=&#8221;0&#8243;\" \/>\n<meta property=\"og:url\" content=\"https:\/\/box.lilleshop.de\/sv\/foeretag\/uppfoerandekod\/\" \/>\n<meta property=\"og:site_name\" content=\"BOXEXPERT - Professionelle Geh\u00e4usel\u00f6sungen f\u00fcr h\u00f6chste Anspr\u00fcche\" \/>\n<meta property=\"article:modified_time\" content=\"2022-04-08T05:46:00+00:00\" \/>\n<meta name=\"twitter:card\" content=\"summary_large_image\" \/>\n<meta name=\"twitter:label1\" content=\"Est. reading time\" \/>\n\t<meta name=\"twitter:data1\" content=\"4 minutes\" \/>\n<script type=\"application\/ld+json\" class=\"yoast-schema-graph\">{\"@context\":\"https:\/\/schema.org\",\"@graph\":[{\"@type\":\"WebSite\",\"@id\":\"https:\/\/box.lilleshop.de\/#website\",\"url\":\"https:\/\/box.lilleshop.de\/\",\"name\":\"BOXEXPERT - Professionelle Geh\u00e4usel\u00f6sungen f\u00fcr h\u00f6chste Anspr\u00fcche\",\"description\":\"Industriegeh\u00e4use, Schaltschr\u00e4nke, Installationsgeh\u00e4use, Sicherungsk\u00e4sten und Verteilerk\u00e4sten\",\"potentialAction\":[{\"@type\":\"SearchAction\",\"target\":{\"@type\":\"EntryPoint\",\"urlTemplate\":\"https:\/\/box.lilleshop.de\/?s={search_term_string}\"},\"query-input\":\"required name=search_term_string\"}],\"inLanguage\":\"sv-SE\"},{\"@type\":\"WebPage\",\"@id\":\"https:\/\/box.lilleshop.de\/sv\/foeretag\/uppfoerandekod\/#webpage\",\"url\":\"https:\/\/box.lilleshop.de\/sv\/foeretag\/uppfoerandekod\/\",\"name\":\"UPPF\u00d6RANDEKOD - BOXEXPERT - Professionelle Geh\u00e4usel\u00f6sungen f\u00fcr h\u00f6chste Anspr\u00fcche\",\"isPartOf\":{\"@id\":\"https:\/\/box.lilleshop.de\/#website\"},\"datePublished\":\"2021-08-22T18:31:18+00:00\",\"dateModified\":\"2022-04-08T05:46:00+00:00\",\"breadcrumb\":{\"@id\":\"https:\/\/box.lilleshop.de\/sv\/foeretag\/uppfoerandekod\/#breadcrumb\"},\"inLanguage\":\"sv-SE\",\"potentialAction\":[{\"@type\":\"ReadAction\",\"target\":[\"https:\/\/box.lilleshop.de\/sv\/foeretag\/uppfoerandekod\/\"]}]},{\"@type\":\"BreadcrumbList\",\"@id\":\"https:\/\/box.lilleshop.de\/sv\/foeretag\/uppfoerandekod\/#breadcrumb\",\"itemListElement\":[{\"@type\":\"ListItem\",\"position\":1,\"name\":\"Startseite\",\"item\":\"https:\/\/box.lilleshop.de\/sv\/\"},{\"@type\":\"ListItem\",\"position\":2,\"name\":\"F\u00f6retag\",\"item\":\"https:\/\/box.lilleshop.de\/sv\/foeretag\/\"},{\"@type\":\"ListItem\",\"position\":3,\"name\":\"UPPF\u00d6RANDEKOD\"}]}]}<\/script>\n<!-- \/ Yoast SEO Premium plugin. -->","yoast_head_json":{"title":"UPPF\u00d6RANDEKOD - BOXEXPERT - Professionelle Geh\u00e4usel\u00f6sungen f\u00fcr h\u00f6chste Anspr\u00fcche","robots":{"index":"index","follow":"follow","max-snippet":"max-snippet:-1","max-image-preview":"max-image-preview:large","max-video-preview":"max-video-preview:-1"},"canonical":"https:\/\/box.lilleshop.de\/sv\/foeretag\/uppfoerandekod\/","og_locale":"sv_SE","og_type":"article","og_title":"UPPF\u00d6RANDEKOD","og_description":"[vc_row full_width=&#8221;stretch_row_content&#8221; mobile_bg_img_hidden=&#8221;no&#8221; tablet_bg_img_hidden=&#8221;no&#8221; woodmart_parallax=&#8221;0&#8243; woodmart_gradient_switch=&#8221;no&#8221; row_reverse_mobile=&#8221;0&#8243; row_reverse_tablet=&#8221;0&#8243; woodmart_disable_overflow=&#8221;0&#8243; css=&#8221;.vc_custom_1585665823573{margin-top: -40px !important;margin-bottom: 4vh !important;}&#8221;][vc_column][\/vc_column][\/vc_row][vc_row mobile_bg_img_hidden=&#8221;no&#8221; tablet_bg_img_hidden=&#8221;no&#8221; woodmart_parallax=&#8221;0&#8243; woodmart_gradient_switch=&#8221;no&#8221; row_reverse_mobile=&#8221;0&#8243; row_reverse_tablet=&#8221;0&#8243;","og_url":"https:\/\/box.lilleshop.de\/sv\/foeretag\/uppfoerandekod\/","og_site_name":"BOXEXPERT - Professionelle Geh\u00e4usel\u00f6sungen f\u00fcr h\u00f6chste Anspr\u00fcche","article_modified_time":"2022-04-08T05:46:00+00:00","twitter_card":"summary_large_image","twitter_misc":{"Est. reading time":"4 minutes"},"schema":{"@context":"https:\/\/schema.org","@graph":[{"@type":"WebSite","@id":"https:\/\/box.lilleshop.de\/#website","url":"https:\/\/box.lilleshop.de\/","name":"BOXEXPERT - Professionelle Geh\u00e4usel\u00f6sungen f\u00fcr h\u00f6chste Anspr\u00fcche","description":"Industriegeh\u00e4use, Schaltschr\u00e4nke, Installationsgeh\u00e4use, Sicherungsk\u00e4sten und Verteilerk\u00e4sten","potentialAction":[{"@type":"SearchAction","target":{"@type":"EntryPoint","urlTemplate":"https:\/\/box.lilleshop.de\/?s={search_term_string}"},"query-input":"required name=search_term_string"}],"inLanguage":"sv-SE"},{"@type":"WebPage","@id":"https:\/\/box.lilleshop.de\/sv\/foeretag\/uppfoerandekod\/#webpage","url":"https:\/\/box.lilleshop.de\/sv\/foeretag\/uppfoerandekod\/","name":"UPPF\u00d6RANDEKOD - BOXEXPERT - Professionelle Geh\u00e4usel\u00f6sungen f\u00fcr h\u00f6chste Anspr\u00fcche","isPartOf":{"@id":"https:\/\/box.lilleshop.de\/#website"},"datePublished":"2021-08-22T18:31:18+00:00","dateModified":"2022-04-08T05:46:00+00:00","breadcrumb":{"@id":"https:\/\/box.lilleshop.de\/sv\/foeretag\/uppfoerandekod\/#breadcrumb"},"inLanguage":"sv-SE","potentialAction":[{"@type":"ReadAction","target":["https:\/\/box.lilleshop.de\/sv\/foeretag\/uppfoerandekod\/"]}]},{"@type":"BreadcrumbList","@id":"https:\/\/box.lilleshop.de\/sv\/foeretag\/uppfoerandekod\/#breadcrumb","itemListElement":[{"@type":"ListItem","position":1,"name":"Startseite","item":"https:\/\/box.lilleshop.de\/sv\/"},{"@type":"ListItem","position":2,"name":"F\u00f6retag","item":"https:\/\/box.lilleshop.de\/sv\/foeretag\/"},{"@type":"ListItem","position":3,"name":"UPPF\u00d6RANDEKOD"}]}]}},"_links":{"self":[{"href":"https:\/\/box.lilleshop.de\/sv\/wp-json\/wp\/v2\/pages\/45599"}],"collection":[{"href":"https:\/\/box.lilleshop.de\/sv\/wp-json\/wp\/v2\/pages"}],"about":[{"href":"https:\/\/box.lilleshop.de\/sv\/wp-json\/wp\/v2\/types\/page"}],"author":[{"embeddable":true,"href":"https:\/\/box.lilleshop.de\/sv\/wp-json\/wp\/v2\/users\/1"}],"replies":[{"embeddable":true,"href":"https:\/\/box.lilleshop.de\/sv\/wp-json\/wp\/v2\/comments?post=45599"}],"version-history":[{"count":10,"href":"https:\/\/box.lilleshop.de\/sv\/wp-json\/wp\/v2\/pages\/45599\/revisions"}],"predecessor-version":[{"id":62535,"href":"https:\/\/box.lilleshop.de\/sv\/wp-json\/wp\/v2\/pages\/45599\/revisions\/62535"}],"up":[{"embeddable":true,"href":"https:\/\/box.lilleshop.de\/sv\/wp-json\/wp\/v2\/pages\/44544"}],"wp:attachment":[{"href":"https:\/\/box.lilleshop.de\/sv\/wp-json\/wp\/v2\/media?parent=45599"}],"curies":[{"name":"wp","href":"https:\/\/api.w.org\/{rel}","templated":true}]}}