{"id":4690,"date":"2020-02-11T07:51:14","date_gmt":"2020-02-11T07:51:14","guid":{"rendered":"https:\/\/boxexpert.de\/%d0%ba%d0%be%d0%bc%d0%bf%d0%b0%d0%bd%d0%b8%d1%8f\/karriere\/"},"modified":"2020-06-23T12:48:29","modified_gmt":"2020-06-23T12:48:29","slug":"%d0%ba%d0%b0%d1%80%d1%8c%d0%b5%d1%80%d0%b0","status":"publish","type":"page","link":"https:\/\/box.lilleshop.de\/ru\/%d0%ba%d0%be%d0%bc%d0%bf%d0%b0%d0%bd%d0%b8%d1%8f\/%d0%ba%d0%b0%d1%80%d1%8c%d0%b5%d1%80%d0%b0\/","title":{"rendered":"\u041a\u0430\u0440\u044c\u0435\u0440\u0430"},"content":{"rendered":"<p>[vc_row full_width=&#8221;stretch_row_content&#8221; mobile_bg_img_hidden=&#8221;no&#8221; tablet_bg_img_hidden=&#8221;no&#8221; woodmart_parallax=&#8221;0&#8243; woodmart_gradient_switch=&#8221;no&#8221; row_reverse_mobile=&#8221;0&#8243; row_reverse_tablet=&#8221;0&#8243; woodmart_disable_overflow=&#8221;0&#8243; css=&#8221;.vc_custom_1585845046485{margin-top: -40px !important;margin-bottom: 4vh !important;}&#8221;][vc_column]\n\t\t\t<!-- START karriere REVOLUTION SLIDER 6.5.21 --><p class=\"rs-p-wp-fix\"><\/p>\n\t\t\t<rs-module-wrap id=\"rev_slider_17_1_wrapper\" data-source=\"gallery\" style=\"visibility:hidden;background:transparent;padding:0;margin:0px auto;margin-top:0;margin-bottom:0;\">\n\t\t\t\t<rs-module id=\"rev_slider_17_1\" style=\"\" data-version=\"6.5.21\">\n\t\t\t\t\t<rs-slides>\n\t\t\t\t\t\t<rs-slide style=\"position: absolute;\" data-key=\"rs-214\" data-title=\"Slide\" data-anim=\"ms:1000;r:0;\" data-in=\"o:0;\" data-out=\"a:false;\">\n\t\t\t\t\t\t\t<img src=\"\/\/box.lilleshop.de\/wp-content\/plugins\/revslider\/public\/assets\/assets\/dummy.png\" alt=\"\" title=\"karriere (1)\" width=\"1600\" height=\"600\" class=\"rev-slidebg tp-rs-img rs-lazyload\" data-lazyload=\"\/\/box.lilleshop.de\/wp-content\/uploads\/2020\/04\/karriere-1.jpg\" data-no-retina>\n<!--\n\t\t\t\t\t\t\t--><rs-layer\n\t\t\t\t\t\t\t\tid=\"slider-17-slide-214-layer-0\" \n\t\t\t\t\t\t\t\tdata-type=\"shape\"\n\t\t\t\t\t\t\t\tdata-rsp_ch=\"on\"\n\t\t\t\t\t\t\t\tdata-xy=\"x:428px;y:340px;\"\n\t\t\t\t\t\t\t\tdata-text=\"w:normal;\"\n\t\t\t\t\t\t\t\tdata-dim=\"w:517px;h:127px;\"\n\t\t\t\t\t\t\t\tdata-spike=\"r:top;\"\n\t\t\t\t\t\t\t\tdata-frame_0=\"x:left;\"\n\t\t\t\t\t\t\t\tdata-frame_1=\"st:400;sp:1000;\"\n\t\t\t\t\t\t\t\tdata-frame_999=\"o:0;st:w;\"\n\t\t\t\t\t\t\t\tstyle=\"z-index:5;background-color:rgba(54,132,187,0.95);\"\n\t\t\t\t\t\t\t> \n\t\t\t\t\t\t\t<\/rs-layer><!--\n\n\t\t\t\t\t\t\t--><rs-layer\n\t\t\t\t\t\t\t\tid=\"slider-17-slide-214-layer-1\" \n\t\t\t\t\t\t\t\tdata-type=\"text\"\n\t\t\t\t\t\t\t\tdata-color=\"#ffffff\"\n\t\t\t\t\t\t\t\tdata-rsp_ch=\"on\"\n\t\t\t\t\t\t\t\tdata-xy=\"x:454px;y:367px;\"\n\t\t\t\t\t\t\t\tdata-text=\"w:normal;s:27;l:34;fw:600;\"\n\t\t\t\t\t\t\t\tdata-frame_0=\"x:left;\"\n\t\t\t\t\t\t\t\tdata-frame_1=\"st:400;sp:1000;\"\n\t\t\t\t\t\t\t\tdata-frame_999=\"o:0;st:w;\"\n\t\t\t\t\t\t\t\tstyle=\"z-index:6;font-family:'Poppins';\"\n\t\t\t\t\t\t\t>\u0412\u042b \u0411\u0423\u0414\u0415\u0422\u0415 \u0427\u0410\u0421\u0422\u042c\u042e <br \/>\n\u0411\u041e\u041a\u0421\u042d\u041a\u0421\u0421\u041f\u0415\u0420\u0422 \u0427\u0410\u0419 \n\t\t\t\t\t\t\t<\/rs-layer><!--\n-->\t\t\t\t\t\t<\/rs-slide>\n\t\t\t\t\t<\/rs-slides>\n\t\t\t\t<\/rs-module>\n\t\t\t\t<script>\n\t\t\t\t\tsetREVStartSize({c: 'rev_slider_17_1',rl:[1240,1024,778,480],el:[500],gw:[1240],gh:[500],type:'standard',justify:'',layout:'fullwidth',mh:\"0\"});if (window.RS_MODULES!==undefined && window.RS_MODULES.modules!==undefined && window.RS_MODULES.modules[\"revslider171\"]!==undefined) {window.RS_MODULES.modules[\"revslider171\"].once = false;window.revapi17 = undefined;if (window.RS_MODULES.checkMinimal!==undefined) window.RS_MODULES.checkMinimal()}\n\t\t\t\t<\/script>\n\t\t\t<\/rs-module-wrap>\n\t\t\t<!-- END REVOLUTION SLIDER -->\n[\/vc_column][\/vc_row][vc_row mobile_bg_img_hidden=&#8221;no&#8221; tablet_bg_img_hidden=&#8221;no&#8221; woodmart_parallax=&#8221;0&#8243; woodmart_gradient_switch=&#8221;no&#8221; row_reverse_mobile=&#8221;0&#8243; row_reverse_tablet=&#8221;0&#8243; woodmart_disable_overflow=&#8221;0&#8243;][vc_column]\n\t\t<div id=\"wd-5eba69a58ae65\" class=\"title-wrapper wd-wpb set-mb-s reset-last-child  wd-rs-5eba69a58ae65 wd-title-color-primary wd-title-style-underlined wd-width-100 text-left vc_custom_1589275078353 wd-underline-colored\">\n\t\t\t\n\t\t\t<div class=\"liner-continer\">\n\t\t\t\t<h1 class=\"woodmart-title-container title  wd-font-weight- wd-fontsize-xxl\" ><strong>\u041a\u0410\u0420\u042c\u0415\u0420\u0410 \u0411\u041e\u041a\u0421\u0401\u0420\u0410 \u0421 \u042d\u041a\u0421\u041f\u0415\u0420\u0422\u041e\u041c<\/strong><\/h1>\n\t\t\t\t\t\t\t<\/div>\n\t\t\t\n\t\t\t\n\t\t\t\n\t\t<\/div>\n\t\t\n\t\t[\/vc_column][\/vc_row][vc_row full_width=&#8221;stretch_row&#8221; content_placement=&#8221;middle&#8221; css=&#8221;.vc_custom_1581684079743{margin-bottom: 2vh !important;}&#8221; mobile_bg_img_hidden=&#8221;no&#8221; tablet_bg_img_hidden=&#8221;no&#8221; woodmart_parallax=&#8221;0&#8243; woodmart_gradient_switch=&#8221;no&#8221; row_reverse_mobile=&#8221;0&#8243; row_reverse_tablet=&#8221;0&#8243; woodmart_disable_overflow=&#8221;0&#8243;][vc_column width=&#8221;1\/3&#8243; css=&#8221;.vc_custom_1490276860346{margin-bottom: 20px !important;padding-top: 0px !important;}&#8221;]\t\t<div id=\"gallery_470\" class=\"wd-images-gallery wd-justify-center wd-items-middle view-grid\" >\n\t\t\t<div class=\"gallery-images row wd-spacing-0\">\n\t\t\t\t\t\t\t\t\t\t\t\t\t\t\t<div class=\"wd-gallery-item col-lg-12 col-md-12 col-sm-12 col-12\">\n\t\t\t\t\t\t\t\n\t\t\t\t\t\t\t\t\t\t\t\t\t\t\t\t\t<img class=\"wd-gallery-image image-1 \" src=\"https:\/\/box.lilleshop.de\/wp-content\/uploads\/2020\/04\/BOXEXPERT-KARRIERE-700x450.jpg\" width=\"700\" height=\"450\" alt=\"BOXEXPERT-KARRIERE\" title=\"BOXEXPERT-KARRIERE\" \/>\t\t\t\t\t\t\t\t\n\n\t\t\t\t\t\t\t\t\t\t\t\t\t\t<\/div>\n\t\t\t\t\t\t\t\t\t\t\t\t<\/div>\n\t\t<\/div>\n\t\t\t\t[\/vc_column][vc_column width=&#8221;1\/3&#8243; css=&#8221;.vc_custom_1536077344327{margin-bottom: 20px !important;padding-top: 0px !important;}&#8221;]\n\t\t<div id=\"wd-5eba699c8cbf3\" class=\"title-wrapper wd-wpb set-mb-s reset-last-child  wd-rs-5eba699c8cbf3 wd-title-color-primary wd-title-style-underlined wd-width-100 text-left vc_custom_1589275043286 wd-underline-colored\">\n\t\t\t\n\t\t\t<div class=\"liner-continer\">\n\t\t\t\t<h2 class=\"woodmart-title-container title  wd-font-weight- wd-fontsize-l\" >\u0420\u0410\u0417\u0412\u0418\u0412\u0410\u0422\u042c \u0421\u0412\u041e\u0419 \u0422\u0412\u041e\u0420\u0427\u0415\u0421\u041a\u0418\u0419 \u041f\u041e\u0422\u0415\u041d\u0426\u0418\u0410\u041b<\/h2>\n\t\t\t\t\t\t\t<\/div>\n\t\t\t\n\t\t\t\n\t\t\t\n\t\t<\/div>\n\t\t\n\t\t[vc_column_text css=&#8221;.vc_custom_1589275247777{margin-bottom: 20px !important;}&#8221; text_larger=&#8221;no&#8221;]\u0421\u0442\u0430\u0442\u044c \u0447\u0430\u0441\u0442\u044c\u044e \u0431\u044b\u0441\u0442\u0440\u043e\u0440\u0430\u0441\u0442\u0443\u0449\u0435\u0439 \u0438 \u0437\u0434\u043e\u0440\u043e\u0432\u043e\u0439 \u043a\u043e\u043c\u043f\u0430\u043d\u0438\u0438. \u0423 \u043d\u0430\u0441 \u0435\u0441\u0442\u044c \u043d\u0435\u0441\u043a\u043e\u043b\u044c\u043a\u043e \u0438\u0437\u0432\u0435\u0441\u0442\u043d\u044b\u0445 \u043a\u043e\u043c\u043f\u0430\u043d\u0438\u0439 \u0438\u0437 \u043f\u0440\u043e\u043c\u044b\u0448\u043b\u0435\u043d\u043d\u043e\u0433\u043e \u0441\u0435\u043a\u0442\u043e\u0440\u0430 \u0432 \u043a\u0430\u0447\u0435\u0441\u0442\u0432\u0435 \u043a\u043b\u0438\u0435\u043d\u0442\u043e\u0432 \u0438 \u0432\u044b\u0434\u0430\u044e\u0449\u0430\u044f\u0441\u044f \u043a\u043e\u043c\u0430\u043d\u0434\u0430 \u0443\u043c\u043d\u044b\u0445, \u0437\u0430\u0431\u0430\u0432\u043d\u044b\u0445, \u043b\u044e\u0431\u043e\u043f\u044b\u0442\u043d\u044b\u0445 \u0438 \u0442\u0432\u043e\u0440\u0447\u0435\u0441\u043a\u0438\u0445 \u043b\u044e\u0434\u0435\u0439. \u041d\u0430\u0448\u0430 \u043a\u043e\u043c\u0430\u043d\u0434\u0430 \u043f\u043e\u043c\u043e\u0433\u0430\u0435\u0442 \u043a\u043b\u0438\u0435\u043d\u0442\u0430\u043c \u043d\u0430\u0439\u0442\u0438 \u043e\u043f\u0442\u0438\u043c\u0430\u043b\u044c\u043d\u044b\u0435 \u0440\u0435\u0448\u0435\u043d\u0438\u044f \u0432 \u043e\u0431\u043b\u0430\u0441\u0442\u0438 \u043f\u0440\u043e\u043c\u044b\u0448\u043b\u0435\u043d\u043d\u043e\u0439 \u0438 \u043a\u043e\u0440\u043f\u0443\u0441\u043d\u043e\u0439 \u0442\u0435\u0445\u043d\u0438\u043a\u0438.[\/vc_column_text][\/vc_column][vc_column width=&#8221;1\/3&#8243; css=&#8221;.vc_custom_1536077348538{margin-bottom: 20px !important;padding-top: 0px !important;}&#8221;][vc_column_text css=&#8221;.vc_custom_1589275253809{margin-bottom: 28px !important;}&#8221; text_larger=&#8221;no&#8221;]BOXEXEXPERT &#8211; \u044d\u0442\u043e \u043e\u0442\u043a\u0440\u044b\u0442\u043e\u0441\u0442\u044c, \u043f\u0440\u043e\u0437\u0440\u0430\u0447\u043d\u043e\u0441\u0442\u044c \u0438 \u043e\u0431\u0449\u043d\u043e\u0441\u0442\u044c. \u0421\u043f\u0440\u0430\u0432\u0435\u0434\u043b\u0438\u0432\u043e\u0441\u0442\u044c \u0438 \u0434\u0435\u043c\u043e\u043a\u0440\u0430\u0442\u0438\u0447\u0435\u0441\u043a\u043e\u0435 \u0441\u043e\u0442\u0440\u0443\u0434\u043d\u0438\u0447\u0435\u0441\u0442\u0432\u043e \u0432\u043e \u0432\u0441\u0435\u0445 \u0432\u043e\u043f\u0440\u043e\u0441\u0430\u0445 \u044f\u0432\u043b\u044f\u044e\u0442\u0441\u044f \u0447\u0430\u0441\u0442\u044c\u044e \u0444\u0438\u043b\u043e\u0441\u043e\u0444\u0438\u0438 \u043a\u043e\u043c\u043f\u0430\u043d\u0438\u0438. \u0421\u043e\u0432\u0440\u0435\u043c\u0435\u043d\u043d\u044b\u0435 \u0442\u0435\u0445\u043d\u043e\u043b\u043e\u0433\u0438\u0438 \u043a\u043e\u043c\u043f\u0430\u043d\u0438\u0438, \u0437\u043d\u0430\u043a\u043e\u043c\u0430\u044f \u0440\u0430\u0431\u043e\u0447\u0430\u044f \u0430\u0442\u043c\u043e\u0441\u0444\u0435\u0440\u0430, \u0445\u043e\u0440\u043e\u0448\u0430\u044f \u0438\u043d\u0444\u0440\u0430\u0441\u0442\u0440\u0443\u043a\u0442\u0443\u0440\u0430 \u0438, \u043d\u0435 \u0432 \u043f\u043e\u0441\u043b\u0435\u0434\u043d\u044e\u044e \u043e\u0447\u0435\u0440\u0435\u0434\u044c, \u0441\u043f\u0440\u0430\u0432\u0435\u0434\u043b\u0438\u0432\u0430\u044f \u0437\u0430\u0440\u0430\u0431\u043e\u0442\u043d\u0430\u044f \u043f\u043b\u0430\u0442\u0430 \u044f\u0432\u043b\u044f\u044e\u0442\u0441\u044f \u0447\u0430\u0441\u0442\u044c\u044e \u043e\u0431\u0449\u0435\u0433\u043e \u043f\u0430\u043a\u0435\u0442\u0430 BOXEXPERT.[\/vc_column_text][vc_column_text css=&#8221;.vc_custom_1589275259105{margin-bottom: 20px !important;}&#8221; text_larger=&#8221;no&#8221;]\u041c\u044b \u0438\u043d\u0432\u0435\u0441\u0442\u0438\u0440\u0443\u0435\u043c \u0432 \u043e\u0431\u0443\u0447\u0435\u043d\u0438\u0435 \u0438 \u043f\u043e\u0432\u044b\u0448\u0435\u043d\u0438\u0435 \u043a\u0432\u0430\u043b\u0438\u0444\u0438\u043a\u0430\u0446\u0438\u0438 \u043d\u0430\u0448\u0438\u0445 \u0441\u043e\u0442\u0440\u0443\u0434\u043d\u0438\u043a\u043e\u0432 \u0438 \u043f\u0440\u0435\u0434\u043b\u0430\u0433\u0430\u0435\u043c \u0448\u0438\u0440\u043e\u043a\u0438\u0439 \u0441\u043f\u0435\u043a\u0442\u0440 \u0432\u043e\u0437\u043c\u043e\u0436\u043d\u043e\u0441\u0442\u0435\u0439 \u0434\u043b\u044f \u043f\u0440\u043e\u0444\u0435\u0441\u0441\u0438\u043e\u043d\u0430\u043b\u044c\u043d\u043e\u0433\u043e \u0438 \u043b\u0438\u0447\u043d\u043e\u0441\u0442\u043d\u043e\u0433\u043e \u0440\u0430\u0437\u0432\u0438\u0442\u0438\u044f. \u0414\u0430\u043b\u044c\u043d\u0435\u0439\u0448\u0435\u0435 \u043e\u0431\u0443\u0447\u0435\u043d\u0438\u0435 \u043c\u044b \u0440\u0430\u0441\u0441\u043c\u0430\u0442\u0440\u0438\u0432\u0430\u0435\u043c \u043a\u0430\u043a \u043f\u043e\u0434\u0434\u0435\u0440\u0436\u043a\u0443 \u043f\u0440\u043e\u0438\u0437\u0432\u043e\u0434\u0438\u0442\u0435\u043b\u044c\u043d\u043e\u0441\u0442\u0438.[\/vc_column_text][\/vc_column][\/vc_row][vc_row mobile_bg_img_hidden=&#8221;no&#8221; tablet_bg_img_hidden=&#8221;no&#8221; woodmart_parallax=&#8221;0&#8243; woodmart_gradient_switch=&#8221;no&#8221; row_reverse_mobile=&#8221;0&#8243; row_reverse_tablet=&#8221;0&#8243; woodmart_disable_overflow=&#8221;0&#8243;][vc_column]\n\t\t<div id=\"wd-5eba6a469dbec\" class=\"title-wrapper wd-wpb set-mb-s reset-last-child  wd-rs-5eba6a469dbec wd-title-color-primary wd-title-style-underlined wd-width-100 text-left vc_custom_1589275215657 wd-underline-colored\">\n\t\t\t\n\t\t\t<div class=\"liner-continer\">\n\t\t\t\t<h2 class=\"woodmart-title-container title  wd-font-weight- wd-fontsize-l\" ><strong>\u0422\u0415\u041a\u0423\u0429\u0418\u0415 \u0412\u0410\u041a\u0410\u041d\u0421\u0418\u0418<\/strong><\/h2>\n\t\t\t\t\t\t\t<\/div>\n\t\t\t\n\t\t\t\n\t\t\t\n\t\t<\/div>\n\t\t\n\t\t[vc_column_text text_larger=&#8221;no&#8221;]\t<div class=\"jobs-none-container\">\n\t\t<p>Aktuell sind keine offenen Stellen verf\u00fcgbar.<\/p>\n\t<\/div>\n\t[\/vc_column_text][\/vc_column][\/vc_row]<\/p>\n","protected":false},"excerpt":{"rendered":"<p>[vc_row full_width=&#8221;stretch_row_content&#8221; mobile_bg_img_hidden=&#8221;no&#8221; tablet_bg_img_hidden=&#8221;no&#8221; woodmart_parallax=&#8221;0&#8243; woodmart_gradient_switch=&#8221;no&#8221; row_reverse_mobile=&#8221;0&#8243; row_reverse_tablet=&#8221;0&#8243; woodmart_disable_overflow=&#8221;0&#8243; css=&#8221;.vc_custom_1585845046485{margin-top: -40px !important;margin-bottom: 4vh !important;}&#8221;][vc_column][\/vc_column][\/vc_row][vc_row mobile_bg_img_hidden=&#8221;no&#8221; tablet_bg_img_hidden=&#8221;no&#8221; woodmart_parallax=&#8221;0&#8243; woodmart_gradient_switch=&#8221;no&#8221; row_reverse_mobile=&#8221;0&#8243; row_reverse_tablet=&#8221;0&#8243;<\/p>\n","protected":false},"author":1,"featured_media":0,"parent":3834,"menu_order":0,"comment_status":"closed","ping_status":"closed","template":"","meta":[],"yoast_head":"<!-- This site is optimized with the Yoast SEO Premium plugin v18.4 (Yoast SEO v18.8) - https:\/\/yoast.com\/wordpress\/plugins\/seo\/ -->\n<title>\u041a\u0430\u0440\u044c\u0435\u0440\u0430 - BOXEXPERT - \u041f\u0440\u043e\u0444\u0435\u0441\u0441\u0438\u043e\u043d\u0430\u043b\u044c\u043d\u044b\u0435 \u043a\u043e\u0440\u043f\u0443\u0441\u043d\u044b\u0435 \u0440\u0435\u0448\u0435\u043d\u0438\u044f \u0434\u043b\u044f \u0441\u0430\u043c\u044b\u0445 \u0432\u044b\u0441\u043e\u043a\u0438\u0445 \u0442\u0440\u0435\u0431\u043e\u0432\u0430\u043d\u0438\u0439<\/title>\n<meta name=\"robots\" content=\"index, follow, max-snippet:-1, max-image-preview:large, max-video-preview:-1\" \/>\n<link rel=\"canonical\" href=\"https:\/\/box.lilleshop.de\/ru\/%d0%ba%d0%be%d0%bc%d0%bf%d0%b0%d0%bd%d0%b8%d1%8f\/%d0%ba%d0%b0%d1%80%d1%8c%d0%b5%d1%80%d0%b0\/\" \/>\n<meta property=\"og:locale\" content=\"ru_RU\" \/>\n<meta property=\"og:type\" content=\"article\" \/>\n<meta property=\"og:title\" content=\"\u041a\u0430\u0440\u044c\u0435\u0440\u0430\" \/>\n<meta property=\"og:description\" content=\"[vc_row full_width=&#8221;stretch_row_content&#8221; mobile_bg_img_hidden=&#8221;no&#8221; tablet_bg_img_hidden=&#8221;no&#8221; woodmart_parallax=&#8221;0&#8243; woodmart_gradient_switch=&#8221;no&#8221; row_reverse_mobile=&#8221;0&#8243; row_reverse_tablet=&#8221;0&#8243; woodmart_disable_overflow=&#8221;0&#8243; css=&#8221;.vc_custom_1585845046485{margin-top: -40px !important;margin-bottom: 4vh !important;}&#8221;][vc_column][\/vc_column][\/vc_row][vc_row mobile_bg_img_hidden=&#8221;no&#8221; tablet_bg_img_hidden=&#8221;no&#8221; woodmart_parallax=&#8221;0&#8243; woodmart_gradient_switch=&#8221;no&#8221; row_reverse_mobile=&#8221;0&#8243; row_reverse_tablet=&#8221;0&#8243;\" \/>\n<meta property=\"og:url\" content=\"https:\/\/box.lilleshop.de\/ru\/%d0%ba%d0%be%d0%bc%d0%bf%d0%b0%d0%bd%d0%b8%d1%8f\/%d0%ba%d0%b0%d1%80%d1%8c%d0%b5%d1%80%d0%b0\/\" \/>\n<meta property=\"og:site_name\" content=\"BOXEXPERT - \u041f\u0440\u043e\u0444\u0435\u0441\u0441\u0438\u043e\u043d\u0430\u043b\u044c\u043d\u044b\u0435 \u043a\u043e\u0440\u043f\u0443\u0441\u043d\u044b\u0435 \u0440\u0435\u0448\u0435\u043d\u0438\u044f \u0434\u043b\u044f \u0441\u0430\u043c\u044b\u0445 \u0432\u044b\u0441\u043e\u043a\u0438\u0445 \u0442\u0440\u0435\u0431\u043e\u0432\u0430\u043d\u0438\u0439\" \/>\n<meta property=\"article:modified_time\" content=\"2020-06-23T12:48:29+00:00\" \/>\n<meta name=\"twitter:card\" content=\"summary_large_image\" \/>\n<meta name=\"twitter:label1\" content=\"Est. reading time\" \/>\n\t<meta name=\"twitter:data1\" content=\"2 minutes\" \/>\n<script type=\"application\/ld+json\" class=\"yoast-schema-graph\">{\"@context\":\"https:\/\/schema.org\",\"@graph\":[{\"@type\":\"WebSite\",\"@id\":\"https:\/\/box.lilleshop.de\/#website\",\"url\":\"https:\/\/box.lilleshop.de\/\",\"name\":\"BOXEXPERT - Professionelle Geh\u00e4usel\u00f6sungen f\u00fcr h\u00f6chste Anspr\u00fcche\",\"description\":\"\u041f\u0440\u043e\u043c\u044b\u0448\u043b\u0435\u043d\u043d\u044b\u0435 \u043a\u043e\u0440\u043f\u0443\u0441\u0430, \u0440\u0430\u0441\u043f\u0440\u0435\u0434\u0435\u043b\u0438\u0442\u0435\u043b\u044c\u043d\u044b\u0435 \u0448\u043a\u0430\u0444\u044b, \u043c\u043e\u043d\u0442\u0430\u0436\u043d\u044b\u0435 \u043a\u043e\u0440\u043f\u0443\u0441\u0430, \u043a\u043e\u0440\u043e\u0431\u043a\u0438 \u043f\u0440\u0435\u0434\u043e\u0445\u0440\u0430\u043d\u0438\u0442\u0435\u043b\u0435\u0439 \u0438 \u0440\u0430\u0441\u043f\u0440\u0435\u0434\u0435\u043b\u0438\u0442\u0435\u043b\u044c\u043d\u044b\u0435 \u043a\u043e\u0440\u043e\u0431\u043a\u0438\",\"potentialAction\":[{\"@type\":\"SearchAction\",\"target\":{\"@type\":\"EntryPoint\",\"urlTemplate\":\"https:\/\/box.lilleshop.de\/?s={search_term_string}\"},\"query-input\":\"required name=search_term_string\"}],\"inLanguage\":\"ru-RU\"},{\"@type\":\"WebPage\",\"@id\":\"https:\/\/box.lilleshop.de\/ru\/%d0%ba%d0%be%d0%bc%d0%bf%d0%b0%d0%bd%d0%b8%d1%8f\/%d0%ba%d0%b0%d1%80%d1%8c%d0%b5%d1%80%d0%b0\/#webpage\",\"url\":\"https:\/\/box.lilleshop.de\/ru\/%d0%ba%d0%be%d0%bc%d0%bf%d0%b0%d0%bd%d0%b8%d1%8f\/%d0%ba%d0%b0%d1%80%d1%8c%d0%b5%d1%80%d0%b0\/\",\"name\":\"\u041a\u0430\u0440\u044c\u0435\u0440\u0430 - BOXEXPERT - \u041f\u0440\u043e\u0444\u0435\u0441\u0441\u0438\u043e\u043d\u0430\u043b\u044c\u043d\u044b\u0435 \u043a\u043e\u0440\u043f\u0443\u0441\u043d\u044b\u0435 \u0440\u0435\u0448\u0435\u043d\u0438\u044f \u0434\u043b\u044f \u0441\u0430\u043c\u044b\u0445 \u0432\u044b\u0441\u043e\u043a\u0438\u0445 \u0442\u0440\u0435\u0431\u043e\u0432\u0430\u043d\u0438\u0439\",\"isPartOf\":{\"@id\":\"https:\/\/box.lilleshop.de\/#website\"},\"datePublished\":\"2020-02-11T07:51:14+00:00\",\"dateModified\":\"2020-06-23T12:48:29+00:00\",\"breadcrumb\":{\"@id\":\"https:\/\/box.lilleshop.de\/ru\/%d0%ba%d0%be%d0%bc%d0%bf%d0%b0%d0%bd%d0%b8%d1%8f\/%d0%ba%d0%b0%d1%80%d1%8c%d0%b5%d1%80%d0%b0\/#breadcrumb\"},\"inLanguage\":\"ru-RU\",\"potentialAction\":[{\"@type\":\"ReadAction\",\"target\":[\"https:\/\/box.lilleshop.de\/ru\/%d0%ba%d0%be%d0%bc%d0%bf%d0%b0%d0%bd%d0%b8%d1%8f\/%d0%ba%d0%b0%d1%80%d1%8c%d0%b5%d1%80%d0%b0\/\"]}]},{\"@type\":\"BreadcrumbList\",\"@id\":\"https:\/\/box.lilleshop.de\/ru\/%d0%ba%d0%be%d0%bc%d0%bf%d0%b0%d0%bd%d0%b8%d1%8f\/%d0%ba%d0%b0%d1%80%d1%8c%d0%b5%d1%80%d0%b0\/#breadcrumb\",\"itemListElement\":[{\"@type\":\"ListItem\",\"position\":1,\"name\":\"Startseite\",\"item\":\"https:\/\/box.lilleshop.de\/ru\/\"},{\"@type\":\"ListItem\",\"position\":2,\"name\":\"\u041a\u043e\u043c\u043f\u0430\u043d\u0438\u044f\",\"item\":\"https:\/\/box.lilleshop.de\/ru\/%d0%ba%d0%be%d0%bc%d0%bf%d0%b0%d0%bd%d0%b8%d1%8f\/\"},{\"@type\":\"ListItem\",\"position\":3,\"name\":\"\u041a\u0430\u0440\u044c\u0435\u0440\u0430\"}]}]}<\/script>\n<!-- \/ Yoast SEO Premium plugin. -->","yoast_head_json":{"title":"\u041a\u0430\u0440\u044c\u0435\u0440\u0430 - BOXEXPERT - \u041f\u0440\u043e\u0444\u0435\u0441\u0441\u0438\u043e\u043d\u0430\u043b\u044c\u043d\u044b\u0435 \u043a\u043e\u0440\u043f\u0443\u0441\u043d\u044b\u0435 \u0440\u0435\u0448\u0435\u043d\u0438\u044f \u0434\u043b\u044f \u0441\u0430\u043c\u044b\u0445 \u0432\u044b\u0441\u043e\u043a\u0438\u0445 \u0442\u0440\u0435\u0431\u043e\u0432\u0430\u043d\u0438\u0439","robots":{"index":"index","follow":"follow","max-snippet":"max-snippet:-1","max-image-preview":"max-image-preview:large","max-video-preview":"max-video-preview:-1"},"canonical":"https:\/\/box.lilleshop.de\/ru\/%d0%ba%d0%be%d0%bc%d0%bf%d0%b0%d0%bd%d0%b8%d1%8f\/%d0%ba%d0%b0%d1%80%d1%8c%d0%b5%d1%80%d0%b0\/","og_locale":"ru_RU","og_type":"article","og_title":"\u041a\u0430\u0440\u044c\u0435\u0440\u0430","og_description":"[vc_row full_width=&#8221;stretch_row_content&#8221; mobile_bg_img_hidden=&#8221;no&#8221; tablet_bg_img_hidden=&#8221;no&#8221; woodmart_parallax=&#8221;0&#8243; woodmart_gradient_switch=&#8221;no&#8221; row_reverse_mobile=&#8221;0&#8243; row_reverse_tablet=&#8221;0&#8243; woodmart_disable_overflow=&#8221;0&#8243; css=&#8221;.vc_custom_1585845046485{margin-top: -40px !important;margin-bottom: 4vh !important;}&#8221;][vc_column][\/vc_column][\/vc_row][vc_row mobile_bg_img_hidden=&#8221;no&#8221; tablet_bg_img_hidden=&#8221;no&#8221; woodmart_parallax=&#8221;0&#8243; woodmart_gradient_switch=&#8221;no&#8221; row_reverse_mobile=&#8221;0&#8243; row_reverse_tablet=&#8221;0&#8243;","og_url":"https:\/\/box.lilleshop.de\/ru\/%d0%ba%d0%be%d0%bc%d0%bf%d0%b0%d0%bd%d0%b8%d1%8f\/%d0%ba%d0%b0%d1%80%d1%8c%d0%b5%d1%80%d0%b0\/","og_site_name":"BOXEXPERT - \u041f\u0440\u043e\u0444\u0435\u0441\u0441\u0438\u043e\u043d\u0430\u043b\u044c\u043d\u044b\u0435 \u043a\u043e\u0440\u043f\u0443\u0441\u043d\u044b\u0435 \u0440\u0435\u0448\u0435\u043d\u0438\u044f \u0434\u043b\u044f \u0441\u0430\u043c\u044b\u0445 \u0432\u044b\u0441\u043e\u043a\u0438\u0445 \u0442\u0440\u0435\u0431\u043e\u0432\u0430\u043d\u0438\u0439","article_modified_time":"2020-06-23T12:48:29+00:00","twitter_card":"summary_large_image","twitter_misc":{"Est. reading time":"2 minutes"},"schema":{"@context":"https:\/\/schema.org","@graph":[{"@type":"WebSite","@id":"https:\/\/box.lilleshop.de\/#website","url":"https:\/\/box.lilleshop.de\/","name":"BOXEXPERT - Professionelle Geh\u00e4usel\u00f6sungen f\u00fcr h\u00f6chste Anspr\u00fcche","description":"\u041f\u0440\u043e\u043c\u044b\u0448\u043b\u0435\u043d\u043d\u044b\u0435 \u043a\u043e\u0440\u043f\u0443\u0441\u0430, \u0440\u0430\u0441\u043f\u0440\u0435\u0434\u0435\u043b\u0438\u0442\u0435\u043b\u044c\u043d\u044b\u0435 \u0448\u043a\u0430\u0444\u044b, \u043c\u043e\u043d\u0442\u0430\u0436\u043d\u044b\u0435 \u043a\u043e\u0440\u043f\u0443\u0441\u0430, \u043a\u043e\u0440\u043e\u0431\u043a\u0438 \u043f\u0440\u0435\u0434\u043e\u0445\u0440\u0430\u043d\u0438\u0442\u0435\u043b\u0435\u0439 \u0438 \u0440\u0430\u0441\u043f\u0440\u0435\u0434\u0435\u043b\u0438\u0442\u0435\u043b\u044c\u043d\u044b\u0435 \u043a\u043e\u0440\u043e\u0431\u043a\u0438","potentialAction":[{"@type":"SearchAction","target":{"@type":"EntryPoint","urlTemplate":"https:\/\/box.lilleshop.de\/?s={search_term_string}"},"query-input":"required name=search_term_string"}],"inLanguage":"ru-RU"},{"@type":"WebPage","@id":"https:\/\/box.lilleshop.de\/ru\/%d0%ba%d0%be%d0%bc%d0%bf%d0%b0%d0%bd%d0%b8%d1%8f\/%d0%ba%d0%b0%d1%80%d1%8c%d0%b5%d1%80%d0%b0\/#webpage","url":"https:\/\/box.lilleshop.de\/ru\/%d0%ba%d0%be%d0%bc%d0%bf%d0%b0%d0%bd%d0%b8%d1%8f\/%d0%ba%d0%b0%d1%80%d1%8c%d0%b5%d1%80%d0%b0\/","name":"\u041a\u0430\u0440\u044c\u0435\u0440\u0430 - BOXEXPERT - \u041f\u0440\u043e\u0444\u0435\u0441\u0441\u0438\u043e\u043d\u0430\u043b\u044c\u043d\u044b\u0435 \u043a\u043e\u0440\u043f\u0443\u0441\u043d\u044b\u0435 \u0440\u0435\u0448\u0435\u043d\u0438\u044f \u0434\u043b\u044f \u0441\u0430\u043c\u044b\u0445 \u0432\u044b\u0441\u043e\u043a\u0438\u0445 \u0442\u0440\u0435\u0431\u043e\u0432\u0430\u043d\u0438\u0439","isPartOf":{"@id":"https:\/\/box.lilleshop.de\/#website"},"datePublished":"2020-02-11T07:51:14+00:00","dateModified":"2020-06-23T12:48:29+00:00","breadcrumb":{"@id":"https:\/\/box.lilleshop.de\/ru\/%d0%ba%d0%be%d0%bc%d0%bf%d0%b0%d0%bd%d0%b8%d1%8f\/%d0%ba%d0%b0%d1%80%d1%8c%d0%b5%d1%80%d0%b0\/#breadcrumb"},"inLanguage":"ru-RU","potentialAction":[{"@type":"ReadAction","target":["https:\/\/box.lilleshop.de\/ru\/%d0%ba%d0%be%d0%bc%d0%bf%d0%b0%d0%bd%d0%b8%d1%8f\/%d0%ba%d0%b0%d1%80%d1%8c%d0%b5%d1%80%d0%b0\/"]}]},{"@type":"BreadcrumbList","@id":"https:\/\/box.lilleshop.de\/ru\/%d0%ba%d0%be%d0%bc%d0%bf%d0%b0%d0%bd%d0%b8%d1%8f\/%d0%ba%d0%b0%d1%80%d1%8c%d0%b5%d1%80%d0%b0\/#breadcrumb","itemListElement":[{"@type":"ListItem","position":1,"name":"Startseite","item":"https:\/\/box.lilleshop.de\/ru\/"},{"@type":"ListItem","position":2,"name":"\u041a\u043e\u043c\u043f\u0430\u043d\u0438\u044f","item":"https:\/\/box.lilleshop.de\/ru\/%d0%ba%d0%be%d0%bc%d0%bf%d0%b0%d0%bd%d0%b8%d1%8f\/"},{"@type":"ListItem","position":3,"name":"\u041a\u0430\u0440\u044c\u0435\u0440\u0430"}]}]}},"_links":{"self":[{"href":"https:\/\/box.lilleshop.de\/ru\/wp-json\/wp\/v2\/pages\/4690"}],"collection":[{"href":"https:\/\/box.lilleshop.de\/ru\/wp-json\/wp\/v2\/pages"}],"about":[{"href":"https:\/\/box.lilleshop.de\/ru\/wp-json\/wp\/v2\/types\/page"}],"author":[{"embeddable":true,"href":"https:\/\/box.lilleshop.de\/ru\/wp-json\/wp\/v2\/users\/1"}],"replies":[{"embeddable":true,"href":"https:\/\/box.lilleshop.de\/ru\/wp-json\/wp\/v2\/comments?post=4690"}],"version-history":[{"count":4,"href":"https:\/\/box.lilleshop.de\/ru\/wp-json\/wp\/v2\/pages\/4690\/revisions"}],"predecessor-version":[{"id":11020,"href":"https:\/\/box.lilleshop.de\/ru\/wp-json\/wp\/v2\/pages\/4690\/revisions\/11020"}],"up":[{"embeddable":true,"href":"https:\/\/box.lilleshop.de\/ru\/wp-json\/wp\/v2\/pages\/3834"}],"wp:attachment":[{"href":"https:\/\/box.lilleshop.de\/ru\/wp-json\/wp\/v2\/media?parent=4690"}],"curies":[{"name":"wp","href":"https:\/\/api.w.org\/{rel}","templated":true}]}}