{"id":4639,"date":"2020-02-11T07:45:20","date_gmt":"2020-02-11T07:45:20","guid":{"rendered":"https:\/\/boxexpert.de\/firma\/logistik\/"},"modified":"2020-06-23T12:45:03","modified_gmt":"2020-06-23T12:45:03","slug":"logistyka","status":"publish","type":"page","link":"https:\/\/box.lilleshop.de\/pl\/firma\/logistyka\/","title":{"rendered":"Logistyka"},"content":{"rendered":"<p>[vc_row full_width=&#8221;stretch_row_content&#8221; mobile_bg_img_hidden=&#8221;no&#8221; tablet_bg_img_hidden=&#8221;no&#8221; woodmart_parallax=&#8221;0&#8243; woodmart_gradient_switch=&#8221;no&#8221; row_reverse_mobile=&#8221;0&#8243; row_reverse_tablet=&#8221;0&#8243; woodmart_disable_overflow=&#8221;0&#8243; css=&#8221;.vc_custom_1585845066216{margin-top: -40px !important;margin-bottom: 4vh !important;}&#8221;][vc_column]\n\t\t\t<!-- START logistik REVOLUTION SLIDER 6.5.21 --><p class=\"rs-p-wp-fix\"><\/p>\n\t\t\t<rs-module-wrap id=\"rev_slider_20_1_wrapper\" data-source=\"gallery\" style=\"visibility:hidden;background:transparent;padding:0;margin:0px auto;margin-top:0;margin-bottom:0;\">\n\t\t\t\t<rs-module id=\"rev_slider_20_1\" style=\"\" data-version=\"6.5.21\">\n\t\t\t\t\t<rs-slides>\n\t\t\t\t\t\t<rs-slide style=\"position: absolute;\" data-key=\"rs-188\" data-title=\"Slide\" data-anim=\"ms:1000;r:0;\" data-in=\"o:0;\" data-out=\"a:false;\">\n\t\t\t\t\t\t\t<img src=\"\/\/box.lilleshop.de\/wp-content\/plugins\/revslider\/public\/assets\/assets\/dummy.png\" alt=\"Das Logistikzentrum von Boxexpert sorgt f\u00fcr reichlich Lagerware an Geh\u00e4usen\" title=\"logistik1\" width=\"1600\" height=\"600\" class=\"rev-slidebg tp-rs-img rs-lazyload\" data-lazyload=\"\/\/box.lilleshop.de\/wp-content\/uploads\/2020\/03\/logistik1.jpg\" data-no-retina>\n<!--\n\t\t\t\t\t\t\t--><rs-layer\n\t\t\t\t\t\t\t\tid=\"slider-20-slide-188-layer-0\" \n\t\t\t\t\t\t\t\tdata-type=\"shape\"\n\t\t\t\t\t\t\t\tdata-rsp_ch=\"on\"\n\t\t\t\t\t\t\t\tdata-xy=\"x:428px;y:340px;\"\n\t\t\t\t\t\t\t\tdata-text=\"w:normal;\"\n\t\t\t\t\t\t\t\tdata-dim=\"w:517px;h:127px;\"\n\t\t\t\t\t\t\t\tdata-spike=\"r:top;\"\n\t\t\t\t\t\t\t\tdata-frame_0=\"x:left;\"\n\t\t\t\t\t\t\t\tdata-frame_1=\"st:400;sp:1000;\"\n\t\t\t\t\t\t\t\tdata-frame_999=\"o:0;st:w;\"\n\t\t\t\t\t\t\t\tstyle=\"z-index:5;background-color:rgba(54,132,187,0.95);\"\n\t\t\t\t\t\t\t> \n\t\t\t\t\t\t\t<\/rs-layer><!--\n\n\t\t\t\t\t\t\t--><rs-layer\n\t\t\t\t\t\t\t\tid=\"slider-20-slide-188-layer-1\" \n\t\t\t\t\t\t\t\tdata-type=\"text\"\n\t\t\t\t\t\t\t\tdata-color=\"#ffffff\"\n\t\t\t\t\t\t\t\tdata-rsp_ch=\"on\"\n\t\t\t\t\t\t\t\tdata-xy=\"x:454px;y:367px;\"\n\t\t\t\t\t\t\t\tdata-text=\"w:normal;s:27;l:34;fw:600;\"\n\t\t\t\t\t\t\t\tdata-frame_0=\"x:left;\"\n\t\t\t\t\t\t\t\tdata-frame_1=\"st:400;sp:1000;\"\n\t\t\t\t\t\t\t\tdata-frame_999=\"o:0;st:w;\"\n\t\t\t\t\t\t\t\tstyle=\"z-index:6;font-family:'Poppins';\"\n\t\t\t\t\t\t\t>WYSOKA DOST\u0118PNO\u015a\u0106 I WYBRANI <br \/>\nPARTNERZY LOGISTYCZNI \n\t\t\t\t\t\t\t<\/rs-layer><!--\n-->\t\t\t\t\t\t<\/rs-slide>\n\t\t\t\t\t<\/rs-slides>\n\t\t\t\t<\/rs-module>\n\t\t\t\t<script>\n\t\t\t\t\tsetREVStartSize({c: 'rev_slider_20_1',rl:[1240,1024,778,480],el:[500],gw:[1240],gh:[500],type:'standard',justify:'',layout:'fullwidth',mh:\"0\"});if (window.RS_MODULES!==undefined && window.RS_MODULES.modules!==undefined && window.RS_MODULES.modules[\"revslider201\"]!==undefined) {window.RS_MODULES.modules[\"revslider201\"].once = false;window.revapi20 = undefined;if (window.RS_MODULES.checkMinimal!==undefined) window.RS_MODULES.checkMinimal()}\n\t\t\t\t<\/script>\n\t\t\t<\/rs-module-wrap>\n\t\t\t<!-- END REVOLUTION SLIDER -->\n[\/vc_column][\/vc_row][vc_row mobile_bg_img_hidden=&#8221;no&#8221; tablet_bg_img_hidden=&#8221;no&#8221; woodmart_parallax=&#8221;0&#8243; woodmart_gradient_switch=&#8221;no&#8221; row_reverse_mobile=&#8221;0&#8243; row_reverse_tablet=&#8221;0&#8243; woodmart_disable_overflow=&#8221;0&#8243;][vc_column]\n\t\t<div id=\"wd-5eba62a17175b\" class=\"title-wrapper wd-wpb set-mb-s reset-last-child  wd-rs-5eba62a17175b wd-title-color-primary wd-title-style-underlined wd-width-100 text-left vc_custom_1589273253647 wd-underline-colored\">\n\t\t\t\n\t\t\t<div class=\"liner-continer\">\n\t\t\t\t<h1 class=\"woodmart-title-container title  wd-font-weight- wd-fontsize-xxl\" ><strong>LOGISTYKA<\/strong><\/h1>\n\t\t\t\t\t\t\t<\/div>\n\t\t\t\n\t\t\t\n\t\t\t\n\t\t<\/div>\n\t\t\n\t\t[\/vc_column][\/vc_row][vc_row full_width=&#8221;stretch_row&#8221; content_placement=&#8221;middle&#8221; css=&#8221;.vc_custom_1581684079743{margin-bottom: 2vh !important;}&#8221; mobile_bg_img_hidden=&#8221;no&#8221; tablet_bg_img_hidden=&#8221;no&#8221; woodmart_parallax=&#8221;0&#8243; woodmart_gradient_switch=&#8221;no&#8221; row_reverse_mobile=&#8221;0&#8243; row_reverse_tablet=&#8221;0&#8243; woodmart_disable_overflow=&#8221;0&#8243;][vc_column width=&#8221;1\/3&#8243; css=&#8221;.vc_custom_1490276860346{margin-bottom: 20px !important;padding-top: 0px !important;}&#8221;]\t\t<div id=\"gallery_277\" class=\"wd-images-gallery wd-justify-center wd-items-middle view-grid\" >\n\t\t\t<div class=\"gallery-images row wd-spacing-0\">\n\t\t\t\t\t\t\t\t\t\t\t\t\t\t\t<div class=\"wd-gallery-item col-lg-12 col-md-12 col-sm-12 col-12\">\n\t\t\t\t\t\t\t\n\t\t\t\t\t\t\t\t\t\t\t\t\t\t\t\t\t<img class=\"wd-gallery-image image-1 \" src=\"https:\/\/box.lilleshop.de\/wp-content\/uploads\/2020\/03\/logistik4.jpg\" width=\"600\" height=\"400\" alt=\"Das Logistikzentrum von Boxexpert sorgt f\u00fcr reichlich Lagerware an Geh\u00e4usen\" title=\"logistik4\" \/>\t\t\t\t\t\t\t\t\n\n\t\t\t\t\t\t\t\t\t\t\t\t\t\t<\/div>\n\t\t\t\t\t\t\t\t\t\t\t\t<\/div>\n\t\t<\/div>\n\t\t\t\t[\/vc_column][vc_column width=&#8221;1\/3&#8243; css=&#8221;.vc_custom_1536077344327{margin-bottom: 20px !important;padding-top: 0px !important;}&#8221;]\n\t\t<div id=\"wd-5eba62a8afea2\" class=\"title-wrapper wd-wpb set-mb-s reset-last-child  wd-rs-5eba62a8afea2 wd-title-color-primary wd-title-style-underlined wd-width-100 text-left vc_custom_1589273260914 wd-underline-colored\">\n\t\t\t\n\t\t\t<div class=\"liner-continer\">\n\t\t\t\t<h2 class=\"woodmart-title-container title  wd-font-weight- wd-fontsize-l\" >LOGISTYKA W SPOS\u00d3B HANZEATYCKI<\/h2>\n\t\t\t\t\t\t\t<\/div>\n\t\t\t\n\t\t\t\n\t\t\t\n\t\t<\/div>\n\t\t\n\t\t[vc_column_text css=&#8221;.vc_custom_1589273268144{margin-bottom: 20px !important;}&#8221; text_larger=&#8221;no&#8221;]Kompleksowa struktura logistyczna firmy BOXEXPERT pomaga zapewni\u0107 sprawny przebieg wszystkich proces\u00f3w. Centralna lokalizacja w Hamburgu obejmuje wszystkie obszary obs\u0142ugi naszej logistyki. Rozw\u00f3j i wytwarzanie produkt\u00f3w ma swoje \u017ar\u00f3d\u0142o w mie\u015bcie hanzeatyckim, jak r\u00f3wnie\u017c w sprzeda\u017cy, wsparciu i logistyce spedycyjnej. Podej\u015bcie zorientowane na klienta jest dla BOXEXPERT&#8217;a rzecz\u0105 oczywist\u0105.[\/vc_column_text][\/vc_column][vc_column width=&#8221;1\/3&#8243; css=&#8221;.vc_custom_1536077348538{margin-bottom: 20px !important;padding-top: 0px !important;}&#8221;][vc_column_text css=&#8221;.vc_custom_1589273275304{margin-bottom: 28px !important;}&#8221; text_larger=&#8221;no&#8221;]Dzi\u0119ki wybranym partnerom logistycznym i wysokiej dost\u0119pno\u015bci wszystkich produkt\u00f3w mo\u017cemy zagwarantowa\u0107 szybk\u0105 realizacj\u0119 wszystkich zam\u00f3wie\u0144. Zautomatyzowana i wieloj\u0119zyczna realizacja zam\u00f3wie\u0144 przyczynia si\u0119 do tego w zasadniczy spos\u00f3b.[\/vc_column_text][vc_column_text css=&#8221;.vc_custom_1589273281951{margin-bottom: 20px !important;}&#8221; text_larger=&#8221;no&#8221;]Je\u015bli trzeba b\u0119dzie za\u0142atwi\u0107 spraw\u0119 bardzo szybko, w przypadku du\u017cych dostaw oczywi\u015bcie dostarczymy Pa\u0144stwu nasze sprawy na ca\u0142y \u015bwiat w formie ekspresowej i zorganizujemy dla Pa\u0144stwa korespondencj\u0119 ze spedytorem. Przekonaj si\u0119 o naszej niezawodnej logistyce i zaufaj BOXEXPERT.[\/vc_column_text][\/vc_column][\/vc_row][vc_row full_width=&#8221;stretch_row&#8221; css=&#8221;.vc_custom_1581684138262{padding-top: 30px !important;background-color: #f9f9f9 !important;}&#8221; mobile_bg_img_hidden=&#8221;no&#8221; tablet_bg_img_hidden=&#8221;no&#8221; woodmart_parallax=&#8221;0&#8243; woodmart_gradient_switch=&#8221;no&#8221; row_reverse_mobile=&#8221;0&#8243; row_reverse_tablet=&#8221;0&#8243; woodmart_disable_overflow=&#8221;0&#8243;][vc_column css=&#8221;.vc_custom_1484657273903{padding-top: 0px !important;}&#8221;]\n\t\t<div id=\"wd-5eba62c6046ca\" class=\"title-wrapper wd-wpb set-mb-s reset-last-child  wd-rs-5eba62c6046ca wd-title-color-primary wd-title-style-underlined wd-width-100 text-left vc_custom_1589273290305 wd-underline-colored\">\n\t\t\t\n\t\t\t<div class=\"liner-continer\">\n\t\t\t\t<h4 class=\"woodmart-title-container title  wd-font-weight- wd-fontsize-l\" >KLUCZOWE FAKTY<\/h4>\n\t\t\t\t\t\t\t<\/div>\n\t\t\t\n\t\t\t\n\t\t\t\n\t\t<\/div>\n\t\t\n\t\t[vc_row_inner][vc_column_inner width=&#8221;1\/2&#8243;]\t\t\t<div id=\"wd-5eba62e3e072c\" class=\"wd-text-block-wrapper wd-wpb wd-rs-5eba62e3e072c color-scheme-custom wd-width-100 text-left vc_custom_1589273320737\">\n\t\t\t\t<div class=\"woodmart-title-container woodmart-text-block reset-last-child font-primary wd-font-weight-600 \">\n\t\t\t\t\t<\/p>\n<h3>Przetwarzanie przesy\u0142ek przez BOXEXPERT<\/h3>\n<p>\t\t\t\t<\/div>\n\n\t\t\t\t\t\t\t<\/div>\n\t\t[vc_column_text text_larger=&#8221;no&#8221;]BOXEXPERT pokrywa i starannie realizuje ca\u0142y proces wysy\u0142ki. Przesy\u0142ki s\u0105 dostarczane niezawodnie i na czas do miejsca przeznaczenia przez naszego partnera logistycznego, firm\u0119 UPS.<\/p>\n<p>Ponadto przejmujemy ca\u0142\u0105 organizacj\u0119 wraz ze spedycj\u0105 w zakresie dostawy palet i w razie potrzeby za\u0142atwiamy wszelkie niezb\u0119dne formalno\u015bci celne.[\/vc_column_text][\/vc_column_inner][vc_column_inner width=&#8221;1\/2&#8243;]\t\t\t<div id=\"wd-5eba62f0d6eec\" class=\"wd-text-block-wrapper wd-wpb wd-rs-5eba62f0d6eec color-scheme-custom wd-width-100 text-left vc_custom_1589273332865\">\n\t\t\t\t<div class=\"woodmart-title-container woodmart-text-block reset-last-child font-primary wd-font-weight-600 \">\n\t\t\t\t\t<\/p>\n<h3>Logistyka<\/h3>\n<p>\t\t\t\t<\/div>\n\n\t\t\t\t\t\t\t<\/div>\n\t\t[vc_column_text text_larger=&#8221;no&#8221;]Czy Twoja obudowa jest dalej przetwarzana, czy te\u017c trafia do Twojego \u0142a\u0144cucha produkcyjnego? A mo\u017ce zostanie on dostarczony bezpo\u015brednio do klienta? W obu przypadkach BOXEXPERT oferuje wsparcie, aby zapewni\u0107 Pa\u0144stwu pomoc logistyczn\u0105. Zar\u00f3wno je\u015bli chodzi o pakowanie, jak i dostaw\u0119, usi\u0105dziemy z Pa\u0144stwem na pocz\u0105tku, aby okre\u015bli\u0107 optymalny dla Pa\u0144stwa proces.[\/vc_column_text][\/vc_column_inner][\/vc_row_inner][vc_row_inner][vc_column_inner width=&#8221;1\/2&#8243;]\t\t\t<div id=\"wd-5eba62ff0ebb4\" class=\"wd-text-block-wrapper wd-wpb wd-rs-5eba62ff0ebb4 color-scheme-custom wd-width-100 text-left vc_custom_1589273346785\">\n\t\t\t\t<div class=\"woodmart-title-container woodmart-text-block reset-last-child font-primary wd-font-weight-600 \">\n\t\t\t\t\t<\/p>\n<h3>Wygodne zamawianie w systemie sklepowym<\/h3>\n<p>\t\t\t\t<\/div>\n\n\t\t\t\t\t\t\t<\/div>\n\t\t[vc_column_text text_larger=&#8221;no&#8221;]Nasz system sklepowy pozwala na wygodne zamawianie poprzez klikni\u0119cie w ca\u0142kowicie zautomatyzowanym \u015brodowisku. Dzi\u0119ki mo\u017cliwo\u015bciom filtrowania i czystej strukturze naszych kategorii produkt\u00f3w, mo\u017cna \u0142atwo i szybko znale\u017a\u0107 odpowiedni\u0105 dla siebie obudow\u0119.<\/p>\n<p>Je\u015bli wymagaj\u0105 Pa\u0144stwo indywidualizacji w postaci naszych us\u0142ug w zakresie obud\u00f3w, nasi pracownicy natychmiast zareaguj\u0105 na Pa\u0144stwa specjalne \u017cyczenia i w razie potrzeby doradz\u0105 Pa\u0144stwu bezpo\u015brednio na czacie online.[\/vc_column_text][\/vc_column_inner][vc_column_inner width=&#8221;1\/2&#8243;]\t\t\t<div id=\"wd-5eba6304d667d\" class=\"wd-text-block-wrapper wd-wpb wd-rs-5eba6304d667d color-scheme-custom wd-width-100 text-left vc_custom_1589273354157\">\n\t\t\t\t<div class=\"woodmart-title-container woodmart-text-block reset-last-child font-primary wd-font-weight-600 \">\n\t\t\t\t\t<\/p>\n<h3>Opakowanie<\/h3>\n<p>\t\t\t\t<\/div>\n\n\t\t\t\t\t\t\t<\/div>\n\t\t[vc_column_text text_larger=&#8221;no&#8221;]Je\u015bli produkt ma by\u0107 dostarczony bezpo\u015brednio do Twojego klienta, zapakujemy walizki bezpo\u015brednio do Twoich pude\u0142ek z Twoim listem przewozowym, je\u015bli chcesz, tak aby Tw\u00f3j klient nawet nie zauwa\u017cy\u0142, \u017ce dostawca by\u0142 rzeczywi\u015bcie kim\u015b innym.<\/p>\n<p>Je\u015bli obudowa jest dalej przetwarzana w produkcji i oszcz\u0119dzasz zasoby, mo\u017cliwa jest na przyk\u0142ad dostawa w opakowaniu panelowym.[\/vc_column_text][\/vc_column_inner][\/vc_row_inner][vc_row_inner][vc_column_inner width=&#8221;1\/2&#8243;]\t\t\t<div id=\"wd-5eba63221128d\" class=\"wd-text-block-wrapper wd-wpb wd-rs-5eba63221128d color-scheme-custom wd-width-100 text-left vc_custom_1589273381905\">\n\t\t\t\t<div class=\"woodmart-title-container woodmart-text-block reset-last-child font-primary wd-font-weight-600 \">\n\t\t\t\t\t<\/p>\n<h3>24\/7 i wysy\u0142ka tego samego dnia<\/h3>\n<p>\t\t\t\t<\/div>\n\n\t\t\t\t\t\t\t<\/div>\n\t\t[vc_column_text text_larger=&#8221;no&#8221;]Wysy\u0142amy nasze towary codziennie. W zale\u017cno\u015bci od czasu z\u0142o\u017cenia zam\u00f3wienia, wszystkie zam\u00f3wienia s\u0105 przekazywane naszemu partnerowi logistycznemu najp\u00f3\u017aniej nast\u0119pnego dnia roboczego i z regu\u0142y powinny by\u0107 u Pa\u0144stwa w nast\u0119pnym dniu roboczym.<\/p>\n<p>Zam\u00f3wienia otrzymane za po\u015brednictwem naszego sklepu internetowego przed godzin\u0105 14:00 zostan\u0105 wys\u0142ane tego samego dnia, tak wi\u0119c od momentu z\u0142o\u017cenia zam\u00f3wienia do momentu otrzymania towaru minie mniej ni\u017c 24 godziny.[\/vc_column_text][\/vc_column_inner][vc_column_inner width=&#8221;1\/2&#8243;]\t\t\t<div id=\"wd-5eba632d99f83\" class=\"wd-text-block-wrapper wd-wpb wd-rs-5eba632d99f83 color-scheme-custom wd-width-100 text-left vc_custom_1589273393108\">\n\t\t\t\t<div class=\"woodmart-title-container woodmart-text-block reset-last-child font-primary wd-font-weight-600 \">\n\t\t\t\t\t<\/p>\n<h3>Dostawa<\/h3>\n<p>\t\t\t\t<\/div>\n\n\t\t\t\t\t\t\t<\/div>\n\t\t[vc_column_text text_larger=&#8221;no&#8221;]Je\u015bli potrzebujecie Pa\u0144stwo pewno\u015bci, \u017ce zawsze b\u0119dziecie mogli upa\u015b\u0107 na \u017c\u0105dan\u0105 ilo\u015b\u0107 obud\u00f3w, ale nie macie dost\u0119pnej pojemno\u015bci magazynowej, z przyjemno\u015bci\u0105 zaproponujemy Pa\u0144stwu zawarcie zam\u00f3wienia na koc. W ten spos\u00f3b zawsze utrzymujemy dla Pa\u0144stwa wymagan\u0105 ilo\u015b\u0107 obud\u00f3w przez okre\u015blony czas, tak aby\u015bcie mogli Pa\u0144stwo w \u0142atwy spos\u00f3b wywo\u0142a\u0107 je od nas partiami. Daje to mo\u017cliwo\u015b\u0107 elastycznego dzia\u0142ania w kr\u00f3tkim czasie. Nawet je\u015bli po\u0142owa cz\u0119\u015bci, takich jak pokrywa obudowy lub akcesoria, ma by\u0107 wys\u0142ana na r\u00f3\u017cne adresy dostawy, ch\u0119tnie pomo\u017cemy Ci w realizacji.<\/p>\n<p>Ch\u0119tnie doradzimy Ci jeszcze przed pierwszym zam\u00f3wieniem, poniewa\u017c chcemy da\u0107 Ci przestrze\u0144 do skoncentrowania si\u0119 na swojej podstawowej dzia\u0142alno\u015bci.[\/vc_column_text][\/vc_column_inner][\/vc_row_inner][\/vc_column][\/vc_row]<\/p>\n","protected":false},"excerpt":{"rendered":"<p>[vc_row full_width=&#8221;stretch_row_content&#8221; mobile_bg_img_hidden=&#8221;no&#8221; tablet_bg_img_hidden=&#8221;no&#8221; woodmart_parallax=&#8221;0&#8243; woodmart_gradient_switch=&#8221;no&#8221; row_reverse_mobile=&#8221;0&#8243; row_reverse_tablet=&#8221;0&#8243; woodmart_disable_overflow=&#8221;0&#8243; css=&#8221;.vc_custom_1585845066216{margin-top: -40px !important;margin-bottom: 4vh !important;}&#8221;][vc_column][\/vc_column][\/vc_row][vc_row mobile_bg_img_hidden=&#8221;no&#8221; tablet_bg_img_hidden=&#8221;no&#8221; woodmart_parallax=&#8221;0&#8243; woodmart_gradient_switch=&#8221;no&#8221; row_reverse_mobile=&#8221;0&#8243; row_reverse_tablet=&#8221;0&#8243;<\/p>\n","protected":false},"author":1,"featured_media":0,"parent":3830,"menu_order":0,"comment_status":"closed","ping_status":"closed","template":"","meta":[],"yoast_head":"<!-- This site is optimized with the Yoast SEO Premium plugin v18.4 (Yoast SEO v18.8) - https:\/\/yoast.com\/wordpress\/plugins\/seo\/ -->\n<title>Logistyka - BOXEXPERT - Profesjonalne rozwi\u0105zania obud\u00f3w dla najwy\u017cszych wymaga\u0144<\/title>\n<meta name=\"robots\" content=\"index, follow, max-snippet:-1, max-image-preview:large, max-video-preview:-1\" \/>\n<link rel=\"canonical\" href=\"https:\/\/box.lilleshop.de\/pl\/firma\/logistyka\/\" \/>\n<meta property=\"og:locale\" content=\"pl_PL\" \/>\n<meta property=\"og:type\" content=\"article\" \/>\n<meta property=\"og:title\" content=\"Logistyka\" \/>\n<meta property=\"og:description\" content=\"[vc_row full_width=&#8221;stretch_row_content&#8221; mobile_bg_img_hidden=&#8221;no&#8221; tablet_bg_img_hidden=&#8221;no&#8221; woodmart_parallax=&#8221;0&#8243; woodmart_gradient_switch=&#8221;no&#8221; row_reverse_mobile=&#8221;0&#8243; row_reverse_tablet=&#8221;0&#8243; woodmart_disable_overflow=&#8221;0&#8243; css=&#8221;.vc_custom_1585845066216{margin-top: -40px !important;margin-bottom: 4vh !important;}&#8221;][vc_column][\/vc_column][\/vc_row][vc_row mobile_bg_img_hidden=&#8221;no&#8221; tablet_bg_img_hidden=&#8221;no&#8221; woodmart_parallax=&#8221;0&#8243; woodmart_gradient_switch=&#8221;no&#8221; row_reverse_mobile=&#8221;0&#8243; row_reverse_tablet=&#8221;0&#8243;\" \/>\n<meta property=\"og:url\" content=\"https:\/\/box.lilleshop.de\/pl\/firma\/logistyka\/\" \/>\n<meta property=\"og:site_name\" content=\"BOXEXPERT - Profesjonalne rozwi\u0105zania obud\u00f3w dla najwy\u017cszych wymaga\u0144\" \/>\n<meta property=\"article:modified_time\" content=\"2020-06-23T12:45:03+00:00\" \/>\n<meta name=\"twitter:card\" content=\"summary_large_image\" \/>\n<meta name=\"twitter:label1\" content=\"Szacowany czas czytania\" \/>\n\t<meta name=\"twitter:data1\" content=\"8 minut\" \/>\n<script type=\"application\/ld+json\" class=\"yoast-schema-graph\">{\"@context\":\"https:\/\/schema.org\",\"@graph\":[{\"@type\":\"WebSite\",\"@id\":\"https:\/\/box.lilleshop.de\/#website\",\"url\":\"https:\/\/box.lilleshop.de\/\",\"name\":\"BOXEXPERT - Professionelle Geh\u00e4usel\u00f6sungen f\u00fcr h\u00f6chste Anspr\u00fcche\",\"description\":\"Obudowy przemys\u0142owe, szafy rozdzielcze, obudowy instalacyjne, skrzynki bezpiecznikowe i rozdzielcze\",\"potentialAction\":[{\"@type\":\"SearchAction\",\"target\":{\"@type\":\"EntryPoint\",\"urlTemplate\":\"https:\/\/box.lilleshop.de\/?s={search_term_string}\"},\"query-input\":\"required name=search_term_string\"}],\"inLanguage\":\"pl-PL\"},{\"@type\":\"WebPage\",\"@id\":\"https:\/\/box.lilleshop.de\/pl\/firma\/logistyka\/#webpage\",\"url\":\"https:\/\/box.lilleshop.de\/pl\/firma\/logistyka\/\",\"name\":\"Logistyka - BOXEXPERT - Profesjonalne rozwi\u0105zania obud\u00f3w dla najwy\u017cszych wymaga\u0144\",\"isPartOf\":{\"@id\":\"https:\/\/box.lilleshop.de\/#website\"},\"datePublished\":\"2020-02-11T07:45:20+00:00\",\"dateModified\":\"2020-06-23T12:45:03+00:00\",\"breadcrumb\":{\"@id\":\"https:\/\/box.lilleshop.de\/pl\/firma\/logistyka\/#breadcrumb\"},\"inLanguage\":\"pl-PL\",\"potentialAction\":[{\"@type\":\"ReadAction\",\"target\":[\"https:\/\/box.lilleshop.de\/pl\/firma\/logistyka\/\"]}]},{\"@type\":\"BreadcrumbList\",\"@id\":\"https:\/\/box.lilleshop.de\/pl\/firma\/logistyka\/#breadcrumb\",\"itemListElement\":[{\"@type\":\"ListItem\",\"position\":1,\"name\":\"Startseite\",\"item\":\"https:\/\/box.lilleshop.de\/pl\/\"},{\"@type\":\"ListItem\",\"position\":2,\"name\":\"Firma\",\"item\":\"https:\/\/box.lilleshop.de\/pl\/firma\/\"},{\"@type\":\"ListItem\",\"position\":3,\"name\":\"Logistyka\"}]}]}<\/script>\n<!-- \/ Yoast SEO Premium plugin. -->","yoast_head_json":{"title":"Logistyka - BOXEXPERT - Profesjonalne rozwi\u0105zania obud\u00f3w dla najwy\u017cszych wymaga\u0144","robots":{"index":"index","follow":"follow","max-snippet":"max-snippet:-1","max-image-preview":"max-image-preview:large","max-video-preview":"max-video-preview:-1"},"canonical":"https:\/\/box.lilleshop.de\/pl\/firma\/logistyka\/","og_locale":"pl_PL","og_type":"article","og_title":"Logistyka","og_description":"[vc_row full_width=&#8221;stretch_row_content&#8221; mobile_bg_img_hidden=&#8221;no&#8221; tablet_bg_img_hidden=&#8221;no&#8221; woodmart_parallax=&#8221;0&#8243; woodmart_gradient_switch=&#8221;no&#8221; row_reverse_mobile=&#8221;0&#8243; row_reverse_tablet=&#8221;0&#8243; woodmart_disable_overflow=&#8221;0&#8243; css=&#8221;.vc_custom_1585845066216{margin-top: -40px !important;margin-bottom: 4vh !important;}&#8221;][vc_column][\/vc_column][\/vc_row][vc_row mobile_bg_img_hidden=&#8221;no&#8221; tablet_bg_img_hidden=&#8221;no&#8221; woodmart_parallax=&#8221;0&#8243; woodmart_gradient_switch=&#8221;no&#8221; row_reverse_mobile=&#8221;0&#8243; row_reverse_tablet=&#8221;0&#8243;","og_url":"https:\/\/box.lilleshop.de\/pl\/firma\/logistyka\/","og_site_name":"BOXEXPERT - Profesjonalne rozwi\u0105zania obud\u00f3w dla najwy\u017cszych wymaga\u0144","article_modified_time":"2020-06-23T12:45:03+00:00","twitter_card":"summary_large_image","twitter_misc":{"Szacowany czas czytania":"8 minut"},"schema":{"@context":"https:\/\/schema.org","@graph":[{"@type":"WebSite","@id":"https:\/\/box.lilleshop.de\/#website","url":"https:\/\/box.lilleshop.de\/","name":"BOXEXPERT - Professionelle Geh\u00e4usel\u00f6sungen f\u00fcr h\u00f6chste Anspr\u00fcche","description":"Obudowy przemys\u0142owe, szafy rozdzielcze, obudowy instalacyjne, skrzynki bezpiecznikowe i rozdzielcze","potentialAction":[{"@type":"SearchAction","target":{"@type":"EntryPoint","urlTemplate":"https:\/\/box.lilleshop.de\/?s={search_term_string}"},"query-input":"required name=search_term_string"}],"inLanguage":"pl-PL"},{"@type":"WebPage","@id":"https:\/\/box.lilleshop.de\/pl\/firma\/logistyka\/#webpage","url":"https:\/\/box.lilleshop.de\/pl\/firma\/logistyka\/","name":"Logistyka - BOXEXPERT - Profesjonalne rozwi\u0105zania obud\u00f3w dla najwy\u017cszych wymaga\u0144","isPartOf":{"@id":"https:\/\/box.lilleshop.de\/#website"},"datePublished":"2020-02-11T07:45:20+00:00","dateModified":"2020-06-23T12:45:03+00:00","breadcrumb":{"@id":"https:\/\/box.lilleshop.de\/pl\/firma\/logistyka\/#breadcrumb"},"inLanguage":"pl-PL","potentialAction":[{"@type":"ReadAction","target":["https:\/\/box.lilleshop.de\/pl\/firma\/logistyka\/"]}]},{"@type":"BreadcrumbList","@id":"https:\/\/box.lilleshop.de\/pl\/firma\/logistyka\/#breadcrumb","itemListElement":[{"@type":"ListItem","position":1,"name":"Startseite","item":"https:\/\/box.lilleshop.de\/pl\/"},{"@type":"ListItem","position":2,"name":"Firma","item":"https:\/\/box.lilleshop.de\/pl\/firma\/"},{"@type":"ListItem","position":3,"name":"Logistyka"}]}]}},"_links":{"self":[{"href":"https:\/\/box.lilleshop.de\/pl\/wp-json\/wp\/v2\/pages\/4639"}],"collection":[{"href":"https:\/\/box.lilleshop.de\/pl\/wp-json\/wp\/v2\/pages"}],"about":[{"href":"https:\/\/box.lilleshop.de\/pl\/wp-json\/wp\/v2\/types\/page"}],"author":[{"embeddable":true,"href":"https:\/\/box.lilleshop.de\/pl\/wp-json\/wp\/v2\/users\/1"}],"replies":[{"embeddable":true,"href":"https:\/\/box.lilleshop.de\/pl\/wp-json\/wp\/v2\/comments?post=4639"}],"version-history":[{"count":4,"href":"https:\/\/box.lilleshop.de\/pl\/wp-json\/wp\/v2\/pages\/4639\/revisions"}],"predecessor-version":[{"id":11009,"href":"https:\/\/box.lilleshop.de\/pl\/wp-json\/wp\/v2\/pages\/4639\/revisions\/11009"}],"up":[{"embeddable":true,"href":"https:\/\/box.lilleshop.de\/pl\/wp-json\/wp\/v2\/pages\/3830"}],"wp:attachment":[{"href":"https:\/\/box.lilleshop.de\/pl\/wp-json\/wp\/v2\/media?parent=4639"}],"curies":[{"name":"wp","href":"https:\/\/api.w.org\/{rel}","templated":true}]}}