{"id":4540,"date":"2020-02-11T07:45:02","date_gmt":"2020-02-11T07:45:02","guid":{"rendered":"https:\/\/boxexpert.de\/firma\/qualitaet\/"},"modified":"2020-06-23T12:44:54","modified_gmt":"2020-06-23T12:44:54","slug":"jakosc","status":"publish","type":"page","link":"https:\/\/box.lilleshop.de\/pl\/firma\/jakosc\/","title":{"rendered":"Jako\u015b\u0107"},"content":{"rendered":"<p>[vc_row full_width=&#8221;stretch_row_content&#8221; mobile_bg_img_hidden=&#8221;no&#8221; tablet_bg_img_hidden=&#8221;no&#8221; woodmart_parallax=&#8221;0&#8243; woodmart_gradient_switch=&#8221;no&#8221; row_reverse_mobile=&#8221;0&#8243; row_reverse_tablet=&#8221;0&#8243; woodmart_disable_overflow=&#8221;0&#8243; css=&#8221;.vc_custom_1585845378745{margin-top: -40px !important;margin-bottom: 4vh !important;}&#8221;][vc_column]\n\t\t\t<!-- START qualit\u00e4t REVOLUTION SLIDER 6.5.21 --><p class=\"rs-p-wp-fix\"><\/p>\n\t\t\t<rs-module-wrap id=\"rev_slider_18_1_wrapper\" data-source=\"gallery\" style=\"visibility:hidden;background:transparent;padding:0;margin:0px auto;margin-top:0;margin-bottom:0;\">\n\t\t\t\t<rs-module id=\"rev_slider_18_1\" style=\"\" data-version=\"6.5.21\">\n\t\t\t\t\t<rs-slides>\n\t\t\t\t\t\t<rs-slide style=\"position: absolute;\" data-key=\"rs-204\" data-title=\"Slide\" data-anim=\"ms:1000;r:0;\" data-in=\"o:0;\" data-out=\"a:false;\">\n\t\t\t\t\t\t\t<img src=\"\/\/box.lilleshop.de\/wp-content\/plugins\/revslider\/public\/assets\/assets\/dummy.png\" alt=\"Die Qualit\u00e4t unserer Geh\u00e4use ist uns sehr wichtig, QUALIT\u00c4T schreiben wir gro\u00df!\" title=\"qualita\u0308t3\" width=\"1600\" height=\"600\" class=\"rev-slidebg tp-rs-img rs-lazyload\" data-lazyload=\"\/\/box.lilleshop.de\/wp-content\/uploads\/2020\/03\/qualita\u0308t3.jpg\" data-no-retina>\n<!--\n\t\t\t\t\t\t\t--><rs-layer\n\t\t\t\t\t\t\t\tid=\"slider-18-slide-204-layer-0\" \n\t\t\t\t\t\t\t\tdata-type=\"shape\"\n\t\t\t\t\t\t\t\tdata-rsp_ch=\"on\"\n\t\t\t\t\t\t\t\tdata-xy=\"x:428px;y:340px;\"\n\t\t\t\t\t\t\t\tdata-text=\"w:normal;\"\n\t\t\t\t\t\t\t\tdata-dim=\"w:674px;h:127px;\"\n\t\t\t\t\t\t\t\tdata-spike=\"r:top;\"\n\t\t\t\t\t\t\t\tdata-frame_0=\"x:left;\"\n\t\t\t\t\t\t\t\tdata-frame_1=\"st:400;sp:1000;\"\n\t\t\t\t\t\t\t\tdata-frame_999=\"o:0;st:w;\"\n\t\t\t\t\t\t\t\tstyle=\"z-index:5;background-color:rgba(54,132,187,0.95);\"\n\t\t\t\t\t\t\t> \n\t\t\t\t\t\t\t<\/rs-layer><!--\n\n\t\t\t\t\t\t\t--><rs-layer\n\t\t\t\t\t\t\t\tid=\"slider-18-slide-204-layer-1\" \n\t\t\t\t\t\t\t\tdata-type=\"text\"\n\t\t\t\t\t\t\t\tdata-color=\"#ffffff\"\n\t\t\t\t\t\t\t\tdata-rsp_ch=\"on\"\n\t\t\t\t\t\t\t\tdata-xy=\"x:454px;y:367px;\"\n\t\t\t\t\t\t\t\tdata-text=\"w:normal;s:27;l:34;fw:600;\"\n\t\t\t\t\t\t\t\tdata-frame_0=\"x:left;\"\n\t\t\t\t\t\t\t\tdata-frame_1=\"st:400;sp:1000;\"\n\t\t\t\t\t\t\t\tdata-frame_999=\"o:0;st:w;\"\n\t\t\t\t\t\t\t\tstyle=\"z-index:6;font-family:'Poppins';\"\n\t\t\t\t\t\t\t>EKSKLUZYWNA TECHNOLOGIA MIESZKANIOWA<br \/>\nDLA NAJWY\u017bSZYCH WYMAGA\u0143 \n\t\t\t\t\t\t\t<\/rs-layer><!--\n-->\t\t\t\t\t\t<\/rs-slide>\n\t\t\t\t\t<\/rs-slides>\n\t\t\t\t<\/rs-module>\n\t\t\t\t<script>\n\t\t\t\t\tsetREVStartSize({c: 'rev_slider_18_1',rl:[1240,1024,778,480],el:[500],gw:[1240],gh:[500],type:'standard',justify:'',layout:'fullwidth',mh:\"0\"});if (window.RS_MODULES!==undefined && window.RS_MODULES.modules!==undefined && window.RS_MODULES.modules[\"revslider181\"]!==undefined) {window.RS_MODULES.modules[\"revslider181\"].once = false;window.revapi18 = undefined;if (window.RS_MODULES.checkMinimal!==undefined) window.RS_MODULES.checkMinimal()}\n\t\t\t\t<\/script>\n\t\t\t<\/rs-module-wrap>\n\t\t\t<!-- END REVOLUTION SLIDER -->\n[\/vc_column][\/vc_row][vc_row mobile_bg_img_hidden=&#8221;no&#8221; tablet_bg_img_hidden=&#8221;no&#8221; woodmart_parallax=&#8221;0&#8243; woodmart_gradient_switch=&#8221;no&#8221; row_reverse_mobile=&#8221;0&#8243; row_reverse_tablet=&#8221;0&#8243; woodmart_disable_overflow=&#8221;0&#8243;][vc_column]\n\t\t<div id=\"wd-5eba402218e3f\" class=\"title-wrapper wd-wpb set-mb-s reset-last-child  wd-rs-5eba402218e3f wd-title-color-primary wd-title-style-underlined wd-width-100 text-left vc_custom_1589264425231 wd-underline-colored\">\n\t\t\t\n\t\t\t<div class=\"liner-continer\">\n\t\t\t\t<h1 class=\"woodmart-title-container title  wd-font-weight- wd-fontsize-xxl\" ><strong>JAKO\u015a\u0106 JAKO CZYNNIK SUKCESU<\/strong><\/h1>\n\t\t\t\t\t\t\t<\/div>\n\t\t\t\n\t\t\t\n\t\t\t\n\t\t<\/div>\n\t\t\n\t\t[\/vc_column][\/vc_row][vc_row full_width=&#8221;stretch_row&#8221; content_placement=&#8221;top&#8221; css=&#8221;.vc_custom_1586167721245{margin-bottom: 2vh !important;}&#8221; mobile_bg_img_hidden=&#8221;no&#8221; tablet_bg_img_hidden=&#8221;no&#8221; woodmart_parallax=&#8221;0&#8243; woodmart_gradient_switch=&#8221;no&#8221; row_reverse_mobile=&#8221;0&#8243; row_reverse_tablet=&#8221;0&#8243; woodmart_disable_overflow=&#8221;0&#8243;][vc_column width=&#8221;1\/3&#8243; css=&#8221;.vc_custom_1490276860346{margin-bottom: 20px !important;padding-top: 0px !important;}&#8221;]\t\t<div id=\"gallery_574\" class=\"wd-images-gallery wd-justify-center wd-items-middle view-grid\" >\n\t\t\t<div class=\"gallery-images row wd-spacing-0\">\n\t\t\t\t\t\t\t\t\t\t\t\t\t\t\t<div class=\"wd-gallery-item col-lg-12 col-md-12 col-sm-12 col-12\">\n\t\t\t\t\t\t\t\n\t\t\t\t\t\t\t\t\t\t\t\t\t\t\t\t\t<img class=\"wd-gallery-image image-1 \" src=\"https:\/\/box.lilleshop.de\/wp-content\/uploads\/2020\/03\/qualitaet-boxexpert2.jpg\" width=\"600\" height=\"400\" alt=\"Male Engineer Quality Controlling Components In Factory\" title=\"Male Engineer Quality Controlling Components In Factory\" \/>\t\t\t\t\t\t\t\t\n\n\t\t\t\t\t\t\t\t\t\t\t\t\t\t<\/div>\n\t\t\t\t\t\t\t\t\t\t\t\t<\/div>\n\t\t<\/div>\n\t\t\t\t[\/vc_column][vc_column width=&#8221;1\/3&#8243; css=&#8221;.vc_custom_1536077344327{margin-bottom: 20px !important;padding-top: 0px !important;}&#8221;]\n\t\t<div id=\"wd-5eba40d284784\" class=\"title-wrapper wd-wpb set-mb-s reset-last-child  wd-rs-5eba40d284784 wd-title-color-primary wd-title-style-underlined wd-width-100 text-left vc_custom_1589264601214 wd-underline-colored\">\n\t\t\t\n\t\t\t<div class=\"liner-continer\">\n\t\t\t\t<h2 class=\"woodmart-title-container title  wd-font-weight- wd-fontsize-l\" >NASZ\u0160 AMBICJ\u0160 JEST WASZA SATYSFAKCJA<\/h2>\n\t\t\t\t\t\t\t<\/div>\n\t\t\t\n\t\t\t\n\t\t\t\n\t\t<\/div>\n\t\t\n\t\t[vc_column_text css=&#8221;.vc_custom_1589264695771{margin-bottom: 20px !important;}&#8221; text_larger=&#8221;no&#8221;]BOXEXPERT oznacza najwy\u017csze standardy technologii obud\u00f3w i najwy\u017csze wymagania dotycz\u0105ce w\u0142asnej jako\u015bci. Wszyscy pracownicy codziennie stawiaj\u0105 czo\u0142a tym wymaganiom i realizuj\u0105 je z pe\u0142nym zaanga\u017cowaniem. Poniewa\u017c w interakcji z osob\u0105 na osob\u0119 jest wa\u017cniejsza ni\u017c dostarczona technologia. Liczy si\u0119 tylko satysfakcja. I to jest nasza motywacja. Ka\u017cdego dnia na nowo.[\/vc_column_text][\/vc_column][vc_column width=&#8221;1\/3&#8243; css=&#8221;.vc_custom_1536077348538{margin-bottom: 20px !important;padding-top: 0px !important;}&#8221;][vc_column_text css=&#8221;.vc_custom_1589264891752{margin-bottom: 28px !important;}&#8221; text_larger=&#8221;no&#8221;]Wa\u017cna dla nas norma: certyfikacja zgodnie z DIN EN ISO9001, kt\u00f3r\u0105 BOXEXPERT posiada od wielu lat i kt\u00f3ra jest corocznie sprawdzana przez T\u00dcV. Niezb\u0119dnym warunkiem jest pokazanie naszym klientom certyfikowanego systemu zarz\u0105dzania o zoptymalizowanym przep\u0142ywie proces\u00f3w: Mo\u017cna nam zdecydowanie zaufa\u0107.[\/vc_column_text][vc_column_text css=&#8221;.vc_custom_1589264897350{margin-bottom: 20px !important;}&#8221; text_larger=&#8221;no&#8221;]Ponadto posiadamy deklaracje zgodno\u015bci CE dla wszystkich produkt\u00f3w, kt\u00f3re s\u0105 podstaw\u0105 do wprowadzenia do obrotu w Europejskim Obszarze Gospodarczym. Podobnie, dla wielu grup produkt\u00f3w dost\u0119pne s\u0105 kolejne certyfikaty dla rynk\u00f3w ameryka\u0144skich i kanadyjskich (UL i CSA).[\/vc_column_text][\/vc_column][\/vc_row][vc_row full_width=&#8221;stretch_row&#8221; css=&#8221;.vc_custom_1581684138262{padding-top: 30px !important;background-color: #f9f9f9 !important;}&#8221; mobile_bg_img_hidden=&#8221;no&#8221; tablet_bg_img_hidden=&#8221;no&#8221; woodmart_parallax=&#8221;0&#8243; woodmart_gradient_switch=&#8221;no&#8221; row_reverse_mobile=&#8221;0&#8243; row_reverse_tablet=&#8221;0&#8243; woodmart_disable_overflow=&#8221;0&#8243;][vc_column css=&#8221;.vc_custom_1484657273903{padding-top: 0px !important;}&#8221;]\n\t\t<div id=\"wd-5eba43873cbd8\" class=\"title-wrapper wd-wpb set-mb-s reset-last-child  wd-rs-5eba43873cbd8 wd-title-color-primary wd-title-style-underlined wd-width-100 text-left vc_custom_1589265302118 wd-underline-colored\">\n\t\t\t\n\t\t\t<div class=\"liner-continer\">\n\t\t\t\t<h3 class=\"woodmart-title-container title  wd-font-weight- wd-fontsize-l\" >KLUCZOWE FAKTY<\/h3>\n\t\t\t\t\t\t\t<\/div>\n\t\t\t\n\t\t\t\n\t\t\t\n\t\t<\/div>\n\t\t\n\t\t[vc_row_inner][vc_column_inner width=&#8221;1\/2&#8243;]\t\t\t<div id=\"wd-5eba4397d0fee\" class=\"wd-text-block-wrapper wd-wpb wd-rs-5eba4397d0fee color-scheme-custom wd-width-100 text-left vc_custom_1589265307688\">\n\t\t\t\t<div class=\"woodmart-title-container woodmart-text-block reset-last-child font-primary wd-font-weight-600 \">\n\t\t\t\t\t<\/p>\n<h3>Niezawodno\u015b\u0107<\/h3>\n<p>\t\t\t\t<\/div>\n\n\t\t\t\t\t\t\t<\/div>\n\t\t[vc_column_text text_larger=&#8221;no&#8221;]BOXEXPERT chce sprosta\u0107 najwy\u017cszym wymaganiom swoich klient\u00f3w. Szczeg\u00f3\u0142owo przeszkoleni pracownicy oferuj\u0105 rzetelne i kompetentne doradztwo we wszystkich kwestiach z osobist\u0105 osob\u0105 kontaktow\u0105 dla Pa\u0144stwa jako klient\u00f3w.<\/p>\n<p>Gwarantujemy Pa\u0144stwu rzeteln\u0105 obs\u0142ug\u0119 od konsultacji, oferty i z\u0142o\u017cenia zam\u00f3wienia, a\u017c po szczeg\u00f3\u0142owe wsparcie posprzeda\u017cowe. BOXEXPERT jest zawsze dla ciebie.[\/vc_column_text]\t\t\t<div id=\"wd-5eba43a447e6a\" class=\"wd-text-block-wrapper wd-wpb wd-rs-5eba43a447e6a color-scheme-custom wd-width-100 text-left vc_custom_1589265320083\">\n\t\t\t\t<div class=\"woodmart-title-container woodmart-text-block reset-last-child font-primary wd-font-weight-600 \">\n\t\t\t\t\t<\/p>\n<h3>Szybkie rozwi\u0105zania<\/h3>\n<p>\t\t\t\t<\/div>\n\n\t\t\t\t\t\t\t<\/div>\n\t\t[vc_column_text text_larger=&#8221;no&#8221;]Spieszysz si\u0119 i potrzebujesz szybkiej realizacji swojego projektu? BOXEXPERT przygotowuje dla Pa\u0144stwa indywidualne oferty w kr\u00f3tkim czasie i pomaga w szybkiej realizacji pilnych projekt\u00f3w. Twoja osoba kontaktowa udzieli Ci preferencyjnej porady i niezw\u0142ocznie prze\u015ble Ci indywidualn\u0105 ofert\u0119.<\/p>\n<p>Celem BOXEXPERT jest wykonanie pilnego zam\u00f3wienia ku Pa\u0144stwa pe\u0142nej satysfakcji. Nasi pracownicy s\u0105 do Pa\u0144stwa dyspozycji s\u0142owem i czynem i czekaj\u0105 na Pa\u0144stwa zapytanie.[\/vc_column_text]\t\t\t<div id=\"wd-5eba43afaa8a4\" class=\"wd-text-block-wrapper wd-wpb wd-rs-5eba43afaa8a4 color-scheme-custom wd-width-100 text-left vc_custom_1589265331999\">\n\t\t\t\t<div class=\"woodmart-title-container woodmart-text-block reset-last-child font-primary wd-font-weight-600 \">\n\t\t\t\t\t<\/p>\n<h3>Elastyczno\u015b\u0107<\/h3>\n<p>\t\t\t\t<\/div>\n\n\t\t\t\t\t\t\t<\/div>\n\t\t[vc_column_text text_larger=&#8221;no&#8221;]Zdajemy sobie spraw\u0119 z wysokich wymaga\u0144 naszych klient\u00f3w i stawiamy si\u0119 elastycznie i zgodnie z ich potrzebami, aby spe\u0142ni\u0107 wszystkie wymagania. Dostarczamy elastyczne rozwi\u0105zania dla wszystkich obszar\u00f3w zastosowa\u0144 i stale rozwijamy nasze produkty.<\/p>\n<p>Szybki rozw\u00f3j technologii i stale rosn\u0105ce wymagania wobec techniki przemys\u0142owej i techniki obud\u00f3w s\u0105 wyzwaniami, kt\u00f3rym ch\u0119tnie stawiamy czo\u0142a. Pokrewie\u0144stwo w poszukiwaniu rozwi\u0105za\u0144 dla nowych segment\u00f3w i wymaga\u0144 jest w naszej krwi.[\/vc_column_text][\/vc_column_inner][vc_column_inner width=&#8221;1\/2&#8243;][vc_single_image image=&#8221;1146&#8243; img_size=&#8221;full&#8221; alignment=&#8221;center&#8221; parallax_scroll=&#8221;no&#8221;][\/vc_column_inner][\/vc_row_inner][vc_row_inner][vc_column_inner width=&#8221;1\/2&#8243;][\/vc_column_inner][vc_column_inner width=&#8221;1\/2&#8243;][\/vc_column_inner][\/vc_row_inner][vc_row_inner][vc_column_inner width=&#8221;1\/2&#8243; css=&#8221;.vc_custom_1585141011403{margin-top: -100px !important;}&#8221;][\/vc_column_inner][vc_column_inner width=&#8221;1\/2&#8243;][\/vc_column_inner][\/vc_row_inner][\/vc_column][\/vc_row]<\/p>\n","protected":false},"excerpt":{"rendered":"<p>[vc_row full_width=&#8221;stretch_row_content&#8221; mobile_bg_img_hidden=&#8221;no&#8221; tablet_bg_img_hidden=&#8221;no&#8221; woodmart_parallax=&#8221;0&#8243; woodmart_gradient_switch=&#8221;no&#8221; row_reverse_mobile=&#8221;0&#8243; row_reverse_tablet=&#8221;0&#8243; woodmart_disable_overflow=&#8221;0&#8243; css=&#8221;.vc_custom_1585845378745{margin-top: -40px !important;margin-bottom: 4vh !important;}&#8221;][vc_column][\/vc_column][\/vc_row][vc_row mobile_bg_img_hidden=&#8221;no&#8221; tablet_bg_img_hidden=&#8221;no&#8221; woodmart_parallax=&#8221;0&#8243; woodmart_gradient_switch=&#8221;no&#8221; row_reverse_mobile=&#8221;0&#8243; row_reverse_tablet=&#8221;0&#8243;<\/p>\n","protected":false},"author":1,"featured_media":0,"parent":3830,"menu_order":0,"comment_status":"closed","ping_status":"closed","template":"","meta":[],"yoast_head":"<!-- This site is optimized with the Yoast SEO Premium plugin v18.4 (Yoast SEO v18.8) - https:\/\/yoast.com\/wordpress\/plugins\/seo\/ -->\n<title>Jako\u015b\u0107 - BOXEXPERT - Profesjonalne rozwi\u0105zania obud\u00f3w dla najwy\u017cszych wymaga\u0144<\/title>\n<meta name=\"robots\" content=\"index, follow, max-snippet:-1, max-image-preview:large, max-video-preview:-1\" \/>\n<link rel=\"canonical\" href=\"https:\/\/box.lilleshop.de\/pl\/firma\/jakosc\/\" \/>\n<meta property=\"og:locale\" content=\"pl_PL\" \/>\n<meta property=\"og:type\" content=\"article\" \/>\n<meta property=\"og:title\" content=\"Jako\u015b\u0107\" \/>\n<meta property=\"og:description\" content=\"[vc_row full_width=&#8221;stretch_row_content&#8221; mobile_bg_img_hidden=&#8221;no&#8221; tablet_bg_img_hidden=&#8221;no&#8221; woodmart_parallax=&#8221;0&#8243; woodmart_gradient_switch=&#8221;no&#8221; row_reverse_mobile=&#8221;0&#8243; row_reverse_tablet=&#8221;0&#8243; woodmart_disable_overflow=&#8221;0&#8243; css=&#8221;.vc_custom_1585845378745{margin-top: -40px !important;margin-bottom: 4vh !important;}&#8221;][vc_column][\/vc_column][\/vc_row][vc_row mobile_bg_img_hidden=&#8221;no&#8221; tablet_bg_img_hidden=&#8221;no&#8221; woodmart_parallax=&#8221;0&#8243; woodmart_gradient_switch=&#8221;no&#8221; row_reverse_mobile=&#8221;0&#8243; row_reverse_tablet=&#8221;0&#8243;\" \/>\n<meta property=\"og:url\" content=\"https:\/\/box.lilleshop.de\/pl\/firma\/jakosc\/\" \/>\n<meta property=\"og:site_name\" content=\"BOXEXPERT - Profesjonalne rozwi\u0105zania obud\u00f3w dla najwy\u017cszych wymaga\u0144\" \/>\n<meta property=\"article:modified_time\" content=\"2020-06-23T12:44:54+00:00\" \/>\n<meta name=\"twitter:card\" content=\"summary_large_image\" \/>\n<meta name=\"twitter:label1\" content=\"Szacowany czas czytania\" \/>\n\t<meta name=\"twitter:data1\" content=\"6 minut\" \/>\n<script type=\"application\/ld+json\" class=\"yoast-schema-graph\">{\"@context\":\"https:\/\/schema.org\",\"@graph\":[{\"@type\":\"WebSite\",\"@id\":\"https:\/\/box.lilleshop.de\/#website\",\"url\":\"https:\/\/box.lilleshop.de\/\",\"name\":\"BOXEXPERT - Professionelle Geh\u00e4usel\u00f6sungen f\u00fcr h\u00f6chste Anspr\u00fcche\",\"description\":\"Obudowy przemys\u0142owe, szafy rozdzielcze, obudowy instalacyjne, skrzynki bezpiecznikowe i rozdzielcze\",\"potentialAction\":[{\"@type\":\"SearchAction\",\"target\":{\"@type\":\"EntryPoint\",\"urlTemplate\":\"https:\/\/box.lilleshop.de\/?s={search_term_string}\"},\"query-input\":\"required name=search_term_string\"}],\"inLanguage\":\"pl-PL\"},{\"@type\":\"WebPage\",\"@id\":\"https:\/\/box.lilleshop.de\/pl\/firma\/jakosc\/#webpage\",\"url\":\"https:\/\/box.lilleshop.de\/pl\/firma\/jakosc\/\",\"name\":\"Jako\u015b\u0107 - BOXEXPERT - Profesjonalne rozwi\u0105zania obud\u00f3w dla najwy\u017cszych wymaga\u0144\",\"isPartOf\":{\"@id\":\"https:\/\/box.lilleshop.de\/#website\"},\"datePublished\":\"2020-02-11T07:45:02+00:00\",\"dateModified\":\"2020-06-23T12:44:54+00:00\",\"breadcrumb\":{\"@id\":\"https:\/\/box.lilleshop.de\/pl\/firma\/jakosc\/#breadcrumb\"},\"inLanguage\":\"pl-PL\",\"potentialAction\":[{\"@type\":\"ReadAction\",\"target\":[\"https:\/\/box.lilleshop.de\/pl\/firma\/jakosc\/\"]}]},{\"@type\":\"BreadcrumbList\",\"@id\":\"https:\/\/box.lilleshop.de\/pl\/firma\/jakosc\/#breadcrumb\",\"itemListElement\":[{\"@type\":\"ListItem\",\"position\":1,\"name\":\"Startseite\",\"item\":\"https:\/\/box.lilleshop.de\/pl\/\"},{\"@type\":\"ListItem\",\"position\":2,\"name\":\"Firma\",\"item\":\"https:\/\/box.lilleshop.de\/pl\/firma\/\"},{\"@type\":\"ListItem\",\"position\":3,\"name\":\"Jako\u015b\u0107\"}]}]}<\/script>\n<!-- \/ Yoast SEO Premium plugin. -->","yoast_head_json":{"title":"Jako\u015b\u0107 - BOXEXPERT - Profesjonalne rozwi\u0105zania obud\u00f3w dla najwy\u017cszych wymaga\u0144","robots":{"index":"index","follow":"follow","max-snippet":"max-snippet:-1","max-image-preview":"max-image-preview:large","max-video-preview":"max-video-preview:-1"},"canonical":"https:\/\/box.lilleshop.de\/pl\/firma\/jakosc\/","og_locale":"pl_PL","og_type":"article","og_title":"Jako\u015b\u0107","og_description":"[vc_row full_width=&#8221;stretch_row_content&#8221; mobile_bg_img_hidden=&#8221;no&#8221; tablet_bg_img_hidden=&#8221;no&#8221; woodmart_parallax=&#8221;0&#8243; woodmart_gradient_switch=&#8221;no&#8221; row_reverse_mobile=&#8221;0&#8243; row_reverse_tablet=&#8221;0&#8243; woodmart_disable_overflow=&#8221;0&#8243; css=&#8221;.vc_custom_1585845378745{margin-top: -40px !important;margin-bottom: 4vh !important;}&#8221;][vc_column][\/vc_column][\/vc_row][vc_row mobile_bg_img_hidden=&#8221;no&#8221; tablet_bg_img_hidden=&#8221;no&#8221; woodmart_parallax=&#8221;0&#8243; woodmart_gradient_switch=&#8221;no&#8221; row_reverse_mobile=&#8221;0&#8243; row_reverse_tablet=&#8221;0&#8243;","og_url":"https:\/\/box.lilleshop.de\/pl\/firma\/jakosc\/","og_site_name":"BOXEXPERT - Profesjonalne rozwi\u0105zania obud\u00f3w dla najwy\u017cszych wymaga\u0144","article_modified_time":"2020-06-23T12:44:54+00:00","twitter_card":"summary_large_image","twitter_misc":{"Szacowany czas czytania":"6 minut"},"schema":{"@context":"https:\/\/schema.org","@graph":[{"@type":"WebSite","@id":"https:\/\/box.lilleshop.de\/#website","url":"https:\/\/box.lilleshop.de\/","name":"BOXEXPERT - Professionelle Geh\u00e4usel\u00f6sungen f\u00fcr h\u00f6chste Anspr\u00fcche","description":"Obudowy przemys\u0142owe, szafy rozdzielcze, obudowy instalacyjne, skrzynki bezpiecznikowe i rozdzielcze","potentialAction":[{"@type":"SearchAction","target":{"@type":"EntryPoint","urlTemplate":"https:\/\/box.lilleshop.de\/?s={search_term_string}"},"query-input":"required name=search_term_string"}],"inLanguage":"pl-PL"},{"@type":"WebPage","@id":"https:\/\/box.lilleshop.de\/pl\/firma\/jakosc\/#webpage","url":"https:\/\/box.lilleshop.de\/pl\/firma\/jakosc\/","name":"Jako\u015b\u0107 - BOXEXPERT - Profesjonalne rozwi\u0105zania obud\u00f3w dla najwy\u017cszych wymaga\u0144","isPartOf":{"@id":"https:\/\/box.lilleshop.de\/#website"},"datePublished":"2020-02-11T07:45:02+00:00","dateModified":"2020-06-23T12:44:54+00:00","breadcrumb":{"@id":"https:\/\/box.lilleshop.de\/pl\/firma\/jakosc\/#breadcrumb"},"inLanguage":"pl-PL","potentialAction":[{"@type":"ReadAction","target":["https:\/\/box.lilleshop.de\/pl\/firma\/jakosc\/"]}]},{"@type":"BreadcrumbList","@id":"https:\/\/box.lilleshop.de\/pl\/firma\/jakosc\/#breadcrumb","itemListElement":[{"@type":"ListItem","position":1,"name":"Startseite","item":"https:\/\/box.lilleshop.de\/pl\/"},{"@type":"ListItem","position":2,"name":"Firma","item":"https:\/\/box.lilleshop.de\/pl\/firma\/"},{"@type":"ListItem","position":3,"name":"Jako\u015b\u0107"}]}]}},"_links":{"self":[{"href":"https:\/\/box.lilleshop.de\/pl\/wp-json\/wp\/v2\/pages\/4540"}],"collection":[{"href":"https:\/\/box.lilleshop.de\/pl\/wp-json\/wp\/v2\/pages"}],"about":[{"href":"https:\/\/box.lilleshop.de\/pl\/wp-json\/wp\/v2\/types\/page"}],"author":[{"embeddable":true,"href":"https:\/\/box.lilleshop.de\/pl\/wp-json\/wp\/v2\/users\/1"}],"replies":[{"embeddable":true,"href":"https:\/\/box.lilleshop.de\/pl\/wp-json\/wp\/v2\/comments?post=4540"}],"version-history":[{"count":5,"href":"https:\/\/box.lilleshop.de\/pl\/wp-json\/wp\/v2\/pages\/4540\/revisions"}],"predecessor-version":[{"id":11008,"href":"https:\/\/box.lilleshop.de\/pl\/wp-json\/wp\/v2\/pages\/4540\/revisions\/11008"}],"up":[{"embeddable":true,"href":"https:\/\/box.lilleshop.de\/pl\/wp-json\/wp\/v2\/pages\/3830"}],"wp:attachment":[{"href":"https:\/\/box.lilleshop.de\/pl\/wp-json\/wp\/v2\/media?parent=4540"}],"curies":[{"name":"wp","href":"https:\/\/api.w.org\/{rel}","templated":true}]}}