{"id":3863,"date":"2020-02-11T07:44:44","date_gmt":"2020-02-11T07:44:44","guid":{"rendered":"https:\/\/boxexpert.de\/firma\/about-us\/"},"modified":"2021-07-20T11:34:43","modified_gmt":"2021-07-20T11:34:43","slug":"o-nas","status":"publish","type":"page","link":"https:\/\/box.lilleshop.de\/pl\/firma\/o-nas\/","title":{"rendered":"O nas"},"content":{"rendered":"<p>[vc_row full_width=&#8221;stretch_row_content&#8221; mobile_bg_img_hidden=&#8221;no&#8221; tablet_bg_img_hidden=&#8221;no&#8221; woodmart_parallax=&#8221;0&#8243; woodmart_gradient_switch=&#8221;no&#8221; row_reverse_mobile=&#8221;0&#8243; row_reverse_tablet=&#8221;0&#8243; woodmart_disable_overflow=&#8221;0&#8243; css=&#8221;.vc_custom_1585845378745{margin-top: -40px !important;margin-bottom: 4vh !important;}&#8221;][vc_column]\n\t\t\t<!-- START historie REVOLUTION SLIDER 6.5.21 --><p class=\"rs-p-wp-fix\"><\/p>\n\t\t\t<rs-module-wrap id=\"rev_slider_19_1_wrapper\" data-source=\"gallery\" style=\"visibility:hidden;background:transparent;padding:0;margin:0px auto;margin-top:0;margin-bottom:0;\">\n\t\t\t\t<rs-module id=\"rev_slider_19_1\" style=\"\" data-version=\"6.5.21\">\n\t\t\t\t\t<rs-slides>\n\t\t\t\t\t\t<rs-slide style=\"position: absolute;\" data-key=\"rs-196\" data-title=\"Slide\" data-anim=\"ms:1000;r:0;\" data-in=\"o:0;\" data-out=\"a:false;\">\n\t\t\t\t\t\t\t<img src=\"\/\/box.lilleshop.de\/wp-content\/plugins\/revslider\/public\/assets\/assets\/dummy.png\" alt=\"Boxexpert Geh\u00e4use aus der Hamburger Region\" title=\"Boxexpert-historie\" width=\"1600\" height=\"600\" class=\"rev-slidebg tp-rs-img rs-lazyload\" data-lazyload=\"\/\/box.lilleshop.de\/wp-content\/uploads\/2020\/03\/Boxexpert-historie.jpg\" data-no-retina>\n<!--\n\t\t\t\t\t\t\t--><rs-layer\n\t\t\t\t\t\t\t\tid=\"slider-19-slide-196-layer-0\" \n\t\t\t\t\t\t\t\tdata-type=\"shape\"\n\t\t\t\t\t\t\t\tdata-rsp_ch=\"on\"\n\t\t\t\t\t\t\t\tdata-xy=\"x:428px;y:340px;\"\n\t\t\t\t\t\t\t\tdata-text=\"w:normal;\"\n\t\t\t\t\t\t\t\tdata-dim=\"w:670px;h:127px;\"\n\t\t\t\t\t\t\t\tdata-spike=\"r:top;\"\n\t\t\t\t\t\t\t\tdata-frame_0=\"x:left;\"\n\t\t\t\t\t\t\t\tdata-frame_1=\"st:400;sp:1000;\"\n\t\t\t\t\t\t\t\tdata-frame_999=\"o:0;st:w;\"\n\t\t\t\t\t\t\t\tstyle=\"z-index:5;background-color:rgba(54,132,187,0.95);\"\n\t\t\t\t\t\t\t> \n\t\t\t\t\t\t\t<\/rs-layer><!--\n\n\t\t\t\t\t\t\t--><rs-layer\n\t\t\t\t\t\t\t\tid=\"slider-19-slide-196-layer-1\" \n\t\t\t\t\t\t\t\tdata-type=\"text\"\n\t\t\t\t\t\t\t\tdata-color=\"#ffffff\"\n\t\t\t\t\t\t\t\tdata-rsp_ch=\"on\"\n\t\t\t\t\t\t\t\tdata-xy=\"x:454px;y:367px;\"\n\t\t\t\t\t\t\t\tdata-text=\"w:normal;s:27;l:34;fw:600;\"\n\t\t\t\t\t\t\t\tdata-frame_0=\"x:left;\"\n\t\t\t\t\t\t\t\tdata-frame_1=\"st:400;sp:1000;\"\n\t\t\t\t\t\t\t\tdata-frame_999=\"o:0;st:w;\"\n\t\t\t\t\t\t\t\tstyle=\"z-index:6;font-family:'Poppins';\"\n\t\t\t\t\t\t\t>TRADYCJA HANZEATYCKA W SEGMENT <br \/>\nBUDOWNICTWA MIESZKANIOWEGO PREMIUM \n\t\t\t\t\t\t\t<\/rs-layer><!--\n-->\t\t\t\t\t\t<\/rs-slide>\n\t\t\t\t\t<\/rs-slides>\n\t\t\t\t<\/rs-module>\n\t\t\t\t<script>\n\t\t\t\t\tsetREVStartSize({c: 'rev_slider_19_1',rl:[1240,1024,778,480],el:[500],gw:[1240],gh:[500],type:'standard',justify:'',layout:'fullwidth',mh:\"0\"});if (window.RS_MODULES!==undefined && window.RS_MODULES.modules!==undefined && window.RS_MODULES.modules[\"revslider191\"]!==undefined) {window.RS_MODULES.modules[\"revslider191\"].once = false;window.revapi19 = undefined;if (window.RS_MODULES.checkMinimal!==undefined) window.RS_MODULES.checkMinimal()}\n\t\t\t\t<\/script>\n\t\t\t<\/rs-module-wrap>\n\t\t\t<!-- END REVOLUTION SLIDER -->\n[\/vc_column][\/vc_row][vc_row mobile_bg_img_hidden=&#8221;no&#8221; tablet_bg_img_hidden=&#8221;no&#8221; woodmart_parallax=&#8221;0&#8243; woodmart_gradient_switch=&#8221;no&#8221; row_reverse_mobile=&#8221;0&#8243; row_reverse_tablet=&#8221;0&#8243; woodmart_disable_overflow=&#8221;0&#8243;][vc_column]\n\t\t<div id=\"wd-5e99b835d4de9\" class=\"title-wrapper wd-wpb set-mb-s reset-last-child  wd-rs-5e99b835d4de9 wd-title-color-primary wd-title-style-underlined wd-width-100 text-left vc_custom_1587132479735 wd-underline-colored\">\n\t\t\t\n\t\t\t<div class=\"liner-continer\">\n\t\t\t\t<h1 class=\"woodmart-title-container title  wd-font-weight- wd-fontsize-xxl\" ><strong>O NAS<\/strong><\/h1>\n\t\t\t\t\t\t\t<\/div>\n\t\t\t\n\t\t\t\n\t\t\t\n\t\t<\/div>\n\t\t\n\t\t[\/vc_column][\/vc_row][vc_row full_width=&#8221;stretch_row&#8221; content_placement=&#8221;top&#8221; css=&#8221;.vc_custom_1586167721245{margin-bottom: 2vh !important;}&#8221; mobile_bg_img_hidden=&#8221;no&#8221; tablet_bg_img_hidden=&#8221;no&#8221; woodmart_parallax=&#8221;0&#8243; woodmart_gradient_switch=&#8221;no&#8221; row_reverse_mobile=&#8221;0&#8243; row_reverse_tablet=&#8221;0&#8243; woodmart_disable_overflow=&#8221;0&#8243;][vc_column width=&#8221;1\/3&#8243; css=&#8221;.vc_custom_1490276860346{margin-bottom: 20px !important;padding-top: 0px !important;}&#8221;]\t\t<div id=\"gallery_405\" class=\"wd-images-gallery wd-justify-center wd-items-middle view-grid\" >\n\t\t\t<div class=\"gallery-images row wd-spacing-0\">\n\t\t\t\t\t\t\t\t\t\t\t\t\t\t\t<div class=\"wd-gallery-item col-lg-12 col-md-12 col-sm-12 col-12\">\n\t\t\t\t\t\t\t\n\t\t\t\t\t\t\t\t\t\t\t\t\t\t\t\t\t<img class=\"wd-gallery-image image-1 \" src=\"https:\/\/box.lilleshop.de\/wp-content\/uploads\/2020\/03\/qualitaet-boxexpert2.jpg\" width=\"600\" height=\"400\" alt=\"Male Engineer Quality Controlling Components In Factory\" title=\"Male Engineer Quality Controlling Components In Factory\" \/>\t\t\t\t\t\t\t\t\n\n\t\t\t\t\t\t\t\t\t\t\t\t\t\t<\/div>\n\t\t\t\t\t\t\t\t\t\t\t\t<\/div>\n\t\t<\/div>\n\t\t\t\t[\/vc_column][vc_column width=&#8221;1\/3&#8243; css=&#8221;.vc_custom_1536077344327{margin-bottom: 20px !important;padding-top: 0px !important;}&#8221;]\n\t\t<div id=\"wd-5e99b84801739\" class=\"title-wrapper wd-wpb set-mb-s reset-last-child  wd-rs-5e99b84801739 wd-title-color-primary wd-title-style-underlined wd-width-100 text-left vc_custom_1587132509516 wd-underline-colored\">\n\t\t\t\n\t\t\t<div class=\"liner-continer\">\n\t\t\t\t<h2 class=\"woodmart-title-container title  wd-font-weight- wd-fontsize-l\" >PROFESJONALNA TECHNIKA MIESZKANIOWA Z P\u00d3\u0141NOCY<\/h2>\n\t\t\t\t\t\t\t<\/div>\n\t\t\t\n\t\t\t\n\t\t\t\n\t\t<\/div>\n\t\t\n\t\t[vc_column_text css=&#8221;.vc_custom_1587132525835{margin-bottom: 20px !important;}&#8221; text_larger=&#8221;no&#8221;]&#8221;Firma \u017cyje poprzez swoje warto\u015bci. To one wyznaczaj\u0105 kultur\u0119 organizacyjn\u0105 i kszta\u0142tuj\u0105 wsp\u00f3\u0142prac\u0119. Musz\u0105 one by\u0107 zaprojektowane, prze\u017cywane i przede wszystkim wspierane przez pracownik\u00f3w. Jako przedsi\u0119biorstwo hanzeatyckie, idealistyczne warto\u015bci takie jak uczciwo\u015b\u0107, niezawodno\u015b\u0107, odpowiedzialno\u015b\u0107 i lojalno\u015b\u0107 stanowi\u0105 punkty centralne naszych codziennych dzia\u0142a\u0144.[\/vc_column_text][\/vc_column][vc_column width=&#8221;1\/3&#8243; css=&#8221;.vc_custom_1536077348538{margin-bottom: 20px !important;padding-top: 0px !important;}&#8221;][vc_column_text css=&#8221;.vc_custom_1587132676972{margin-bottom: 28px !important;}&#8221; text_larger=&#8221;no&#8221;]DNA naszej kultury korporacyjnej to zadowoleni pracownicy, kt\u00f3rzy s\u0105 wysoce zmotywowani do realizacji strategii, wnosz\u0105 w\u0142asne pomys\u0142y, nap\u0119dzaj\u0105 innowacje i czuj\u0105 si\u0119 dobrze w harmonijnej atmosferze pracy.&#8221;<\/p>\n<p><strong><em>Jan Schwonbeck, CEO BOXEXPERT  <\/em><\/strong>[\/vc_column_text][\/vc_column][\/vc_row][vc_row full_width=&#8221;stretch_row&#8221; css=&#8221;.vc_custom_1581684138262{padding-top: 30px !important;background-color: #f9f9f9 !important;}&#8221; mobile_bg_img_hidden=&#8221;no&#8221; tablet_bg_img_hidden=&#8221;no&#8221; woodmart_parallax=&#8221;0&#8243; woodmart_gradient_switch=&#8221;no&#8221; row_reverse_mobile=&#8221;0&#8243; row_reverse_tablet=&#8221;0&#8243; woodmart_disable_overflow=&#8221;0&#8243;][vc_column css=&#8221;.vc_custom_1484657273903{padding-top: 0px !important;}&#8221;]\n\t\t<div id=\"wd-5e99b99514e8b\" class=\"title-wrapper wd-wpb set-mb-s reset-last-child  wd-rs-5e99b99514e8b wd-title-color-primary wd-title-style-underlined wd-width-100 text-left vc_custom_1587132829603 wd-underline-colored\">\n\t\t\t\n\t\t\t<div class=\"liner-continer\">\n\t\t\t\t<h3 class=\"woodmart-title-container title  wd-font-weight- wd-fontsize-l\" >CO CZYNI NAS<\/h3>\n\t\t\t\t\t\t\t<\/div>\n\t\t\t\n\t\t\t\n\t\t\t\n\t\t<\/div>\n\t\t\n\t\t[vc_row_inner][vc_column_inner width=&#8221;1\/2&#8243;]\t\t\t<div id=\"wd-5f2c0c1c4f7cd\" class=\"wd-text-block-wrapper wd-wpb wd-rs-5f2c0c1c4f7cd color-scheme-custom wd-width-100 text-left vc_custom_1596722209758\">\n\t\t\t\t<div class=\"woodmart-title-container woodmart-text-block reset-last-child font-primary wd-font-weight-600 \">\n\t\t\t\t\t<\/p>\n<h3>Dzia\u0142anie zorientowane na klienta<\/h3>\n<p>\t\t\t\t<\/div>\n\n\t\t\t\t\t\t\t<\/div>\n\t\t[vc_column_text text_larger=&#8221;no&#8221;]Klient jest zawsze w centrum naszego my\u015blenia. Dzi\u0119ki naszym innowacyjnym rozwi\u0105zaniom w zakresie obud\u00f3w oferujemy produkty, kt\u00f3re s\u0105 szybkie i \u0142atwe w obr\u00f3bce oraz mog\u0105 by\u0107 w bardzo du\u017cym stopniu dostosowane do potrzeb klienta. BOXEXPERT oferuje wysokiej jako\u015bci rozwi\u0105zania i obszerne know-how, r\u00f3wnie\u017c w zakresie specjalnych temat\u00f3w zwi\u0105zanych z technik\u0105 obud\u00f3w. Paleta produkt\u00f3w BOXEXPERT przekonuje przemy\u015blanymi innowacjami i jest zawsze o krok do przodu w stosunku do aktualnego stanu techniki. W centrum uwagi znajduje si\u0119 dost\u0119pno\u015b\u0107 urz\u0105dze\u0144, kt\u00f3re maj\u0105 by\u0107 chronione, maksymalne bezpiecze\u0144stwo i jednocze\u015bnie optymalna efektywno\u015b\u0107 kosztowa. Jako wieloletni partner systemowy w dziedzinie techniki obud\u00f3w oferujemy Pa\u0144stwu nast\u0119puj\u0105ce warto\u015bci dodane:<\/p>\n<ul>\n<li>sta\u0142a dost\u0119pno\u015b\u0107<\/li>\n<li>Koszty, kt\u00f3re mo\u017cna zaplanowa\u0107 w spos\u00f3b wiarygodny<\/li>\n<li>szeroki zakres us\u0142ug<\/li>\n<li>Planowanie, doradztwo i dok\u0142adna analiza potrzeb<\/li>\n<li>Wytrzyma\u0142e i elastyczne rozwi\u0105zania w zakresie obud\u00f3w<\/li>\n<li>Szybko\u015b\u0107 i niezawodno\u015b\u0107 &#8211; szybki dialog i poszukiwanie optymalnych rozwi\u0105za\u0144 dla Ciebie &#8211; tak, aby\u015b oszcz\u0119dza\u0142 cenny czas<\/li>\n<li>Uczciwo\u015b\u0107 i jako\u015b\u0107 &#8211; uczciwe rozwi\u0105zania, kt\u00f3re zapewniaj\u0105 d\u0142ugotrwa\u0142e dobre samopoczucie. S\u0142uchamy Pa\u0144stwa, aby m\u00f3c stale podnosi\u0107 nasz\u0105 jako\u015b\u0107.<\/li>\n<\/ul>\n<p>[\/vc_column_text][\/vc_column_inner][vc_column_inner width=&#8221;1\/2&#8243;]\t\t\t<div id=\"wd-5e99b9d7d4046\" class=\"wd-text-block-wrapper wd-wpb wd-rs-5e99b9d7d4046 color-scheme-custom wd-width-100 text-left vc_custom_1587132890152\">\n\t\t\t\t<div class=\"woodmart-title-container woodmart-text-block reset-last-child font-primary wd-font-weight-600 \">\n\t\t\t\t\t<\/p>\n<h3>Wieloletnie do\u015bwiadczenie w zakresie technologii obud\u00f3w<\/h3>\n<p>\t\t\t\t<\/div>\n\n\t\t\t\t\t\t\t<\/div>\n\t\t[vc_column_text text_larger=&#8221;no&#8221;]Z BOXEXPERT korzystacie Pa\u0144stwo z wieloletniego do\u015bwiadczenia w technice obud\u00f3w. BOXEXPERT jest oddzia\u0142em firmy Breuell Ingenieurb\u00fcro zajmuj\u0105cym si\u0119 obudowami na zasadzie outsourcingu. Za\u0142o\u017cenie firmy Breuell Ingenieurb\u00fcro GmbH opiera si\u0119 na d\u0142ugiej hanzeatyckiej tradycji. Ju\u017c w 1888 r. rodzina Breuell by\u0142a znana z dzia\u0142alno\u015bci handlowej w\u015br\u00f3d kwatermistrz\u00f3w w wolnym porcie w Hamburgu. Po zako\u0144czeniu II wojny \u015bwiatowej, firma Egon Breuell Ingenieurb\u00fcro und technische Vertretungen zosta\u0142a za\u0142o\u017cona 01.12.1946 roku. Breuell ustanowi\u0142 si\u0119 przede wszystkim w dziedzinie in\u017cynierii elektrycznej i in\u017cynierii mechanicznej.<\/p>\n<p>W 1981 roku, wraz z przekazaniem firmy drugiemu pokoleniu, nazwa firmy zosta\u0142a zmieniona na Breuell Ingenieurb\u00fcro GmbH. Od tego momentu dzia\u0142ania koncentrowa\u0142y si\u0119 na technologii obud\u00f3w i zwi\u0105zanych z ni\u0105 komponentach. Wraz z ci\u0105g\u0142ym rozwojem i rosn\u0105cym znaczeniem tego dzia\u0142u, BOXEXPERT oddzieli\u0142 si\u0119 jako niezale\u017cna marka. Dzi\u0119ki temu mogli\u015bmy jeszcze intensywniej skoncentrowa\u0107 si\u0119 na rozwoju tego segmentu dzia\u0142alno\u015bci i odpowiednio poszerzy\u0107 palet\u0119 produkt\u00f3w. Dzisiaj jeste\u015bmy w stanie zapewni\u0107 naszym klientom kompleksowe wsparcie i tym samym zagwarantowa\u0107 udan\u0105 wsp\u00f3\u0142prac\u0119.<\/p>\n<p>Mi\u0119dzynarodowe dopuszczenia obud\u00f3w, takie jak CE, UL i CSA oraz niezawodna i certyfikowana ochrona przed wnikaj\u0105cym py\u0142em i wilgoci\u0105 (klasy ochrony IP) to tylko dwa z kryteri\u00f3w, kt\u00f3re \u015bwiadcz\u0105 o wysokiej jako\u015bci produkt\u00f3w BOXEXPERT. BOXEXPERT opracowuje systemy obud\u00f3w o najwy\u017cszym standardzie w \u015bcis\u0142ej wsp\u00f3\u0142pracy z u\u017cytkownikami. Ch\u0119tnie przedstawimy Pa\u0144stwu nasz\u0105 bogat\u0105 ofert\u0119. Porozmawiaj z nami.[\/vc_column_text][\/vc_column_inner][\/vc_row_inner][vc_row_inner][vc_column_inner width=&#8221;1\/2&#8243;][\/vc_column_inner][vc_column_inner width=&#8221;1\/2&#8243;][\/vc_column_inner][\/vc_row_inner][vc_row_inner][vc_column_inner width=&#8221;1\/2&#8243; css=&#8221;.vc_custom_1585141011403{margin-top: -100px !important;}&#8221;][\/vc_column_inner][vc_column_inner width=&#8221;1\/2&#8243;][\/vc_column_inner][\/vc_row_inner][\/vc_column][\/vc_row]<\/p>\n","protected":false},"excerpt":{"rendered":"<p>[vc_row full_width=&#8221;stretch_row_content&#8221; mobile_bg_img_hidden=&#8221;no&#8221; tablet_bg_img_hidden=&#8221;no&#8221; woodmart_parallax=&#8221;0&#8243; woodmart_gradient_switch=&#8221;no&#8221; row_reverse_mobile=&#8221;0&#8243; row_reverse_tablet=&#8221;0&#8243; woodmart_disable_overflow=&#8221;0&#8243; css=&#8221;.vc_custom_1585845378745{margin-top: -40px !important;margin-bottom: 4vh !important;}&#8221;][vc_column][\/vc_column][\/vc_row][vc_row mobile_bg_img_hidden=&#8221;no&#8221; tablet_bg_img_hidden=&#8221;no&#8221; woodmart_parallax=&#8221;0&#8243; woodmart_gradient_switch=&#8221;no&#8221; row_reverse_mobile=&#8221;0&#8243; row_reverse_tablet=&#8221;0&#8243;<\/p>\n","protected":false},"author":1,"featured_media":0,"parent":3830,"menu_order":0,"comment_status":"closed","ping_status":"closed","template":"","meta":[],"yoast_head":"<!-- This site is optimized with the Yoast SEO Premium plugin v18.4 (Yoast SEO v18.8) - https:\/\/yoast.com\/wordpress\/plugins\/seo\/ -->\n<title>O nas - BOXEXPERT - Profesjonalne rozwi\u0105zania obud\u00f3w dla najwy\u017cszych wymaga\u0144<\/title>\n<meta name=\"robots\" content=\"index, follow, max-snippet:-1, max-image-preview:large, max-video-preview:-1\" \/>\n<link rel=\"canonical\" href=\"https:\/\/box.lilleshop.de\/pl\/firma\/o-nas\/\" \/>\n<meta property=\"og:locale\" content=\"pl_PL\" \/>\n<meta property=\"og:type\" content=\"article\" \/>\n<meta property=\"og:title\" content=\"O nas\" \/>\n<meta property=\"og:description\" content=\"[vc_row full_width=&#8221;stretch_row_content&#8221; mobile_bg_img_hidden=&#8221;no&#8221; tablet_bg_img_hidden=&#8221;no&#8221; woodmart_parallax=&#8221;0&#8243; woodmart_gradient_switch=&#8221;no&#8221; row_reverse_mobile=&#8221;0&#8243; row_reverse_tablet=&#8221;0&#8243; woodmart_disable_overflow=&#8221;0&#8243; css=&#8221;.vc_custom_1585845378745{margin-top: -40px !important;margin-bottom: 4vh !important;}&#8221;][vc_column][\/vc_column][\/vc_row][vc_row mobile_bg_img_hidden=&#8221;no&#8221; tablet_bg_img_hidden=&#8221;no&#8221; woodmart_parallax=&#8221;0&#8243; woodmart_gradient_switch=&#8221;no&#8221; row_reverse_mobile=&#8221;0&#8243; row_reverse_tablet=&#8221;0&#8243;\" \/>\n<meta property=\"og:url\" content=\"https:\/\/box.lilleshop.de\/pl\/firma\/o-nas\/\" \/>\n<meta property=\"og:site_name\" content=\"BOXEXPERT - Profesjonalne rozwi\u0105zania obud\u00f3w dla najwy\u017cszych wymaga\u0144\" \/>\n<meta property=\"article:modified_time\" content=\"2021-07-20T11:34:43+00:00\" \/>\n<meta name=\"twitter:card\" content=\"summary_large_image\" \/>\n<meta name=\"twitter:label1\" content=\"Szacowany czas czytania\" \/>\n\t<meta name=\"twitter:data1\" content=\"6 minut\" \/>\n<script type=\"application\/ld+json\" class=\"yoast-schema-graph\">{\"@context\":\"https:\/\/schema.org\",\"@graph\":[{\"@type\":\"WebSite\",\"@id\":\"https:\/\/box.lilleshop.de\/#website\",\"url\":\"https:\/\/box.lilleshop.de\/\",\"name\":\"BOXEXPERT - Professionelle Geh\u00e4usel\u00f6sungen f\u00fcr h\u00f6chste Anspr\u00fcche\",\"description\":\"Obudowy przemys\u0142owe, szafy rozdzielcze, obudowy instalacyjne, skrzynki bezpiecznikowe i rozdzielcze\",\"potentialAction\":[{\"@type\":\"SearchAction\",\"target\":{\"@type\":\"EntryPoint\",\"urlTemplate\":\"https:\/\/box.lilleshop.de\/?s={search_term_string}\"},\"query-input\":\"required name=search_term_string\"}],\"inLanguage\":\"pl-PL\"},{\"@type\":\"WebPage\",\"@id\":\"https:\/\/box.lilleshop.de\/pl\/firma\/o-nas\/#webpage\",\"url\":\"https:\/\/box.lilleshop.de\/pl\/firma\/o-nas\/\",\"name\":\"O nas - BOXEXPERT - Profesjonalne rozwi\u0105zania obud\u00f3w dla najwy\u017cszych wymaga\u0144\",\"isPartOf\":{\"@id\":\"https:\/\/box.lilleshop.de\/#website\"},\"datePublished\":\"2020-02-11T07:44:44+00:00\",\"dateModified\":\"2021-07-20T11:34:43+00:00\",\"breadcrumb\":{\"@id\":\"https:\/\/box.lilleshop.de\/pl\/firma\/o-nas\/#breadcrumb\"},\"inLanguage\":\"pl-PL\",\"potentialAction\":[{\"@type\":\"ReadAction\",\"target\":[\"https:\/\/box.lilleshop.de\/pl\/firma\/o-nas\/\"]}]},{\"@type\":\"BreadcrumbList\",\"@id\":\"https:\/\/box.lilleshop.de\/pl\/firma\/o-nas\/#breadcrumb\",\"itemListElement\":[{\"@type\":\"ListItem\",\"position\":1,\"name\":\"Startseite\",\"item\":\"https:\/\/box.lilleshop.de\/pl\/\"},{\"@type\":\"ListItem\",\"position\":2,\"name\":\"Firma\",\"item\":\"https:\/\/box.lilleshop.de\/pl\/firma\/\"},{\"@type\":\"ListItem\",\"position\":3,\"name\":\"O nas\"}]}]}<\/script>\n<!-- \/ Yoast SEO Premium plugin. -->","yoast_head_json":{"title":"O nas - BOXEXPERT - Profesjonalne rozwi\u0105zania obud\u00f3w dla najwy\u017cszych wymaga\u0144","robots":{"index":"index","follow":"follow","max-snippet":"max-snippet:-1","max-image-preview":"max-image-preview:large","max-video-preview":"max-video-preview:-1"},"canonical":"https:\/\/box.lilleshop.de\/pl\/firma\/o-nas\/","og_locale":"pl_PL","og_type":"article","og_title":"O nas","og_description":"[vc_row full_width=&#8221;stretch_row_content&#8221; mobile_bg_img_hidden=&#8221;no&#8221; tablet_bg_img_hidden=&#8221;no&#8221; woodmart_parallax=&#8221;0&#8243; woodmart_gradient_switch=&#8221;no&#8221; row_reverse_mobile=&#8221;0&#8243; row_reverse_tablet=&#8221;0&#8243; woodmart_disable_overflow=&#8221;0&#8243; css=&#8221;.vc_custom_1585845378745{margin-top: -40px !important;margin-bottom: 4vh !important;}&#8221;][vc_column][\/vc_column][\/vc_row][vc_row mobile_bg_img_hidden=&#8221;no&#8221; tablet_bg_img_hidden=&#8221;no&#8221; woodmart_parallax=&#8221;0&#8243; woodmart_gradient_switch=&#8221;no&#8221; row_reverse_mobile=&#8221;0&#8243; row_reverse_tablet=&#8221;0&#8243;","og_url":"https:\/\/box.lilleshop.de\/pl\/firma\/o-nas\/","og_site_name":"BOXEXPERT - Profesjonalne rozwi\u0105zania obud\u00f3w dla najwy\u017cszych wymaga\u0144","article_modified_time":"2021-07-20T11:34:43+00:00","twitter_card":"summary_large_image","twitter_misc":{"Szacowany czas czytania":"6 minut"},"schema":{"@context":"https:\/\/schema.org","@graph":[{"@type":"WebSite","@id":"https:\/\/box.lilleshop.de\/#website","url":"https:\/\/box.lilleshop.de\/","name":"BOXEXPERT - Professionelle Geh\u00e4usel\u00f6sungen f\u00fcr h\u00f6chste Anspr\u00fcche","description":"Obudowy przemys\u0142owe, szafy rozdzielcze, obudowy instalacyjne, skrzynki bezpiecznikowe i rozdzielcze","potentialAction":[{"@type":"SearchAction","target":{"@type":"EntryPoint","urlTemplate":"https:\/\/box.lilleshop.de\/?s={search_term_string}"},"query-input":"required name=search_term_string"}],"inLanguage":"pl-PL"},{"@type":"WebPage","@id":"https:\/\/box.lilleshop.de\/pl\/firma\/o-nas\/#webpage","url":"https:\/\/box.lilleshop.de\/pl\/firma\/o-nas\/","name":"O nas - BOXEXPERT - Profesjonalne rozwi\u0105zania obud\u00f3w dla najwy\u017cszych wymaga\u0144","isPartOf":{"@id":"https:\/\/box.lilleshop.de\/#website"},"datePublished":"2020-02-11T07:44:44+00:00","dateModified":"2021-07-20T11:34:43+00:00","breadcrumb":{"@id":"https:\/\/box.lilleshop.de\/pl\/firma\/o-nas\/#breadcrumb"},"inLanguage":"pl-PL","potentialAction":[{"@type":"ReadAction","target":["https:\/\/box.lilleshop.de\/pl\/firma\/o-nas\/"]}]},{"@type":"BreadcrumbList","@id":"https:\/\/box.lilleshop.de\/pl\/firma\/o-nas\/#breadcrumb","itemListElement":[{"@type":"ListItem","position":1,"name":"Startseite","item":"https:\/\/box.lilleshop.de\/pl\/"},{"@type":"ListItem","position":2,"name":"Firma","item":"https:\/\/box.lilleshop.de\/pl\/firma\/"},{"@type":"ListItem","position":3,"name":"O nas"}]}]}},"_links":{"self":[{"href":"https:\/\/box.lilleshop.de\/pl\/wp-json\/wp\/v2\/pages\/3863"}],"collection":[{"href":"https:\/\/box.lilleshop.de\/pl\/wp-json\/wp\/v2\/pages"}],"about":[{"href":"https:\/\/box.lilleshop.de\/pl\/wp-json\/wp\/v2\/types\/page"}],"author":[{"embeddable":true,"href":"https:\/\/box.lilleshop.de\/pl\/wp-json\/wp\/v2\/users\/1"}],"replies":[{"embeddable":true,"href":"https:\/\/box.lilleshop.de\/pl\/wp-json\/wp\/v2\/comments?post=3863"}],"version-history":[{"count":9,"href":"https:\/\/box.lilleshop.de\/pl\/wp-json\/wp\/v2\/pages\/3863\/revisions"}],"predecessor-version":[{"id":24619,"href":"https:\/\/box.lilleshop.de\/pl\/wp-json\/wp\/v2\/pages\/3863\/revisions\/24619"}],"up":[{"embeddable":true,"href":"https:\/\/box.lilleshop.de\/pl\/wp-json\/wp\/v2\/pages\/3830"}],"wp:attachment":[{"href":"https:\/\/box.lilleshop.de\/pl\/wp-json\/wp\/v2\/media?parent=3863"}],"curies":[{"name":"wp","href":"https:\/\/api.w.org\/{rel}","templated":true}]}}