{"id":11204,"date":"2020-02-13T09:17:11","date_gmt":"2020-02-13T09:17:11","guid":{"rendered":"https:\/\/boxexpert.de\/faqs\/rohs-reach\/"},"modified":"2022-04-08T04:57:38","modified_gmt":"2022-04-08T04:57:38","slug":"rohs-reach","status":"publish","type":"page","link":"https:\/\/box.lilleshop.de\/pl\/faqs\/rohs-reach\/","title":{"rendered":"RoHS \/ REACH"},"content":{"rendered":"<p>[vc_row][vc_column]\n\t\t<div id=\"wd-5ef49540b2898\" class=\"title-wrapper wd-wpb set-mb-s reset-last-child  wd-rs-5ef49540b2898 wd-title-color-primary wd-title-style-underlined wd-width-100 text-left vc_custom_1593087301559 wd-underline-colored\">\n\t\t\t\t\t\t\t<div class=\"title-subtitle  subtitle-color-primary font-default subtitle-style-default wd-font-weight- wd-fontsize-xs\">BOXEXPERT<\/div>\n\t\t\t\n\t\t\t<div class=\"liner-continer\">\n\t\t\t\t<h1 class=\"woodmart-title-container title  wd-font-weight- wd-fontsize-xxl\" ><strong>FAQ'S RoHS, REACH &amp; CE<\/strong><\/h1>\n\t\t\t\t\t\t\t<\/div>\n\t\t\t\n\t\t\t\n\t\t\t\n\t\t<\/div>\n\t\t\n\t\t[\/vc_column][\/vc_row][vc_row full_width=&#8221;stretch_row&#8221; content_placement=&#8221;top&#8221; css=&#8221;.vc_custom_1586250255149{margin-bottom: 8vh !important;}&#8221; mobile_bg_img_hidden=&#8221;no&#8221; tablet_bg_img_hidden=&#8221;no&#8221; woodmart_parallax=&#8221;0&#8243; woodmart_gradient_switch=&#8221;no&#8221; row_reverse_mobile=&#8221;0&#8243; row_reverse_tablet=&#8221;0&#8243; woodmart_disable_overflow=&#8221;0&#8243;][vc_column width=&#8221;1\/2&#8243; css=&#8221;.vc_custom_1586954960915{margin-bottom: 20px !important;padding-top: 0px !important;}&#8221; mobile_bg_img_hidden=&#8221;no&#8221; tablet_bg_img_hidden=&#8221;no&#8221; woodmart_parallax=&#8221;0&#8243; woodmart_sticky_column=&#8221;false&#8221; parallax_scroll=&#8221;no&#8221; mobile_reset_margin=&#8221;no&#8221; tablet_reset_margin=&#8221;no&#8221;]\n\t\t<div id=\"wd-624fc0917d7ab\" class=\"title-wrapper wd-wpb set-mb-s reset-last-child  wd-rs-624fc0917d7ab wd-title-color-primary wd-title-style-underlined wd-width-100 text-left vc_custom_1649393818954 wd-underline-colored\">\n\t\t\t\t\t\t\t<div class=\"title-subtitle  subtitle-color-primary font-default subtitle-style-default wd-font-weight- wd-fontsize-xs\">REACH<\/div>\n\t\t\t\n\t\t\t<div class=\"liner-continer\">\n\t\t\t\t<h2 class=\"woodmart-title-container title  wd-font-weight- wd-fontsize-l\" >Rozporz\u0105dzenie w sprawie rejestracji, oceny, udzielania zezwole\u0144 i stosowanych ogranicze\u0144 w zakresie chemikali\u00f3w<\/h2>\n\t\t\t\t\t\t\t<\/div>\n\t\t\t\n\t\t\t\n\t\t\t\n\t\t<\/div>\n\t\t\n\t\t[vc_column_text css=&#8221;.vc_custom_1593087330447{margin-bottom: 20px !important;}&#8221; text_larger=&#8221;no&#8221;]REACH &#8211; Regulation (EC) 1907\/2006] jest europejskim rozporz\u0105dzeniem w sprawie chemikali\u00f3w dotycz\u0105cym rejestracji, oceny, udzielania zezwole\u0144 i stosowanych ogranicze\u0144 w zakresie chemikali\u00f3w.<\/p>\n<p>REACH obowi\u0105zuje od 2007 r. i ma na celu zapewnienie wysokiego poziomu ochrony zdrowia ludzkiego i \u015brodowiska naturalnego. Jednocze\u015bnie ma ona na celu zapewnienie swobodnego przep\u0142ywu chemikali\u00f3w na rynku wewn\u0119trznym oraz promowanie konkurencyjno\u015bci i innowacji. REACH opiera si\u0119 na zasadzie, \u017ce producenci, importerzy i dalsi u\u017cytkownicy bior\u0105 na siebie odpowiedzialno\u015b\u0107 za swoje chemikalia. Musz\u0105 oni zapewni\u0107, \u017ce produkowane i wprowadzane przez nich na rynek substancje chemiczne s\u0105 wykorzystywane w spos\u00f3b bezpieczny. Skr\u00f3t &#8222;REACH&#8221; pochodzi od angielskiego tytu\u0142u rozporz\u0105dzenia: Regulation on the Registration, Evaluation, Authorisation and Restriction of Pharmacies. Rozporz\u0105dzenie REACH jest uwa\u017cane za jedno z najbardziej rygorystycznych przepis\u00f3w dotycz\u0105cych chemikali\u00f3w na \u015bwiecie&#8221;.[\/vc_column_text]\n\t\t<div id=\"wd-5ef4955135599\" class=\"title-wrapper wd-wpb set-mb-s reset-last-child  wd-rs-5ef4955135599 wd-title-color-primary wd-title-style-underlined wd-width-100 text-left vc_custom_1593087321283 wd-underline-colored\">\n\t\t\t\t\t\t\t<div class=\"title-subtitle  subtitle-color-primary font-default subtitle-style-default wd-font-weight- wd-fontsize-xs\">Conformit\u00e9 Europ\u00e9enne<\/div>\n\t\t\t\n\t\t\t<div class=\"liner-continer\">\n\t\t\t\t<h2 class=\"woodmart-title-container title  wd-font-weight- wd-fontsize-l\" >Oznakowanie CE<\/h2>\n\t\t\t\t\t\t\t<\/div>\n\t\t\t\n\t\t\t\n\t\t\t\n\t\t<\/div>\n\t\t\n\t\t[vc_column_text css=&#8221;.vc_custom_1649393843018{margin-bottom: 20px !important;}&#8221; text_larger=&#8221;no&#8221; woodmart_inline=&#8221;no&#8221;]Litery &#8222;CE&#8221; znajduj\u0105 si\u0119 na wielu produktach b\u0119d\u0105cych przedmiotem handlu na rozszerzonym rynku wewn\u0119trznym Europejskiego Obszaru Gospodarczego (EOG). Oznaczaj\u0105 one, \u017ce produkty sprzedawane w EOG zosta\u0142y sprawdzone pod k\u0105tem zgodno\u015bci z wysokimi wymaganiami w zakresie bezpiecze\u0144stwa, zdrowia i ochrony \u015brodowiska. Oznakowanie CE wspiera r\u00f3wnie\u017c uczciw\u0105 konkurencj\u0119, zobowi\u0105zuj\u0105c wszystkie firmy do przestrzegania tych samych zasad.<br \/>\nUmieszczaj\u0105c na produkcie oznakowanie CE, producent deklaruje, \u017ce produkt spe\u0142nia wszystkie wymagania prawne dotycz\u0105ce oznakowania CE i mo\u017ce by\u0107 sprzedawany na terenie ca\u0142ego EOG. Dotyczy to r\u00f3wnie\u017c produkt\u00f3w wytwarzanych w innych krajach i sprzedawanych w EOG.[\/vc_column_text][\/vc_column][vc_column width=&#8221;1\/2&#8243; css=&#8221;.vc_custom_1536077344327{margin-bottom: 20px !important;padding-top: 0px !important;}&#8221;]\n\t\t<div id=\"wd-624fc09d23f10\" class=\"title-wrapper wd-wpb set-mb-s reset-last-child  wd-rs-624fc09d23f10 wd-title-color-primary wd-title-style-underlined wd-width-100 text-left vc_custom_1649393828466 wd-underline-colored\">\n\t\t\t\t\t\t\t<div class=\"title-subtitle  subtitle-color-primary font-default subtitle-style-default wd-font-weight- wd-fontsize-xs\">RoHS<\/div>\n\t\t\t\n\t\t\t<div class=\"liner-continer\">\n\t\t\t\t<h2 class=\"woodmart-title-container title  wd-font-weight- wd-fontsize-l\" >Ograniczenie stosowania niekt\u00f3rych substancji niebezpiecznych<\/h2>\n\t\t\t\t\t\t\t<\/div>\n\t\t\t\n\t\t\t\n\t\t\t\n\t\t<\/div>\n\t\t\n\t\t[vc_column_text css=&#8221;.vc_custom_1593087370357{margin-bottom: 20px !important;}&#8221; text_larger=&#8221;no&#8221;]Og\u00f3lnounijna dyrektywa RoHS (dyrektywa w sprawie ograniczenia stosowania niekt\u00f3rych niebezpiecznych substancji w zu\u017cytym sprz\u0119cie elektrycznym i elektronicznym) okre\u015bla r\u00f3\u017cne substancje chemiczne, kt\u00f3re nie mog\u0105 by\u0107 stosowane w sprz\u0119cie elektrycznym i elektronicznym. W dniu 22 lipca 2019 r. &#8222;rozszerzona&#8221; dyrektywa RoHS wejdzie w \u017cycie w UE z nowymi zakazami stosowania substancji.<\/p>\n<p>Nast\u0119puj\u0105ce substancje s\u0105 regulowane:<\/p>\n<ul>\n<li>O\u0142\u00f3w (PB)<\/li>\n<li>Kadm (Cd)<\/li>\n<li>Polibromowane bifenyle (PBB)<\/li>\n<li>Polibromowane etery difenylowe (PBDE)<\/li>\n<li>Chrom sze\u015bciowarto\u015bciowy<\/li>\n<li>Rt\u0119\u0107 (Hg)<\/li>\n<li>ftalan butylobenzylowy (BBP)<\/li>\n<li>Ftalan di(2-etyloheksylu) (DEHP)<\/li>\n<li>ftalan dibutylu (DBP)<\/li>\n<\/ul>\n<p>Jednorodne materia\u0142y, kt\u00f3re zawieraj\u0105 wi\u0119cej ni\u017c 0,1 % masy ka\u017cdej z wy\u017cej wymienionych substancji (Cd 0,01 % masy), nie mog\u0105 by\u0107 stosowane w urz\u0105dzeniach elektrycznych w kategoriach urz\u0105dze\u0144 wymienionych w za\u0142\u0105czniku I do 2011\/65\/UE.<br \/>\nTe tak zwane limity de minimis uwzgl\u0119dniaj\u0105 fakt, \u017ce mog\u0105 wyst\u0119powa\u0107 bardzo ma\u0142e ilo\u015bci zanieczyszcze\u0144, kt\u00f3rym nie mo\u017cna zapobiec z technicznego punktu widzenia.[\/vc_column_text][\/vc_column][\/vc_row][vc_row][vc_column][vc_column_text text_larger=&#8221;no&#8221;][vc_row full_width=\"stretch_row\" content_placement=\"middle\" css=\".vc_custom_1586005850397{padding-top: 6vh !important;}\" mobile_bg_img_hidden=\"no\" tablet_bg_img_hidden=\"no\" woodmart_parallax=\"0\" woodmart_gradient_switch=\"no\" row_reverse_mobile=\"0\" row_reverse_tablet=\"0\" woodmart_disable_overflow=\"0\"][vc_column css=\".vc_custom_1581689860303{margin-bottom: 6vh !important;padding-top: 0px !important;}\" mobile_bg_img_hidden=\"no\" tablet_bg_img_hidden=\"no\" woodmart_parallax=\"0\" woodmart_sticky_column=\"false\" parallax_scroll=\"no\" mobile_reset_margin=\"no\" tablet_reset_margin=\"no\"]\n\t\t<div id=\"wd-5eb415c9a2681\" class=\"title-wrapper wd-wpb set-mb-s reset-last-child  wd-rs-5eb415c9a2681 wd-title-color-default wd-title-style-default wd-width-100 text-center vc_custom_1588860372337 wd-underline-colored\">\n\t\t\t\t\t\t\t<div class=\"title-subtitle  subtitle-color-default font-default subtitle-style-default wd-font-weight- wd-fontsize-xs\">BOXEXPERT SUPPORT<\/div>\n\t\t\t\n\t\t\t<div class=\"liner-continer\">\n\t\t\t\t<h3 class=\"woodmart-title-container title  wd-font-weight- wd-fontsize-l\" >Masz pytania?<\/h3>\n\t\t\t\t\t\t\t<\/div>\n\t\t\t\n\t\t\t\t\t\t\t<div class=\"title-after_title  set-cont-mb-s reset-last-child  wd-fontsize-xs\">Nasi pracownicy s\u0105 do Pa\u0144stwa dyspozycji za po\u015brednictwem czatu i formularza kontaktowego i ch\u0119tnie odpowiedz\u0105 na wszystkie Pa\u0144stwa pytania.<\/div>\n\t\t\t\n\t\t\t\n\t\t<\/div>\n\t\t\n\t\t<div id=\"wd-5ebcf3bedd821\" class=\" wd-rs-5ebcf3bedd821  wd-button-wrapper woodmart-button-wrapper text-center\"><a href=\"#contact-form-popup\" title=\"\" class=\"btn btn-color-primary btn-style-default btn-style-rectangle btn-size-default wd-open-popup \">KONTAKT TERAZ<\/a><\/div><div id=\"contact-form-popup\" class=\"mfp-with-anim wd-popup mfp-hide woodmart-content-popup\" style=\"max-width:900px;\"><div class=\"wd-popup-inner\">[vc_row_inner equal_height=\"yes\" css=\".vc_custom_1512552757832{margin-top: -30px !important;margin-right: -30px !important;margin-bottom: -30px !important;margin-left: -30px !important;}\"][vc_column_inner width=\"2\/3\" css=\".vc_custom_1512552766600{padding-top: 30px !important;padding-right: 30px !important;padding-bottom: 15px !important;padding-left: 30px !important;}\"]\n\t\t<div id=\"wd-5eb415d60991e\" class=\"title-wrapper wd-wpb set-mb-s reset-last-child  wd-rs-5eb415d60991e wd-title-color-default wd-title-style-default wd-width-100 text-left  wd-underline-colored\">\n\t\t\t\n\t\t\t<div class=\"liner-continer\">\n\t\t\t\t<h4 class=\"woodmart-title-container title  wd-font-weight- wd-fontsize-m\" >WY\u015aLIJ NAM SWOJ\u0104 WIADOMO\u015a\u0106<\/h4>\n\t\t\t\t\t\t\t<\/div>\n\t\t\t\n\t\t\t\n\t\t\t\n\t\t<\/div>\n\t\t\n\t\t[vc_column_text css=\".vc_custom_1588860389521{margin-bottom: 0px !important;}\" text_larger=\"no\"][contact-form-7 id=\"3934\" title=\"popup contact form\"][\/vc_column_text][\/vc_column_inner][vc_column_inner width=\"1\/3\" css=\".vc_custom_1581585874277{padding-top: 30px !important;padding-right: 30px !important;padding-bottom: 30px !important;padding-left: 30px !important;background-color: #3583ba !important;}\"]\n\t\t<div id=\"wd-5eb415e6da734\" class=\"title-wrapper wd-wpb set-mb-s reset-last-child  wd-rs-5eb415e6da734 wd-title-color-white wd-title-style-default wd-width-100 text-left  wd-underline-colored\">\n\t\t\t\n\t\t\t<div class=\"liner-continer\">\n\t\t\t\t<h4 class=\"woodmart-title-container title  wd-font-weight- wd-fontsize-m\" >DANE KONTAKTOWE<\/h4>\n\t\t\t\t\t\t\t<\/div>\n\t\t\t\n\t\t\t\n\t\t\t\n\t\t<\/div>\n\t\t\n\t\t\t\t\t<div class=\"info-box-wrapper\">\n\t\t\t\t<div id=\"wd-5ebcf3c795cb5\" class=\" wd-rs-5ebcf3c795cb5 wd-info-box woodmart-info-box wd-wpb text-left box-icon-align-left box-style- color-scheme-light wd-bg-none box-title-default \"  >\n\t\t\t\t\t\t\t\t\t\t<div class=\"info-box-content\">\n\t\t\t\t\t\t\t\t\t\t\t\t<div class=\"info-box-inner set-cont-mb-s reset-last-child\">\n\t\t\t\t\t\t\t<p>BOXEXPERT.DE<br \/>\nGr\u00fctzm\u00fchlenweg 46<br \/>\n22339 Hamburg<br \/>\nGermany<\/p>\n\t\t\t\t\t\t<\/div>\n\n\t\t\t\t\t\t\t\t\t\t\t<\/div>\n\n\t\t\t\t\t\t\t\t\t<\/div>\n\t\t\t<\/div>\n\t\t\t\t\t<div class=\"info-box-wrapper\">\n\t\t\t\t<div id=\"wd-5eb413f7891b1\" class=\" wd-rs-5eb413f7891b1 wd-info-box woodmart-info-box wd-wpb text-left box-icon-align-left box-style- color-scheme-light wd-bg-none box-title-default \"  >\n\t\t\t\t\t\t\t\t\t\t<div class=\"info-box-content\">\n\t\t\t\t\t\t\t\t\t\t\t\t<div class=\"info-box-inner set-cont-mb-s reset-last-child\">\n\t\t\t\t\t\t\t<div style=\"line-height: 2;\"><i class=\"fa fa-phone-square\" style=\"width: 15px; text-align: center; margin-right: 4px; color: #676767;\"><\/i>+49 (0)40 53 80 92 10<br \/>\n<i class=\"fa fa-fax\" style=\"width: 15px; text-align: center; margin-right: 4px; color: #676767;\"><\/i>+49 (0)40 53 80 92 86<\/div>\n\t\t\t\t\t\t<\/div>\n\n\t\t\t\t\t\t\t\t\t\t\t<\/div>\n\n\t\t\t\t\t\t\t\t\t<\/div>\n\t\t\t<\/div>\n\t\t\t\t\t<div class=\"info-box-wrapper\">\n\t\t\t\t<div id=\"wd-5e46aa795cac1\" class=\" wd-rs-5e46aa795cac1 wd-info-box woodmart-info-box wd-wpb text-left box-icon-align-left box-style- color-scheme-light wd-bg-none box-title-default \"  >\n\t\t\t\t\t\t\t\t\t\t<div class=\"info-box-content\">\n\t\t\t\t\t\t\t\t\t\t\t\t<div class=\"info-box-inner set-cont-mb-s reset-last-child\">\n\t\t\t\t\t\t\t<div style=\"line-height: 2;\"><i class=\"fa fa-envelope-square\" style=\"width: 15px; text-align: center; margin-right: 4px; color: #676767;\"><\/i> <a href=\"mailto:info@boxexpert.de\">info@boxexpert.de<\/a><\/div>\n\t\t\t\t\t\t<\/div>\n\n\t\t\t\t\t\t\t\t\t\t\t<\/div>\n\n\t\t\t\t\t\t\t\t\t<\/div>\n\t\t\t<\/div>\n\t\t[vc_separator color=\"custom\" accent_color=\"rgba(255,255,255,0.15)\" css=\".vc_custom_1484144347493{margin-bottom: 30px !important;}\"][vc_column_text woodmart_color_scheme=\"light\" css=\".vc_custom_1588860403152{margin-bottom: 20px !important;}\" text_larger=\"no\"]\u015aled\u017a nas na naszych kana\u0142ach medi\u00f3w spo\u0142eczno\u015bciowych i otrzymuj informacje o nowych produktach.[\/vc_column_text]\n\t\t\t<div class=\"wd-social-icons  woodmart-social-icons icons-design-colored icons-size-small color-scheme-dark social-follow social-form-circle text-left\">\n\n\t\t\t\t\n\t\t\t\t\t\t\t\t\t<a rel=\"noopener noreferrer nofollow\" href=\"https:\/\/www.facebook.com\/BOXEXPERT.DE\/\" target=\"_blank\" class=\" wd-social-icon social-facebook\" aria-label=\"Facebook social link\">\n\t\t\t\t\t\t<span class=\"wd-icon\"><\/span>\n\t\t\t\t\t\t\t\t\t\t\t<\/a>\n\t\t\t\t\n\t\t\t\t\t\t\t\t\t<a rel=\"noopener noreferrer nofollow\" href=\"https:\/\/twitter.com\/Box_expert\" target=\"_blank\" class=\" wd-social-icon social-twitter\" aria-label=\"Twitter social link\">\n\t\t\t\t\t\t<span class=\"wd-icon\"><\/span>\n\t\t\t\t\t\t\t\t\t\t\t<\/a>\n\t\t\t\t\n\t\t\t\t\n\t\t\t\t\t\t\t\t\t<a rel=\"noopener noreferrer nofollow\" href=\"https:\/\/www.instagram.com\/boxexpert_hamburg\/\" target=\"_blank\" class=\" wd-social-icon social-instagram\" aria-label=\"Instagram social link\">\n\t\t\t\t\t\t<span class=\"wd-icon\"><\/span>\n\t\t\t\t\t\t\t\t\t\t\t<\/a>\n\t\t\t\t\n\t\t\t\t\n\t\t\t\t\n\t\t\t\t\n\t\t\t\t\t\t\t\t\t<a rel=\"noopener noreferrer nofollow\" href=\"https:\/\/www.linkedin.com\/company\/boxexpert\/\" target=\"_blank\" class=\" wd-social-icon social-linkedin\" aria-label=\"Linkedin social link\">\n\t\t\t\t\t\t<span class=\"wd-icon\"><\/span>\n\t\t\t\t\t\t\t\t\t\t\t<\/a>\n\t\t\t\t\n\t\t\t\t\n\t\t\t\t\n\t\t\t\t\n\t\t\t\t\n\t\t\t\t\n\t\t\t\t\n\t\t\t\t\n\t\t\t\t\n\t\t\t\t\n\t\t\t\t\t\t\t\t\n\t\t\t\t\t\t\t\t\n\t\t\t\t\n\t\t\t\t\t\t\t\t\n\t\t\t\t\n\t\t\t<\/div>\n\n\t\t[\/vc_column_inner][\/vc_row_inner]<\/div><\/div>[\/vc_column][\/vc_row]<style data-type=\"vc_shortcodes-custom-css\">.vc_custom_1586005850397{padding-top: 6vh !important;}.vc_custom_1581689860303{margin-bottom: 6vh !important;padding-top: 0px !important;}.vc_custom_1588860372337{margin-bottom: 20px !important;}.vc_custom_1512552757832{margin-top: -30px !important;margin-right: -30px !important;margin-bottom: -30px !important;margin-left: -30px !important;}.vc_custom_1512552766600{padding-top: 30px !important;padding-right: 30px !important;padding-bottom: 15px !important;padding-left: 30px !important;}.vc_custom_1581585874277{padding-top: 30px !important;padding-right: 30px !important;padding-bottom: 30px !important;padding-left: 30px !important;background-color: #3583ba !important;}.vc_custom_1588860389521{margin-bottom: 0px !important;}.vc_custom_1484144347493{margin-bottom: 30px !important;}.vc_custom_1588860403152{margin-bottom: 20px !important;}#wd-5eb415c9a2681 .woodmart-title-container{line-height:46px;font-size:36px;}#wd-5eb415c9a2681 .title-subtitle{color:#3684bb;}#wd-5eb415c9a2681 .title-after_title{line-height:24px;font-size:14px;}@media (max-width: 1024px) {#wd-5eb415c9a2681 .woodmart-title-container{line-height:40px;font-size:30px;}#wd-5eb415c9a2681 .title-after_title{line-height:24px;font-size:14px;}}@media (max-width: 767px) {#wd-5eb415c9a2681 .woodmart-title-container{line-height:38px;font-size:28px;}}<\/style>[\/vc_column_text][\/vc_column][\/vc_row]<\/p>\n","protected":false},"excerpt":{"rendered":"<p>[vc_row][vc_column][\/vc_column][\/vc_row][vc_row full_width=&#8221;stretch_row&#8221; content_placement=&#8221;top&#8221; css=&#8221;.vc_custom_1586250255149{margin-bottom: 8vh !important;}&#8221; mobile_bg_img_hidden=&#8221;no&#8221; tablet_bg_img_hidden=&#8221;no&#8221; woodmart_parallax=&#8221;0&#8243; woodmart_gradient_switch=&#8221;no&#8221; row_reverse_mobile=&#8221;0&#8243; row_reverse_tablet=&#8221;0&#8243; woodmart_disable_overflow=&#8221;0&#8243;][vc_column width=&#8221;1\/2&#8243; css=&#8221;.vc_custom_1586954960915{margin-bottom: 20px !important;padding-top: 0px !important;}&#8221; mobile_bg_img_hidden=&#8221;no&#8221;<\/p>\n","protected":false},"author":1,"featured_media":0,"parent":11053,"menu_order":0,"comment_status":"closed","ping_status":"closed","template":"","meta":[],"yoast_head":"<!-- This site is optimized with the Yoast SEO Premium plugin v18.4 (Yoast SEO v18.8) - https:\/\/yoast.com\/wordpress\/plugins\/seo\/ -->\n<title>RoHS \/ REACH - BOXEXPERT - Profesjonalne rozwi\u0105zania obud\u00f3w dla najwy\u017cszych wymaga\u0144<\/title>\n<meta name=\"robots\" content=\"index, follow, max-snippet:-1, max-image-preview:large, max-video-preview:-1\" \/>\n<link rel=\"canonical\" href=\"https:\/\/box.lilleshop.de\/pl\/faqs\/rohs-reach\/\" \/>\n<meta property=\"og:locale\" content=\"pl_PL\" \/>\n<meta property=\"og:type\" content=\"article\" \/>\n<meta property=\"og:title\" content=\"RoHS \/ REACH\" \/>\n<meta property=\"og:description\" content=\"[vc_row][vc_column][\/vc_column][\/vc_row][vc_row full_width=&#8221;stretch_row&#8221; content_placement=&#8221;top&#8221; css=&#8221;.vc_custom_1586250255149{margin-bottom: 8vh !important;}&#8221; mobile_bg_img_hidden=&#8221;no&#8221; tablet_bg_img_hidden=&#8221;no&#8221; woodmart_parallax=&#8221;0&#8243; woodmart_gradient_switch=&#8221;no&#8221; row_reverse_mobile=&#8221;0&#8243; row_reverse_tablet=&#8221;0&#8243; woodmart_disable_overflow=&#8221;0&#8243;][vc_column width=&#8221;1\/2&#8243; css=&#8221;.vc_custom_1586954960915{margin-bottom: 20px !important;padding-top: 0px !important;}&#8221; mobile_bg_img_hidden=&#8221;no&#8221;\" \/>\n<meta property=\"og:url\" content=\"https:\/\/box.lilleshop.de\/pl\/faqs\/rohs-reach\/\" \/>\n<meta property=\"og:site_name\" content=\"BOXEXPERT - Profesjonalne rozwi\u0105zania obud\u00f3w dla najwy\u017cszych wymaga\u0144\" \/>\n<meta property=\"article:modified_time\" content=\"2022-04-08T04:57:38+00:00\" \/>\n<meta name=\"twitter:card\" content=\"summary_large_image\" \/>\n<meta name=\"twitter:label1\" content=\"Szacowany czas czytania\" \/>\n\t<meta name=\"twitter:data1\" content=\"3 minuty\" \/>\n<script type=\"application\/ld+json\" class=\"yoast-schema-graph\">{\"@context\":\"https:\/\/schema.org\",\"@graph\":[{\"@type\":\"WebSite\",\"@id\":\"https:\/\/box.lilleshop.de\/#website\",\"url\":\"https:\/\/box.lilleshop.de\/\",\"name\":\"BOXEXPERT - Professionelle Geh\u00e4usel\u00f6sungen f\u00fcr h\u00f6chste Anspr\u00fcche\",\"description\":\"Obudowy przemys\u0142owe, szafy rozdzielcze, obudowy instalacyjne, skrzynki bezpiecznikowe i rozdzielcze\",\"potentialAction\":[{\"@type\":\"SearchAction\",\"target\":{\"@type\":\"EntryPoint\",\"urlTemplate\":\"https:\/\/box.lilleshop.de\/?s={search_term_string}\"},\"query-input\":\"required name=search_term_string\"}],\"inLanguage\":\"pl-PL\"},{\"@type\":\"WebPage\",\"@id\":\"https:\/\/box.lilleshop.de\/pl\/faqs\/rohs-reach\/#webpage\",\"url\":\"https:\/\/box.lilleshop.de\/pl\/faqs\/rohs-reach\/\",\"name\":\"RoHS \/ REACH - BOXEXPERT - Profesjonalne rozwi\u0105zania obud\u00f3w dla najwy\u017cszych wymaga\u0144\",\"isPartOf\":{\"@id\":\"https:\/\/box.lilleshop.de\/#website\"},\"datePublished\":\"2020-02-13T09:17:11+00:00\",\"dateModified\":\"2022-04-08T04:57:38+00:00\",\"breadcrumb\":{\"@id\":\"https:\/\/box.lilleshop.de\/pl\/faqs\/rohs-reach\/#breadcrumb\"},\"inLanguage\":\"pl-PL\",\"potentialAction\":[{\"@type\":\"ReadAction\",\"target\":[\"https:\/\/box.lilleshop.de\/pl\/faqs\/rohs-reach\/\"]}]},{\"@type\":\"BreadcrumbList\",\"@id\":\"https:\/\/box.lilleshop.de\/pl\/faqs\/rohs-reach\/#breadcrumb\",\"itemListElement\":[{\"@type\":\"ListItem\",\"position\":1,\"name\":\"Startseite\",\"item\":\"https:\/\/box.lilleshop.de\/pl\/\"},{\"@type\":\"ListItem\",\"position\":2,\"name\":\"FAQs\",\"item\":\"https:\/\/box.lilleshop.de\/pl\/faqs\/\"},{\"@type\":\"ListItem\",\"position\":3,\"name\":\"RoHS \/ REACH\"}]}]}<\/script>\n<!-- \/ Yoast SEO Premium plugin. -->","yoast_head_json":{"title":"RoHS \/ REACH - BOXEXPERT - Profesjonalne rozwi\u0105zania obud\u00f3w dla najwy\u017cszych wymaga\u0144","robots":{"index":"index","follow":"follow","max-snippet":"max-snippet:-1","max-image-preview":"max-image-preview:large","max-video-preview":"max-video-preview:-1"},"canonical":"https:\/\/box.lilleshop.de\/pl\/faqs\/rohs-reach\/","og_locale":"pl_PL","og_type":"article","og_title":"RoHS \/ REACH","og_description":"[vc_row][vc_column][\/vc_column][\/vc_row][vc_row full_width=&#8221;stretch_row&#8221; content_placement=&#8221;top&#8221; css=&#8221;.vc_custom_1586250255149{margin-bottom: 8vh !important;}&#8221; mobile_bg_img_hidden=&#8221;no&#8221; tablet_bg_img_hidden=&#8221;no&#8221; woodmart_parallax=&#8221;0&#8243; woodmart_gradient_switch=&#8221;no&#8221; row_reverse_mobile=&#8221;0&#8243; row_reverse_tablet=&#8221;0&#8243; woodmart_disable_overflow=&#8221;0&#8243;][vc_column width=&#8221;1\/2&#8243; css=&#8221;.vc_custom_1586954960915{margin-bottom: 20px !important;padding-top: 0px !important;}&#8221; mobile_bg_img_hidden=&#8221;no&#8221;","og_url":"https:\/\/box.lilleshop.de\/pl\/faqs\/rohs-reach\/","og_site_name":"BOXEXPERT - Profesjonalne rozwi\u0105zania obud\u00f3w dla najwy\u017cszych wymaga\u0144","article_modified_time":"2022-04-08T04:57:38+00:00","twitter_card":"summary_large_image","twitter_misc":{"Szacowany czas czytania":"3 minuty"},"schema":{"@context":"https:\/\/schema.org","@graph":[{"@type":"WebSite","@id":"https:\/\/box.lilleshop.de\/#website","url":"https:\/\/box.lilleshop.de\/","name":"BOXEXPERT - Professionelle Geh\u00e4usel\u00f6sungen f\u00fcr h\u00f6chste Anspr\u00fcche","description":"Obudowy przemys\u0142owe, szafy rozdzielcze, obudowy instalacyjne, skrzynki bezpiecznikowe i rozdzielcze","potentialAction":[{"@type":"SearchAction","target":{"@type":"EntryPoint","urlTemplate":"https:\/\/box.lilleshop.de\/?s={search_term_string}"},"query-input":"required name=search_term_string"}],"inLanguage":"pl-PL"},{"@type":"WebPage","@id":"https:\/\/box.lilleshop.de\/pl\/faqs\/rohs-reach\/#webpage","url":"https:\/\/box.lilleshop.de\/pl\/faqs\/rohs-reach\/","name":"RoHS \/ REACH - BOXEXPERT - Profesjonalne rozwi\u0105zania obud\u00f3w dla najwy\u017cszych wymaga\u0144","isPartOf":{"@id":"https:\/\/box.lilleshop.de\/#website"},"datePublished":"2020-02-13T09:17:11+00:00","dateModified":"2022-04-08T04:57:38+00:00","breadcrumb":{"@id":"https:\/\/box.lilleshop.de\/pl\/faqs\/rohs-reach\/#breadcrumb"},"inLanguage":"pl-PL","potentialAction":[{"@type":"ReadAction","target":["https:\/\/box.lilleshop.de\/pl\/faqs\/rohs-reach\/"]}]},{"@type":"BreadcrumbList","@id":"https:\/\/box.lilleshop.de\/pl\/faqs\/rohs-reach\/#breadcrumb","itemListElement":[{"@type":"ListItem","position":1,"name":"Startseite","item":"https:\/\/box.lilleshop.de\/pl\/"},{"@type":"ListItem","position":2,"name":"FAQs","item":"https:\/\/box.lilleshop.de\/pl\/faqs\/"},{"@type":"ListItem","position":3,"name":"RoHS \/ REACH"}]}]}},"_links":{"self":[{"href":"https:\/\/box.lilleshop.de\/pl\/wp-json\/wp\/v2\/pages\/11204"}],"collection":[{"href":"https:\/\/box.lilleshop.de\/pl\/wp-json\/wp\/v2\/pages"}],"about":[{"href":"https:\/\/box.lilleshop.de\/pl\/wp-json\/wp\/v2\/types\/page"}],"author":[{"embeddable":true,"href":"https:\/\/box.lilleshop.de\/pl\/wp-json\/wp\/v2\/users\/1"}],"replies":[{"embeddable":true,"href":"https:\/\/box.lilleshop.de\/pl\/wp-json\/wp\/v2\/comments?post=11204"}],"version-history":[{"count":4,"href":"https:\/\/box.lilleshop.de\/pl\/wp-json\/wp\/v2\/pages\/11204\/revisions"}],"predecessor-version":[{"id":62468,"href":"https:\/\/box.lilleshop.de\/pl\/wp-json\/wp\/v2\/pages\/11204\/revisions\/62468"}],"up":[{"embeddable":true,"href":"https:\/\/box.lilleshop.de\/pl\/wp-json\/wp\/v2\/pages\/11053"}],"wp:attachment":[{"href":"https:\/\/box.lilleshop.de\/pl\/wp-json\/wp\/v2\/media?parent=11204"}],"curies":[{"name":"wp","href":"https:\/\/api.w.org\/{rel}","templated":true}]}}