{"id":5401,"date":"2020-04-06T14:18:17","date_gmt":"2020-04-06T14:18:17","guid":{"rendered":"https:\/\/boxexpert.de\/impressum\/"},"modified":"2020-06-22T13:03:38","modified_gmt":"2020-06-22T13:03:38","slug":"afdruk","status":"publish","type":"page","link":"https:\/\/box.lilleshop.de\/nl\/afdruk\/","title":{"rendered":"Afdruk"},"content":{"rendered":"<p>[vc_row full_width=&#8221;stretch_row_content&#8221; mobile_bg_img_hidden=&#8221;no&#8221; tablet_bg_img_hidden=&#8221;no&#8221; woodmart_parallax=&#8221;0&#8243; woodmart_gradient_switch=&#8221;no&#8221; row_reverse_mobile=&#8221;0&#8243; row_reverse_tablet=&#8221;0&#8243; woodmart_disable_overflow=&#8221;0&#8243; css=&#8221;.vc_custom_1585845026454{margin-top: -40px !important;margin-bottom: 4vh !important;}&#8221;][vc_column]\n\t\t\t<!-- START historie REVOLUTION SLIDER 6.5.21 --><p class=\"rs-p-wp-fix\"><\/p>\n\t\t\t<rs-module-wrap id=\"rev_slider_19_1_wrapper\" data-source=\"gallery\" style=\"visibility:hidden;background:transparent;padding:0;margin:0px auto;margin-top:0;margin-bottom:0;\">\n\t\t\t\t<rs-module id=\"rev_slider_19_1\" style=\"\" data-version=\"6.5.21\">\n\t\t\t\t\t<rs-slides>\n\t\t\t\t\t\t<rs-slide style=\"position: absolute;\" data-key=\"rs-193\" data-title=\"Slide\" data-anim=\"ms:1000;r:0;\" data-in=\"o:0;\" data-out=\"a:false;\">\n\t\t\t\t\t\t\t<img src=\"\/\/box.lilleshop.de\/wp-content\/plugins\/revslider\/public\/assets\/assets\/dummy.png\" alt=\"Boxexpert Geh\u00e4use aus der Hamburger Region\" title=\"Boxexpert-historie\" width=\"1600\" height=\"600\" class=\"rev-slidebg tp-rs-img rs-lazyload\" data-lazyload=\"\/\/box.lilleshop.de\/wp-content\/uploads\/2020\/03\/Boxexpert-historie.jpg\" data-no-retina>\n<!--\n\t\t\t\t\t\t\t--><rs-layer\n\t\t\t\t\t\t\t\tid=\"slider-19-slide-193-layer-0\" \n\t\t\t\t\t\t\t\tdata-type=\"shape\"\n\t\t\t\t\t\t\t\tdata-rsp_ch=\"on\"\n\t\t\t\t\t\t\t\tdata-xy=\"x:428px;y:340px;\"\n\t\t\t\t\t\t\t\tdata-text=\"w:normal;\"\n\t\t\t\t\t\t\t\tdata-dim=\"w:536px;h:127px;\"\n\t\t\t\t\t\t\t\tdata-spike=\"r:top;\"\n\t\t\t\t\t\t\t\tdata-frame_0=\"x:left;\"\n\t\t\t\t\t\t\t\tdata-frame_1=\"st:400;sp:1000;\"\n\t\t\t\t\t\t\t\tdata-frame_999=\"o:0;st:w;\"\n\t\t\t\t\t\t\t\tstyle=\"z-index:5;background-color:rgba(54,132,187,0.95);\"\n\t\t\t\t\t\t\t> \n\t\t\t\t\t\t\t<\/rs-layer><!--\n\n\t\t\t\t\t\t\t--><rs-layer\n\t\t\t\t\t\t\t\tid=\"slider-19-slide-193-layer-1\" \n\t\t\t\t\t\t\t\tdata-type=\"text\"\n\t\t\t\t\t\t\t\tdata-color=\"#ffffff\"\n\t\t\t\t\t\t\t\tdata-rsp_ch=\"on\"\n\t\t\t\t\t\t\t\tdata-xy=\"x:454px;y:367px;\"\n\t\t\t\t\t\t\t\tdata-text=\"w:normal;s:27;l:34;fw:600;\"\n\t\t\t\t\t\t\t\tdata-frame_0=\"x:left;\"\n\t\t\t\t\t\t\t\tdata-frame_1=\"st:400;sp:1000;\"\n\t\t\t\t\t\t\t\tdata-frame_999=\"o:0;st:w;\"\n\t\t\t\t\t\t\t\tstyle=\"z-index:6;font-family:'Poppins';\"\n\t\t\t\t\t\t\t>HANZESTRADITIE IN DE <br \/>\nPREMIUMSEGMENT VAN WONINGEN \n\t\t\t\t\t\t\t<\/rs-layer><!--\n-->\t\t\t\t\t\t<\/rs-slide>\n\t\t\t\t\t<\/rs-slides>\n\t\t\t\t<\/rs-module>\n\t\t\t\t<script>\n\t\t\t\t\tsetREVStartSize({c: 'rev_slider_19_1',rl:[1240,1024,778,480],el:[500],gw:[1240],gh:[500],type:'standard',justify:'',layout:'fullwidth',mh:\"0\"});if (window.RS_MODULES!==undefined && window.RS_MODULES.modules!==undefined && window.RS_MODULES.modules[\"revslider191\"]!==undefined) {window.RS_MODULES.modules[\"revslider191\"].once = false;window.revapi19 = undefined;if (window.RS_MODULES.checkMinimal!==undefined) window.RS_MODULES.checkMinimal()}\n\t\t\t\t<\/script>\n\t\t\t<\/rs-module-wrap>\n\t\t\t<!-- END REVOLUTION SLIDER -->\n[\/vc_column][\/vc_row][vc_row mobile_bg_img_hidden=&#8221;no&#8221; tablet_bg_img_hidden=&#8221;no&#8221; woodmart_parallax=&#8221;0&#8243; woodmart_gradient_switch=&#8221;no&#8221; row_reverse_mobile=&#8221;0&#8243; row_reverse_tablet=&#8221;0&#8243; woodmart_disable_overflow=&#8221;0&#8243;][vc_column]\n\t\t<div id=\"wd-5ebe6305210f9\" class=\"title-wrapper wd-wpb set-mb-s reset-last-child  wd-rs-5ebe6305210f9 wd-title-color-primary wd-title-style-underlined wd-width-100 text-left vc_custom_1589535498277 wd-underline-colored\">\n\t\t\t\n\t\t\t<div class=\"liner-continer\">\n\t\t\t\t<h1 class=\"woodmart-title-container title  wd-font-weight- wd-fontsize-xxl\" ><strong>AFDRUK<\/strong><\/h1>\n\t\t\t\t\t\t\t<\/div>\n\t\t\t\n\t\t\t\n\t\t\t\n\t\t<\/div>\n\t\t\n\t\t[\/vc_column][\/vc_row][vc_row full_width=&#8221;stretch_row&#8221; content_placement=&#8221;top&#8221; css=&#8221;.vc_custom_1585144936904{margin-bottom: 2vh !important;}&#8221; mobile_bg_img_hidden=&#8221;no&#8221; tablet_bg_img_hidden=&#8221;no&#8221; woodmart_parallax=&#8221;0&#8243; woodmart_gradient_switch=&#8221;no&#8221; row_reverse_mobile=&#8221;0&#8243; row_reverse_tablet=&#8221;0&#8243; woodmart_disable_overflow=&#8221;0&#8243;][vc_column css=&#8221;.vc_custom_1490276860346{margin-bottom: 20px !important;padding-top: 0px !important;}&#8221;][vc_row_inner][vc_column_inner][vc_column_text text_larger=&#8221;no&#8221;]<\/p>\n<h5>Gegevens volgens \u00a7 5 TMG:<\/h5>\n<p>BOXEXPERT.DE<br \/>\nBreuell Ingenieurb\u00fcro GmbH<br \/>\nGr\u00fctzm\u00fchlenweg 46<br \/>\n22339 Hamburg<br \/>\nDuitsland<\/p>\n<h5>Gepresenteerd door:<\/h5>\n<p>Jan Schwonbeck<\/p>\n<h5>contact:<\/h5>\n<p>Telefoon: +49 (0)40 \/ 538092 &#8211; 255<br \/>\nFax: +49 (0)40 \/ 538092 &#8211; 85<br \/>\nE-mail: <a href=\"mailto:info@boxexpert.de\">info@boxexpert.de<\/a><\/p>\n<h5>registratie-invoer:<\/h5>\n<p>Inschrijving in het handelsregister.<br \/>\nRechtbank van het arrondissement Hamburg<br \/>\nRegistratienummer: HRB 29340<\/p>\n<h5>Verkoopbelasting ID:<\/h5>\n<p>Identificatienummer voor de omzetbelasting volgens \u00a727 een wet op de omzetbelasting:<br \/>\nDE 118642259<\/p>\n<p><strong>aansprakelijkheid voor de inhoud<\/strong><\/p>\n<p>Als dienstverlener zijn wij verantwoordelijk voor onze eigen inhoud op deze pagina&#8217;s volgens \u00a7 7 lid 1 TMG (Duitse Telemediawet) en de algemene wetten. Volgens \u00a7\u00a7 8 tot 10 TMG zijn wij niet verplicht om doorgegeven of opgeslagen informatie van derden te controleren of om omstandigheden te onderzoeken die wijzen op een illegale activiteit. Verplichtingen tot het verwijderen of blokkeren van het gebruik van informatie volgens de algemene wetten blijven hierdoor onaangetast. Aansprakelijkheid in dit verband is echter pas mogelijk vanaf het moment dat men op de hoogte is van een concrete inbreuk. Indien wij kennis nemen van dergelijke wetsovertredingen, zullen wij de inhoud in kwestie onmiddellijk verwijderen.<\/p>\n<p><strong>Liability for links<\/strong><\/p>\n<p>Ons aanbod bevat links naar externe websites van derden, op de inhoud waarvan wij geen invloed hebben. Daarom kunnen wij geen aansprakelijkheid aanvaarden voor deze externe inhoud. Voor de inhoud van de gelinkte sites is altijd de betreffende aanbieder of exploitant van de sites verantwoordelijk. De gelinkte pagina&#8217;s werden op het moment van linken gecontroleerd op mogelijke wetsovertredingen. Illegale inhoud werd ten tijde van het linken niet ge\u00efdentificeerd. Een permanente controle van de inhoud van de gelinkte pagina&#8217;s is echter niet redelijk zonder concreet bewijs van een overtreding van de wet. Indien wij kennis nemen van eventuele overtredingen, zullen wij dergelijke links onmiddellijk verwijderen.<\/p>\n<p><strong>copyright<\/strong><\/p>\n<p>De inhoud en werken op deze pagina&#8217;s die door de exploitanten van de site zijn gemaakt, zijn onderworpen aan het Duitse auteursrecht. Voor de reproductie, bewerking, verspreiding en elke vorm van gebruik buiten de grenzen van het auteursrecht is de schriftelijke toestemming van de betreffende auteur of maker vereist. Downloads en kopie\u00ebn van deze pagina&#8217;s zijn alleen toegestaan voor priv\u00e9, niet-commercieel gebruik. Voor zover de inhoud van deze site niet door de exploitant is gecre\u00eberd, worden de auteursrechten van derden in acht genomen. Met name de inhoud van derden wordt als zodanig ge\u00efdentificeerd. Mocht u desondanks kennis nemen van een inbreuk op het auteursrecht, dan verzoeken wij u ons hiervan op de hoogte te stellen. Indien wij kennis nemen van eventuele overtredingen, zullen wij deze inhoud onmiddellijk verwijderen.[\/vc_column_text][\/vc_column_inner][\/vc_row_inner][\/vc_column][\/vc_row]<\/p>\n","protected":false},"excerpt":{"rendered":"<p>[vc_row full_width=&#8221;stretch_row_content&#8221; mobile_bg_img_hidden=&#8221;no&#8221; tablet_bg_img_hidden=&#8221;no&#8221; woodmart_parallax=&#8221;0&#8243; woodmart_gradient_switch=&#8221;no&#8221; row_reverse_mobile=&#8221;0&#8243; row_reverse_tablet=&#8221;0&#8243; woodmart_disable_overflow=&#8221;0&#8243; css=&#8221;.vc_custom_1585845026454{margin-top: -40px !important;margin-bottom: 4vh !important;}&#8221;][vc_column][\/vc_column][\/vc_row][vc_row mobile_bg_img_hidden=&#8221;no&#8221; tablet_bg_img_hidden=&#8221;no&#8221; woodmart_parallax=&#8221;0&#8243; woodmart_gradient_switch=&#8221;no&#8221; row_reverse_mobile=&#8221;0&#8243; row_reverse_tablet=&#8221;0&#8243;<\/p>\n","protected":false},"author":1,"featured_media":0,"parent":0,"menu_order":0,"comment_status":"closed","ping_status":"closed","template":"","meta":[],"yoast_head":"<!-- This site is optimized with the Yoast SEO Premium plugin v18.4 (Yoast SEO v18.8) - https:\/\/yoast.com\/wordpress\/plugins\/seo\/ -->\n<title>Afdruk - BOXEXPERT - Professionele behuizingsoplossingen voor de hoogste eisen<\/title>\n<meta name=\"robots\" content=\"index, follow, max-snippet:-1, max-image-preview:large, max-video-preview:-1\" \/>\n<link rel=\"canonical\" href=\"https:\/\/box.lilleshop.de\/nl\/afdruk\/\" \/>\n<meta property=\"og:locale\" content=\"nl_NL\" \/>\n<meta property=\"og:type\" content=\"article\" \/>\n<meta property=\"og:title\" content=\"Afdruk\" \/>\n<meta property=\"og:description\" content=\"[vc_row full_width=&#8221;stretch_row_content&#8221; mobile_bg_img_hidden=&#8221;no&#8221; tablet_bg_img_hidden=&#8221;no&#8221; woodmart_parallax=&#8221;0&#8243; woodmart_gradient_switch=&#8221;no&#8221; row_reverse_mobile=&#8221;0&#8243; row_reverse_tablet=&#8221;0&#8243; woodmart_disable_overflow=&#8221;0&#8243; css=&#8221;.vc_custom_1585845026454{margin-top: -40px !important;margin-bottom: 4vh !important;}&#8221;][vc_column][\/vc_column][\/vc_row][vc_row mobile_bg_img_hidden=&#8221;no&#8221; tablet_bg_img_hidden=&#8221;no&#8221; woodmart_parallax=&#8221;0&#8243; woodmart_gradient_switch=&#8221;no&#8221; row_reverse_mobile=&#8221;0&#8243; row_reverse_tablet=&#8221;0&#8243;\" \/>\n<meta property=\"og:url\" content=\"https:\/\/box.lilleshop.de\/nl\/afdruk\/\" \/>\n<meta property=\"og:site_name\" content=\"BOXEXPERT - Professionele behuizingsoplossingen voor de hoogste eisen\" \/>\n<meta property=\"article:modified_time\" content=\"2020-06-22T13:03:38+00:00\" \/>\n<meta name=\"twitter:card\" content=\"summary_large_image\" \/>\n<meta name=\"twitter:label1\" content=\"Est. reading time\" \/>\n\t<meta name=\"twitter:data1\" content=\"3 minutes\" \/>\n<script type=\"application\/ld+json\" class=\"yoast-schema-graph\">{\"@context\":\"https:\/\/schema.org\",\"@graph\":[{\"@type\":\"WebSite\",\"@id\":\"https:\/\/box.lilleshop.de\/#website\",\"url\":\"https:\/\/box.lilleshop.de\/\",\"name\":\"BOXEXPERT - Professionelle Geh\u00e4usel\u00f6sungen f\u00fcr h\u00f6chste Anspr\u00fcche\",\"description\":\"Industri\u00eble behuizingen, schakelkasten, installatiebehuizingen, zekeringskasten en verdeelkasten\",\"potentialAction\":[{\"@type\":\"SearchAction\",\"target\":{\"@type\":\"EntryPoint\",\"urlTemplate\":\"https:\/\/box.lilleshop.de\/?s={search_term_string}\"},\"query-input\":\"required name=search_term_string\"}],\"inLanguage\":\"nl-NL\"},{\"@type\":\"WebPage\",\"@id\":\"https:\/\/box.lilleshop.de\/nl\/afdruk\/#webpage\",\"url\":\"https:\/\/box.lilleshop.de\/nl\/afdruk\/\",\"name\":\"Afdruk - BOXEXPERT - Professionele behuizingsoplossingen voor de hoogste eisen\",\"isPartOf\":{\"@id\":\"https:\/\/box.lilleshop.de\/#website\"},\"datePublished\":\"2020-04-06T14:18:17+00:00\",\"dateModified\":\"2020-06-22T13:03:38+00:00\",\"breadcrumb\":{\"@id\":\"https:\/\/box.lilleshop.de\/nl\/afdruk\/#breadcrumb\"},\"inLanguage\":\"nl-NL\",\"potentialAction\":[{\"@type\":\"ReadAction\",\"target\":[\"https:\/\/box.lilleshop.de\/nl\/afdruk\/\"]}]},{\"@type\":\"BreadcrumbList\",\"@id\":\"https:\/\/box.lilleshop.de\/nl\/afdruk\/#breadcrumb\",\"itemListElement\":[{\"@type\":\"ListItem\",\"position\":1,\"name\":\"Startseite\",\"item\":\"https:\/\/box.lilleshop.de\/nl\/\"},{\"@type\":\"ListItem\",\"position\":2,\"name\":\"Afdruk\"}]}]}<\/script>\n<!-- \/ Yoast SEO Premium plugin. -->","yoast_head_json":{"title":"Afdruk - BOXEXPERT - Professionele behuizingsoplossingen voor de hoogste eisen","robots":{"index":"index","follow":"follow","max-snippet":"max-snippet:-1","max-image-preview":"max-image-preview:large","max-video-preview":"max-video-preview:-1"},"canonical":"https:\/\/box.lilleshop.de\/nl\/afdruk\/","og_locale":"nl_NL","og_type":"article","og_title":"Afdruk","og_description":"[vc_row full_width=&#8221;stretch_row_content&#8221; mobile_bg_img_hidden=&#8221;no&#8221; tablet_bg_img_hidden=&#8221;no&#8221; woodmart_parallax=&#8221;0&#8243; woodmart_gradient_switch=&#8221;no&#8221; row_reverse_mobile=&#8221;0&#8243; row_reverse_tablet=&#8221;0&#8243; woodmart_disable_overflow=&#8221;0&#8243; css=&#8221;.vc_custom_1585845026454{margin-top: -40px !important;margin-bottom: 4vh !important;}&#8221;][vc_column][\/vc_column][\/vc_row][vc_row mobile_bg_img_hidden=&#8221;no&#8221; tablet_bg_img_hidden=&#8221;no&#8221; woodmart_parallax=&#8221;0&#8243; woodmart_gradient_switch=&#8221;no&#8221; row_reverse_mobile=&#8221;0&#8243; row_reverse_tablet=&#8221;0&#8243;","og_url":"https:\/\/box.lilleshop.de\/nl\/afdruk\/","og_site_name":"BOXEXPERT - Professionele behuizingsoplossingen voor de hoogste eisen","article_modified_time":"2020-06-22T13:03:38+00:00","twitter_card":"summary_large_image","twitter_misc":{"Est. reading time":"3 minutes"},"schema":{"@context":"https:\/\/schema.org","@graph":[{"@type":"WebSite","@id":"https:\/\/box.lilleshop.de\/#website","url":"https:\/\/box.lilleshop.de\/","name":"BOXEXPERT - Professionelle Geh\u00e4usel\u00f6sungen f\u00fcr h\u00f6chste Anspr\u00fcche","description":"Industri\u00eble behuizingen, schakelkasten, installatiebehuizingen, zekeringskasten en verdeelkasten","potentialAction":[{"@type":"SearchAction","target":{"@type":"EntryPoint","urlTemplate":"https:\/\/box.lilleshop.de\/?s={search_term_string}"},"query-input":"required name=search_term_string"}],"inLanguage":"nl-NL"},{"@type":"WebPage","@id":"https:\/\/box.lilleshop.de\/nl\/afdruk\/#webpage","url":"https:\/\/box.lilleshop.de\/nl\/afdruk\/","name":"Afdruk - BOXEXPERT - Professionele behuizingsoplossingen voor de hoogste eisen","isPartOf":{"@id":"https:\/\/box.lilleshop.de\/#website"},"datePublished":"2020-04-06T14:18:17+00:00","dateModified":"2020-06-22T13:03:38+00:00","breadcrumb":{"@id":"https:\/\/box.lilleshop.de\/nl\/afdruk\/#breadcrumb"},"inLanguage":"nl-NL","potentialAction":[{"@type":"ReadAction","target":["https:\/\/box.lilleshop.de\/nl\/afdruk\/"]}]},{"@type":"BreadcrumbList","@id":"https:\/\/box.lilleshop.de\/nl\/afdruk\/#breadcrumb","itemListElement":[{"@type":"ListItem","position":1,"name":"Startseite","item":"https:\/\/box.lilleshop.de\/nl\/"},{"@type":"ListItem","position":2,"name":"Afdruk"}]}]}},"_links":{"self":[{"href":"https:\/\/box.lilleshop.de\/nl\/wp-json\/wp\/v2\/pages\/5401"}],"collection":[{"href":"https:\/\/box.lilleshop.de\/nl\/wp-json\/wp\/v2\/pages"}],"about":[{"href":"https:\/\/box.lilleshop.de\/nl\/wp-json\/wp\/v2\/types\/page"}],"author":[{"embeddable":true,"href":"https:\/\/box.lilleshop.de\/nl\/wp-json\/wp\/v2\/users\/1"}],"replies":[{"embeddable":true,"href":"https:\/\/box.lilleshop.de\/nl\/wp-json\/wp\/v2\/comments?post=5401"}],"version-history":[{"count":4,"href":"https:\/\/box.lilleshop.de\/nl\/wp-json\/wp\/v2\/pages\/5401\/revisions"}],"predecessor-version":[{"id":10894,"href":"https:\/\/box.lilleshop.de\/nl\/wp-json\/wp\/v2\/pages\/5401\/revisions\/10894"}],"wp:attachment":[{"href":"https:\/\/box.lilleshop.de\/nl\/wp-json\/wp\/v2\/media?parent=5401"}],"curies":[{"name":"wp","href":"https:\/\/api.w.org\/{rel}","templated":true}]}}