{"id":4522,"date":"2020-02-11T07:45:02","date_gmt":"2020-02-11T07:45:02","guid":{"rendered":"https:\/\/boxexpert.de\/onderneming\/qualitaet\/"},"modified":"2020-06-23T12:39:32","modified_gmt":"2020-06-23T12:39:32","slug":"kwaliteit","status":"publish","type":"page","link":"https:\/\/box.lilleshop.de\/nl\/onderneming\/kwaliteit\/","title":{"rendered":"Kwaliteit"},"content":{"rendered":"<p>[vc_row full_width=&#8221;stretch_row_content&#8221; mobile_bg_img_hidden=&#8221;no&#8221; tablet_bg_img_hidden=&#8221;no&#8221; woodmart_parallax=&#8221;0&#8243; woodmart_gradient_switch=&#8221;no&#8221; row_reverse_mobile=&#8221;0&#8243; row_reverse_tablet=&#8221;0&#8243; woodmart_disable_overflow=&#8221;0&#8243; css=&#8221;.vc_custom_1585845378745{margin-top: -40px !important;margin-bottom: 4vh !important;}&#8221;][vc_column]\n\t\t\t<!-- START qualit\u00e4t REVOLUTION SLIDER 6.5.21 --><p class=\"rs-p-wp-fix\"><\/p>\n\t\t\t<rs-module-wrap id=\"rev_slider_18_1_wrapper\" data-source=\"gallery\" style=\"visibility:hidden;background:transparent;padding:0;margin:0px auto;margin-top:0;margin-bottom:0;\">\n\t\t\t\t<rs-module id=\"rev_slider_18_1\" style=\"\" data-version=\"6.5.21\">\n\t\t\t\t\t<rs-slides>\n\t\t\t\t\t\t<rs-slide style=\"position: absolute;\" data-key=\"rs-201\" data-title=\"Slide\" data-anim=\"ms:1000;r:0;\" data-in=\"o:0;\" data-out=\"a:false;\">\n\t\t\t\t\t\t\t<img src=\"\/\/box.lilleshop.de\/wp-content\/plugins\/revslider\/public\/assets\/assets\/dummy.png\" alt=\"Die Qualit\u00e4t unserer Geh\u00e4use ist uns sehr wichtig, QUALIT\u00c4T schreiben wir gro\u00df!\" title=\"qualita\u0308t3\" width=\"1600\" height=\"600\" class=\"rev-slidebg tp-rs-img rs-lazyload\" data-lazyload=\"\/\/box.lilleshop.de\/wp-content\/uploads\/2020\/03\/qualita\u0308t3.jpg\" data-no-retina>\n<!--\n\t\t\t\t\t\t\t--><rs-layer\n\t\t\t\t\t\t\t\tid=\"slider-18-slide-201-layer-0\" \n\t\t\t\t\t\t\t\tdata-type=\"shape\"\n\t\t\t\t\t\t\t\tdata-rsp_ch=\"on\"\n\t\t\t\t\t\t\t\tdata-xy=\"x:428px;y:340px;\"\n\t\t\t\t\t\t\t\tdata-text=\"w:normal;\"\n\t\t\t\t\t\t\t\tdata-dim=\"w:570px;h:127px;\"\n\t\t\t\t\t\t\t\tdata-spike=\"r:top;\"\n\t\t\t\t\t\t\t\tdata-frame_0=\"x:left;\"\n\t\t\t\t\t\t\t\tdata-frame_1=\"st:400;sp:1000;\"\n\t\t\t\t\t\t\t\tdata-frame_999=\"o:0;st:w;\"\n\t\t\t\t\t\t\t\tstyle=\"z-index:5;background-color:rgba(54,132,187,0.95);\"\n\t\t\t\t\t\t\t> \n\t\t\t\t\t\t\t<\/rs-layer><!--\n\n\t\t\t\t\t\t\t--><rs-layer\n\t\t\t\t\t\t\t\tid=\"slider-18-slide-201-layer-1\" \n\t\t\t\t\t\t\t\tdata-type=\"text\"\n\t\t\t\t\t\t\t\tdata-color=\"#ffffff\"\n\t\t\t\t\t\t\t\tdata-rsp_ch=\"on\"\n\t\t\t\t\t\t\t\tdata-xy=\"x:454px;y:367px;\"\n\t\t\t\t\t\t\t\tdata-text=\"w:normal;s:27;l:34;fw:600;\"\n\t\t\t\t\t\t\t\tdata-frame_0=\"x:left;\"\n\t\t\t\t\t\t\t\tdata-frame_1=\"st:400;sp:1000;\"\n\t\t\t\t\t\t\t\tdata-frame_999=\"o:0;st:w;\"\n\t\t\t\t\t\t\t\tstyle=\"z-index:6;font-family:'Poppins';\"\n\t\t\t\t\t\t\t>EXCLUSIEVE BEHUIZINGSTECHNOLOGIE<br \/>\nVOOR DE HOOGSTE EISEN \n\t\t\t\t\t\t\t<\/rs-layer><!--\n-->\t\t\t\t\t\t<\/rs-slide>\n\t\t\t\t\t<\/rs-slides>\n\t\t\t\t<\/rs-module>\n\t\t\t\t<script>\n\t\t\t\t\tsetREVStartSize({c: 'rev_slider_18_1',rl:[1240,1024,778,480],el:[500],gw:[1240],gh:[500],type:'standard',justify:'',layout:'fullwidth',mh:\"0\"});if (window.RS_MODULES!==undefined && window.RS_MODULES.modules!==undefined && window.RS_MODULES.modules[\"revslider181\"]!==undefined) {window.RS_MODULES.modules[\"revslider181\"].once = false;window.revapi18 = undefined;if (window.RS_MODULES.checkMinimal!==undefined) window.RS_MODULES.checkMinimal()}\n\t\t\t\t<\/script>\n\t\t\t<\/rs-module-wrap>\n\t\t\t<!-- END REVOLUTION SLIDER -->\n[\/vc_column][\/vc_row][vc_row mobile_bg_img_hidden=&#8221;no&#8221; tablet_bg_img_hidden=&#8221;no&#8221; woodmart_parallax=&#8221;0&#8243; woodmart_gradient_switch=&#8221;no&#8221; row_reverse_mobile=&#8221;0&#8243; row_reverse_tablet=&#8221;0&#8243; woodmart_disable_overflow=&#8221;0&#8243;][vc_column]\n\t\t<div id=\"wd-5eba405319da5\" class=\"title-wrapper wd-wpb set-mb-s reset-last-child  wd-rs-5eba405319da5 wd-title-color-primary wd-title-style-underlined wd-width-100 text-left vc_custom_1589264475374 wd-underline-colored\">\n\t\t\t\n\t\t\t<div class=\"liner-continer\">\n\t\t\t\t<h1 class=\"woodmart-title-container title  wd-font-weight- wd-fontsize-xxl\" ><strong>KWALITEIT ALS SUCCESFACTOR<\/strong><\/h1>\n\t\t\t\t\t\t\t<\/div>\n\t\t\t\n\t\t\t\n\t\t\t\n\t\t<\/div>\n\t\t\n\t\t[\/vc_column][\/vc_row][vc_row full_width=&#8221;stretch_row&#8221; content_placement=&#8221;top&#8221; css=&#8221;.vc_custom_1586167721245{margin-bottom: 2vh !important;}&#8221; mobile_bg_img_hidden=&#8221;no&#8221; tablet_bg_img_hidden=&#8221;no&#8221; woodmart_parallax=&#8221;0&#8243; woodmart_gradient_switch=&#8221;no&#8221; row_reverse_mobile=&#8221;0&#8243; row_reverse_tablet=&#8221;0&#8243; woodmart_disable_overflow=&#8221;0&#8243;][vc_column width=&#8221;1\/3&#8243; css=&#8221;.vc_custom_1490276860346{margin-bottom: 20px !important;padding-top: 0px !important;}&#8221;]\t\t<div id=\"gallery_968\" class=\"wd-images-gallery wd-justify-center wd-items-middle view-grid\" >\n\t\t\t<div class=\"gallery-images row wd-spacing-0\">\n\t\t\t\t\t\t\t\t\t\t\t\t\t\t\t<div class=\"wd-gallery-item col-lg-12 col-md-12 col-sm-12 col-12\">\n\t\t\t\t\t\t\t\n\t\t\t\t\t\t\t\t\t\t\t\t\t\t\t\t\t<img class=\"wd-gallery-image image-1 \" src=\"https:\/\/box.lilleshop.de\/wp-content\/uploads\/2020\/03\/qualitaet-boxexpert2.jpg\" width=\"600\" height=\"400\" alt=\"Male Engineer Quality Controlling Components In Factory\" title=\"Male Engineer Quality Controlling Components In Factory\" \/>\t\t\t\t\t\t\t\t\n\n\t\t\t\t\t\t\t\t\t\t\t\t\t\t<\/div>\n\t\t\t\t\t\t\t\t\t\t\t\t<\/div>\n\t\t<\/div>\n\t\t\t\t[\/vc_column][vc_column width=&#8221;1\/3&#8243; css=&#8221;.vc_custom_1536077344327{margin-bottom: 20px !important;padding-top: 0px !important;}&#8221;]\n\t\t<div id=\"wd-5eba40fd1731b\" class=\"title-wrapper wd-wpb set-mb-s reset-last-child  wd-rs-5eba40fd1731b wd-title-color-primary wd-title-style-underlined wd-width-100 text-left vc_custom_1589264643220 wd-underline-colored\">\n\t\t\t\n\t\t\t<div class=\"liner-continer\">\n\t\t\t\t<h2 class=\"woodmart-title-container title  wd-font-weight- wd-fontsize-l\" >ONZE AMBITIE IS UW TEVREDENHEID<\/h2>\n\t\t\t\t\t\t\t<\/div>\n\t\t\t\n\t\t\t\n\t\t\t\n\t\t<\/div>\n\t\t\n\t\t[vc_column_text css=&#8221;.vc_custom_1589264650216{margin-bottom: 20px !important;}&#8221; text_larger=&#8221;no&#8221;]BOXEXPERT staat voor de hoogste normen van de behuizingstechniek en de hoogste eisen aan de eigen kwaliteit. Alle medewerkers worden dagelijks geconfronteerd met deze eisen en voeren ze met volle inzet uit. Want in de interactie van mens tot mens is er belangrijker dan de geleverde technologie. Wat telt is de resulterende tevredenheid. En dat is onze motivatie. Elke dag opnieuw.[\/vc_column_text][\/vc_column][vc_column width=&#8221;1\/3&#8243; css=&#8221;.vc_custom_1536077348538{margin-bottom: 20px !important;padding-top: 0px !important;}&#8221;][vc_column_text css=&#8221;.vc_custom_1589264960659{margin-bottom: 28px !important;}&#8221; text_larger=&#8221;no&#8221;]Een belangrijke norm voor ons: de certificering volgens DIN EN ISO9001, die BOXEXPERT al jaren hanteert en die jaarlijks door de T\u00dcV wordt gecontroleerd. Het is een essenti\u00eble voorwaarde om onze klanten een gecertificeerd managementsysteem met geoptimaliseerde processtromen te laten zien: We zijn doortastend te vertrouwen.[\/vc_column_text][vc_column_text css=&#8221;.vc_custom_1589264967656{margin-bottom: 20px !important;}&#8221; text_larger=&#8221;no&#8221;]Daarnaast hebben we CE-conformiteitsverklaringen voor alle producten, die de basis vormen voor het in de handel brengen in de Europese Economische Ruimte. Ook voor de Amerikaanse en Canadese markt (UL en CSA) zijn er nog meer certificaten beschikbaar voor vele productgroepen.[\/vc_column_text][\/vc_column][\/vc_row][vc_row full_width=&#8221;stretch_row&#8221; css=&#8221;.vc_custom_1581684138262{padding-top: 30px !important;background-color: #f9f9f9 !important;}&#8221; mobile_bg_img_hidden=&#8221;no&#8221; tablet_bg_img_hidden=&#8221;no&#8221; woodmart_parallax=&#8221;0&#8243; woodmart_gradient_switch=&#8221;no&#8221; row_reverse_mobile=&#8221;0&#8243; row_reverse_tablet=&#8221;0&#8243; woodmart_disable_overflow=&#8221;0&#8243;][vc_column css=&#8221;.vc_custom_1484657273903{padding-top: 0px !important;}&#8221;]\n\t\t<div id=\"wd-5e861b50041df\" class=\"title-wrapper wd-wpb set-mb-s reset-last-child  wd-rs-5e861b50041df wd-title-color-primary wd-title-style-underlined wd-width-100 text-left vc_custom_1585847126465 wd-underline-colored\">\n\t\t\t\n\t\t\t<div class=\"liner-continer\">\n\t\t\t\t<h3 class=\"woodmart-title-container title  wd-font-weight- wd-fontsize-l\" >KEY FACTS<\/h3>\n\t\t\t\t\t\t\t<\/div>\n\t\t\t\n\t\t\t\n\t\t\t\n\t\t<\/div>\n\t\t\n\t\t[vc_row_inner][vc_column_inner width=&#8221;1\/2&#8243;]\t\t\t<div id=\"wd-5eba424cd07b4\" class=\"wd-text-block-wrapper wd-wpb wd-rs-5eba424cd07b4 color-scheme-custom wd-width-100 text-left vc_custom_1589264979578\">\n\t\t\t\t<div class=\"woodmart-title-container woodmart-text-block reset-last-child font-primary wd-font-weight-600 \">\n\t\t\t\t\t<\/p>\n<h3>Betrouwbaarheid<\/h3>\n<p>\t\t\t\t<\/div>\n\n\t\t\t\t\t\t\t<\/div>\n\t\t[vc_column_text text_larger=&#8221;no&#8221;]BOXEXPERT wil voldoen aan de hoogste eisen van haar klanten. Gedetailleerd opgeleide medewerkers bieden betrouwbaar en deskundig advies over alle vragen met een persoonlijk contactpersoon voor u als klant.<\/p>\n<p>Wij garanderen u een betrouwbare service vanaf het advies, de offerte en het plaatsen van de bestelling tot en met de gedetailleerde ondersteuning na de verkoop. BOXEXPERT staat altijd voor u klaar.[\/vc_column_text]\t\t\t<div id=\"wd-5eba425b60ec9\" class=\"wd-text-block-wrapper wd-wpb wd-rs-5eba425b60ec9 color-scheme-custom wd-width-100 text-left vc_custom_1589264991447\">\n\t\t\t\t<div class=\"woodmart-title-container woodmart-text-block reset-last-child font-primary wd-font-weight-600 \">\n\t\t\t\t\t<\/p>\n<h3>Snelle oplossingen<\/h3>\n<p>\t\t\t\t<\/div>\n\n\t\t\t\t\t\t\t<\/div>\n\t\t[vc_column_text text_larger=&#8221;no&#8221;]Heeft u haast en heeft u een snelle uitvoering van uw project nodig? BOXEXPERT bereidt op korte termijn individuele offertes voor u voor en helpt u bij het snel realiseren van urgente projecten. Uw contactpersoon geeft u een voorkeursadvies en stuurt u direct een individuele offerte.<\/p>\n<p>Het doel van BOXEXPERT is om een dringende opdracht naar volle tevredenheid af te ronden. Onze medewerkers staan tot uw beschikking met woorden en daden en kijken uit naar uw aanvraag.[\/vc_column_text]\t\t\t<div id=\"wd-5eba4267b32d3\" class=\"wd-text-block-wrapper wd-wpb wd-rs-5eba4267b32d3 color-scheme-custom wd-width-100 text-left vc_custom_1589265003346\">\n\t\t\t\t<div class=\"woodmart-title-container woodmart-text-block reset-last-child font-primary wd-font-weight-600 \">\n\t\t\t\t\t<\/p>\n<h3>Flexibiliteit<\/h3>\n<p>\t\t\t\t<\/div>\n\n\t\t\t\t\t\t\t<\/div>\n\t\t[vc_column_text text_larger=&#8221;no&#8221;]Wij zijn ons bewust van de hoge eisen van onze klanten en positioneren ons flexibel en in overeenstemming met hun behoeften om aan alle eisen te voldoen. Wij leveren flexibele oplossingen voor alle toepassingsgebieden en ontwikkelen onze producten voortdurend verder.<\/p>\n<p>De snelle ontwikkeling van de techniek en de steeds hogere eisen die aan de industrie- en behuizingstechniek worden gesteld, zijn uitdagingen die we maar al te graag aangaan. De affiniteit om oplossingen te vinden voor nieuwe segmenten en eisen zit in ons bloed.[\/vc_column_text][\/vc_column_inner][vc_column_inner width=&#8221;1\/2&#8243;][vc_single_image image=&#8221;1146&#8243; img_size=&#8221;full&#8221; alignment=&#8221;center&#8221; parallax_scroll=&#8221;no&#8221;][\/vc_column_inner][\/vc_row_inner][vc_row_inner][vc_column_inner width=&#8221;1\/2&#8243;][\/vc_column_inner][vc_column_inner width=&#8221;1\/2&#8243;][\/vc_column_inner][\/vc_row_inner][vc_row_inner][vc_column_inner width=&#8221;1\/2&#8243; css=&#8221;.vc_custom_1585141011403{margin-top: -100px !important;}&#8221;][\/vc_column_inner][vc_column_inner width=&#8221;1\/2&#8243;][\/vc_column_inner][\/vc_row_inner][\/vc_column][\/vc_row]<\/p>\n","protected":false},"excerpt":{"rendered":"<p>[vc_row full_width=&#8221;stretch_row_content&#8221; mobile_bg_img_hidden=&#8221;no&#8221; tablet_bg_img_hidden=&#8221;no&#8221; woodmart_parallax=&#8221;0&#8243; woodmart_gradient_switch=&#8221;no&#8221; row_reverse_mobile=&#8221;0&#8243; row_reverse_tablet=&#8221;0&#8243; woodmart_disable_overflow=&#8221;0&#8243; css=&#8221;.vc_custom_1585845378745{margin-top: -40px !important;margin-bottom: 4vh !important;}&#8221;][vc_column][\/vc_column][\/vc_row][vc_row mobile_bg_img_hidden=&#8221;no&#8221; tablet_bg_img_hidden=&#8221;no&#8221; woodmart_parallax=&#8221;0&#8243; woodmart_gradient_switch=&#8221;no&#8221; row_reverse_mobile=&#8221;0&#8243; row_reverse_tablet=&#8221;0&#8243;<\/p>\n","protected":false},"author":1,"featured_media":0,"parent":3821,"menu_order":0,"comment_status":"closed","ping_status":"closed","template":"","meta":[],"yoast_head":"<!-- This site is optimized with the Yoast SEO Premium plugin v18.4 (Yoast SEO v18.8) - https:\/\/yoast.com\/wordpress\/plugins\/seo\/ -->\n<title>Kwaliteit - BOXEXPERT - Professionele behuizingsoplossingen voor de hoogste eisen<\/title>\n<meta name=\"robots\" content=\"index, follow, max-snippet:-1, max-image-preview:large, max-video-preview:-1\" \/>\n<link rel=\"canonical\" href=\"https:\/\/box.lilleshop.de\/nl\/onderneming\/kwaliteit\/\" \/>\n<meta property=\"og:locale\" content=\"nl_NL\" \/>\n<meta property=\"og:type\" content=\"article\" \/>\n<meta property=\"og:title\" content=\"Kwaliteit\" \/>\n<meta property=\"og:description\" content=\"[vc_row full_width=&#8221;stretch_row_content&#8221; mobile_bg_img_hidden=&#8221;no&#8221; tablet_bg_img_hidden=&#8221;no&#8221; woodmart_parallax=&#8221;0&#8243; woodmart_gradient_switch=&#8221;no&#8221; row_reverse_mobile=&#8221;0&#8243; row_reverse_tablet=&#8221;0&#8243; woodmart_disable_overflow=&#8221;0&#8243; css=&#8221;.vc_custom_1585845378745{margin-top: -40px !important;margin-bottom: 4vh !important;}&#8221;][vc_column][\/vc_column][\/vc_row][vc_row mobile_bg_img_hidden=&#8221;no&#8221; tablet_bg_img_hidden=&#8221;no&#8221; woodmart_parallax=&#8221;0&#8243; woodmart_gradient_switch=&#8221;no&#8221; row_reverse_mobile=&#8221;0&#8243; row_reverse_tablet=&#8221;0&#8243;\" \/>\n<meta property=\"og:url\" content=\"https:\/\/box.lilleshop.de\/nl\/onderneming\/kwaliteit\/\" \/>\n<meta property=\"og:site_name\" content=\"BOXEXPERT - Professionele behuizingsoplossingen voor de hoogste eisen\" \/>\n<meta property=\"article:modified_time\" content=\"2020-06-23T12:39:32+00:00\" \/>\n<meta name=\"twitter:card\" content=\"summary_large_image\" \/>\n<meta name=\"twitter:label1\" content=\"Est. reading time\" \/>\n\t<meta name=\"twitter:data1\" content=\"6 minutes\" \/>\n<script type=\"application\/ld+json\" class=\"yoast-schema-graph\">{\"@context\":\"https:\/\/schema.org\",\"@graph\":[{\"@type\":\"WebSite\",\"@id\":\"https:\/\/box.lilleshop.de\/#website\",\"url\":\"https:\/\/box.lilleshop.de\/\",\"name\":\"BOXEXPERT - Professionelle Geh\u00e4usel\u00f6sungen f\u00fcr h\u00f6chste Anspr\u00fcche\",\"description\":\"Industri\u00eble behuizingen, schakelkasten, installatiebehuizingen, zekeringskasten en verdeelkasten\",\"potentialAction\":[{\"@type\":\"SearchAction\",\"target\":{\"@type\":\"EntryPoint\",\"urlTemplate\":\"https:\/\/box.lilleshop.de\/?s={search_term_string}\"},\"query-input\":\"required name=search_term_string\"}],\"inLanguage\":\"nl-NL\"},{\"@type\":\"WebPage\",\"@id\":\"https:\/\/box.lilleshop.de\/nl\/onderneming\/kwaliteit\/#webpage\",\"url\":\"https:\/\/box.lilleshop.de\/nl\/onderneming\/kwaliteit\/\",\"name\":\"Kwaliteit - BOXEXPERT - Professionele behuizingsoplossingen voor de hoogste eisen\",\"isPartOf\":{\"@id\":\"https:\/\/box.lilleshop.de\/#website\"},\"datePublished\":\"2020-02-11T07:45:02+00:00\",\"dateModified\":\"2020-06-23T12:39:32+00:00\",\"breadcrumb\":{\"@id\":\"https:\/\/box.lilleshop.de\/nl\/onderneming\/kwaliteit\/#breadcrumb\"},\"inLanguage\":\"nl-NL\",\"potentialAction\":[{\"@type\":\"ReadAction\",\"target\":[\"https:\/\/box.lilleshop.de\/nl\/onderneming\/kwaliteit\/\"]}]},{\"@type\":\"BreadcrumbList\",\"@id\":\"https:\/\/box.lilleshop.de\/nl\/onderneming\/kwaliteit\/#breadcrumb\",\"itemListElement\":[{\"@type\":\"ListItem\",\"position\":1,\"name\":\"Startseite\",\"item\":\"https:\/\/box.lilleshop.de\/nl\/\"},{\"@type\":\"ListItem\",\"position\":2,\"name\":\"Bedrijf\",\"item\":\"https:\/\/box.lilleshop.de\/nl\/onderneming\/\"},{\"@type\":\"ListItem\",\"position\":3,\"name\":\"Kwaliteit\"}]}]}<\/script>\n<!-- \/ Yoast SEO Premium plugin. -->","yoast_head_json":{"title":"Kwaliteit - BOXEXPERT - Professionele behuizingsoplossingen voor de hoogste eisen","robots":{"index":"index","follow":"follow","max-snippet":"max-snippet:-1","max-image-preview":"max-image-preview:large","max-video-preview":"max-video-preview:-1"},"canonical":"https:\/\/box.lilleshop.de\/nl\/onderneming\/kwaliteit\/","og_locale":"nl_NL","og_type":"article","og_title":"Kwaliteit","og_description":"[vc_row full_width=&#8221;stretch_row_content&#8221; mobile_bg_img_hidden=&#8221;no&#8221; tablet_bg_img_hidden=&#8221;no&#8221; woodmart_parallax=&#8221;0&#8243; woodmart_gradient_switch=&#8221;no&#8221; row_reverse_mobile=&#8221;0&#8243; row_reverse_tablet=&#8221;0&#8243; woodmart_disable_overflow=&#8221;0&#8243; css=&#8221;.vc_custom_1585845378745{margin-top: -40px !important;margin-bottom: 4vh !important;}&#8221;][vc_column][\/vc_column][\/vc_row][vc_row mobile_bg_img_hidden=&#8221;no&#8221; tablet_bg_img_hidden=&#8221;no&#8221; woodmart_parallax=&#8221;0&#8243; woodmart_gradient_switch=&#8221;no&#8221; row_reverse_mobile=&#8221;0&#8243; row_reverse_tablet=&#8221;0&#8243;","og_url":"https:\/\/box.lilleshop.de\/nl\/onderneming\/kwaliteit\/","og_site_name":"BOXEXPERT - Professionele behuizingsoplossingen voor de hoogste eisen","article_modified_time":"2020-06-23T12:39:32+00:00","twitter_card":"summary_large_image","twitter_misc":{"Est. reading time":"6 minutes"},"schema":{"@context":"https:\/\/schema.org","@graph":[{"@type":"WebSite","@id":"https:\/\/box.lilleshop.de\/#website","url":"https:\/\/box.lilleshop.de\/","name":"BOXEXPERT - Professionelle Geh\u00e4usel\u00f6sungen f\u00fcr h\u00f6chste Anspr\u00fcche","description":"Industri\u00eble behuizingen, schakelkasten, installatiebehuizingen, zekeringskasten en verdeelkasten","potentialAction":[{"@type":"SearchAction","target":{"@type":"EntryPoint","urlTemplate":"https:\/\/box.lilleshop.de\/?s={search_term_string}"},"query-input":"required name=search_term_string"}],"inLanguage":"nl-NL"},{"@type":"WebPage","@id":"https:\/\/box.lilleshop.de\/nl\/onderneming\/kwaliteit\/#webpage","url":"https:\/\/box.lilleshop.de\/nl\/onderneming\/kwaliteit\/","name":"Kwaliteit - BOXEXPERT - Professionele behuizingsoplossingen voor de hoogste eisen","isPartOf":{"@id":"https:\/\/box.lilleshop.de\/#website"},"datePublished":"2020-02-11T07:45:02+00:00","dateModified":"2020-06-23T12:39:32+00:00","breadcrumb":{"@id":"https:\/\/box.lilleshop.de\/nl\/onderneming\/kwaliteit\/#breadcrumb"},"inLanguage":"nl-NL","potentialAction":[{"@type":"ReadAction","target":["https:\/\/box.lilleshop.de\/nl\/onderneming\/kwaliteit\/"]}]},{"@type":"BreadcrumbList","@id":"https:\/\/box.lilleshop.de\/nl\/onderneming\/kwaliteit\/#breadcrumb","itemListElement":[{"@type":"ListItem","position":1,"name":"Startseite","item":"https:\/\/box.lilleshop.de\/nl\/"},{"@type":"ListItem","position":2,"name":"Bedrijf","item":"https:\/\/box.lilleshop.de\/nl\/onderneming\/"},{"@type":"ListItem","position":3,"name":"Kwaliteit"}]}]}},"_links":{"self":[{"href":"https:\/\/box.lilleshop.de\/nl\/wp-json\/wp\/v2\/pages\/4522"}],"collection":[{"href":"https:\/\/box.lilleshop.de\/nl\/wp-json\/wp\/v2\/pages"}],"about":[{"href":"https:\/\/box.lilleshop.de\/nl\/wp-json\/wp\/v2\/types\/page"}],"author":[{"embeddable":true,"href":"https:\/\/box.lilleshop.de\/nl\/wp-json\/wp\/v2\/users\/1"}],"replies":[{"embeddable":true,"href":"https:\/\/box.lilleshop.de\/nl\/wp-json\/wp\/v2\/comments?post=4522"}],"version-history":[{"count":5,"href":"https:\/\/box.lilleshop.de\/nl\/wp-json\/wp\/v2\/pages\/4522\/revisions"}],"predecessor-version":[{"id":10993,"href":"https:\/\/box.lilleshop.de\/nl\/wp-json\/wp\/v2\/pages\/4522\/revisions\/10993"}],"up":[{"embeddable":true,"href":"https:\/\/box.lilleshop.de\/nl\/wp-json\/wp\/v2\/pages\/3821"}],"wp:attachment":[{"href":"https:\/\/box.lilleshop.de\/nl\/wp-json\/wp\/v2\/media?parent=4522"}],"curies":[{"name":"wp","href":"https:\/\/api.w.org\/{rel}","templated":true}]}}