{"id":11280,"date":"2020-02-13T09:17:23","date_gmt":"2020-02-13T09:17:23","guid":{"rendered":"https:\/\/boxexpert.de\/faqs\/schutzarten\/"},"modified":"2022-04-08T05:54:09","modified_gmt":"2022-04-08T05:54:09","slug":"beschermingsklassen","status":"publish","type":"page","link":"https:\/\/box.lilleshop.de\/nl\/faqs\/beschermingsklassen\/","title":{"rendered":"Beschermingsklassen"},"content":{"rendered":"<p>[vc_row][vc_column]\n\t\t<div id=\"wd-624fcdd9578d7\" class=\"title-wrapper wd-wpb set-mb-s reset-last-child  wd-rs-624fcdd9578d7 wd-title-color-primary wd-title-style-underlined wd-width-100 text-left vc_custom_1649397229805 wd-underline-colored\">\n\t\t\t\t\t\t\t<div class=\"title-subtitle  subtitle-color-primary font-default subtitle-style-default wd-font-weight- wd-fontsize-xs\"><strong>Wat betekent beschermingsklasse? Wat betekent IP bescherming?<\/strong><\/div>\n\t\t\t\n\t\t\t<div class=\"liner-continer\">\n\t\t\t\t<h1 class=\"woodmart-title-container title  wd-font-weight- wd-fontsize-xxl\" ><strong>FAQ'S OVER SOORTEN BESCHERMING<\/strong><\/h1>\n\t\t\t\t\t\t\t<\/div>\n\t\t\t\n\t\t\t\n\t\t\t\n\t\t<\/div>\n\t\t\n\t\t[\/vc_column][vc_column width=&#8221;1\/3&#8243;]\n\t\t<div id=\"wd-5e8b412b59260\" class=\"title-wrapper wd-wpb set-mb-s reset-last-child  wd-rs-5e8b412b59260 wd-title-color-primary wd-title-style-underlined wd-width-100 text-left vc_custom_1586184497228 wd-underline-colored\">\n\t\t\t\n\t\t\t<div class=\"liner-continer\">\n\t\t\t\t<h2 class=\"woodmart-title-container title  wd-font-weight- wd-fontsize-xxl\" ><strong>DIN EN 60529<\/strong><\/h2>\n\t\t\t\t\t\t\t<\/div>\n\t\t\t\n\t\t\t\n\t\t\t\n\t\t<\/div>\n\t\t\n\t\t[vc_column_text text_larger=&#8221;no&#8221; css=&#8221;.vc_custom_1649397244408{margin-top: -30px !important;}&#8221; woodmart_inline=&#8221;no&#8221;]De beschermingsgraad geeft aan in hoeverre elektrisch materiaal geschikt is voor diverse omgevingsomstandigheden. De beschermingsgraad wordt aangegeven door de IP-code, die uit twee cijfers bestaat. Het eerste cijfer geeft de bescherming tegen vreemde voorwerpen aan, het tweede cijfer de bescherming tegen het binnendringen van water.[\/vc_column_text][\/vc_column][vc_column width=&#8221;1\/3&#8243;][\/vc_column][vc_column width=&#8221;1\/3&#8243;][\/vc_column][\/vc_row][vc_row][vc_column][vc_column_text text_larger=&#8221;no&#8221;]\n<table id=\"tablepress-176\" class=\"tablepress tablepress-id-176\">\n<thead>\n<tr class=\"row-1 odd\">\n\t<th class=\"column-1\">1. Reference number<\/th><th class=\"column-2\">Protection against foreign bodies<\/th><th class=\"column-3\">2. Reference number<\/th><th class=\"column-4\">Protection against water<\/th>\n<\/tr>\n<\/thead>\n<tbody class=\"row-hover\">\n<tr class=\"row-2 even\">\n\t<td class=\"column-1\">0<\/td><td class=\"column-2\">No protection<\/td><td class=\"column-3\">0<\/td><td class=\"column-4\">No protection<\/td>\n<\/tr>\n<tr class=\"row-3 odd\">\n\t<td class=\"column-1\">1<\/td><td class=\"column-2\">Protected against solid foreign bodies with diameter \u2265 50 mm<\/td><td class=\"column-3\">1<\/td><td class=\"column-4\">Protection against dripping water<\/td>\n<\/tr>\n<tr class=\"row-4 even\">\n\t<td class=\"column-1\">2<\/td><td class=\"column-2\">Protected against solid foreign bodies with diameter \u2265 12.5 mm<\/td><td class=\"column-3\">2<\/td><td class=\"column-4\">Protection against falling dripping water when the housing is tilted up to 15<\/td>\n<\/tr>\n<tr class=\"row-5 odd\">\n\t<td class=\"column-1\">3<\/td><td class=\"column-2\">Protected against solid foreign bodies with diameter \u2265 2.5 mm<\/td><td class=\"column-3\">3<\/td><td class=\"column-4\">Protection against falling spray water up to 60\u00b0 from the vertical<\/td>\n<\/tr>\n<tr class=\"row-6 even\">\n\t<td class=\"column-1\">4<\/td><td class=\"column-2\">Protected against solid foreign bodies with diameter \u2265 1.0 mm<\/td><td class=\"column-3\">4<\/td><td class=\"column-4\">Protection against water spray from all sides<\/td>\n<\/tr>\n<tr class=\"row-7 odd\">\n\t<td class=\"column-1\">5<\/td><td class=\"column-2\">Protected against dust in harmful quantities<\/td><td class=\"column-3\">5<\/td><td class=\"column-4\">Protection against water jets (nozzle) from any angle<\/td>\n<\/tr>\n<tr class=\"row-8 even\">\n\t<td class=\"column-1\">6<\/td><td class=\"column-2\">Dust proof<\/td><td class=\"column-3\">6<\/td><td class=\"column-4\">Protection against strong water jets<\/td>\n<\/tr>\n<tr class=\"row-9 odd\">\n\t<td class=\"column-1\"><\/td><td class=\"column-2\"><\/td><td class=\"column-3\">7<\/td><td class=\"column-4\">Protection against temporary immersion<\/td>\n<\/tr>\n<tr class=\"row-10 even\">\n\t<td class=\"column-1\"><\/td><td class=\"column-2\"><\/td><td class=\"column-3\">8<\/td><td class=\"column-4\">Protection against permanent immersion<\/td>\n<\/tr>\n<tr class=\"row-11 odd\">\n\t<td class=\"column-1\"><\/td><td class=\"column-2\"><\/td><td class=\"column-3\">9<\/td><td class=\"column-4\">Protection against water during high-pressure\/steam jet cleaning<\/td>\n<\/tr>\n<\/tbody>\n<\/table>\n<!-- #tablepress-176 from cache -->[\/vc_column_text][\/vc_column][\/vc_row][vc_row][vc_column][vc_column_text text_larger=&#8221;no&#8221;][vc_row full_width=\"stretch_row\" content_placement=\"middle\" css=\".vc_custom_1586005850397{padding-top: 6vh !important;}\" mobile_bg_img_hidden=\"no\" tablet_bg_img_hidden=\"no\" woodmart_parallax=\"0\" woodmart_gradient_switch=\"no\" row_reverse_mobile=\"0\" row_reverse_tablet=\"0\" woodmart_disable_overflow=\"0\"][vc_column css=\".vc_custom_1581689860303{margin-bottom: 6vh !important;padding-top: 0px !important;}\" mobile_bg_img_hidden=\"no\" tablet_bg_img_hidden=\"no\" woodmart_parallax=\"0\" woodmart_sticky_column=\"false\" parallax_scroll=\"no\" mobile_reset_margin=\"no\" tablet_reset_margin=\"no\"]\n\t\t<div id=\"wd-5eb411c01e22b\" class=\"title-wrapper wd-wpb set-mb-s reset-last-child  wd-rs-5eb411c01e22b wd-title-color-default wd-title-style-default wd-width-100 text-center vc_custom_1588859334929 wd-underline-colored\">\n\t\t\t\t\t\t\t<div class=\"title-subtitle  subtitle-color-default font-default subtitle-style-default wd-font-weight- wd-fontsize-xs\">BOXEXPERT SUPPORT<\/div>\n\t\t\t\n\t\t\t<div class=\"liner-continer\">\n\t\t\t\t<h3 class=\"woodmart-title-container title  wd-font-weight- wd-fontsize-l\" >Heb je vragen?<\/h3>\n\t\t\t\t\t\t\t<\/div>\n\t\t\t\n\t\t\t\t\t\t\t<div class=\"title-after_title  set-cont-mb-s reset-last-child  wd-fontsize-xs\">Onze medewerkers staan voor u klaar via de chat en het contactformulier en beantwoorden graag al uw vragen.<\/div>\n\t\t\t\n\t\t\t\n\t\t<\/div>\n\t\t\n\t\t<div id=\"wd-5ebcf445305bf\" class=\" wd-rs-5ebcf445305bf  wd-button-wrapper woodmart-button-wrapper text-center\"><a href=\"#contact-form-popup\" title=\"\" class=\"btn btn-color-primary btn-style-default btn-style-rectangle btn-size-default wd-open-popup \">CONTACT NU<\/a><\/div><div id=\"contact-form-popup\" class=\"mfp-with-anim wd-popup mfp-hide woodmart-content-popup\" style=\"max-width:900px;\"><div class=\"wd-popup-inner\">[vc_row_inner equal_height=\"yes\" css=\".vc_custom_1512552757832{margin-top: -30px !important;margin-right: -30px !important;margin-bottom: -30px !important;margin-left: -30px !important;}\"][vc_column_inner width=\"2\/3\" css=\".vc_custom_1512552766600{padding-top: 30px !important;padding-right: 30px !important;padding-bottom: 15px !important;padding-left: 30px !important;}\"]\n\t\t<div id=\"wd-5eb410b08ebc1\" class=\"title-wrapper wd-wpb set-mb-s reset-last-child  wd-rs-5eb410b08ebc1 wd-title-color-default wd-title-style-default wd-width-100 text-left  wd-underline-colored\">\n\t\t\t\n\t\t\t<div class=\"liner-continer\">\n\t\t\t\t<h4 class=\"woodmart-title-container title  wd-font-weight- wd-fontsize-m\" >STUUR ONS UW BERICHT<\/h4>\n\t\t\t\t\t\t\t<\/div>\n\t\t\t\n\t\t\t\n\t\t\t\n\t\t<\/div>\n\t\t\n\t\t[vc_column_text css=\".vc_custom_1588859119178{margin-bottom: 0px !important;}\" text_larger=\"no\"][contact-form-7 id=\"3886\" title=\"popup contact form\"][\/vc_column_text][\/vc_column_inner][vc_column_inner width=\"1\/3\" css=\".vc_custom_1581585874277{padding-top: 30px !important;padding-right: 30px !important;padding-bottom: 30px !important;padding-left: 30px !important;background-color: #3583ba !important;}\"]\n\t\t<div id=\"wd-5eb410b6ccabc\" class=\"title-wrapper wd-wpb set-mb-s reset-last-child  wd-rs-5eb410b6ccabc wd-title-color-white wd-title-style-default wd-width-100 text-left  wd-underline-colored\">\n\t\t\t\n\t\t\t<div class=\"liner-continer\">\n\t\t\t\t<h4 class=\"woodmart-title-container title  wd-font-weight- wd-fontsize-m\" >CONTACTGEGEVENS<\/h4>\n\t\t\t\t\t\t\t<\/div>\n\t\t\t\n\t\t\t\n\t\t\t\n\t\t<\/div>\n\t\t\n\t\t\t\t\t<div class=\"info-box-wrapper\">\n\t\t\t\t<div id=\"wd-5ebcf44f2a2a9\" class=\" wd-rs-5ebcf44f2a2a9 wd-info-box woodmart-info-box wd-wpb text-left box-icon-align-left box-style- color-scheme-light wd-bg-none box-title-default \"  >\n\t\t\t\t\t\t\t\t\t\t<div class=\"info-box-content\">\n\t\t\t\t\t\t\t\t\t\t\t\t<div class=\"info-box-inner set-cont-mb-s reset-last-child\">\n\t\t\t\t\t\t\t<p>BOXEXPERT.DE<br \/>\nGr\u00fctzm\u00fchlenweg 46<br \/>\n22339 Hamburg<br \/>\nGermany<\/p>\n\t\t\t\t\t\t<\/div>\n\n\t\t\t\t\t\t\t\t\t\t\t<\/div>\n\n\t\t\t\t\t\t\t\t\t<\/div>\n\t\t\t<\/div>\n\t\t\t\t\t<div class=\"info-box-wrapper\">\n\t\t\t\t<div id=\"wd-5eb410bdb0f76\" class=\" wd-rs-5eb410bdb0f76 wd-info-box woodmart-info-box wd-wpb text-left box-icon-align-left box-style- color-scheme-light wd-bg-none box-title-default \"  >\n\t\t\t\t\t\t\t\t\t\t<div class=\"info-box-content\">\n\t\t\t\t\t\t\t\t\t\t\t\t<div class=\"info-box-inner set-cont-mb-s reset-last-child\">\n\t\t\t\t\t\t\t<div style=\"line-height: 2;\"><i class=\"fa fa-phone-square\" style=\"width: 15px; text-align: center; margin-right: 4px; color: #676767;\"><\/i>+49 (0)40 53 80 92 10<br \/>\n<i class=\"fa fa-fax\" style=\"width: 15px; text-align: center; margin-right: 4px; color: #676767;\"><\/i>+49 (0)40 53 80 92 86<\/div>\n\t\t\t\t\t\t<\/div>\n\n\t\t\t\t\t\t\t\t\t\t\t<\/div>\n\n\t\t\t\t\t\t\t\t\t<\/div>\n\t\t\t<\/div>\n\t\t\t\t\t<div class=\"info-box-wrapper\">\n\t\t\t\t<div id=\"wd-5e46aa795cac1\" class=\" wd-rs-5e46aa795cac1 wd-info-box woodmart-info-box wd-wpb text-left box-icon-align-left box-style- color-scheme-light wd-bg-none box-title-default \"  >\n\t\t\t\t\t\t\t\t\t\t<div class=\"info-box-content\">\n\t\t\t\t\t\t\t\t\t\t\t\t<div class=\"info-box-inner set-cont-mb-s reset-last-child\">\n\t\t\t\t\t\t\t<div style=\"line-height: 2;\"><i class=\"fa fa-envelope-square\" style=\"width: 15px; text-align: center; margin-right: 4px; color: #676767;\"><\/i> <a href=\"mailto:info@boxexpert.de\">info@boxexpert.de<\/a><\/div>\n\t\t\t\t\t\t<\/div>\n\n\t\t\t\t\t\t\t\t\t\t\t<\/div>\n\n\t\t\t\t\t\t\t\t\t<\/div>\n\t\t\t<\/div>\n\t\t[vc_separator color=\"custom\" accent_color=\"rgba(255,255,255,0.15)\" css=\".vc_custom_1484144347493{margin-bottom: 30px !important;}\"][vc_column_text woodmart_color_scheme=\"light\" css=\".vc_custom_1588859103844{margin-bottom: 20px !important;}\" text_larger=\"no\"]Volg ons op onze social media kanalen en laat u informeren over nieuwe producten.[\/vc_column_text]\n\t\t\t<div class=\"wd-social-icons  woodmart-social-icons icons-design-colored icons-size-small color-scheme-dark social-follow social-form-circle text-left\">\n\n\t\t\t\t\n\t\t\t\t\t\t\t\t\t<a rel=\"noopener noreferrer nofollow\" href=\"https:\/\/www.facebook.com\/BOXEXPERT.DE\/\" target=\"_blank\" class=\" wd-social-icon social-facebook\" aria-label=\"Facebook social link\">\n\t\t\t\t\t\t<span class=\"wd-icon\"><\/span>\n\t\t\t\t\t\t\t\t\t\t\t<\/a>\n\t\t\t\t\n\t\t\t\t\t\t\t\t\t<a rel=\"noopener noreferrer nofollow\" href=\"https:\/\/twitter.com\/Box_expert\" target=\"_blank\" class=\" wd-social-icon social-twitter\" aria-label=\"Twitter social link\">\n\t\t\t\t\t\t<span class=\"wd-icon\"><\/span>\n\t\t\t\t\t\t\t\t\t\t\t<\/a>\n\t\t\t\t\n\t\t\t\t\n\t\t\t\t\t\t\t\t\t<a rel=\"noopener noreferrer nofollow\" href=\"https:\/\/www.instagram.com\/boxexpert_hamburg\/\" target=\"_blank\" class=\" wd-social-icon social-instagram\" aria-label=\"Instagram social link\">\n\t\t\t\t\t\t<span class=\"wd-icon\"><\/span>\n\t\t\t\t\t\t\t\t\t\t\t<\/a>\n\t\t\t\t\n\t\t\t\t\n\t\t\t\t\n\t\t\t\t\n\t\t\t\t\t\t\t\t\t<a rel=\"noopener noreferrer nofollow\" href=\"https:\/\/www.linkedin.com\/company\/boxexpert\/\" target=\"_blank\" class=\" wd-social-icon social-linkedin\" aria-label=\"Linkedin social link\">\n\t\t\t\t\t\t<span class=\"wd-icon\"><\/span>\n\t\t\t\t\t\t\t\t\t\t\t<\/a>\n\t\t\t\t\n\t\t\t\t\n\t\t\t\t\n\t\t\t\t\n\t\t\t\t\n\t\t\t\t\n\t\t\t\t\n\t\t\t\t\n\t\t\t\t\n\t\t\t\t\n\t\t\t\t\t\t\t\t\n\t\t\t\t\t\t\t\t\n\t\t\t\t\n\t\t\t\t\t\t\t\t\n\t\t\t\t\n\t\t\t<\/div>\n\n\t\t[\/vc_column_inner][\/vc_row_inner]<\/div><\/div>[\/vc_column][\/vc_row]<style data-type=\"vc_shortcodes-custom-css\">.vc_custom_1586005850397{padding-top: 6vh !important;}.vc_custom_1581689860303{margin-bottom: 6vh !important;padding-top: 0px !important;}.vc_custom_1588859334929{margin-bottom: 20px !important;}.vc_custom_1512552757832{margin-top: -30px !important;margin-right: -30px !important;margin-bottom: -30px !important;margin-left: -30px !important;}.vc_custom_1512552766600{padding-top: 30px !important;padding-right: 30px !important;padding-bottom: 15px !important;padding-left: 30px !important;}.vc_custom_1581585874277{padding-top: 30px !important;padding-right: 30px !important;padding-bottom: 30px !important;padding-left: 30px !important;background-color: #3583ba !important;}.vc_custom_1588859119178{margin-bottom: 0px !important;}.vc_custom_1484144347493{margin-bottom: 30px !important;}.vc_custom_1588859103844{margin-bottom: 20px !important;}#wd-5eb411c01e22b .woodmart-title-container{line-height:46px;font-size:36px;}#wd-5eb411c01e22b .title-subtitle{color:#3684bb;}#wd-5eb411c01e22b .title-after_title{line-height:24px;font-size:14px;}@media (max-width: 1024px) {#wd-5eb411c01e22b .woodmart-title-container{line-height:40px;font-size:30px;}#wd-5eb411c01e22b .title-after_title{line-height:24px;font-size:14px;}}@media (max-width: 767px) {#wd-5eb411c01e22b .woodmart-title-container{line-height:38px;font-size:28px;}}<\/style>[\/vc_column_text][\/vc_column][\/vc_row]<\/p>\n","protected":false},"excerpt":{"rendered":"<p>[vc_row][vc_column][\/vc_column][vc_column width=&#8221;1\/3&#8243;][vc_column_text text_larger=&#8221;no&#8221; css=&#8221;.vc_custom_1649397244408{margin-top: -30px !important;}&#8221; woodmart_inline=&#8221;no&#8221;]De beschermingsgraad geeft aan in hoeverre elektrisch materiaal geschikt is voor diverse omgevingsomstandigheden. De<\/p>\n","protected":false},"author":1,"featured_media":0,"parent":11050,"menu_order":0,"comment_status":"closed","ping_status":"closed","template":"","meta":[],"yoast_head":"<!-- This site is optimized with the Yoast SEO Premium plugin v18.4 (Yoast SEO v18.8) - https:\/\/yoast.com\/wordpress\/plugins\/seo\/ -->\n<title>Beschermingsklassen - BOXEXPERT - Professionele behuizingsoplossingen voor de hoogste eisen<\/title>\n<meta name=\"robots\" content=\"index, follow, max-snippet:-1, max-image-preview:large, max-video-preview:-1\" \/>\n<link rel=\"canonical\" href=\"https:\/\/box.lilleshop.de\/nl\/faqs\/beschermingsklassen\/\" \/>\n<meta property=\"og:locale\" content=\"nl_NL\" \/>\n<meta property=\"og:type\" content=\"article\" \/>\n<meta property=\"og:title\" content=\"Beschermingsklassen\" \/>\n<meta property=\"og:description\" content=\"[vc_row][vc_column][\/vc_column][vc_column width=&#8221;1\/3&#8243;][vc_column_text text_larger=&#8221;no&#8221; css=&#8221;.vc_custom_1649397244408{margin-top: -30px !important;}&#8221; woodmart_inline=&#8221;no&#8221;]De beschermingsgraad geeft aan in hoeverre elektrisch materiaal geschikt is voor diverse omgevingsomstandigheden. De\" \/>\n<meta property=\"og:url\" content=\"https:\/\/box.lilleshop.de\/nl\/faqs\/beschermingsklassen\/\" \/>\n<meta property=\"og:site_name\" content=\"BOXEXPERT - Professionele behuizingsoplossingen voor de hoogste eisen\" \/>\n<meta property=\"article:modified_time\" content=\"2022-04-08T05:54:09+00:00\" \/>\n<meta name=\"twitter:card\" content=\"summary_large_image\" \/>\n<meta name=\"twitter:label1\" content=\"Est. reading time\" \/>\n\t<meta name=\"twitter:data1\" content=\"1 minute\" \/>\n<script type=\"application\/ld+json\" class=\"yoast-schema-graph\">{\"@context\":\"https:\/\/schema.org\",\"@graph\":[{\"@type\":\"WebSite\",\"@id\":\"https:\/\/box.lilleshop.de\/#website\",\"url\":\"https:\/\/box.lilleshop.de\/\",\"name\":\"BOXEXPERT - Professionelle Geh\u00e4usel\u00f6sungen f\u00fcr h\u00f6chste Anspr\u00fcche\",\"description\":\"Industri\u00eble behuizingen, schakelkasten, installatiebehuizingen, zekeringskasten en verdeelkasten\",\"potentialAction\":[{\"@type\":\"SearchAction\",\"target\":{\"@type\":\"EntryPoint\",\"urlTemplate\":\"https:\/\/box.lilleshop.de\/?s={search_term_string}\"},\"query-input\":\"required name=search_term_string\"}],\"inLanguage\":\"nl-NL\"},{\"@type\":\"WebPage\",\"@id\":\"https:\/\/box.lilleshop.de\/nl\/faqs\/beschermingsklassen\/#webpage\",\"url\":\"https:\/\/box.lilleshop.de\/nl\/faqs\/beschermingsklassen\/\",\"name\":\"Beschermingsklassen - BOXEXPERT - Professionele behuizingsoplossingen voor de hoogste eisen\",\"isPartOf\":{\"@id\":\"https:\/\/box.lilleshop.de\/#website\"},\"datePublished\":\"2020-02-13T09:17:23+00:00\",\"dateModified\":\"2022-04-08T05:54:09+00:00\",\"breadcrumb\":{\"@id\":\"https:\/\/box.lilleshop.de\/nl\/faqs\/beschermingsklassen\/#breadcrumb\"},\"inLanguage\":\"nl-NL\",\"potentialAction\":[{\"@type\":\"ReadAction\",\"target\":[\"https:\/\/box.lilleshop.de\/nl\/faqs\/beschermingsklassen\/\"]}]},{\"@type\":\"BreadcrumbList\",\"@id\":\"https:\/\/box.lilleshop.de\/nl\/faqs\/beschermingsklassen\/#breadcrumb\",\"itemListElement\":[{\"@type\":\"ListItem\",\"position\":1,\"name\":\"Startseite\",\"item\":\"https:\/\/box.lilleshop.de\/nl\/\"},{\"@type\":\"ListItem\",\"position\":2,\"name\":\"FAQs\",\"item\":\"https:\/\/box.lilleshop.de\/nl\/faqs\/\"},{\"@type\":\"ListItem\",\"position\":3,\"name\":\"Beschermingsklassen\"}]}]}<\/script>\n<!-- \/ Yoast SEO Premium plugin. -->","yoast_head_json":{"title":"Beschermingsklassen - BOXEXPERT - Professionele behuizingsoplossingen voor de hoogste eisen","robots":{"index":"index","follow":"follow","max-snippet":"max-snippet:-1","max-image-preview":"max-image-preview:large","max-video-preview":"max-video-preview:-1"},"canonical":"https:\/\/box.lilleshop.de\/nl\/faqs\/beschermingsklassen\/","og_locale":"nl_NL","og_type":"article","og_title":"Beschermingsklassen","og_description":"[vc_row][vc_column][\/vc_column][vc_column width=&#8221;1\/3&#8243;][vc_column_text text_larger=&#8221;no&#8221; css=&#8221;.vc_custom_1649397244408{margin-top: -30px !important;}&#8221; woodmart_inline=&#8221;no&#8221;]De beschermingsgraad geeft aan in hoeverre elektrisch materiaal geschikt is voor diverse omgevingsomstandigheden. De","og_url":"https:\/\/box.lilleshop.de\/nl\/faqs\/beschermingsklassen\/","og_site_name":"BOXEXPERT - Professionele behuizingsoplossingen voor de hoogste eisen","article_modified_time":"2022-04-08T05:54:09+00:00","twitter_card":"summary_large_image","twitter_misc":{"Est. reading time":"1 minute"},"schema":{"@context":"https:\/\/schema.org","@graph":[{"@type":"WebSite","@id":"https:\/\/box.lilleshop.de\/#website","url":"https:\/\/box.lilleshop.de\/","name":"BOXEXPERT - Professionelle Geh\u00e4usel\u00f6sungen f\u00fcr h\u00f6chste Anspr\u00fcche","description":"Industri\u00eble behuizingen, schakelkasten, installatiebehuizingen, zekeringskasten en verdeelkasten","potentialAction":[{"@type":"SearchAction","target":{"@type":"EntryPoint","urlTemplate":"https:\/\/box.lilleshop.de\/?s={search_term_string}"},"query-input":"required name=search_term_string"}],"inLanguage":"nl-NL"},{"@type":"WebPage","@id":"https:\/\/box.lilleshop.de\/nl\/faqs\/beschermingsklassen\/#webpage","url":"https:\/\/box.lilleshop.de\/nl\/faqs\/beschermingsklassen\/","name":"Beschermingsklassen - BOXEXPERT - Professionele behuizingsoplossingen voor de hoogste eisen","isPartOf":{"@id":"https:\/\/box.lilleshop.de\/#website"},"datePublished":"2020-02-13T09:17:23+00:00","dateModified":"2022-04-08T05:54:09+00:00","breadcrumb":{"@id":"https:\/\/box.lilleshop.de\/nl\/faqs\/beschermingsklassen\/#breadcrumb"},"inLanguage":"nl-NL","potentialAction":[{"@type":"ReadAction","target":["https:\/\/box.lilleshop.de\/nl\/faqs\/beschermingsklassen\/"]}]},{"@type":"BreadcrumbList","@id":"https:\/\/box.lilleshop.de\/nl\/faqs\/beschermingsklassen\/#breadcrumb","itemListElement":[{"@type":"ListItem","position":1,"name":"Startseite","item":"https:\/\/box.lilleshop.de\/nl\/"},{"@type":"ListItem","position":2,"name":"FAQs","item":"https:\/\/box.lilleshop.de\/nl\/faqs\/"},{"@type":"ListItem","position":3,"name":"Beschermingsklassen"}]}]}},"_links":{"self":[{"href":"https:\/\/box.lilleshop.de\/nl\/wp-json\/wp\/v2\/pages\/11280"}],"collection":[{"href":"https:\/\/box.lilleshop.de\/nl\/wp-json\/wp\/v2\/pages"}],"about":[{"href":"https:\/\/box.lilleshop.de\/nl\/wp-json\/wp\/v2\/types\/page"}],"author":[{"embeddable":true,"href":"https:\/\/box.lilleshop.de\/nl\/wp-json\/wp\/v2\/users\/1"}],"replies":[{"embeddable":true,"href":"https:\/\/box.lilleshop.de\/nl\/wp-json\/wp\/v2\/comments?post=11280"}],"version-history":[{"count":9,"href":"https:\/\/box.lilleshop.de\/nl\/wp-json\/wp\/v2\/pages\/11280\/revisions"}],"predecessor-version":[{"id":62541,"href":"https:\/\/box.lilleshop.de\/nl\/wp-json\/wp\/v2\/pages\/11280\/revisions\/62541"}],"up":[{"embeddable":true,"href":"https:\/\/box.lilleshop.de\/nl\/wp-json\/wp\/v2\/pages\/11050"}],"wp:attachment":[{"href":"https:\/\/box.lilleshop.de\/nl\/wp-json\/wp\/v2\/media?parent=11280"}],"curies":[{"name":"wp","href":"https:\/\/api.w.org\/{rel}","templated":true}]}}