{"id":11196,"date":"2020-02-13T09:17:11","date_gmt":"2020-02-13T09:17:11","guid":{"rendered":"https:\/\/boxexpert.de\/faqs\/rohs-reach\/"},"modified":"2022-04-08T05:50:15","modified_gmt":"2022-04-08T05:50:15","slug":"rohs-reach","status":"publish","type":"page","link":"https:\/\/box.lilleshop.de\/nl\/faqs\/rohs-reach\/","title":{"rendered":"RoHS \/ REACH"},"content":{"rendered":"<p>[vc_row][vc_column]\n\t\t<div id=\"wd-5ef48c5180b6d\" class=\"title-wrapper wd-wpb set-mb-s reset-last-child  wd-rs-5ef48c5180b6d wd-title-color-primary wd-title-style-underlined wd-width-100 text-left vc_custom_1593085043149 wd-underline-colored\">\n\t\t\t\t\t\t\t<div class=\"title-subtitle  subtitle-color-primary font-default subtitle-style-default wd-font-weight- wd-fontsize-xs\">BOXEXPERT<\/div>\n\t\t\t\n\t\t\t<div class=\"liner-continer\">\n\t\t\t\t<h1 class=\"woodmart-title-container title  wd-font-weight- wd-fontsize-xxl\" ><strong>FAQ'S RoHS, REACH &amp; CE<\/strong><\/h1>\n\t\t\t\t\t\t\t<\/div>\n\t\t\t\n\t\t\t\n\t\t\t\n\t\t<\/div>\n\t\t\n\t\t[\/vc_column][\/vc_row][vc_row full_width=&#8221;stretch_row&#8221; content_placement=&#8221;top&#8221; css=&#8221;.vc_custom_1586250255149{margin-bottom: 8vh !important;}&#8221; mobile_bg_img_hidden=&#8221;no&#8221; tablet_bg_img_hidden=&#8221;no&#8221; woodmart_parallax=&#8221;0&#8243; woodmart_gradient_switch=&#8221;no&#8221; row_reverse_mobile=&#8221;0&#8243; row_reverse_tablet=&#8221;0&#8243; woodmart_disable_overflow=&#8221;0&#8243;][vc_column width=&#8221;1\/2&#8243; css=&#8221;.vc_custom_1586954960915{margin-bottom: 20px !important;padding-top: 0px !important;}&#8221; mobile_bg_img_hidden=&#8221;no&#8221; tablet_bg_img_hidden=&#8221;no&#8221; woodmart_parallax=&#8221;0&#8243; woodmart_sticky_column=&#8221;false&#8221; parallax_scroll=&#8221;no&#8221; mobile_reset_margin=&#8221;no&#8221; tablet_reset_margin=&#8221;no&#8221;]\n\t\t<div id=\"wd-624fccfba86ce\" class=\"title-wrapper wd-wpb set-mb-s reset-last-child  wd-rs-624fccfba86ce wd-title-color-primary wd-title-style-underlined wd-width-100 text-left vc_custom_1649396996822 wd-underline-colored\">\n\t\t\t\t\t\t\t<div class=\"title-subtitle  subtitle-color-primary font-default subtitle-style-default wd-font-weight- wd-fontsize-xs\">REACH<\/div>\n\t\t\t\n\t\t\t<div class=\"liner-continer\">\n\t\t\t\t<h2 class=\"woodmart-title-container title  wd-font-weight- wd-fontsize-l\" >Verordening inzake de registratie en beoordeling van en de vergunningverlening en beperkingen ten aanzien van CHemische stoffen<\/h2>\n\t\t\t\t\t\t\t<\/div>\n\t\t\t\n\t\t\t\n\t\t\t\n\t\t<\/div>\n\t\t\n\t\t[vc_column_text css=&#8221;.vc_custom_1593085066898{margin-bottom: 20px !important;}&#8221; text_larger=&#8221;no&#8221;]De REACH &#8211; Verordening (EG) 1907\/2006] is de Europese verordening betreffende de registratie en beoordeling van en de autorisatie en beperkingen ten aanzien van chemische stoffen.<\/p>\n<p>REACH is sinds 2007 van kracht en heeft tot doel een hoog niveau van bescherming van de menselijke gezondheid en het milieu te waarborgen. Tegelijkertijd beoogt zij het vrije verkeer van chemische stoffen op de interne markt te waarborgen en het concurrentievermogen en de innovatie te bevorderen. REACH is gebaseerd op het principe dat fabrikanten, importeurs en downstreamgebruikers de verantwoordelijkheid voor hun chemische stoffen op zich nemen. Zij moeten ervoor zorgen dat de chemische stoffen die zij produceren en op de markt brengen, veilig worden gebruikt. De afkorting &#8220;REACH&#8221; is afgeleid van de Engelse titel van de verordening: Verordening betreffende de registratie en beoordeling van en de vergunningverlening en beperkingen ten aanzien van CHemicals. De REACH-verordening wordt beschouwd als een van de strengste chemicali\u00ebnwetten ter wereld.[\/vc_column_text]\n\t\t<div id=\"wd-5ef48caca8e71\" class=\"title-wrapper wd-wpb set-mb-s reset-last-child  wd-rs-5ef48caca8e71 wd-title-color-primary wd-title-style-underlined wd-width-100 text-left vc_custom_1593085106759 wd-underline-colored\">\n\t\t\t\t\t\t\t<div class=\"title-subtitle  subtitle-color-primary font-default subtitle-style-default wd-font-weight- wd-fontsize-xs\">Conformit\u00e9 Europ\u00e9enne<\/div>\n\t\t\t\n\t\t\t<div class=\"liner-continer\">\n\t\t\t\t<h2 class=\"woodmart-title-container title  wd-font-weight- wd-fontsize-l\" >CE-markering<\/h2>\n\t\t\t\t\t\t\t<\/div>\n\t\t\t\n\t\t\t\n\t\t\t\n\t\t<\/div>\n\t\t\n\t\t[vc_column_text css=&#8221;.vc_custom_1593085113472{margin-bottom: 20px !important;}&#8221; text_larger=&#8221;no&#8221;]De letters &#8220;CE&#8221; staan op veel producten die op de uitgebreide interne markt van de Europese Economische Ruimte (EER) worden verhandeld. Zij betekenen dat de producten die in de EER worden verkocht, zijn gecontroleerd om ervoor te zorgen dat zij voldoen aan hoge normen op het gebied van veiligheid, gezondheid en milieubescherming. De CE-markering ondersteunt ook eerlijke concurrentie door alle bedrijven te verplichten zich aan dezelfde regels te houden.<br \/>\nDoor het aanbrengen van de CE-markering op een product verklaart een fabrikant dat het product voldoet aan alle wettelijke eisen voor CE-markering en in de hele EER kan worden verkocht. Dit geldt ook voor producten die in andere landen worden vervaardigd en in de EER worden verkocht.[\/vc_column_text][\/vc_column][vc_column width=&#8221;1\/2&#8243; css=&#8221;.vc_custom_1536077344327{margin-bottom: 20px !important;padding-top: 0px !important;}&#8221;]\n\t\t<div id=\"wd-624fcd0d3f553\" class=\"title-wrapper wd-wpb set-mb-s reset-last-child  wd-rs-624fcd0d3f553 wd-title-color-primary wd-title-style-underlined wd-width-100 text-left vc_custom_1649397008788 wd-underline-colored\">\n\t\t\t\t\t\t\t<div class=\"title-subtitle  subtitle-color-primary font-default subtitle-style-default wd-font-weight- wd-fontsize-xs\">RoHS<\/div>\n\t\t\t\n\t\t\t<div class=\"liner-continer\">\n\t\t\t\t<h2 class=\"woodmart-title-container title  wd-font-weight- wd-fontsize-l\" >Restriction of certain Hazardous Substances<\/h2>\n\t\t\t\t\t\t\t<\/div>\n\t\t\t\n\t\t\t\n\t\t\t\n\t\t<\/div>\n\t\t\n\t\t[vc_column_text css=&#8221;.vc_custom_1593085096347{margin-bottom: 20px !important;}&#8221; text_larger=&#8221;no&#8221;]De EU-wijde RoHS-richtlijn (Richtlijn betreffende de beperking van het gebruik van bepaalde gevaarlijke stoffen in afgedankte elektrische en elektronische apparatuur) definieert verschillende chemische stoffen die niet mogen worden gebruikt in elektrische en elektronische apparatuur. Op 22 juli 2019 zal de &#8220;uitgebreide&#8221; RoHS-richtlijn in de EU in werking treden met nieuwe verboden op het gebruik van stoffen.<\/p>\n<p>De volgende stoffen zijn gereguleerd:<\/p>\n<ul>\n<li>Lood (PB)<\/li>\n<li>Cadmium (Cd)<\/li>\n<li>Polybroombifenylen (PBB)<\/li>\n<li>Polybroomdifenylethers (PBDE)<\/li>\n<li>Zeswaardig chroom<\/li>\n<li>Kwik (Hg)<\/li>\n<li>butylbenzylftalaat (BBP)<\/li>\n<li>Di(2-ethylhexyl)ftalaat (DEHP)<\/li>\n<li>dibutylftalaat (DBP)<\/li>\n<li>dibutylftalaat (DBP)<\/li>\n<\/ul>\n<p>Homogene materialen die meer dan 0,1 gewichtsprocent van elk van de bovengenoemde stoffen (Cd 0,01 gewichtsprocent) bevatten, mogen niet worden gebruikt in elektrische apparaten van de in bijlage I van 2011\/65\/EU vermelde toestelcategorie\u00ebn.<br \/>\nDeze zogenaamde de minimis-grenzen houden rekening met het feit dat er mogelijk zeer kleine hoeveelheden onzuiverheden zijn die technisch niet te voorkomen zijn.[\/vc_column_text][\/vc_column][\/vc_row][vc_row][vc_column][vc_column_text text_larger=&#8221;no&#8221;][vc_row full_width=\"stretch_row\" content_placement=\"middle\" css=\".vc_custom_1586005850397{padding-top: 6vh !important;}\" mobile_bg_img_hidden=\"no\" tablet_bg_img_hidden=\"no\" woodmart_parallax=\"0\" woodmart_gradient_switch=\"no\" row_reverse_mobile=\"0\" row_reverse_tablet=\"0\" woodmart_disable_overflow=\"0\"][vc_column css=\".vc_custom_1581689860303{margin-bottom: 6vh !important;padding-top: 0px !important;}\" mobile_bg_img_hidden=\"no\" tablet_bg_img_hidden=\"no\" woodmart_parallax=\"0\" woodmart_sticky_column=\"false\" parallax_scroll=\"no\" mobile_reset_margin=\"no\" tablet_reset_margin=\"no\"]\n\t\t<div id=\"wd-5eb411c01e22b\" class=\"title-wrapper wd-wpb set-mb-s reset-last-child  wd-rs-5eb411c01e22b wd-title-color-default wd-title-style-default wd-width-100 text-center vc_custom_1588859334929 wd-underline-colored\">\n\t\t\t\t\t\t\t<div class=\"title-subtitle  subtitle-color-default font-default subtitle-style-default wd-font-weight- wd-fontsize-xs\">BOXEXPERT SUPPORT<\/div>\n\t\t\t\n\t\t\t<div class=\"liner-continer\">\n\t\t\t\t<h3 class=\"woodmart-title-container title  wd-font-weight- wd-fontsize-l\" >Heb je vragen?<\/h3>\n\t\t\t\t\t\t\t<\/div>\n\t\t\t\n\t\t\t\t\t\t\t<div class=\"title-after_title  set-cont-mb-s reset-last-child  wd-fontsize-xs\">Onze medewerkers staan voor u klaar via de chat en het contactformulier en beantwoorden graag al uw vragen.<\/div>\n\t\t\t\n\t\t\t\n\t\t<\/div>\n\t\t\n\t\t<div id=\"wd-5ebcf445305bf\" class=\" wd-rs-5ebcf445305bf  wd-button-wrapper woodmart-button-wrapper text-center\"><a href=\"#contact-form-popup\" title=\"\" class=\"btn btn-color-primary btn-style-default btn-style-rectangle btn-size-default wd-open-popup \">CONTACT NU<\/a><\/div><div id=\"contact-form-popup\" class=\"mfp-with-anim wd-popup mfp-hide woodmart-content-popup\" style=\"max-width:900px;\"><div class=\"wd-popup-inner\">[vc_row_inner equal_height=\"yes\" css=\".vc_custom_1512552757832{margin-top: -30px !important;margin-right: -30px !important;margin-bottom: -30px !important;margin-left: -30px !important;}\"][vc_column_inner width=\"2\/3\" css=\".vc_custom_1512552766600{padding-top: 30px !important;padding-right: 30px !important;padding-bottom: 15px !important;padding-left: 30px !important;}\"]\n\t\t<div id=\"wd-5eb410b08ebc1\" class=\"title-wrapper wd-wpb set-mb-s reset-last-child  wd-rs-5eb410b08ebc1 wd-title-color-default wd-title-style-default wd-width-100 text-left  wd-underline-colored\">\n\t\t\t\n\t\t\t<div class=\"liner-continer\">\n\t\t\t\t<h4 class=\"woodmart-title-container title  wd-font-weight- wd-fontsize-m\" >STUUR ONS UW BERICHT<\/h4>\n\t\t\t\t\t\t\t<\/div>\n\t\t\t\n\t\t\t\n\t\t\t\n\t\t<\/div>\n\t\t\n\t\t[vc_column_text css=\".vc_custom_1588859119178{margin-bottom: 0px !important;}\" text_larger=\"no\"][contact-form-7 id=\"3886\" title=\"popup contact form\"][\/vc_column_text][\/vc_column_inner][vc_column_inner width=\"1\/3\" css=\".vc_custom_1581585874277{padding-top: 30px !important;padding-right: 30px !important;padding-bottom: 30px !important;padding-left: 30px !important;background-color: #3583ba !important;}\"]\n\t\t<div id=\"wd-5eb410b6ccabc\" class=\"title-wrapper wd-wpb set-mb-s reset-last-child  wd-rs-5eb410b6ccabc wd-title-color-white wd-title-style-default wd-width-100 text-left  wd-underline-colored\">\n\t\t\t\n\t\t\t<div class=\"liner-continer\">\n\t\t\t\t<h4 class=\"woodmart-title-container title  wd-font-weight- wd-fontsize-m\" >CONTACTGEGEVENS<\/h4>\n\t\t\t\t\t\t\t<\/div>\n\t\t\t\n\t\t\t\n\t\t\t\n\t\t<\/div>\n\t\t\n\t\t\t\t\t<div class=\"info-box-wrapper\">\n\t\t\t\t<div id=\"wd-5ebcf44f2a2a9\" class=\" wd-rs-5ebcf44f2a2a9 wd-info-box woodmart-info-box wd-wpb text-left box-icon-align-left box-style- color-scheme-light wd-bg-none box-title-default \"  >\n\t\t\t\t\t\t\t\t\t\t<div class=\"info-box-content\">\n\t\t\t\t\t\t\t\t\t\t\t\t<div class=\"info-box-inner set-cont-mb-s reset-last-child\">\n\t\t\t\t\t\t\t<p>BOXEXPERT.DE<br \/>\nGr\u00fctzm\u00fchlenweg 46<br \/>\n22339 Hamburg<br \/>\nGermany<\/p>\n\t\t\t\t\t\t<\/div>\n\n\t\t\t\t\t\t\t\t\t\t\t<\/div>\n\n\t\t\t\t\t\t\t\t\t<\/div>\n\t\t\t<\/div>\n\t\t\t\t\t<div class=\"info-box-wrapper\">\n\t\t\t\t<div id=\"wd-5eb410bdb0f76\" class=\" wd-rs-5eb410bdb0f76 wd-info-box woodmart-info-box wd-wpb text-left box-icon-align-left box-style- color-scheme-light wd-bg-none box-title-default \"  >\n\t\t\t\t\t\t\t\t\t\t<div class=\"info-box-content\">\n\t\t\t\t\t\t\t\t\t\t\t\t<div class=\"info-box-inner set-cont-mb-s reset-last-child\">\n\t\t\t\t\t\t\t<div style=\"line-height: 2;\"><i class=\"fa fa-phone-square\" style=\"width: 15px; text-align: center; margin-right: 4px; color: #676767;\"><\/i>+49 (0)40 53 80 92 10<br \/>\n<i class=\"fa fa-fax\" style=\"width: 15px; text-align: center; margin-right: 4px; color: #676767;\"><\/i>+49 (0)40 53 80 92 86<\/div>\n\t\t\t\t\t\t<\/div>\n\n\t\t\t\t\t\t\t\t\t\t\t<\/div>\n\n\t\t\t\t\t\t\t\t\t<\/div>\n\t\t\t<\/div>\n\t\t\t\t\t<div class=\"info-box-wrapper\">\n\t\t\t\t<div id=\"wd-5e46aa795cac1\" class=\" wd-rs-5e46aa795cac1 wd-info-box woodmart-info-box wd-wpb text-left box-icon-align-left box-style- color-scheme-light wd-bg-none box-title-default \"  >\n\t\t\t\t\t\t\t\t\t\t<div class=\"info-box-content\">\n\t\t\t\t\t\t\t\t\t\t\t\t<div class=\"info-box-inner set-cont-mb-s reset-last-child\">\n\t\t\t\t\t\t\t<div style=\"line-height: 2;\"><i class=\"fa fa-envelope-square\" style=\"width: 15px; text-align: center; margin-right: 4px; color: #676767;\"><\/i> <a href=\"mailto:info@boxexpert.de\">info@boxexpert.de<\/a><\/div>\n\t\t\t\t\t\t<\/div>\n\n\t\t\t\t\t\t\t\t\t\t\t<\/div>\n\n\t\t\t\t\t\t\t\t\t<\/div>\n\t\t\t<\/div>\n\t\t[vc_separator color=\"custom\" accent_color=\"rgba(255,255,255,0.15)\" css=\".vc_custom_1484144347493{margin-bottom: 30px !important;}\"][vc_column_text woodmart_color_scheme=\"light\" css=\".vc_custom_1588859103844{margin-bottom: 20px !important;}\" text_larger=\"no\"]Volg ons op onze social media kanalen en laat u informeren over nieuwe producten.[\/vc_column_text]\n\t\t\t<div class=\"wd-social-icons  woodmart-social-icons icons-design-colored icons-size-small color-scheme-dark social-follow social-form-circle text-left\">\n\n\t\t\t\t\n\t\t\t\t\t\t\t\t\t<a rel=\"noopener noreferrer nofollow\" href=\"https:\/\/www.facebook.com\/BOXEXPERT.DE\/\" target=\"_blank\" class=\" wd-social-icon social-facebook\" aria-label=\"Facebook social link\">\n\t\t\t\t\t\t<span class=\"wd-icon\"><\/span>\n\t\t\t\t\t\t\t\t\t\t\t<\/a>\n\t\t\t\t\n\t\t\t\t\t\t\t\t\t<a rel=\"noopener noreferrer nofollow\" href=\"https:\/\/twitter.com\/Box_expert\" target=\"_blank\" class=\" wd-social-icon social-twitter\" aria-label=\"Twitter social link\">\n\t\t\t\t\t\t<span class=\"wd-icon\"><\/span>\n\t\t\t\t\t\t\t\t\t\t\t<\/a>\n\t\t\t\t\n\t\t\t\t\n\t\t\t\t\t\t\t\t\t<a rel=\"noopener noreferrer nofollow\" href=\"https:\/\/www.instagram.com\/boxexpert_hamburg\/\" target=\"_blank\" class=\" wd-social-icon social-instagram\" aria-label=\"Instagram social link\">\n\t\t\t\t\t\t<span class=\"wd-icon\"><\/span>\n\t\t\t\t\t\t\t\t\t\t\t<\/a>\n\t\t\t\t\n\t\t\t\t\n\t\t\t\t\n\t\t\t\t\n\t\t\t\t\t\t\t\t\t<a rel=\"noopener noreferrer nofollow\" href=\"https:\/\/www.linkedin.com\/company\/boxexpert\/\" target=\"_blank\" class=\" wd-social-icon social-linkedin\" aria-label=\"Linkedin social link\">\n\t\t\t\t\t\t<span class=\"wd-icon\"><\/span>\n\t\t\t\t\t\t\t\t\t\t\t<\/a>\n\t\t\t\t\n\t\t\t\t\n\t\t\t\t\n\t\t\t\t\n\t\t\t\t\n\t\t\t\t\n\t\t\t\t\n\t\t\t\t\n\t\t\t\t\n\t\t\t\t\n\t\t\t\t\t\t\t\t\n\t\t\t\t\t\t\t\t\n\t\t\t\t\n\t\t\t\t\t\t\t\t\n\t\t\t\t\n\t\t\t<\/div>\n\n\t\t[\/vc_column_inner][\/vc_row_inner]<\/div><\/div>[\/vc_column][\/vc_row]<style data-type=\"vc_shortcodes-custom-css\">.vc_custom_1586005850397{padding-top: 6vh !important;}.vc_custom_1581689860303{margin-bottom: 6vh !important;padding-top: 0px !important;}.vc_custom_1588859334929{margin-bottom: 20px !important;}.vc_custom_1512552757832{margin-top: -30px !important;margin-right: -30px !important;margin-bottom: -30px !important;margin-left: -30px !important;}.vc_custom_1512552766600{padding-top: 30px !important;padding-right: 30px !important;padding-bottom: 15px !important;padding-left: 30px !important;}.vc_custom_1581585874277{padding-top: 30px !important;padding-right: 30px !important;padding-bottom: 30px !important;padding-left: 30px !important;background-color: #3583ba !important;}.vc_custom_1588859119178{margin-bottom: 0px !important;}.vc_custom_1484144347493{margin-bottom: 30px !important;}.vc_custom_1588859103844{margin-bottom: 20px !important;}#wd-5eb411c01e22b .woodmart-title-container{line-height:46px;font-size:36px;}#wd-5eb411c01e22b .title-subtitle{color:#3684bb;}#wd-5eb411c01e22b .title-after_title{line-height:24px;font-size:14px;}@media (max-width: 1024px) {#wd-5eb411c01e22b .woodmart-title-container{line-height:40px;font-size:30px;}#wd-5eb411c01e22b .title-after_title{line-height:24px;font-size:14px;}}@media (max-width: 767px) {#wd-5eb411c01e22b .woodmart-title-container{line-height:38px;font-size:28px;}}<\/style>[\/vc_column_text][\/vc_column][\/vc_row]<\/p>\n","protected":false},"excerpt":{"rendered":"<p>[vc_row][vc_column][\/vc_column][\/vc_row][vc_row full_width=&#8221;stretch_row&#8221; content_placement=&#8221;top&#8221; css=&#8221;.vc_custom_1586250255149{margin-bottom: 8vh !important;}&#8221; mobile_bg_img_hidden=&#8221;no&#8221; tablet_bg_img_hidden=&#8221;no&#8221; woodmart_parallax=&#8221;0&#8243; woodmart_gradient_switch=&#8221;no&#8221; row_reverse_mobile=&#8221;0&#8243; row_reverse_tablet=&#8221;0&#8243; woodmart_disable_overflow=&#8221;0&#8243;][vc_column width=&#8221;1\/2&#8243; css=&#8221;.vc_custom_1586954960915{margin-bottom: 20px !important;padding-top: 0px !important;}&#8221; mobile_bg_img_hidden=&#8221;no&#8221;<\/p>\n","protected":false},"author":1,"featured_media":0,"parent":11050,"menu_order":0,"comment_status":"closed","ping_status":"closed","template":"","meta":[],"yoast_head":"<!-- This site is optimized with the Yoast SEO Premium plugin v18.4 (Yoast SEO v18.8) - https:\/\/yoast.com\/wordpress\/plugins\/seo\/ -->\n<title>RoHS \/ REACH - BOXEXPERT - Professionele behuizingsoplossingen voor de hoogste eisen<\/title>\n<meta name=\"robots\" content=\"index, follow, max-snippet:-1, max-image-preview:large, max-video-preview:-1\" \/>\n<link rel=\"canonical\" href=\"https:\/\/box.lilleshop.de\/nl\/faqs\/rohs-reach\/\" \/>\n<meta property=\"og:locale\" content=\"nl_NL\" \/>\n<meta property=\"og:type\" content=\"article\" \/>\n<meta property=\"og:title\" content=\"RoHS \/ REACH\" \/>\n<meta property=\"og:description\" content=\"[vc_row][vc_column][\/vc_column][\/vc_row][vc_row full_width=&#8221;stretch_row&#8221; content_placement=&#8221;top&#8221; css=&#8221;.vc_custom_1586250255149{margin-bottom: 8vh !important;}&#8221; mobile_bg_img_hidden=&#8221;no&#8221; tablet_bg_img_hidden=&#8221;no&#8221; woodmart_parallax=&#8221;0&#8243; woodmart_gradient_switch=&#8221;no&#8221; row_reverse_mobile=&#8221;0&#8243; row_reverse_tablet=&#8221;0&#8243; woodmart_disable_overflow=&#8221;0&#8243;][vc_column width=&#8221;1\/2&#8243; css=&#8221;.vc_custom_1586954960915{margin-bottom: 20px !important;padding-top: 0px !important;}&#8221; mobile_bg_img_hidden=&#8221;no&#8221;\" \/>\n<meta property=\"og:url\" content=\"https:\/\/box.lilleshop.de\/nl\/faqs\/rohs-reach\/\" \/>\n<meta property=\"og:site_name\" content=\"BOXEXPERT - Professionele behuizingsoplossingen voor de hoogste eisen\" \/>\n<meta property=\"article:modified_time\" content=\"2022-04-08T05:50:15+00:00\" \/>\n<meta name=\"twitter:card\" content=\"summary_large_image\" \/>\n<meta name=\"twitter:label1\" content=\"Est. reading time\" \/>\n\t<meta name=\"twitter:data1\" content=\"3 minutes\" \/>\n<script type=\"application\/ld+json\" class=\"yoast-schema-graph\">{\"@context\":\"https:\/\/schema.org\",\"@graph\":[{\"@type\":\"WebSite\",\"@id\":\"https:\/\/box.lilleshop.de\/#website\",\"url\":\"https:\/\/box.lilleshop.de\/\",\"name\":\"BOXEXPERT - Professionelle Geh\u00e4usel\u00f6sungen f\u00fcr h\u00f6chste Anspr\u00fcche\",\"description\":\"Industri\u00eble behuizingen, schakelkasten, installatiebehuizingen, zekeringskasten en verdeelkasten\",\"potentialAction\":[{\"@type\":\"SearchAction\",\"target\":{\"@type\":\"EntryPoint\",\"urlTemplate\":\"https:\/\/box.lilleshop.de\/?s={search_term_string}\"},\"query-input\":\"required name=search_term_string\"}],\"inLanguage\":\"nl-NL\"},{\"@type\":\"WebPage\",\"@id\":\"https:\/\/box.lilleshop.de\/nl\/faqs\/rohs-reach\/#webpage\",\"url\":\"https:\/\/box.lilleshop.de\/nl\/faqs\/rohs-reach\/\",\"name\":\"RoHS \/ REACH - BOXEXPERT - Professionele behuizingsoplossingen voor de hoogste eisen\",\"isPartOf\":{\"@id\":\"https:\/\/box.lilleshop.de\/#website\"},\"datePublished\":\"2020-02-13T09:17:11+00:00\",\"dateModified\":\"2022-04-08T05:50:15+00:00\",\"breadcrumb\":{\"@id\":\"https:\/\/box.lilleshop.de\/nl\/faqs\/rohs-reach\/#breadcrumb\"},\"inLanguage\":\"nl-NL\",\"potentialAction\":[{\"@type\":\"ReadAction\",\"target\":[\"https:\/\/box.lilleshop.de\/nl\/faqs\/rohs-reach\/\"]}]},{\"@type\":\"BreadcrumbList\",\"@id\":\"https:\/\/box.lilleshop.de\/nl\/faqs\/rohs-reach\/#breadcrumb\",\"itemListElement\":[{\"@type\":\"ListItem\",\"position\":1,\"name\":\"Startseite\",\"item\":\"https:\/\/box.lilleshop.de\/nl\/\"},{\"@type\":\"ListItem\",\"position\":2,\"name\":\"FAQs\",\"item\":\"https:\/\/box.lilleshop.de\/nl\/faqs\/\"},{\"@type\":\"ListItem\",\"position\":3,\"name\":\"RoHS \/ REACH\"}]}]}<\/script>\n<!-- \/ Yoast SEO Premium plugin. -->","yoast_head_json":{"title":"RoHS \/ REACH - BOXEXPERT - Professionele behuizingsoplossingen voor de hoogste eisen","robots":{"index":"index","follow":"follow","max-snippet":"max-snippet:-1","max-image-preview":"max-image-preview:large","max-video-preview":"max-video-preview:-1"},"canonical":"https:\/\/box.lilleshop.de\/nl\/faqs\/rohs-reach\/","og_locale":"nl_NL","og_type":"article","og_title":"RoHS \/ REACH","og_description":"[vc_row][vc_column][\/vc_column][\/vc_row][vc_row full_width=&#8221;stretch_row&#8221; content_placement=&#8221;top&#8221; css=&#8221;.vc_custom_1586250255149{margin-bottom: 8vh !important;}&#8221; mobile_bg_img_hidden=&#8221;no&#8221; tablet_bg_img_hidden=&#8221;no&#8221; woodmart_parallax=&#8221;0&#8243; woodmart_gradient_switch=&#8221;no&#8221; row_reverse_mobile=&#8221;0&#8243; row_reverse_tablet=&#8221;0&#8243; woodmart_disable_overflow=&#8221;0&#8243;][vc_column width=&#8221;1\/2&#8243; css=&#8221;.vc_custom_1586954960915{margin-bottom: 20px !important;padding-top: 0px !important;}&#8221; mobile_bg_img_hidden=&#8221;no&#8221;","og_url":"https:\/\/box.lilleshop.de\/nl\/faqs\/rohs-reach\/","og_site_name":"BOXEXPERT - Professionele behuizingsoplossingen voor de hoogste eisen","article_modified_time":"2022-04-08T05:50:15+00:00","twitter_card":"summary_large_image","twitter_misc":{"Est. reading time":"3 minutes"},"schema":{"@context":"https:\/\/schema.org","@graph":[{"@type":"WebSite","@id":"https:\/\/box.lilleshop.de\/#website","url":"https:\/\/box.lilleshop.de\/","name":"BOXEXPERT - Professionelle Geh\u00e4usel\u00f6sungen f\u00fcr h\u00f6chste Anspr\u00fcche","description":"Industri\u00eble behuizingen, schakelkasten, installatiebehuizingen, zekeringskasten en verdeelkasten","potentialAction":[{"@type":"SearchAction","target":{"@type":"EntryPoint","urlTemplate":"https:\/\/box.lilleshop.de\/?s={search_term_string}"},"query-input":"required name=search_term_string"}],"inLanguage":"nl-NL"},{"@type":"WebPage","@id":"https:\/\/box.lilleshop.de\/nl\/faqs\/rohs-reach\/#webpage","url":"https:\/\/box.lilleshop.de\/nl\/faqs\/rohs-reach\/","name":"RoHS \/ REACH - BOXEXPERT - Professionele behuizingsoplossingen voor de hoogste eisen","isPartOf":{"@id":"https:\/\/box.lilleshop.de\/#website"},"datePublished":"2020-02-13T09:17:11+00:00","dateModified":"2022-04-08T05:50:15+00:00","breadcrumb":{"@id":"https:\/\/box.lilleshop.de\/nl\/faqs\/rohs-reach\/#breadcrumb"},"inLanguage":"nl-NL","potentialAction":[{"@type":"ReadAction","target":["https:\/\/box.lilleshop.de\/nl\/faqs\/rohs-reach\/"]}]},{"@type":"BreadcrumbList","@id":"https:\/\/box.lilleshop.de\/nl\/faqs\/rohs-reach\/#breadcrumb","itemListElement":[{"@type":"ListItem","position":1,"name":"Startseite","item":"https:\/\/box.lilleshop.de\/nl\/"},{"@type":"ListItem","position":2,"name":"FAQs","item":"https:\/\/box.lilleshop.de\/nl\/faqs\/"},{"@type":"ListItem","position":3,"name":"RoHS \/ REACH"}]}]}},"_links":{"self":[{"href":"https:\/\/box.lilleshop.de\/nl\/wp-json\/wp\/v2\/pages\/11196"}],"collection":[{"href":"https:\/\/box.lilleshop.de\/nl\/wp-json\/wp\/v2\/pages"}],"about":[{"href":"https:\/\/box.lilleshop.de\/nl\/wp-json\/wp\/v2\/types\/page"}],"author":[{"embeddable":true,"href":"https:\/\/box.lilleshop.de\/nl\/wp-json\/wp\/v2\/users\/1"}],"replies":[{"embeddable":true,"href":"https:\/\/box.lilleshop.de\/nl\/wp-json\/wp\/v2\/comments?post=11196"}],"version-history":[{"count":4,"href":"https:\/\/box.lilleshop.de\/nl\/wp-json\/wp\/v2\/pages\/11196\/revisions"}],"predecessor-version":[{"id":62538,"href":"https:\/\/box.lilleshop.de\/nl\/wp-json\/wp\/v2\/pages\/11196\/revisions\/62538"}],"up":[{"embeddable":true,"href":"https:\/\/box.lilleshop.de\/nl\/wp-json\/wp\/v2\/pages\/11050"}],"wp:attachment":[{"href":"https:\/\/box.lilleshop.de\/nl\/wp-json\/wp\/v2\/media?parent=11196"}],"curies":[{"name":"wp","href":"https:\/\/api.w.org\/{rel}","templated":true}]}}