{"id":4637,"date":"2020-02-11T07:45:20","date_gmt":"2020-02-11T07:45:20","guid":{"rendered":"https:\/\/boxexpert.de\/azienda\/logistik\/"},"modified":"2020-06-23T12:43:29","modified_gmt":"2020-06-23T12:43:29","slug":"logistica","status":"publish","type":"page","link":"https:\/\/box.lilleshop.de\/it\/azienda\/logistica\/","title":{"rendered":"Logistica"},"content":{"rendered":"<p>[vc_row full_width=&#8221;stretch_row_content&#8221; mobile_bg_img_hidden=&#8221;no&#8221; tablet_bg_img_hidden=&#8221;no&#8221; woodmart_parallax=&#8221;0&#8243; woodmart_gradient_switch=&#8221;no&#8221; row_reverse_mobile=&#8221;0&#8243; row_reverse_tablet=&#8221;0&#8243; woodmart_disable_overflow=&#8221;0&#8243; css=&#8221;.vc_custom_1585845066216{margin-top: -40px !important;margin-bottom: 4vh !important;}&#8221;][vc_column]\n\t\t\t<!-- START logistik REVOLUTION SLIDER 6.5.21 --><p class=\"rs-p-wp-fix\"><\/p>\n\t\t\t<rs-module-wrap id=\"rev_slider_20_1_wrapper\" data-source=\"gallery\" style=\"visibility:hidden;background:transparent;padding:0;margin:0px auto;margin-top:0;margin-bottom:0;\">\n\t\t\t\t<rs-module id=\"rev_slider_20_1\" style=\"\" data-version=\"6.5.21\">\n\t\t\t\t\t<rs-slides>\n\t\t\t\t\t\t<rs-slide style=\"position: absolute;\" data-key=\"rs-187\" data-title=\"Slide\" data-anim=\"ms:1000;r:0;\" data-in=\"o:0;\" data-out=\"a:false;\">\n\t\t\t\t\t\t\t<img src=\"\/\/box.lilleshop.de\/wp-content\/plugins\/revslider\/public\/assets\/assets\/dummy.png\" alt=\"Das Logistikzentrum von Boxexpert sorgt f\u00fcr reichlich Lagerware an Geh\u00e4usen\" title=\"logistik1\" width=\"1600\" height=\"600\" class=\"rev-slidebg tp-rs-img rs-lazyload\" data-lazyload=\"\/\/box.lilleshop.de\/wp-content\/uploads\/2020\/03\/logistik1.jpg\" data-no-retina>\n<!--\n\t\t\t\t\t\t\t--><rs-layer\n\t\t\t\t\t\t\t\tid=\"slider-20-slide-187-layer-0\" \n\t\t\t\t\t\t\t\tdata-type=\"shape\"\n\t\t\t\t\t\t\t\tdata-rsp_ch=\"on\"\n\t\t\t\t\t\t\t\tdata-xy=\"x:428px;y:340px;\"\n\t\t\t\t\t\t\t\tdata-text=\"w:normal;\"\n\t\t\t\t\t\t\t\tdata-dim=\"w:517px;h:127px;\"\n\t\t\t\t\t\t\t\tdata-spike=\"r:top;\"\n\t\t\t\t\t\t\t\tdata-frame_0=\"x:left;\"\n\t\t\t\t\t\t\t\tdata-frame_1=\"st:400;sp:1000;\"\n\t\t\t\t\t\t\t\tdata-frame_999=\"o:0;st:w;\"\n\t\t\t\t\t\t\t\tstyle=\"z-index:5;background-color:rgba(54,132,187,0.95);\"\n\t\t\t\t\t\t\t> \n\t\t\t\t\t\t\t<\/rs-layer><!--\n\n\t\t\t\t\t\t\t--><rs-layer\n\t\t\t\t\t\t\t\tid=\"slider-20-slide-187-layer-1\" \n\t\t\t\t\t\t\t\tdata-type=\"text\"\n\t\t\t\t\t\t\t\tdata-color=\"#ffffff\"\n\t\t\t\t\t\t\t\tdata-rsp_ch=\"on\"\n\t\t\t\t\t\t\t\tdata-xy=\"x:454px;y:367px;\"\n\t\t\t\t\t\t\t\tdata-text=\"w:normal;s:27;l:34;fw:600;\"\n\t\t\t\t\t\t\t\tdata-frame_0=\"x:left;\"\n\t\t\t\t\t\t\t\tdata-frame_1=\"st:400;sp:1000;\"\n\t\t\t\t\t\t\t\tdata-frame_999=\"o:0;st:w;\"\n\t\t\t\t\t\t\t\tstyle=\"z-index:6;font-family:'Poppins';\"\n\t\t\t\t\t\t\t>ALTA DISPONIBILIT\u00c0 E PARTNER <br \/>\nLOGISTICI SELEZIONATI \n\t\t\t\t\t\t\t<\/rs-layer><!--\n-->\t\t\t\t\t\t<\/rs-slide>\n\t\t\t\t\t<\/rs-slides>\n\t\t\t\t<\/rs-module>\n\t\t\t\t<script>\n\t\t\t\t\tsetREVStartSize({c: 'rev_slider_20_1',rl:[1240,1024,778,480],el:[500],gw:[1240],gh:[500],type:'standard',justify:'',layout:'fullwidth',mh:\"0\"});if (window.RS_MODULES!==undefined && window.RS_MODULES.modules!==undefined && window.RS_MODULES.modules[\"revslider201\"]!==undefined) {window.RS_MODULES.modules[\"revslider201\"].once = false;window.revapi20 = undefined;if (window.RS_MODULES.checkMinimal!==undefined) window.RS_MODULES.checkMinimal()}\n\t\t\t\t<\/script>\n\t\t\t<\/rs-module-wrap>\n\t\t\t<!-- END REVOLUTION SLIDER -->\n[\/vc_column][\/vc_row][vc_row mobile_bg_img_hidden=&#8221;no&#8221; tablet_bg_img_hidden=&#8221;no&#8221; woodmart_parallax=&#8221;0&#8243; woodmart_gradient_switch=&#8221;no&#8221; row_reverse_mobile=&#8221;0&#8243; row_reverse_tablet=&#8221;0&#8243; woodmart_disable_overflow=&#8221;0&#8243;][vc_column]\n\t\t<div id=\"wd-5eba654a9719d\" class=\"title-wrapper wd-wpb set-mb-s reset-last-child  wd-rs-5eba654a9719d wd-title-color-primary wd-title-style-underlined wd-width-100 text-left vc_custom_1589273934832 wd-underline-colored\">\n\t\t\t\n\t\t\t<div class=\"liner-continer\">\n\t\t\t\t<h1 class=\"woodmart-title-container title  wd-font-weight- wd-fontsize-xxl\" ><strong>LOGISTICA<\/strong><\/h1>\n\t\t\t\t\t\t\t<\/div>\n\t\t\t\n\t\t\t\n\t\t\t\n\t\t<\/div>\n\t\t\n\t\t[\/vc_column][\/vc_row][vc_row full_width=&#8221;stretch_row&#8221; content_placement=&#8221;middle&#8221; css=&#8221;.vc_custom_1581684079743{margin-bottom: 2vh !important;}&#8221; mobile_bg_img_hidden=&#8221;no&#8221; tablet_bg_img_hidden=&#8221;no&#8221; woodmart_parallax=&#8221;0&#8243; woodmart_gradient_switch=&#8221;no&#8221; row_reverse_mobile=&#8221;0&#8243; row_reverse_tablet=&#8221;0&#8243; woodmart_disable_overflow=&#8221;0&#8243;][vc_column width=&#8221;1\/3&#8243; css=&#8221;.vc_custom_1490276860346{margin-bottom: 20px !important;padding-top: 0px !important;}&#8221;]\t\t<div id=\"gallery_480\" class=\"wd-images-gallery wd-justify-center wd-items-middle view-grid\" >\n\t\t\t<div class=\"gallery-images row wd-spacing-0\">\n\t\t\t\t\t\t\t\t\t\t\t\t\t\t\t<div class=\"wd-gallery-item col-lg-12 col-md-12 col-sm-12 col-12\">\n\t\t\t\t\t\t\t\n\t\t\t\t\t\t\t\t\t\t\t\t\t\t\t\t\t<img class=\"wd-gallery-image image-1 \" src=\"https:\/\/box.lilleshop.de\/wp-content\/uploads\/2020\/03\/logistik4.jpg\" width=\"600\" height=\"400\" alt=\"Das Logistikzentrum von Boxexpert sorgt f\u00fcr reichlich Lagerware an Geh\u00e4usen\" title=\"logistik4\" \/>\t\t\t\t\t\t\t\t\n\n\t\t\t\t\t\t\t\t\t\t\t\t\t\t<\/div>\n\t\t\t\t\t\t\t\t\t\t\t\t<\/div>\n\t\t<\/div>\n\t\t\t\t[\/vc_column][vc_column width=&#8221;1\/3&#8243; css=&#8221;.vc_custom_1536077344327{margin-bottom: 20px !important;padding-top: 0px !important;}&#8221;]\n\t\t<div id=\"wd-5eba6550eb5b3\" class=\"title-wrapper wd-wpb set-mb-s reset-last-child  wd-rs-5eba6550eb5b3 wd-title-color-primary wd-title-style-underlined wd-width-100 text-left vc_custom_1589273940562 wd-underline-colored\">\n\t\t\t\n\t\t\t<div class=\"liner-continer\">\n\t\t\t\t<h2 class=\"woodmart-title-container title  wd-font-weight- wd-fontsize-l\" >LOGISTICA ALLA MANIERA ANSEATICA<\/h2>\n\t\t\t\t\t\t\t<\/div>\n\t\t\t\n\t\t\t\n\t\t\t\n\t\t<\/div>\n\t\t\n\t\t[vc_column_text css=&#8221;.vc_custom_1589273948007{margin-bottom: 20px !important;}&#8221; text_larger=&#8221;no&#8221;]Una struttura a pacchetto della logistica di BOXEXPERT contribuisce a garantire che tutti i processi si svolgano senza intoppi. La sede centrale di Amburgo comprende tutte le aree per la gestione della nostra logistica. Lo sviluppo e la produzione dei prodotti ha origine nella citt\u00e0 anseatica, cos\u00ec come la vendita, il supporto e la logistica di spedizione. Un approccio orientato al cliente \u00e8 una cosa ovvia per BOXEXPERT.[\/vc_column_text][\/vc_column][vc_column width=&#8221;1\/3&#8243; css=&#8221;.vc_custom_1536077348538{margin-bottom: 20px !important;padding-top: 0px !important;}&#8221;][vc_column_text css=&#8221;.vc_custom_1589273954315{margin-bottom: 28px !important;}&#8221; text_larger=&#8221;no&#8221;]Attraverso partner logistici selezionati e un&#8217;elevata disponibilit\u00e0 di tutti i prodotti, possiamo garantire una rapida evasione di tutti gli ordini. Un&#8217;elaborazione degli ordini automatizzata e multilingue contribuisce in modo essenziale a questo.[\/vc_column_text][vc_column_text css=&#8221;.vc_custom_1589273961466{margin-bottom: 20px !important;}&#8221; text_larger=&#8221;no&#8221;]Se le cose devono essere fatte molto rapidamente, vi consegneremo naturalmente i nostri casi in tutto il mondo tramite corriere espresso e organizzeremo per voi la corrispondenza con lo spedizioniere in caso di consegne di grandi dimensioni. Convincetevi della nostra logistica affidabile e fidatevi di BOXEXPERT.[\/vc_column_text][\/vc_column][\/vc_row][vc_row full_width=&#8221;stretch_row&#8221; css=&#8221;.vc_custom_1581684138262{padding-top: 30px !important;background-color: #f9f9f9 !important;}&#8221; mobile_bg_img_hidden=&#8221;no&#8221; tablet_bg_img_hidden=&#8221;no&#8221; woodmart_parallax=&#8221;0&#8243; woodmart_gradient_switch=&#8221;no&#8221; row_reverse_mobile=&#8221;0&#8243; row_reverse_tablet=&#8221;0&#8243; woodmart_disable_overflow=&#8221;0&#8243;][vc_column css=&#8221;.vc_custom_1484657273903{padding-top: 0px !important;}&#8221;]\n\t\t<div id=\"wd-5e45054c68b77\" class=\"title-wrapper wd-wpb set-mb-s reset-last-child  wd-rs-5e45054c68b77 wd-title-color-primary wd-title-style-underlined wd-width-100 text-left vc_custom_1581581650385 wd-underline-colored\">\n\t\t\t\n\t\t\t<div class=\"liner-continer\">\n\t\t\t\t<h4 class=\"woodmart-title-container title  wd-font-weight- wd-fontsize-l\" >KEY FACTS<\/h4>\n\t\t\t\t\t\t\t<\/div>\n\t\t\t\n\t\t\t\n\t\t\t\n\t\t<\/div>\n\t\t\n\t\t[vc_row_inner][vc_column_inner width=&#8221;1\/2&#8243;]\t\t\t<div id=\"wd-5eba656c40b20\" class=\"wd-text-block-wrapper wd-wpb wd-rs-5eba656c40b20 color-scheme-custom wd-width-100 text-left vc_custom_1589273971385\">\n\t\t\t\t<div class=\"woodmart-title-container woodmart-text-block reset-last-child font-primary wd-font-weight-600 \">\n\t\t\t\t\t<\/p>\n<h3>Elaborazione della spedizione tramite BOXEXPERT<\/h3>\n<p>\t\t\t\t<\/div>\n\n\t\t\t\t\t\t\t<\/div>\n\t\t[vc_column_text text_larger=&#8221;no&#8221;]BOXEXPERT copre e implementa con cura l&#8217;intero processo di spedizione. I pacchetti di spedizione vengono consegnati in modo affidabile e puntuale a destinazione dal nostro partner logistico UPS.<\/p>\n<p>Inoltre, ci occupiamo dell&#8217;intera organizzazione con l&#8217;agenzia di spedizione per la consegna dei pallet e ci occupiamo di tutte le formalit\u00e0 doganali necessarie, se necessario.[\/vc_column_text][\/vc_column_inner][vc_column_inner width=&#8221;1\/2&#8243;]\t\t\t<div id=\"wd-5eba657b53b3b\" class=\"wd-text-block-wrapper wd-wpb wd-rs-5eba657b53b3b color-scheme-custom wd-width-100 text-left vc_custom_1589273983235\">\n\t\t\t\t<div class=\"woodmart-title-container woodmart-text-block reset-last-child font-primary wd-font-weight-600 \">\n\t\t\t\t\t<\/p>\n<h3>Logistica<\/h3>\n<p>\t\t\t\t<\/div>\n\n\t\t\t\t\t\t\t<\/div>\n\t\t[vc_column_text text_larger=&#8221;no&#8221;]La vostra abitazione viene ulteriormente lavorata o passa nella vostra catena di produzione? O sar\u00e0 consegnato direttamente al vostro cliente? In entrambi i casi BOXEXPERT offre supporto per fornire assistenza logistica. Sia in termini di imballaggio che di consegna, ci sediamo con voi fin dall&#8217;inizio per definire il processo ottimale per voi.[\/vc_column_text][\/vc_column_inner][\/vc_row_inner][vc_row_inner][vc_column_inner width=&#8221;1\/2&#8243;]\t\t\t<div id=\"wd-5eba658fbb1e0\" class=\"wd-text-block-wrapper wd-wpb wd-rs-5eba658fbb1e0 color-scheme-custom wd-width-100 text-left vc_custom_1589274002972\">\n\t\t\t\t<div class=\"woodmart-title-container woodmart-text-block reset-last-child font-primary wd-font-weight-600 \">\n\t\t\t\t\t<\/p>\n<h3>Ordini convenienti nel sistema del negozio<\/h3>\n<p>\t\t\t\t<\/div>\n\n\t\t\t\t\t\t\t<\/div>\n\t\t[vc_column_text text_larger=&#8221;no&#8221;]Il nostro sistema di shop permette di ordinare comodamente con un click in un ambiente completamente automatizzato. Grazie alle opzioni di filtro e ad una struttura pulita delle nostre categorie di prodotti, potete trovare facilmente e rapidamente l&#8217;involucro che fa per voi.<\/p>\n<p>Se avete bisogno di personalizzazione sotto forma di servizi per gli allegati, i nostri collaboratori risponderanno immediatamente alle vostre richieste speciali e, se lo desiderate, vi consiglieranno direttamente in diretta nella chat online.[\/vc_column_text][\/vc_column_inner][vc_column_inner width=&#8221;1\/2&#8243;]\t\t\t<div id=\"wd-5eba659ab56b2\" class=\"wd-text-block-wrapper wd-wpb wd-rs-5eba659ab56b2 color-scheme-custom wd-width-100 text-left vc_custom_1589274013883\">\n\t\t\t\t<div class=\"woodmart-title-container woodmart-text-block reset-last-child font-primary wd-font-weight-600 \">\n\t\t\t\t\t<\/p>\n<h3>Imballaggio<\/h3>\n<p>\t\t\t\t<\/div>\n\n\t\t\t\t\t\t\t<\/div>\n\t\t[vc_column_text text_larger=&#8221;no&#8221;]Se il prodotto deve essere consegnato direttamente al vostro cliente, se lo desiderate, imballiamo le valigie direttamente nelle vostre scatole con la vostra bolla di consegna, in modo che il vostro cliente non si accorga nemmeno che il fornitore era in realt\u00e0 qualcun altro.<\/p>\n<p>Se si lavora ulteriormente l&#8217;involucro nella produzione e si risparmiano risorse, \u00e8 possibile, ad esempio, una consegna in imballaggi per pannelli.[\/vc_column_text][\/vc_column_inner][\/vc_row_inner][vc_row_inner][vc_column_inner width=&#8221;1\/2&#8243;]\t\t\t<div id=\"wd-5eba65ba7b767\" class=\"wd-text-block-wrapper wd-wpb wd-rs-5eba65ba7b767 color-scheme-custom wd-width-100 text-left vc_custom_1589274091570\">\n\t\t\t\t<div class=\"woodmart-title-container woodmart-text-block reset-last-child font-primary wd-font-weight-600 \">\n\t\t\t\t\t<\/p>\n<h3>24\/7 e la spedizione lo stesso giorno<\/h3>\n<p>\t\t\t\t<\/div>\n\n\t\t\t\t\t\t\t<\/div>\n\t\t[vc_column_text text_larger=&#8221;no&#8221;]Spediamo le nostre merci ogni giorno. A seconda del momento dell&#8217;ordine, tutti gli ordini vengono consegnati al nostro partner logistico al pi\u00f9 tardi il giorno lavorativo successivo e dovrebbero essere con voi il giorno lavorativo successivo.<\/p>\n<p>Gli ordini ricevuti tramite il nostro negozio online prima delle 14.00 saranno spediti il giorno stesso, in modo che passino meno di 24 ore dal momento dell&#8217;ordine fino al ricevimento della merce.[\/vc_column_text][\/vc_column_inner][vc_column_inner width=&#8221;1\/2&#8243;]\t\t\t<div id=\"wd-5eba65ee935e4\" class=\"wd-text-block-wrapper wd-wpb wd-rs-5eba65ee935e4 color-scheme-custom wd-width-100 text-left vc_custom_1589274098134\">\n\t\t\t\t<div class=\"woodmart-title-container woodmart-text-block reset-last-child font-primary wd-font-weight-600 \">\n\t\t\t\t\t<\/p>\n<h3>Consegna<\/h3>\n<p>\t\t\t\t<\/div>\n\n\t\t\t\t\t\t\t<\/div>\n\t\t[vc_column_text text_larger=&#8221;no&#8221;]Se avete bisogno della sicurezza di poter sempre ripiegare sul numero di alloggiamenti desiderato, ma non avete la capacit\u00e0 di stoccaggio disponibile, saremo lieti di offrirvi la conclusione di un ordine a tappeto. In questo modo, conserviamo sempre per voi la quantit\u00e0 di alloggiamenti necessari per un certo periodo di tempo, in modo che possiate facilmente richiamarli da noi in lotti. Questo vi d\u00e0 la flessibilit\u00e0 di continuare ad agire con breve preavviso. Anche se le mezze parti come il coperchio dell&#8217;alloggiamento o gli accessori devono essere inviati a diversi indirizzi di consegna, saremo lieti di assistervi nella realizzazione.<\/p>\n<p>Siamo lieti di consigliarvi anche prima del vostro primo ordine, perch\u00e9 vogliamo darvi lo spazio per concentrarvi sul vostro core business.[\/vc_column_text][\/vc_column_inner][\/vc_row_inner][\/vc_column][\/vc_row]<\/p>\n","protected":false},"excerpt":{"rendered":"<p>[vc_row full_width=&#8221;stretch_row_content&#8221; mobile_bg_img_hidden=&#8221;no&#8221; tablet_bg_img_hidden=&#8221;no&#8221; woodmart_parallax=&#8221;0&#8243; woodmart_gradient_switch=&#8221;no&#8221; row_reverse_mobile=&#8221;0&#8243; row_reverse_tablet=&#8221;0&#8243; woodmart_disable_overflow=&#8221;0&#8243; css=&#8221;.vc_custom_1585845066216{margin-top: -40px !important;margin-bottom: 4vh !important;}&#8221;][vc_column][\/vc_column][\/vc_row][vc_row mobile_bg_img_hidden=&#8221;no&#8221; tablet_bg_img_hidden=&#8221;no&#8221; woodmart_parallax=&#8221;0&#8243; woodmart_gradient_switch=&#8221;no&#8221; row_reverse_mobile=&#8221;0&#8243; row_reverse_tablet=&#8221;0&#8243;<\/p>\n","protected":false},"author":1,"featured_media":0,"parent":3828,"menu_order":0,"comment_status":"closed","ping_status":"closed","template":"","meta":[],"yoast_head":"<!-- This site is optimized with the Yoast SEO Premium plugin v18.4 (Yoast SEO v18.8) - https:\/\/yoast.com\/wordpress\/plugins\/seo\/ -->\n<title>Logistica - BOXEXPERT - Soluzioni di custodia professionali per le massime esigenze<\/title>\n<meta name=\"robots\" content=\"index, follow, max-snippet:-1, max-image-preview:large, max-video-preview:-1\" \/>\n<link rel=\"canonical\" href=\"https:\/\/box.lilleshop.de\/it\/azienda\/logistica\/\" \/>\n<meta property=\"og:locale\" content=\"it_IT\" \/>\n<meta property=\"og:type\" content=\"article\" \/>\n<meta property=\"og:title\" content=\"Logistica\" \/>\n<meta property=\"og:description\" content=\"[vc_row full_width=&#8221;stretch_row_content&#8221; mobile_bg_img_hidden=&#8221;no&#8221; tablet_bg_img_hidden=&#8221;no&#8221; woodmart_parallax=&#8221;0&#8243; woodmart_gradient_switch=&#8221;no&#8221; row_reverse_mobile=&#8221;0&#8243; row_reverse_tablet=&#8221;0&#8243; woodmart_disable_overflow=&#8221;0&#8243; css=&#8221;.vc_custom_1585845066216{margin-top: -40px !important;margin-bottom: 4vh !important;}&#8221;][vc_column][\/vc_column][\/vc_row][vc_row mobile_bg_img_hidden=&#8221;no&#8221; tablet_bg_img_hidden=&#8221;no&#8221; woodmart_parallax=&#8221;0&#8243; woodmart_gradient_switch=&#8221;no&#8221; row_reverse_mobile=&#8221;0&#8243; row_reverse_tablet=&#8221;0&#8243;\" \/>\n<meta property=\"og:url\" content=\"https:\/\/box.lilleshop.de\/it\/azienda\/logistica\/\" \/>\n<meta property=\"og:site_name\" content=\"BOXEXPERT - Soluzioni di custodia professionali per le massime esigenze\" \/>\n<meta property=\"article:modified_time\" content=\"2020-06-23T12:43:29+00:00\" \/>\n<meta name=\"twitter:card\" content=\"summary_large_image\" \/>\n<meta name=\"twitter:label1\" content=\"Est. reading time\" \/>\n\t<meta name=\"twitter:data1\" content=\"8 minutes\" \/>\n<script type=\"application\/ld+json\" class=\"yoast-schema-graph\">{\"@context\":\"https:\/\/schema.org\",\"@graph\":[{\"@type\":\"WebSite\",\"@id\":\"https:\/\/box.lilleshop.de\/#website\",\"url\":\"https:\/\/box.lilleshop.de\/\",\"name\":\"BOXEXPERT - Professionelle Geh\u00e4usel\u00f6sungen f\u00fcr h\u00f6chste Anspr\u00fcche\",\"description\":\"Alloggiamenti industriali, quadri elettrici, alloggiamenti per l'installazione, scatole portafusibili e scatole di distribuzione\",\"potentialAction\":[{\"@type\":\"SearchAction\",\"target\":{\"@type\":\"EntryPoint\",\"urlTemplate\":\"https:\/\/box.lilleshop.de\/?s={search_term_string}\"},\"query-input\":\"required name=search_term_string\"}],\"inLanguage\":\"it-IT\"},{\"@type\":\"WebPage\",\"@id\":\"https:\/\/box.lilleshop.de\/it\/azienda\/logistica\/#webpage\",\"url\":\"https:\/\/box.lilleshop.de\/it\/azienda\/logistica\/\",\"name\":\"Logistica - BOXEXPERT - Soluzioni di custodia professionali per le massime esigenze\",\"isPartOf\":{\"@id\":\"https:\/\/box.lilleshop.de\/#website\"},\"datePublished\":\"2020-02-11T07:45:20+00:00\",\"dateModified\":\"2020-06-23T12:43:29+00:00\",\"breadcrumb\":{\"@id\":\"https:\/\/box.lilleshop.de\/it\/azienda\/logistica\/#breadcrumb\"},\"inLanguage\":\"it-IT\",\"potentialAction\":[{\"@type\":\"ReadAction\",\"target\":[\"https:\/\/box.lilleshop.de\/it\/azienda\/logistica\/\"]}]},{\"@type\":\"BreadcrumbList\",\"@id\":\"https:\/\/box.lilleshop.de\/it\/azienda\/logistica\/#breadcrumb\",\"itemListElement\":[{\"@type\":\"ListItem\",\"position\":1,\"name\":\"Startseite\",\"item\":\"https:\/\/box.lilleshop.de\/it\/home-base\/\"},{\"@type\":\"ListItem\",\"position\":2,\"name\":\"Azienda\",\"item\":\"https:\/\/box.lilleshop.de\/it\/azienda\/\"},{\"@type\":\"ListItem\",\"position\":3,\"name\":\"Logistica\"}]}]}<\/script>\n<!-- \/ Yoast SEO Premium plugin. -->","yoast_head_json":{"title":"Logistica - BOXEXPERT - Soluzioni di custodia professionali per le massime esigenze","robots":{"index":"index","follow":"follow","max-snippet":"max-snippet:-1","max-image-preview":"max-image-preview:large","max-video-preview":"max-video-preview:-1"},"canonical":"https:\/\/box.lilleshop.de\/it\/azienda\/logistica\/","og_locale":"it_IT","og_type":"article","og_title":"Logistica","og_description":"[vc_row full_width=&#8221;stretch_row_content&#8221; mobile_bg_img_hidden=&#8221;no&#8221; tablet_bg_img_hidden=&#8221;no&#8221; woodmart_parallax=&#8221;0&#8243; woodmart_gradient_switch=&#8221;no&#8221; row_reverse_mobile=&#8221;0&#8243; row_reverse_tablet=&#8221;0&#8243; woodmart_disable_overflow=&#8221;0&#8243; css=&#8221;.vc_custom_1585845066216{margin-top: -40px !important;margin-bottom: 4vh !important;}&#8221;][vc_column][\/vc_column][\/vc_row][vc_row mobile_bg_img_hidden=&#8221;no&#8221; tablet_bg_img_hidden=&#8221;no&#8221; woodmart_parallax=&#8221;0&#8243; woodmart_gradient_switch=&#8221;no&#8221; row_reverse_mobile=&#8221;0&#8243; row_reverse_tablet=&#8221;0&#8243;","og_url":"https:\/\/box.lilleshop.de\/it\/azienda\/logistica\/","og_site_name":"BOXEXPERT - Soluzioni di custodia professionali per le massime esigenze","article_modified_time":"2020-06-23T12:43:29+00:00","twitter_card":"summary_large_image","twitter_misc":{"Est. reading time":"8 minutes"},"schema":{"@context":"https:\/\/schema.org","@graph":[{"@type":"WebSite","@id":"https:\/\/box.lilleshop.de\/#website","url":"https:\/\/box.lilleshop.de\/","name":"BOXEXPERT - Professionelle Geh\u00e4usel\u00f6sungen f\u00fcr h\u00f6chste Anspr\u00fcche","description":"Alloggiamenti industriali, quadri elettrici, alloggiamenti per l'installazione, scatole portafusibili e scatole di distribuzione","potentialAction":[{"@type":"SearchAction","target":{"@type":"EntryPoint","urlTemplate":"https:\/\/box.lilleshop.de\/?s={search_term_string}"},"query-input":"required name=search_term_string"}],"inLanguage":"it-IT"},{"@type":"WebPage","@id":"https:\/\/box.lilleshop.de\/it\/azienda\/logistica\/#webpage","url":"https:\/\/box.lilleshop.de\/it\/azienda\/logistica\/","name":"Logistica - BOXEXPERT - Soluzioni di custodia professionali per le massime esigenze","isPartOf":{"@id":"https:\/\/box.lilleshop.de\/#website"},"datePublished":"2020-02-11T07:45:20+00:00","dateModified":"2020-06-23T12:43:29+00:00","breadcrumb":{"@id":"https:\/\/box.lilleshop.de\/it\/azienda\/logistica\/#breadcrumb"},"inLanguage":"it-IT","potentialAction":[{"@type":"ReadAction","target":["https:\/\/box.lilleshop.de\/it\/azienda\/logistica\/"]}]},{"@type":"BreadcrumbList","@id":"https:\/\/box.lilleshop.de\/it\/azienda\/logistica\/#breadcrumb","itemListElement":[{"@type":"ListItem","position":1,"name":"Startseite","item":"https:\/\/box.lilleshop.de\/it\/home-base\/"},{"@type":"ListItem","position":2,"name":"Azienda","item":"https:\/\/box.lilleshop.de\/it\/azienda\/"},{"@type":"ListItem","position":3,"name":"Logistica"}]}]}},"_links":{"self":[{"href":"https:\/\/box.lilleshop.de\/it\/wp-json\/wp\/v2\/pages\/4637"}],"collection":[{"href":"https:\/\/box.lilleshop.de\/it\/wp-json\/wp\/v2\/pages"}],"about":[{"href":"https:\/\/box.lilleshop.de\/it\/wp-json\/wp\/v2\/types\/page"}],"author":[{"embeddable":true,"href":"https:\/\/box.lilleshop.de\/it\/wp-json\/wp\/v2\/users\/1"}],"replies":[{"embeddable":true,"href":"https:\/\/box.lilleshop.de\/it\/wp-json\/wp\/v2\/comments?post=4637"}],"version-history":[{"count":4,"href":"https:\/\/box.lilleshop.de\/it\/wp-json\/wp\/v2\/pages\/4637\/revisions"}],"predecessor-version":[{"id":11004,"href":"https:\/\/box.lilleshop.de\/it\/wp-json\/wp\/v2\/pages\/4637\/revisions\/11004"}],"up":[{"embeddable":true,"href":"https:\/\/box.lilleshop.de\/it\/wp-json\/wp\/v2\/pages\/3828"}],"wp:attachment":[{"href":"https:\/\/box.lilleshop.de\/it\/wp-json\/wp\/v2\/media?parent=4637"}],"curies":[{"name":"wp","href":"https:\/\/api.w.org\/{rel}","templated":true}]}}