{"id":4537,"date":"2020-02-11T07:45:02","date_gmt":"2020-02-11T07:45:02","guid":{"rendered":"https:\/\/boxexpert.de\/azienda\/qualitaet\/"},"modified":"2020-06-23T12:43:17","modified_gmt":"2020-06-23T12:43:17","slug":"qualita","status":"publish","type":"page","link":"https:\/\/box.lilleshop.de\/it\/azienda\/qualita\/","title":{"rendered":"Qualit\u00e0"},"content":{"rendered":"<p>[vc_row full_width=&#8221;stretch_row_content&#8221; mobile_bg_img_hidden=&#8221;no&#8221; tablet_bg_img_hidden=&#8221;no&#8221; woodmart_parallax=&#8221;0&#8243; woodmart_gradient_switch=&#8221;no&#8221; row_reverse_mobile=&#8221;0&#8243; row_reverse_tablet=&#8221;0&#8243; woodmart_disable_overflow=&#8221;0&#8243; css=&#8221;.vc_custom_1585845378745{margin-top: -40px !important;margin-bottom: 4vh !important;}&#8221;][vc_column]\n\t\t\t<!-- START qualit\u00e4t REVOLUTION SLIDER 6.5.21 --><p class=\"rs-p-wp-fix\"><\/p>\n\t\t\t<rs-module-wrap id=\"rev_slider_18_1_wrapper\" data-source=\"gallery\" style=\"visibility:hidden;background:transparent;padding:0;margin:0px auto;margin-top:0;margin-bottom:0;\">\n\t\t\t\t<rs-module id=\"rev_slider_18_1\" style=\"\" data-version=\"6.5.21\">\n\t\t\t\t\t<rs-slides>\n\t\t\t\t\t\t<rs-slide style=\"position: absolute;\" data-key=\"rs-203\" data-title=\"Slide\" data-anim=\"ms:1000;r:0;\" data-in=\"o:0;\" data-out=\"a:false;\">\n\t\t\t\t\t\t\t<img src=\"\/\/box.lilleshop.de\/wp-content\/plugins\/revslider\/public\/assets\/assets\/dummy.png\" alt=\"Die Qualit\u00e4t unserer Geh\u00e4use ist uns sehr wichtig, QUALIT\u00c4T schreiben wir gro\u00df!\" title=\"qualita\u0308t3\" width=\"1600\" height=\"600\" class=\"rev-slidebg tp-rs-img rs-lazyload\" data-lazyload=\"\/\/box.lilleshop.de\/wp-content\/uploads\/2020\/03\/qualita\u0308t3.jpg\" data-no-retina>\n<!--\n\t\t\t\t\t\t\t--><rs-layer\n\t\t\t\t\t\t\t\tid=\"slider-18-slide-203-layer-0\" \n\t\t\t\t\t\t\t\tdata-type=\"shape\"\n\t\t\t\t\t\t\t\tdata-rsp_ch=\"on\"\n\t\t\t\t\t\t\t\tdata-xy=\"x:428px;y:340px;\"\n\t\t\t\t\t\t\t\tdata-text=\"w:normal;\"\n\t\t\t\t\t\t\t\tdata-dim=\"w:590px;h:127px;\"\n\t\t\t\t\t\t\t\tdata-spike=\"r:top;\"\n\t\t\t\t\t\t\t\tdata-frame_0=\"x:left;\"\n\t\t\t\t\t\t\t\tdata-frame_1=\"st:400;sp:1000;\"\n\t\t\t\t\t\t\t\tdata-frame_999=\"o:0;st:w;\"\n\t\t\t\t\t\t\t\tstyle=\"z-index:5;background-color:rgba(54,132,187,0.95);\"\n\t\t\t\t\t\t\t> \n\t\t\t\t\t\t\t<\/rs-layer><!--\n\n\t\t\t\t\t\t\t--><rs-layer\n\t\t\t\t\t\t\t\tid=\"slider-18-slide-203-layer-1\" \n\t\t\t\t\t\t\t\tdata-type=\"text\"\n\t\t\t\t\t\t\t\tdata-color=\"#ffffff\"\n\t\t\t\t\t\t\t\tdata-rsp_ch=\"on\"\n\t\t\t\t\t\t\t\tdata-xy=\"x:454px;y:367px;\"\n\t\t\t\t\t\t\t\tdata-text=\"w:normal;s:27;l:34;fw:600;\"\n\t\t\t\t\t\t\t\tdata-frame_0=\"x:left;\"\n\t\t\t\t\t\t\t\tdata-frame_1=\"st:400;sp:1000;\"\n\t\t\t\t\t\t\t\tdata-frame_999=\"o:0;st:w;\"\n\t\t\t\t\t\t\t\tstyle=\"z-index:6;font-family:'Poppins';\"\n\t\t\t\t\t\t\t>TECNOLOGIA ESCLUSIVA PER L'EDILIZIA <br \/>\nABITATIVA PER LE ESIGENZE PI\u00d9 ELEVATE \n\t\t\t\t\t\t\t<\/rs-layer><!--\n-->\t\t\t\t\t\t<\/rs-slide>\n\t\t\t\t\t<\/rs-slides>\n\t\t\t\t<\/rs-module>\n\t\t\t\t<script>\n\t\t\t\t\tsetREVStartSize({c: 'rev_slider_18_1',rl:[1240,1024,778,480],el:[500],gw:[1240],gh:[500],type:'standard',justify:'',layout:'fullwidth',mh:\"0\"});if (window.RS_MODULES!==undefined && window.RS_MODULES.modules!==undefined && window.RS_MODULES.modules[\"revslider181\"]!==undefined) {window.RS_MODULES.modules[\"revslider181\"].once = false;window.revapi18 = undefined;if (window.RS_MODULES.checkMinimal!==undefined) window.RS_MODULES.checkMinimal()}\n\t\t\t\t<\/script>\n\t\t\t<\/rs-module-wrap>\n\t\t\t<!-- END REVOLUTION SLIDER -->\n[\/vc_column][\/vc_row][vc_row mobile_bg_img_hidden=&#8221;no&#8221; tablet_bg_img_hidden=&#8221;no&#8221; woodmart_parallax=&#8221;0&#8243; woodmart_gradient_switch=&#8221;no&#8221; row_reverse_mobile=&#8221;0&#8243; row_reverse_tablet=&#8221;0&#8243; woodmart_disable_overflow=&#8221;0&#8243;][vc_column]\n\t\t<div id=\"wd-5eba401579b9f\" class=\"title-wrapper wd-wpb set-mb-s reset-last-child  wd-rs-5eba401579b9f wd-title-color-primary wd-title-style-underlined wd-width-100 text-left vc_custom_1589264415014 wd-underline-colored\">\n\t\t\t\n\t\t\t<div class=\"liner-continer\">\n\t\t\t\t<h1 class=\"woodmart-title-container title  wd-font-weight- wd-fontsize-xxl\" ><strong>LA QUALIT\u00c0 COME FATTORE DI SUCCESSO<\/strong><\/h1>\n\t\t\t\t\t\t\t<\/div>\n\t\t\t\n\t\t\t\n\t\t\t\n\t\t<\/div>\n\t\t\n\t\t[\/vc_column][\/vc_row][vc_row full_width=&#8221;stretch_row&#8221; content_placement=&#8221;top&#8221; css=&#8221;.vc_custom_1586167721245{margin-bottom: 2vh !important;}&#8221; mobile_bg_img_hidden=&#8221;no&#8221; tablet_bg_img_hidden=&#8221;no&#8221; woodmart_parallax=&#8221;0&#8243; woodmart_gradient_switch=&#8221;no&#8221; row_reverse_mobile=&#8221;0&#8243; row_reverse_tablet=&#8221;0&#8243; woodmart_disable_overflow=&#8221;0&#8243;][vc_column width=&#8221;1\/3&#8243; css=&#8221;.vc_custom_1490276860346{margin-bottom: 20px !important;padding-top: 0px !important;}&#8221;]\t\t<div id=\"gallery_406\" class=\"wd-images-gallery wd-justify-center wd-items-middle view-grid\" >\n\t\t\t<div class=\"gallery-images row wd-spacing-0\">\n\t\t\t\t\t\t\t\t\t\t\t\t\t\t\t<div class=\"wd-gallery-item col-lg-12 col-md-12 col-sm-12 col-12\">\n\t\t\t\t\t\t\t\n\t\t\t\t\t\t\t\t\t\t\t\t\t\t\t\t\t<img class=\"wd-gallery-image image-1 \" src=\"https:\/\/box.lilleshop.de\/wp-content\/uploads\/2020\/03\/qualitaet-boxexpert2.jpg\" width=\"600\" height=\"400\" alt=\"Male Engineer Quality Controlling Components In Factory\" title=\"Male Engineer Quality Controlling Components In Factory\" \/>\t\t\t\t\t\t\t\t\n\n\t\t\t\t\t\t\t\t\t\t\t\t\t\t<\/div>\n\t\t\t\t\t\t\t\t\t\t\t\t<\/div>\n\t\t<\/div>\n\t\t\t\t[\/vc_column][vc_column width=&#8221;1\/3&#8243; css=&#8221;.vc_custom_1536077344327{margin-bottom: 20px !important;padding-top: 0px !important;}&#8221;]\n\t\t<div id=\"wd-5eba40ca24df1\" class=\"title-wrapper wd-wpb set-mb-s reset-last-child  wd-rs-5eba40ca24df1 wd-title-color-primary wd-title-style-underlined wd-width-100 text-left vc_custom_1589264591776 wd-underline-colored\">\n\t\t\t\n\t\t\t<div class=\"liner-continer\">\n\t\t\t\t<h2 class=\"woodmart-title-container title  wd-font-weight- wd-fontsize-l\" >LA NOSTRA AMBIZIONE \u00c8 LA VOSTRA SODDISFAZIONE<\/h2>\n\t\t\t\t\t\t\t<\/div>\n\t\t\t\n\t\t\t\n\t\t\t\n\t\t<\/div>\n\t\t\n\t\t[vc_column_text css=&#8221;.vc_custom_1589264714207{margin-bottom: 20px !important;}&#8221; text_larger=&#8221;no&#8221;]BOXEXPERT \u00e8 sinonimo dei pi\u00f9 alti standard della tecnologia degli involucri e dei pi\u00f9 alti requisiti di qualit\u00e0. Tutti i dipendenti affrontano quotidianamente queste esigenze e le mettono in pratica con impegno totale. Perch\u00e9 nell&#8217;interazione da persona a persona c&#8217;\u00e8 pi\u00f9 importante della tecnologia fornita. Ci\u00f2 che conta \u00e8 la soddisfazione che ne deriva. E questa \u00e8 la nostra motivazione. Ogni giorno di nuovo.[\/vc_column_text][\/vc_column][vc_column width=&#8221;1\/3&#8243; css=&#8221;.vc_custom_1536077348538{margin-bottom: 20px !important;padding-top: 0px !important;}&#8221;][vc_column_text css=&#8221;.vc_custom_1589264876277{margin-bottom: 28px !important;}&#8221; text_larger=&#8221;no&#8221;]Uno standard importante per noi: la certificazione secondo DIN EN ISO9001, che BOXEXPERT detiene da molti anni e che viene controllata annualmente dal T\u00dcV. \u00c8 una condizione essenziale per mostrare ai nostri clienti un sistema di gestione certificato con flussi di processo ottimizzati: Ci si pu\u00f2 fidare di noi in modo decisivo.[\/vc_column_text][vc_column_text css=&#8221;.vc_custom_1589264882502{margin-bottom: 20px !important;}&#8221; text_larger=&#8221;no&#8221;]Inoltre, abbiamo le dichiarazioni di conformit\u00e0 CE per tutti i prodotti, che sono la base per la commercializzazione nello Spazio Economico Europeo. Analogamente, sono disponibili ulteriori certificati per il mercato americano e canadese (UL e CSA) per molti gruppi di prodotti.[\/vc_column_text][\/vc_column][\/vc_row][vc_row full_width=&#8221;stretch_row&#8221; css=&#8221;.vc_custom_1581684138262{padding-top: 30px !important;background-color: #f9f9f9 !important;}&#8221; mobile_bg_img_hidden=&#8221;no&#8221; tablet_bg_img_hidden=&#8221;no&#8221; woodmart_parallax=&#8221;0&#8243; woodmart_gradient_switch=&#8221;no&#8221; row_reverse_mobile=&#8221;0&#8243; row_reverse_tablet=&#8221;0&#8243; woodmart_disable_overflow=&#8221;0&#8243;][vc_column css=&#8221;.vc_custom_1484657273903{padding-top: 0px !important;}&#8221;]\n\t\t<div id=\"wd-5e861b50041df\" class=\"title-wrapper wd-wpb set-mb-s reset-last-child  wd-rs-5e861b50041df wd-title-color-primary wd-title-style-underlined wd-width-100 text-left vc_custom_1585847126465 wd-underline-colored\">\n\t\t\t\n\t\t\t<div class=\"liner-continer\">\n\t\t\t\t<h3 class=\"woodmart-title-container title  wd-font-weight- wd-fontsize-l\" >KEY FACTS<\/h3>\n\t\t\t\t\t\t\t<\/div>\n\t\t\t\n\t\t\t\n\t\t\t\n\t\t<\/div>\n\t\t\n\t\t[vc_row_inner][vc_column_inner width=&#8221;1\/2&#8243;]\t\t\t<div id=\"wd-5eba43c735451\" class=\"wd-text-block-wrapper wd-wpb wd-rs-5eba43c735451 color-scheme-custom wd-width-100 text-left vc_custom_1589265358550\">\n\t\t\t\t<div class=\"woodmart-title-container woodmart-text-block reset-last-child font-primary wd-font-weight-600 \">\n\t\t\t\t\t<\/p>\n<h3>Affidabilit\u00e0<\/h3>\n<p>\t\t\t\t<\/div>\n\n\t\t\t\t\t\t\t<\/div>\n\t\t[vc_column_text text_larger=&#8221;no&#8221;]BOXEXPERT vuole soddisfare le esigenze pi\u00f9 elevate dei suoi clienti. Collaboratori qualificati e dettagliati offrono una consulenza affidabile e competente su tutte le domande con una persona di contatto personale per voi come cliente.<\/p>\n<p>Vi garantiamo un servizio affidabile a partire dalla consulenza, dall&#8217;offerta e dall&#8217;effettuazione dell&#8217;ordine, fino ad un&#8217;assistenza post-vendita dettagliata. BOXEXPERT \u00e8 sempre a vostra disposizione.[\/vc_column_text]\t\t\t<div id=\"wd-5eba43d6b3852\" class=\"wd-text-block-wrapper wd-wpb wd-rs-5eba43d6b3852 color-scheme-custom wd-width-100 text-left vc_custom_1589265370137\">\n\t\t\t\t<div class=\"woodmart-title-container woodmart-text-block reset-last-child font-primary wd-font-weight-600 \">\n\t\t\t\t\t<\/p>\n<h3>Soluzioni rapide<\/h3>\n<p>\t\t\t\t<\/div>\n\n\t\t\t\t\t\t\t<\/div>\n\t\t[vc_column_text text_larger=&#8221;no&#8221;]Avete fretta e avete bisogno di una rapida realizzazione del vostro progetto? BOXEXPERT prepara per voi offerte individuali con breve preavviso e vi aiuta a realizzare rapidamente progetti urgenti. Il vostro referente vi dar\u00e0 una consulenza preferenziale e vi invier\u00e0 immediatamente un&#8217;offerta individuale.<\/p>\n<p>L&#8217;obiettivo di BOXEXPERT \u00e8 quello di completare un ordine urgente per la vostra completa soddisfazione. I nostri collaboratori sono a vostra disposizione con parole e fatti e attendono con ansia la vostra richiesta.[\/vc_column_text]\t\t\t<div id=\"wd-5eba43e139cb6\" class=\"wd-text-block-wrapper wd-wpb wd-rs-5eba43e139cb6 color-scheme-custom wd-width-100 text-left vc_custom_1589265381215\">\n\t\t\t\t<div class=\"woodmart-title-container woodmart-text-block reset-last-child font-primary wd-font-weight-600 \">\n\t\t\t\t\t<\/p>\n<h3>Flessibilit\u00e0<\/h3>\n<p>\t\t\t\t<\/div>\n\n\t\t\t\t\t\t\t<\/div>\n\t\t[vc_column_text text_larger=&#8221;no&#8221;]Siamo consapevoli delle elevate esigenze dei nostri clienti e ci posizioniamo in modo flessibile e in linea con le loro esigenze per soddisfare tutti i requisiti. Forniamo soluzioni flessibili per tutti i settori di applicazione e sviluppiamo costantemente i nostri prodotti.<\/p>\n<p>Il rapido sviluppo della tecnologia e le sempre maggiori esigenze della tecnologia industriale e degli involucri sono sfide che siamo felici di affrontare. L&#8217;affinit\u00e0 di trovare soluzioni per nuovi segmenti ed esigenze \u00e8 nel nostro sangue.[\/vc_column_text][\/vc_column_inner][vc_column_inner width=&#8221;1\/2&#8243;][vc_single_image image=&#8221;1146&#8243; img_size=&#8221;full&#8221; alignment=&#8221;center&#8221; parallax_scroll=&#8221;no&#8221;][\/vc_column_inner][\/vc_row_inner][vc_row_inner][vc_column_inner width=&#8221;1\/2&#8243;][\/vc_column_inner][vc_column_inner width=&#8221;1\/2&#8243;][\/vc_column_inner][\/vc_row_inner][vc_row_inner][vc_column_inner width=&#8221;1\/2&#8243; css=&#8221;.vc_custom_1585141011403{margin-top: -100px !important;}&#8221;][\/vc_column_inner][vc_column_inner width=&#8221;1\/2&#8243;][\/vc_column_inner][\/vc_row_inner][\/vc_column][\/vc_row]<\/p>\n","protected":false},"excerpt":{"rendered":"<p>[vc_row full_width=&#8221;stretch_row_content&#8221; mobile_bg_img_hidden=&#8221;no&#8221; tablet_bg_img_hidden=&#8221;no&#8221; woodmart_parallax=&#8221;0&#8243; woodmart_gradient_switch=&#8221;no&#8221; row_reverse_mobile=&#8221;0&#8243; row_reverse_tablet=&#8221;0&#8243; woodmart_disable_overflow=&#8221;0&#8243; css=&#8221;.vc_custom_1585845378745{margin-top: -40px !important;margin-bottom: 4vh !important;}&#8221;][vc_column][\/vc_column][\/vc_row][vc_row mobile_bg_img_hidden=&#8221;no&#8221; tablet_bg_img_hidden=&#8221;no&#8221; woodmart_parallax=&#8221;0&#8243; woodmart_gradient_switch=&#8221;no&#8221; row_reverse_mobile=&#8221;0&#8243; row_reverse_tablet=&#8221;0&#8243;<\/p>\n","protected":false},"author":1,"featured_media":0,"parent":3828,"menu_order":0,"comment_status":"closed","ping_status":"closed","template":"","meta":[],"yoast_head":"<!-- This site is optimized with the Yoast SEO Premium plugin v18.4 (Yoast SEO v18.8) - https:\/\/yoast.com\/wordpress\/plugins\/seo\/ -->\n<title>Qualit\u00e0 - BOXEXPERT - Soluzioni di custodia professionali per le massime esigenze<\/title>\n<meta name=\"robots\" content=\"index, follow, max-snippet:-1, max-image-preview:large, max-video-preview:-1\" \/>\n<link rel=\"canonical\" href=\"https:\/\/box.lilleshop.de\/it\/azienda\/qualita\/\" \/>\n<meta property=\"og:locale\" content=\"it_IT\" \/>\n<meta property=\"og:type\" content=\"article\" \/>\n<meta property=\"og:title\" content=\"Qualit\u00e0\" \/>\n<meta property=\"og:description\" content=\"[vc_row full_width=&#8221;stretch_row_content&#8221; mobile_bg_img_hidden=&#8221;no&#8221; tablet_bg_img_hidden=&#8221;no&#8221; woodmart_parallax=&#8221;0&#8243; woodmart_gradient_switch=&#8221;no&#8221; row_reverse_mobile=&#8221;0&#8243; row_reverse_tablet=&#8221;0&#8243; woodmart_disable_overflow=&#8221;0&#8243; css=&#8221;.vc_custom_1585845378745{margin-top: -40px !important;margin-bottom: 4vh !important;}&#8221;][vc_column][\/vc_column][\/vc_row][vc_row mobile_bg_img_hidden=&#8221;no&#8221; tablet_bg_img_hidden=&#8221;no&#8221; woodmart_parallax=&#8221;0&#8243; woodmart_gradient_switch=&#8221;no&#8221; row_reverse_mobile=&#8221;0&#8243; row_reverse_tablet=&#8221;0&#8243;\" \/>\n<meta property=\"og:url\" content=\"https:\/\/box.lilleshop.de\/it\/azienda\/qualita\/\" \/>\n<meta property=\"og:site_name\" content=\"BOXEXPERT - Soluzioni di custodia professionali per le massime esigenze\" \/>\n<meta property=\"article:modified_time\" content=\"2020-06-23T12:43:17+00:00\" \/>\n<meta name=\"twitter:card\" content=\"summary_large_image\" \/>\n<meta name=\"twitter:label1\" content=\"Est. reading time\" \/>\n\t<meta name=\"twitter:data1\" content=\"6 minutes\" \/>\n<script type=\"application\/ld+json\" class=\"yoast-schema-graph\">{\"@context\":\"https:\/\/schema.org\",\"@graph\":[{\"@type\":\"WebSite\",\"@id\":\"https:\/\/box.lilleshop.de\/#website\",\"url\":\"https:\/\/box.lilleshop.de\/\",\"name\":\"BOXEXPERT - Professionelle Geh\u00e4usel\u00f6sungen f\u00fcr h\u00f6chste Anspr\u00fcche\",\"description\":\"Alloggiamenti industriali, quadri elettrici, alloggiamenti per l'installazione, scatole portafusibili e scatole di distribuzione\",\"potentialAction\":[{\"@type\":\"SearchAction\",\"target\":{\"@type\":\"EntryPoint\",\"urlTemplate\":\"https:\/\/box.lilleshop.de\/?s={search_term_string}\"},\"query-input\":\"required name=search_term_string\"}],\"inLanguage\":\"it-IT\"},{\"@type\":\"WebPage\",\"@id\":\"https:\/\/box.lilleshop.de\/it\/azienda\/qualita\/#webpage\",\"url\":\"https:\/\/box.lilleshop.de\/it\/azienda\/qualita\/\",\"name\":\"Qualit\u00e0 - BOXEXPERT - Soluzioni di custodia professionali per le massime esigenze\",\"isPartOf\":{\"@id\":\"https:\/\/box.lilleshop.de\/#website\"},\"datePublished\":\"2020-02-11T07:45:02+00:00\",\"dateModified\":\"2020-06-23T12:43:17+00:00\",\"breadcrumb\":{\"@id\":\"https:\/\/box.lilleshop.de\/it\/azienda\/qualita\/#breadcrumb\"},\"inLanguage\":\"it-IT\",\"potentialAction\":[{\"@type\":\"ReadAction\",\"target\":[\"https:\/\/box.lilleshop.de\/it\/azienda\/qualita\/\"]}]},{\"@type\":\"BreadcrumbList\",\"@id\":\"https:\/\/box.lilleshop.de\/it\/azienda\/qualita\/#breadcrumb\",\"itemListElement\":[{\"@type\":\"ListItem\",\"position\":1,\"name\":\"Startseite\",\"item\":\"https:\/\/box.lilleshop.de\/it\/home-base\/\"},{\"@type\":\"ListItem\",\"position\":2,\"name\":\"Azienda\",\"item\":\"https:\/\/box.lilleshop.de\/it\/azienda\/\"},{\"@type\":\"ListItem\",\"position\":3,\"name\":\"Qualit\u00e0\"}]}]}<\/script>\n<!-- \/ Yoast SEO Premium plugin. -->","yoast_head_json":{"title":"Qualit\u00e0 - BOXEXPERT - Soluzioni di custodia professionali per le massime esigenze","robots":{"index":"index","follow":"follow","max-snippet":"max-snippet:-1","max-image-preview":"max-image-preview:large","max-video-preview":"max-video-preview:-1"},"canonical":"https:\/\/box.lilleshop.de\/it\/azienda\/qualita\/","og_locale":"it_IT","og_type":"article","og_title":"Qualit\u00e0","og_description":"[vc_row full_width=&#8221;stretch_row_content&#8221; mobile_bg_img_hidden=&#8221;no&#8221; tablet_bg_img_hidden=&#8221;no&#8221; woodmart_parallax=&#8221;0&#8243; woodmart_gradient_switch=&#8221;no&#8221; row_reverse_mobile=&#8221;0&#8243; row_reverse_tablet=&#8221;0&#8243; woodmart_disable_overflow=&#8221;0&#8243; css=&#8221;.vc_custom_1585845378745{margin-top: -40px !important;margin-bottom: 4vh !important;}&#8221;][vc_column][\/vc_column][\/vc_row][vc_row mobile_bg_img_hidden=&#8221;no&#8221; tablet_bg_img_hidden=&#8221;no&#8221; woodmart_parallax=&#8221;0&#8243; woodmart_gradient_switch=&#8221;no&#8221; row_reverse_mobile=&#8221;0&#8243; row_reverse_tablet=&#8221;0&#8243;","og_url":"https:\/\/box.lilleshop.de\/it\/azienda\/qualita\/","og_site_name":"BOXEXPERT - Soluzioni di custodia professionali per le massime esigenze","article_modified_time":"2020-06-23T12:43:17+00:00","twitter_card":"summary_large_image","twitter_misc":{"Est. reading time":"6 minutes"},"schema":{"@context":"https:\/\/schema.org","@graph":[{"@type":"WebSite","@id":"https:\/\/box.lilleshop.de\/#website","url":"https:\/\/box.lilleshop.de\/","name":"BOXEXPERT - Professionelle Geh\u00e4usel\u00f6sungen f\u00fcr h\u00f6chste Anspr\u00fcche","description":"Alloggiamenti industriali, quadri elettrici, alloggiamenti per l'installazione, scatole portafusibili e scatole di distribuzione","potentialAction":[{"@type":"SearchAction","target":{"@type":"EntryPoint","urlTemplate":"https:\/\/box.lilleshop.de\/?s={search_term_string}"},"query-input":"required name=search_term_string"}],"inLanguage":"it-IT"},{"@type":"WebPage","@id":"https:\/\/box.lilleshop.de\/it\/azienda\/qualita\/#webpage","url":"https:\/\/box.lilleshop.de\/it\/azienda\/qualita\/","name":"Qualit\u00e0 - BOXEXPERT - Soluzioni di custodia professionali per le massime esigenze","isPartOf":{"@id":"https:\/\/box.lilleshop.de\/#website"},"datePublished":"2020-02-11T07:45:02+00:00","dateModified":"2020-06-23T12:43:17+00:00","breadcrumb":{"@id":"https:\/\/box.lilleshop.de\/it\/azienda\/qualita\/#breadcrumb"},"inLanguage":"it-IT","potentialAction":[{"@type":"ReadAction","target":["https:\/\/box.lilleshop.de\/it\/azienda\/qualita\/"]}]},{"@type":"BreadcrumbList","@id":"https:\/\/box.lilleshop.de\/it\/azienda\/qualita\/#breadcrumb","itemListElement":[{"@type":"ListItem","position":1,"name":"Startseite","item":"https:\/\/box.lilleshop.de\/it\/home-base\/"},{"@type":"ListItem","position":2,"name":"Azienda","item":"https:\/\/box.lilleshop.de\/it\/azienda\/"},{"@type":"ListItem","position":3,"name":"Qualit\u00e0"}]}]}},"_links":{"self":[{"href":"https:\/\/box.lilleshop.de\/it\/wp-json\/wp\/v2\/pages\/4537"}],"collection":[{"href":"https:\/\/box.lilleshop.de\/it\/wp-json\/wp\/v2\/pages"}],"about":[{"href":"https:\/\/box.lilleshop.de\/it\/wp-json\/wp\/v2\/types\/page"}],"author":[{"embeddable":true,"href":"https:\/\/box.lilleshop.de\/it\/wp-json\/wp\/v2\/users\/1"}],"replies":[{"embeddable":true,"href":"https:\/\/box.lilleshop.de\/it\/wp-json\/wp\/v2\/comments?post=4537"}],"version-history":[{"count":5,"href":"https:\/\/box.lilleshop.de\/it\/wp-json\/wp\/v2\/pages\/4537\/revisions"}],"predecessor-version":[{"id":11003,"href":"https:\/\/box.lilleshop.de\/it\/wp-json\/wp\/v2\/pages\/4537\/revisions\/11003"}],"up":[{"embeddable":true,"href":"https:\/\/box.lilleshop.de\/it\/wp-json\/wp\/v2\/pages\/3828"}],"wp:attachment":[{"href":"https:\/\/box.lilleshop.de\/it\/wp-json\/wp\/v2\/media?parent=4537"}],"curies":[{"name":"wp","href":"https:\/\/api.w.org\/{rel}","templated":true}]}}