{"id":11191,"date":"2022-04-08T05:51:02","date_gmt":"2022-04-08T05:51:02","guid":{"rendered":"https:\/\/boxexpert.de\/?page_id=11191"},"modified":"2022-04-08T05:51:02","modified_gmt":"2022-04-08T05:51:02","slug":"rohs-reach","status":"publish","type":"page","link":"https:\/\/box.lilleshop.de\/it\/faqs\/rohs-reach\/","title":{"rendered":"RoHS \/ REACH"},"content":{"rendered":"<p>[vc_row][vc_column]\n\t\t<div id=\"wd-5ef48dc44a4d0\" class=\"title-wrapper wd-wpb set-mb-s reset-last-child  wd-rs-5ef48dc44a4d0 wd-title-color-primary wd-title-style-underlined wd-width-100 text-left vc_custom_1593085383099 wd-underline-colored\">\n\t\t\t\t\t\t\t<div class=\"title-subtitle  subtitle-color-primary font-default subtitle-style-default wd-font-weight- wd-fontsize-xs\">BOXEXPERT<\/div>\n\t\t\t\n\t\t\t<div class=\"liner-continer\">\n\t\t\t\t<h1 class=\"woodmart-title-container title  wd-font-weight- wd-fontsize-xxl\" ><strong>FAQ'S RoHS, REACH &amp; CE<\/strong><\/h1>\n\t\t\t\t\t\t\t<\/div>\n\t\t\t\n\t\t\t\n\t\t\t\n\t\t<\/div>\n\t\t\n\t\t[\/vc_column][\/vc_row][vc_row full_width=&#8221;stretch_row&#8221; content_placement=&#8221;top&#8221; css=&#8221;.vc_custom_1586250255149{margin-bottom: 8vh !important;}&#8221; mobile_bg_img_hidden=&#8221;no&#8221; tablet_bg_img_hidden=&#8221;no&#8221; woodmart_parallax=&#8221;0&#8243; woodmart_gradient_switch=&#8221;no&#8221; row_reverse_mobile=&#8221;0&#8243; row_reverse_tablet=&#8221;0&#8243; woodmart_disable_overflow=&#8221;0&#8243;][vc_column width=&#8221;1\/2&#8243; css=&#8221;.vc_custom_1586954960915{margin-bottom: 20px !important;padding-top: 0px !important;}&#8221; mobile_bg_img_hidden=&#8221;no&#8221; tablet_bg_img_hidden=&#8221;no&#8221; woodmart_parallax=&#8221;0&#8243; woodmart_sticky_column=&#8221;false&#8221; parallax_scroll=&#8221;no&#8221; mobile_reset_margin=&#8221;no&#8221; tablet_reset_margin=&#8221;no&#8221;]\n\t\t<div id=\"wd-624fcd348fc6e\" class=\"title-wrapper wd-wpb set-mb-s reset-last-child  wd-rs-624fcd348fc6e wd-title-color-primary wd-title-style-underlined wd-width-100 text-left vc_custom_1649397049996 wd-underline-colored\">\n\t\t\t\t\t\t\t<div class=\"title-subtitle  subtitle-color-primary font-default subtitle-style-default wd-font-weight- wd-fontsize-xs\">REACH<\/div>\n\t\t\t\n\t\t\t<div class=\"liner-continer\">\n\t\t\t\t<h2 class=\"woodmart-title-container title  wd-font-weight- wd-fontsize-l\" >Regolamento concernente la registrazione, la valutazione, l'autorizzazione e la restrizione delle sostanze chimiche<\/h2>\n\t\t\t\t\t\t\t<\/div>\n\t\t\t\n\t\t\t\n\t\t\t\n\t\t<\/div>\n\t\t\n\t\t[vc_column_text css=&#8221;.vc_custom_1593085401511{margin-bottom: 20px !important;}&#8221; text_larger=&#8221;no&#8221;]Il REACH &#8211; Regolamento (CE) 1907\/2006] \u00e8 il regolamento europeo sulle sostanze chimiche concernente la registrazione, la valutazione, l&#8217;autorizzazione e la restrizione delle sostanze chimiche.<\/p>\n<p>Il REACH \u00e8 in vigore dal 2007 e mira a garantire un elevato livello di protezione della salute umana e dell&#8217;ambiente. Allo stesso tempo, mira a garantire la libera circolazione delle sostanze chimiche nel mercato interno e a promuovere la competitivit\u00e0 e l&#8217;innovazione. REACH si basa sul principio che i produttori, gli importatori e gli utilizzatori a valle si assumono la responsabilit\u00e0 delle loro sostanze chimiche. Essi devono garantire che le sostanze chimiche che producono e immettono sul mercato siano utilizzate in modo sicuro. L&#8217;abbreviazione &#8220;REACH&#8221; deriva dal titolo inglese del regolamento: Regolamento concernente la registrazione, la valutazione, l&#8217;autorizzazione e la restrizione delle farmacie. Il regolamento REACH \u00e8 considerato una delle leggi sulle sostanze chimiche pi\u00f9 severe al mondo&#8221;.[\/vc_column_text]\n\t\t<div id=\"wd-5ef48dff23bb8\" class=\"title-wrapper wd-wpb set-mb-s reset-last-child  wd-rs-5ef48dff23bb8 wd-title-color-primary wd-title-style-underlined wd-width-100 text-left vc_custom_1593085444033 wd-underline-colored\">\n\t\t\t\t\t\t\t<div class=\"title-subtitle  subtitle-color-primary font-default subtitle-style-default wd-font-weight- wd-fontsize-xs\">Conformit\u00e9 Europ\u00e9enne<\/div>\n\t\t\t\n\t\t\t<div class=\"liner-continer\">\n\t\t\t\t<h2 class=\"woodmart-title-container title  wd-font-weight- wd-fontsize-l\" >Marcatura CE<\/h2>\n\t\t\t\t\t\t\t<\/div>\n\t\t\t\n\t\t\t\n\t\t\t\n\t\t<\/div>\n\t\t\n\t\t[vc_column_text css=&#8221;.vc_custom_1593085451091{margin-bottom: 20px !important;}&#8221; text_larger=&#8221;no&#8221;]Le lettere &#8220;CE&#8221; compaiono su molti prodotti commercializzati nel mercato interno allargato dello Spazio economico europeo (SEE). Significa che i prodotti venduti nel SEE sono stati controllati per garantire che soddisfino elevati standard di sicurezza, salute e protezione ambientale. Il marchio CE sostiene anche la concorrenza leale, obbligando tutte le aziende a rispettare le stesse regole.<br \/>\nApponendo il marchio CE su un prodotto, il produttore dichiara che il prodotto \u00e8 conforme a tutti i requisiti legali per il marchio CE e pu\u00f2 essere venduto in tutto il SEE. Ci\u00f2 vale anche per i prodotti fabbricati in altri paesi e venduti nel SEE.[\/vc_column_text][\/vc_column][vc_column width=&#8221;1\/2&#8243; css=&#8221;.vc_custom_1536077344327{margin-bottom: 20px !important;padding-top: 0px !important;}&#8221;]\n\t\t<div id=\"wd-624fcd3bd22f0\" class=\"title-wrapper wd-wpb set-mb-s reset-last-child  wd-rs-624fcd3bd22f0 wd-title-color-primary wd-title-style-underlined wd-width-100 text-left vc_custom_1649397057567 wd-underline-colored\">\n\t\t\t\t\t\t\t<div class=\"title-subtitle  subtitle-color-primary font-default subtitle-style-default wd-font-weight- wd-fontsize-xs\">RoHS<\/div>\n\t\t\t\n\t\t\t<div class=\"liner-continer\">\n\t\t\t\t<h2 class=\"woodmart-title-container title  wd-font-weight- wd-fontsize-l\" >Restrizione di alcune sostanze pericolose<\/h2>\n\t\t\t\t\t\t\t<\/div>\n\t\t\t\n\t\t\t\n\t\t\t\n\t\t<\/div>\n\t\t\n\t\t[vc_column_text css=&#8221;.vc_custom_1593085435643{margin-bottom: 20px !important;}&#8221; text_larger=&#8221;no&#8221;]La direttiva RoHS (Direttiva sulla restrizione dell&#8217;uso di determinate sostanze pericolose nei rifiuti di apparecchiature elettriche ed elettroniche), valida in tutta l&#8217;UE, definisce varie sostanze chimiche che non possono essere utilizzate nelle apparecchiature elettriche ed elettroniche. Il 22 luglio 2019 entrer\u00e0 in vigore nell&#8217;UE la direttiva RoHS &#8220;estesa&#8221; con il divieto di utilizzo di nuove sostanze.<\/p>\n<p>Le seguenti sostanze sono regolamentate:<\/p>\n<ul>\n<li>Piombo (PB)<\/li>\n<li>Cadmio (Cd)<\/li>\n<li>Bifenili polibromurati (PBB)<\/li>\n<li>Eteri di difenile polibromurati (PBDE)<\/li>\n<li>Cromo esavalente<\/li>\n<li>Mercurio (Hg)<\/li>\n<li>butilbenzilftalato (BBP)<\/li>\n<li>Di(2-etilesile) ftalato (DEHP)<\/li>\n<li>dibutilftalato (DBP)<\/li>\n<\/ul>\n<p>I materiali omogenei che contengono pi\u00f9 dello 0,1 per cento in peso di ciascuna delle suddette sostanze (Cd 0,01 per cento in peso) non possono essere utilizzati in apparecchi elettrici appartenenti alle categorie di apparecchi elencati nell&#8217;allegato I della 2011\/65\/UE.<br \/>\nQuesti cosiddetti limiti de minimis tengono conto del fatto che possono esistere quantit\u00e0 molto piccole di impurit\u00e0 che non possono essere tecnicamente evitate.[\/vc_column_text][\/vc_column][\/vc_row][vc_row][vc_column][vc_column_text text_larger=&#8221;no&#8221;][vc_row full_width=\"stretch_row\" content_placement=\"middle\" css=\".vc_custom_1586005850397{padding-top: 6vh !important;}\" mobile_bg_img_hidden=\"no\" tablet_bg_img_hidden=\"no\" woodmart_parallax=\"0\" woodmart_gradient_switch=\"no\" row_reverse_mobile=\"0\" row_reverse_tablet=\"0\" woodmart_disable_overflow=\"0\"][vc_column css=\".vc_custom_1581689860303{margin-bottom: 6vh !important;padding-top: 0px !important;}\" mobile_bg_img_hidden=\"no\" tablet_bg_img_hidden=\"no\" woodmart_parallax=\"0\" woodmart_sticky_column=\"false\" parallax_scroll=\"no\" mobile_reset_margin=\"no\" tablet_reset_margin=\"no\"]\n\t\t<div id=\"wd-5eb41527d0535\" class=\"title-wrapper wd-wpb set-mb-s reset-last-child  wd-rs-5eb41527d0535 wd-title-color-default wd-title-style-default wd-width-100 text-center vc_custom_1588860207234 wd-underline-colored\">\n\t\t\t\t\t\t\t<div class=\"title-subtitle  subtitle-color-default font-default subtitle-style-default wd-font-weight- wd-fontsize-xs\">BOXEXPERT SUPPORT<\/div>\n\t\t\t\n\t\t\t<div class=\"liner-continer\">\n\t\t\t\t<h3 class=\"woodmart-title-container title  wd-font-weight- wd-fontsize-l\" >Avete domande?<\/h3>\n\t\t\t\t\t\t\t<\/div>\n\t\t\t\n\t\t\t\t\t\t\t<div class=\"title-after_title  set-cont-mb-s reset-last-child  wd-fontsize-xs\">I nostri collaboratori sono a vostra disposizione tramite la chat e il modulo di contatto e saranno lieti di rispondere a tutte le vostre domande.<\/div>\n\t\t\t\n\t\t\t\n\t\t<\/div>\n\t\t\n\t\t<div id=\"wd-5ebcf3de8d4b4\" class=\" wd-rs-5ebcf3de8d4b4  wd-button-wrapper woodmart-button-wrapper text-center\"><a href=\"#contact-form-popup\" title=\"\" class=\"btn btn-color-primary btn-style-default btn-style-rectangle btn-size-default wd-open-popup \">CONTATTI ORA<\/a><\/div><div id=\"contact-form-popup\" class=\"mfp-with-anim wd-popup mfp-hide woodmart-content-popup\" style=\"max-width:900px;\"><div class=\"wd-popup-inner\">[vc_row_inner equal_height=\"yes\" css=\".vc_custom_1512552757832{margin-top: -30px !important;margin-right: -30px !important;margin-bottom: -30px !important;margin-left: -30px !important;}\"][vc_column_inner width=\"2\/3\" css=\".vc_custom_1512552766600{padding-top: 30px !important;padding-right: 30px !important;padding-bottom: 15px !important;padding-left: 30px !important;}\"]\n\t\t<div id=\"wd-5eb41520a10ee\" class=\"title-wrapper wd-wpb set-mb-s reset-last-child  wd-rs-5eb41520a10ee wd-title-color-default wd-title-style-default wd-width-100 text-left  wd-underline-colored\">\n\t\t\t\n\t\t\t<div class=\"liner-continer\">\n\t\t\t\t<h4 class=\"woodmart-title-container title  wd-font-weight- wd-fontsize-m\" >SEND US YOUR MESSAGE<\/h4>\n\t\t\t\t\t\t\t<\/div>\n\t\t\t\n\t\t\t\n\t\t\t\n\t\t<\/div>\n\t\t\n\t\t[vc_column_text css=\".vc_custom_1588860230512{margin-bottom: 0px !important;}\" text_larger=\"no\"][contact-form-7 id=\"3933\" title=\"popup contact form\"][\/vc_column_text][\/vc_column_inner][vc_column_inner width=\"1\/3\" css=\".vc_custom_1581585874277{padding-top: 30px !important;padding-right: 30px !important;padding-bottom: 30px !important;padding-left: 30px !important;background-color: #3583ba !important;}\"]\n\t\t<div id=\"wd-5eb4153108f38\" class=\"title-wrapper wd-wpb set-mb-s reset-last-child  wd-rs-5eb4153108f38 wd-title-color-white wd-title-style-default wd-width-100 text-left  wd-underline-colored\">\n\t\t\t\n\t\t\t<div class=\"liner-continer\">\n\t\t\t\t<h4 class=\"woodmart-title-container title  wd-font-weight- wd-fontsize-m\" >INFORMAZIONI DI CONTATTO<\/h4>\n\t\t\t\t\t\t\t<\/div>\n\t\t\t\n\t\t\t\n\t\t\t\n\t\t<\/div>\n\t\t\n\t\t\t\t\t<div class=\"info-box-wrapper\">\n\t\t\t\t<div id=\"wd-5ebcf3ed94fe1\" class=\" wd-rs-5ebcf3ed94fe1 wd-info-box woodmart-info-box wd-wpb text-left box-icon-align-left box-style- color-scheme-light wd-bg-none box-title-default \"  >\n\t\t\t\t\t\t\t\t\t\t<div class=\"info-box-content\">\n\t\t\t\t\t\t\t\t\t\t\t\t<div class=\"info-box-inner set-cont-mb-s reset-last-child\">\n\t\t\t\t\t\t\t<p>BOXEXPERT.DE<br \/>\nGr\u00fctzm\u00fchlenweg 46<br \/>\n22339 Hamburg<br \/>\nGermany<\/p>\n\t\t\t\t\t\t<\/div>\n\n\t\t\t\t\t\t\t\t\t\t\t<\/div>\n\n\t\t\t\t\t\t\t\t\t<\/div>\n\t\t\t<\/div>\n\t\t\t\t\t<div class=\"info-box-wrapper\">\n\t\t\t\t<div id=\"wd-5eb413f7891b1\" class=\" wd-rs-5eb413f7891b1 wd-info-box woodmart-info-box wd-wpb text-left box-icon-align-left box-style- color-scheme-light wd-bg-none box-title-default \"  >\n\t\t\t\t\t\t\t\t\t\t<div class=\"info-box-content\">\n\t\t\t\t\t\t\t\t\t\t\t\t<div class=\"info-box-inner set-cont-mb-s reset-last-child\">\n\t\t\t\t\t\t\t<div style=\"line-height: 2;\"><i class=\"fa fa-phone-square\" style=\"width: 15px; text-align: center; margin-right: 4px; color: #676767;\"><\/i>+49 (0)40 53 80 92 10<br \/>\n<i class=\"fa fa-fax\" style=\"width: 15px; text-align: center; margin-right: 4px; color: #676767;\"><\/i>+49 (0)40 53 80 92 86<\/div>\n\t\t\t\t\t\t<\/div>\n\n\t\t\t\t\t\t\t\t\t\t\t<\/div>\n\n\t\t\t\t\t\t\t\t\t<\/div>\n\t\t\t<\/div>\n\t\t\t\t\t<div class=\"info-box-wrapper\">\n\t\t\t\t<div id=\"wd-5e46aa795cac1\" class=\" wd-rs-5e46aa795cac1 wd-info-box woodmart-info-box wd-wpb text-left box-icon-align-left box-style- color-scheme-light wd-bg-none box-title-default \"  >\n\t\t\t\t\t\t\t\t\t\t<div class=\"info-box-content\">\n\t\t\t\t\t\t\t\t\t\t\t\t<div class=\"info-box-inner set-cont-mb-s reset-last-child\">\n\t\t\t\t\t\t\t<div style=\"line-height: 2;\"><i class=\"fa fa-envelope-square\" style=\"width: 15px; text-align: center; margin-right: 4px; color: #676767;\"><\/i> <a href=\"mailto:info@boxexpert.de\">info@boxexpert.de<\/a><\/div>\n\t\t\t\t\t\t<\/div>\n\n\t\t\t\t\t\t\t\t\t\t\t<\/div>\n\n\t\t\t\t\t\t\t\t\t<\/div>\n\t\t\t<\/div>\n\t\t[vc_separator color=\"custom\" accent_color=\"rgba(255,255,255,0.15)\" css=\".vc_custom_1484144347493{margin-bottom: 30px !important;}\"][vc_column_text woodmart_color_scheme=\"light\" css=\".vc_custom_1588860219511{margin-bottom: 20px !important;}\" text_larger=\"no\"]Seguiteci sui nostri canali di social media e informatevi sui nuovi prodotti.[\/vc_column_text]\n\t\t\t<div class=\"wd-social-icons  woodmart-social-icons icons-design-colored icons-size-small color-scheme-dark social-follow social-form-circle text-left\">\n\n\t\t\t\t\n\t\t\t\t\t\t\t\t\t<a rel=\"noopener noreferrer nofollow\" href=\"https:\/\/www.facebook.com\/BOXEXPERT.DE\/\" target=\"_blank\" class=\" wd-social-icon social-facebook\" aria-label=\"Facebook social link\">\n\t\t\t\t\t\t<span class=\"wd-icon\"><\/span>\n\t\t\t\t\t\t\t\t\t\t\t<\/a>\n\t\t\t\t\n\t\t\t\t\t\t\t\t\t<a rel=\"noopener noreferrer nofollow\" href=\"https:\/\/twitter.com\/Box_expert\" target=\"_blank\" class=\" wd-social-icon social-twitter\" aria-label=\"Twitter social link\">\n\t\t\t\t\t\t<span class=\"wd-icon\"><\/span>\n\t\t\t\t\t\t\t\t\t\t\t<\/a>\n\t\t\t\t\n\t\t\t\t\n\t\t\t\t\t\t\t\t\t<a rel=\"noopener noreferrer nofollow\" href=\"https:\/\/www.instagram.com\/boxexpert_hamburg\/\" target=\"_blank\" class=\" wd-social-icon social-instagram\" aria-label=\"Instagram social link\">\n\t\t\t\t\t\t<span class=\"wd-icon\"><\/span>\n\t\t\t\t\t\t\t\t\t\t\t<\/a>\n\t\t\t\t\n\t\t\t\t\n\t\t\t\t\n\t\t\t\t\n\t\t\t\t\t\t\t\t\t<a rel=\"noopener noreferrer nofollow\" href=\"https:\/\/www.linkedin.com\/company\/boxexpert\/\" target=\"_blank\" class=\" wd-social-icon social-linkedin\" aria-label=\"Linkedin social link\">\n\t\t\t\t\t\t<span class=\"wd-icon\"><\/span>\n\t\t\t\t\t\t\t\t\t\t\t<\/a>\n\t\t\t\t\n\t\t\t\t\n\t\t\t\t\n\t\t\t\t\n\t\t\t\t\n\t\t\t\t\n\t\t\t\t\n\t\t\t\t\n\t\t\t\t\n\t\t\t\t\n\t\t\t\t\t\t\t\t\n\t\t\t\t\t\t\t\t\n\t\t\t\t\n\t\t\t\t\t\t\t\t\n\t\t\t\t\n\t\t\t<\/div>\n\n\t\t[\/vc_column_inner][\/vc_row_inner]<\/div><\/div>[\/vc_column][\/vc_row]<style data-type=\"vc_shortcodes-custom-css\">.vc_custom_1586005850397{padding-top: 6vh !important;}.vc_custom_1581689860303{margin-bottom: 6vh !important;padding-top: 0px !important;}.vc_custom_1588860207234{margin-bottom: 20px !important;}.vc_custom_1512552757832{margin-top: -30px !important;margin-right: -30px !important;margin-bottom: -30px !important;margin-left: -30px !important;}.vc_custom_1512552766600{padding-top: 30px !important;padding-right: 30px !important;padding-bottom: 15px !important;padding-left: 30px !important;}.vc_custom_1581585874277{padding-top: 30px !important;padding-right: 30px !important;padding-bottom: 30px !important;padding-left: 30px !important;background-color: #3583ba !important;}.vc_custom_1588860230512{margin-bottom: 0px !important;}.vc_custom_1484144347493{margin-bottom: 30px !important;}.vc_custom_1588860219511{margin-bottom: 20px !important;}#wd-5eb41527d0535 .woodmart-title-container{line-height:46px;font-size:36px;}#wd-5eb41527d0535 .title-subtitle{color:#3684bb;}#wd-5eb41527d0535 .title-after_title{line-height:24px;font-size:14px;}@media (max-width: 1024px) {#wd-5eb41527d0535 .woodmart-title-container{line-height:40px;font-size:30px;}#wd-5eb41527d0535 .title-after_title{line-height:24px;font-size:14px;}}@media (max-width: 767px) {#wd-5eb41527d0535 .woodmart-title-container{line-height:38px;font-size:28px;}}<\/style>[\/vc_column_text][\/vc_column][\/vc_row]<\/p>\n","protected":false},"excerpt":{"rendered":"<p>[vc_row][vc_column][\/vc_column][\/vc_row][vc_row full_width=&#8221;stretch_row&#8221; content_placement=&#8221;top&#8221; css=&#8221;.vc_custom_1586250255149{margin-bottom: 8vh !important;}&#8221; mobile_bg_img_hidden=&#8221;no&#8221; tablet_bg_img_hidden=&#8221;no&#8221; woodmart_parallax=&#8221;0&#8243; woodmart_gradient_switch=&#8221;no&#8221; row_reverse_mobile=&#8221;0&#8243; row_reverse_tablet=&#8221;0&#8243; woodmart_disable_overflow=&#8221;0&#8243;][vc_column width=&#8221;1\/2&#8243; css=&#8221;.vc_custom_1586954960915{margin-bottom: 20px !important;padding-top: 0px !important;}&#8221; mobile_bg_img_hidden=&#8221;no&#8221;<\/p>\n","protected":false},"author":1,"featured_media":0,"parent":11061,"menu_order":0,"comment_status":"closed","ping_status":"closed","template":"","meta":[],"yoast_head":"<!-- This site is optimized with the Yoast SEO Premium plugin v18.4 (Yoast SEO v18.8) - https:\/\/yoast.com\/wordpress\/plugins\/seo\/ -->\n<title>RoHS \/ REACH - BOXEXPERT - Soluzioni di custodia professionali per le massime esigenze<\/title>\n<meta name=\"robots\" content=\"index, follow, max-snippet:-1, max-image-preview:large, max-video-preview:-1\" \/>\n<link rel=\"canonical\" href=\"https:\/\/box.lilleshop.de\/it\/faqs\/rohs-reach\/\" \/>\n<meta property=\"og:locale\" content=\"it_IT\" \/>\n<meta property=\"og:type\" content=\"article\" \/>\n<meta property=\"og:title\" content=\"RoHS \/ REACH\" \/>\n<meta property=\"og:description\" content=\"[vc_row][vc_column][\/vc_column][\/vc_row][vc_row full_width=&#8221;stretch_row&#8221; content_placement=&#8221;top&#8221; css=&#8221;.vc_custom_1586250255149{margin-bottom: 8vh !important;}&#8221; mobile_bg_img_hidden=&#8221;no&#8221; tablet_bg_img_hidden=&#8221;no&#8221; woodmart_parallax=&#8221;0&#8243; woodmart_gradient_switch=&#8221;no&#8221; row_reverse_mobile=&#8221;0&#8243; row_reverse_tablet=&#8221;0&#8243; woodmart_disable_overflow=&#8221;0&#8243;][vc_column width=&#8221;1\/2&#8243; css=&#8221;.vc_custom_1586954960915{margin-bottom: 20px !important;padding-top: 0px !important;}&#8221; mobile_bg_img_hidden=&#8221;no&#8221;\" \/>\n<meta property=\"og:url\" content=\"https:\/\/box.lilleshop.de\/it\/faqs\/rohs-reach\/\" \/>\n<meta property=\"og:site_name\" content=\"BOXEXPERT - Soluzioni di custodia professionali per le massime esigenze\" \/>\n<meta name=\"twitter:card\" content=\"summary_large_image\" \/>\n<meta name=\"twitter:label1\" content=\"Est. reading time\" \/>\n\t<meta name=\"twitter:data1\" content=\"3 minutes\" \/>\n<script type=\"application\/ld+json\" class=\"yoast-schema-graph\">{\"@context\":\"https:\/\/schema.org\",\"@graph\":[{\"@type\":\"WebSite\",\"@id\":\"https:\/\/box.lilleshop.de\/#website\",\"url\":\"https:\/\/box.lilleshop.de\/\",\"name\":\"BOXEXPERT - Professionelle Geh\u00e4usel\u00f6sungen f\u00fcr h\u00f6chste Anspr\u00fcche\",\"description\":\"Alloggiamenti industriali, quadri elettrici, alloggiamenti per l'installazione, scatole portafusibili e scatole di distribuzione\",\"potentialAction\":[{\"@type\":\"SearchAction\",\"target\":{\"@type\":\"EntryPoint\",\"urlTemplate\":\"https:\/\/box.lilleshop.de\/?s={search_term_string}\"},\"query-input\":\"required name=search_term_string\"}],\"inLanguage\":\"it-IT\"},{\"@type\":\"WebPage\",\"@id\":\"https:\/\/box.lilleshop.de\/it\/faqs\/rohs-reach\/#webpage\",\"url\":\"https:\/\/box.lilleshop.de\/it\/faqs\/rohs-reach\/\",\"name\":\"RoHS \/ REACH - BOXEXPERT - Soluzioni di custodia professionali per le massime esigenze\",\"isPartOf\":{\"@id\":\"https:\/\/box.lilleshop.de\/#website\"},\"datePublished\":\"2022-04-08T05:51:02+00:00\",\"dateModified\":\"2022-04-08T05:51:02+00:00\",\"breadcrumb\":{\"@id\":\"https:\/\/box.lilleshop.de\/it\/faqs\/rohs-reach\/#breadcrumb\"},\"inLanguage\":\"it-IT\",\"potentialAction\":[{\"@type\":\"ReadAction\",\"target\":[\"https:\/\/box.lilleshop.de\/it\/faqs\/rohs-reach\/\"]}]},{\"@type\":\"BreadcrumbList\",\"@id\":\"https:\/\/box.lilleshop.de\/it\/faqs\/rohs-reach\/#breadcrumb\",\"itemListElement\":[{\"@type\":\"ListItem\",\"position\":1,\"name\":\"Startseite\",\"item\":\"https:\/\/box.lilleshop.de\/it\/home-base\/\"},{\"@type\":\"ListItem\",\"position\":2,\"name\":\"FAQs\",\"item\":\"https:\/\/box.lilleshop.de\/it\/faqs\/\"},{\"@type\":\"ListItem\",\"position\":3,\"name\":\"RoHS \/ REACH\"}]}]}<\/script>\n<!-- \/ Yoast SEO Premium plugin. -->","yoast_head_json":{"title":"RoHS \/ REACH - BOXEXPERT - Soluzioni di custodia professionali per le massime esigenze","robots":{"index":"index","follow":"follow","max-snippet":"max-snippet:-1","max-image-preview":"max-image-preview:large","max-video-preview":"max-video-preview:-1"},"canonical":"https:\/\/box.lilleshop.de\/it\/faqs\/rohs-reach\/","og_locale":"it_IT","og_type":"article","og_title":"RoHS \/ REACH","og_description":"[vc_row][vc_column][\/vc_column][\/vc_row][vc_row full_width=&#8221;stretch_row&#8221; content_placement=&#8221;top&#8221; css=&#8221;.vc_custom_1586250255149{margin-bottom: 8vh !important;}&#8221; mobile_bg_img_hidden=&#8221;no&#8221; tablet_bg_img_hidden=&#8221;no&#8221; woodmart_parallax=&#8221;0&#8243; woodmart_gradient_switch=&#8221;no&#8221; row_reverse_mobile=&#8221;0&#8243; row_reverse_tablet=&#8221;0&#8243; woodmart_disable_overflow=&#8221;0&#8243;][vc_column width=&#8221;1\/2&#8243; css=&#8221;.vc_custom_1586954960915{margin-bottom: 20px !important;padding-top: 0px !important;}&#8221; mobile_bg_img_hidden=&#8221;no&#8221;","og_url":"https:\/\/box.lilleshop.de\/it\/faqs\/rohs-reach\/","og_site_name":"BOXEXPERT - Soluzioni di custodia professionali per le massime esigenze","twitter_card":"summary_large_image","twitter_misc":{"Est. reading time":"3 minutes"},"schema":{"@context":"https:\/\/schema.org","@graph":[{"@type":"WebSite","@id":"https:\/\/box.lilleshop.de\/#website","url":"https:\/\/box.lilleshop.de\/","name":"BOXEXPERT - Professionelle Geh\u00e4usel\u00f6sungen f\u00fcr h\u00f6chste Anspr\u00fcche","description":"Alloggiamenti industriali, quadri elettrici, alloggiamenti per l'installazione, scatole portafusibili e scatole di distribuzione","potentialAction":[{"@type":"SearchAction","target":{"@type":"EntryPoint","urlTemplate":"https:\/\/box.lilleshop.de\/?s={search_term_string}"},"query-input":"required name=search_term_string"}],"inLanguage":"it-IT"},{"@type":"WebPage","@id":"https:\/\/box.lilleshop.de\/it\/faqs\/rohs-reach\/#webpage","url":"https:\/\/box.lilleshop.de\/it\/faqs\/rohs-reach\/","name":"RoHS \/ REACH - BOXEXPERT - Soluzioni di custodia professionali per le massime esigenze","isPartOf":{"@id":"https:\/\/box.lilleshop.de\/#website"},"datePublished":"2022-04-08T05:51:02+00:00","dateModified":"2022-04-08T05:51:02+00:00","breadcrumb":{"@id":"https:\/\/box.lilleshop.de\/it\/faqs\/rohs-reach\/#breadcrumb"},"inLanguage":"it-IT","potentialAction":[{"@type":"ReadAction","target":["https:\/\/box.lilleshop.de\/it\/faqs\/rohs-reach\/"]}]},{"@type":"BreadcrumbList","@id":"https:\/\/box.lilleshop.de\/it\/faqs\/rohs-reach\/#breadcrumb","itemListElement":[{"@type":"ListItem","position":1,"name":"Startseite","item":"https:\/\/box.lilleshop.de\/it\/home-base\/"},{"@type":"ListItem","position":2,"name":"FAQs","item":"https:\/\/box.lilleshop.de\/it\/faqs\/"},{"@type":"ListItem","position":3,"name":"RoHS \/ REACH"}]}]}},"_links":{"self":[{"href":"https:\/\/box.lilleshop.de\/it\/wp-json\/wp\/v2\/pages\/11191"}],"collection":[{"href":"https:\/\/box.lilleshop.de\/it\/wp-json\/wp\/v2\/pages"}],"about":[{"href":"https:\/\/box.lilleshop.de\/it\/wp-json\/wp\/v2\/types\/page"}],"author":[{"embeddable":true,"href":"https:\/\/box.lilleshop.de\/it\/wp-json\/wp\/v2\/users\/1"}],"replies":[{"embeddable":true,"href":"https:\/\/box.lilleshop.de\/it\/wp-json\/wp\/v2\/comments?post=11191"}],"version-history":[{"count":5,"href":"https:\/\/box.lilleshop.de\/it\/wp-json\/wp\/v2\/pages\/11191\/revisions"}],"predecessor-version":[{"id":62539,"href":"https:\/\/box.lilleshop.de\/it\/wp-json\/wp\/v2\/pages\/11191\/revisions\/62539"}],"up":[{"embeddable":true,"href":"https:\/\/box.lilleshop.de\/it\/wp-json\/wp\/v2\/pages\/11061"}],"wp:attachment":[{"href":"https:\/\/box.lilleshop.de\/it\/wp-json\/wp\/v2\/media?parent=11191"}],"curies":[{"name":"wp","href":"https:\/\/api.w.org\/{rel}","templated":true}]}}