{"id":4534,"date":"2020-02-11T07:45:02","date_gmt":"2020-02-11T07:45:02","guid":{"rendered":"https:\/\/boxexpert.de\/societe\/qualitaet\/"},"modified":"2020-06-23T12:41:21","modified_gmt":"2020-06-23T12:41:21","slug":"qualite","status":"publish","type":"page","link":"https:\/\/box.lilleshop.de\/fr\/societe\/qualite\/","title":{"rendered":"Qualit\u00e9"},"content":{"rendered":"<p>[vc_row full_width=&#8221;stretch_row_content&#8221; mobile_bg_img_hidden=&#8221;no&#8221; tablet_bg_img_hidden=&#8221;no&#8221; woodmart_parallax=&#8221;0&#8243; woodmart_gradient_switch=&#8221;no&#8221; row_reverse_mobile=&#8221;0&#8243; row_reverse_tablet=&#8221;0&#8243; woodmart_disable_overflow=&#8221;0&#8243; css=&#8221;.vc_custom_1585845378745{margin-top: -40px !important;margin-bottom: 4vh !important;}&#8221;][vc_column]\n\t\t\t<!-- START qualit\u00e4t REVOLUTION SLIDER 6.5.21 --><p class=\"rs-p-wp-fix\"><\/p>\n\t\t\t<rs-module-wrap id=\"rev_slider_18_1_wrapper\" data-source=\"gallery\" style=\"visibility:hidden;background:transparent;padding:0;margin:0px auto;margin-top:0;margin-bottom:0;\">\n\t\t\t\t<rs-module id=\"rev_slider_18_1\" style=\"\" data-version=\"6.5.21\">\n\t\t\t\t\t<rs-slides>\n\t\t\t\t\t\t<rs-slide style=\"position: absolute;\" data-key=\"rs-202\" data-title=\"Slide\" data-anim=\"ms:1000;r:0;\" data-in=\"o:0;\" data-out=\"a:false;\">\n\t\t\t\t\t\t\t<img src=\"\/\/box.lilleshop.de\/wp-content\/plugins\/revslider\/public\/assets\/assets\/dummy.png\" alt=\"Die Qualit\u00e4t unserer Geh\u00e4use ist uns sehr wichtig, QUALIT\u00c4T schreiben wir gro\u00df!\" title=\"qualita\u0308t3\" width=\"1600\" height=\"600\" class=\"rev-slidebg tp-rs-img rs-lazyload\" data-lazyload=\"\/\/box.lilleshop.de\/wp-content\/uploads\/2020\/03\/qualita\u0308t3.jpg\" data-no-retina>\n<!--\n\t\t\t\t\t\t\t--><rs-layer\n\t\t\t\t\t\t\t\tid=\"slider-18-slide-202-layer-0\" \n\t\t\t\t\t\t\t\tdata-type=\"shape\"\n\t\t\t\t\t\t\t\tdata-rsp_ch=\"on\"\n\t\t\t\t\t\t\t\tdata-xy=\"x:428px;y:340px;\"\n\t\t\t\t\t\t\t\tdata-text=\"w:normal;\"\n\t\t\t\t\t\t\t\tdata-dim=\"w:711px;h:127px;\"\n\t\t\t\t\t\t\t\tdata-spike=\"r:top;\"\n\t\t\t\t\t\t\t\tdata-frame_0=\"x:left;\"\n\t\t\t\t\t\t\t\tdata-frame_1=\"st:400;sp:1000;\"\n\t\t\t\t\t\t\t\tdata-frame_999=\"o:0;st:w;\"\n\t\t\t\t\t\t\t\tstyle=\"z-index:5;background-color:rgba(54,132,187,0.95);\"\n\t\t\t\t\t\t\t> \n\t\t\t\t\t\t\t<\/rs-layer><!--\n\n\t\t\t\t\t\t\t--><rs-layer\n\t\t\t\t\t\t\t\tid=\"slider-18-slide-202-layer-1\" \n\t\t\t\t\t\t\t\tdata-type=\"text\"\n\t\t\t\t\t\t\t\tdata-color=\"#ffffff\"\n\t\t\t\t\t\t\t\tdata-rsp_ch=\"on\"\n\t\t\t\t\t\t\t\tdata-xy=\"x:454px;y:367px;\"\n\t\t\t\t\t\t\t\tdata-text=\"w:normal;s:27;l:34;fw:600;\"\n\t\t\t\t\t\t\t\tdata-frame_0=\"x:left;\"\n\t\t\t\t\t\t\t\tdata-frame_1=\"st:400;sp:1000;\"\n\t\t\t\t\t\t\t\tdata-frame_999=\"o:0;st:w;\"\n\t\t\t\t\t\t\t\tstyle=\"z-index:6;font-family:'Poppins';\"\n\t\t\t\t\t\t\t>UNE TECHNOLOGIE EXCLUSIVE POUR LE LOGEMENT<br \/>\nPOUR LES PLUS HAUTES EXIGENCES \n\t\t\t\t\t\t\t<\/rs-layer><!--\n-->\t\t\t\t\t\t<\/rs-slide>\n\t\t\t\t\t<\/rs-slides>\n\t\t\t\t<\/rs-module>\n\t\t\t\t<script>\n\t\t\t\t\tsetREVStartSize({c: 'rev_slider_18_1',rl:[1240,1024,778,480],el:[500],gw:[1240],gh:[500],type:'standard',justify:'',layout:'fullwidth',mh:\"0\"});if (window.RS_MODULES!==undefined && window.RS_MODULES.modules!==undefined && window.RS_MODULES.modules[\"revslider181\"]!==undefined) {window.RS_MODULES.modules[\"revslider181\"].once = false;window.revapi18 = undefined;if (window.RS_MODULES.checkMinimal!==undefined) window.RS_MODULES.checkMinimal()}\n\t\t\t\t<\/script>\n\t\t\t<\/rs-module-wrap>\n\t\t\t<!-- END REVOLUTION SLIDER -->\n[\/vc_column][\/vc_row][vc_row mobile_bg_img_hidden=&#8221;no&#8221; tablet_bg_img_hidden=&#8221;no&#8221; woodmart_parallax=&#8221;0&#8243; woodmart_gradient_switch=&#8221;no&#8221; row_reverse_mobile=&#8221;0&#8243; row_reverse_tablet=&#8221;0&#8243; woodmart_disable_overflow=&#8221;0&#8243;][vc_column]\n\t\t<div id=\"wd-5eba40089ad6f\" class=\"title-wrapper wd-wpb set-mb-s reset-last-child  wd-rs-5eba40089ad6f wd-title-color-primary wd-title-style-underlined wd-width-100 text-left vc_custom_1589264402058 wd-underline-colored\">\n\t\t\t\n\t\t\t<div class=\"liner-continer\">\n\t\t\t\t<h1 class=\"woodmart-title-container title  wd-font-weight- wd-fontsize-xxl\" ><strong>LA QUALIT\u00c9 COMME FACTEUR DE R\u00c9USSITE<\/strong><\/h1>\n\t\t\t\t\t\t\t<\/div>\n\t\t\t\n\t\t\t\n\t\t\t\n\t\t<\/div>\n\t\t\n\t\t[\/vc_column][\/vc_row][vc_row full_width=&#8221;stretch_row&#8221; content_placement=&#8221;top&#8221; css=&#8221;.vc_custom_1586167721245{margin-bottom: 2vh !important;}&#8221; mobile_bg_img_hidden=&#8221;no&#8221; tablet_bg_img_hidden=&#8221;no&#8221; woodmart_parallax=&#8221;0&#8243; woodmart_gradient_switch=&#8221;no&#8221; row_reverse_mobile=&#8221;0&#8243; row_reverse_tablet=&#8221;0&#8243; woodmart_disable_overflow=&#8221;0&#8243;][vc_column width=&#8221;1\/3&#8243; css=&#8221;.vc_custom_1490276860346{margin-bottom: 20px !important;padding-top: 0px !important;}&#8221;]\t\t<div id=\"gallery_267\" class=\"wd-images-gallery wd-justify-center wd-items-middle view-grid\" >\n\t\t\t<div class=\"gallery-images row wd-spacing-0\">\n\t\t\t\t\t\t\t\t\t\t\t\t\t\t\t<div class=\"wd-gallery-item col-lg-12 col-md-12 col-sm-12 col-12\">\n\t\t\t\t\t\t\t\n\t\t\t\t\t\t\t\t\t\t\t\t\t\t\t\t\t<img class=\"wd-gallery-image image-1 \" src=\"https:\/\/box.lilleshop.de\/wp-content\/uploads\/2020\/03\/qualitaet-boxexpert2.jpg\" width=\"600\" height=\"400\" alt=\"Male Engineer Quality Controlling Components In Factory\" title=\"Male Engineer Quality Controlling Components In Factory\" \/>\t\t\t\t\t\t\t\t\n\n\t\t\t\t\t\t\t\t\t\t\t\t\t\t<\/div>\n\t\t\t\t\t\t\t\t\t\t\t\t<\/div>\n\t\t<\/div>\n\t\t\t\t[\/vc_column][vc_column width=&#8221;1\/3&#8243; css=&#8221;.vc_custom_1536077344327{margin-bottom: 20px !important;padding-top: 0px !important;}&#8221;]\n\t\t<div id=\"wd-5eba40bc65285\" class=\"title-wrapper wd-wpb set-mb-s reset-last-child  wd-rs-5eba40bc65285 wd-title-color-primary wd-title-style-underlined wd-width-100 text-left vc_custom_1589264582298 wd-underline-colored\">\n\t\t\t\n\t\t\t<div class=\"liner-continer\">\n\t\t\t\t<h2 class=\"woodmart-title-container title  wd-font-weight- wd-fontsize-l\" >NOTRE AMBITION EST VOTRE SATISFACTION<\/h2>\n\t\t\t\t\t\t\t<\/div>\n\t\t\t\n\t\t\t\n\t\t\t\n\t\t<\/div>\n\t\t\n\t\t[vc_column_text css=&#8221;.vc_custom_1589264725849{margin-bottom: 20px !important;}&#8221; text_larger=&#8221;no&#8221;]BOXEXPERT est synonyme des plus hauts standards de la technologie des bo\u00eetiers et des plus hautes exigences en mati\u00e8re de qualit\u00e9. Tous les employ\u00e9s font face \u00e0 ces exigences quotidiennement et les mettent en \u0153uvre avec un engagement total. Parce que dans l&#8217;interaction de personne \u00e0 personne, il y a plus important que la technologie livr\u00e9e. Ce qui compte, c&#8217;est la satisfaction qui en r\u00e9sulte. Et c&#8217;est l\u00e0 notre motivation. Chaque jour \u00e0 nouveau.[\/vc_column_text][\/vc_column][vc_column width=&#8221;1\/3&#8243; css=&#8221;.vc_custom_1536077348538{margin-bottom: 20px !important;padding-top: 0px !important;}&#8221;][vc_column_text css=&#8221;.vc_custom_1589264859362{margin-bottom: 28px !important;}&#8221; text_larger=&#8221;no&#8221;]Une norme importante pour nous : la certification selon la norme DIN EN ISO9001, que BOXEXPERT d\u00e9tient depuis de nombreuses ann\u00e9es et qui est contr\u00f4l\u00e9e chaque ann\u00e9e par le T\u00dcV. C&#8217;est une condition essentielle pour montrer \u00e0 nos clients un syst\u00e8me de gestion certifi\u00e9 avec des flux de processus optimis\u00e9s : On peut nous faire confiance de mani\u00e8re d\u00e9cisive.[\/vc_column_text][vc_column_text css=&#8221;.vc_custom_1589264864939{margin-bottom: 20px !important;}&#8221; text_larger=&#8221;no&#8221;]En outre, nous disposons de d\u00e9clarations de conformit\u00e9 CE pour tous les produits, qui constituent la base de la commercialisation dans l&#8217;Espace \u00e9conomique europ\u00e9en. De m\u00eame, d&#8217;autres certificats pour les march\u00e9s am\u00e9ricain et canadien (UL et CSA) sont disponibles pour de nombreux groupes de produits.[\/vc_column_text][\/vc_column][\/vc_row][vc_row full_width=&#8221;stretch_row&#8221; css=&#8221;.vc_custom_1581684138262{padding-top: 30px !important;background-color: #f9f9f9 !important;}&#8221; mobile_bg_img_hidden=&#8221;no&#8221; tablet_bg_img_hidden=&#8221;no&#8221; woodmart_parallax=&#8221;0&#8243; woodmart_gradient_switch=&#8221;no&#8221; row_reverse_mobile=&#8221;0&#8243; row_reverse_tablet=&#8221;0&#8243; woodmart_disable_overflow=&#8221;0&#8243;][vc_column css=&#8221;.vc_custom_1484657273903{padding-top: 0px !important;}&#8221;]\n\t\t<div id=\"wd-5e861b50041df\" class=\"title-wrapper wd-wpb set-mb-s reset-last-child  wd-rs-5e861b50041df wd-title-color-primary wd-title-style-underlined wd-width-100 text-left vc_custom_1585847126465 wd-underline-colored\">\n\t\t\t\n\t\t\t<div class=\"liner-continer\">\n\t\t\t\t<h3 class=\"woodmart-title-container title  wd-font-weight- wd-fontsize-l\" >KEY FACTS<\/h3>\n\t\t\t\t\t\t\t<\/div>\n\t\t\t\n\t\t\t\n\t\t\t\n\t\t<\/div>\n\t\t\n\t\t[vc_row_inner][vc_column_inner width=&#8221;1\/2&#8243;]\t\t\t<div id=\"wd-5eba4411d19ab\" class=\"wd-text-block-wrapper wd-wpb wd-rs-5eba4411d19ab color-scheme-custom wd-width-100 text-left vc_custom_1589265432987\">\n\t\t\t\t<div class=\"woodmart-title-container woodmart-text-block reset-last-child font-primary wd-font-weight-600 \">\n\t\t\t\t\t<\/p>\n<h3>Fiabilit\u00e9<\/h3>\n<p>\t\t\t\t<\/div>\n\n\t\t\t\t\t\t\t<\/div>\n\t\t[vc_column_text text_larger=&#8221;no&#8221;]BOXEXPERT veut r\u00e9pondre aux exigences les plus \u00e9lev\u00e9es de ses clients. Des collaborateurs form\u00e9s en d\u00e9tail offrent des conseils fiables et comp\u00e9tents sur toutes les questions avec un interlocuteur personnel pour vous en tant que client.<\/p>\n<p>Nous vous garantissons un service fiable depuis la consultation, l&#8217;offre et la passation de la commande, jusqu&#8217;au service apr\u00e8s-vente d\u00e9taill\u00e9. BOXEXPERT est toujours l\u00e0 pour vous.[\/vc_column_text]\t\t\t<div id=\"wd-5eba44209c1ab\" class=\"wd-text-block-wrapper wd-wpb wd-rs-5eba44209c1ab color-scheme-custom wd-width-100 text-left vc_custom_1589265444257\">\n\t\t\t\t<div class=\"woodmart-title-container woodmart-text-block reset-last-child font-primary wd-font-weight-600 \">\n\t\t\t\t\t<\/p>\n<h3>Des solutions rapides<\/h3>\n<p>\t\t\t\t<\/div>\n\n\t\t\t\t\t\t\t<\/div>\n\t\t[vc_column_text text_larger=&#8221;no&#8221;]Vous \u00eates press\u00e9 et avez besoin d&#8217;une mise en \u0153uvre rapide pour votre projet ? BOXEXPERT pr\u00e9pare pour vous des offres individuelles \u00e0 court terme et vous aide \u00e0 r\u00e9aliser rapidement des projets urgents. Votre interlocuteur vous conseillera de mani\u00e8re privil\u00e9gi\u00e9e et vous enverra imm\u00e9diatement une offre individuelle.<\/p>\n<p>L&#8217;objectif de BOXEXPERT est de r\u00e9aliser une commande urgente \u00e0 votre enti\u00e8re satisfaction. Nos collaborateurs sont \u00e0 votre disposition, en paroles et en actes, et se r\u00e9jouissent de votre demande.[\/vc_column_text]\t\t\t<div id=\"wd-5eba442d43250\" class=\"wd-text-block-wrapper wd-wpb wd-rs-5eba442d43250 color-scheme-custom wd-width-100 text-left vc_custom_1589265456503\">\n\t\t\t\t<div class=\"woodmart-title-container woodmart-text-block reset-last-child font-primary wd-font-weight-600 \">\n\t\t\t\t\t<\/p>\n<h3>Flexibilit\u00e9<\/h3>\n<p>\t\t\t\t<\/div>\n\n\t\t\t\t\t\t\t<\/div>\n\t\t[vc_column_text text_larger=&#8221;no&#8221;]Nous sommes conscients des exigences \u00e9lev\u00e9es de nos clients et nous nous positionnons avec souplesse et en fonction de leurs besoins afin de r\u00e9pondre \u00e0 toutes les demandes. Nous fournissons des solutions flexibles pour tous les domaines d&#8217;application et nous d\u00e9veloppons constamment nos produits.<\/p>\n<p>L&#8217;\u00e9volution rapide de la technologie et les exigences toujours plus grandes en mati\u00e8re de technologie industrielle et de bo\u00eetiers sont des d\u00e9fis que nous sommes heureux de relever. L&#8217;affinit\u00e9 pour trouver des solutions pour de nouveaux segments et de nouvelles exigences est dans notre sang.[\/vc_column_text][\/vc_column_inner][vc_column_inner width=&#8221;1\/2&#8243;][vc_single_image image=&#8221;1146&#8243; img_size=&#8221;full&#8221; alignment=&#8221;center&#8221; parallax_scroll=&#8221;no&#8221;][\/vc_column_inner][\/vc_row_inner][vc_row_inner][vc_column_inner width=&#8221;1\/2&#8243;][\/vc_column_inner][vc_column_inner width=&#8221;1\/2&#8243;][\/vc_column_inner][\/vc_row_inner][vc_row_inner][vc_column_inner width=&#8221;1\/2&#8243; css=&#8221;.vc_custom_1585141011403{margin-top: -100px !important;}&#8221;][\/vc_column_inner][vc_column_inner width=&#8221;1\/2&#8243;][\/vc_column_inner][\/vc_row_inner][\/vc_column][\/vc_row]<\/p>\n","protected":false},"excerpt":{"rendered":"<p>[vc_row full_width=&#8221;stretch_row_content&#8221; mobile_bg_img_hidden=&#8221;no&#8221; tablet_bg_img_hidden=&#8221;no&#8221; woodmart_parallax=&#8221;0&#8243; woodmart_gradient_switch=&#8221;no&#8221; row_reverse_mobile=&#8221;0&#8243; row_reverse_tablet=&#8221;0&#8243; woodmart_disable_overflow=&#8221;0&#8243; css=&#8221;.vc_custom_1585845378745{margin-top: -40px !important;margin-bottom: 4vh !important;}&#8221;][vc_column][\/vc_column][\/vc_row][vc_row mobile_bg_img_hidden=&#8221;no&#8221; tablet_bg_img_hidden=&#8221;no&#8221; woodmart_parallax=&#8221;0&#8243; woodmart_gradient_switch=&#8221;no&#8221; row_reverse_mobile=&#8221;0&#8243; row_reverse_tablet=&#8221;0&#8243;<\/p>\n","protected":false},"author":1,"featured_media":0,"parent":3826,"menu_order":0,"comment_status":"closed","ping_status":"closed","template":"","meta":[],"yoast_head":"<!-- This site is optimized with the Yoast SEO Premium plugin v18.4 (Yoast SEO v18.8) - https:\/\/yoast.com\/wordpress\/plugins\/seo\/ -->\n<title>Qualit\u00e9 - BOXEXPERT - Des solutions d&#039;armoires professionnelles pour les plus hautes exigences<\/title>\n<meta name=\"robots\" content=\"index, follow, max-snippet:-1, max-image-preview:large, max-video-preview:-1\" \/>\n<link rel=\"canonical\" href=\"https:\/\/box.lilleshop.de\/fr\/societe\/qualite\/\" \/>\n<meta property=\"og:locale\" content=\"fr_FR\" \/>\n<meta property=\"og:type\" content=\"article\" \/>\n<meta property=\"og:title\" content=\"Qualit\u00e9\" \/>\n<meta property=\"og:description\" content=\"[vc_row full_width=&#8221;stretch_row_content&#8221; mobile_bg_img_hidden=&#8221;no&#8221; tablet_bg_img_hidden=&#8221;no&#8221; woodmart_parallax=&#8221;0&#8243; woodmart_gradient_switch=&#8221;no&#8221; row_reverse_mobile=&#8221;0&#8243; row_reverse_tablet=&#8221;0&#8243; woodmart_disable_overflow=&#8221;0&#8243; css=&#8221;.vc_custom_1585845378745{margin-top: -40px !important;margin-bottom: 4vh !important;}&#8221;][vc_column][\/vc_column][\/vc_row][vc_row mobile_bg_img_hidden=&#8221;no&#8221; tablet_bg_img_hidden=&#8221;no&#8221; woodmart_parallax=&#8221;0&#8243; woodmart_gradient_switch=&#8221;no&#8221; row_reverse_mobile=&#8221;0&#8243; row_reverse_tablet=&#8221;0&#8243;\" \/>\n<meta property=\"og:url\" content=\"https:\/\/box.lilleshop.de\/fr\/societe\/qualite\/\" \/>\n<meta property=\"og:site_name\" content=\"BOXEXPERT - Des solutions d&#039;armoires professionnelles pour les plus hautes exigences\" \/>\n<meta property=\"article:modified_time\" content=\"2020-06-23T12:41:21+00:00\" \/>\n<meta name=\"twitter:card\" content=\"summary_large_image\" \/>\n<meta name=\"twitter:label1\" content=\"Est. reading time\" \/>\n\t<meta name=\"twitter:data1\" content=\"6 minutes\" \/>\n<script type=\"application\/ld+json\" class=\"yoast-schema-graph\">{\"@context\":\"https:\/\/schema.org\",\"@graph\":[{\"@type\":\"WebSite\",\"@id\":\"https:\/\/box.lilleshop.de\/#website\",\"url\":\"https:\/\/box.lilleshop.de\/\",\"name\":\"BOXEXPERT - Professionelle Geh\u00e4usel\u00f6sungen f\u00fcr h\u00f6chste Anspr\u00fcche\",\"description\":\"Bo\u00eetiers industriels, armoires \u00e9lectriques, bo\u00eetiers d'installation, bo\u00eetes \u00e0 fusibles et bo\u00eetes de distribution\",\"potentialAction\":[{\"@type\":\"SearchAction\",\"target\":{\"@type\":\"EntryPoint\",\"urlTemplate\":\"https:\/\/box.lilleshop.de\/?s={search_term_string}\"},\"query-input\":\"required name=search_term_string\"}],\"inLanguage\":\"fr-FR\"},{\"@type\":\"WebPage\",\"@id\":\"https:\/\/box.lilleshop.de\/fr\/societe\/qualite\/#webpage\",\"url\":\"https:\/\/box.lilleshop.de\/fr\/societe\/qualite\/\",\"name\":\"Qualit\u00e9 - BOXEXPERT - Des solutions d'armoires professionnelles pour les plus hautes exigences\",\"isPartOf\":{\"@id\":\"https:\/\/box.lilleshop.de\/#website\"},\"datePublished\":\"2020-02-11T07:45:02+00:00\",\"dateModified\":\"2020-06-23T12:41:21+00:00\",\"breadcrumb\":{\"@id\":\"https:\/\/box.lilleshop.de\/fr\/societe\/qualite\/#breadcrumb\"},\"inLanguage\":\"fr-FR\",\"potentialAction\":[{\"@type\":\"ReadAction\",\"target\":[\"https:\/\/box.lilleshop.de\/fr\/societe\/qualite\/\"]}]},{\"@type\":\"BreadcrumbList\",\"@id\":\"https:\/\/box.lilleshop.de\/fr\/societe\/qualite\/#breadcrumb\",\"itemListElement\":[{\"@type\":\"ListItem\",\"position\":1,\"name\":\"Startseite\",\"item\":\"https:\/\/box.lilleshop.de\/fr\/\"},{\"@type\":\"ListItem\",\"position\":2,\"name\":\"Soci\u00e9t\u00e9\",\"item\":\"https:\/\/box.lilleshop.de\/fr\/societe\/\"},{\"@type\":\"ListItem\",\"position\":3,\"name\":\"Qualit\u00e9\"}]}]}<\/script>\n<!-- \/ Yoast SEO Premium plugin. -->","yoast_head_json":{"title":"Qualit\u00e9 - BOXEXPERT - Des solutions d'armoires professionnelles pour les plus hautes exigences","robots":{"index":"index","follow":"follow","max-snippet":"max-snippet:-1","max-image-preview":"max-image-preview:large","max-video-preview":"max-video-preview:-1"},"canonical":"https:\/\/box.lilleshop.de\/fr\/societe\/qualite\/","og_locale":"fr_FR","og_type":"article","og_title":"Qualit\u00e9","og_description":"[vc_row full_width=&#8221;stretch_row_content&#8221; mobile_bg_img_hidden=&#8221;no&#8221; tablet_bg_img_hidden=&#8221;no&#8221; woodmart_parallax=&#8221;0&#8243; woodmart_gradient_switch=&#8221;no&#8221; row_reverse_mobile=&#8221;0&#8243; row_reverse_tablet=&#8221;0&#8243; woodmart_disable_overflow=&#8221;0&#8243; css=&#8221;.vc_custom_1585845378745{margin-top: -40px !important;margin-bottom: 4vh !important;}&#8221;][vc_column][\/vc_column][\/vc_row][vc_row mobile_bg_img_hidden=&#8221;no&#8221; tablet_bg_img_hidden=&#8221;no&#8221; woodmart_parallax=&#8221;0&#8243; woodmart_gradient_switch=&#8221;no&#8221; row_reverse_mobile=&#8221;0&#8243; row_reverse_tablet=&#8221;0&#8243;","og_url":"https:\/\/box.lilleshop.de\/fr\/societe\/qualite\/","og_site_name":"BOXEXPERT - Des solutions d'armoires professionnelles pour les plus hautes exigences","article_modified_time":"2020-06-23T12:41:21+00:00","twitter_card":"summary_large_image","twitter_misc":{"Est. reading time":"6 minutes"},"schema":{"@context":"https:\/\/schema.org","@graph":[{"@type":"WebSite","@id":"https:\/\/box.lilleshop.de\/#website","url":"https:\/\/box.lilleshop.de\/","name":"BOXEXPERT - Professionelle Geh\u00e4usel\u00f6sungen f\u00fcr h\u00f6chste Anspr\u00fcche","description":"Bo\u00eetiers industriels, armoires \u00e9lectriques, bo\u00eetiers d'installation, bo\u00eetes \u00e0 fusibles et bo\u00eetes de distribution","potentialAction":[{"@type":"SearchAction","target":{"@type":"EntryPoint","urlTemplate":"https:\/\/box.lilleshop.de\/?s={search_term_string}"},"query-input":"required name=search_term_string"}],"inLanguage":"fr-FR"},{"@type":"WebPage","@id":"https:\/\/box.lilleshop.de\/fr\/societe\/qualite\/#webpage","url":"https:\/\/box.lilleshop.de\/fr\/societe\/qualite\/","name":"Qualit\u00e9 - BOXEXPERT - Des solutions d'armoires professionnelles pour les plus hautes exigences","isPartOf":{"@id":"https:\/\/box.lilleshop.de\/#website"},"datePublished":"2020-02-11T07:45:02+00:00","dateModified":"2020-06-23T12:41:21+00:00","breadcrumb":{"@id":"https:\/\/box.lilleshop.de\/fr\/societe\/qualite\/#breadcrumb"},"inLanguage":"fr-FR","potentialAction":[{"@type":"ReadAction","target":["https:\/\/box.lilleshop.de\/fr\/societe\/qualite\/"]}]},{"@type":"BreadcrumbList","@id":"https:\/\/box.lilleshop.de\/fr\/societe\/qualite\/#breadcrumb","itemListElement":[{"@type":"ListItem","position":1,"name":"Startseite","item":"https:\/\/box.lilleshop.de\/fr\/"},{"@type":"ListItem","position":2,"name":"Soci\u00e9t\u00e9","item":"https:\/\/box.lilleshop.de\/fr\/societe\/"},{"@type":"ListItem","position":3,"name":"Qualit\u00e9"}]}]}},"_links":{"self":[{"href":"https:\/\/box.lilleshop.de\/fr\/wp-json\/wp\/v2\/pages\/4534"}],"collection":[{"href":"https:\/\/box.lilleshop.de\/fr\/wp-json\/wp\/v2\/pages"}],"about":[{"href":"https:\/\/box.lilleshop.de\/fr\/wp-json\/wp\/v2\/types\/page"}],"author":[{"embeddable":true,"href":"https:\/\/box.lilleshop.de\/fr\/wp-json\/wp\/v2\/users\/1"}],"replies":[{"embeddable":true,"href":"https:\/\/box.lilleshop.de\/fr\/wp-json\/wp\/v2\/comments?post=4534"}],"version-history":[{"count":5,"href":"https:\/\/box.lilleshop.de\/fr\/wp-json\/wp\/v2\/pages\/4534\/revisions"}],"predecessor-version":[{"id":10998,"href":"https:\/\/box.lilleshop.de\/fr\/wp-json\/wp\/v2\/pages\/4534\/revisions\/10998"}],"up":[{"embeddable":true,"href":"https:\/\/box.lilleshop.de\/fr\/wp-json\/wp\/v2\/pages\/3826"}],"wp:attachment":[{"href":"https:\/\/box.lilleshop.de\/fr\/wp-json\/wp\/v2\/media?parent=4534"}],"curies":[{"name":"wp","href":"https:\/\/api.w.org\/{rel}","templated":true}]}}