{"id":49518,"date":"2021-08-25T22:47:29","date_gmt":"2021-08-25T22:47:29","guid":{"rendered":"https:\/\/boxexpert.de\/ota-yhteyttae\/"},"modified":"2021-08-25T22:47:35","modified_gmt":"2021-08-25T22:47:35","slug":"ota-yhteyttae","status":"publish","type":"page","link":"https:\/\/box.lilleshop.de\/fi\/ota-yhteyttae\/","title":{"rendered":"Ota yhteytt\u00e4"},"content":{"rendered":"<p>[vc_row full_width=&#8221;stretch_row_content&#8221; css=&#8221;.vc_custom_1586172168577{margin-top: -40px !important;margin-bottom: 6vh !important;}&#8221; mobile_bg_img_hidden=&#8221;no&#8221; tablet_bg_img_hidden=&#8221;no&#8221; woodmart_parallax=&#8221;0&#8243; woodmart_gradient_switch=&#8221;no&#8221; row_reverse_mobile=&#8221;0&#8243; row_reverse_tablet=&#8221;0&#8243; woodmart_disable_overflow=&#8221;0&#8243;][vc_column mobile_bg_img_hidden=&#8221;no&#8221; tablet_bg_img_hidden=&#8221;no&#8221; woodmart_parallax=&#8221;0&#8243; woodmart_sticky_column=&#8221;false&#8221; parallax_scroll=&#8221;no&#8221; mobile_reset_margin=&#8221;no&#8221; tablet_reset_margin=&#8221;no&#8221;][vc_column_text text_larger=&#8221;no&#8221;]<div class=\"BorlabsCookie\"><div class=\"_brlbs-content-blocker\"> <div class=\"_brlbs-embed _brlbs-google-maps\"> <img class=\"_brlbs-thumbnail\" src=\"https:\/\/box.lilleshop.de\/wp-content\/plugins\/borlabs-cookie\/assets\/images\/cb-maps.png\" alt=\"Google Maps\"> <div class=\"_brlbs-caption\"> <p>Mit dem Laden der Karte akzeptieren Sie die Datenschutzerkl\u00e4rung von Google.<br><a href=\"https:\/\/policies.google.com\/privacy\" target=\"_blank\" rel=\"nofollow noopener noreferrer\">Mehr erfahren<\/a><\/p> <p><a class=\"_brlbs-btn\" href=\"#\" data-borlabs-cookie-unblock role=\"button\">Karte laden<\/a><\/p> <p><label><input type=\"checkbox\" name=\"unblockAll\" value=\"1\" checked> <small>Google Maps immer entsperren<\/small><\/label><\/p> <\/div> <\/div> <\/div><div class=\"borlabs-hide\" data-borlabs-cookie-type=\"content-blocker\" data-borlabs-cookie-id=\"googlemaps\"><script type=\"text\/template\">PGlmcmFtZSBsb2FkaW5nPSJsYXp5IiBzdHlsZT0iYm9yZGVyOiAwOyIgdGFiaW5kZXg9IjAiIHNyYz0iaHR0cHM6Ly93d3cuZ29vZ2xlLmNvbS9tYXBzL2VtYmVkP3BiPSExbTE4ITFtMTIhMW0zITFkMTU2OTIwLjAyMjY2NTkzNzg3ITJkOS44OTA2MzY5Njc3MzkyOTYhM2Q1My42MzU4OTc0NTY1MDM0NCEybTMhMWYwITJmMCEzZjAhM20yITFpMTAyNCEyaTc2OCE0ZjEzLjEhM20zITFtMiExczB4NDdiMTg5Y2IxNTg1M2NmMSUzQTB4ZThmYjVkOTUyMmYzYzcwYSEyc0JyZXVlbGwlMjBJbmdlbmlldXJiJUMzJUJDcm8lMjBHbWJIITVlMCEzbTIhMXNkZSEyc2RlITR2MTU4ODYwNDk5MDgwMiE1bTIhMXNkZSEyc2RlIiB3aWR0aD0iMTkyMCIgaGVpZ2h0PSI0MDAiIGZyYW1lYm9yZGVyPSIwIiBhbGxvd2Z1bGxzY3JlZW49ImFsbG93ZnVsbHNjcmVlbiIgYXJpYS1oaWRkZW49ImZhbHNlIj48L2lmcmFtZT4=<\/script><\/div><\/div>[\/vc_column_text][\/vc_column][\/vc_row][vc_row][vc_column width=&#8221;1\/4&#8243;][vc_widget_sidebar sidebar_id=&#8221;sidebar-547&#8243;][\/vc_column][vc_column width=&#8221;3\/4&#8243;]\n\t\t<div id=\"wd-5e8b17e5e6a25\" class=\"title-wrapper wd-wpb set-mb-s reset-last-child  wd-rs-5e8b17e5e6a25 wd-title-color-primary wd-title-style-underlined wd-width-100 text-left vc_custom_1586173935555 wd-underline-colored\">\n\t\t\t\n\t\t\t<div class=\"liner-continer\">\n\t\t\t\t<h1 class=\"woodmart-title-container title  wd-font-weight- wd-fontsize-xxl\" ><strong>OTA YHTEYTT\u00c4<\/strong><\/h1>\n\t\t\t\t\t\t\t<\/div>\n\t\t\t\n\t\t\t\n\t\t\t\n\t\t<\/div>\n\t\t\n\t\t[vc_column_text text_larger=&#8221;no&#8221; css=&#8221;.vc_custom_1587217597095{margin-top: -20px !important;}&#8221;]Jos sinulla on kysytt\u00e4v\u00e4\u00e4 tuotteistamme tai palveluistamme, henkil\u00f6kuntamme vastaa niihin mielell\u00e4\u00e4n. Tavoitat meid\u00e4t k\u00e4tev\u00e4sti verkkokeskustelumme kautta, s\u00e4hk\u00f6postitse, yhteydenottolomakkeella tai puhelimitse. <\/p>\n<p>Jos haluat tehd\u00e4 tiedustelun erikoiskotelosta, voit k\u00e4ytt\u00e4\u00e4 erikoiskoteloita koskevaa <a href=\"https:\/\/box.lilleshop.de\/kontakt\/anfrageformular-fuer-sondergehaeuse\/\">tiedustelulomakettamme<\/a>.[\/vc_column_text]<script type=\"text\/javascript\">var gform;gform||(document.addEventListener(\"gform_main_scripts_loaded\",function(){gform.scriptsLoaded=!0}),window.addEventListener(\"DOMContentLoaded\",function(){gform.domLoaded=!0}),gform={domLoaded:!1,scriptsLoaded:!1,initializeOnLoaded:function(o){gform.domLoaded&&gform.scriptsLoaded?o():!gform.domLoaded&&gform.scriptsLoaded?window.addEventListener(\"DOMContentLoaded\",o):document.addEventListener(\"gform_main_scripts_loaded\",o)},hooks:{action:{},filter:{}},addAction:function(o,n,r,t){gform.addHook(\"action\",o,n,r,t)},addFilter:function(o,n,r,t){gform.addHook(\"filter\",o,n,r,t)},doAction:function(o){gform.doHook(\"action\",o,arguments)},applyFilters:function(o){return gform.doHook(\"filter\",o,arguments)},removeAction:function(o,n){gform.removeHook(\"action\",o,n)},removeFilter:function(o,n,r){gform.removeHook(\"filter\",o,n,r)},addHook:function(o,n,r,t,i){null==gform.hooks[o][n]&&(gform.hooks[o][n]=[]);var e=gform.hooks[o][n];null==i&&(i=n+\"_\"+e.length),gform.hooks[o][n].push({tag:i,callable:r,priority:t=null==t?10:t})},doHook:function(n,o,r){var t;if(r=Array.prototype.slice.call(r,1),null!=gform.hooks[n][o]&&((o=gform.hooks[n][o]).sort(function(o,n){return o.priority-n.priority}),o.forEach(function(o){\"function\"!=typeof(t=o.callable)&&(t=window[t]),\"action\"==n?t.apply(null,r):r[0]=t.apply(null,r)})),\"filter\"==n)return r[0]},removeHook:function(o,n,t,i){var r;null!=gform.hooks[o][n]&&(r=(r=gform.hooks[o][n]).filter(function(o,n,r){return!!(null!=i&&i!=o.tag||null!=t&&t!=o.priority)}),gform.hooks[o][n]=r)}});<\/script>\n                <div class='gf_browser_gecko gform_wrapper gravity-theme' id='gform_wrapper_67' style='display:none'><form method='post' enctype='multipart\/form-data'  id='gform_67'  action='\/fi\/wp-json\/wp\/v2\/pages\/49518' >\n                        <div class='gform_body gform-body'><div id='gform_fields_67' class='gform_fields top_label form_sublabel_below description_below'><fieldset id=\"field_67_1\"  class=\"gfield gf_list_inline field_sublabel_below field_description_above hidden_label gfield_visibility_visible\"  data-js-reload=\"field_67_1\"><legend class='gfield_label'  >Anrede<\/legend><div class='ginput_container ginput_container_radio'><div class='gfield_radio' id='input_67_1'>\n\t\t\t<div class='gchoice gchoice_67_1_0'>\n\t\t\t\t\t<input class='gfield-choice-input' name='input_1' type='radio' value='Herr'  id='choice_67_1_0' onchange='gformToggleRadioOther( this )'    \/>\n\t\t\t\t\t<label for='choice_67_1_0' id='label_67_1_0'>Herra<\/label>\n\t\t\t<\/div>\n\t\t\t<div class='gchoice gchoice_67_1_1'>\n\t\t\t\t\t<input class='gfield-choice-input' name='input_1' type='radio' value='Frau'  id='choice_67_1_1' onchange='gformToggleRadioOther( this )'    \/>\n\t\t\t\t\t<label for='choice_67_1_1' id='label_67_1_1'>Ms<\/label>\n\t\t\t<\/div><\/div><\/div><\/fieldset><fieldset id=\"field_67_18\"  class=\"gfield gfield--width-full gfield_contains_required field_sublabel_hidden_label field_description_below hidden_label gfield_visibility_visible\"  data-js-reload=\"field_67_18\"><legend class='gfield_label gfield_label_before_complex'  >Name<span class=\"gfield_required\"><span class=\"gfield_required gfield_required_asterisk\">*<\/span><\/span><\/legend><div class='ginput_complex ginput_container no_prefix has_first_name no_middle_name has_last_name no_suffix gf_name_has_2 ginput_container_name' id='input_67_18'>\n                            \n                            <span id='input_67_18_3_container' class='name_first' >\n                                                    <input type='text' name='input_18.3' id='input_67_18_3' value=''   aria-required='true'   placeholder='Etunimi'  \/>\n                                                    <label for='input_67_18_3' class='hidden_sub_label screen-reader-text'>First<\/label>\n                                                <\/span>\n                            \n                            <span id='input_67_18_6_container' class='name_last' >\n                                                    <input type='text' name='input_18.6' id='input_67_18_6' value=''   aria-required='true'   placeholder='Sukunimi'  \/>\n                                                    <label for='input_67_18_6' class='hidden_sub_label screen-reader-text'>Last<\/label>\n                                                <\/span>\n                            \n                        <\/div><\/fieldset><div id=\"field_67_8\"  class=\"gfield gfield--width-half gfield_contains_required field_sublabel_below field_description_below hidden_label gfield_visibility_visible\"  data-js-reload=\"field_67_8\"><label class='gfield_label' for='input_67_8' >E-Mail<span class=\"gfield_required\"><span class=\"gfield_required gfield_required_asterisk\">*<\/span><\/span><\/label><div class='ginput_container ginput_container_email'>\n                            <input name='input_8' id='input_67_8' type='text' value='' class='large'   placeholder='S\u00e4hk\u00f6posti*' aria-required=\"true\" aria-invalid=\"false\"  \/>\n                        <\/div><\/div><div id=\"field_67_7\"  class=\"gfield gfield--width-half field_sublabel_below field_description_below hidden_label gfield_visibility_visible\"  data-js-reload=\"field_67_7\"><label class='gfield_label' for='input_67_7' >Firma<\/label><div class='ginput_container ginput_container_text'><input name='input_7' id='input_67_7' type='text' value='' class='large'    placeholder='Yritys'  aria-invalid=\"false\"   \/> <\/div><\/div><fieldset id=\"field_67_15\"  class=\"gfield gfield--width-full gf_list_inline gf_left_half gfield--width-half field_sublabel_below field_description_below gfield_visibility_visible\"  data-js-reload=\"field_67_15\"><legend class='gfield_label'  >Haluan<\/legend><div class='ginput_container ginput_container_radio'><div class='gfield_radio' id='input_67_15'>\n\t\t\t<div class='gchoice gchoice_67_15_0'>\n\t\t\t\t\t<input class='gfield-choice-input' name='input_15' type='radio' value='Produkt anfragen'  id='choice_67_15_0' onchange='gformToggleRadioOther( this )'    \/>\n\t\t\t\t\t<label for='choice_67_15_0' id='label_67_15_0'>Pyyd\u00e4 tuotetta<\/label>\n\t\t\t<\/div>\n\t\t\t<div class='gchoice gchoice_67_15_1'>\n\t\t\t\t\t<input class='gfield-choice-input' name='input_15' type='radio' value='Beratung'  id='choice_67_15_1' onchange='gformToggleRadioOther( this )'    \/>\n\t\t\t\t\t<label for='choice_67_15_1' id='label_67_15_1'>Konsultointi<\/label>\n\t\t\t<\/div>\n\t\t\t<div class='gchoice gchoice_67_15_2'>\n\t\t\t\t\t<input class='gfield-choice-input' name='input_15' type='radio' value='Angebot'  id='choice_67_15_2' onchange='gformToggleRadioOther( this )'    \/>\n\t\t\t\t\t<label for='choice_67_15_2' id='label_67_15_2'>Tarjous<\/label>\n\t\t\t<\/div><\/div><\/div><\/fieldset><fieldset id=\"field_67_14\"  class=\"gfield gfield--width-full gf_right_half gfield--width-half field_sublabel_below field_description_below gfield_visibility_visible\"  data-js-reload=\"field_67_14\"><legend class='gfield_label gfield_label_before_complex'  >Beratung per<\/legend><div class='ginput_container ginput_container_checkbox'><div class='gfield_checkbox' id='input_67_14'><div class='gchoice gchoice_67_14_1'>\n\t\t\t\t\t\t\t\t<input class='gfield-choice-input' name='input_14.1' type='checkbox'  value='Telefon'  id='choice_67_14_1'   \/>\n\t\t\t\t\t\t\t\t<label for='choice_67_14_1' id='label_67_14_1'>Telefon<\/label>\n\t\t\t\t\t\t\t<\/div><div class='gchoice gchoice_67_14_2'>\n\t\t\t\t\t\t\t\t<input class='gfield-choice-input' name='input_14.2' type='checkbox'  value='Video'  id='choice_67_14_2'   \/>\n\t\t\t\t\t\t\t\t<label for='choice_67_14_2' id='label_67_14_2'>Video<\/label>\n\t\t\t\t\t\t\t<\/div><div class='gchoice gchoice_67_14_3'>\n\t\t\t\t\t\t\t\t<input class='gfield-choice-input' name='input_14.3' type='checkbox'  value='Pers\u00f6nlich'  id='choice_67_14_3'   \/>\n\t\t\t\t\t\t\t\t<label for='choice_67_14_3' id='label_67_14_3'>Pers\u00f6nlich<\/label>\n\t\t\t\t\t\t\t<\/div><\/div><\/div><\/fieldset><div id=\"field_67_16\"  class=\"gfield gfield--width-full field_sublabel_below field_description_below hidden_label gfield_visibility_visible\"  data-js-reload=\"field_67_16\"><label class='gfield_label' for='input_67_16' >E-Mail Adresse<\/label><div class='ginput_container ginput_container_email'>\n                            <input name='input_16' id='input_67_16' type='text' value='' class='medium'   placeholder='S\u00e4hk\u00f6postiosoite'  aria-invalid=\"false\"  \/>\n                        <\/div><\/div><div id=\"field_67_19\"  class=\"gfield gfield--width-full field_sublabel_below field_description_below gfield_visibility_visible\"  data-js-reload=\"field_67_19\"><label class='gfield_label' for='input_67_19' >Telefon<\/label><div class='ginput_container ginput_container_phone'><input name='input_19' id='input_67_19' type='text' value='' class='large'    aria-invalid=\"false\"   \/><\/div><\/div><fieldset id=\"field_67_6\"  class=\"gfield gfield--width-full field_sublabel_below field_description_below gfield_visibility_visible\"  data-js-reload=\"field_67_6\"><legend class='gfield_label gfield_label_before_complex'  >Anschrift<\/legend>    \n                    <div class='ginput_complex ginput_container has_street has_street2 has_city has_zip ginput_container_address' id='input_67_6' >\n                         <span class='ginput_full address_line_1 ginput_address_line_1' id='input_67_6_1_container' >\n                                        <input type='text' name='input_6.1' id='input_67_6_1' value=''    aria-required='false'    \/>\n                                        <label for='input_67_6_1' id='input_67_6_1_label' >Street Address<\/label>\n                                    <\/span><span class='ginput_full address_line_2 ginput_address_line_2' id='input_67_6_2_container' >\n                                        <input type='text' name='input_6.2' id='input_67_6_2' value=''     aria-required='false'   \/>\n                                        <label for='input_67_6_2' id='input_67_6_2_label' >Address Line 2<\/label>\n                                    <\/span><span class='ginput_left address_city ginput_address_city' id='input_67_6_3_container' >\n                                    <input type='text' name='input_6.3' id='input_67_6_3' value=''    aria-required='false'    \/>\n                                    <label for='input_67_6_3' id='input_67_6_3_label' >City<\/label>\n                                 <\/span><input type='hidden' class='gform_hidden' name='input_6.4' id='input_67_6_4' value=''\/><span class='ginput_right address_zip ginput_address_zip' id='input_67_6_5_container' >\n                                    <input type='text' name='input_6.5' id='input_67_6_5' value=''    aria-required='false'    \/>\n                                    <label for='input_67_6_5' id='input_67_6_5_label' >ZIP \/ Postal Code<\/label>\n                                <\/span><input type='hidden' class='gform_hidden' name='input_6.6' id='input_67_6_6' value='Deutschland' \/>\n                    <div class='gf_clear gf_clear_complex'><\/div>\n                <\/div><\/fieldset><div id=\"field_67_12\"  class=\"gfield gfield--width-full field_sublabel_below field_description_below hidden_label gfield_visibility_visible\"  data-js-reload=\"field_67_12\"><label class='gfield_label' for='input_67_12' >Ihre Anfrage\/ Nachricht an uns<\/label><div class='ginput_container ginput_container_textarea'><textarea name='input_12' id='input_67_12' class='textarea small'    placeholder='Pyynt\u00f6si\/ viestisi meille'  aria-invalid=\"false\"   rows='10' cols='50'><\/textarea><\/div><\/div><fieldset id=\"field_67_13\"  class=\"gfield gfield_contains_required field_sublabel_below field_description_below hidden_label gfield_visibility_visible\"  data-js-reload=\"field_67_13\"><legend class='gfield_label gfield_label_before_complex'  >Einwilligung<span class=\"gfield_required\"><span class=\"gfield_required gfield_required_asterisk\">*<\/span><\/span><\/legend><div class='ginput_container ginput_container_consent'><input name='input_13.1' id='input_67_13_1' type='checkbox' value='1'   aria-required=\"true\" aria-invalid=\"false\"   \/> <label class=\"gfield_consent_label\" for='input_67_13_1' >Olen ottanut huomioon tietosuojak\u00e4yt\u00e4nn\u00f6n. Hyv\u00e4ksyn, ett\u00e4 tietoni ja tietoni voidaan ker\u00e4t\u00e4 ja tallentaa s\u00e4hk\u00f6isesti, jotta kyselyyni voidaan vastata.<\/label><span class=\"gfield_required gfield_required_asterisk\">*<\/span><input type='hidden' name='input_13.2' value='Olen ottanut huomioon tietosuojak\u00e4yt\u00e4nn\u00f6n. Hyv\u00e4ksyn, ett\u00e4 tietoni ja tietoni voidaan ker\u00e4t\u00e4 ja tallentaa s\u00e4hk\u00f6isesti, jotta kyselyyni voidaan vastata.' class='gform_hidden' \/><input type='hidden' name='input_13.3' value='66' class='gform_hidden' \/><\/div><\/fieldset><div id=\"field_67_20\"  class=\"gfield gform_validation_container field_sublabel_below field_description_below gfield_visibility_visible\"  data-js-reload=\"field_67_20\"><label class='gfield_label' for='input_67_20' >Comments<\/label><div class='ginput_container'><input name='input_20' id='input_67_20' type='text' value='' \/><\/div><div class='gfield_description' id='gfield_description_67_20'>This field is for validation purposes and should be left unchanged.<\/div><\/div><\/div><\/div>\n        <div class='gform_footer top_label'> <input type='submit' id='gform_submit_button_67' class='gform_button button' value='L\u00e4het\u00e4 pyynt\u00f6 nyt'  onclick='if(window[\"gf_submitting_67\"]){return false;}  window[\"gf_submitting_67\"]=true;  ' onkeypress='if( event.keyCode == 13 ){ if(window[\"gf_submitting_67\"]){return false;} window[\"gf_submitting_67\"]=true;  jQuery(\"#gform_67\").trigger(\"submit\",[true]); }' \/> \n            <input type='hidden' class='gform_hidden' name='is_submit_67' value='1' \/>\n            <input type='hidden' class='gform_hidden' name='gform_submit' value='67' \/>\n            \n            <input type='hidden' class='gform_hidden' name='gform_unique_id' value='' \/>\n            <input type='hidden' class='gform_hidden' name='state_67' value='WyJ7XCIxMy4xXCI6XCI4NTNiYTdlNzlmZWZmYmRiZTcyYTE4ZDA5ZTM3NTk4OFwiLFwiMTMuMlwiOlwiZTNmZjY2NTg0OTBlNDYzMGQwYWU5OWQ3ZTU5ZmRjZjVcIixcIjEzLjNcIjpcIjU0OTExZDMyZmVjOTBiZDYyZDE4YWI0MDMyNmRiNDFkXCJ9IiwiOGUyMDcwMjA2ZDk0ZjFhMzE1ODIwYTMwNmRkODBmOTYiXQ==' \/>\n            <input type='hidden' class='gform_hidden' name='gform_target_page_number_67' id='gform_target_page_number_67' value='0' \/>\n            <input type='hidden' class='gform_hidden' name='gform_source_page_number_67' id='gform_source_page_number_67' value='1' \/>\n            <input type='hidden' name='gform_field_values' value='' \/>\n            \n        <\/div>\n                        <\/form>\n                        <\/div>[\/vc_column][\/vc_row]<\/p>\n","protected":false},"excerpt":{"rendered":"<p>[vc_row full_width=&#8221;stretch_row_content&#8221; css=&#8221;.vc_custom_1586172168577{margin-top: -40px !important;margin-bottom: 6vh !important;}&#8221; mobile_bg_img_hidden=&#8221;no&#8221; tablet_bg_img_hidden=&#8221;no&#8221; woodmart_parallax=&#8221;0&#8243; woodmart_gradient_switch=&#8221;no&#8221; row_reverse_mobile=&#8221;0&#8243; row_reverse_tablet=&#8221;0&#8243; woodmart_disable_overflow=&#8221;0&#8243;][vc_column mobile_bg_img_hidden=&#8221;no&#8221; tablet_bg_img_hidden=&#8221;no&#8221; woodmart_parallax=&#8221;0&#8243; woodmart_sticky_column=&#8221;false&#8221; parallax_scroll=&#8221;no&#8221; mobile_reset_margin=&#8221;no&#8221;<\/p>\n","protected":false},"author":1,"featured_media":0,"parent":0,"menu_order":0,"comment_status":"closed","ping_status":"closed","template":"","meta":[],"yoast_head":"<!-- This site is optimized with the Yoast SEO Premium plugin v18.4 (Yoast SEO v18.8) - https:\/\/yoast.com\/wordpress\/plugins\/seo\/ -->\n<title>Ota yhteytt\u00e4 - BOXEXPERT - Professionelle Geh\u00e4usel\u00f6sungen f\u00fcr h\u00f6chste Anspr\u00fcche<\/title>\n<meta name=\"robots\" content=\"index, follow, max-snippet:-1, max-image-preview:large, max-video-preview:-1\" \/>\n<link rel=\"canonical\" href=\"https:\/\/box.lilleshop.de\/fi\/ota-yhteyttae\/\" \/>\n<meta property=\"og:locale\" content=\"fi_FI\" \/>\n<meta property=\"og:type\" content=\"article\" \/>\n<meta property=\"og:title\" content=\"Ota yhteytt\u00e4\" \/>\n<meta property=\"og:description\" content=\"[vc_row full_width=&#8221;stretch_row_content&#8221; css=&#8221;.vc_custom_1586172168577{margin-top: -40px !important;margin-bottom: 6vh !important;}&#8221; mobile_bg_img_hidden=&#8221;no&#8221; tablet_bg_img_hidden=&#8221;no&#8221; woodmart_parallax=&#8221;0&#8243; woodmart_gradient_switch=&#8221;no&#8221; row_reverse_mobile=&#8221;0&#8243; row_reverse_tablet=&#8221;0&#8243; woodmart_disable_overflow=&#8221;0&#8243;][vc_column mobile_bg_img_hidden=&#8221;no&#8221; tablet_bg_img_hidden=&#8221;no&#8221; woodmart_parallax=&#8221;0&#8243; woodmart_sticky_column=&#8221;false&#8221; parallax_scroll=&#8221;no&#8221; mobile_reset_margin=&#8221;no&#8221;\" \/>\n<meta property=\"og:url\" content=\"https:\/\/box.lilleshop.de\/fi\/ota-yhteyttae\/\" \/>\n<meta property=\"og:site_name\" content=\"BOXEXPERT - Professionelle Geh\u00e4usel\u00f6sungen f\u00fcr h\u00f6chste Anspr\u00fcche\" \/>\n<meta property=\"article:modified_time\" content=\"2021-08-25T22:47:35+00:00\" \/>\n<meta name=\"twitter:card\" content=\"summary_large_image\" \/>\n<meta name=\"twitter:label1\" content=\"Est. reading time\" \/>\n\t<meta name=\"twitter:data1\" content=\"1 minute\" \/>\n<script type=\"application\/ld+json\" class=\"yoast-schema-graph\">{\"@context\":\"https:\/\/schema.org\",\"@graph\":[{\"@type\":\"WebSite\",\"@id\":\"https:\/\/box.lilleshop.de\/#website\",\"url\":\"https:\/\/box.lilleshop.de\/\",\"name\":\"BOXEXPERT - Professionelle Geh\u00e4usel\u00f6sungen f\u00fcr h\u00f6chste Anspr\u00fcche\",\"description\":\"Industriegeh\u00e4use, Schaltschr\u00e4nke, Installationsgeh\u00e4use, Sicherungsk\u00e4sten und Verteilerk\u00e4sten\",\"potentialAction\":[{\"@type\":\"SearchAction\",\"target\":{\"@type\":\"EntryPoint\",\"urlTemplate\":\"https:\/\/box.lilleshop.de\/?s={search_term_string}\"},\"query-input\":\"required name=search_term_string\"}],\"inLanguage\":\"fi\"},{\"@type\":\"WebPage\",\"@id\":\"https:\/\/box.lilleshop.de\/fi\/ota-yhteyttae\/#webpage\",\"url\":\"https:\/\/box.lilleshop.de\/fi\/ota-yhteyttae\/\",\"name\":\"Ota yhteytt\u00e4 - BOXEXPERT - Professionelle Geh\u00e4usel\u00f6sungen f\u00fcr h\u00f6chste Anspr\u00fcche\",\"isPartOf\":{\"@id\":\"https:\/\/box.lilleshop.de\/#website\"},\"datePublished\":\"2021-08-25T22:47:29+00:00\",\"dateModified\":\"2021-08-25T22:47:35+00:00\",\"breadcrumb\":{\"@id\":\"https:\/\/box.lilleshop.de\/fi\/ota-yhteyttae\/#breadcrumb\"},\"inLanguage\":\"fi\",\"potentialAction\":[{\"@type\":\"ReadAction\",\"target\":[\"https:\/\/box.lilleshop.de\/fi\/ota-yhteyttae\/\"]}]},{\"@type\":\"BreadcrumbList\",\"@id\":\"https:\/\/box.lilleshop.de\/fi\/ota-yhteyttae\/#breadcrumb\",\"itemListElement\":[{\"@type\":\"ListItem\",\"position\":1,\"name\":\"Startseite\",\"item\":\"https:\/\/box.lilleshop.de\/fi\/\"},{\"@type\":\"ListItem\",\"position\":2,\"name\":\"Ota yhteytt\u00e4\"}]}]}<\/script>\n<!-- \/ Yoast SEO Premium plugin. -->","yoast_head_json":{"title":"Ota yhteytt\u00e4 - BOXEXPERT - Professionelle Geh\u00e4usel\u00f6sungen f\u00fcr h\u00f6chste Anspr\u00fcche","robots":{"index":"index","follow":"follow","max-snippet":"max-snippet:-1","max-image-preview":"max-image-preview:large","max-video-preview":"max-video-preview:-1"},"canonical":"https:\/\/box.lilleshop.de\/fi\/ota-yhteyttae\/","og_locale":"fi_FI","og_type":"article","og_title":"Ota yhteytt\u00e4","og_description":"[vc_row full_width=&#8221;stretch_row_content&#8221; css=&#8221;.vc_custom_1586172168577{margin-top: -40px !important;margin-bottom: 6vh !important;}&#8221; mobile_bg_img_hidden=&#8221;no&#8221; tablet_bg_img_hidden=&#8221;no&#8221; woodmart_parallax=&#8221;0&#8243; woodmart_gradient_switch=&#8221;no&#8221; row_reverse_mobile=&#8221;0&#8243; row_reverse_tablet=&#8221;0&#8243; woodmart_disable_overflow=&#8221;0&#8243;][vc_column mobile_bg_img_hidden=&#8221;no&#8221; tablet_bg_img_hidden=&#8221;no&#8221; woodmart_parallax=&#8221;0&#8243; woodmart_sticky_column=&#8221;false&#8221; parallax_scroll=&#8221;no&#8221; mobile_reset_margin=&#8221;no&#8221;","og_url":"https:\/\/box.lilleshop.de\/fi\/ota-yhteyttae\/","og_site_name":"BOXEXPERT - Professionelle Geh\u00e4usel\u00f6sungen f\u00fcr h\u00f6chste Anspr\u00fcche","article_modified_time":"2021-08-25T22:47:35+00:00","twitter_card":"summary_large_image","twitter_misc":{"Est. reading time":"1 minute"},"schema":{"@context":"https:\/\/schema.org","@graph":[{"@type":"WebSite","@id":"https:\/\/box.lilleshop.de\/#website","url":"https:\/\/box.lilleshop.de\/","name":"BOXEXPERT - Professionelle Geh\u00e4usel\u00f6sungen f\u00fcr h\u00f6chste Anspr\u00fcche","description":"Industriegeh\u00e4use, Schaltschr\u00e4nke, Installationsgeh\u00e4use, Sicherungsk\u00e4sten und Verteilerk\u00e4sten","potentialAction":[{"@type":"SearchAction","target":{"@type":"EntryPoint","urlTemplate":"https:\/\/box.lilleshop.de\/?s={search_term_string}"},"query-input":"required name=search_term_string"}],"inLanguage":"fi"},{"@type":"WebPage","@id":"https:\/\/box.lilleshop.de\/fi\/ota-yhteyttae\/#webpage","url":"https:\/\/box.lilleshop.de\/fi\/ota-yhteyttae\/","name":"Ota yhteytt\u00e4 - BOXEXPERT - Professionelle Geh\u00e4usel\u00f6sungen f\u00fcr h\u00f6chste Anspr\u00fcche","isPartOf":{"@id":"https:\/\/box.lilleshop.de\/#website"},"datePublished":"2021-08-25T22:47:29+00:00","dateModified":"2021-08-25T22:47:35+00:00","breadcrumb":{"@id":"https:\/\/box.lilleshop.de\/fi\/ota-yhteyttae\/#breadcrumb"},"inLanguage":"fi","potentialAction":[{"@type":"ReadAction","target":["https:\/\/box.lilleshop.de\/fi\/ota-yhteyttae\/"]}]},{"@type":"BreadcrumbList","@id":"https:\/\/box.lilleshop.de\/fi\/ota-yhteyttae\/#breadcrumb","itemListElement":[{"@type":"ListItem","position":1,"name":"Startseite","item":"https:\/\/box.lilleshop.de\/fi\/"},{"@type":"ListItem","position":2,"name":"Ota yhteytt\u00e4"}]}]}},"_links":{"self":[{"href":"https:\/\/box.lilleshop.de\/fi\/wp-json\/wp\/v2\/pages\/49518"}],"collection":[{"href":"https:\/\/box.lilleshop.de\/fi\/wp-json\/wp\/v2\/pages"}],"about":[{"href":"https:\/\/box.lilleshop.de\/fi\/wp-json\/wp\/v2\/types\/page"}],"author":[{"embeddable":true,"href":"https:\/\/box.lilleshop.de\/fi\/wp-json\/wp\/v2\/users\/1"}],"replies":[{"embeddable":true,"href":"https:\/\/box.lilleshop.de\/fi\/wp-json\/wp\/v2\/comments?post=49518"}],"version-history":[{"count":4,"href":"https:\/\/box.lilleshop.de\/fi\/wp-json\/wp\/v2\/pages\/49518\/revisions"}],"predecessor-version":[{"id":49530,"href":"https:\/\/box.lilleshop.de\/fi\/wp-json\/wp\/v2\/pages\/49518\/revisions\/49530"}],"wp:attachment":[{"href":"https:\/\/box.lilleshop.de\/fi\/wp-json\/wp\/v2\/media?parent=49518"}],"curies":[{"name":"wp","href":"https:\/\/api.w.org\/{rel}","templated":true}]}}