{"id":49482,"date":"2021-08-25T22:44:44","date_gmt":"2021-08-25T22:44:44","guid":{"rendered":"https:\/\/boxexpert.de\/jaelki\/"},"modified":"2021-08-26T05:31:15","modified_gmt":"2021-08-26T05:31:15","slug":"jaelki","status":"publish","type":"page","link":"https:\/\/box.lilleshop.de\/fi\/jaelki\/","title":{"rendered":"J\u00e4lki"},"content":{"rendered":"<p>[vc_row full_width=&#8221;stretch_row_content&#8221; mobile_bg_img_hidden=&#8221;no&#8221; tablet_bg_img_hidden=&#8221;no&#8221; woodmart_parallax=&#8221;0&#8243; woodmart_gradient_switch=&#8221;no&#8221; row_reverse_mobile=&#8221;0&#8243; row_reverse_tablet=&#8221;0&#8243; woodmart_disable_overflow=&#8221;0&#8243; css=&#8221;.vc_custom_1585845026454{margin-top: -40px !important;margin-bottom: 4vh !important;}&#8221;][vc_column]\n\t\t\t<!-- START historie REVOLUTION SLIDER 6.5.21 --><p class=\"rs-p-wp-fix\"><\/p>\n\t\t\t<rs-module-wrap id=\"rev_slider_19_1_wrapper\" data-source=\"gallery\" style=\"visibility:hidden;background:transparent;padding:0;margin:0px auto;margin-top:0;margin-bottom:0;\">\n\t\t\t\t<rs-module id=\"rev_slider_19_1\" style=\"\" data-version=\"6.5.21\">\n\t\t\t\t\t<rs-slides>\n\t\t\t\t\t\t<rs-slide style=\"position: absolute;\" data-key=\"rs-337\" data-title=\"Slide\" data-in=\"o:0;\" data-out=\"a:false;\">\n\t\t\t\t\t\t\t<img src=\"\/\/box.lilleshop.de\/wp-content\/plugins\/revslider\/public\/assets\/assets\/dummy.png\" alt=\"Boxexpert Geh\u00e4use aus der Hamburger Region\" title=\"Boxexpert-historie\" width=\"1600\" height=\"600\" class=\"rev-slidebg tp-rs-img rs-lazyload\" data-lazyload=\"\/\/box.lilleshop.de\/wp-content\/uploads\/2020\/03\/Boxexpert-historie.jpg\" data-no-retina>\n<!--\n\t\t\t\t\t\t\t--><rs-layer\n\t\t\t\t\t\t\t\tid=\"slider-19-slide-337-layer-0\" \n\t\t\t\t\t\t\t\tdata-type=\"shape\"\n\t\t\t\t\t\t\t\tdata-rsp_ch=\"on\"\n\t\t\t\t\t\t\t\tdata-xy=\"x:428px;y:340px;\"\n\t\t\t\t\t\t\t\tdata-text=\"w:normal;\"\n\t\t\t\t\t\t\t\tdata-dim=\"w:609px;h:127px;\"\n\t\t\t\t\t\t\t\tdata-spike=\"r:top;\"\n\t\t\t\t\t\t\t\tdata-frame_0=\"x:left;\"\n\t\t\t\t\t\t\t\tdata-frame_1=\"st:400;sp:1000;\"\n\t\t\t\t\t\t\t\tdata-frame_999=\"o:0;st:w;\"\n\t\t\t\t\t\t\t\tstyle=\"z-index:5;background-color:rgba(54,132,187,0.95);\"\n\t\t\t\t\t\t\t> \n\t\t\t\t\t\t\t<\/rs-layer><!--\n\n\t\t\t\t\t\t\t--><rs-layer\n\t\t\t\t\t\t\t\tid=\"slider-19-slide-337-layer-1\" \n\t\t\t\t\t\t\t\tdata-type=\"text\"\n\t\t\t\t\t\t\t\tdata-color=\"#ffffff\"\n\t\t\t\t\t\t\t\tdata-rsp_ch=\"on\"\n\t\t\t\t\t\t\t\tdata-xy=\"x:454px;y:367px;\"\n\t\t\t\t\t\t\t\tdata-text=\"w:normal;s:27;l:34;fw:600;\"\n\t\t\t\t\t\t\t\tdata-frame_0=\"x:left;\"\n\t\t\t\t\t\t\t\tdata-frame_1=\"st:400;sp:1000;\"\n\t\t\t\t\t\t\t\tdata-frame_999=\"o:0;st:w;\"\n\t\t\t\t\t\t\t\tstyle=\"z-index:6;font-family:'Poppins';\"\n\t\t\t\t\t\t\t>HANSEAATTINEN PERINNE <br \/>\nPREMIUM-LUOKAN ASUNTOSEGMENTTI \n\t\t\t\t\t\t\t<\/rs-layer><!--\n-->\t\t\t\t\t\t<\/rs-slide>\n\t\t\t\t\t<\/rs-slides>\n\t\t\t\t<\/rs-module>\n\t\t\t\t<script>\n\t\t\t\t\tsetREVStartSize({c: 'rev_slider_19_1',rl:[1240,1024,778,480],el:[500],gw:[1240],gh:[500],type:'standard',justify:'',layout:'fullwidth',mh:\"0\"});if (window.RS_MODULES!==undefined && window.RS_MODULES.modules!==undefined && window.RS_MODULES.modules[\"revslider191\"]!==undefined) {window.RS_MODULES.modules[\"revslider191\"].once = false;window.revapi19 = undefined;if (window.RS_MODULES.checkMinimal!==undefined) window.RS_MODULES.checkMinimal()}\n\t\t\t\t<\/script>\n\t\t\t<\/rs-module-wrap>\n\t\t\t<!-- END REVOLUTION SLIDER -->\n[\/vc_column][\/vc_row][vc_row mobile_bg_img_hidden=&#8221;no&#8221; tablet_bg_img_hidden=&#8221;no&#8221; woodmart_parallax=&#8221;0&#8243; woodmart_gradient_switch=&#8221;no&#8221; row_reverse_mobile=&#8221;0&#8243; row_reverse_tablet=&#8221;0&#8243; woodmart_disable_overflow=&#8221;0&#8243;][vc_column]\n\t\t<div id=\"wd-5e99fd1ede881\" class=\"title-wrapper wd-wpb set-mb-s reset-last-child  wd-rs-5e99fd1ede881 wd-title-color-primary wd-title-style-underlined wd-width-100 text-left vc_custom_1587150123830 wd-underline-colored\">\n\t\t\t\n\t\t\t<div class=\"liner-continer\">\n\t\t\t\t<h1 class=\"woodmart-title-container title  wd-font-weight- wd-fontsize-xxl\" ><strong>J\u00e4lki<\/strong><\/h1>\n\t\t\t\t\t\t\t<\/div>\n\t\t\t\n\t\t\t\n\t\t\t\n\t\t<\/div>\n\t\t\n\t\t[\/vc_column][\/vc_row][vc_row full_width=&#8221;stretch_row&#8221; content_placement=&#8221;top&#8221; css=&#8221;.vc_custom_1585144936904{margin-bottom: 2vh !important;}&#8221; mobile_bg_img_hidden=&#8221;no&#8221; tablet_bg_img_hidden=&#8221;no&#8221; woodmart_parallax=&#8221;0&#8243; woodmart_gradient_switch=&#8221;no&#8221; row_reverse_mobile=&#8221;0&#8243; row_reverse_tablet=&#8221;0&#8243; woodmart_disable_overflow=&#8221;0&#8243;][vc_column css=&#8221;.vc_custom_1490276860346{margin-bottom: 20px !important;padding-top: 0px !important;}&#8221;][vc_row_inner][vc_column_inner][vc_column_text text_larger=&#8221;no&#8221; woodmart_inline=&#8221;no&#8221;]<\/p>\n<h5>TMG 5\u00a7 mukaiset tiedot:<\/h5>\n<p>BOXEXPERT.DE<br \/>\nBreuell Ingenieurb\u00fcro GmbH<br \/>\nGr\u00fctzm\u00fchlenweg 46<br \/>\n22339 Hamburg<\/p>\n<h5>Edustaja:<\/h5>\n<p>Jan Schwonbeck<\/p>\n<h5>Yhteystiedot:<\/h5>\n<p>Puhelin: 040 \/ 538092 &#8211; 255<br \/>\nFaksi: 040 \/ 538092 &#8211; 85<br \/>\nE-Mail: <a href=\"mailto:info@boxexpert.de\">info@boxexpert.de<\/a><\/p>\n<h5>Rekisterimerkint\u00e4:<\/h5>\n<p>Merkint\u00e4 kaupparekisteriin.<br \/>\nRekisterituomioistuin: Hampurin maistraatti<br \/>\nRekisterinumero: HRB 29340<\/p>\n<h5>ALV-TUNNUS:<\/h5>\n<p>Umsatzsteuergesetzin 27 a \u00a7:n mukainen liikevaihtoverotunniste:<br \/>\nDE 118642259<\/p>\n<p><strong>Vastuu sis\u00e4ll\u00f6st\u00e4<\/strong><\/p>\n<p>Palveluntarjoajana olemme 7 \u00a7 1 momentin mukaisesti. TMG on vastuussa n\u00e4ill\u00e4 sivuilla olevasta omasta sis\u00e4ll\u00f6st\u00e4\u00e4n yleisten lakien mukaisesti. TMG: 8-10 \u00a7 mukaan meill\u00e4 ei kuitenkaan ole palveluntarjoajana velvollisuutta valvoa siirrettyj\u00e4 tai tallennettuja kolmannen osapuolen tietoja tai tutkia olosuhteita, jotka viittaavat laittomaan toimintaan. T\u00e4m\u00e4 ei vaikuta velvollisuuteen poistaa tai est\u00e4\u00e4 tietojen k\u00e4ytt\u00f6 yleisten lakien mukaisesti. T\u00e4lt\u00e4 osin vastuu on kuitenkin mahdollista vasta siit\u00e4 l\u00e4htien, kun konkreettisesta rikkomuksesta on saatu tieto. Jos saamme tiet\u00e4\u00e4 t\u00e4llaisista rikkomuksista, poistamme kyseisen sis\u00e4ll\u00f6n v\u00e4litt\u00f6m\u00e4sti.<\/p>\n<p><strong>Linkkej\u00e4 koskeva vastuu<\/strong><\/p>\n<p>Tarjouksemme sis\u00e4lt\u00e4\u00e4 linkkej\u00e4 kolmansien osapuolten ulkoisille verkkosivustoille, joiden sis\u00e4lt\u00f6\u00f6n emme voi vaikuttaa. Siksi emme voi ottaa vastuuta n\u00e4ist\u00e4 ulkoisista sis\u00e4ll\u00f6ist\u00e4. Sivujen tarjoaja tai yll\u00e4pit\u00e4j\u00e4 on aina vastuussa linkitettyjen sivujen sis\u00e4ll\u00f6st\u00e4. Linkitetyt sivut tarkistettiin mahdollisten laillisuusrikkomusten varalta linkitt\u00e4mishetkell\u00e4. Laitonta sis\u00e4lt\u00f6\u00e4 ei ollut tunnistettavissa linkityshetkell\u00e4. Linkitettyjen sivujen sis\u00e4ll\u00f6n jatkuva valvonta ei kuitenkaan ole j\u00e4rkev\u00e4\u00e4 ilman konkreettisia viitteit\u00e4 lain rikkomisesta. Jos saamme tiet\u00e4\u00e4 lain rikkomisesta, poistamme t\u00e4llaiset linkit v\u00e4litt\u00f6m\u00e4sti.<\/p>\n<p><strong>Tekij\u00e4noikeus<\/strong><\/p>\n<p>Sivuston yll\u00e4pit\u00e4jien n\u00e4ill\u00e4 sivuilla luoma sis\u00e4lt\u00f6 ja teokset ovat Saksan tekij\u00e4noikeuslain alaisia. J\u00e4ljent\u00e4minen, muokkaaminen, jakelu ja kaikenlainen k\u00e4ytt\u00f6 tekij\u00e4noikeuslains\u00e4\u00e4d\u00e4nn\u00f6n rajojen ulkopuolella edellytt\u00e4\u00e4 asianomaisen tekij\u00e4n tai luojan kirjallista suostumusta. T\u00e4m\u00e4n sivun lataaminen ja kopioiminen on sallittua vain yksityiseen, ei-kaupalliseen k\u00e4ytt\u00f6\u00f6n. Silt\u00e4 osin kuin t\u00e4m\u00e4n sivun sis\u00e4lt\u00f6 ei ole operaattorin luomaa, noudatetaan kolmansien osapuolten tekij\u00e4noikeuksia. Erityisesti kolmannen osapuolen sis\u00e4lt\u00f6 tunnistetaan sellaiseksi. Jos kuitenkin havaitset tekij\u00e4noikeusrikkomuksen, ilmoita siit\u00e4 meille. Jos saamme tiet\u00e4\u00e4 lain rikkomisesta, poistamme t\u00e4llaisen sis\u00e4ll\u00f6n v\u00e4litt\u00f6m\u00e4sti.[\/vc_column_text][\/vc_column_inner][\/vc_row_inner][\/vc_column][\/vc_row]<\/p>\n","protected":false},"excerpt":{"rendered":"<p>[vc_row full_width=&#8221;stretch_row_content&#8221; mobile_bg_img_hidden=&#8221;no&#8221; tablet_bg_img_hidden=&#8221;no&#8221; woodmart_parallax=&#8221;0&#8243; woodmart_gradient_switch=&#8221;no&#8221; row_reverse_mobile=&#8221;0&#8243; row_reverse_tablet=&#8221;0&#8243; woodmart_disable_overflow=&#8221;0&#8243; css=&#8221;.vc_custom_1585845026454{margin-top: -40px !important;margin-bottom: 4vh !important;}&#8221;][vc_column][\/vc_column][\/vc_row][vc_row mobile_bg_img_hidden=&#8221;no&#8221; tablet_bg_img_hidden=&#8221;no&#8221; woodmart_parallax=&#8221;0&#8243; woodmart_gradient_switch=&#8221;no&#8221; row_reverse_mobile=&#8221;0&#8243; row_reverse_tablet=&#8221;0&#8243;<\/p>\n","protected":false},"author":1,"featured_media":0,"parent":0,"menu_order":0,"comment_status":"closed","ping_status":"closed","template":"","meta":[],"yoast_head":"<!-- This site is optimized with the Yoast SEO Premium plugin v18.4 (Yoast SEO v18.8) - https:\/\/yoast.com\/wordpress\/plugins\/seo\/ -->\n<title>J\u00e4lki - BOXEXPERT - Professionelle Geh\u00e4usel\u00f6sungen f\u00fcr h\u00f6chste Anspr\u00fcche<\/title>\n<meta name=\"robots\" content=\"index, follow, max-snippet:-1, max-image-preview:large, max-video-preview:-1\" \/>\n<link rel=\"canonical\" href=\"https:\/\/box.lilleshop.de\/fi\/jaelki\/\" \/>\n<meta property=\"og:locale\" content=\"fi_FI\" \/>\n<meta property=\"og:type\" content=\"article\" \/>\n<meta property=\"og:title\" content=\"J\u00e4lki\" \/>\n<meta property=\"og:description\" content=\"[vc_row full_width=&#8221;stretch_row_content&#8221; mobile_bg_img_hidden=&#8221;no&#8221; tablet_bg_img_hidden=&#8221;no&#8221; woodmart_parallax=&#8221;0&#8243; woodmart_gradient_switch=&#8221;no&#8221; row_reverse_mobile=&#8221;0&#8243; row_reverse_tablet=&#8221;0&#8243; woodmart_disable_overflow=&#8221;0&#8243; css=&#8221;.vc_custom_1585845026454{margin-top: -40px !important;margin-bottom: 4vh !important;}&#8221;][vc_column][\/vc_column][\/vc_row][vc_row mobile_bg_img_hidden=&#8221;no&#8221; tablet_bg_img_hidden=&#8221;no&#8221; woodmart_parallax=&#8221;0&#8243; woodmart_gradient_switch=&#8221;no&#8221; row_reverse_mobile=&#8221;0&#8243; row_reverse_tablet=&#8221;0&#8243;\" \/>\n<meta property=\"og:url\" content=\"https:\/\/box.lilleshop.de\/fi\/jaelki\/\" \/>\n<meta property=\"og:site_name\" content=\"BOXEXPERT - Professionelle Geh\u00e4usel\u00f6sungen f\u00fcr h\u00f6chste Anspr\u00fcche\" \/>\n<meta property=\"article:modified_time\" content=\"2021-08-26T05:31:15+00:00\" \/>\n<meta name=\"twitter:card\" content=\"summary_large_image\" \/>\n<meta name=\"twitter:label1\" content=\"Est. reading time\" \/>\n\t<meta name=\"twitter:data1\" content=\"2 minutes\" \/>\n<script type=\"application\/ld+json\" class=\"yoast-schema-graph\">{\"@context\":\"https:\/\/schema.org\",\"@graph\":[{\"@type\":\"WebSite\",\"@id\":\"https:\/\/box.lilleshop.de\/#website\",\"url\":\"https:\/\/box.lilleshop.de\/\",\"name\":\"BOXEXPERT - Professionelle Geh\u00e4usel\u00f6sungen f\u00fcr h\u00f6chste Anspr\u00fcche\",\"description\":\"Industriegeh\u00e4use, Schaltschr\u00e4nke, Installationsgeh\u00e4use, Sicherungsk\u00e4sten und Verteilerk\u00e4sten\",\"potentialAction\":[{\"@type\":\"SearchAction\",\"target\":{\"@type\":\"EntryPoint\",\"urlTemplate\":\"https:\/\/box.lilleshop.de\/?s={search_term_string}\"},\"query-input\":\"required name=search_term_string\"}],\"inLanguage\":\"fi\"},{\"@type\":\"WebPage\",\"@id\":\"https:\/\/box.lilleshop.de\/fi\/jaelki\/#webpage\",\"url\":\"https:\/\/box.lilleshop.de\/fi\/jaelki\/\",\"name\":\"J\u00e4lki - BOXEXPERT - Professionelle Geh\u00e4usel\u00f6sungen f\u00fcr h\u00f6chste Anspr\u00fcche\",\"isPartOf\":{\"@id\":\"https:\/\/box.lilleshop.de\/#website\"},\"datePublished\":\"2021-08-25T22:44:44+00:00\",\"dateModified\":\"2021-08-26T05:31:15+00:00\",\"breadcrumb\":{\"@id\":\"https:\/\/box.lilleshop.de\/fi\/jaelki\/#breadcrumb\"},\"inLanguage\":\"fi\",\"potentialAction\":[{\"@type\":\"ReadAction\",\"target\":[\"https:\/\/box.lilleshop.de\/fi\/jaelki\/\"]}]},{\"@type\":\"BreadcrumbList\",\"@id\":\"https:\/\/box.lilleshop.de\/fi\/jaelki\/#breadcrumb\",\"itemListElement\":[{\"@type\":\"ListItem\",\"position\":1,\"name\":\"Startseite\",\"item\":\"https:\/\/box.lilleshop.de\/fi\/\"},{\"@type\":\"ListItem\",\"position\":2,\"name\":\"J\u00e4lki\"}]}]}<\/script>\n<!-- \/ Yoast SEO Premium plugin. -->","yoast_head_json":{"title":"J\u00e4lki - BOXEXPERT - Professionelle Geh\u00e4usel\u00f6sungen f\u00fcr h\u00f6chste Anspr\u00fcche","robots":{"index":"index","follow":"follow","max-snippet":"max-snippet:-1","max-image-preview":"max-image-preview:large","max-video-preview":"max-video-preview:-1"},"canonical":"https:\/\/box.lilleshop.de\/fi\/jaelki\/","og_locale":"fi_FI","og_type":"article","og_title":"J\u00e4lki","og_description":"[vc_row full_width=&#8221;stretch_row_content&#8221; mobile_bg_img_hidden=&#8221;no&#8221; tablet_bg_img_hidden=&#8221;no&#8221; woodmart_parallax=&#8221;0&#8243; woodmart_gradient_switch=&#8221;no&#8221; row_reverse_mobile=&#8221;0&#8243; row_reverse_tablet=&#8221;0&#8243; woodmart_disable_overflow=&#8221;0&#8243; css=&#8221;.vc_custom_1585845026454{margin-top: -40px !important;margin-bottom: 4vh !important;}&#8221;][vc_column][\/vc_column][\/vc_row][vc_row mobile_bg_img_hidden=&#8221;no&#8221; tablet_bg_img_hidden=&#8221;no&#8221; woodmart_parallax=&#8221;0&#8243; woodmart_gradient_switch=&#8221;no&#8221; row_reverse_mobile=&#8221;0&#8243; row_reverse_tablet=&#8221;0&#8243;","og_url":"https:\/\/box.lilleshop.de\/fi\/jaelki\/","og_site_name":"BOXEXPERT - Professionelle Geh\u00e4usel\u00f6sungen f\u00fcr h\u00f6chste Anspr\u00fcche","article_modified_time":"2021-08-26T05:31:15+00:00","twitter_card":"summary_large_image","twitter_misc":{"Est. reading time":"2 minutes"},"schema":{"@context":"https:\/\/schema.org","@graph":[{"@type":"WebSite","@id":"https:\/\/box.lilleshop.de\/#website","url":"https:\/\/box.lilleshop.de\/","name":"BOXEXPERT - Professionelle Geh\u00e4usel\u00f6sungen f\u00fcr h\u00f6chste Anspr\u00fcche","description":"Industriegeh\u00e4use, Schaltschr\u00e4nke, Installationsgeh\u00e4use, Sicherungsk\u00e4sten und Verteilerk\u00e4sten","potentialAction":[{"@type":"SearchAction","target":{"@type":"EntryPoint","urlTemplate":"https:\/\/box.lilleshop.de\/?s={search_term_string}"},"query-input":"required name=search_term_string"}],"inLanguage":"fi"},{"@type":"WebPage","@id":"https:\/\/box.lilleshop.de\/fi\/jaelki\/#webpage","url":"https:\/\/box.lilleshop.de\/fi\/jaelki\/","name":"J\u00e4lki - BOXEXPERT - Professionelle Geh\u00e4usel\u00f6sungen f\u00fcr h\u00f6chste Anspr\u00fcche","isPartOf":{"@id":"https:\/\/box.lilleshop.de\/#website"},"datePublished":"2021-08-25T22:44:44+00:00","dateModified":"2021-08-26T05:31:15+00:00","breadcrumb":{"@id":"https:\/\/box.lilleshop.de\/fi\/jaelki\/#breadcrumb"},"inLanguage":"fi","potentialAction":[{"@type":"ReadAction","target":["https:\/\/box.lilleshop.de\/fi\/jaelki\/"]}]},{"@type":"BreadcrumbList","@id":"https:\/\/box.lilleshop.de\/fi\/jaelki\/#breadcrumb","itemListElement":[{"@type":"ListItem","position":1,"name":"Startseite","item":"https:\/\/box.lilleshop.de\/fi\/"},{"@type":"ListItem","position":2,"name":"J\u00e4lki"}]}]}},"_links":{"self":[{"href":"https:\/\/box.lilleshop.de\/fi\/wp-json\/wp\/v2\/pages\/49482"}],"collection":[{"href":"https:\/\/box.lilleshop.de\/fi\/wp-json\/wp\/v2\/pages"}],"about":[{"href":"https:\/\/box.lilleshop.de\/fi\/wp-json\/wp\/v2\/types\/page"}],"author":[{"embeddable":true,"href":"https:\/\/box.lilleshop.de\/fi\/wp-json\/wp\/v2\/users\/1"}],"replies":[{"embeddable":true,"href":"https:\/\/box.lilleshop.de\/fi\/wp-json\/wp\/v2\/comments?post=49482"}],"version-history":[{"count":6,"href":"https:\/\/box.lilleshop.de\/fi\/wp-json\/wp\/v2\/pages\/49482\/revisions"}],"predecessor-version":[{"id":53210,"href":"https:\/\/box.lilleshop.de\/fi\/wp-json\/wp\/v2\/pages\/49482\/revisions\/53210"}],"wp:attachment":[{"href":"https:\/\/box.lilleshop.de\/fi\/wp-json\/wp\/v2\/media?parent=49482"}],"curies":[{"name":"wp","href":"https:\/\/api.w.org\/{rel}","templated":true}]}}