{"id":45478,"date":"2021-08-22T17:36:03","date_gmt":"2021-08-22T17:36:03","guid":{"rendered":"https:\/\/boxexpert.de\/yritys\/tietoa-meistae\/"},"modified":"2021-08-22T17:36:04","modified_gmt":"2021-08-22T17:36:04","slug":"tietoa-meistae","status":"publish","type":"page","link":"https:\/\/box.lilleshop.de\/fi\/yritys\/tietoa-meistae\/","title":{"rendered":"Tietoa meist\u00e4"},"content":{"rendered":"<p>[vc_row full_width=&#8221;stretch_row_content&#8221; mobile_bg_img_hidden=&#8221;no&#8221; tablet_bg_img_hidden=&#8221;no&#8221; woodmart_parallax=&#8221;0&#8243; woodmart_gradient_switch=&#8221;no&#8221; row_reverse_mobile=&#8221;0&#8243; row_reverse_tablet=&#8221;0&#8243; woodmart_disable_overflow=&#8221;0&#8243; css=&#8221;.vc_custom_1585845378745{margin-top: -40px !important;margin-bottom: 4vh !important;}&#8221;][vc_column]\n\t\t\t<!-- START historie REVOLUTION SLIDER 6.5.21 --><p class=\"rs-p-wp-fix\"><\/p>\n\t\t\t<rs-module-wrap id=\"rev_slider_19_1_wrapper\" data-source=\"gallery\" style=\"visibility:hidden;background:transparent;padding:0;margin:0px auto;margin-top:0;margin-bottom:0;\">\n\t\t\t\t<rs-module id=\"rev_slider_19_1\" style=\"\" data-version=\"6.5.21\">\n\t\t\t\t\t<rs-slides>\n\t\t\t\t\t\t<rs-slide style=\"position: absolute;\" data-key=\"rs-337\" data-title=\"Slide\" data-in=\"o:0;\" data-out=\"a:false;\">\n\t\t\t\t\t\t\t<img src=\"\/\/box.lilleshop.de\/wp-content\/plugins\/revslider\/public\/assets\/assets\/dummy.png\" alt=\"Boxexpert Geh\u00e4use aus der Hamburger Region\" title=\"Boxexpert-historie\" width=\"1600\" height=\"600\" class=\"rev-slidebg tp-rs-img rs-lazyload\" data-lazyload=\"\/\/box.lilleshop.de\/wp-content\/uploads\/2020\/03\/Boxexpert-historie.jpg\" data-no-retina>\n<!--\n\t\t\t\t\t\t\t--><rs-layer\n\t\t\t\t\t\t\t\tid=\"slider-19-slide-337-layer-0\" \n\t\t\t\t\t\t\t\tdata-type=\"shape\"\n\t\t\t\t\t\t\t\tdata-rsp_ch=\"on\"\n\t\t\t\t\t\t\t\tdata-xy=\"x:428px;y:340px;\"\n\t\t\t\t\t\t\t\tdata-text=\"w:normal;\"\n\t\t\t\t\t\t\t\tdata-dim=\"w:609px;h:127px;\"\n\t\t\t\t\t\t\t\tdata-spike=\"r:top;\"\n\t\t\t\t\t\t\t\tdata-frame_0=\"x:left;\"\n\t\t\t\t\t\t\t\tdata-frame_1=\"st:400;sp:1000;\"\n\t\t\t\t\t\t\t\tdata-frame_999=\"o:0;st:w;\"\n\t\t\t\t\t\t\t\tstyle=\"z-index:5;background-color:rgba(54,132,187,0.95);\"\n\t\t\t\t\t\t\t> \n\t\t\t\t\t\t\t<\/rs-layer><!--\n\n\t\t\t\t\t\t\t--><rs-layer\n\t\t\t\t\t\t\t\tid=\"slider-19-slide-337-layer-1\" \n\t\t\t\t\t\t\t\tdata-type=\"text\"\n\t\t\t\t\t\t\t\tdata-color=\"#ffffff\"\n\t\t\t\t\t\t\t\tdata-rsp_ch=\"on\"\n\t\t\t\t\t\t\t\tdata-xy=\"x:454px;y:367px;\"\n\t\t\t\t\t\t\t\tdata-text=\"w:normal;s:27;l:34;fw:600;\"\n\t\t\t\t\t\t\t\tdata-frame_0=\"x:left;\"\n\t\t\t\t\t\t\t\tdata-frame_1=\"st:400;sp:1000;\"\n\t\t\t\t\t\t\t\tdata-frame_999=\"o:0;st:w;\"\n\t\t\t\t\t\t\t\tstyle=\"z-index:6;font-family:'Poppins';\"\n\t\t\t\t\t\t\t>HANSEAATTINEN PERINNE <br \/>\nPREMIUM-LUOKAN ASUNTOSEGMENTTI \n\t\t\t\t\t\t\t<\/rs-layer><!--\n-->\t\t\t\t\t\t<\/rs-slide>\n\t\t\t\t\t<\/rs-slides>\n\t\t\t\t<\/rs-module>\n\t\t\t\t<script>\n\t\t\t\t\tsetREVStartSize({c: 'rev_slider_19_1',rl:[1240,1024,778,480],el:[500],gw:[1240],gh:[500],type:'standard',justify:'',layout:'fullwidth',mh:\"0\"});if (window.RS_MODULES!==undefined && window.RS_MODULES.modules!==undefined && window.RS_MODULES.modules[\"revslider191\"]!==undefined) {window.RS_MODULES.modules[\"revslider191\"].once = false;window.revapi19 = undefined;if (window.RS_MODULES.checkMinimal!==undefined) window.RS_MODULES.checkMinimal()}\n\t\t\t\t<\/script>\n\t\t\t<\/rs-module-wrap>\n\t\t\t<!-- END REVOLUTION SLIDER -->\n[\/vc_column][\/vc_row][vc_row mobile_bg_img_hidden=&#8221;no&#8221; tablet_bg_img_hidden=&#8221;no&#8221; woodmart_parallax=&#8221;0&#8243; woodmart_gradient_switch=&#8221;no&#8221; row_reverse_mobile=&#8221;0&#8243; row_reverse_tablet=&#8221;0&#8243; woodmart_disable_overflow=&#8221;0&#8243;][vc_column]\n\t\t<div id=\"wd-5e99b835d4de9\" class=\"title-wrapper wd-wpb set-mb-s reset-last-child  wd-rs-5e99b835d4de9 wd-title-color-primary wd-title-style-underlined wd-width-100 text-left vc_custom_1587132479735 wd-underline-colored\">\n\t\t\t\n\t\t\t<div class=\"liner-continer\">\n\t\t\t\t<h1 class=\"woodmart-title-container title  wd-font-weight- wd-fontsize-xxl\" ><strong>MEIST\u00c4<\/strong><\/h1>\n\t\t\t\t\t\t\t<\/div>\n\t\t\t\n\t\t\t\n\t\t\t\n\t\t<\/div>\n\t\t\n\t\t[\/vc_column][\/vc_row][vc_row full_width=&#8221;stretch_row&#8221; content_placement=&#8221;top&#8221; css=&#8221;.vc_custom_1586167721245{margin-bottom: 2vh !important;}&#8221; mobile_bg_img_hidden=&#8221;no&#8221; tablet_bg_img_hidden=&#8221;no&#8221; woodmart_parallax=&#8221;0&#8243; woodmart_gradient_switch=&#8221;no&#8221; row_reverse_mobile=&#8221;0&#8243; row_reverse_tablet=&#8221;0&#8243; woodmart_disable_overflow=&#8221;0&#8243;][vc_column width=&#8221;1\/3&#8243; css=&#8221;.vc_custom_1490276860346{margin-bottom: 20px !important;padding-top: 0px !important;}&#8221;]\t\t<div id=\"gallery_803\" class=\"wd-images-gallery wd-justify-center wd-items-middle view-grid\" >\n\t\t\t<div class=\"gallery-images row wd-spacing-0\">\n\t\t\t\t\t\t\t\t\t\t\t\t\t\t\t<div class=\"wd-gallery-item col-lg-12 col-md-12 col-sm-12 col-12\">\n\t\t\t\t\t\t\t\n\t\t\t\t\t\t\t\t\t\t\t\t\t\t\t\t\t<img class=\"wd-gallery-image image-1 \" src=\"https:\/\/box.lilleshop.de\/wp-content\/uploads\/2020\/03\/qualitaet-boxexpert2.jpg\" width=\"600\" height=\"400\" alt=\"Die Qualit\u00e4t unserer Geh\u00e4use ist uns sehr wichtig, QUALIT\u00c4T schreiben wir gro\u00df!\" title=\"Male Engineer Quality Controlling Components In Factory\" \/>\t\t\t\t\t\t\t\t\n\n\t\t\t\t\t\t\t\t\t\t\t\t\t\t<\/div>\n\t\t\t\t\t\t\t\t\t\t\t\t<\/div>\n\t\t<\/div>\n\t\t\t\t[\/vc_column][vc_column width=&#8221;1\/3&#8243; css=&#8221;.vc_custom_1536077344327{margin-bottom: 20px !important;padding-top: 0px !important;}&#8221;]\n\t\t<div id=\"wd-5e99b84801739\" class=\"title-wrapper wd-wpb set-mb-s reset-last-child  wd-rs-5e99b84801739 wd-title-color-primary wd-title-style-underlined wd-width-100 text-left vc_custom_1587132509516 wd-underline-colored\">\n\t\t\t\n\t\t\t<div class=\"liner-continer\">\n\t\t\t\t<h2 class=\"woodmart-title-container title  wd-font-weight- wd-fontsize-l\" >AMMATTIMAISTA ASUNTOTEKNIIKKAA POHJOISESTA<\/h2>\n\t\t\t\t\t\t\t<\/div>\n\t\t\t\n\t\t\t\n\t\t\t\n\t\t<\/div>\n\t\t\n\t\t[vc_column_text css=&#8221;.vc_custom_1587132525835{margin-bottom: 20px !important;}&#8221; text_larger=&#8221;no&#8221;]&#8221;Yritys el\u00e4\u00e4 arvojensa kautta. Ne m\u00e4\u00e4rittelev\u00e4t yrityskulttuurin ja muokkaavat yhteisty\u00f6t\u00e4. Ty\u00f6ntekij\u00f6iden on suunniteltava, elett\u00e4v\u00e4 ja ennen kaikkea tuettava niit\u00e4. Hansa-yhti\u00f6n\u00e4 ideaaliset arvot, kuten rehellisyys, luotettavuus, vastuullisuus ja lojaalisuus, ovat p\u00e4ivitt\u00e4isen toimintamme keskipisteen\u00e4.[\/vc_column_text][\/vc_column][vc_column width=&#8221;1\/3&#8243; css=&#8221;.vc_custom_1536077348538{margin-bottom: 20px !important;padding-top: 0px !important;}&#8221;][vc_column_text css=&#8221;.vc_custom_1587132676972{margin-bottom: 28px !important;}&#8221; text_larger=&#8221;no&#8221;]Yrityskulttuurimme DNA:n muodostavat tyytyv\u00e4iset ty\u00f6ntekij\u00e4t, jotka ovat eritt\u00e4in motivoituneita toteuttamaan strategiaa, antamaan oman panoksensa, edist\u00e4m\u00e4\u00e4n innovointia ja viihtym\u00e4\u00e4n harmonisessa ty\u00f6ilmapiiriss\u00e4.&#8221;<\/p>\n<p><strong><em>Jan Schwonbeck, toimitusjohtaja BOXEXPERT <\/em><\/strong>[\/vc_column_text][\/vc_column][\/vc_row][vc_row full_width=&#8221;stretch_row&#8221; css=&#8221;.vc_custom_1581684138262{padding-top: 30px !important;background-color: #f9f9f9 !important;}&#8221; mobile_bg_img_hidden=&#8221;no&#8221; tablet_bg_img_hidden=&#8221;no&#8221; woodmart_parallax=&#8221;0&#8243; woodmart_gradient_switch=&#8221;no&#8221; row_reverse_mobile=&#8221;0&#8243; row_reverse_tablet=&#8221;0&#8243; woodmart_disable_overflow=&#8221;0&#8243;][vc_column css=&#8221;.vc_custom_1484657273903{padding-top: 0px !important;}&#8221;]\n\t\t<div id=\"wd-5e99b99514e8b\" class=\"title-wrapper wd-wpb set-mb-s reset-last-child  wd-rs-5e99b99514e8b wd-title-color-primary wd-title-style-underlined wd-width-100 text-left vc_custom_1587132829603 wd-underline-colored\">\n\t\t\t\n\t\t\t<div class=\"liner-continer\">\n\t\t\t\t<h3 class=\"woodmart-title-container title  wd-font-weight- wd-fontsize-l\" >SE TEKEE MEIST\u00c4<\/h3>\n\t\t\t\t\t\t\t<\/div>\n\t\t\t\n\t\t\t\n\t\t\t\n\t\t<\/div>\n\t\t\n\t\t[vc_row_inner][vc_column_inner width=&#8221;1\/2&#8243;]\t\t\t<div id=\"wd-5f2c0c1c4f7cd\" class=\"wd-text-block-wrapper wd-wpb wd-rs-5f2c0c1c4f7cd color-scheme-custom wd-width-100 text-left vc_custom_1596722209758\">\n\t\t\t\t<div class=\"woodmart-title-container woodmart-text-block reset-last-child font-primary wd-font-weight-600 \">\n\t\t\t\t\t<\/p>\n<h3>Asiakasl\u00e4ht\u00f6inen toiminta<\/h3>\n<p>\t\t\t\t<\/div>\n\n\t\t\t\t\t\t\t<\/div>\n\t\t[vc_column_text text_larger=&#8221;no&#8221;]Asiakas on aina ajattelumme keski\u00f6ss\u00e4. Innovatiivisilla kotelointiratkaisuillamme tarjoamme tuotteita, jotka ovat nopeita ja helppoja k\u00e4sitell\u00e4 ja jotka voidaan my\u00f6s r\u00e4\u00e4t\u00e4l\u00f6id\u00e4 eritt\u00e4in pitk\u00e4lle. BOXEXPERT tarjoaa korkealaatuisia ratkaisuja ja laajaa tietotaitoa my\u00f6s kotelotekniikkaan liittyviss\u00e4 erityisaiheissa. BOXEXPERT-tuotevalikoima tekee vaikutuksen \u00e4lykk\u00e4ill\u00e4 innovaatioilla ja on aina askeleen edell\u00e4 nykyist\u00e4 tekniikan tasoa. Painopisteen\u00e4 on suojattavien laitteiden saatavuus, maksimaalinen turvallisuus ja samalla optimaalinen kustannustehokkuus. Kotelotekniikan pitk\u00e4aikaisena j\u00e4rjestelm\u00e4kumppanina tarjoamme sinulle seuraavat lis\u00e4arvot:<\/p>\n<ul>\n<li>st\u00e4ndige Verf\u00fcgbarkeit<\/li>\n<li>Kosten, die zuverl\u00e4ssig geplant werden k\u00f6nnen<\/li>\n<li>laaja palvelu<\/li>\n<li>Suunnittelu, neuvonta ja tarkka tarveanalyysi<\/li>\n<li>Vankat ja joustavat kotelointiratkaisut<\/li>\n<li>Nopeus ja luotettavuus &#8211; nopea vuoropuhelu ja optimaalisen ratkaisun etsiminen, jotta s\u00e4\u00e4st\u00e4t arvokasta aikaa.<\/li>\n<li>Oikeudenmukaisuus ja laatu &#8211; oikeudenmukaiset ratkaisut, jotta hyv\u00e4 fiilis s\u00e4ilyy. Kuuntelemme sinua, jotta voimme jatkuvasti parantaa laatuamme.<\/li>\n<\/ul>\n<p>[\/vc_column_text][\/vc_column_inner][vc_column_inner width=&#8221;1\/2&#8243;]\t\t\t<div id=\"wd-5e99b9d7d4046\" class=\"wd-text-block-wrapper wd-wpb wd-rs-5e99b9d7d4046 color-scheme-custom wd-width-100 text-left vc_custom_1587132890152\">\n\t\t\t\t<div class=\"woodmart-title-container woodmart-text-block reset-last-child font-primary wd-font-weight-600 \">\n\t\t\t\t\t<\/p>\n<h3>Vuosien kokemus kotelointitekniikasta<\/h3>\n<p>\t\t\t\t<\/div>\n\n\t\t\t\t\t\t\t<\/div>\n\t\t[vc_column_text text_larger=&#8221;no&#8221;]BOXEXPERTin avulla hy\u00f6dyt vuosikymmenten kokemuksesta kotelointitekniikan alalla. BOXEXPERT on Breuell Ingenieurb\u00fcro:n ulkoistettu kotelointiyksikk\u00f6. Breuell Ingenieurb\u00fcro GmbH:n perustaminen perustuu pitkiin hansalaisiin perinteisiin. Jo vuonna 1888 Breuellin perhe tunnettiin kaupank\u00e4ynnist\u00e4\u00e4n Hampurin vapaasataman quartermastereiden keskuudessa. Toisen maailmansodan p\u00e4\u00e4tytty\u00e4 Egon Breuell Ingenieurb\u00fcro und technische Vertretungen perustettiin 01.12.1946. Breuell vakiinnutti asemansa p\u00e4\u00e4asiassa s\u00e4hk\u00f6tekniikan ja konetekniikan aloilla.<\/p>\n<p>Vuonna 1981, kun yritys siirtyi toiselle sukupolvelle, yrityksen nimi muutettiin Breuell Ingenieurb\u00fcro GmbH:ksi. Siit\u00e4 l\u00e4htien toiminnassa keskityttiin kotelointitekniikkaan ja siihen liittyviin komponentteihin. BOXEXPERT irrottautui itsen\u00e4iseksi tuotemerkiksi t\u00e4m\u00e4n toimialan tasaisen kasvun ja kasvavan merkityksen my\u00f6t\u00e4. T\u00e4m\u00e4 mahdollisti sen, ett\u00e4 pystyimme keskittym\u00e4\u00e4n entist\u00e4 voimakkaammin t\u00e4m\u00e4n liiketoiminta-alueen kehitt\u00e4miseen ja laajentamaan tuotevalikoimaa vastaavasti. Nyky\u00e4\u00e4n pystymme tarjoamaan asiakkaillemme kokonaisvaltaista tukea ja siten varmistamaan onnistuneen yhteisty\u00f6n.<\/p>\n<p>Koteloiden kansainv\u00e4liset hyv\u00e4ksynn\u00e4t, kuten CE, UL ja CSA, sek\u00e4 luotettava ja sertifioitu suojaus tunkeutuvaa p\u00f6ly\u00e4 ja kosteutta vastaan (IP-suojaluokat) ovat vain kaksi kriteeri\u00e4, jotka todistavat BOXEXPERT-tuotteiden korkean laadun. BOXEXPERT kehitt\u00e4\u00e4 korkealuokkaisia koteloj\u00e4rjestelmi\u00e4 tiiviiss\u00e4 yhteisty\u00f6ss\u00e4 k\u00e4ytt\u00e4jien kanssa. Esittelemme sinulle mielell\u00e4mme laajan valikoimamme. Puhu meille.[\/vc_column_text][\/vc_column_inner][\/vc_row_inner][vc_row_inner][vc_column_inner width=&#8221;1\/2&#8243;][\/vc_column_inner][vc_column_inner width=&#8221;1\/2&#8243;][\/vc_column_inner][\/vc_row_inner][vc_row_inner][vc_column_inner width=&#8221;1\/2&#8243; css=&#8221;.vc_custom_1585141011403{margin-top: -100px !important;}&#8221;][\/vc_column_inner][vc_column_inner width=&#8221;1\/2&#8243;][\/vc_column_inner][\/vc_row_inner][\/vc_column][\/vc_row]<\/p>\n","protected":false},"excerpt":{"rendered":"<p>[vc_row full_width=&#8221;stretch_row_content&#8221; mobile_bg_img_hidden=&#8221;no&#8221; tablet_bg_img_hidden=&#8221;no&#8221; woodmart_parallax=&#8221;0&#8243; woodmart_gradient_switch=&#8221;no&#8221; row_reverse_mobile=&#8221;0&#8243; row_reverse_tablet=&#8221;0&#8243; woodmart_disable_overflow=&#8221;0&#8243; css=&#8221;.vc_custom_1585845378745{margin-top: -40px !important;margin-bottom: 4vh !important;}&#8221;][vc_column][\/vc_column][\/vc_row][vc_row mobile_bg_img_hidden=&#8221;no&#8221; tablet_bg_img_hidden=&#8221;no&#8221; woodmart_parallax=&#8221;0&#8243; woodmart_gradient_switch=&#8221;no&#8221; row_reverse_mobile=&#8221;0&#8243; row_reverse_tablet=&#8221;0&#8243;<\/p>\n","protected":false},"author":1,"featured_media":0,"parent":44566,"menu_order":0,"comment_status":"closed","ping_status":"closed","template":"","meta":[],"yoast_head":"<!-- This site is optimized with the Yoast SEO Premium plugin v18.4 (Yoast SEO v18.8) - https:\/\/yoast.com\/wordpress\/plugins\/seo\/ -->\n<title>BOXEXPERT-yritys<\/title>\n<meta name=\"description\" content=\"BOXEXPERT Yrityksen esittely\" \/>\n<meta name=\"robots\" content=\"index, follow, max-snippet:-1, max-image-preview:large, max-video-preview:-1\" \/>\n<link rel=\"canonical\" href=\"https:\/\/box.lilleshop.de\/fi\/yritys\/tietoa-meistae\/\" \/>\n<meta property=\"og:locale\" content=\"fi_FI\" \/>\n<meta property=\"og:type\" content=\"article\" \/>\n<meta property=\"og:title\" content=\"Tietoa meist\u00e4\" \/>\n<meta property=\"og:description\" content=\"BOXEXPERT Yrityksen esittely\" \/>\n<meta property=\"og:url\" content=\"https:\/\/box.lilleshop.de\/fi\/yritys\/tietoa-meistae\/\" \/>\n<meta property=\"og:site_name\" content=\"BOXEXPERT - Professionelle Geh\u00e4usel\u00f6sungen f\u00fcr h\u00f6chste Anspr\u00fcche\" \/>\n<meta property=\"article:modified_time\" content=\"2021-08-22T17:36:04+00:00\" \/>\n<meta name=\"twitter:card\" content=\"summary_large_image\" \/>\n<meta name=\"twitter:label1\" content=\"Est. reading time\" \/>\n\t<meta name=\"twitter:data1\" content=\"5 minutes\" \/>\n<script type=\"application\/ld+json\" class=\"yoast-schema-graph\">{\"@context\":\"https:\/\/schema.org\",\"@graph\":[{\"@type\":\"WebSite\",\"@id\":\"https:\/\/box.lilleshop.de\/#website\",\"url\":\"https:\/\/box.lilleshop.de\/\",\"name\":\"BOXEXPERT - Professionelle Geh\u00e4usel\u00f6sungen f\u00fcr h\u00f6chste Anspr\u00fcche\",\"description\":\"Industriegeh\u00e4use, Schaltschr\u00e4nke, Installationsgeh\u00e4use, Sicherungsk\u00e4sten und Verteilerk\u00e4sten\",\"potentialAction\":[{\"@type\":\"SearchAction\",\"target\":{\"@type\":\"EntryPoint\",\"urlTemplate\":\"https:\/\/box.lilleshop.de\/?s={search_term_string}\"},\"query-input\":\"required name=search_term_string\"}],\"inLanguage\":\"fi\"},{\"@type\":\"WebPage\",\"@id\":\"https:\/\/box.lilleshop.de\/fi\/yritys\/tietoa-meistae\/#webpage\",\"url\":\"https:\/\/box.lilleshop.de\/fi\/yritys\/tietoa-meistae\/\",\"name\":\"BOXEXPERT-yritys\",\"isPartOf\":{\"@id\":\"https:\/\/box.lilleshop.de\/#website\"},\"datePublished\":\"2021-08-22T17:36:03+00:00\",\"dateModified\":\"2021-08-22T17:36:04+00:00\",\"description\":\"BOXEXPERT Yrityksen esittely\",\"breadcrumb\":{\"@id\":\"https:\/\/box.lilleshop.de\/fi\/yritys\/tietoa-meistae\/#breadcrumb\"},\"inLanguage\":\"fi\",\"potentialAction\":[{\"@type\":\"ReadAction\",\"target\":[\"https:\/\/box.lilleshop.de\/fi\/yritys\/tietoa-meistae\/\"]}]},{\"@type\":\"BreadcrumbList\",\"@id\":\"https:\/\/box.lilleshop.de\/fi\/yritys\/tietoa-meistae\/#breadcrumb\",\"itemListElement\":[{\"@type\":\"ListItem\",\"position\":1,\"name\":\"Startseite\",\"item\":\"https:\/\/box.lilleshop.de\/fi\/\"},{\"@type\":\"ListItem\",\"position\":2,\"name\":\"Yritys\",\"item\":\"https:\/\/box.lilleshop.de\/fi\/yritys\/\"},{\"@type\":\"ListItem\",\"position\":3,\"name\":\"Tietoa meist\u00e4\"}]}]}<\/script>\n<!-- \/ Yoast SEO Premium plugin. -->","yoast_head_json":{"title":"BOXEXPERT-yritys","description":"BOXEXPERT Yrityksen esittely","robots":{"index":"index","follow":"follow","max-snippet":"max-snippet:-1","max-image-preview":"max-image-preview:large","max-video-preview":"max-video-preview:-1"},"canonical":"https:\/\/box.lilleshop.de\/fi\/yritys\/tietoa-meistae\/","og_locale":"fi_FI","og_type":"article","og_title":"Tietoa meist\u00e4","og_description":"BOXEXPERT Yrityksen esittely","og_url":"https:\/\/box.lilleshop.de\/fi\/yritys\/tietoa-meistae\/","og_site_name":"BOXEXPERT - Professionelle Geh\u00e4usel\u00f6sungen f\u00fcr h\u00f6chste Anspr\u00fcche","article_modified_time":"2021-08-22T17:36:04+00:00","twitter_card":"summary_large_image","twitter_misc":{"Est. reading time":"5 minutes"},"schema":{"@context":"https:\/\/schema.org","@graph":[{"@type":"WebSite","@id":"https:\/\/box.lilleshop.de\/#website","url":"https:\/\/box.lilleshop.de\/","name":"BOXEXPERT - Professionelle Geh\u00e4usel\u00f6sungen f\u00fcr h\u00f6chste Anspr\u00fcche","description":"Industriegeh\u00e4use, Schaltschr\u00e4nke, Installationsgeh\u00e4use, Sicherungsk\u00e4sten und Verteilerk\u00e4sten","potentialAction":[{"@type":"SearchAction","target":{"@type":"EntryPoint","urlTemplate":"https:\/\/box.lilleshop.de\/?s={search_term_string}"},"query-input":"required name=search_term_string"}],"inLanguage":"fi"},{"@type":"WebPage","@id":"https:\/\/box.lilleshop.de\/fi\/yritys\/tietoa-meistae\/#webpage","url":"https:\/\/box.lilleshop.de\/fi\/yritys\/tietoa-meistae\/","name":"BOXEXPERT-yritys","isPartOf":{"@id":"https:\/\/box.lilleshop.de\/#website"},"datePublished":"2021-08-22T17:36:03+00:00","dateModified":"2021-08-22T17:36:04+00:00","description":"BOXEXPERT Yrityksen esittely","breadcrumb":{"@id":"https:\/\/box.lilleshop.de\/fi\/yritys\/tietoa-meistae\/#breadcrumb"},"inLanguage":"fi","potentialAction":[{"@type":"ReadAction","target":["https:\/\/box.lilleshop.de\/fi\/yritys\/tietoa-meistae\/"]}]},{"@type":"BreadcrumbList","@id":"https:\/\/box.lilleshop.de\/fi\/yritys\/tietoa-meistae\/#breadcrumb","itemListElement":[{"@type":"ListItem","position":1,"name":"Startseite","item":"https:\/\/box.lilleshop.de\/fi\/"},{"@type":"ListItem","position":2,"name":"Yritys","item":"https:\/\/box.lilleshop.de\/fi\/yritys\/"},{"@type":"ListItem","position":3,"name":"Tietoa meist\u00e4"}]}]}},"_links":{"self":[{"href":"https:\/\/box.lilleshop.de\/fi\/wp-json\/wp\/v2\/pages\/45478"}],"collection":[{"href":"https:\/\/box.lilleshop.de\/fi\/wp-json\/wp\/v2\/pages"}],"about":[{"href":"https:\/\/box.lilleshop.de\/fi\/wp-json\/wp\/v2\/types\/page"}],"author":[{"embeddable":true,"href":"https:\/\/box.lilleshop.de\/fi\/wp-json\/wp\/v2\/users\/1"}],"replies":[{"embeddable":true,"href":"https:\/\/box.lilleshop.de\/fi\/wp-json\/wp\/v2\/comments?post=45478"}],"version-history":[{"count":2,"href":"https:\/\/box.lilleshop.de\/fi\/wp-json\/wp\/v2\/pages\/45478\/revisions"}],"predecessor-version":[{"id":45480,"href":"https:\/\/box.lilleshop.de\/fi\/wp-json\/wp\/v2\/pages\/45478\/revisions\/45480"}],"up":[{"embeddable":true,"href":"https:\/\/box.lilleshop.de\/fi\/wp-json\/wp\/v2\/pages\/44566"}],"wp:attachment":[{"href":"https:\/\/box.lilleshop.de\/fi\/wp-json\/wp\/v2\/media?parent=45478"}],"curies":[{"name":"wp","href":"https:\/\/api.w.org\/{rel}","templated":true}]}}