{"id":45227,"date":"2021-08-22T16:12:33","date_gmt":"2021-08-22T16:12:33","guid":{"rendered":"https:\/\/boxexpert.de\/faqs-2\/rohs-reach\/"},"modified":"2021-08-22T16:12:33","modified_gmt":"2021-08-22T16:12:33","slug":"rohs-reach","status":"publish","type":"page","link":"https:\/\/box.lilleshop.de\/fi\/faqs-2\/rohs-reach\/","title":{"rendered":"RoHS \/ REACH"},"content":{"rendered":"<p>[vc_row][vc_column]\n\t\t<div id=\"wd-5e9702fc864e5\" class=\"title-wrapper wd-wpb set-mb-s reset-last-child  wd-rs-5e9702fc864e5 wd-title-color-primary wd-title-style-underlined wd-width-100 text-left vc_custom_1586955020452 wd-underline-colored\">\n\t\t\t\t\t\t\t<div class=\"title-subtitle  subtitle-color-primary font-default subtitle-style-default wd-font-weight- wd-fontsize-xs\">BOXEXPERT<\/div>\n\t\t\t\n\t\t\t<div class=\"liner-continer\">\n\t\t\t\t<h1 class=\"woodmart-title-container title  wd-font-weight- wd-fontsize-xxl\" ><strong>Usein kysytyt kysymykset RoHS, REACH ja CE<\/strong><\/h1>\n\t\t\t\t\t\t\t<\/div>\n\t\t\t\n\t\t\t\n\t\t\t\n\t\t<\/div>\n\t\t\n\t\t[\/vc_column][\/vc_row][vc_row full_width=&#8221;stretch_row&#8221; content_placement=&#8221;top&#8221; css=&#8221;.vc_custom_1586250255149{margin-bottom: 8vh !important;}&#8221; mobile_bg_img_hidden=&#8221;no&#8221; tablet_bg_img_hidden=&#8221;no&#8221; woodmart_parallax=&#8221;0&#8243; woodmart_gradient_switch=&#8221;no&#8221; row_reverse_mobile=&#8221;0&#8243; row_reverse_tablet=&#8221;0&#8243; woodmart_disable_overflow=&#8221;0&#8243;][vc_column width=&#8221;1\/2&#8243; css=&#8221;.vc_custom_1586954960915{margin-bottom: 20px !important;padding-top: 0px !important;}&#8221; mobile_bg_img_hidden=&#8221;no&#8221; tablet_bg_img_hidden=&#8221;no&#8221; woodmart_parallax=&#8221;0&#8243; woodmart_sticky_column=&#8221;false&#8221; parallax_scroll=&#8221;no&#8221; mobile_reset_margin=&#8221;no&#8221; tablet_reset_margin=&#8221;no&#8221;]\n\t\t<div id=\"wd-5e8c41d6a1b3e\" class=\"title-wrapper wd-wpb set-mb-s reset-last-child  wd-rs-5e8c41d6a1b3e wd-title-color-primary wd-title-style-underlined wd-width-100 text-left vc_custom_1586250201296 wd-underline-colored\">\n\t\t\t\t\t\t\t<div class=\"title-subtitle  subtitle-color-primary font-default subtitle-style-default wd-font-weight- wd-fontsize-xs\">REACH<\/div>\n\t\t\t\n\t\t\t<div class=\"liner-continer\">\n\t\t\t\t<h2 class=\"woodmart-title-container title  wd-font-weight- wd-fontsize-l\" >Kemikaalien rekister\u00f6inti\u00e4, arviointia, lupamenettelyj\u00e4 ja rajoituksia koskeva asetus.<\/h2>\n\t\t\t\t\t\t\t<\/div>\n\t\t\t\n\t\t\t\n\t\t\t\n\t\t<\/div>\n\t\t\n\t\t[vc_column_text css=&#8221;.vc_custom_1586250222515{margin-bottom: 20px !important;}&#8221; text_larger=&#8221;no&#8221;]REACH &#8211; asetus (EY) 1907\/2006] on kemikaalien rekister\u00f6inti\u00e4, arviointia, lupamenettelyj\u00e4 ja rajoituksia koskeva eurooppalainen kemikaaliasetus.<\/p>\n<p>REACH on ollut voimassa vuodesta 2007, ja sen tavoitteena on varmistaa ihmisten terveyden ja ymp\u00e4rist\u00f6n suojelun korkea taso. Samalla sill\u00e4 pyrit\u00e4\u00e4n varmistamaan kemikaalien vapaa liikkuvuus sis\u00e4markkinoilla ja edist\u00e4m\u00e4\u00e4n kilpailukyky\u00e4 ja innovointia. REACH perustuu periaatteeseen, jonka mukaan valmistajat, maahantuojat ja jatkok\u00e4ytt\u00e4j\u00e4t ottavat vastuun kemikaaleistaan. Niiden on varmistettava, ett\u00e4 niiden valmistamia ja markkinoille saattamia kemikaaleja k\u00e4ytet\u00e4\u00e4n turvallisesti. Lyhenne &#8220;REACH&#8221; on johdettu asetuksen englanninkielisest\u00e4 nimest\u00e4: Kemikaalien rekister\u00f6inti\u00e4, arviointia, lupamenettelyj\u00e4 ja rajoituksia koskeva asetus. REACH-asetusta pidet\u00e4\u00e4n yhten\u00e4 maailman tiukimmista kemikaalilaeista.&#8221;[\/vc_column_text]\n\t\t<div id=\"wd-5e8c8d65d3760\" class=\"title-wrapper wd-wpb set-mb-s reset-last-child  wd-rs-5e8c8d65d3760 wd-title-color-primary wd-title-style-underlined wd-width-100 text-left vc_custom_1586269779224 wd-underline-colored\">\n\t\t\t\t\t\t\t<div class=\"title-subtitle  subtitle-color-primary font-default subtitle-style-default wd-font-weight- wd-fontsize-xs\">Conformit\u00e9 Europ\u00e9enne<\/div>\n\t\t\t\n\t\t\t<div class=\"liner-continer\">\n\t\t\t\t<h2 class=\"woodmart-title-container title  wd-font-weight- wd-fontsize-l\" >CE-merkint\u00e4<\/h2>\n\t\t\t\t\t\t\t<\/div>\n\t\t\t\n\t\t\t\n\t\t\t\n\t\t<\/div>\n\t\t\n\t\t[vc_column_text css=&#8221;.vc_custom_1586269804437{margin-bottom: 20px !important;}&#8221; text_larger=&#8221;no&#8221;]CE-kirjaimet n\u00e4kyv\u00e4t monissa tuotteissa, joilla k\u00e4yd\u00e4\u00e4n kauppaa Euroopan talousalueen (ETA) laajentuneilla sis\u00e4markkinoilla. Ne tarkoittavat, ett\u00e4 ETA:ssa myyt\u00e4v\u00e4t tuotteet on tarkastettu siten, ett\u00e4 ne t\u00e4ytt\u00e4v\u00e4t korkeat turvallisuus-, terveys- ja ymp\u00e4rist\u00f6nsuojeluvaatimukset. CE-merkint\u00e4 tukee my\u00f6s reilua kilpailua, sill\u00e4 se velvoittaa kaikki yritykset noudattamaan samoja s\u00e4\u00e4nt\u00f6j\u00e4.<br \/>\nKiinnitt\u00e4m\u00e4ll\u00e4 tuotteeseen CE-merkinn\u00e4n valmistaja vakuuttaa, ett\u00e4 tuote t\u00e4ytt\u00e4\u00e4 kaikki CE-merkint\u00e4\u00e4 koskevat lakis\u00e4\u00e4teiset vaatimukset ja ett\u00e4 sit\u00e4 voidaan myyd\u00e4 koko ETA-alueella. T\u00e4m\u00e4 koskee my\u00f6s muissa maissa valmistettuja ja ETA-alueella myyt\u00e4vi\u00e4 tuotteita.[\/vc_column_text][\/vc_column][vc_column width=&#8221;1\/2&#8243; css=&#8221;.vc_custom_1536077344327{margin-bottom: 20px !important;padding-top: 0px !important;}&#8221;]\n\t\t<div id=\"wd-5e8c3ffea7328\" class=\"title-wrapper wd-wpb set-mb-s reset-last-child  wd-rs-5e8c3ffea7328 wd-title-color-primary wd-title-style-underlined wd-width-100 text-left vc_custom_1586249781764 wd-underline-colored\">\n\t\t\t\t\t\t\t<div class=\"title-subtitle  subtitle-color-primary font-default subtitle-style-default wd-font-weight- wd-fontsize-xs\">RoHS<\/div>\n\t\t\t\n\t\t\t<div class=\"liner-continer\">\n\t\t\t\t<h2 class=\"woodmart-title-container title  wd-font-weight- wd-fontsize-l\" >Tiettyjen vaarallisten aineiden k\u00e4yt\u00f6n rajoittaminen<\/h2>\n\t\t\t\t\t\t\t<\/div>\n\t\t\t\n\t\t\t\n\t\t\t\n\t\t<\/div>\n\t\t\n\t\t[vc_column_text css=&#8221;.vc_custom_1586249981539{margin-bottom: 20px !important;}&#8221; text_larger=&#8221;no&#8221;]EU:n laajuisessa RoHS-direktiiviss\u00e4 (direktiivi tiettyjen vaarallisten aineiden k\u00e4yt\u00f6n rajoittamisesta s\u00e4hk\u00f6- ja elektroniikkalaiteromussa) m\u00e4\u00e4ritell\u00e4\u00e4n erilaisia kemiallisia aineita, joita ei saa k\u00e4ytt\u00e4\u00e4 s\u00e4hk\u00f6- ja elektroniikkalaitteissa. Hein\u00e4kuun 22. p\u00e4iv\u00e4n\u00e4 2019 tulee EU:ssa voimaan &#8220;laajennettu&#8221; RoHS-direktiivi, joka sis\u00e4lt\u00e4\u00e4 uusia aineiden k\u00e4ytt\u00f6kieltoja.<\/p>\n<p>Seuraavia aineita s\u00e4\u00e4nnell\u00e4\u00e4n:<\/p>\n<ul>\n<li>Lyijy (PB)<\/li>\n<li>Kadmium (Cd)<\/li>\n<li>Polybromatut bifenyylit (PBB)<\/li>\n<li>polybromatut difenyylieetterit (PBDE)<\/li>\n<li>Kuusiarvoinen kromi<\/li>\n<li>Elohopea (Hg)<\/li>\n<li>Butyylibentsyyliftalaatti (BBP)<\/li>\n<li>Di(2-etyyliheksyyli)ftalaatti (DEHP)<\/li>\n<li>Dibutyyliftalaatti (DBP)<\/li>\n<li>Dibutylphthalat (DBP)<\/li>\n<\/ul>\n<p>Homogeenisia materiaaleja, jotka sis\u00e4lt\u00e4v\u00e4t yli 0,1 painoprosenttia kutakin edell\u00e4 mainittua ainetta (Cd 0,01 painoprosenttia), ei saa k\u00e4ytt\u00e4\u00e4 s\u00e4hk\u00f6laitteissa, jotka kuuluvat 2011\/65\/EU liitteess\u00e4 I lueteltuihin laiteluokkiin.<br \/>\nN\u00e4iss\u00e4 niin sanotuissa de minimis -rajoissa otetaan huomioon, ett\u00e4 saastumista voi esiinty\u00e4 hyvin pieni\u00e4 m\u00e4\u00e4ri\u00e4, joita ei voida teknisesti est\u00e4\u00e4.[\/vc_column_text][\/vc_column][\/vc_row]<\/p>\n","protected":false},"excerpt":{"rendered":"<p>[vc_row][vc_column][\/vc_column][\/vc_row][vc_row full_width=&#8221;stretch_row&#8221; content_placement=&#8221;top&#8221; css=&#8221;.vc_custom_1586250255149{margin-bottom: 8vh !important;}&#8221; mobile_bg_img_hidden=&#8221;no&#8221; tablet_bg_img_hidden=&#8221;no&#8221; woodmart_parallax=&#8221;0&#8243; woodmart_gradient_switch=&#8221;no&#8221; row_reverse_mobile=&#8221;0&#8243; row_reverse_tablet=&#8221;0&#8243; woodmart_disable_overflow=&#8221;0&#8243;][vc_column width=&#8221;1\/2&#8243; css=&#8221;.vc_custom_1586954960915{margin-bottom: 20px !important;padding-top: 0px !important;}&#8221; mobile_bg_img_hidden=&#8221;no&#8221;<\/p>\n","protected":false},"author":1,"featured_media":0,"parent":44919,"menu_order":0,"comment_status":"closed","ping_status":"closed","template":"","meta":[],"yoast_head":"<!-- This site is optimized with the Yoast SEO Premium plugin v18.4 (Yoast SEO v18.8) - https:\/\/yoast.com\/wordpress\/plugins\/seo\/ -->\n<title>REACH ROHS-yhteensopivat kotelot | BOXEXPERT<\/title>\n<meta name=\"description\" content=\"Tietoa ja usein kysyttyj\u00e4 kysymyksi\u00e4 teollisuuden koteloiden ja kytkinkaappien REACH- ja ROHS-vaatimuksista BOXEXPERT\" \/>\n<meta name=\"robots\" content=\"index, follow, max-snippet:-1, max-image-preview:large, max-video-preview:-1\" \/>\n<link rel=\"canonical\" href=\"https:\/\/box.lilleshop.de\/fi\/faqs-2\/rohs-reach\/\" \/>\n<meta property=\"og:locale\" content=\"fi_FI\" \/>\n<meta property=\"og:type\" content=\"article\" \/>\n<meta property=\"og:title\" content=\"RoHS \/ REACH\" \/>\n<meta property=\"og:description\" content=\"Tietoa ja usein kysyttyj\u00e4 kysymyksi\u00e4 teollisuuden koteloiden ja kytkinkaappien REACH- ja ROHS-vaatimuksista BOXEXPERT\" \/>\n<meta property=\"og:url\" content=\"https:\/\/box.lilleshop.de\/fi\/faqs-2\/rohs-reach\/\" \/>\n<meta property=\"og:site_name\" content=\"BOXEXPERT - Professionelle Geh\u00e4usel\u00f6sungen f\u00fcr h\u00f6chste Anspr\u00fcche\" \/>\n<meta name=\"twitter:card\" content=\"summary_large_image\" \/>\n<meta name=\"twitter:label1\" content=\"Est. reading time\" \/>\n\t<meta name=\"twitter:data1\" content=\"3 minutes\" \/>\n<script type=\"application\/ld+json\" class=\"yoast-schema-graph\">{\"@context\":\"https:\/\/schema.org\",\"@graph\":[{\"@type\":\"WebSite\",\"@id\":\"https:\/\/box.lilleshop.de\/#website\",\"url\":\"https:\/\/box.lilleshop.de\/\",\"name\":\"BOXEXPERT - Professionelle Geh\u00e4usel\u00f6sungen f\u00fcr h\u00f6chste Anspr\u00fcche\",\"description\":\"Industriegeh\u00e4use, Schaltschr\u00e4nke, Installationsgeh\u00e4use, Sicherungsk\u00e4sten und Verteilerk\u00e4sten\",\"potentialAction\":[{\"@type\":\"SearchAction\",\"target\":{\"@type\":\"EntryPoint\",\"urlTemplate\":\"https:\/\/box.lilleshop.de\/?s={search_term_string}\"},\"query-input\":\"required name=search_term_string\"}],\"inLanguage\":\"fi\"},{\"@type\":\"WebPage\",\"@id\":\"https:\/\/box.lilleshop.de\/fi\/faqs-2\/rohs-reach\/#webpage\",\"url\":\"https:\/\/box.lilleshop.de\/fi\/faqs-2\/rohs-reach\/\",\"name\":\"REACH ROHS-yhteensopivat kotelot | BOXEXPERT\",\"isPartOf\":{\"@id\":\"https:\/\/box.lilleshop.de\/#website\"},\"datePublished\":\"2021-08-22T16:12:33+00:00\",\"dateModified\":\"2021-08-22T16:12:33+00:00\",\"description\":\"Tietoa ja usein kysyttyj\u00e4 kysymyksi\u00e4 teollisuuden koteloiden ja kytkinkaappien REACH- ja ROHS-vaatimuksista BOXEXPERT\",\"breadcrumb\":{\"@id\":\"https:\/\/box.lilleshop.de\/fi\/faqs-2\/rohs-reach\/#breadcrumb\"},\"inLanguage\":\"fi\",\"potentialAction\":[{\"@type\":\"ReadAction\",\"target\":[\"https:\/\/box.lilleshop.de\/fi\/faqs-2\/rohs-reach\/\"]}]},{\"@type\":\"BreadcrumbList\",\"@id\":\"https:\/\/box.lilleshop.de\/fi\/faqs-2\/rohs-reach\/#breadcrumb\",\"itemListElement\":[{\"@type\":\"ListItem\",\"position\":1,\"name\":\"Startseite\",\"item\":\"https:\/\/box.lilleshop.de\/fi\/\"},{\"@type\":\"ListItem\",\"position\":2,\"name\":\"FAQ&#8217;s\",\"item\":\"https:\/\/box.lilleshop.de\/fi\/faqs-2\/\"},{\"@type\":\"ListItem\",\"position\":3,\"name\":\"RoHS \/ REACH\"}]}]}<\/script>\n<!-- \/ Yoast SEO Premium plugin. -->","yoast_head_json":{"title":"REACH ROHS-yhteensopivat kotelot | BOXEXPERT","description":"Tietoa ja usein kysyttyj\u00e4 kysymyksi\u00e4 teollisuuden koteloiden ja kytkinkaappien REACH- ja ROHS-vaatimuksista BOXEXPERT","robots":{"index":"index","follow":"follow","max-snippet":"max-snippet:-1","max-image-preview":"max-image-preview:large","max-video-preview":"max-video-preview:-1"},"canonical":"https:\/\/box.lilleshop.de\/fi\/faqs-2\/rohs-reach\/","og_locale":"fi_FI","og_type":"article","og_title":"RoHS \/ REACH","og_description":"Tietoa ja usein kysyttyj\u00e4 kysymyksi\u00e4 teollisuuden koteloiden ja kytkinkaappien REACH- ja ROHS-vaatimuksista BOXEXPERT","og_url":"https:\/\/box.lilleshop.de\/fi\/faqs-2\/rohs-reach\/","og_site_name":"BOXEXPERT - Professionelle Geh\u00e4usel\u00f6sungen f\u00fcr h\u00f6chste Anspr\u00fcche","twitter_card":"summary_large_image","twitter_misc":{"Est. reading time":"3 minutes"},"schema":{"@context":"https:\/\/schema.org","@graph":[{"@type":"WebSite","@id":"https:\/\/box.lilleshop.de\/#website","url":"https:\/\/box.lilleshop.de\/","name":"BOXEXPERT - Professionelle Geh\u00e4usel\u00f6sungen f\u00fcr h\u00f6chste Anspr\u00fcche","description":"Industriegeh\u00e4use, Schaltschr\u00e4nke, Installationsgeh\u00e4use, Sicherungsk\u00e4sten und Verteilerk\u00e4sten","potentialAction":[{"@type":"SearchAction","target":{"@type":"EntryPoint","urlTemplate":"https:\/\/box.lilleshop.de\/?s={search_term_string}"},"query-input":"required name=search_term_string"}],"inLanguage":"fi"},{"@type":"WebPage","@id":"https:\/\/box.lilleshop.de\/fi\/faqs-2\/rohs-reach\/#webpage","url":"https:\/\/box.lilleshop.de\/fi\/faqs-2\/rohs-reach\/","name":"REACH ROHS-yhteensopivat kotelot | BOXEXPERT","isPartOf":{"@id":"https:\/\/box.lilleshop.de\/#website"},"datePublished":"2021-08-22T16:12:33+00:00","dateModified":"2021-08-22T16:12:33+00:00","description":"Tietoa ja usein kysyttyj\u00e4 kysymyksi\u00e4 teollisuuden koteloiden ja kytkinkaappien REACH- ja ROHS-vaatimuksista BOXEXPERT","breadcrumb":{"@id":"https:\/\/box.lilleshop.de\/fi\/faqs-2\/rohs-reach\/#breadcrumb"},"inLanguage":"fi","potentialAction":[{"@type":"ReadAction","target":["https:\/\/box.lilleshop.de\/fi\/faqs-2\/rohs-reach\/"]}]},{"@type":"BreadcrumbList","@id":"https:\/\/box.lilleshop.de\/fi\/faqs-2\/rohs-reach\/#breadcrumb","itemListElement":[{"@type":"ListItem","position":1,"name":"Startseite","item":"https:\/\/box.lilleshop.de\/fi\/"},{"@type":"ListItem","position":2,"name":"FAQ&#8217;s","item":"https:\/\/box.lilleshop.de\/fi\/faqs-2\/"},{"@type":"ListItem","position":3,"name":"RoHS \/ REACH"}]}]}},"_links":{"self":[{"href":"https:\/\/box.lilleshop.de\/fi\/wp-json\/wp\/v2\/pages\/45227"}],"collection":[{"href":"https:\/\/box.lilleshop.de\/fi\/wp-json\/wp\/v2\/pages"}],"about":[{"href":"https:\/\/box.lilleshop.de\/fi\/wp-json\/wp\/v2\/types\/page"}],"author":[{"embeddable":true,"href":"https:\/\/box.lilleshop.de\/fi\/wp-json\/wp\/v2\/users\/1"}],"replies":[{"embeddable":true,"href":"https:\/\/box.lilleshop.de\/fi\/wp-json\/wp\/v2\/comments?post=45227"}],"version-history":[{"count":2,"href":"https:\/\/box.lilleshop.de\/fi\/wp-json\/wp\/v2\/pages\/45227\/revisions"}],"predecessor-version":[{"id":45229,"href":"https:\/\/box.lilleshop.de\/fi\/wp-json\/wp\/v2\/pages\/45227\/revisions\/45229"}],"up":[{"embeddable":true,"href":"https:\/\/box.lilleshop.de\/fi\/wp-json\/wp\/v2\/pages\/44919"}],"wp:attachment":[{"href":"https:\/\/box.lilleshop.de\/fi\/wp-json\/wp\/v2\/media?parent=45227"}],"curies":[{"name":"wp","href":"https:\/\/api.w.org\/{rel}","templated":true}]}}