{"id":45216,"date":"2021-08-22T16:08:28","date_gmt":"2021-08-22T16:08:28","guid":{"rendered":"https:\/\/boxexpert.de\/faqs-2\/standardit\/"},"modified":"2021-08-22T16:08:28","modified_gmt":"2021-08-22T16:08:28","slug":"standardit","status":"publish","type":"page","link":"https:\/\/box.lilleshop.de\/fi\/faqs-2\/standardit\/","title":{"rendered":"Standardit"},"content":{"rendered":"<p>[vc_row][vc_column]\n\t\t<div id=\"wd-5e81d39072d3c\" class=\"title-wrapper wd-wpb set-mb-s reset-last-child  wd-rs-5e81d39072d3c wd-title-color-primary wd-title-style-underlined wd-width-100 text-left vc_custom_1585566615150 wd-underline-colored\">\n\t\t\t\t\t\t\t<div class=\"title-subtitle  subtitle-color-primary font-default subtitle-style-default wd-font-weight- wd-fontsize-xs\">FAQ'S<\/div>\n\t\t\t\n\t\t\t<div class=\"liner-continer\">\n\t\t\t\t<h1 class=\"woodmart-title-container title  wd-font-weight- wd-fontsize-xl\" ><strong>MIT\u00c4 STANDARDEJA SOVELLETAAN?<\/strong><\/h1>\n\t\t\t\t\t\t\t<\/div>\n\t\t\t\n\t\t\t\n\t\t\t\n\t\t<\/div>\n\t\t\n\t\t[vc_column_text text_larger=&#8221;no&#8221;]S\u00e4hk\u00f6asennuslaitteiden rasioita, koteloita ja koteloiden osia koskevat standardit ovat seuraavat:<\/p>\n<ul>\n<li>DIN EN 60670-1 (VDE 0606-1)<\/li>\n<li>DIN EN 61439-1 (VDE 0660-600-1)<\/li>\n<li>DIN EN 62208 (VDE 0660-511)<\/li>\n<\/ul>\n<p>[\/vc_column_text][vc_row_inner][vc_column_inner width=&#8221;1\/3&#8243;]\n\t\t<div id=\"wd-5e81d30e9902e\" class=\"title-wrapper wd-wpb set-mb-s reset-last-child  wd-rs-5e81d30e9902e wd-title-color-primary wd-title-style-underlined wd-width-100 text-left vc_custom_1585566482243 wd-underline-colored\">\n\t\t\t\n\t\t\t<div class=\"liner-continer\">\n\t\t\t\t<h1 class=\"woodmart-title-container title  wd-font-weight- wd-fontsize-m\" ><strong>DIN EN 60670-1<\/strong><\/h1>\n\t\t\t\t\t\t\t<\/div>\n\t\t\t\n\t\t\t\n\t\t\t\n\t\t<\/div>\n\t\t\n\t\t[\/vc_column_inner][vc_column_inner width=&#8221;1\/3&#8243;][\/vc_column_inner][vc_column_inner width=&#8221;1\/3&#8243;][\/vc_column_inner][\/vc_row_inner][vc_column_text text_larger=&#8221;no&#8221;]Standardia <strong>DIN EN 60670-1, VDE 0606-1<\/strong> sovelletaan kotitalouksiin ja vastaaviin kiinteisiin s\u00e4hk\u00f6asennuksiin tarkoitettuihin kotitalouksien ja vastaaviin kiinteisiin s\u00e4hk\u00f6asennuksiin tarkoitettuihin kotitalouksien ja vastaaviin kiinteisiin s\u00e4hk\u00f6asennuksiin sis\u00e4tiloissa tai ulkona tarkoitettuihin nimellisj\u00e4nnitteelt\u00e4\u00e4n enint\u00e4\u00e4n 1000 voltin vaihtoj\u00e4nnitteisiin ja 1500 voltin tasaj\u00e4nnitteisiin s\u00e4hk\u00f6asennuslaitteisiin tarkoitettuihin rasioihin, kotelointeihin ja niiden osiin.[\/vc_column_text][vc_row_inner][vc_column_inner width=&#8221;1\/3&#8243;]\n\t\t<div id=\"wd-5e81d331c4914\" class=\"title-wrapper wd-wpb set-mb-s reset-last-child  wd-rs-5e81d331c4914 wd-title-color-primary wd-title-style-underlined wd-width-100 text-left vc_custom_1585566519102 wd-underline-colored\">\n\t\t\t\n\t\t\t<div class=\"liner-continer\">\n\t\t\t\t<h1 class=\"woodmart-title-container title  wd-font-weight- wd-fontsize-m\" ><strong>DIN EN 61439-1<\/strong><\/h1>\n\t\t\t\t\t\t\t<\/div>\n\t\t\t\n\t\t\t\n\t\t\t\n\t\t<\/div>\n\t\t\n\t\t[\/vc_column_inner][vc_column_inner width=&#8221;1\/3&#8243;][\/vc_column_inner][vc_column_inner width=&#8221;1\/3&#8243;][\/vc_column_inner][\/vc_row_inner][vc_column_text text_larger=&#8221;no&#8221;]&#8221;Standardi <strong>IEC 61439<\/strong> (&#8230;) ja kansalliset standardit <em>DIN EN 61439<\/em>, <em>SN EN 61439<\/em>, <em>\u00d6VE\/\u00d6NORM EN 61439<\/em>&#8220;. saksankielisell\u00e4 alueella, k\u00e4sittelee pienj\u00e4nnitekytkinlaitteiden turvallisuusvaatimuksia. Se koskee muun muassa rakennusten ja teollisuussovellusten s\u00e4hk\u00f6njakelua. (&#8230;) Uudessa standardisarjassa EN (IEC) 61439 m\u00e4\u00e4ritell\u00e4\u00e4n selke\u00e4t s\u00e4\u00e4nn\u00f6t pienj\u00e4nnitekytkinlaitteille ja ohjauslaitteiden kokoonpanoille (SK). Siin\u00e4 m\u00e4\u00e4ritell\u00e4\u00e4n s\u00e4hk\u00f6laitteita koskevat turvallisuusvaatimukset suunnittelijoille, j\u00e4rjestelmien rakentajille, s\u00e4hk\u00f6asentajille ja loppuasiakkaille, jotta henkil\u00f6iden ja j\u00e4rjestelmien suojelutavoitteet s\u00e4hk\u00f6asennuksissa t\u00e4yttyv\u00e4t.&#8221; (Wikipedia: 30.01.2020, <a href=\"https:\/\/de.wikipedia.org\/wiki\/IEC_61439\">https:\/\/de.wikipedia.org\/wiki\/IEC_61439<\/a>)[\/vc_column_text][vc_row_inner][vc_column_inner width=&#8221;1\/3&#8243;]\n\t\t<div id=\"wd-5e81d33e06684\" class=\"title-wrapper wd-wpb set-mb-s reset-last-child  wd-rs-5e81d33e06684 wd-title-color-primary wd-title-style-underlined wd-width-100 text-left vc_custom_1585566531928 wd-underline-colored\">\n\t\t\t\n\t\t\t<div class=\"liner-continer\">\n\t\t\t\t<h1 class=\"woodmart-title-container title  wd-font-weight- wd-fontsize-m\" ><strong>DIN EN 62208<\/strong><\/h1>\n\t\t\t\t\t\t\t<\/div>\n\t\t\t\n\t\t\t\n\t\t\t\n\t\t<\/div>\n\t\t\n\t\t[\/vc_column_inner][vc_column_inner width=&#8221;1\/3&#8243;][\/vc_column_inner][vc_column_inner width=&#8221;1\/3&#8243;][\/vc_column_inner][\/vc_row_inner][vc_column_text text_larger=&#8221;no&#8221;]&#8221;T\u00e4t\u00e4 standardia sovelletaan tyhjiin koteloihin, jotka kotelon valmistaja toimittaa ennen kuin kytkinlaitekokoonpanon valmistaja asentaa laitteet.<br \/>\nSiin\u00e4 m\u00e4\u00e4ritell\u00e4\u00e4n termit, luokitukset, tunnusmerkit ja testausvaatimukset koteloille, jotka on tarkoitettu k\u00e4ytett\u00e4v\u00e4ksi esimerkiksi IEC 61439 -sarjan standardien mukaisten kytkinlaitteiden kanssa, joiden nimellisj\u00e4nnite on enint\u00e4\u00e4n 1 000 V AC tai 1 500 V DC, yleiseen sis\u00e4- tai ulkok\u00e4ytt\u00f6\u00f6n.&#8221;<\/p>\n<p>(VDE-Verlag, 29.01.2020: <a href=\"https:\/\/www.vde-verlag.de\/normen\/0660171\/din-en-62208-vde-0660-511-2012-06.html\">https:\/\/www.vde-verlag.de\/normen\/0660171\/din-en-62208-vde-0660-511-2012-06.html<\/a>)[\/vc_column_text][\/vc_column][\/vc_row]<\/p>\n","protected":false},"excerpt":{"rendered":"<p>[vc_row][vc_column][vc_column_text text_larger=&#8221;no&#8221;]S\u00e4hk\u00f6asennuslaitteiden rasioita, koteloita ja koteloiden osia koskevat standardit ovat seuraavat: DIN EN 60670-1 (VDE 0606-1) DIN EN 61439-1 (VDE<\/p>\n","protected":false},"author":1,"featured_media":0,"parent":44919,"menu_order":0,"comment_status":"closed","ping_status":"closed","template":"","meta":[],"yoast_head":"<!-- This site is optimized with the Yoast SEO Premium plugin v18.4 (Yoast SEO v18.8) - https:\/\/yoast.com\/wordpress\/plugins\/seo\/ -->\n<title>Standardit Kotelointitekniikka | BOXEXPERT<\/title>\n<meta name=\"description\" content=\"Tietoa ja usein kysyttyj\u00e4 kysymyksi\u00e4 teollisuuskoteloiden ja kytkinkaappien standardeista BOXEXPERT\" \/>\n<meta name=\"robots\" content=\"index, follow, max-snippet:-1, max-image-preview:large, max-video-preview:-1\" \/>\n<link rel=\"canonical\" href=\"https:\/\/box.lilleshop.de\/fi\/faqs-2\/standardit\/\" \/>\n<meta property=\"og:locale\" content=\"fi_FI\" \/>\n<meta property=\"og:type\" content=\"article\" \/>\n<meta property=\"og:title\" content=\"Standardit\" \/>\n<meta property=\"og:description\" content=\"Tietoa ja usein kysyttyj\u00e4 kysymyksi\u00e4 teollisuuskoteloiden ja kytkinkaappien standardeista BOXEXPERT\" \/>\n<meta property=\"og:url\" content=\"https:\/\/box.lilleshop.de\/fi\/faqs-2\/standardit\/\" \/>\n<meta property=\"og:site_name\" content=\"BOXEXPERT - Professionelle Geh\u00e4usel\u00f6sungen f\u00fcr h\u00f6chste Anspr\u00fcche\" \/>\n<meta name=\"twitter:card\" content=\"summary_large_image\" \/>\n<meta name=\"twitter:label1\" content=\"Est. reading time\" \/>\n\t<meta name=\"twitter:data1\" content=\"2 minutes\" \/>\n<script type=\"application\/ld+json\" class=\"yoast-schema-graph\">{\"@context\":\"https:\/\/schema.org\",\"@graph\":[{\"@type\":\"WebSite\",\"@id\":\"https:\/\/box.lilleshop.de\/#website\",\"url\":\"https:\/\/box.lilleshop.de\/\",\"name\":\"BOXEXPERT - Professionelle Geh\u00e4usel\u00f6sungen f\u00fcr h\u00f6chste Anspr\u00fcche\",\"description\":\"Industriegeh\u00e4use, Schaltschr\u00e4nke, Installationsgeh\u00e4use, Sicherungsk\u00e4sten und Verteilerk\u00e4sten\",\"potentialAction\":[{\"@type\":\"SearchAction\",\"target\":{\"@type\":\"EntryPoint\",\"urlTemplate\":\"https:\/\/box.lilleshop.de\/?s={search_term_string}\"},\"query-input\":\"required name=search_term_string\"}],\"inLanguage\":\"fi\"},{\"@type\":\"WebPage\",\"@id\":\"https:\/\/box.lilleshop.de\/fi\/faqs-2\/standardit\/#webpage\",\"url\":\"https:\/\/box.lilleshop.de\/fi\/faqs-2\/standardit\/\",\"name\":\"Standardit Kotelointitekniikka | BOXEXPERT\",\"isPartOf\":{\"@id\":\"https:\/\/box.lilleshop.de\/#website\"},\"datePublished\":\"2021-08-22T16:08:28+00:00\",\"dateModified\":\"2021-08-22T16:08:28+00:00\",\"description\":\"Tietoa ja usein kysyttyj\u00e4 kysymyksi\u00e4 teollisuuskoteloiden ja kytkinkaappien standardeista BOXEXPERT\",\"breadcrumb\":{\"@id\":\"https:\/\/box.lilleshop.de\/fi\/faqs-2\/standardit\/#breadcrumb\"},\"inLanguage\":\"fi\",\"potentialAction\":[{\"@type\":\"ReadAction\",\"target\":[\"https:\/\/box.lilleshop.de\/fi\/faqs-2\/standardit\/\"]}]},{\"@type\":\"BreadcrumbList\",\"@id\":\"https:\/\/box.lilleshop.de\/fi\/faqs-2\/standardit\/#breadcrumb\",\"itemListElement\":[{\"@type\":\"ListItem\",\"position\":1,\"name\":\"Startseite\",\"item\":\"https:\/\/box.lilleshop.de\/fi\/\"},{\"@type\":\"ListItem\",\"position\":2,\"name\":\"FAQ&#8217;s\",\"item\":\"https:\/\/box.lilleshop.de\/fi\/faqs-2\/\"},{\"@type\":\"ListItem\",\"position\":3,\"name\":\"Standardit\"}]}]}<\/script>\n<!-- \/ Yoast SEO Premium plugin. -->","yoast_head_json":{"title":"Standardit Kotelointitekniikka | BOXEXPERT","description":"Tietoa ja usein kysyttyj\u00e4 kysymyksi\u00e4 teollisuuskoteloiden ja kytkinkaappien standardeista BOXEXPERT","robots":{"index":"index","follow":"follow","max-snippet":"max-snippet:-1","max-image-preview":"max-image-preview:large","max-video-preview":"max-video-preview:-1"},"canonical":"https:\/\/box.lilleshop.de\/fi\/faqs-2\/standardit\/","og_locale":"fi_FI","og_type":"article","og_title":"Standardit","og_description":"Tietoa ja usein kysyttyj\u00e4 kysymyksi\u00e4 teollisuuskoteloiden ja kytkinkaappien standardeista BOXEXPERT","og_url":"https:\/\/box.lilleshop.de\/fi\/faqs-2\/standardit\/","og_site_name":"BOXEXPERT - Professionelle Geh\u00e4usel\u00f6sungen f\u00fcr h\u00f6chste Anspr\u00fcche","twitter_card":"summary_large_image","twitter_misc":{"Est. reading time":"2 minutes"},"schema":{"@context":"https:\/\/schema.org","@graph":[{"@type":"WebSite","@id":"https:\/\/box.lilleshop.de\/#website","url":"https:\/\/box.lilleshop.de\/","name":"BOXEXPERT - Professionelle Geh\u00e4usel\u00f6sungen f\u00fcr h\u00f6chste Anspr\u00fcche","description":"Industriegeh\u00e4use, Schaltschr\u00e4nke, Installationsgeh\u00e4use, Sicherungsk\u00e4sten und Verteilerk\u00e4sten","potentialAction":[{"@type":"SearchAction","target":{"@type":"EntryPoint","urlTemplate":"https:\/\/box.lilleshop.de\/?s={search_term_string}"},"query-input":"required name=search_term_string"}],"inLanguage":"fi"},{"@type":"WebPage","@id":"https:\/\/box.lilleshop.de\/fi\/faqs-2\/standardit\/#webpage","url":"https:\/\/box.lilleshop.de\/fi\/faqs-2\/standardit\/","name":"Standardit Kotelointitekniikka | BOXEXPERT","isPartOf":{"@id":"https:\/\/box.lilleshop.de\/#website"},"datePublished":"2021-08-22T16:08:28+00:00","dateModified":"2021-08-22T16:08:28+00:00","description":"Tietoa ja usein kysyttyj\u00e4 kysymyksi\u00e4 teollisuuskoteloiden ja kytkinkaappien standardeista BOXEXPERT","breadcrumb":{"@id":"https:\/\/box.lilleshop.de\/fi\/faqs-2\/standardit\/#breadcrumb"},"inLanguage":"fi","potentialAction":[{"@type":"ReadAction","target":["https:\/\/box.lilleshop.de\/fi\/faqs-2\/standardit\/"]}]},{"@type":"BreadcrumbList","@id":"https:\/\/box.lilleshop.de\/fi\/faqs-2\/standardit\/#breadcrumb","itemListElement":[{"@type":"ListItem","position":1,"name":"Startseite","item":"https:\/\/box.lilleshop.de\/fi\/"},{"@type":"ListItem","position":2,"name":"FAQ&#8217;s","item":"https:\/\/box.lilleshop.de\/fi\/faqs-2\/"},{"@type":"ListItem","position":3,"name":"Standardit"}]}]}},"_links":{"self":[{"href":"https:\/\/box.lilleshop.de\/fi\/wp-json\/wp\/v2\/pages\/45216"}],"collection":[{"href":"https:\/\/box.lilleshop.de\/fi\/wp-json\/wp\/v2\/pages"}],"about":[{"href":"https:\/\/box.lilleshop.de\/fi\/wp-json\/wp\/v2\/types\/page"}],"author":[{"embeddable":true,"href":"https:\/\/box.lilleshop.de\/fi\/wp-json\/wp\/v2\/users\/1"}],"replies":[{"embeddable":true,"href":"https:\/\/box.lilleshop.de\/fi\/wp-json\/wp\/v2\/comments?post=45216"}],"version-history":[{"count":2,"href":"https:\/\/box.lilleshop.de\/fi\/wp-json\/wp\/v2\/pages\/45216\/revisions"}],"predecessor-version":[{"id":45218,"href":"https:\/\/box.lilleshop.de\/fi\/wp-json\/wp\/v2\/pages\/45216\/revisions\/45218"}],"up":[{"embeddable":true,"href":"https:\/\/box.lilleshop.de\/fi\/wp-json\/wp\/v2\/pages\/44919"}],"wp:attachment":[{"href":"https:\/\/box.lilleshop.de\/fi\/wp-json\/wp\/v2\/media?parent=45216"}],"curies":[{"name":"wp","href":"https:\/\/api.w.org\/{rel}","templated":true}]}}