{"id":45031,"date":"2021-08-22T15:42:31","date_gmt":"2021-08-22T15:42:31","guid":{"rendered":"https:\/\/boxexpert.de\/yritys\/code-of-conduct\/"},"modified":"2022-04-08T05:45:43","modified_gmt":"2022-04-08T05:45:43","slug":"kaeytaennesaeaennoet","status":"publish","type":"page","link":"https:\/\/box.lilleshop.de\/fi\/yritys\/kaeytaennesaeaennoet\/","title":{"rendered":"K\u00c4YT\u00c4NNES\u00c4\u00c4NN\u00d6T"},"content":{"rendered":"<p>[vc_row full_width=&#8221;stretch_row_content&#8221; mobile_bg_img_hidden=&#8221;no&#8221; tablet_bg_img_hidden=&#8221;no&#8221; woodmart_parallax=&#8221;0&#8243; woodmart_gradient_switch=&#8221;no&#8221; row_reverse_mobile=&#8221;0&#8243; row_reverse_tablet=&#8221;0&#8243; woodmart_disable_overflow=&#8221;0&#8243; css=&#8221;.vc_custom_1585665823573{margin-top: -40px !important;margin-bottom: 4vh !important;}&#8221;][vc_column]\n\t\t\t<!-- START Code of Conduct REVOLUTION SLIDER 6.5.21 --><p class=\"rs-p-wp-fix\"><\/p>\n\t\t\t<rs-module-wrap id=\"rev_slider_33_1_wrapper\" data-source=\"gallery\" style=\"visibility:hidden;background:transparent;padding:0;margin:0px auto;margin-top:0;margin-bottom:0;\">\n\t\t\t\t<rs-module id=\"rev_slider_33_1\" style=\"\" data-version=\"6.5.21\">\n\t\t\t\t\t<rs-slides>\n\t\t\t\t\t\t<rs-slide style=\"position: absolute;\" data-key=\"rs-284\" data-title=\"Slide\" data-in=\"o:0;\" data-out=\"a:false;\">\n\t\t\t\t\t\t\t<img src=\"\/\/box.lilleshop.de\/wp-content\/plugins\/revslider\/public\/assets\/assets\/dummy.png\" alt=\"\" title=\"selective-focus-photography-of-child-hand-1250452 (1)\" width=\"1600\" height=\"600\" class=\"rev-slidebg tp-rs-img rs-lazyload\" data-lazyload=\"\/\/box.lilleshop.de\/wp-content\/uploads\/2020\/03\/selective-focus-photography-of-child-hand-1250452-1.jpg\" data-no-retina>\n<!--\n\t\t\t\t\t\t\t--><rs-layer\n\t\t\t\t\t\t\t\tid=\"slider-33-slide-284-layer-3\" \n\t\t\t\t\t\t\t\tdata-type=\"shape\"\n\t\t\t\t\t\t\t\tdata-rsp_ch=\"on\"\n\t\t\t\t\t\t\t\tdata-xy=\"x:428px;y:340px;\"\n\t\t\t\t\t\t\t\tdata-text=\"w:normal;\"\n\t\t\t\t\t\t\t\tdata-dim=\"w:569;h:140;\"\n\t\t\t\t\t\t\t\tdata-spike=\"r:top;\"\n\t\t\t\t\t\t\t\tdata-frame_0=\"x:left;\"\n\t\t\t\t\t\t\t\tdata-frame_1=\"st:400;sp:1000;\"\n\t\t\t\t\t\t\t\tdata-frame_999=\"o:0;st:w;\"\n\t\t\t\t\t\t\t\tstyle=\"z-index:5;background-color:rgba(54,132,187,0.95);\"\n\t\t\t\t\t\t\t> \n\t\t\t\t\t\t\t<\/rs-layer><!--\n\n\t\t\t\t\t\t\t--><rs-layer\n\t\t\t\t\t\t\t\tid=\"slider-33-slide-284-layer-4\" \n\t\t\t\t\t\t\t\tdata-type=\"text\"\n\t\t\t\t\t\t\t\tdata-color=\"#ffffff\"\n\t\t\t\t\t\t\t\tdata-rsp_ch=\"on\"\n\t\t\t\t\t\t\t\tdata-xy=\"x:454px;y:360px;\"\n\t\t\t\t\t\t\t\tdata-text=\"w:normal;s:27;l:34;fw:600;\"\n\t\t\t\t\t\t\t\tdata-frame_0=\"x:left;\"\n\t\t\t\t\t\t\t\tdata-frame_1=\"st:400;sp:1000;\"\n\t\t\t\t\t\t\t\tdata-frame_999=\"o:0;st:w;\"\n\t\t\t\t\t\t\t\tstyle=\"z-index:6;font-family:'Poppins';\"\n\t\t\t\t\t\t\t>ATT G\u00c5 FRAM\u00c5T TILLSAMMANS F\u00d6R<br \/>\nATT UPPN\u00c5 DET GODA<br \/>\nV\u00c4RDERINGAR OCH R\u00c4TTVISA \n\t\t\t\t\t\t\t<\/rs-layer><!--\n-->\t\t\t\t\t\t<\/rs-slide>\n\t\t\t\t\t<\/rs-slides>\n\t\t\t\t<\/rs-module>\n\t\t\t\t<script>\n\t\t\t\t\tsetREVStartSize({c: 'rev_slider_33_1',rl:[1240,1024,778,480],el:[500],gw:[1240],gh:[500],type:'standard',justify:'',layout:'fullwidth',mh:\"0\"});if (window.RS_MODULES!==undefined && window.RS_MODULES.modules!==undefined && window.RS_MODULES.modules[\"revslider331\"]!==undefined) {window.RS_MODULES.modules[\"revslider331\"].once = false;window.revapi33 = undefined;if (window.RS_MODULES.checkMinimal!==undefined) window.RS_MODULES.checkMinimal()}\n\t\t\t\t<\/script>\n\t\t\t<\/rs-module-wrap>\n\t\t\t<!-- END REVOLUTION SLIDER -->\n[\/vc_column][\/vc_row][vc_row mobile_bg_img_hidden=&#8221;no&#8221; tablet_bg_img_hidden=&#8221;no&#8221; woodmart_parallax=&#8221;0&#8243; woodmart_gradient_switch=&#8221;no&#8221; row_reverse_mobile=&#8221;0&#8243; row_reverse_tablet=&#8221;0&#8243; woodmart_disable_overflow=&#8221;0&#8243;][vc_column width=&#8221;1\/2&#8243;]\n\t\t<div id=\"wd-5e834fca961e2\" class=\"title-wrapper wd-wpb set-mb-s reset-last-child  wd-rs-5e834fca961e2 wd-title-color-primary wd-title-style-underlined wd-width-100 text-left vc_custom_1585663952213 wd-underline-colored\">\n\t\t\t\n\t\t\t<div class=\"liner-continer\">\n\t\t\t\t<h1 class=\"woodmart-title-container title  wd-font-weight- wd-fontsize-xxl\" ><strong>Code of Conduct<\/strong><\/h1>\n\t\t\t\t\t\t\t<\/div>\n\t\t\t\n\t\t\t\t\t\t\t<div class=\"title-after_title  set-cont-mb-s reset-last-child  wd-fontsize-s\">Jaettu vastuu toimitusketjussa<\/div>\n\t\t\t\n\t\t\t\n\t\t<\/div>\n\t\t\n\t\t[vc_column_text text_larger=&#8221;no&#8221;]Kaikki BOXEXPERTin ty\u00f6ntekij\u00e4t ja johtajat ovat sitoutuneet sosiaalisesti vastuulliseen hallintotapaan. Seuraavat periaatteet ovat suuri osa yrityksen toiminta-ajatusta ja heijastavat arvojamme ja periaatteitamme. Ty\u00f6skentelemme koko toimitusketjussa seuraavien periaatteiden mukaisesti: ty\u00f6olot, sosiaaliset normit, kilpailuolosuhteet, eettiset periaatteet ja avoimuus. Pid\u00e4mme t\u00e4t\u00e4 sosiaalisena velvollisuutenamme ja asetamme n\u00e4m\u00e4 vaatimukset kaikille yhteisty\u00f6kumppaneillemme.[\/vc_column_text][\/vc_column][vc_column width=&#8221;1\/2&#8243; css=&#8221;.vc_custom_1585663922782{margin-top: 70px !important;}&#8221; mobile_bg_img_hidden=&#8221;no&#8221; tablet_bg_img_hidden=&#8221;no&#8221; woodmart_parallax=&#8221;0&#8243; woodmart_sticky_column=&#8221;false&#8221; parallax_scroll=&#8221;no&#8221; mobile_reset_margin=&#8221;no&#8221; tablet_reset_margin=&#8221;no&#8221;][vc_single_image image=&#8221;45033&#8243; img_size=&#8221;full&#8221; parallax_scroll=&#8221;no&#8221;][\/vc_column][\/vc_row][vc_row][vc_column width=&#8221;1\/2&#8243;]\n\t\t<div id=\"wd-5e836fb4c3a48\" class=\"title-wrapper wd-wpb set-mb-s reset-last-child  wd-rs-5e836fb4c3a48 wd-title-color-primary wd-title-style-underlined wd-width-100 text-left vc_custom_1585672120211 wd-underline-colored\">\n\t\t\t\n\t\t\t<div class=\"liner-continer\">\n\t\t\t\t<h1 class=\"woodmart-title-container title  wd-font-weight- wd-fontsize-m\" ><strong>1. k\u00e4ytt\u00e4ytyminen<\/strong><\/h1>\n\t\t\t\t\t\t\t<\/div>\n\t\t\t\n\t\t\t\t\t\t\t<div class=\"title-after_title  set-cont-mb-s reset-last-child  wd-fontsize-xs\">BOXEXPERT harjoittaa liiketoimintaansa asianmukaisesti ja parhaiden liiketoimintatapojen mukaisesti. Pid\u00e4mme kirjanpitoa oikein. BOXEXPERT ei miss\u00e4\u00e4n tapauksessa tee yhteisty\u00f6t\u00e4 mink\u00e4\u00e4nlaisissa vero- tai ymp\u00e4rist\u00f6rikoksissa.<\/div>\n\t\t\t\n\t\t\t\n\t\t<\/div>\n\t\t\n\t\t\n\t\t<div id=\"wd-5e859f14173f0\" class=\"title-wrapper wd-wpb set-mb-s reset-last-child  wd-rs-5e859f14173f0 wd-title-color-primary wd-title-style-underlined wd-width-100 text-left vc_custom_1585815343149 wd-underline-colored\">\n\t\t\t\n\t\t\t<div class=\"liner-continer\">\n\t\t\t\t<h1 class=\"woodmart-title-container title  wd-font-weight- wd-fontsize-m\" ><strong>2. lakien noudattaminen<\/strong><\/h1>\n\t\t\t\t\t\t\t<\/div>\n\t\t\t\n\t\t\t\t\t\t\t<div class=\"title-after_title  set-cont-mb-s reset-last-child  wd-fontsize-xs\">BOXEXPERT tukee ihmisoikeuksia ja niihin liittyvi\u00e4 kansainv\u00e4lisi\u00e4 sopimuksia. BOXEXPERT noudattaa t\u00e4ysin ja aktiivisesti lakeja ja m\u00e4\u00e4r\u00e4yksi\u00e4, jotka ovat voimassa maissa, joissa BOXEXPERT harjoittaa liiketoimintaa, mukaan lukien ILO:n ja YK:n lait ja m\u00e4\u00e4r\u00e4ykset. T\u00e4h\u00e4n kuuluvat my\u00f6s ep\u00e4terveen kilpailun vastaiset lait.<\/div>\n\t\t\t\n\t\t\t\n\t\t<\/div>\n\t\t\n\t\t\n\t\t<div id=\"wd-5e859f3331c8f\" class=\"title-wrapper wd-wpb set-mb-s reset-last-child  wd-rs-5e859f3331c8f wd-title-color-primary wd-title-style-underlined wd-width-100 text-left vc_custom_1585815363736 wd-underline-colored\">\n\t\t\t\n\t\t\t<div class=\"liner-continer\">\n\t\t\t\t<h1 class=\"woodmart-title-container title  wd-font-weight- wd-fontsize-m\" ><strong>3. Lahjonta ja korruptio<\/strong><\/h1>\n\t\t\t\t\t\t\t<\/div>\n\t\t\t\n\t\t\t\t\t\t\t<div class=\"title-after_title  set-cont-mb-s reset-last-child  wd-fontsize-xs\">BOXEXPERT ei tarjoa, lupaa, pyyd\u00e4, vaadi tai hyv\u00e4ksy lahjuksia tai muita ep\u00e4asianmukaisia etuja asiakkaan s\u00e4ilytt\u00e4miseksi, sopimuksen varmistamiseksi tai valtion viraston p\u00e4\u00e4t\u00f6ksiin tai toimintaan vaikuttamiseksi. BOXEXPERT toimii aina tavalla, joka perustuu oikeudenmukaisuuteen ja sovellettavien kansallisten ja kansainv\u00e4listen standardien noudattamiseen.<\/div>\n\t\t\t\n\t\t\t\n\t\t<\/div>\n\t\t\n\t\t\n\t\t<div id=\"wd-5e859f46a08ed\" class=\"title-wrapper wd-wpb set-mb-s reset-last-child  wd-rs-5e859f46a08ed wd-title-color-primary wd-title-style-underlined wd-width-100 text-left vc_custom_1585815379178 wd-underline-colored\">\n\t\t\t\n\t\t\t<div class=\"liner-continer\">\n\t\t\t\t<h1 class=\"woodmart-title-container title  wd-font-weight- wd-fontsize-m\" ><strong>4. suhteet asiakkaisiin<\/strong><\/h1>\n\t\t\t\t\t\t\t<\/div>\n\t\t\t\n\t\t\t\t\t\t\t<div class=\"title-after_title  set-cont-mb-s reset-last-child  wd-fontsize-xs\">BOXEXPERT voittaa asiakkaidensa luottamuksen takaamalla heille laadun. BOXEXPERT pyrkii aina tarjoamaan kilpailukykyisi\u00e4 palveluja ja tuotteita kansallisilla ja kansainv\u00e4lisill\u00e4 markkinoilla luodakseen arvoa asiakkailleen. BOXEXPERT tiedottaa asiakkailleen ja toimittajilleen k\u00e4yt\u00e4nnes\u00e4\u00e4nn\u00f6ist\u00e4.<\/div>\n\t\t\t\n\t\t\t\n\t\t<\/div>\n\t\t\n\t\t\n\t\t<div id=\"wd-5e859f5639043\" class=\"title-wrapper wd-wpb set-mb-s reset-last-child  wd-rs-5e859f5639043 wd-title-color-primary wd-title-style-underlined wd-width-100 text-left vc_custom_1585815400623 wd-underline-colored\">\n\t\t\t\n\t\t\t<div class=\"liner-continer\">\n\t\t\t\t<h1 class=\"woodmart-title-container title  wd-font-weight- wd-fontsize-m\" ><strong>5. suhteet henkil\u00f6st\u00f6\u00f6n<\/strong><\/h1>\n\t\t\t\t\t\t\t<\/div>\n\t\t\t\n\t\t\t\t\t\t\t<div class=\"title-after_title  set-cont-mb-s reset-last-child  wd-fontsize-xs\">BOXEXPERT pyrkii aktiivisesti luomaan hyv\u00e4n ty\u00f6ymp\u00e4rist\u00f6n v\u00e4hent\u00e4\u00e4kseen ty\u00f6ntekij\u00f6iden sairauspoissaoloja, ty\u00f6tapaturmia, ty\u00f6per\u00e4isi\u00e4 vammoja ja huumeriippuvuutta. BOXEXPERT tarjoaa yritysl\u00e4\u00e4k\u00e4ripalvelua. V\u00e4kivaltaa, uhkailua, aggressiivista k\u00e4ytt\u00e4ytymist\u00e4, kiusaamista, loukkauksia ja vastaavaa k\u00e4ytt\u00e4ytymist\u00e4 ei suvaita ty\u00f6paikalla.<\/div>\n\t\t\t\n\t\t\t\n\t\t<\/div>\n\t\t\n\t\t\n\t\t<div id=\"wd-5e859f70769c9\" class=\"title-wrapper wd-wpb set-mb-s reset-last-child  wd-rs-5e859f70769c9 wd-title-color-primary wd-title-style-underlined wd-width-100 text-left vc_custom_1585815420520 wd-underline-colored\">\n\t\t\t\n\t\t\t<div class=\"liner-continer\">\n\t\t\t\t<h1 class=\"woodmart-title-container title  wd-font-weight- wd-fontsize-m\" ><strong>6. ty\u00f6ntekij\u00f6iden yhdistymisvapaus<\/strong><\/h1>\n\t\t\t\t\t\t\t<\/div>\n\t\t\t\n\t\t\t\t\t\t\t<div class=\"title-after_title  set-cont-mb-s reset-last-child  wd-fontsize-xs\">BOXEXPERT kunnioittaa ty\u00f6ntekij\u00f6iden oikeutta perustaa yritysneuvostoja tai liitty\u00e4 t\u00e4llaisten ty\u00f6ntekij\u00f6iden edustuselinten j\u00e4seniksi.<\/div>\n\t\t\t\n\t\t\t\n\t\t<\/div>\n\t\t\n\t\t[\/vc_column][vc_column width=&#8221;1\/2&#8243;]\n\t\t<div id=\"wd-5e859f8245d91\" class=\"title-wrapper wd-wpb set-mb-s reset-last-child  wd-rs-5e859f8245d91 wd-title-color-primary wd-title-style-underlined wd-width-100 text-left vc_custom_1585815434814 wd-underline-colored\">\n\t\t\t\n\t\t\t<div class=\"liner-continer\">\n\t\t\t\t<h1 class=\"woodmart-title-container title  wd-font-weight- wd-fontsize-m\" ><strong>7. lapsity\u00f6voima<\/strong><\/h1>\n\t\t\t\t\t\t\t<\/div>\n\t\t\t\n\t\t\t\t\t\t\t<div class=\"title-after_title  set-cont-mb-s reset-last-child  wd-fontsize-xs\">BOXEXPERT ei hyv\u00e4ksy lapsity\u00f6voiman k\u00e4ytt\u00f6\u00e4 tai lasten ja nuorten hyv\u00e4ksik\u00e4ytt\u00f6\u00e4. BOXEXPERTin alaik\u00e4raja on 15 vuotta. Toimittajien ei odoteta palkkaavan alle 15-vuotiaita nuoria.<\/div>\n\t\t\t\n\t\t\t\n\t\t<\/div>\n\t\t\n\t\t\n\t\t<div id=\"wd-5e859f90df0ac\" class=\"title-wrapper wd-wpb set-mb-s reset-last-child  wd-rs-5e859f90df0ac wd-title-color-primary wd-title-style-underlined wd-width-100 text-left vc_custom_1585815451659 wd-underline-colored\">\n\t\t\t\n\t\t\t<div class=\"liner-continer\">\n\t\t\t\t<h1 class=\"woodmart-title-container title  wd-font-weight- wd-fontsize-m\" ><strong>8. pakkoty\u00f6<\/strong><\/h1>\n\t\t\t\t\t\t\t<\/div>\n\t\t\t\n\t\t\t\t\t\t\t<div class=\"title-after_title  set-cont-mb-s reset-last-child  wd-fontsize-xs\">BOXEXPERT ei hyv\u00e4ksy pakkoty\u00f6voiman k\u00e4ytt\u00f6\u00e4 yritysryhm\u00e4ss\u00e4\u00e4n eik\u00e4 yhteisty\u00f6kumppaneidensa keskuudessa.<\/div>\n\t\t\t\n\t\t\t\n\t\t<\/div>\n\t\t\n\t\t\n\t\t<div id=\"wd-5e859fa217380\" class=\"title-wrapper wd-wpb set-mb-s reset-last-child  wd-rs-5e859fa217380 wd-title-color-primary wd-title-style-underlined wd-width-100 text-left vc_custom_1585815466314 wd-underline-colored\">\n\t\t\t\n\t\t\t<div class=\"liner-continer\">\n\t\t\t\t<h1 class=\"woodmart-title-container title  wd-font-weight- wd-fontsize-m\" ><strong>9. syrjint\u00e4<\/strong><\/h1>\n\t\t\t\t\t\t\t<\/div>\n\t\t\t\n\t\t\t\t\t\t\t<div class=\"title-after_title  set-cont-mb-s reset-last-child  wd-fontsize-xs\">BOXEXPERT tarjoaa oikeudenmukaiset ty\u00f6olot ja -mahdollisuudet kaikille ty\u00f6ntekij\u00f6ille ilman sukupuoleen, etniseen alkuper\u00e4\u00e4n, ik\u00e4\u00e4n, vammaisuuteen, uskontoon tai seksuaaliseen suuntautumiseen perustuvaa erottelua tai syrjint\u00e4\u00e4. BOXEXPERT ei hyv\u00e4ksy mink\u00e4\u00e4nlaista poliittista, uskonnollista tai muunlaista propagandaa ty\u00f6paikalla.<\/div>\n\t\t\t\n\t\t\t\n\t\t<\/div>\n\t\t\n\t\t\n\t\t<div id=\"wd-5e859fb29b698\" class=\"title-wrapper wd-wpb set-mb-s reset-last-child  wd-rs-5e859fb29b698 wd-title-color-primary wd-title-style-underlined wd-width-100 text-left vc_custom_1585815484598 wd-underline-colored\">\n\t\t\t\n\t\t\t<div class=\"liner-continer\">\n\t\t\t\t<h1 class=\"woodmart-title-container title  wd-font-weight- wd-fontsize-m\" ><strong>10. asiakirjat ty\u00f6suhde, palkkaus<\/strong><\/h1>\n\t\t\t\t\t\t\t<\/div>\n\t\t\t\n\t\t\t\t\t\t\t<div class=\"title-after_title  set-cont-mb-s reset-last-child  wd-fontsize-xs\">BOXEXPERT tekee ty\u00f6ntekij\u00f6iden kanssa kirjalliset ty\u00f6sopimukset. N\u00e4ihin kuuluvat sovellettavat ty\u00f6- ja sosiaaliturvanormit. BOXEXPERT takaa, ett\u00e4 ty\u00f6ntekij\u00f6ille maksettu palkka vastaa alan tavanomaista tai lakis\u00e4\u00e4teist\u00e4 v\u00e4himm\u00e4ispalkkaa. Ty\u00f6aika ei p\u00e4\u00e4s\u00e4\u00e4nt\u00f6isesti saa ylitt\u00e4\u00e4 40 tuntia viikossa. Ty\u00f6ajan on oltava voimassa olevan lains\u00e4\u00e4d\u00e4nn\u00f6n ja ILO:n asiaa koskevien m\u00e4\u00e4r\u00e4ysten mukainen, sen mukaan, kumpi niist\u00e4 on tiukempi. Ty\u00f6ntekij\u00e4 voi kielt\u00e4yty\u00e4 ylity\u00f6st\u00e4. Kuuden ty\u00f6p\u00e4iv\u00e4n j\u00e4lkeen on annettava kokonainen vapaap\u00e4iv\u00e4.<\/div>\n\t\t\t\n\t\t\t\n\t\t<\/div>\n\t\t\n\t\t\n\t\t<div id=\"wd-5e859fc339980\" class=\"title-wrapper wd-wpb set-mb-s reset-last-child  wd-rs-5e859fc339980 wd-title-color-primary wd-title-style-underlined wd-width-100 text-left vc_custom_1585815501028 wd-underline-colored\">\n\t\t\t\n\t\t\t<div class=\"liner-continer\">\n\t\t\t\t<h1 class=\"woodmart-title-container title  wd-font-weight- wd-fontsize-m\" ><strong>11. ymp\u00e4rist\u00f6nsuojelun parantaminen<\/strong><\/h1>\n\t\t\t\t\t\t\t<\/div>\n\t\t\t\n\t\t\t\t\t\t\t<div class=\"title-after_title  set-cont-mb-s reset-last-child  wd-fontsize-xs\">BOXEXPERT on laatinut toimintasuunnitelman, jolla mitataan ja parannetaan yrityksen p\u00e4\u00e4st\u00f6jen ja p\u00e4\u00e4st\u00f6v\u00e4hennysten sek\u00e4 resurssien kulutuksen tehokkuutta.<\/div>\n\t\t\t\n\t\t\t\n\t\t<\/div>\n\t\t\n\t\t\n\t\t<div id=\"wd-5e859fe2756c2\" class=\"title-wrapper wd-wpb set-mb-s reset-last-child  wd-rs-5e859fe2756c2 wd-title-color-primary wd-title-style-underlined wd-width-100 text-left vc_custom_1585815531795 wd-underline-colored\">\n\t\t\t\n\t\t\t<div class=\"liner-continer\">\n\t\t\t\t<h1 class=\"woodmart-title-container title  wd-font-weight- wd-fontsize-m\" ><strong>12. suhteet muihin toimijoihin<\/strong><\/h1>\n\t\t\t\t\t\t\t<\/div>\n\t\t\t\n\t\t\t\t\t\t\t<div class=\"title-after_title  set-cont-mb-s reset-last-child  wd-fontsize-xs\">BOXEXPERT odottaa, ett\u00e4 kaikki toimittajat t\u00e4ytt\u00e4v\u00e4t my\u00f6s edell\u00e4 mainitut vaatimukset. Kun BOXEXPERT arvioi ja valitsee tavarantoimittajia, alihankkijoita ja yhteisty\u00f6kumppaneita, k\u00e4yt\u00e4nnes\u00e4\u00e4nt\u00f6jen vaatimusten t\u00e4ytt\u00e4minen on t\u00e4rke\u00e4 kriteeri.<\/div>\n\t\t\t\n\t\t\t\n\t\t<\/div>\n\t\t\n\t\t[\/vc_column][\/vc_row]<\/p>\n","protected":false},"excerpt":{"rendered":"<p>[vc_row full_width=&#8221;stretch_row_content&#8221; mobile_bg_img_hidden=&#8221;no&#8221; tablet_bg_img_hidden=&#8221;no&#8221; woodmart_parallax=&#8221;0&#8243; woodmart_gradient_switch=&#8221;no&#8221; row_reverse_mobile=&#8221;0&#8243; row_reverse_tablet=&#8221;0&#8243; woodmart_disable_overflow=&#8221;0&#8243; css=&#8221;.vc_custom_1585665823573{margin-top: -40px !important;margin-bottom: 4vh !important;}&#8221;][vc_column][\/vc_column][\/vc_row][vc_row mobile_bg_img_hidden=&#8221;no&#8221; tablet_bg_img_hidden=&#8221;no&#8221; woodmart_parallax=&#8221;0&#8243; woodmart_gradient_switch=&#8221;no&#8221; row_reverse_mobile=&#8221;0&#8243; row_reverse_tablet=&#8221;0&#8243;<\/p>\n","protected":false},"author":1,"featured_media":0,"parent":44566,"menu_order":0,"comment_status":"closed","ping_status":"closed","template":"","meta":[],"yoast_head":"<!-- This site is optimized with the Yoast SEO Premium plugin v18.4 (Yoast SEO v18.8) - https:\/\/yoast.com\/wordpress\/plugins\/seo\/ -->\n<title>K\u00c4YT\u00c4NNES\u00c4\u00c4NN\u00d6T - BOXEXPERT - Professionelle Geh\u00e4usel\u00f6sungen f\u00fcr h\u00f6chste Anspr\u00fcche<\/title>\n<meta name=\"robots\" content=\"index, follow, max-snippet:-1, max-image-preview:large, max-video-preview:-1\" \/>\n<link rel=\"canonical\" href=\"https:\/\/box.lilleshop.de\/fi\/yritys\/kaeytaennesaeaennoet\/\" \/>\n<meta property=\"og:locale\" content=\"fi_FI\" \/>\n<meta property=\"og:type\" content=\"article\" \/>\n<meta property=\"og:title\" content=\"K\u00c4YT\u00c4NNES\u00c4\u00c4NN\u00d6T\" \/>\n<meta property=\"og:description\" content=\"[vc_row full_width=&#8221;stretch_row_content&#8221; mobile_bg_img_hidden=&#8221;no&#8221; tablet_bg_img_hidden=&#8221;no&#8221; woodmart_parallax=&#8221;0&#8243; woodmart_gradient_switch=&#8221;no&#8221; row_reverse_mobile=&#8221;0&#8243; row_reverse_tablet=&#8221;0&#8243; woodmart_disable_overflow=&#8221;0&#8243; css=&#8221;.vc_custom_1585665823573{margin-top: -40px !important;margin-bottom: 4vh !important;}&#8221;][vc_column][\/vc_column][\/vc_row][vc_row mobile_bg_img_hidden=&#8221;no&#8221; tablet_bg_img_hidden=&#8221;no&#8221; woodmart_parallax=&#8221;0&#8243; woodmart_gradient_switch=&#8221;no&#8221; row_reverse_mobile=&#8221;0&#8243; row_reverse_tablet=&#8221;0&#8243;\" \/>\n<meta property=\"og:url\" content=\"https:\/\/box.lilleshop.de\/fi\/yritys\/kaeytaennesaeaennoet\/\" \/>\n<meta property=\"og:site_name\" content=\"BOXEXPERT - Professionelle Geh\u00e4usel\u00f6sungen f\u00fcr h\u00f6chste Anspr\u00fcche\" \/>\n<meta property=\"article:modified_time\" content=\"2022-04-08T05:45:43+00:00\" \/>\n<meta name=\"twitter:card\" content=\"summary_large_image\" \/>\n<meta name=\"twitter:label1\" content=\"Est. reading time\" \/>\n\t<meta name=\"twitter:data1\" content=\"3 minutes\" \/>\n<script type=\"application\/ld+json\" class=\"yoast-schema-graph\">{\"@context\":\"https:\/\/schema.org\",\"@graph\":[{\"@type\":\"WebSite\",\"@id\":\"https:\/\/box.lilleshop.de\/#website\",\"url\":\"https:\/\/box.lilleshop.de\/\",\"name\":\"BOXEXPERT - Professionelle Geh\u00e4usel\u00f6sungen f\u00fcr h\u00f6chste Anspr\u00fcche\",\"description\":\"Industriegeh\u00e4use, Schaltschr\u00e4nke, Installationsgeh\u00e4use, Sicherungsk\u00e4sten und Verteilerk\u00e4sten\",\"potentialAction\":[{\"@type\":\"SearchAction\",\"target\":{\"@type\":\"EntryPoint\",\"urlTemplate\":\"https:\/\/box.lilleshop.de\/?s={search_term_string}\"},\"query-input\":\"required name=search_term_string\"}],\"inLanguage\":\"fi\"},{\"@type\":\"WebPage\",\"@id\":\"https:\/\/box.lilleshop.de\/fi\/yritys\/kaeytaennesaeaennoet\/#webpage\",\"url\":\"https:\/\/box.lilleshop.de\/fi\/yritys\/kaeytaennesaeaennoet\/\",\"name\":\"K\u00c4YT\u00c4NNES\u00c4\u00c4NN\u00d6T - BOXEXPERT - Professionelle Geh\u00e4usel\u00f6sungen f\u00fcr h\u00f6chste Anspr\u00fcche\",\"isPartOf\":{\"@id\":\"https:\/\/box.lilleshop.de\/#website\"},\"datePublished\":\"2021-08-22T15:42:31+00:00\",\"dateModified\":\"2022-04-08T05:45:43+00:00\",\"breadcrumb\":{\"@id\":\"https:\/\/box.lilleshop.de\/fi\/yritys\/kaeytaennesaeaennoet\/#breadcrumb\"},\"inLanguage\":\"fi\",\"potentialAction\":[{\"@type\":\"ReadAction\",\"target\":[\"https:\/\/box.lilleshop.de\/fi\/yritys\/kaeytaennesaeaennoet\/\"]}]},{\"@type\":\"BreadcrumbList\",\"@id\":\"https:\/\/box.lilleshop.de\/fi\/yritys\/kaeytaennesaeaennoet\/#breadcrumb\",\"itemListElement\":[{\"@type\":\"ListItem\",\"position\":1,\"name\":\"Startseite\",\"item\":\"https:\/\/box.lilleshop.de\/fi\/\"},{\"@type\":\"ListItem\",\"position\":2,\"name\":\"Yritys\",\"item\":\"https:\/\/box.lilleshop.de\/fi\/yritys\/\"},{\"@type\":\"ListItem\",\"position\":3,\"name\":\"K\u00c4YT\u00c4NNES\u00c4\u00c4NN\u00d6T\"}]}]}<\/script>\n<!-- \/ Yoast SEO Premium plugin. -->","yoast_head_json":{"title":"K\u00c4YT\u00c4NNES\u00c4\u00c4NN\u00d6T - BOXEXPERT - Professionelle Geh\u00e4usel\u00f6sungen f\u00fcr h\u00f6chste Anspr\u00fcche","robots":{"index":"index","follow":"follow","max-snippet":"max-snippet:-1","max-image-preview":"max-image-preview:large","max-video-preview":"max-video-preview:-1"},"canonical":"https:\/\/box.lilleshop.de\/fi\/yritys\/kaeytaennesaeaennoet\/","og_locale":"fi_FI","og_type":"article","og_title":"K\u00c4YT\u00c4NNES\u00c4\u00c4NN\u00d6T","og_description":"[vc_row full_width=&#8221;stretch_row_content&#8221; mobile_bg_img_hidden=&#8221;no&#8221; tablet_bg_img_hidden=&#8221;no&#8221; woodmart_parallax=&#8221;0&#8243; woodmart_gradient_switch=&#8221;no&#8221; row_reverse_mobile=&#8221;0&#8243; row_reverse_tablet=&#8221;0&#8243; woodmart_disable_overflow=&#8221;0&#8243; css=&#8221;.vc_custom_1585665823573{margin-top: -40px !important;margin-bottom: 4vh !important;}&#8221;][vc_column][\/vc_column][\/vc_row][vc_row mobile_bg_img_hidden=&#8221;no&#8221; tablet_bg_img_hidden=&#8221;no&#8221; woodmart_parallax=&#8221;0&#8243; woodmart_gradient_switch=&#8221;no&#8221; row_reverse_mobile=&#8221;0&#8243; row_reverse_tablet=&#8221;0&#8243;","og_url":"https:\/\/box.lilleshop.de\/fi\/yritys\/kaeytaennesaeaennoet\/","og_site_name":"BOXEXPERT - Professionelle Geh\u00e4usel\u00f6sungen f\u00fcr h\u00f6chste Anspr\u00fcche","article_modified_time":"2022-04-08T05:45:43+00:00","twitter_card":"summary_large_image","twitter_misc":{"Est. reading time":"3 minutes"},"schema":{"@context":"https:\/\/schema.org","@graph":[{"@type":"WebSite","@id":"https:\/\/box.lilleshop.de\/#website","url":"https:\/\/box.lilleshop.de\/","name":"BOXEXPERT - Professionelle Geh\u00e4usel\u00f6sungen f\u00fcr h\u00f6chste Anspr\u00fcche","description":"Industriegeh\u00e4use, Schaltschr\u00e4nke, Installationsgeh\u00e4use, Sicherungsk\u00e4sten und Verteilerk\u00e4sten","potentialAction":[{"@type":"SearchAction","target":{"@type":"EntryPoint","urlTemplate":"https:\/\/box.lilleshop.de\/?s={search_term_string}"},"query-input":"required name=search_term_string"}],"inLanguage":"fi"},{"@type":"WebPage","@id":"https:\/\/box.lilleshop.de\/fi\/yritys\/kaeytaennesaeaennoet\/#webpage","url":"https:\/\/box.lilleshop.de\/fi\/yritys\/kaeytaennesaeaennoet\/","name":"K\u00c4YT\u00c4NNES\u00c4\u00c4NN\u00d6T - BOXEXPERT - Professionelle Geh\u00e4usel\u00f6sungen f\u00fcr h\u00f6chste Anspr\u00fcche","isPartOf":{"@id":"https:\/\/box.lilleshop.de\/#website"},"datePublished":"2021-08-22T15:42:31+00:00","dateModified":"2022-04-08T05:45:43+00:00","breadcrumb":{"@id":"https:\/\/box.lilleshop.de\/fi\/yritys\/kaeytaennesaeaennoet\/#breadcrumb"},"inLanguage":"fi","potentialAction":[{"@type":"ReadAction","target":["https:\/\/box.lilleshop.de\/fi\/yritys\/kaeytaennesaeaennoet\/"]}]},{"@type":"BreadcrumbList","@id":"https:\/\/box.lilleshop.de\/fi\/yritys\/kaeytaennesaeaennoet\/#breadcrumb","itemListElement":[{"@type":"ListItem","position":1,"name":"Startseite","item":"https:\/\/box.lilleshop.de\/fi\/"},{"@type":"ListItem","position":2,"name":"Yritys","item":"https:\/\/box.lilleshop.de\/fi\/yritys\/"},{"@type":"ListItem","position":3,"name":"K\u00c4YT\u00c4NNES\u00c4\u00c4NN\u00d6T"}]}]}},"_links":{"self":[{"href":"https:\/\/box.lilleshop.de\/fi\/wp-json\/wp\/v2\/pages\/45031"}],"collection":[{"href":"https:\/\/box.lilleshop.de\/fi\/wp-json\/wp\/v2\/pages"}],"about":[{"href":"https:\/\/box.lilleshop.de\/fi\/wp-json\/wp\/v2\/types\/page"}],"author":[{"embeddable":true,"href":"https:\/\/box.lilleshop.de\/fi\/wp-json\/wp\/v2\/users\/1"}],"replies":[{"embeddable":true,"href":"https:\/\/box.lilleshop.de\/fi\/wp-json\/wp\/v2\/comments?post=45031"}],"version-history":[{"count":10,"href":"https:\/\/box.lilleshop.de\/fi\/wp-json\/wp\/v2\/pages\/45031\/revisions"}],"predecessor-version":[{"id":62511,"href":"https:\/\/box.lilleshop.de\/fi\/wp-json\/wp\/v2\/pages\/45031\/revisions\/62511"}],"up":[{"embeddable":true,"href":"https:\/\/box.lilleshop.de\/fi\/wp-json\/wp\/v2\/pages\/44566"}],"wp:attachment":[{"href":"https:\/\/box.lilleshop.de\/fi\/wp-json\/wp\/v2\/media?parent=45031"}],"curies":[{"name":"wp","href":"https:\/\/api.w.org\/{rel}","templated":true}]}}