{"id":44999,"date":"2021-08-22T15:35:07","date_gmt":"2021-08-22T15:35:07","guid":{"rendered":"https:\/\/boxexpert.de\/yritys\/logistiikka\/"},"modified":"2021-08-22T15:35:08","modified_gmt":"2021-08-22T15:35:08","slug":"logistiikka","status":"publish","type":"page","link":"https:\/\/box.lilleshop.de\/fi\/yritys\/logistiikka\/","title":{"rendered":"Logistiikka"},"content":{"rendered":"<p>[vc_row full_width=&#8221;stretch_row_content&#8221; mobile_bg_img_hidden=&#8221;no&#8221; tablet_bg_img_hidden=&#8221;no&#8221; woodmart_parallax=&#8221;0&#8243; woodmart_gradient_switch=&#8221;no&#8221; row_reverse_mobile=&#8221;0&#8243; row_reverse_tablet=&#8221;0&#8243; woodmart_disable_overflow=&#8221;0&#8243; css=&#8221;.vc_custom_1585845066216{margin-top: -40px !important;margin-bottom: 4vh !important;}&#8221;][vc_column]\n\t\t\t<!-- START logistik REVOLUTION SLIDER 6.5.21 --><p class=\"rs-p-wp-fix\"><\/p>\n\t\t\t<rs-module-wrap id=\"rev_slider_20_1_wrapper\" data-source=\"gallery\" style=\"visibility:hidden;background:transparent;padding:0;margin:0px auto;margin-top:0;margin-bottom:0;\">\n\t\t\t\t<rs-module id=\"rev_slider_20_1\" style=\"\" data-version=\"6.5.21\">\n\t\t\t\t\t<rs-slides>\n\t\t\t\t\t\t<rs-slide style=\"position: absolute;\" data-key=\"rs-333\" data-title=\"Slide\" data-in=\"o:0;\" data-out=\"a:false;\">\n\t\t\t\t\t\t\t<img src=\"\/\/box.lilleshop.de\/wp-content\/plugins\/revslider\/public\/assets\/assets\/dummy.png\" alt=\"Das Logistikzentrum von Boxexpert sorgt f\u00fcr reichlich Lagerware an Geh\u00e4usen\" title=\"logistik1\" width=\"1600\" height=\"600\" class=\"rev-slidebg tp-rs-img rs-lazyload\" data-lazyload=\"\/\/box.lilleshop.de\/wp-content\/uploads\/2020\/03\/logistik1.jpg\" data-no-retina>\n<!--\n\t\t\t\t\t\t\t--><rs-layer\n\t\t\t\t\t\t\t\tid=\"slider-20-slide-333-layer-0\" \n\t\t\t\t\t\t\t\tdata-type=\"shape\"\n\t\t\t\t\t\t\t\tdata-rsp_ch=\"on\"\n\t\t\t\t\t\t\t\tdata-xy=\"x:428px;y:340px;\"\n\t\t\t\t\t\t\t\tdata-text=\"w:normal;\"\n\t\t\t\t\t\t\t\tdata-dim=\"w:517px;h:127px;\"\n\t\t\t\t\t\t\t\tdata-spike=\"r:top;\"\n\t\t\t\t\t\t\t\tdata-frame_0=\"x:left;\"\n\t\t\t\t\t\t\t\tdata-frame_1=\"st:400;sp:1000;\"\n\t\t\t\t\t\t\t\tdata-frame_999=\"o:0;st:w;\"\n\t\t\t\t\t\t\t\tstyle=\"z-index:5;background-color:rgba(54,132,187,0.95);\"\n\t\t\t\t\t\t\t> \n\t\t\t\t\t\t\t<\/rs-layer><!--\n\n\t\t\t\t\t\t\t--><rs-layer\n\t\t\t\t\t\t\t\tid=\"slider-20-slide-333-layer-1\" \n\t\t\t\t\t\t\t\tdata-type=\"text\"\n\t\t\t\t\t\t\t\tdata-color=\"#ffffff\"\n\t\t\t\t\t\t\t\tdata-rsp_ch=\"on\"\n\t\t\t\t\t\t\t\tdata-xy=\"x:454px;y:367px;\"\n\t\t\t\t\t\t\t\tdata-text=\"w:normal;s:27;l:34;fw:600;\"\n\t\t\t\t\t\t\t\tdata-frame_0=\"x:left;\"\n\t\t\t\t\t\t\t\tdata-frame_1=\"st:400;sp:1000;\"\n\t\t\t\t\t\t\t\tdata-frame_999=\"o:0;st:w;\"\n\t\t\t\t\t\t\t\tstyle=\"z-index:6;font-family:'Poppins';\"\n\t\t\t\t\t\t\t>KORKEA SAATAVUUS JA <br \/>\nVALITUT LOGISTIIKKAKUMPPANIT \n\t\t\t\t\t\t\t<\/rs-layer><!--\n-->\t\t\t\t\t\t<\/rs-slide>\n\t\t\t\t\t<\/rs-slides>\n\t\t\t\t<\/rs-module>\n\t\t\t\t<script>\n\t\t\t\t\tsetREVStartSize({c: 'rev_slider_20_1',rl:[1240,1024,778,480],el:[500],gw:[1240],gh:[500],type:'standard',justify:'',layout:'fullwidth',mh:\"0\"});if (window.RS_MODULES!==undefined && window.RS_MODULES.modules!==undefined && window.RS_MODULES.modules[\"revslider201\"]!==undefined) {window.RS_MODULES.modules[\"revslider201\"].once = false;window.revapi20 = undefined;if (window.RS_MODULES.checkMinimal!==undefined) window.RS_MODULES.checkMinimal()}\n\t\t\t\t<\/script>\n\t\t\t<\/rs-module-wrap>\n\t\t\t<!-- END REVOLUTION SLIDER -->\n[\/vc_column][\/vc_row][vc_row mobile_bg_img_hidden=&#8221;no&#8221; tablet_bg_img_hidden=&#8221;no&#8221; woodmart_parallax=&#8221;0&#8243; woodmart_gradient_switch=&#8221;no&#8221; row_reverse_mobile=&#8221;0&#8243; row_reverse_tablet=&#8221;0&#8243; woodmart_disable_overflow=&#8221;0&#8243;][vc_column]\n\t\t<div id=\"wd-5e46b0d304a7f\" class=\"title-wrapper wd-wpb set-mb-s reset-last-child  wd-rs-5e46b0d304a7f wd-title-color-primary wd-title-style-underlined wd-width-100 text-left vc_custom_1581691095808 wd-underline-colored\">\n\t\t\t\n\t\t\t<div class=\"liner-continer\">\n\t\t\t\t<h1 class=\"woodmart-title-container title  wd-font-weight- wd-fontsize-xxl\" ><strong>LOGISTIIKKA<\/strong><\/h1>\n\t\t\t\t\t\t\t<\/div>\n\t\t\t\n\t\t\t\n\t\t\t\n\t\t<\/div>\n\t\t\n\t\t[\/vc_column][\/vc_row][vc_row full_width=&#8221;stretch_row&#8221; content_placement=&#8221;middle&#8221; css=&#8221;.vc_custom_1581684079743{margin-bottom: 2vh !important;}&#8221; mobile_bg_img_hidden=&#8221;no&#8221; tablet_bg_img_hidden=&#8221;no&#8221; woodmart_parallax=&#8221;0&#8243; woodmart_gradient_switch=&#8221;no&#8221; row_reverse_mobile=&#8221;0&#8243; row_reverse_tablet=&#8221;0&#8243; woodmart_disable_overflow=&#8221;0&#8243;][vc_column width=&#8221;1\/3&#8243; css=&#8221;.vc_custom_1490276860346{margin-bottom: 20px !important;padding-top: 0px !important;}&#8221;]\t\t<div id=\"gallery_988\" class=\"wd-images-gallery wd-justify-center wd-items-middle view-grid\" >\n\t\t\t<div class=\"gallery-images row wd-spacing-0\">\n\t\t\t\t\t\t\t\t\t\t\t\t\t\t\t<div class=\"wd-gallery-item col-lg-12 col-md-12 col-sm-12 col-12\">\n\t\t\t\t\t\t\t\n\t\t\t\t\t\t\t\t\t\t\t\t\t\t\t\t\t<img class=\"wd-gallery-image image-1 \" src=\"https:\/\/box.lilleshop.de\/wp-content\/uploads\/2020\/03\/logistik4.jpg\" width=\"600\" height=\"400\" alt=\"Das Logistikzentrum von Boxexpert sorgt f\u00fcr reichlich Lagerware an Geh\u00e4usen\" title=\"logistik4\" \/>\t\t\t\t\t\t\t\t\n\n\t\t\t\t\t\t\t\t\t\t\t\t\t\t<\/div>\n\t\t\t\t\t\t\t\t\t\t\t\t<\/div>\n\t\t<\/div>\n\t\t\t\t[\/vc_column][vc_column width=&#8221;1\/3&#8243; css=&#8221;.vc_custom_1536077344327{margin-bottom: 20px !important;padding-top: 0px !important;}&#8221;]\n\t\t<div id=\"wd-5e8136f084408\" class=\"title-wrapper wd-wpb set-mb-s reset-last-child  wd-rs-5e8136f084408 wd-title-color-primary wd-title-style-underlined wd-width-100 text-left vc_custom_1585526532409 wd-underline-colored\">\n\t\t\t\n\t\t\t<div class=\"liner-continer\">\n\t\t\t\t<h2 class=\"woodmart-title-container title  wd-font-weight- wd-fontsize-l\" >LOGISTIIKKA HANSALAISITTAIN<\/h2>\n\t\t\t\t\t\t\t<\/div>\n\t\t\t\n\t\t\t\n\t\t\t\n\t\t<\/div>\n\t\t\n\t\t[vc_column_text css=&#8221;.vc_custom_1586347592834{margin-bottom: 20px !important;}&#8221; text_larger=&#8221;no&#8221;]BOXEXPERTin logistiikan niputettu rakenne auttaa kaikkia prosesseja toimimaan sujuvasti Keskitetty sijainti Hampurissa kattaa kaikki logistiikan k\u00e4sittelyyn liittyv\u00e4t alueet. Tuotteiden kehitt\u00e4minen ja valmistus on per\u00e4isin Hansakaupungista, samoin kuin myynti-, tuki- ja kuljetuslogistiikka. Asiakasl\u00e4ht\u00f6isyys on BOXEXPERTille itsest\u00e4\u00e4nselvyys.[\/vc_column_text][\/vc_column][vc_column width=&#8221;1\/3&#8243; css=&#8221;.vc_custom_1536077348538{margin-bottom: 20px !important;padding-top: 0px !important;}&#8221;][vc_column_text css=&#8221;.vc_custom_1586347839288{margin-bottom: 28px !important;}&#8221; text_larger=&#8221;no&#8221;]Valittujen logistiikkakumppaneiden ja kaikkien tuotteiden korkean saatavuuden ansiosta voimme taata kaikkien tilausten nopean k\u00e4sittelyn. Automatisoitu ja monikielinen tilausten k\u00e4sittely edist\u00e4\u00e4 t\u00e4t\u00e4 merkitt\u00e4v\u00e4sti.[\/vc_column_text][vc_column_text css=&#8221;.vc_custom_1586348029119{margin-bottom: 20px !important;}&#8221; text_larger=&#8221;no&#8221;]Jos sinulla on kiire, voimme tietenkin toimittaa kotelomme sinulle maailmanlaajuisesti pikal\u00e4hetyksen\u00e4 ja j\u00e4rjest\u00e4\u00e4 kirjeenvaihdon laivayhti\u00f6n kanssa suuria toimituksia varten. Vakuutu luotettavasta logistiikastamme ja luota BOXEXPERTiin.[\/vc_column_text][\/vc_column][\/vc_row][vc_row full_width=&#8221;stretch_row&#8221; css=&#8221;.vc_custom_1581684138262{padding-top: 30px !important;background-color: #f9f9f9 !important;}&#8221; mobile_bg_img_hidden=&#8221;no&#8221; tablet_bg_img_hidden=&#8221;no&#8221; woodmart_parallax=&#8221;0&#8243; woodmart_gradient_switch=&#8221;no&#8221; row_reverse_mobile=&#8221;0&#8243; row_reverse_tablet=&#8221;0&#8243; woodmart_disable_overflow=&#8221;0&#8243;][vc_column css=&#8221;.vc_custom_1484657273903{padding-top: 0px !important;}&#8221;]\n\t\t<div id=\"wd-5e45054c68b77\" class=\"title-wrapper wd-wpb set-mb-s reset-last-child  wd-rs-5e45054c68b77 wd-title-color-primary wd-title-style-underlined wd-width-100 text-left vc_custom_1581581650385 wd-underline-colored\">\n\t\t\t\n\t\t\t<div class=\"liner-continer\">\n\t\t\t\t<h4 class=\"woodmart-title-container title  wd-font-weight- wd-fontsize-l\" >AVAINTIEDOT<\/h4>\n\t\t\t\t\t\t\t<\/div>\n\t\t\t\n\t\t\t\n\t\t\t\n\t\t<\/div>\n\t\t\n\t\t[vc_row_inner][vc_column_inner width=&#8221;1\/2&#8243;]\t\t\t<div id=\"wd-5e8dc0c29e767\" class=\"wd-text-block-wrapper wd-wpb wd-rs-5e8dc0c29e767 color-scheme-custom wd-width-100 text-left vc_custom_1586348229775\">\n\t\t\t\t<div class=\"woodmart-title-container woodmart-text-block reset-last-child font-primary wd-font-weight-600 \">\n\t\t\t\t\t<\/p>\n<h3>BOXEXPERTin suorittama l\u00e4hetysten k\u00e4sittely<\/h3>\n<p>\t\t\t\t<\/div>\n\n\t\t\t\t\t\t\t<\/div>\n\t\t[vc_column_text text_larger=&#8221;no&#8221;]BOXEXPERT kattaa koko toimitusprosessin ja toteuttaa sen huolellisesti. Logistiikkakumppanimme UPS toimittaa paketit perille luotettavasti ja ajallaan.<\/p>\n<p>Lis\u00e4ksi kuormalavoja toimitettaessa otamme hoitaaksemme koko organisaation huolitsijan kanssa ja huolehdimme tarvittaessa kaikista tarvittavista tullimuodollisuuksista.[\/vc_column_text][\/vc_column_inner][vc_column_inner width=&#8221;1\/2&#8243;]\t\t\t<div id=\"wd-5e99b46291fa6\" class=\"wd-text-block-wrapper wd-wpb wd-rs-5e99b46291fa6 color-scheme-custom wd-width-100 text-left vc_custom_1587131492965\">\n\t\t\t\t<div class=\"woodmart-title-container woodmart-text-block reset-last-child font-primary wd-font-weight-600 \">\n\t\t\t\t\t<\/p>\n<h3>Logistiikka<\/h3>\n<p>\t\t\t\t<\/div>\n\n\t\t\t\t\t\t\t<\/div>\n\t\t[vc_column_text text_larger=&#8221;no&#8221;]<\/p>\n<div>Jatkok\u00e4sitell\u00e4\u00e4nk\u00f6 koteloasi vai tuleeko se tuotantoketjuusi? Vai toimitetaanko toimitus suoraan asiakkaalle? Molemmissa tapauksissa BOXEXPERT tarjoaa logistista tukea. Sek\u00e4 pakkauksen ett\u00e4 toimituksen osalta keskustelemme kanssasi jo varhaisessa vaiheessa, jotta voimme m\u00e4\u00e4ritell\u00e4 sinulle optimaalisen prosessin.<\/div>\n<p>[\/vc_column_text][\/vc_column_inner][\/vc_row_inner][vc_row_inner][vc_column_inner width=&#8221;1\/2&#8243;]\t\t\t<div id=\"wd-5e8dc0c91bce4\" class=\"wd-text-block-wrapper wd-wpb wd-rs-5e8dc0c91bce4 color-scheme-custom wd-width-100 text-left vc_custom_1586348235467\">\n\t\t\t\t<div class=\"woodmart-title-container woodmart-text-block reset-last-child font-primary wd-font-weight-600 \">\n\t\t\t\t\t<\/p>\n<h3>K\u00e4tev\u00e4 tilaaminen myym\u00e4l\u00e4j\u00e4rjestelm\u00e4ss\u00e4<\/h3>\n<p>\t\t\t\t<\/div>\n\n\t\t\t\t\t\t\t<\/div>\n\t\t[vc_column_text text_larger=&#8221;no&#8221;]Myym\u00e4l\u00e4j\u00e4rjestelm\u00e4mme avulla voit tilata k\u00e4tev\u00e4sti yhdell\u00e4 klikkauksella t\u00e4ysin automatisoidussa ymp\u00e4rist\u00f6ss\u00e4. Suodatusvaihtoehtojen ja tuoteryhmien selke\u00e4n rakenteen avulla l\u00f6yd\u00e4t sinulle sopivan kotelon nopeasti ja helposti.<\/p>\n<p>Jos haluat yksil\u00f6llist\u00e4\u00e4 asumispalvelujamme, henkil\u00f6kuntamme vastaa nopeasti erityispyynt\u00f6ihisi ja neuvoo sinua halutessasi suoraan suorassa online-chatissa.[\/vc_column_text][\/vc_column_inner][vc_column_inner width=&#8221;1\/2&#8243;]\t\t\t<div id=\"wd-5e99b47217303\" class=\"wd-text-block-wrapper wd-wpb wd-rs-5e99b47217303 color-scheme-custom wd-width-100 text-left vc_custom_1587131515355\">\n\t\t\t\t<div class=\"woodmart-title-container woodmart-text-block reset-last-child font-primary wd-font-weight-600 \">\n\t\t\t\t\t<\/p>\n<h3>Pakkaus<\/h3>\n<p>\t\t\t\t<\/div>\n\n\t\t\t\t\t\t\t<\/div>\n\t\t[vc_column_text text_larger=&#8221;no&#8221;]<\/p>\n<div>\n<p><span lang=\"DE\">Jos tuote toimitetaan suoraan asiakkaallesi, pakkaamme kotelot pyynn\u00f6st\u00e4si suoraan laatikoihisi, joissa on l\u00e4hetysluettelosi, jotta asiakkaasi ei edes huomaa, ett\u00e4 toimittaja oli itse asiassa joku muu. <\/span><\/p>\n<p><span lang=\"DE\">Jos haluat jatkojalostaa koteloa tuotannossasi ja s\u00e4\u00e4st\u00e4\u00e4 resursseja, esimerkiksi toimitus paneelipakkauksessa on yksi vaihtoehto. <\/span><\/p>\n<\/div>\n<p>[\/vc_column_text][\/vc_column_inner][\/vc_row_inner][vc_row_inner][vc_column_inner width=&#8221;1\/2&#8243;]\t\t\t<div id=\"wd-5e8dc0ceccd61\" class=\"wd-text-block-wrapper wd-wpb wd-rs-5e8dc0ceccd61 color-scheme-custom wd-width-100 text-left vc_custom_1586348241075\">\n\t\t\t\t<div class=\"woodmart-title-container woodmart-text-block reset-last-child font-primary wd-font-weight-600 \">\n\t\t\t\t\t<\/p>\n<h3>24\/7 ja samana p\u00e4iv\u00e4n\u00e4 toimitus<\/h3>\n<p>\t\t\t\t<\/div>\n\n\t\t\t\t\t\t\t<\/div>\n\t\t[vc_column_text text_larger=&#8221;no&#8221;]Toimitamme tavaroita p\u00e4ivitt\u00e4in. Kaikki tilaukset luovutetaan logistiikkakumppanillemme viimeist\u00e4\u00e4n seuraavana arkip\u00e4iv\u00e4n\u00e4 tilauksen ajankohdasta riippuen, ja ne ovat yleens\u00e4 perill\u00e4 seuraavana arkip\u00e4iv\u00e4n\u00e4.<\/p>\n<p>Verkkokauppamme kautta klo 14.00 menness\u00e4 vastaanotetut tilaukset l\u00e4hetet\u00e4\u00e4n samana p\u00e4iv\u00e4n\u00e4, joten tilauksen tekemisest\u00e4 tavaroiden vastaanottamiseen kuluu alle 24 tuntia.[\/vc_column_text][\/vc_column_inner][vc_column_inner width=&#8221;1\/2&#8243;]\t\t\t<div id=\"wd-5e99b4944a788\" class=\"wd-text-block-wrapper wd-wpb wd-rs-5e99b4944a788 color-scheme-custom wd-width-100 text-left vc_custom_1587131547990\">\n\t\t\t\t<div class=\"woodmart-title-container woodmart-text-block reset-last-child font-primary wd-font-weight-600 \">\n\t\t\t\t\t<\/p>\n<h3>Toimitus<\/h3>\n<p>\t\t\t\t<\/div>\n\n\t\t\t\t\t\t\t<\/div>\n\t\t[vc_column_text text_larger=&#8221;no&#8221;]<\/p>\n<div>\n<p><span lang=\"DE\">Jos tarvitset varmuuden siit\u00e4, ett\u00e4 sinulla on aina k\u00e4ytett\u00e4viss\u00e4si haluamasi m\u00e4\u00e4r\u00e4 koteloita, mutta sinulla ei ole k\u00e4ytett\u00e4viss\u00e4 olevaa varastointikapasiteettia, tarjoamme sinulle mielell\u00e4mme kokonaistilauksen tekemist\u00e4. N\u00e4in pid\u00e4ttelemme aina tietyn ajanjakson aikana tarvittavien koteloiden m\u00e4\u00e4r\u00e4\u00e4, jotta voit helposti tilata ne meilt\u00e4 eriss\u00e4. N\u00e4in voit toimia joustavasti my\u00f6s lyhyell\u00e4 varoitusajalla. Vaikka puolivalmiit osat, kuten kotelon kansi tai lis\u00e4varusteet, on l\u00e4hetett\u00e4v\u00e4 eri toimitusosoitteisiin, tuemme sinua mielell\u00e4mme toteutuksessa.<\/span><\/p>\n<p><span lang=\"DE\">Neuvomme sinua mielell\u00e4mme jo ennen ensimm\u00e4ist\u00e4 tilausta, koska haluamme luoda sinulle tilaa keskitty\u00e4 ydinliiketoimintaasi.<\/span><\/p>\n<\/div>\n<p>[\/vc_column_text][\/vc_column_inner][\/vc_row_inner][\/vc_column][\/vc_row]<\/p>\n","protected":false},"excerpt":{"rendered":"<p>[vc_row full_width=&#8221;stretch_row_content&#8221; mobile_bg_img_hidden=&#8221;no&#8221; tablet_bg_img_hidden=&#8221;no&#8221; woodmart_parallax=&#8221;0&#8243; woodmart_gradient_switch=&#8221;no&#8221; row_reverse_mobile=&#8221;0&#8243; row_reverse_tablet=&#8221;0&#8243; woodmart_disable_overflow=&#8221;0&#8243; css=&#8221;.vc_custom_1585845066216{margin-top: -40px !important;margin-bottom: 4vh !important;}&#8221;][vc_column][\/vc_column][\/vc_row][vc_row mobile_bg_img_hidden=&#8221;no&#8221; tablet_bg_img_hidden=&#8221;no&#8221; woodmart_parallax=&#8221;0&#8243; woodmart_gradient_switch=&#8221;no&#8221; row_reverse_mobile=&#8221;0&#8243; row_reverse_tablet=&#8221;0&#8243;<\/p>\n","protected":false},"author":1,"featured_media":0,"parent":44566,"menu_order":0,"comment_status":"closed","ping_status":"closed","template":"","meta":[],"yoast_head":"<!-- This site is optimized with the Yoast SEO Premium plugin v18.4 (Yoast SEO v18.8) - https:\/\/yoast.com\/wordpress\/plugins\/seo\/ -->\n<title>Logistiikka ja kuljetus Kotelotuotanto | BOXEXPERT<\/title>\n<meta name=\"description\" content=\"Logistiikka ja kuljetus Teollisuuskotelo Ohjauskaappi\" \/>\n<meta name=\"robots\" content=\"index, follow, max-snippet:-1, max-image-preview:large, max-video-preview:-1\" \/>\n<link rel=\"canonical\" href=\"https:\/\/box.lilleshop.de\/fi\/yritys\/logistiikka\/\" \/>\n<meta property=\"og:locale\" content=\"fi_FI\" \/>\n<meta property=\"og:type\" content=\"article\" \/>\n<meta property=\"og:title\" content=\"Logistiikka\" \/>\n<meta property=\"og:description\" content=\"Logistiikka ja kuljetus Teollisuuskotelo Ohjauskaappi\" \/>\n<meta property=\"og:url\" content=\"https:\/\/box.lilleshop.de\/fi\/yritys\/logistiikka\/\" \/>\n<meta property=\"og:site_name\" content=\"BOXEXPERT - Professionelle Geh\u00e4usel\u00f6sungen f\u00fcr h\u00f6chste Anspr\u00fcche\" \/>\n<meta property=\"article:modified_time\" content=\"2021-08-22T15:35:08+00:00\" \/>\n<meta name=\"twitter:card\" content=\"summary_large_image\" \/>\n<meta name=\"twitter:label1\" content=\"Est. reading time\" \/>\n\t<meta name=\"twitter:data1\" content=\"7 minutes\" \/>\n<script type=\"application\/ld+json\" class=\"yoast-schema-graph\">{\"@context\":\"https:\/\/schema.org\",\"@graph\":[{\"@type\":\"WebSite\",\"@id\":\"https:\/\/box.lilleshop.de\/#website\",\"url\":\"https:\/\/box.lilleshop.de\/\",\"name\":\"BOXEXPERT - Professionelle Geh\u00e4usel\u00f6sungen f\u00fcr h\u00f6chste Anspr\u00fcche\",\"description\":\"Industriegeh\u00e4use, Schaltschr\u00e4nke, Installationsgeh\u00e4use, Sicherungsk\u00e4sten und Verteilerk\u00e4sten\",\"potentialAction\":[{\"@type\":\"SearchAction\",\"target\":{\"@type\":\"EntryPoint\",\"urlTemplate\":\"https:\/\/box.lilleshop.de\/?s={search_term_string}\"},\"query-input\":\"required name=search_term_string\"}],\"inLanguage\":\"fi\"},{\"@type\":\"WebPage\",\"@id\":\"https:\/\/box.lilleshop.de\/fi\/yritys\/logistiikka\/#webpage\",\"url\":\"https:\/\/box.lilleshop.de\/fi\/yritys\/logistiikka\/\",\"name\":\"Logistiikka ja kuljetus Kotelotuotanto | BOXEXPERT\",\"isPartOf\":{\"@id\":\"https:\/\/box.lilleshop.de\/#website\"},\"datePublished\":\"2021-08-22T15:35:07+00:00\",\"dateModified\":\"2021-08-22T15:35:08+00:00\",\"description\":\"Logistiikka ja kuljetus Teollisuuskotelo Ohjauskaappi\",\"breadcrumb\":{\"@id\":\"https:\/\/box.lilleshop.de\/fi\/yritys\/logistiikka\/#breadcrumb\"},\"inLanguage\":\"fi\",\"potentialAction\":[{\"@type\":\"ReadAction\",\"target\":[\"https:\/\/box.lilleshop.de\/fi\/yritys\/logistiikka\/\"]}]},{\"@type\":\"BreadcrumbList\",\"@id\":\"https:\/\/box.lilleshop.de\/fi\/yritys\/logistiikka\/#breadcrumb\",\"itemListElement\":[{\"@type\":\"ListItem\",\"position\":1,\"name\":\"Startseite\",\"item\":\"https:\/\/box.lilleshop.de\/fi\/\"},{\"@type\":\"ListItem\",\"position\":2,\"name\":\"Yritys\",\"item\":\"https:\/\/box.lilleshop.de\/fi\/yritys\/\"},{\"@type\":\"ListItem\",\"position\":3,\"name\":\"Logistiikka\"}]}]}<\/script>\n<!-- \/ Yoast SEO Premium plugin. -->","yoast_head_json":{"title":"Logistiikka ja kuljetus Kotelotuotanto | BOXEXPERT","description":"Logistiikka ja kuljetus Teollisuuskotelo Ohjauskaappi","robots":{"index":"index","follow":"follow","max-snippet":"max-snippet:-1","max-image-preview":"max-image-preview:large","max-video-preview":"max-video-preview:-1"},"canonical":"https:\/\/box.lilleshop.de\/fi\/yritys\/logistiikka\/","og_locale":"fi_FI","og_type":"article","og_title":"Logistiikka","og_description":"Logistiikka ja kuljetus Teollisuuskotelo Ohjauskaappi","og_url":"https:\/\/box.lilleshop.de\/fi\/yritys\/logistiikka\/","og_site_name":"BOXEXPERT - Professionelle Geh\u00e4usel\u00f6sungen f\u00fcr h\u00f6chste Anspr\u00fcche","article_modified_time":"2021-08-22T15:35:08+00:00","twitter_card":"summary_large_image","twitter_misc":{"Est. reading time":"7 minutes"},"schema":{"@context":"https:\/\/schema.org","@graph":[{"@type":"WebSite","@id":"https:\/\/box.lilleshop.de\/#website","url":"https:\/\/box.lilleshop.de\/","name":"BOXEXPERT - Professionelle Geh\u00e4usel\u00f6sungen f\u00fcr h\u00f6chste Anspr\u00fcche","description":"Industriegeh\u00e4use, Schaltschr\u00e4nke, Installationsgeh\u00e4use, Sicherungsk\u00e4sten und Verteilerk\u00e4sten","potentialAction":[{"@type":"SearchAction","target":{"@type":"EntryPoint","urlTemplate":"https:\/\/box.lilleshop.de\/?s={search_term_string}"},"query-input":"required name=search_term_string"}],"inLanguage":"fi"},{"@type":"WebPage","@id":"https:\/\/box.lilleshop.de\/fi\/yritys\/logistiikka\/#webpage","url":"https:\/\/box.lilleshop.de\/fi\/yritys\/logistiikka\/","name":"Logistiikka ja kuljetus Kotelotuotanto | BOXEXPERT","isPartOf":{"@id":"https:\/\/box.lilleshop.de\/#website"},"datePublished":"2021-08-22T15:35:07+00:00","dateModified":"2021-08-22T15:35:08+00:00","description":"Logistiikka ja kuljetus Teollisuuskotelo Ohjauskaappi","breadcrumb":{"@id":"https:\/\/box.lilleshop.de\/fi\/yritys\/logistiikka\/#breadcrumb"},"inLanguage":"fi","potentialAction":[{"@type":"ReadAction","target":["https:\/\/box.lilleshop.de\/fi\/yritys\/logistiikka\/"]}]},{"@type":"BreadcrumbList","@id":"https:\/\/box.lilleshop.de\/fi\/yritys\/logistiikka\/#breadcrumb","itemListElement":[{"@type":"ListItem","position":1,"name":"Startseite","item":"https:\/\/box.lilleshop.de\/fi\/"},{"@type":"ListItem","position":2,"name":"Yritys","item":"https:\/\/box.lilleshop.de\/fi\/yritys\/"},{"@type":"ListItem","position":3,"name":"Logistiikka"}]}]}},"_links":{"self":[{"href":"https:\/\/box.lilleshop.de\/fi\/wp-json\/wp\/v2\/pages\/44999"}],"collection":[{"href":"https:\/\/box.lilleshop.de\/fi\/wp-json\/wp\/v2\/pages"}],"about":[{"href":"https:\/\/box.lilleshop.de\/fi\/wp-json\/wp\/v2\/types\/page"}],"author":[{"embeddable":true,"href":"https:\/\/box.lilleshop.de\/fi\/wp-json\/wp\/v2\/users\/1"}],"replies":[{"embeddable":true,"href":"https:\/\/box.lilleshop.de\/fi\/wp-json\/wp\/v2\/comments?post=44999"}],"version-history":[{"count":2,"href":"https:\/\/box.lilleshop.de\/fi\/wp-json\/wp\/v2\/pages\/44999\/revisions"}],"predecessor-version":[{"id":45001,"href":"https:\/\/box.lilleshop.de\/fi\/wp-json\/wp\/v2\/pages\/44999\/revisions\/45001"}],"up":[{"embeddable":true,"href":"https:\/\/box.lilleshop.de\/fi\/wp-json\/wp\/v2\/pages\/44566"}],"wp:attachment":[{"href":"https:\/\/box.lilleshop.de\/fi\/wp-json\/wp\/v2\/media?parent=44999"}],"curies":[{"name":"wp","href":"https:\/\/api.w.org\/{rel}","templated":true}]}}