{"id":44933,"date":"2021-08-22T15:27:39","date_gmt":"2021-08-22T15:27:39","guid":{"rendered":"https:\/\/boxexpert.de\/yritys\/laatu\/"},"modified":"2021-08-22T15:27:43","modified_gmt":"2021-08-22T15:27:43","slug":"laatu","status":"publish","type":"page","link":"https:\/\/box.lilleshop.de\/fi\/yritys\/laatu\/","title":{"rendered":"Laatu"},"content":{"rendered":"<p>[vc_row full_width=&#8221;stretch_row_content&#8221; mobile_bg_img_hidden=&#8221;no&#8221; tablet_bg_img_hidden=&#8221;no&#8221; woodmart_parallax=&#8221;0&#8243; woodmart_gradient_switch=&#8221;no&#8221; row_reverse_mobile=&#8221;0&#8243; row_reverse_tablet=&#8221;0&#8243; woodmart_disable_overflow=&#8221;0&#8243; css=&#8221;.vc_custom_1585845378745{margin-top: -40px !important;margin-bottom: 4vh !important;}&#8221;][vc_column]\n\t\t\t<!-- START qualit\u00e4t REVOLUTION SLIDER 6.5.21 --><p class=\"rs-p-wp-fix\"><\/p>\n\t\t\t<rs-module-wrap id=\"rev_slider_18_1_wrapper\" data-source=\"gallery\" style=\"visibility:hidden;background:transparent;padding:0;margin:0px auto;margin-top:0;margin-bottom:0;\">\n\t\t\t\t<rs-module id=\"rev_slider_18_1\" style=\"\" data-version=\"6.5.21\">\n\t\t\t\t\t<rs-slides>\n\t\t\t\t\t\t<rs-slide style=\"position: absolute;\" data-key=\"rs-341\" data-title=\"Slide\" data-in=\"o:0;\" data-out=\"a:false;\">\n\t\t\t\t\t\t\t<img src=\"\/\/box.lilleshop.de\/wp-content\/plugins\/revslider\/public\/assets\/assets\/dummy.png\" alt=\"Die Qualit\u00e4t unserer Geh\u00e4use ist uns sehr wichtig, QUALIT\u00c4T schreiben wir gro\u00df!\" title=\"qualita\u0308t3\" width=\"1600\" height=\"600\" class=\"rev-slidebg tp-rs-img rs-lazyload\" data-lazyload=\"\/\/box.lilleshop.de\/wp-content\/uploads\/2020\/03\/qualita\u0308t3.jpg\" data-no-retina>\n<!--\n\t\t\t\t\t\t\t--><rs-layer\n\t\t\t\t\t\t\t\tid=\"slider-18-slide-341-layer-0\" \n\t\t\t\t\t\t\t\tdata-type=\"shape\"\n\t\t\t\t\t\t\t\tdata-rsp_ch=\"on\"\n\t\t\t\t\t\t\t\tdata-xy=\"x:428px;y:340px;\"\n\t\t\t\t\t\t\t\tdata-text=\"w:normal;\"\n\t\t\t\t\t\t\t\tdata-dim=\"w:568px;h:127px;\"\n\t\t\t\t\t\t\t\tdata-spike=\"r:top;\"\n\t\t\t\t\t\t\t\tdata-frame_0=\"x:left;\"\n\t\t\t\t\t\t\t\tdata-frame_1=\"st:400;sp:1000;\"\n\t\t\t\t\t\t\t\tdata-frame_999=\"o:0;st:w;\"\n\t\t\t\t\t\t\t\tstyle=\"z-index:5;background-color:rgba(54,132,187,0.95);\"\n\t\t\t\t\t\t\t> \n\t\t\t\t\t\t\t<\/rs-layer><!--\n\n\t\t\t\t\t\t\t--><rs-layer\n\t\t\t\t\t\t\t\tid=\"slider-18-slide-341-layer-1\" \n\t\t\t\t\t\t\t\tdata-type=\"text\"\n\t\t\t\t\t\t\t\tdata-color=\"#ffffff\"\n\t\t\t\t\t\t\t\tdata-rsp_ch=\"on\"\n\t\t\t\t\t\t\t\tdata-xy=\"x:454px;y:367px;\"\n\t\t\t\t\t\t\t\tdata-text=\"w:normal;s:27;l:34;fw:600;\"\n\t\t\t\t\t\t\t\tdata-frame_0=\"x:left;\"\n\t\t\t\t\t\t\t\tdata-frame_1=\"st:400;sp:1000;\"\n\t\t\t\t\t\t\t\tdata-frame_999=\"o:0;st:w;\"\n\t\t\t\t\t\t\t\tstyle=\"z-index:6;font-family:'Poppins';\"\n\t\t\t\t\t\t\t>YKSINOMAINEN KOTELOINTITEKNIIKKA<br \/>\nKORKEIMPIIN VAATIMUKSIIN \n\t\t\t\t\t\t\t<\/rs-layer><!--\n-->\t\t\t\t\t\t<\/rs-slide>\n\t\t\t\t\t<\/rs-slides>\n\t\t\t\t<\/rs-module>\n\t\t\t\t<script>\n\t\t\t\t\tsetREVStartSize({c: 'rev_slider_18_1',rl:[1240,1024,778,480],el:[500],gw:[1240],gh:[500],type:'standard',justify:'',layout:'fullwidth',mh:\"0\"});if (window.RS_MODULES!==undefined && window.RS_MODULES.modules!==undefined && window.RS_MODULES.modules[\"revslider181\"]!==undefined) {window.RS_MODULES.modules[\"revslider181\"].once = false;window.revapi18 = undefined;if (window.RS_MODULES.checkMinimal!==undefined) window.RS_MODULES.checkMinimal()}\n\t\t\t\t<\/script>\n\t\t\t<\/rs-module-wrap>\n\t\t\t<!-- END REVOLUTION SLIDER -->\n[\/vc_column][\/vc_row][vc_row mobile_bg_img_hidden=&#8221;no&#8221; tablet_bg_img_hidden=&#8221;no&#8221; woodmart_parallax=&#8221;0&#8243; woodmart_gradient_switch=&#8221;no&#8221; row_reverse_mobile=&#8221;0&#8243; row_reverse_tablet=&#8221;0&#8243; woodmart_disable_overflow=&#8221;0&#8243;][vc_column]\n\t\t<div id=\"wd-5e8130b24988c\" class=\"title-wrapper wd-wpb set-mb-s reset-last-child  wd-rs-5e8130b24988c wd-title-color-primary wd-title-style-underlined wd-width-100 text-left vc_custom_1585524945576 wd-underline-colored\">\n\t\t\t\n\t\t\t<div class=\"liner-continer\">\n\t\t\t\t<h1 class=\"woodmart-title-container title  wd-font-weight- wd-fontsize-xxl\" ><strong>LAATU MENESTYSTEKIJ\u00c4N\u00c4<\/strong><\/h1>\n\t\t\t\t\t\t\t<\/div>\n\t\t\t\n\t\t\t\n\t\t\t\n\t\t<\/div>\n\t\t\n\t\t[\/vc_column][\/vc_row][vc_row full_width=&#8221;stretch_row&#8221; content_placement=&#8221;top&#8221; css=&#8221;.vc_custom_1586167721245{margin-bottom: 2vh !important;}&#8221; mobile_bg_img_hidden=&#8221;no&#8221; tablet_bg_img_hidden=&#8221;no&#8221; woodmart_parallax=&#8221;0&#8243; woodmart_gradient_switch=&#8221;no&#8221; row_reverse_mobile=&#8221;0&#8243; row_reverse_tablet=&#8221;0&#8243; woodmart_disable_overflow=&#8221;0&#8243;][vc_column width=&#8221;1\/3&#8243; css=&#8221;.vc_custom_1490276860346{margin-bottom: 20px !important;padding-top: 0px !important;}&#8221;]\t\t<div id=\"gallery_385\" class=\"wd-images-gallery wd-justify-center wd-items-middle view-grid\" >\n\t\t\t<div class=\"gallery-images row wd-spacing-0\">\n\t\t\t\t\t\t\t\t\t\t\t\t\t\t\t<div class=\"wd-gallery-item col-lg-12 col-md-12 col-sm-12 col-12\">\n\t\t\t\t\t\t\t\n\t\t\t\t\t\t\t\t\t\t\t\t\t\t\t\t\t<img class=\"wd-gallery-image image-1 \" src=\"https:\/\/box.lilleshop.de\/wp-content\/uploads\/2020\/03\/qualitaet-boxexpert2.jpg\" width=\"600\" height=\"400\" alt=\"Die Qualit\u00e4t unserer Geh\u00e4use ist uns sehr wichtig, QUALIT\u00c4T schreiben wir gro\u00df!\" title=\"Male Engineer Quality Controlling Components In Factory\" \/>\t\t\t\t\t\t\t\t\n\n\t\t\t\t\t\t\t\t\t\t\t\t\t\t<\/div>\n\t\t\t\t\t\t\t\t\t\t\t\t<\/div>\n\t\t<\/div>\n\t\t\t\t[\/vc_column][vc_column width=&#8221;1\/3&#8243; css=&#8221;.vc_custom_1536077344327{margin-bottom: 20px !important;padding-top: 0px !important;}&#8221;]\n\t\t<div id=\"wd-5e81241c1718d\" class=\"title-wrapper wd-wpb set-mb-s reset-last-child  wd-rs-5e81241c1718d wd-title-color-primary wd-title-style-underlined wd-width-100 text-left vc_custom_1585521701035 wd-underline-colored\">\n\t\t\t\n\t\t\t<div class=\"liner-continer\">\n\t\t\t\t<h2 class=\"woodmart-title-container title  wd-font-weight- wd-fontsize-l\" >MEID\u00c4N VAATIMUKSEMME ON SINUN TYYTYV\u00c4ISYYTESI<\/h2>\n\t\t\t\t\t\t\t<\/div>\n\t\t\t\n\t\t\t\n\t\t\t\n\t\t<\/div>\n\t\t\n\t\t[vc_column_text css=&#8221;.vc_custom_1586167641276{margin-bottom: 20px !important;}&#8221; text_larger=&#8221;no&#8221;]BOXEXPERT edustaa korkeimpia standardeja kotelointitekniikassa ja korkeimpia standardeja omassa laadussamme. Kaikki ty\u00f6ntekij\u00e4t t\u00e4ytt\u00e4v\u00e4t t\u00e4m\u00e4n vaatimuksen joka p\u00e4iv\u00e4 ja panevat sen t\u00e4yt\u00e4nt\u00f6\u00f6n t\u00e4ydell\u00e4 sitoutumisella. Kun on kyse ihmisten v\u00e4lisist\u00e4 kontakteista, ne ovat t\u00e4rke\u00e4mpi\u00e4 kuin toimitettu teknologia. Tyytyv\u00e4isyys on t\u00e4rkeint\u00e4. Ja se on meid\u00e4n motivaatiomme. Joka p\u00e4iv\u00e4 uudestaan.[\/vc_column_text][\/vc_column][vc_column width=&#8221;1\/3&#8243; css=&#8221;.vc_custom_1536077348538{margin-bottom: 20px !important;padding-top: 0px !important;}&#8221;][vc_column_text css=&#8221;.vc_custom_1589264791794{margin-bottom: 28px !important;}&#8221; text_larger=&#8221;no&#8221;]Meille t\u00e4rke\u00e4 standardi on DIN EN ISO9001 -standardin mukainen sertifiointi, joka BOXEXPERTill\u00e4 on ollut jo vuosia ja jonka T\u00dcV tarkistaa vuosittain. Se on olennainen edellytys sille, ett\u00e4 voimme n\u00e4ytt\u00e4\u00e4 asiakkaillemme auditoidun johtamisj\u00e4rjestelm\u00e4n ja optimoidut prosessivirrat: Meihin voi luottaa.<\/p>\n<p>Au\u00dferdem verf\u00fcgen wir f\u00fcr alle Produkte \u00fcber CE-Konformit\u00e4tserkl\u00e4rungen, die ihr Inverkehrbringen im Europ\u00e4ischen Wirtschaftsraum erm\u00f6glichen. Lis\u00e4ksi monille tuoteryhmille on saatavilla lis\u00e4sertifikaatteja Amerikan ja Kanadan markkinoille (UL ja CSA).[\/vc_column_text][\/vc_column][\/vc_row][vc_row full_width=&#8221;stretch_row&#8221; css=&#8221;.vc_custom_1581684138262{padding-top: 30px !important;background-color: #f9f9f9 !important;}&#8221; mobile_bg_img_hidden=&#8221;no&#8221; tablet_bg_img_hidden=&#8221;no&#8221; woodmart_parallax=&#8221;0&#8243; woodmart_gradient_switch=&#8221;no&#8221; row_reverse_mobile=&#8221;0&#8243; row_reverse_tablet=&#8221;0&#8243; woodmart_disable_overflow=&#8221;0&#8243;][vc_column css=&#8221;.vc_custom_1484657273903{padding-top: 0px !important;}&#8221;]\n\t\t<div id=\"wd-5e861b50041df\" class=\"title-wrapper wd-wpb set-mb-s reset-last-child  wd-rs-5e861b50041df wd-title-color-primary wd-title-style-underlined wd-width-100 text-left vc_custom_1585847126465 wd-underline-colored\">\n\t\t\t\n\t\t\t<div class=\"liner-continer\">\n\t\t\t\t<h3 class=\"woodmart-title-container title  wd-font-weight- wd-fontsize-l\" >AVAINTIEDOT<\/h3>\n\t\t\t\t\t\t\t<\/div>\n\t\t\t\n\t\t\t\n\t\t\t\n\t\t<\/div>\n\t\t\n\t\t[vc_row_inner][vc_column_inner width=&#8221;1\/2&#8243;]\t\t\t<div id=\"wd-5e812d54d20ef\" class=\"wd-text-block-wrapper wd-wpb wd-rs-5e812d54d20ef color-scheme-custom wd-width-100 text-left vc_custom_1585524056788\">\n\t\t\t\t<div class=\"woodmart-title-container woodmart-text-block reset-last-child font-primary wd-font-weight-600 \">\n\t\t\t\t\t<\/p>\n<h3>Luotettavuus<\/h3>\n<p>\t\t\t\t<\/div>\n\n\t\t\t\t\t\t\t<\/div>\n\t\t[vc_column_text text_larger=&#8221;no&#8221;]BOXEXPERT haluaa t\u00e4ytt\u00e4\u00e4 asiakkaidensa korkeimmat vaatimukset. Yksityiskohtaisesti koulutetut ty\u00f6ntekij\u00e4t tarjoavat luotettavaa ja asiantuntevaa neuvontaa kaikissa kysymyksiss\u00e4, ja sinulla on asiakkaana henkil\u00f6kohtainen yhteyshenkil\u00f6.<\/p>\n<p>Takaamme sinulle luotettavan palvelun alkukonsultoinnista tarjouksen ja tilauksen tekemisen kautta aina yksityiskohtaiseen myynnin j\u00e4lkeiseen tukeen. BOXEXPERT on aina tukenasi.[\/vc_column_text]\t\t\t<div id=\"wd-5e812ab163a11\" class=\"wd-text-block-wrapper wd-wpb wd-rs-5e812ab163a11 color-scheme-custom wd-width-100 text-left vc_custom_1585523413769\">\n\t\t\t\t<div class=\"woodmart-title-container woodmart-text-block reset-last-child font-primary wd-font-weight-600 \">\n\t\t\t\t\t<\/p>\n<h3>Nopeat ratkaisut<\/h3>\n<p>\t\t\t\t<\/div>\n\n\t\t\t\t\t\t\t<\/div>\n\t\t[vc_column_text text_larger=&#8221;no&#8221;]Onko sinulla kiire ja tarvitset nopean toteutuksen projektillesi? BOXEXPERT valmistelee sinulle yksil\u00f6llisi\u00e4 tarjouksia lyhyell\u00e4 varoitusajalla ja auttaa sinua toteuttamaan kiireelliset hankkeet nopeasti. Yhteyshenkil\u00f6si neuvoo sinua t\u00e4ss\u00e4 asiassa ja l\u00e4hett\u00e4\u00e4 sinulle viipym\u00e4tt\u00e4 yksil\u00f6llisen tarjouksen.<\/p>\n<p>BOXEXPERTin vaatimuksena on suorittaa tilaus kiireellisesti ja t\u00e4ysin tyytyv\u00e4isen\u00e4. Henkil\u00f6kuntamme on valmis auttamaan sinua neuvojen ja tuen muodossa ja odottaa mielenkiinnolla kysely\u00e4si.[\/vc_column_text]\t\t\t<div id=\"wd-5e812d5c8d1a1\" class=\"wd-text-block-wrapper wd-wpb wd-rs-5e812d5c8d1a1 color-scheme-custom wd-width-100 text-left vc_custom_1585524064051\">\n\t\t\t\t<div class=\"woodmart-title-container woodmart-text-block reset-last-child font-primary wd-font-weight-600 \">\n\t\t\t\t\t<\/p>\n<h3>Joustavuus<\/h3>\n<p>\t\t\t\t<\/div>\n\n\t\t\t\t\t\t\t<\/div>\n\t\t[vc_column_text text_larger=&#8221;no&#8221;]Olemme tietoisia asiakkaidemme korkeista vaatimuksista ja pystymme vastaamaan joustavasti kaikkiin vaatimuksiin. Toimitamme joustavia ratkaisuja kaikille sovellusalueille ja kehit\u00e4mme tuotteitamme jatkuvasti edelleen.<\/p>\n<p>Teknologian nopea kehitys ja teollisuus- ja kotelointitekniikan jatkuvasti kasvavat vaatimukset ovat haasteita, joihin vastaamme mielell\u00e4mme. Pyrkimys l\u00f6yt\u00e4\u00e4 ratkaisuja uusiin segmentteihin ja vaatimuksiin on meill\u00e4 veriss\u00e4.[\/vc_column_text][\/vc_column_inner][vc_column_inner width=&#8221;1\/2&#8243;][vc_single_image image=&#8221;44937&#8243; img_size=&#8221;full&#8221; alignment=&#8221;center&#8221; parallax_scroll=&#8221;no&#8221;][\/vc_column_inner][\/vc_row_inner][vc_row_inner][vc_column_inner width=&#8221;1\/2&#8243;][\/vc_column_inner][vc_column_inner width=&#8221;1\/2&#8243;][\/vc_column_inner][\/vc_row_inner][vc_row_inner][vc_column_inner width=&#8221;1\/2&#8243; css=&#8221;.vc_custom_1585141011403{margin-top: -100px !important;}&#8221;][\/vc_column_inner][vc_column_inner width=&#8221;1\/2&#8243;][\/vc_column_inner][\/vc_row_inner][\/vc_column][\/vc_row]<\/p>\n","protected":false},"excerpt":{"rendered":"<p>[vc_row full_width=&#8221;stretch_row_content&#8221; mobile_bg_img_hidden=&#8221;no&#8221; tablet_bg_img_hidden=&#8221;no&#8221; woodmart_parallax=&#8221;0&#8243; woodmart_gradient_switch=&#8221;no&#8221; row_reverse_mobile=&#8221;0&#8243; row_reverse_tablet=&#8221;0&#8243; woodmart_disable_overflow=&#8221;0&#8243; css=&#8221;.vc_custom_1585845378745{margin-top: -40px !important;margin-bottom: 4vh !important;}&#8221;][vc_column][\/vc_column][\/vc_row][vc_row mobile_bg_img_hidden=&#8221;no&#8221; tablet_bg_img_hidden=&#8221;no&#8221; woodmart_parallax=&#8221;0&#8243; woodmart_gradient_switch=&#8221;no&#8221; row_reverse_mobile=&#8221;0&#8243; row_reverse_tablet=&#8221;0&#8243;<\/p>\n","protected":false},"author":1,"featured_media":0,"parent":44566,"menu_order":0,"comment_status":"closed","ping_status":"closed","template":"","meta":[],"yoast_head":"<!-- This site is optimized with the Yoast SEO Premium plugin v18.4 (Yoast SEO v18.8) - https:\/\/yoast.com\/wordpress\/plugins\/seo\/ -->\n<title>Laadukkaat teollisuuskotelot ohjauskaappi | BOXEXPERT<\/title>\n<meta name=\"description\" content=\"Laatupolitiikka BOXEXPERT\" \/>\n<meta name=\"robots\" content=\"index, follow, max-snippet:-1, max-image-preview:large, max-video-preview:-1\" \/>\n<link rel=\"canonical\" href=\"https:\/\/box.lilleshop.de\/fi\/yritys\/laatu\/\" \/>\n<meta property=\"og:locale\" content=\"fi_FI\" \/>\n<meta property=\"og:type\" content=\"article\" \/>\n<meta property=\"og:title\" content=\"Laatu\" \/>\n<meta property=\"og:description\" content=\"Laatupolitiikka BOXEXPERT\" \/>\n<meta property=\"og:url\" content=\"https:\/\/box.lilleshop.de\/fi\/yritys\/laatu\/\" \/>\n<meta property=\"og:site_name\" content=\"BOXEXPERT - Professionelle Geh\u00e4usel\u00f6sungen f\u00fcr h\u00f6chste Anspr\u00fcche\" \/>\n<meta property=\"article:modified_time\" content=\"2021-08-22T15:27:43+00:00\" \/>\n<meta name=\"twitter:card\" content=\"summary_large_image\" \/>\n<meta name=\"twitter:label1\" content=\"Est. reading time\" \/>\n\t<meta name=\"twitter:data1\" content=\"5 minutes\" \/>\n<script type=\"application\/ld+json\" class=\"yoast-schema-graph\">{\"@context\":\"https:\/\/schema.org\",\"@graph\":[{\"@type\":\"WebSite\",\"@id\":\"https:\/\/box.lilleshop.de\/#website\",\"url\":\"https:\/\/box.lilleshop.de\/\",\"name\":\"BOXEXPERT - Professionelle Geh\u00e4usel\u00f6sungen f\u00fcr h\u00f6chste Anspr\u00fcche\",\"description\":\"Industriegeh\u00e4use, Schaltschr\u00e4nke, Installationsgeh\u00e4use, Sicherungsk\u00e4sten und Verteilerk\u00e4sten\",\"potentialAction\":[{\"@type\":\"SearchAction\",\"target\":{\"@type\":\"EntryPoint\",\"urlTemplate\":\"https:\/\/box.lilleshop.de\/?s={search_term_string}\"},\"query-input\":\"required name=search_term_string\"}],\"inLanguage\":\"fi\"},{\"@type\":\"WebPage\",\"@id\":\"https:\/\/box.lilleshop.de\/fi\/yritys\/laatu\/#webpage\",\"url\":\"https:\/\/box.lilleshop.de\/fi\/yritys\/laatu\/\",\"name\":\"Laadukkaat teollisuuskotelot ohjauskaappi | BOXEXPERT\",\"isPartOf\":{\"@id\":\"https:\/\/box.lilleshop.de\/#website\"},\"datePublished\":\"2021-08-22T15:27:39+00:00\",\"dateModified\":\"2021-08-22T15:27:43+00:00\",\"description\":\"Laatupolitiikka BOXEXPERT\",\"breadcrumb\":{\"@id\":\"https:\/\/box.lilleshop.de\/fi\/yritys\/laatu\/#breadcrumb\"},\"inLanguage\":\"fi\",\"potentialAction\":[{\"@type\":\"ReadAction\",\"target\":[\"https:\/\/box.lilleshop.de\/fi\/yritys\/laatu\/\"]}]},{\"@type\":\"BreadcrumbList\",\"@id\":\"https:\/\/box.lilleshop.de\/fi\/yritys\/laatu\/#breadcrumb\",\"itemListElement\":[{\"@type\":\"ListItem\",\"position\":1,\"name\":\"Startseite\",\"item\":\"https:\/\/box.lilleshop.de\/fi\/\"},{\"@type\":\"ListItem\",\"position\":2,\"name\":\"Yritys\",\"item\":\"https:\/\/box.lilleshop.de\/fi\/yritys\/\"},{\"@type\":\"ListItem\",\"position\":3,\"name\":\"Laatu\"}]}]}<\/script>\n<!-- \/ Yoast SEO Premium plugin. -->","yoast_head_json":{"title":"Laadukkaat teollisuuskotelot ohjauskaappi | BOXEXPERT","description":"Laatupolitiikka BOXEXPERT","robots":{"index":"index","follow":"follow","max-snippet":"max-snippet:-1","max-image-preview":"max-image-preview:large","max-video-preview":"max-video-preview:-1"},"canonical":"https:\/\/box.lilleshop.de\/fi\/yritys\/laatu\/","og_locale":"fi_FI","og_type":"article","og_title":"Laatu","og_description":"Laatupolitiikka BOXEXPERT","og_url":"https:\/\/box.lilleshop.de\/fi\/yritys\/laatu\/","og_site_name":"BOXEXPERT - Professionelle Geh\u00e4usel\u00f6sungen f\u00fcr h\u00f6chste Anspr\u00fcche","article_modified_time":"2021-08-22T15:27:43+00:00","twitter_card":"summary_large_image","twitter_misc":{"Est. reading time":"5 minutes"},"schema":{"@context":"https:\/\/schema.org","@graph":[{"@type":"WebSite","@id":"https:\/\/box.lilleshop.de\/#website","url":"https:\/\/box.lilleshop.de\/","name":"BOXEXPERT - Professionelle Geh\u00e4usel\u00f6sungen f\u00fcr h\u00f6chste Anspr\u00fcche","description":"Industriegeh\u00e4use, Schaltschr\u00e4nke, Installationsgeh\u00e4use, Sicherungsk\u00e4sten und Verteilerk\u00e4sten","potentialAction":[{"@type":"SearchAction","target":{"@type":"EntryPoint","urlTemplate":"https:\/\/box.lilleshop.de\/?s={search_term_string}"},"query-input":"required name=search_term_string"}],"inLanguage":"fi"},{"@type":"WebPage","@id":"https:\/\/box.lilleshop.de\/fi\/yritys\/laatu\/#webpage","url":"https:\/\/box.lilleshop.de\/fi\/yritys\/laatu\/","name":"Laadukkaat teollisuuskotelot ohjauskaappi | BOXEXPERT","isPartOf":{"@id":"https:\/\/box.lilleshop.de\/#website"},"datePublished":"2021-08-22T15:27:39+00:00","dateModified":"2021-08-22T15:27:43+00:00","description":"Laatupolitiikka BOXEXPERT","breadcrumb":{"@id":"https:\/\/box.lilleshop.de\/fi\/yritys\/laatu\/#breadcrumb"},"inLanguage":"fi","potentialAction":[{"@type":"ReadAction","target":["https:\/\/box.lilleshop.de\/fi\/yritys\/laatu\/"]}]},{"@type":"BreadcrumbList","@id":"https:\/\/box.lilleshop.de\/fi\/yritys\/laatu\/#breadcrumb","itemListElement":[{"@type":"ListItem","position":1,"name":"Startseite","item":"https:\/\/box.lilleshop.de\/fi\/"},{"@type":"ListItem","position":2,"name":"Yritys","item":"https:\/\/box.lilleshop.de\/fi\/yritys\/"},{"@type":"ListItem","position":3,"name":"Laatu"}]}]}},"_links":{"self":[{"href":"https:\/\/box.lilleshop.de\/fi\/wp-json\/wp\/v2\/pages\/44933"}],"collection":[{"href":"https:\/\/box.lilleshop.de\/fi\/wp-json\/wp\/v2\/pages"}],"about":[{"href":"https:\/\/box.lilleshop.de\/fi\/wp-json\/wp\/v2\/types\/page"}],"author":[{"embeddable":true,"href":"https:\/\/box.lilleshop.de\/fi\/wp-json\/wp\/v2\/users\/1"}],"replies":[{"embeddable":true,"href":"https:\/\/box.lilleshop.de\/fi\/wp-json\/wp\/v2\/comments?post=44933"}],"version-history":[{"count":5,"href":"https:\/\/box.lilleshop.de\/fi\/wp-json\/wp\/v2\/pages\/44933\/revisions"}],"predecessor-version":[{"id":44968,"href":"https:\/\/box.lilleshop.de\/fi\/wp-json\/wp\/v2\/pages\/44933\/revisions\/44968"}],"up":[{"embeddable":true,"href":"https:\/\/box.lilleshop.de\/fi\/wp-json\/wp\/v2\/pages\/44566"}],"wp:attachment":[{"href":"https:\/\/box.lilleshop.de\/fi\/wp-json\/wp\/v2\/media?parent=44933"}],"curies":[{"name":"wp","href":"https:\/\/api.w.org\/{rel}","templated":true}]}}