{"id":4645,"date":"2020-02-11T07:45:20","date_gmt":"2020-02-11T07:45:20","guid":{"rendered":"https:\/\/boxexpert.de\/compania\/logistik\/"},"modified":"2020-06-23T12:49:49","modified_gmt":"2020-06-23T12:49:49","slug":"logistica","status":"publish","type":"page","link":"https:\/\/box.lilleshop.de\/es\/compania\/logistica\/","title":{"rendered":"Log\u00edstica"},"content":{"rendered":"<p>[vc_row full_width=&#8221;stretch_row_content&#8221; mobile_bg_img_hidden=&#8221;no&#8221; tablet_bg_img_hidden=&#8221;no&#8221; woodmart_parallax=&#8221;0&#8243; woodmart_gradient_switch=&#8221;no&#8221; row_reverse_mobile=&#8221;0&#8243; row_reverse_tablet=&#8221;0&#8243; woodmart_disable_overflow=&#8221;0&#8243; css=&#8221;.vc_custom_1585845066216{margin-top: -40px !important;margin-bottom: 4vh !important;}&#8221;][vc_column]\n\t\t\t<!-- START logistik REVOLUTION SLIDER 6.5.21 --><p class=\"rs-p-wp-fix\"><\/p>\n\t\t\t<rs-module-wrap id=\"rev_slider_20_1_wrapper\" data-source=\"gallery\" style=\"visibility:hidden;background:transparent;padding:0;margin:0px auto;margin-top:0;margin-bottom:0;\">\n\t\t\t\t<rs-module id=\"rev_slider_20_1\" style=\"\" data-version=\"6.5.21\">\n\t\t\t\t\t<rs-slides>\n\t\t\t\t\t\t<rs-slide style=\"position: absolute;\" data-key=\"rs-191\" data-title=\"Slide\" data-anim=\"ms:1000;r:0;\" data-in=\"o:0;\" data-out=\"a:false;\">\n\t\t\t\t\t\t\t<img src=\"\/\/box.lilleshop.de\/wp-content\/plugins\/revslider\/public\/assets\/assets\/dummy.png\" alt=\"Das Logistikzentrum von Boxexpert sorgt f\u00fcr reichlich Lagerware an Geh\u00e4usen\" title=\"logistik1\" width=\"1600\" height=\"600\" class=\"rev-slidebg tp-rs-img rs-lazyload\" data-lazyload=\"\/\/box.lilleshop.de\/wp-content\/uploads\/2020\/03\/logistik1.jpg\" data-no-retina>\n<!--\n\t\t\t\t\t\t\t--><rs-layer\n\t\t\t\t\t\t\t\tid=\"slider-20-slide-191-layer-0\" \n\t\t\t\t\t\t\t\tdata-type=\"shape\"\n\t\t\t\t\t\t\t\tdata-rsp_ch=\"on\"\n\t\t\t\t\t\t\t\tdata-xy=\"x:428px;y:340px;\"\n\t\t\t\t\t\t\t\tdata-text=\"w:normal;\"\n\t\t\t\t\t\t\t\tdata-dim=\"w:517px;h:127px;\"\n\t\t\t\t\t\t\t\tdata-spike=\"r:top;\"\n\t\t\t\t\t\t\t\tdata-frame_0=\"x:left;\"\n\t\t\t\t\t\t\t\tdata-frame_1=\"st:400;sp:1000;\"\n\t\t\t\t\t\t\t\tdata-frame_999=\"o:0;st:w;\"\n\t\t\t\t\t\t\t\tstyle=\"z-index:5;background-color:rgba(54,132,187,0.95);\"\n\t\t\t\t\t\t\t> \n\t\t\t\t\t\t\t<\/rs-layer><!--\n\n\t\t\t\t\t\t\t--><rs-layer\n\t\t\t\t\t\t\t\tid=\"slider-20-slide-191-layer-1\" \n\t\t\t\t\t\t\t\tdata-type=\"text\"\n\t\t\t\t\t\t\t\tdata-color=\"#ffffff\"\n\t\t\t\t\t\t\t\tdata-rsp_ch=\"on\"\n\t\t\t\t\t\t\t\tdata-xy=\"x:454px;y:367px;\"\n\t\t\t\t\t\t\t\tdata-text=\"w:normal;s:27;l:34;fw:600;\"\n\t\t\t\t\t\t\t\tdata-frame_0=\"x:left;\"\n\t\t\t\t\t\t\t\tdata-frame_1=\"st:400;sp:1000;\"\n\t\t\t\t\t\t\t\tdata-frame_999=\"o:0;st:w;\"\n\t\t\t\t\t\t\t\tstyle=\"z-index:6;font-family:'Poppins';\"\n\t\t\t\t\t\t\t>ALTA DISPONIBILIDAD Y SOCIOS <br \/>\nLOG\u00cdSTICOS SELECCIONADOS \n\t\t\t\t\t\t\t<\/rs-layer><!--\n-->\t\t\t\t\t\t<\/rs-slide>\n\t\t\t\t\t<\/rs-slides>\n\t\t\t\t<\/rs-module>\n\t\t\t\t<script>\n\t\t\t\t\tsetREVStartSize({c: 'rev_slider_20_1',rl:[1240,1024,778,480],el:[500],gw:[1240],gh:[500],type:'standard',justify:'',layout:'fullwidth',mh:\"0\"});if (window.RS_MODULES!==undefined && window.RS_MODULES.modules!==undefined && window.RS_MODULES.modules[\"revslider201\"]!==undefined) {window.RS_MODULES.modules[\"revslider201\"].once = false;window.revapi20 = undefined;if (window.RS_MODULES.checkMinimal!==undefined) window.RS_MODULES.checkMinimal()}\n\t\t\t\t<\/script>\n\t\t\t<\/rs-module-wrap>\n\t\t\t<!-- END REVOLUTION SLIDER -->\n[\/vc_column][\/vc_row][vc_row mobile_bg_img_hidden=&#8221;no&#8221; tablet_bg_img_hidden=&#8221;no&#8221; woodmart_parallax=&#8221;0&#8243; woodmart_gradient_switch=&#8221;no&#8221; row_reverse_mobile=&#8221;0&#8243; row_reverse_tablet=&#8221;0&#8243; woodmart_disable_overflow=&#8221;0&#8243;][vc_column]\n\t\t<div id=\"wd-5eba60740e01d\" class=\"title-wrapper wd-wpb set-mb-s reset-last-child  wd-rs-5eba60740e01d wd-title-color-primary wd-title-style-underlined wd-width-100 text-left vc_custom_1589272745849 wd-underline-colored\">\n\t\t\t\n\t\t\t<div class=\"liner-continer\">\n\t\t\t\t<h1 class=\"woodmart-title-container title  wd-font-weight- wd-fontsize-xxl\" ><strong>LOG\u00cdSTICA<\/strong><\/h1>\n\t\t\t\t\t\t\t<\/div>\n\t\t\t\n\t\t\t\n\t\t\t\n\t\t<\/div>\n\t\t\n\t\t[\/vc_column][\/vc_row][vc_row full_width=&#8221;stretch_row&#8221; content_placement=&#8221;middle&#8221; css=&#8221;.vc_custom_1581684079743{margin-bottom: 2vh !important;}&#8221; mobile_bg_img_hidden=&#8221;no&#8221; tablet_bg_img_hidden=&#8221;no&#8221; woodmart_parallax=&#8221;0&#8243; woodmart_gradient_switch=&#8221;no&#8221; row_reverse_mobile=&#8221;0&#8243; row_reverse_tablet=&#8221;0&#8243; woodmart_disable_overflow=&#8221;0&#8243;][vc_column width=&#8221;1\/3&#8243; css=&#8221;.vc_custom_1490276860346{margin-bottom: 20px !important;padding-top: 0px !important;}&#8221;]\t\t<div id=\"gallery_257\" class=\"wd-images-gallery wd-justify-center wd-items-middle view-grid\" >\n\t\t\t<div class=\"gallery-images row wd-spacing-0\">\n\t\t\t\t\t\t\t\t\t\t\t\t\t\t\t<div class=\"wd-gallery-item col-lg-12 col-md-12 col-sm-12 col-12\">\n\t\t\t\t\t\t\t\n\t\t\t\t\t\t\t\t\t\t\t\t\t\t\t\t\t<img class=\"wd-gallery-image image-1 \" src=\"https:\/\/box.lilleshop.de\/wp-content\/uploads\/2020\/03\/logistik4.jpg\" width=\"600\" height=\"400\" alt=\"Das Logistikzentrum von Boxexpert sorgt f\u00fcr reichlich Lagerware an Geh\u00e4usen\" title=\"logistik4\" \/>\t\t\t\t\t\t\t\t\n\n\t\t\t\t\t\t\t\t\t\t\t\t\t\t<\/div>\n\t\t\t\t\t\t\t\t\t\t\t\t<\/div>\n\t\t<\/div>\n\t\t\t\t[\/vc_column][vc_column width=&#8221;1\/3&#8243; css=&#8221;.vc_custom_1536077344327{margin-bottom: 20px !important;padding-top: 0px !important;}&#8221;]\n\t\t<div id=\"wd-5eba60ac058c2\" class=\"title-wrapper wd-wpb set-mb-s reset-last-child  wd-rs-5eba60ac058c2 wd-title-color-primary wd-title-style-underlined wd-width-100 text-left vc_custom_1589272752844 wd-underline-colored\">\n\t\t\t\n\t\t\t<div class=\"liner-continer\">\n\t\t\t\t<h2 class=\"woodmart-title-container title  wd-font-weight- wd-fontsize-l\" >LA LOG\u00cdSTICA A LA MANERA HANSE\u00c1TICA<\/h2>\n\t\t\t\t\t\t\t<\/div>\n\t\t\t\n\t\t\t\n\t\t\t\n\t\t<\/div>\n\t\t\n\t\t[vc_column_text css=&#8221;.vc_custom_1589272760184{margin-bottom: 20px !important;}&#8221; text_larger=&#8221;no&#8221;]La ubicaci\u00f3n central en Hamburgo incluye todas las \u00e1reas para el manejo de nuestra log\u00edstica. El desarrollo y la fabricaci\u00f3n de los productos tiene su origen en la ciudad hanse\u00e1tica, as\u00ed como las ventas, el apoyo y la log\u00edstica de env\u00edo. Un enfoque orientado al cliente es algo natural para BOXEXPERT.[\/vc_column_text][\/vc_column][vc_column width=&#8221;1\/3&#8243; css=&#8221;.vc_custom_1536077348538{margin-bottom: 20px !important;padding-top: 0px !important;}&#8221;][vc_column_text css=&#8221;.vc_custom_1589272765606{margin-bottom: 28px !important;}&#8221; text_larger=&#8221;no&#8221;]Gracias a los socios log\u00edsticos seleccionados y a la alta disponibilidad de todos los productos, podemos garantizar una r\u00e1pida tramitaci\u00f3n de todos los pedidos. El procesamiento automatizado y multiling\u00fce de los pedidos contribuye de manera esencial a ello.[\/vc_column_text][vc_column_text css=&#8221;.vc_custom_1589272772797{margin-bottom: 20px !important;}&#8221; text_larger=&#8221;no&#8221;]Si hay que hacer las cosas muy r\u00e1pidamente, por supuesto le entregaremos nuestros casos en todo el mundo por v\u00eda expresa y organizaremos la correspondencia con el agente de expedici\u00f3n para usted en el caso de grandes entregas. Conv\u00e9nzase de nuestra fiable log\u00edstica y conf\u00ede en BOXEXPERT.[\/vc_column_text][\/vc_column][\/vc_row][vc_row full_width=&#8221;stretch_row&#8221; css=&#8221;.vc_custom_1581684138262{padding-top: 30px !important;background-color: #f9f9f9 !important;}&#8221; mobile_bg_img_hidden=&#8221;no&#8221; tablet_bg_img_hidden=&#8221;no&#8221; woodmart_parallax=&#8221;0&#8243; woodmart_gradient_switch=&#8221;no&#8221; row_reverse_mobile=&#8221;0&#8243; row_reverse_tablet=&#8221;0&#8243; woodmart_disable_overflow=&#8221;0&#8243;][vc_column css=&#8221;.vc_custom_1484657273903{padding-top: 0px !important;}&#8221;]\n\t\t<div id=\"wd-5e45054c68b77\" class=\"title-wrapper wd-wpb set-mb-s reset-last-child  wd-rs-5e45054c68b77 wd-title-color-primary wd-title-style-underlined wd-width-100 text-left vc_custom_1581581650385 wd-underline-colored\">\n\t\t\t\n\t\t\t<div class=\"liner-continer\">\n\t\t\t\t<h4 class=\"woodmart-title-container title  wd-font-weight- wd-fontsize-l\" >KEY FACTS<\/h4>\n\t\t\t\t\t\t\t<\/div>\n\t\t\t\n\t\t\t\n\t\t\t\n\t\t<\/div>\n\t\t\n\t\t[vc_row_inner][vc_column_inner width=&#8221;1\/2&#8243;]\t\t\t<div id=\"wd-5eba60c871800\" class=\"wd-text-block-wrapper wd-wpb wd-rs-5eba60c871800 color-scheme-custom wd-width-100 text-left vc_custom_1589272780625\">\n\t\t\t\t<div class=\"woodmart-title-container woodmart-text-block reset-last-child font-primary wd-font-weight-600 \">\n\t\t\t\t\t<\/p>\n<h3>Procesamiento del env\u00edo por BOXEXPERT<\/h3>\n<p>\t\t\t\t<\/div>\n\n\t\t\t\t\t\t\t<\/div>\n\t\t[vc_column_text text_larger=&#8221;no&#8221;]BOXEXPERT cubre y pone en pr\u00e1ctica cuidadosamente todo el proceso de env\u00edo. Los paquetes de env\u00edo se entregan de forma fiable y a tiempo a su destino por nuestro socio de log\u00edstica UPS.<\/p>\n<p>Adem\u00e1s, nos encargamos de toda la organizaci\u00f3n con la agencia de transporte para la entrega de paletas y nos ocupamos de todas las formalidades aduaneras necesarias si es necesario.[\/vc_column_text][\/vc_column_inner][vc_column_inner width=&#8221;1\/2&#8243;]\t\t\t<div id=\"wd-5eba60d699085\" class=\"wd-text-block-wrapper wd-wpb wd-rs-5eba60d699085 color-scheme-custom wd-width-100 text-left vc_custom_1589272795339\">\n\t\t\t\t<div class=\"woodmart-title-container woodmart-text-block reset-last-child font-primary wd-font-weight-600 \">\n\t\t\t\t\t<\/p>\n<h3>Log\u00edstica<\/h3>\n<p>\t\t\t\t<\/div>\n\n\t\t\t\t\t\t\t<\/div>\n\t\t[vc_column_text text_larger=&#8221;no&#8221;]\u00bfSu vivienda se procesa m\u00e1s o entra en su cadena de producci\u00f3n? \u00bfO ser\u00e1 entregado directamente a su cliente? En ambos casos, BOXEXPERT ofrece apoyo para proporcionarle asistencia log\u00edstica. Tanto en t\u00e9rminos de empaque como de entrega, nos sentamos con usted desde el principio para definir el proceso \u00f3ptimo para usted.[\/vc_column_text][\/vc_column_inner][\/vc_row_inner][vc_row_inner][vc_column_inner width=&#8221;1\/2&#8243;]\t\t\t<div id=\"wd-5e8dc0c91bce4\" class=\"wd-text-block-wrapper wd-wpb wd-rs-5e8dc0c91bce4 color-scheme-custom wd-width-100 text-left vc_custom_1586348235467\">\n\t\t\t\t<div class=\"woodmart-title-container woodmart-text-block reset-last-child font-primary wd-font-weight-600 \">\n\t\t\t\t\t<\/p>\n<h3>Bequeme Bestellung im Shopsystem<\/h3>\n<p>\t\t\t\t<\/div>\n\n\t\t\t\t\t\t\t<\/div>\n\t\t[vc_column_text text_larger=&#8221;no&#8221;]Nuestro sistema de tienda le permite hacer pedidos c\u00f3modamente con un clic en un entorno completamente automatizado. A trav\u00e9s de las opciones de filtro y una estructura limpia de nuestras categor\u00edas de productos, puede encontrar f\u00e1cil y r\u00e1pidamente el recinto que le conviene.<\/p>\n<p>Si usted requiere una individualizaci\u00f3n en forma de nuestros servicios para los recintos, nuestros empleados reaccionar\u00e1n inmediatamente a sus peticiones especiales y, si lo desea, le asesorar\u00e1n directamente en directo en el chat online.[\/vc_column_text][\/vc_column_inner][vc_column_inner width=&#8221;1\/2&#8243;]\t\t\t<div id=\"wd-5eba60e51032d\" class=\"wd-text-block-wrapper wd-wpb wd-rs-5eba60e51032d color-scheme-custom wd-width-100 text-left vc_custom_1589272809509\">\n\t\t\t\t<div class=\"woodmart-title-container woodmart-text-block reset-last-child font-primary wd-font-weight-600 \">\n\t\t\t\t\t<\/p>\n<h3>Embalaje<\/h3>\n<p>\t\t\t\t<\/div>\n\n\t\t\t\t\t\t\t<\/div>\n\t\t[vc_column_text text_larger=&#8221;no&#8221;]Si el producto debe ser entregado directamente a su cliente, embalaremos las cajas directamente en sus cajas con su albar\u00e1n de entrega, si as\u00ed lo desea, de modo que su cliente ni siquiera note que el proveedor era realmente otra persona.<\/p>\n<p>Si se procesa la carcasa m\u00e1s adelante en su producci\u00f3n y se ahorran recursos, es posible, por ejemplo, una entrega en embalaje de panel.[\/vc_column_text][\/vc_column_inner][\/vc_row_inner][vc_row_inner][vc_column_inner width=&#8221;1\/2&#8243;]\t\t\t<div id=\"wd-5eba60fd6cfe2\" class=\"wd-text-block-wrapper wd-wpb wd-rs-5eba60fd6cfe2 color-scheme-custom wd-width-100 text-left vc_custom_1589272833081\">\n\t\t\t\t<div class=\"woodmart-title-container woodmart-text-block reset-last-child font-primary wd-font-weight-600 \">\n\t\t\t\t\t<\/p>\n<h3>24\/7 y env\u00edo el mismo d\u00eda<\/h3>\n<p>\t\t\t\t<\/div>\n\n\t\t\t\t\t\t\t<\/div>\n\t\t[vc_column_text text_larger=&#8221;no&#8221;]Enviamos nuestras mercanc\u00edas diariamente. Dependiendo de la hora del pedido, todos los pedidos se entregan a nuestro socio de log\u00edstica a m\u00e1s tardar el siguiente d\u00eda h\u00e1bil y, por lo general, deber\u00edan estar con usted al siguiente d\u00eda h\u00e1bil.<\/p>\n<p>Los pedidos recibidos a trav\u00e9s de nuestra tienda online antes de las 2 p.m. se enviar\u00e1n el mismo d\u00eda, por lo que pasar\u00e1n menos de 24 horas desde el momento en que se haga el pedido hasta que se reciba la mercanc\u00eda.[\/vc_column_text][\/vc_column_inner][vc_column_inner width=&#8221;1\/2&#8243;]\t\t\t<div id=\"wd-5eba6109cfea1\" class=\"wd-text-block-wrapper wd-wpb wd-rs-5eba6109cfea1 color-scheme-custom wd-width-100 text-left vc_custom_1589272846829\">\n\t\t\t\t<div class=\"woodmart-title-container woodmart-text-block reset-last-child font-primary wd-font-weight-600 \">\n\t\t\t\t\t<\/p>\n<h3>Entrega<\/h3>\n<p>\t\t\t\t<\/div>\n\n\t\t\t\t\t\t\t<\/div>\n\t\t[vc_column_text text_larger=&#8221;no&#8221;]Si necesita la seguridad de poder recurrir siempre al n\u00famero de viviendas deseadas, pero no tiene la capacidad de almacenamiento disponible, nos complacer\u00e1 ofrecerle la conclusi\u00f3n de un pedido global. De esta manera, siempre mantenemos la cantidad de viviendas necesarias durante un cierto per\u00edodo de tiempo para usted, para que pueda llamarlas f\u00e1cilmente de nosotros en lotes. Esto le da la flexibilidad de seguir actuando a corto plazo. Incluso si las medias piezas como la cubierta de la carcasa o los accesorios deben ser enviados a diferentes direcciones de entrega, estaremos encantados de ayudarle en la aplicaci\u00f3n.<\/p>\n<p>Estamos encantados de aconsejarle incluso antes de su primer pedido, porque queremos darle el espacio para que se concentre en su negocio principal.[\/vc_column_text][\/vc_column_inner][\/vc_row_inner][\/vc_column][\/vc_row]<\/p>\n","protected":false},"excerpt":{"rendered":"<p>[vc_row full_width=&#8221;stretch_row_content&#8221; mobile_bg_img_hidden=&#8221;no&#8221; tablet_bg_img_hidden=&#8221;no&#8221; woodmart_parallax=&#8221;0&#8243; woodmart_gradient_switch=&#8221;no&#8221; row_reverse_mobile=&#8221;0&#8243; row_reverse_tablet=&#8221;0&#8243; woodmart_disable_overflow=&#8221;0&#8243; css=&#8221;.vc_custom_1585845066216{margin-top: -40px !important;margin-bottom: 4vh !important;}&#8221;][vc_column][\/vc_column][\/vc_row][vc_row mobile_bg_img_hidden=&#8221;no&#8221; tablet_bg_img_hidden=&#8221;no&#8221; woodmart_parallax=&#8221;0&#8243; woodmart_gradient_switch=&#8221;no&#8221; row_reverse_mobile=&#8221;0&#8243; row_reverse_tablet=&#8221;0&#8243;<\/p>\n","protected":false},"author":1,"featured_media":0,"parent":3836,"menu_order":0,"comment_status":"closed","ping_status":"closed","template":"","meta":[],"yoast_head":"<!-- This site is optimized with the Yoast SEO Premium plugin v18.4 (Yoast SEO v18.8) - https:\/\/yoast.com\/wordpress\/plugins\/seo\/ -->\n<title>Log\u00edstica - BOXEXPERT - Soluciones profesionales de cerramiento para las m\u00e1s altas exigencias<\/title>\n<meta name=\"robots\" content=\"index, follow, max-snippet:-1, max-image-preview:large, max-video-preview:-1\" \/>\n<link rel=\"canonical\" href=\"https:\/\/box.lilleshop.de\/es\/compania\/logistica\/\" \/>\n<meta property=\"og:locale\" content=\"es_ES\" \/>\n<meta property=\"og:type\" content=\"article\" \/>\n<meta property=\"og:title\" content=\"Log\u00edstica\" \/>\n<meta property=\"og:description\" content=\"[vc_row full_width=&#8221;stretch_row_content&#8221; mobile_bg_img_hidden=&#8221;no&#8221; tablet_bg_img_hidden=&#8221;no&#8221; woodmart_parallax=&#8221;0&#8243; woodmart_gradient_switch=&#8221;no&#8221; row_reverse_mobile=&#8221;0&#8243; row_reverse_tablet=&#8221;0&#8243; woodmart_disable_overflow=&#8221;0&#8243; css=&#8221;.vc_custom_1585845066216{margin-top: -40px !important;margin-bottom: 4vh !important;}&#8221;][vc_column][\/vc_column][\/vc_row][vc_row mobile_bg_img_hidden=&#8221;no&#8221; tablet_bg_img_hidden=&#8221;no&#8221; woodmart_parallax=&#8221;0&#8243; woodmart_gradient_switch=&#8221;no&#8221; row_reverse_mobile=&#8221;0&#8243; row_reverse_tablet=&#8221;0&#8243;\" \/>\n<meta property=\"og:url\" content=\"https:\/\/box.lilleshop.de\/es\/compania\/logistica\/\" \/>\n<meta property=\"og:site_name\" content=\"BOXEXPERT - Soluciones profesionales de cerramiento para las m\u00e1s altas exigencias\" \/>\n<meta property=\"article:modified_time\" content=\"2020-06-23T12:49:49+00:00\" \/>\n<meta name=\"twitter:card\" content=\"summary_large_image\" \/>\n<meta name=\"twitter:label1\" content=\"Est. reading time\" \/>\n\t<meta name=\"twitter:data1\" content=\"8 minutes\" \/>\n<script type=\"application\/ld+json\" class=\"yoast-schema-graph\">{\"@context\":\"https:\/\/schema.org\",\"@graph\":[{\"@type\":\"WebSite\",\"@id\":\"https:\/\/box.lilleshop.de\/#website\",\"url\":\"https:\/\/box.lilleshop.de\/\",\"name\":\"BOXEXPERT - Professionelle Geh\u00e4usel\u00f6sungen f\u00fcr h\u00f6chste Anspr\u00fcche\",\"description\":\"Cajas industriales, armarios de distribuci\u00f3n, cajas de instalaci\u00f3n, cajas de fusibles y cajas de distribuci\u00f3n\",\"potentialAction\":[{\"@type\":\"SearchAction\",\"target\":{\"@type\":\"EntryPoint\",\"urlTemplate\":\"https:\/\/box.lilleshop.de\/?s={search_term_string}\"},\"query-input\":\"required name=search_term_string\"}],\"inLanguage\":\"es-ES\"},{\"@type\":\"WebPage\",\"@id\":\"https:\/\/box.lilleshop.de\/es\/compania\/logistica\/#webpage\",\"url\":\"https:\/\/box.lilleshop.de\/es\/compania\/logistica\/\",\"name\":\"Log\u00edstica - BOXEXPERT - Soluciones profesionales de cerramiento para las m\u00e1s altas exigencias\",\"isPartOf\":{\"@id\":\"https:\/\/box.lilleshop.de\/#website\"},\"datePublished\":\"2020-02-11T07:45:20+00:00\",\"dateModified\":\"2020-06-23T12:49:49+00:00\",\"breadcrumb\":{\"@id\":\"https:\/\/box.lilleshop.de\/es\/compania\/logistica\/#breadcrumb\"},\"inLanguage\":\"es-ES\",\"potentialAction\":[{\"@type\":\"ReadAction\",\"target\":[\"https:\/\/box.lilleshop.de\/es\/compania\/logistica\/\"]}]},{\"@type\":\"BreadcrumbList\",\"@id\":\"https:\/\/box.lilleshop.de\/es\/compania\/logistica\/#breadcrumb\",\"itemListElement\":[{\"@type\":\"ListItem\",\"position\":1,\"name\":\"Startseite\",\"item\":\"https:\/\/box.lilleshop.de\/es\/\"},{\"@type\":\"ListItem\",\"position\":2,\"name\":\"Compa\u00f1\u00eda\",\"item\":\"https:\/\/box.lilleshop.de\/es\/compania\/\"},{\"@type\":\"ListItem\",\"position\":3,\"name\":\"Log\u00edstica\"}]}]}<\/script>\n<!-- \/ Yoast SEO Premium plugin. -->","yoast_head_json":{"title":"Log\u00edstica - BOXEXPERT - Soluciones profesionales de cerramiento para las m\u00e1s altas exigencias","robots":{"index":"index","follow":"follow","max-snippet":"max-snippet:-1","max-image-preview":"max-image-preview:large","max-video-preview":"max-video-preview:-1"},"canonical":"https:\/\/box.lilleshop.de\/es\/compania\/logistica\/","og_locale":"es_ES","og_type":"article","og_title":"Log\u00edstica","og_description":"[vc_row full_width=&#8221;stretch_row_content&#8221; mobile_bg_img_hidden=&#8221;no&#8221; tablet_bg_img_hidden=&#8221;no&#8221; woodmart_parallax=&#8221;0&#8243; woodmart_gradient_switch=&#8221;no&#8221; row_reverse_mobile=&#8221;0&#8243; row_reverse_tablet=&#8221;0&#8243; woodmart_disable_overflow=&#8221;0&#8243; css=&#8221;.vc_custom_1585845066216{margin-top: -40px !important;margin-bottom: 4vh !important;}&#8221;][vc_column][\/vc_column][\/vc_row][vc_row mobile_bg_img_hidden=&#8221;no&#8221; tablet_bg_img_hidden=&#8221;no&#8221; woodmart_parallax=&#8221;0&#8243; woodmart_gradient_switch=&#8221;no&#8221; row_reverse_mobile=&#8221;0&#8243; row_reverse_tablet=&#8221;0&#8243;","og_url":"https:\/\/box.lilleshop.de\/es\/compania\/logistica\/","og_site_name":"BOXEXPERT - Soluciones profesionales de cerramiento para las m\u00e1s altas exigencias","article_modified_time":"2020-06-23T12:49:49+00:00","twitter_card":"summary_large_image","twitter_misc":{"Est. reading time":"8 minutes"},"schema":{"@context":"https:\/\/schema.org","@graph":[{"@type":"WebSite","@id":"https:\/\/box.lilleshop.de\/#website","url":"https:\/\/box.lilleshop.de\/","name":"BOXEXPERT - Professionelle Geh\u00e4usel\u00f6sungen f\u00fcr h\u00f6chste Anspr\u00fcche","description":"Cajas industriales, armarios de distribuci\u00f3n, cajas de instalaci\u00f3n, cajas de fusibles y cajas de distribuci\u00f3n","potentialAction":[{"@type":"SearchAction","target":{"@type":"EntryPoint","urlTemplate":"https:\/\/box.lilleshop.de\/?s={search_term_string}"},"query-input":"required name=search_term_string"}],"inLanguage":"es-ES"},{"@type":"WebPage","@id":"https:\/\/box.lilleshop.de\/es\/compania\/logistica\/#webpage","url":"https:\/\/box.lilleshop.de\/es\/compania\/logistica\/","name":"Log\u00edstica - BOXEXPERT - Soluciones profesionales de cerramiento para las m\u00e1s altas exigencias","isPartOf":{"@id":"https:\/\/box.lilleshop.de\/#website"},"datePublished":"2020-02-11T07:45:20+00:00","dateModified":"2020-06-23T12:49:49+00:00","breadcrumb":{"@id":"https:\/\/box.lilleshop.de\/es\/compania\/logistica\/#breadcrumb"},"inLanguage":"es-ES","potentialAction":[{"@type":"ReadAction","target":["https:\/\/box.lilleshop.de\/es\/compania\/logistica\/"]}]},{"@type":"BreadcrumbList","@id":"https:\/\/box.lilleshop.de\/es\/compania\/logistica\/#breadcrumb","itemListElement":[{"@type":"ListItem","position":1,"name":"Startseite","item":"https:\/\/box.lilleshop.de\/es\/"},{"@type":"ListItem","position":2,"name":"Compa\u00f1\u00eda","item":"https:\/\/box.lilleshop.de\/es\/compania\/"},{"@type":"ListItem","position":3,"name":"Log\u00edstica"}]}]}},"_links":{"self":[{"href":"https:\/\/box.lilleshop.de\/es\/wp-json\/wp\/v2\/pages\/4645"}],"collection":[{"href":"https:\/\/box.lilleshop.de\/es\/wp-json\/wp\/v2\/pages"}],"about":[{"href":"https:\/\/box.lilleshop.de\/es\/wp-json\/wp\/v2\/types\/page"}],"author":[{"embeddable":true,"href":"https:\/\/box.lilleshop.de\/es\/wp-json\/wp\/v2\/users\/1"}],"replies":[{"embeddable":true,"href":"https:\/\/box.lilleshop.de\/es\/wp-json\/wp\/v2\/comments?post=4645"}],"version-history":[{"count":4,"href":"https:\/\/box.lilleshop.de\/es\/wp-json\/wp\/v2\/pages\/4645\/revisions"}],"predecessor-version":[{"id":11024,"href":"https:\/\/box.lilleshop.de\/es\/wp-json\/wp\/v2\/pages\/4645\/revisions\/11024"}],"up":[{"embeddable":true,"href":"https:\/\/box.lilleshop.de\/es\/wp-json\/wp\/v2\/pages\/3836"}],"wp:attachment":[{"href":"https:\/\/box.lilleshop.de\/es\/wp-json\/wp\/v2\/media?parent=4645"}],"curies":[{"name":"wp","href":"https:\/\/api.w.org\/{rel}","templated":true}]}}