{"id":3881,"date":"2020-02-11T07:44:44","date_gmt":"2020-02-11T07:44:44","guid":{"rendered":"https:\/\/boxexpert.de\/compania\/about-us\/"},"modified":"2021-07-20T12:10:55","modified_gmt":"2021-07-20T12:10:55","slug":"sobre-nosotros","status":"publish","type":"page","link":"https:\/\/box.lilleshop.de\/es\/compania\/sobre-nosotros\/","title":{"rendered":"Sobre nosotros"},"content":{"rendered":"<p>[vc_row full_width=&#8221;stretch_row_content&#8221; mobile_bg_img_hidden=&#8221;no&#8221; tablet_bg_img_hidden=&#8221;no&#8221; woodmart_parallax=&#8221;0&#8243; woodmart_gradient_switch=&#8221;no&#8221; row_reverse_mobile=&#8221;0&#8243; row_reverse_tablet=&#8221;0&#8243; woodmart_disable_overflow=&#8221;0&#8243; css=&#8221;.vc_custom_1585845378745{margin-top: -40px !important;margin-bottom: 4vh !important;}&#8221;][vc_column]\n\t\t\t<!-- START historie REVOLUTION SLIDER 6.5.21 --><p class=\"rs-p-wp-fix\"><\/p>\n\t\t\t<rs-module-wrap id=\"rev_slider_19_1_wrapper\" data-source=\"gallery\" style=\"visibility:hidden;background:transparent;padding:0;margin:0px auto;margin-top:0;margin-bottom:0;\">\n\t\t\t\t<rs-module id=\"rev_slider_19_1\" style=\"\" data-version=\"6.5.21\">\n\t\t\t\t\t<rs-slides>\n\t\t\t\t\t\t<rs-slide style=\"position: absolute;\" data-key=\"rs-199\" data-title=\"Slide\" data-anim=\"ms:1000;r:0;\" data-in=\"o:0;\" data-out=\"a:false;\">\n\t\t\t\t\t\t\t<img src=\"\/\/box.lilleshop.de\/wp-content\/plugins\/revslider\/public\/assets\/assets\/dummy.png\" alt=\"Boxexpert Geh\u00e4use aus der Hamburger Region\" title=\"Boxexpert-historie\" width=\"1600\" height=\"600\" class=\"rev-slidebg tp-rs-img rs-lazyload\" data-lazyload=\"\/\/box.lilleshop.de\/wp-content\/uploads\/2020\/03\/Boxexpert-historie.jpg\" data-no-retina>\n<!--\n\t\t\t\t\t\t\t--><rs-layer\n\t\t\t\t\t\t\t\tid=\"slider-19-slide-199-layer-0\" \n\t\t\t\t\t\t\t\tdata-type=\"shape\"\n\t\t\t\t\t\t\t\tdata-rsp_ch=\"on\"\n\t\t\t\t\t\t\t\tdata-xy=\"x:428px;y:340px;\"\n\t\t\t\t\t\t\t\tdata-text=\"w:normal;\"\n\t\t\t\t\t\t\t\tdata-dim=\"w:645px;h:127px;\"\n\t\t\t\t\t\t\t\tdata-spike=\"r:top;\"\n\t\t\t\t\t\t\t\tdata-frame_0=\"x:left;\"\n\t\t\t\t\t\t\t\tdata-frame_1=\"st:400;sp:1000;\"\n\t\t\t\t\t\t\t\tdata-frame_999=\"o:0;st:w;\"\n\t\t\t\t\t\t\t\tstyle=\"z-index:5;background-color:rgba(54,132,187,0.95);\"\n\t\t\t\t\t\t\t> \n\t\t\t\t\t\t\t<\/rs-layer><!--\n\n\t\t\t\t\t\t\t--><rs-layer\n\t\t\t\t\t\t\t\tid=\"slider-19-slide-199-layer-1\" \n\t\t\t\t\t\t\t\tdata-type=\"text\"\n\t\t\t\t\t\t\t\tdata-color=\"#ffffff\"\n\t\t\t\t\t\t\t\tdata-rsp_ch=\"on\"\n\t\t\t\t\t\t\t\tdata-xy=\"x:454px;y:367px;\"\n\t\t\t\t\t\t\t\tdata-text=\"w:normal;s:27;l:34;fw:600;\"\n\t\t\t\t\t\t\t\tdata-frame_0=\"x:left;\"\n\t\t\t\t\t\t\t\tdata-frame_1=\"st:400;sp:1000;\"\n\t\t\t\t\t\t\t\tdata-frame_999=\"o:0;st:w;\"\n\t\t\t\t\t\t\t\tstyle=\"z-index:6;font-family:'Poppins';\"\n\t\t\t\t\t\t\t>LA TRADICI\u00d3N HANSE\u00c1TICA EN LA SEGMENTO <br \/>\nDE VIVIENDAS DE PRIMERA CALIDAD \n\t\t\t\t\t\t\t<\/rs-layer><!--\n-->\t\t\t\t\t\t<\/rs-slide>\n\t\t\t\t\t<\/rs-slides>\n\t\t\t\t<\/rs-module>\n\t\t\t\t<script>\n\t\t\t\t\tsetREVStartSize({c: 'rev_slider_19_1',rl:[1240,1024,778,480],el:[500],gw:[1240],gh:[500],type:'standard',justify:'',layout:'fullwidth',mh:\"0\"});if (window.RS_MODULES!==undefined && window.RS_MODULES.modules!==undefined && window.RS_MODULES.modules[\"revslider191\"]!==undefined) {window.RS_MODULES.modules[\"revslider191\"].once = false;window.revapi19 = undefined;if (window.RS_MODULES.checkMinimal!==undefined) window.RS_MODULES.checkMinimal()}\n\t\t\t\t<\/script>\n\t\t\t<\/rs-module-wrap>\n\t\t\t<!-- END REVOLUTION SLIDER -->\n[\/vc_column][\/vc_row][vc_row mobile_bg_img_hidden=&#8221;no&#8221; tablet_bg_img_hidden=&#8221;no&#8221; woodmart_parallax=&#8221;0&#8243; woodmart_gradient_switch=&#8221;no&#8221; row_reverse_mobile=&#8221;0&#8243; row_reverse_tablet=&#8221;0&#8243; woodmart_disable_overflow=&#8221;0&#8243;][vc_column]\n\t\t<div id=\"wd-5e99b835d4de9\" class=\"title-wrapper wd-wpb set-mb-s reset-last-child  wd-rs-5e99b835d4de9 wd-title-color-primary wd-title-style-underlined wd-width-100 text-left vc_custom_1587132479735 wd-underline-colored\">\n\t\t\t\n\t\t\t<div class=\"liner-continer\">\n\t\t\t\t<h1 class=\"woodmart-title-container title  wd-font-weight- wd-fontsize-xxl\" ><strong>SOBRE NOSOTROS<\/strong><\/h1>\n\t\t\t\t\t\t\t<\/div>\n\t\t\t\n\t\t\t\n\t\t\t\n\t\t<\/div>\n\t\t\n\t\t[\/vc_column][\/vc_row][vc_row full_width=&#8221;stretch_row&#8221; content_placement=&#8221;top&#8221; css=&#8221;.vc_custom_1586167721245{margin-bottom: 2vh !important;}&#8221; mobile_bg_img_hidden=&#8221;no&#8221; tablet_bg_img_hidden=&#8221;no&#8221; woodmart_parallax=&#8221;0&#8243; woodmart_gradient_switch=&#8221;no&#8221; row_reverse_mobile=&#8221;0&#8243; row_reverse_tablet=&#8221;0&#8243; woodmart_disable_overflow=&#8221;0&#8243;][vc_column width=&#8221;1\/3&#8243; css=&#8221;.vc_custom_1490276860346{margin-bottom: 20px !important;padding-top: 0px !important;}&#8221;]\t\t<div id=\"gallery_856\" class=\"wd-images-gallery wd-justify-center wd-items-middle view-grid\" >\n\t\t\t<div class=\"gallery-images row wd-spacing-0\">\n\t\t\t\t\t\t\t\t\t\t\t\t\t\t\t<div class=\"wd-gallery-item col-lg-12 col-md-12 col-sm-12 col-12\">\n\t\t\t\t\t\t\t\n\t\t\t\t\t\t\t\t\t\t\t\t\t\t\t\t\t<img class=\"wd-gallery-image image-1 \" src=\"https:\/\/box.lilleshop.de\/wp-content\/uploads\/2020\/03\/qualitaet-boxexpert2.jpg\" width=\"600\" height=\"400\" alt=\"Male Engineer Quality Controlling Components In Factory\" title=\"Male Engineer Quality Controlling Components In Factory\" \/>\t\t\t\t\t\t\t\t\n\n\t\t\t\t\t\t\t\t\t\t\t\t\t\t<\/div>\n\t\t\t\t\t\t\t\t\t\t\t\t<\/div>\n\t\t<\/div>\n\t\t\t\t[\/vc_column][vc_column width=&#8221;1\/3&#8243; css=&#8221;.vc_custom_1536077344327{margin-bottom: 20px !important;padding-top: 0px !important;}&#8221;]\n\t\t<div id=\"wd-5e99b84801739\" class=\"title-wrapper wd-wpb set-mb-s reset-last-child  wd-rs-5e99b84801739 wd-title-color-primary wd-title-style-underlined wd-width-100 text-left vc_custom_1587132509516 wd-underline-colored\">\n\t\t\t\n\t\t\t<div class=\"liner-continer\">\n\t\t\t\t<h2 class=\"woodmart-title-container title  wd-font-weight- wd-fontsize-l\" >TECNOLOG\u00cdA DE VIVIENDA PROFESIONAL DEL NORTE<\/h2>\n\t\t\t\t\t\t\t<\/div>\n\t\t\t\n\t\t\t\n\t\t\t\n\t\t<\/div>\n\t\t\n\t\t[vc_column_text css=&#8221;.vc_custom_1587132525835{margin-bottom: 20px !important;}&#8221; text_larger=&#8221;no&#8221;]&#8221;Una empresa vive a trav\u00e9s de sus valores. Determinan la cultura empresarial y dan forma a la cooperaci\u00f3n. Deben ser dise\u00f1ados, vividos y, sobre todo, apoyados por los empleados. Como empresa hanse\u00e1tica, valores idealistas como la honestidad, la fiabilidad, la responsabilidad y la lealtad constituyen los puntos centrales de nuestras acciones diarias.[\/vc_column_text][\/vc_column][vc_column width=&#8221;1\/3&#8243; css=&#8221;.vc_custom_1536077348538{margin-bottom: 20px !important;padding-top: 0px !important;}&#8221;][vc_column_text css=&#8221;.vc_custom_1587132676972{margin-bottom: 28px !important;}&#8221; text_larger=&#8221;no&#8221;]El ADN de nuestra cultura corporativa son unos empleados satisfechos y muy motivados para aplicar la estrategia, aportar sus propias ideas, impulsar la innovaci\u00f3n y sentirse c\u00f3modos en un ambiente de trabajo armonioso.&#8221;<\/p>\n<p><strong><em>Jan Schwonbeck, director general de BOXEXPERT  <\/em><\/strong>[\/vc_column_text][\/vc_column][\/vc_row][vc_row full_width=&#8221;stretch_row&#8221; css=&#8221;.vc_custom_1581684138262{padding-top: 30px !important;background-color: #f9f9f9 !important;}&#8221; mobile_bg_img_hidden=&#8221;no&#8221; tablet_bg_img_hidden=&#8221;no&#8221; woodmart_parallax=&#8221;0&#8243; woodmart_gradient_switch=&#8221;no&#8221; row_reverse_mobile=&#8221;0&#8243; row_reverse_tablet=&#8221;0&#8243; woodmart_disable_overflow=&#8221;0&#8243;][vc_column css=&#8221;.vc_custom_1484657273903{padding-top: 0px !important;}&#8221;]\n\t\t<div id=\"wd-5e99b99514e8b\" class=\"title-wrapper wd-wpb set-mb-s reset-last-child  wd-rs-5e99b99514e8b wd-title-color-primary wd-title-style-underlined wd-width-100 text-left vc_custom_1587132829603 wd-underline-colored\">\n\t\t\t\n\t\t\t<div class=\"liner-continer\">\n\t\t\t\t<h3 class=\"woodmart-title-container title  wd-font-weight- wd-fontsize-l\" >QUE NOS HACE<\/h3>\n\t\t\t\t\t\t\t<\/div>\n\t\t\t\n\t\t\t\n\t\t\t\n\t\t<\/div>\n\t\t\n\t\t[vc_row_inner][vc_column_inner width=&#8221;1\/2&#8243;]\t\t\t<div id=\"wd-5f2c0c1c4f7cd\" class=\"wd-text-block-wrapper wd-wpb wd-rs-5f2c0c1c4f7cd color-scheme-custom wd-width-100 text-left vc_custom_1596722209758\">\n\t\t\t\t<div class=\"woodmart-title-container woodmart-text-block reset-last-child font-primary wd-font-weight-600 \">\n\t\t\t\t\t<\/p>\n<h3>Acci\u00f3n orientada al cliente<\/h3>\n<p>\t\t\t\t<\/div>\n\n\t\t\t\t\t\t\t<\/div>\n\t\t[vc_column_text text_larger=&#8221;no&#8221;]El cliente est\u00e1 siempre en el centro de nuestro pensamiento. Con nuestras innovadoras soluciones de cerramientos, ofrecemos productos que son r\u00e1pidos y f\u00e1ciles de procesar y que, adem\u00e1s, se pueden personalizar en gran medida. BOXEXPERT ofrece soluciones de alta calidad y amplios conocimientos t\u00e9cnicos, tambi\u00e9n para temas especiales relacionados con la tecnolog\u00eda de armarios. La gama de productos BOXEXPERT impresiona por sus inteligentes innovaciones y est\u00e1 siempre un paso por delante del estado actual de la t\u00e9cnica. La atenci\u00f3n se centra en la disponibilidad de los dispositivos a proteger, la m\u00e1xima seguridad y, al mismo tiempo, una \u00f3ptima rentabilidad. Como socio de sistemas de larga data en la tecnolog\u00eda de armarios, le ofrecemos los siguientes valores a\u00f1adidos:<\/p>\n<ul>\n<li>disponibilidad permanente<\/li>\n<li>Costes que se pueden planificar de forma fiable<\/li>\n<li>amplio servicio<\/li>\n<li>Planificaci\u00f3n, asesoramiento y an\u00e1lisis preciso de las necesidades<\/li>\n<li>Soluciones de armarios robustos y flexibles<\/li>\n<li>Rapidez y fiabilidad: rapidez en el di\u00e1logo y en la b\u00fasqueda de la soluci\u00f3n \u00f3ptima para usted, para que ahorre un tiempo precioso<\/li>\n<li>Imparcialidad y calidad: soluciones justas para que la sensaci\u00f3n de bienestar sea duradera. Le escuchamos para poder mejorar continuamente nuestra calidad.<\/li>\n<\/ul>\n<p>[\/vc_column_text][\/vc_column_inner][vc_column_inner width=&#8221;1\/2&#8243;]\t\t\t<div id=\"wd-5e99b9d7d4046\" class=\"wd-text-block-wrapper wd-wpb wd-rs-5e99b9d7d4046 color-scheme-custom wd-width-100 text-left vc_custom_1587132890152\">\n\t\t\t\t<div class=\"woodmart-title-container woodmart-text-block reset-last-child font-primary wd-font-weight-600 \">\n\t\t\t\t\t<\/p>\n<h3>A\u00f1os de experiencia en tecnolog\u00eda de armarios<\/h3>\n<p>\t\t\t\t<\/div>\n\n\t\t\t\t\t\t\t<\/div>\n\t\t[vc_column_text text_larger=&#8221;no&#8221;]Con BOXEXPERT se beneficia de d\u00e9cadas de experiencia en tecnolog\u00eda de armarios. BOXEXPERT es la divisi\u00f3n de cerramientos externalizados de Breuell Ingenieurb\u00fcro. La fundaci\u00f3n de Breuell Ingenieurb\u00fcro GmbH se basa en una larga tradici\u00f3n hanse\u00e1tica. Ya en 1888, la familia Breuell era conocida por sus actividades comerciales entre los intendentes del puerto franco de Hamburgo. Tras el final de la Segunda Guerra Mundial, el 01.12.1946 se fund\u00f3 la empresa individual Egon Breuell Ingenieurb\u00fcro und technische Vertretungen. Breuell se estableci\u00f3 principalmente en los campos de la ingenier\u00eda el\u00e9ctrica y la ingenier\u00eda mec\u00e1nica.<\/p>\n<p>En 1981, con el traspaso de la empresa a la segunda generaci\u00f3n, se cambi\u00f3 el nombre de la empresa a Breuell Ingenieurb\u00fcro GmbH. A partir de entonces, las actividades se centraron en la tecnolog\u00eda de los recintos y los componentes asociados. Con el crecimiento constante y la creciente relevancia de esta divisi\u00f3n, BOXEXPERT se separ\u00f3 como marca independiente. Esto nos ha permitido centrarnos a\u00fan m\u00e1s en el desarrollo de este segmento de negocio y ampliar la gama de productos en consecuencia. En la actualidad, estamos en condiciones de ofrecer a nuestros clientes un apoyo integral y garantizar as\u00ed el \u00e9xito de la cooperaci\u00f3n.<\/p>\n<p>Las homologaciones internacionales de las cajas, como CE, UL y CSA, y la protecci\u00f3n fiable y certificada contra el polvo y la humedad penetrantes (clases de protecci\u00f3n IP) son s\u00f3lo dos de los criterios que demuestran la alta calidad de los productos BOXEXPERT. BOXEXPERT desarrolla sistemas de armarios del m\u00e1s alto nivel en estrecha colaboraci\u00f3n con los usuarios. Estaremos encantados de presentarle nuestra amplia gama de opciones. Hable con nosotros.[\/vc_column_text][\/vc_column_inner][\/vc_row_inner][vc_row_inner][vc_column_inner width=&#8221;1\/2&#8243;][\/vc_column_inner][vc_column_inner width=&#8221;1\/2&#8243;][\/vc_column_inner][\/vc_row_inner][vc_row_inner][vc_column_inner width=&#8221;1\/2&#8243; css=&#8221;.vc_custom_1585141011403{margin-top: -100px !important;}&#8221;][\/vc_column_inner][vc_column_inner width=&#8221;1\/2&#8243;][\/vc_column_inner][\/vc_row_inner][\/vc_column][\/vc_row]<\/p>\n","protected":false},"excerpt":{"rendered":"<p>[vc_row full_width=&#8221;stretch_row_content&#8221; mobile_bg_img_hidden=&#8221;no&#8221; tablet_bg_img_hidden=&#8221;no&#8221; woodmart_parallax=&#8221;0&#8243; woodmart_gradient_switch=&#8221;no&#8221; row_reverse_mobile=&#8221;0&#8243; row_reverse_tablet=&#8221;0&#8243; woodmart_disable_overflow=&#8221;0&#8243; css=&#8221;.vc_custom_1585845378745{margin-top: -40px !important;margin-bottom: 4vh !important;}&#8221;][vc_column][\/vc_column][\/vc_row][vc_row mobile_bg_img_hidden=&#8221;no&#8221; tablet_bg_img_hidden=&#8221;no&#8221; woodmart_parallax=&#8221;0&#8243; woodmart_gradient_switch=&#8221;no&#8221; row_reverse_mobile=&#8221;0&#8243; row_reverse_tablet=&#8221;0&#8243;<\/p>\n","protected":false},"author":1,"featured_media":0,"parent":3836,"menu_order":0,"comment_status":"closed","ping_status":"closed","template":"","meta":[],"yoast_head":"<!-- This site is optimized with the Yoast SEO Premium plugin v18.4 (Yoast SEO v18.8) - https:\/\/yoast.com\/wordpress\/plugins\/seo\/ -->\n<title>Sobre nosotros - BOXEXPERT - Soluciones profesionales de cerramiento para las m\u00e1s altas exigencias<\/title>\n<meta name=\"robots\" content=\"index, follow, max-snippet:-1, max-image-preview:large, max-video-preview:-1\" \/>\n<link rel=\"canonical\" href=\"https:\/\/box.lilleshop.de\/es\/compania\/sobre-nosotros\/\" \/>\n<meta property=\"og:locale\" content=\"es_ES\" \/>\n<meta property=\"og:type\" content=\"article\" \/>\n<meta property=\"og:title\" content=\"Sobre nosotros\" \/>\n<meta property=\"og:description\" content=\"[vc_row full_width=&#8221;stretch_row_content&#8221; mobile_bg_img_hidden=&#8221;no&#8221; tablet_bg_img_hidden=&#8221;no&#8221; woodmart_parallax=&#8221;0&#8243; woodmart_gradient_switch=&#8221;no&#8221; row_reverse_mobile=&#8221;0&#8243; row_reverse_tablet=&#8221;0&#8243; woodmart_disable_overflow=&#8221;0&#8243; css=&#8221;.vc_custom_1585845378745{margin-top: -40px !important;margin-bottom: 4vh !important;}&#8221;][vc_column][\/vc_column][\/vc_row][vc_row mobile_bg_img_hidden=&#8221;no&#8221; tablet_bg_img_hidden=&#8221;no&#8221; woodmart_parallax=&#8221;0&#8243; woodmart_gradient_switch=&#8221;no&#8221; row_reverse_mobile=&#8221;0&#8243; row_reverse_tablet=&#8221;0&#8243;\" \/>\n<meta property=\"og:url\" content=\"https:\/\/box.lilleshop.de\/es\/compania\/sobre-nosotros\/\" \/>\n<meta property=\"og:site_name\" content=\"BOXEXPERT - Soluciones profesionales de cerramiento para las m\u00e1s altas exigencias\" \/>\n<meta property=\"article:modified_time\" content=\"2021-07-20T12:10:55+00:00\" \/>\n<meta name=\"twitter:card\" content=\"summary_large_image\" \/>\n<meta name=\"twitter:label1\" content=\"Est. reading time\" \/>\n\t<meta name=\"twitter:data1\" content=\"6 minutes\" \/>\n<script type=\"application\/ld+json\" class=\"yoast-schema-graph\">{\"@context\":\"https:\/\/schema.org\",\"@graph\":[{\"@type\":\"WebSite\",\"@id\":\"https:\/\/box.lilleshop.de\/#website\",\"url\":\"https:\/\/box.lilleshop.de\/\",\"name\":\"BOXEXPERT - Professionelle Geh\u00e4usel\u00f6sungen f\u00fcr h\u00f6chste Anspr\u00fcche\",\"description\":\"Cajas industriales, armarios de distribuci\u00f3n, cajas de instalaci\u00f3n, cajas de fusibles y cajas de distribuci\u00f3n\",\"potentialAction\":[{\"@type\":\"SearchAction\",\"target\":{\"@type\":\"EntryPoint\",\"urlTemplate\":\"https:\/\/box.lilleshop.de\/?s={search_term_string}\"},\"query-input\":\"required name=search_term_string\"}],\"inLanguage\":\"es-ES\"},{\"@type\":\"WebPage\",\"@id\":\"https:\/\/box.lilleshop.de\/es\/compania\/sobre-nosotros\/#webpage\",\"url\":\"https:\/\/box.lilleshop.de\/es\/compania\/sobre-nosotros\/\",\"name\":\"Sobre nosotros - BOXEXPERT - Soluciones profesionales de cerramiento para las m\u00e1s altas exigencias\",\"isPartOf\":{\"@id\":\"https:\/\/box.lilleshop.de\/#website\"},\"datePublished\":\"2020-02-11T07:44:44+00:00\",\"dateModified\":\"2021-07-20T12:10:55+00:00\",\"breadcrumb\":{\"@id\":\"https:\/\/box.lilleshop.de\/es\/compania\/sobre-nosotros\/#breadcrumb\"},\"inLanguage\":\"es-ES\",\"potentialAction\":[{\"@type\":\"ReadAction\",\"target\":[\"https:\/\/box.lilleshop.de\/es\/compania\/sobre-nosotros\/\"]}]},{\"@type\":\"BreadcrumbList\",\"@id\":\"https:\/\/box.lilleshop.de\/es\/compania\/sobre-nosotros\/#breadcrumb\",\"itemListElement\":[{\"@type\":\"ListItem\",\"position\":1,\"name\":\"Startseite\",\"item\":\"https:\/\/box.lilleshop.de\/es\/\"},{\"@type\":\"ListItem\",\"position\":2,\"name\":\"Compa\u00f1\u00eda\",\"item\":\"https:\/\/box.lilleshop.de\/es\/compania\/\"},{\"@type\":\"ListItem\",\"position\":3,\"name\":\"Sobre nosotros\"}]}]}<\/script>\n<!-- \/ Yoast SEO Premium plugin. -->","yoast_head_json":{"title":"Sobre nosotros - BOXEXPERT - Soluciones profesionales de cerramiento para las m\u00e1s altas exigencias","robots":{"index":"index","follow":"follow","max-snippet":"max-snippet:-1","max-image-preview":"max-image-preview:large","max-video-preview":"max-video-preview:-1"},"canonical":"https:\/\/box.lilleshop.de\/es\/compania\/sobre-nosotros\/","og_locale":"es_ES","og_type":"article","og_title":"Sobre nosotros","og_description":"[vc_row full_width=&#8221;stretch_row_content&#8221; mobile_bg_img_hidden=&#8221;no&#8221; tablet_bg_img_hidden=&#8221;no&#8221; woodmart_parallax=&#8221;0&#8243; woodmart_gradient_switch=&#8221;no&#8221; row_reverse_mobile=&#8221;0&#8243; row_reverse_tablet=&#8221;0&#8243; woodmart_disable_overflow=&#8221;0&#8243; css=&#8221;.vc_custom_1585845378745{margin-top: -40px !important;margin-bottom: 4vh !important;}&#8221;][vc_column][\/vc_column][\/vc_row][vc_row mobile_bg_img_hidden=&#8221;no&#8221; tablet_bg_img_hidden=&#8221;no&#8221; woodmart_parallax=&#8221;0&#8243; woodmart_gradient_switch=&#8221;no&#8221; row_reverse_mobile=&#8221;0&#8243; row_reverse_tablet=&#8221;0&#8243;","og_url":"https:\/\/box.lilleshop.de\/es\/compania\/sobre-nosotros\/","og_site_name":"BOXEXPERT - Soluciones profesionales de cerramiento para las m\u00e1s altas exigencias","article_modified_time":"2021-07-20T12:10:55+00:00","twitter_card":"summary_large_image","twitter_misc":{"Est. reading time":"6 minutes"},"schema":{"@context":"https:\/\/schema.org","@graph":[{"@type":"WebSite","@id":"https:\/\/box.lilleshop.de\/#website","url":"https:\/\/box.lilleshop.de\/","name":"BOXEXPERT - Professionelle Geh\u00e4usel\u00f6sungen f\u00fcr h\u00f6chste Anspr\u00fcche","description":"Cajas industriales, armarios de distribuci\u00f3n, cajas de instalaci\u00f3n, cajas de fusibles y cajas de distribuci\u00f3n","potentialAction":[{"@type":"SearchAction","target":{"@type":"EntryPoint","urlTemplate":"https:\/\/box.lilleshop.de\/?s={search_term_string}"},"query-input":"required name=search_term_string"}],"inLanguage":"es-ES"},{"@type":"WebPage","@id":"https:\/\/box.lilleshop.de\/es\/compania\/sobre-nosotros\/#webpage","url":"https:\/\/box.lilleshop.de\/es\/compania\/sobre-nosotros\/","name":"Sobre nosotros - BOXEXPERT - Soluciones profesionales de cerramiento para las m\u00e1s altas exigencias","isPartOf":{"@id":"https:\/\/box.lilleshop.de\/#website"},"datePublished":"2020-02-11T07:44:44+00:00","dateModified":"2021-07-20T12:10:55+00:00","breadcrumb":{"@id":"https:\/\/box.lilleshop.de\/es\/compania\/sobre-nosotros\/#breadcrumb"},"inLanguage":"es-ES","potentialAction":[{"@type":"ReadAction","target":["https:\/\/box.lilleshop.de\/es\/compania\/sobre-nosotros\/"]}]},{"@type":"BreadcrumbList","@id":"https:\/\/box.lilleshop.de\/es\/compania\/sobre-nosotros\/#breadcrumb","itemListElement":[{"@type":"ListItem","position":1,"name":"Startseite","item":"https:\/\/box.lilleshop.de\/es\/"},{"@type":"ListItem","position":2,"name":"Compa\u00f1\u00eda","item":"https:\/\/box.lilleshop.de\/es\/compania\/"},{"@type":"ListItem","position":3,"name":"Sobre nosotros"}]}]}},"_links":{"self":[{"href":"https:\/\/box.lilleshop.de\/es\/wp-json\/wp\/v2\/pages\/3881"}],"collection":[{"href":"https:\/\/box.lilleshop.de\/es\/wp-json\/wp\/v2\/pages"}],"about":[{"href":"https:\/\/box.lilleshop.de\/es\/wp-json\/wp\/v2\/types\/page"}],"author":[{"embeddable":true,"href":"https:\/\/box.lilleshop.de\/es\/wp-json\/wp\/v2\/users\/1"}],"replies":[{"embeddable":true,"href":"https:\/\/box.lilleshop.de\/es\/wp-json\/wp\/v2\/comments?post=3881"}],"version-history":[{"count":11,"href":"https:\/\/box.lilleshop.de\/es\/wp-json\/wp\/v2\/pages\/3881\/revisions"}],"predecessor-version":[{"id":27328,"href":"https:\/\/box.lilleshop.de\/es\/wp-json\/wp\/v2\/pages\/3881\/revisions\/27328"}],"up":[{"embeddable":true,"href":"https:\/\/box.lilleshop.de\/es\/wp-json\/wp\/v2\/pages\/3836"}],"wp:attachment":[{"href":"https:\/\/box.lilleshop.de\/es\/wp-json\/wp\/v2\/media?parent=3881"}],"curies":[{"name":"wp","href":"https:\/\/api.w.org\/{rel}","templated":true}]}}