{"id":11170,"date":"2020-02-13T09:17:51","date_gmt":"2020-02-13T09:17:51","guid":{"rendered":"https:\/\/boxexpert.de\/faqs\/normen\/"},"modified":"2020-06-25T10:27:26","modified_gmt":"2020-06-25T10:27:26","slug":"estandares","status":"publish","type":"page","link":"https:\/\/box.lilleshop.de\/es\/faqs\/estandares\/","title":{"rendered":"Est\u00e1ndares"},"content":{"rendered":"<p>[vc_row][vc_column]\n\t\t<div id=\"wd-5ef47bd9af535\" class=\"title-wrapper wd-wpb set-mb-s reset-last-child  wd-rs-5ef47bd9af535 wd-title-color-primary wd-title-style-underlined wd-width-100 text-left vc_custom_1593080802210 wd-underline-colored\">\n\t\t\t\t\t\t\t<div class=\"title-subtitle  subtitle-color-primary font-default subtitle-style-default wd-font-weight- wd-fontsize-xs\">FAQ'S<\/div>\n\t\t\t\n\t\t\t<div class=\"liner-continer\">\n\t\t\t\t<h1 class=\"woodmart-title-container title  wd-font-weight- wd-fontsize-xl\" ><strong>\u00bfQU\u00c9 NORMAS SE APLICAN?<\/strong><\/h1>\n\t\t\t\t\t\t\t<\/div>\n\t\t\t\n\t\t\t\n\t\t\t\n\t\t<\/div>\n\t\t\n\t\t[vc_column_text text_larger=&#8221;no&#8221;]Las normas pertinentes para las cajas, las carcasas y las partes de las carcasas de los equipos de instalaci\u00f3n el\u00e9ctrica son las siguientes:<\/p>\n<ul>\n<li>DIN EN 60670-1 (VDE 0606-1)<\/li>\n<li>DIN EN 61439-1 (VDE 0660-600-1)<\/li>\n<li>DIN EN 62208 (VDE 0660-511)<\/li>\n<\/ul>\n<p>[\/vc_column_text][vc_row_inner][vc_column_inner width=&#8221;1\/3&#8243;]\n\t\t<div id=\"wd-5e81d30e9902e\" class=\"title-wrapper wd-wpb set-mb-s reset-last-child  wd-rs-5e81d30e9902e wd-title-color-primary wd-title-style-underlined wd-width-100 text-left vc_custom_1585566482243 wd-underline-colored\">\n\t\t\t\n\t\t\t<div class=\"liner-continer\">\n\t\t\t\t<h1 class=\"woodmart-title-container title  wd-font-weight- wd-fontsize-m\" ><strong>DIN EN 60670-1<\/strong><\/h1>\n\t\t\t\t\t\t\t<\/div>\n\t\t\t\n\t\t\t\n\t\t\t\n\t\t<\/div>\n\t\t\n\t\t[\/vc_column_inner][vc_column_inner width=&#8221;1\/3&#8243;][\/vc_column_inner][vc_column_inner width=&#8221;1\/3&#8243;][\/vc_column_inner][\/vc_row_inner][vc_column_text text_larger=&#8221;no&#8221;]La norma DIN EN 60670-1, VDE 0606-1 se aplica a las cajas, carcasas y partes de carcasas de equipos de instalaci\u00f3n el\u00e9ctrica con una tensi\u00f3n nominal no superior a 1000 V CA y 1500 V CC, que est\u00e1n destinadas al uso dom\u00e9stico y a instalaciones el\u00e9ctricas fijas similares en interiores o exteriores.[\/vc_column_text][vc_row_inner][vc_column_inner width=&#8221;1\/3&#8243;]\n\t\t<div id=\"wd-5e81d331c4914\" class=\"title-wrapper wd-wpb set-mb-s reset-last-child  wd-rs-5e81d331c4914 wd-title-color-primary wd-title-style-underlined wd-width-100 text-left vc_custom_1585566519102 wd-underline-colored\">\n\t\t\t\n\t\t\t<div class=\"liner-continer\">\n\t\t\t\t<h1 class=\"woodmart-title-container title  wd-font-weight- wd-fontsize-m\" ><strong>DIN EN 61439-1<\/strong><\/h1>\n\t\t\t\t\t\t\t<\/div>\n\t\t\t\n\t\t\t\n\t\t\t\n\t\t<\/div>\n\t\t\n\t\t[\/vc_column_inner][vc_column_inner width=&#8221;1\/3&#8243;][\/vc_column_inner][vc_column_inner width=&#8221;1\/3&#8243;][\/vc_column_inner][\/vc_row_inner][vc_column_text text_larger=&#8221;no&#8221;]La norma IEC 61439 (&#8230;) y las normas nacionales DIN EN 61439, SN EN 61439, \u00d6VE\/\u00d6NORM EN 61439 en el \u00e1rea de habla alemana, tratan de los requisitos de seguridad de los equipos de conmutaci\u00f3n de baja tensi\u00f3n. Entre otras cosas, se refiere a la distribuci\u00f3n de energ\u00eda el\u00e9ctrica en edificios y aplicaciones industriales. (&#8230;) La nueva serie de normas EN (IEC) 61439 define reglas claras para los conjuntos de aparamenta de baja tensi\u00f3n (SK). En \u00e9l se especifican los requisitos de seguridad del equipo el\u00e9ctrico para los planificadores, los constructores de sistemas, los instaladores el\u00e9ctricos y los clientes finales a fin de cumplir los objetivos de protecci\u00f3n de las personas y los sistemas en las instalaciones el\u00e9ctricas.[\/vc_column_text][vc_row_inner][vc_column_inner width=&#8221;1\/3&#8243;]\n\t\t<div id=\"wd-5e81d33e06684\" class=\"title-wrapper wd-wpb set-mb-s reset-last-child  wd-rs-5e81d33e06684 wd-title-color-primary wd-title-style-underlined wd-width-100 text-left vc_custom_1585566531928 wd-underline-colored\">\n\t\t\t\n\t\t\t<div class=\"liner-continer\">\n\t\t\t\t<h1 class=\"woodmart-title-container title  wd-font-weight- wd-fontsize-m\" ><strong>DIN EN 62208<\/strong><\/h1>\n\t\t\t\t\t\t\t<\/div>\n\t\t\t\n\t\t\t\n\t\t\t\n\t\t<\/div>\n\t\t\n\t\t[\/vc_column_inner][vc_column_inner width=&#8221;1\/3&#8243;][\/vc_column_inner][vc_column_inner width=&#8221;1\/3&#8243;][\/vc_column_inner][\/vc_row_inner][vc_column_text text_larger=&#8221;no&#8221;]Esta norma se aplica a las cajas vac\u00edas suministradas por el fabricante de la caja antes de que el equipo sea instalado por el fabricante del conjunto de interruptores.<br \/>\nDefine t\u00e9rminos, clasificaciones, caracter\u00edsticas y requisitos de prueba para las cajas que se utilizar\u00e1n, por ejemplo, para los conjuntos de aparamenta de conexi\u00f3n y control seg\u00fan las normas de la serie IEC 61439 con una tensi\u00f3n nominal no superior a 1 000 V CA o 1 500 V CC, para la instalaci\u00f3n general en interiores o exteriores.[\/vc_column_text][\/vc_column][\/vc_row][vc_row][vc_column][vc_column_text text_larger=&#8221;no&#8221;][vc_row full_width=\"stretch_row\" content_placement=\"middle\" css=\".vc_custom_1586005850397{padding-top: 6vh !important;}\" mobile_bg_img_hidden=\"no\" tablet_bg_img_hidden=\"no\" woodmart_parallax=\"0\" woodmart_gradient_switch=\"no\" row_reverse_mobile=\"0\" row_reverse_tablet=\"0\" woodmart_disable_overflow=\"0\"][vc_column css=\".vc_custom_1581689860303{margin-bottom: 6vh !important;padding-top: 0px !important;}\" mobile_bg_img_hidden=\"no\" tablet_bg_img_hidden=\"no\" woodmart_parallax=\"0\" woodmart_sticky_column=\"false\" parallax_scroll=\"no\" mobile_reset_margin=\"no\" tablet_reset_margin=\"no\"]\n\t\t<div id=\"wd-5eb417023482b\" class=\"title-wrapper wd-wpb set-mb-s reset-last-child  wd-rs-5eb417023482b wd-title-color-default wd-title-style-default wd-width-100 text-center vc_custom_1588860688157 wd-underline-colored\">\n\t\t\t\t\t\t\t<div class=\"title-subtitle  subtitle-color-default font-default subtitle-style-default wd-font-weight- wd-fontsize-xs\">BOXEXPERT SUPPORT<\/div>\n\t\t\t\n\t\t\t<div class=\"liner-continer\">\n\t\t\t\t<h3 class=\"woodmart-title-container title  wd-font-weight- wd-fontsize-l\" >\u00bfTiene alguna pregunta?<\/h3>\n\t\t\t\t\t\t\t<\/div>\n\t\t\t\n\t\t\t\t\t\t\t<div class=\"title-after_title  set-cont-mb-s reset-last-child  wd-fontsize-xs\">Nuestros empleados est\u00e1n disponibles para usted a trav\u00e9s del chat y el formulario de contacto y estar\u00e1n encantados de responder a todas sus preguntas.<\/div>\n\t\t\t\n\t\t\t\n\t\t<\/div>\n\t\t\n\t\t<div id=\"wd-5ebcf342db6d6\" class=\" wd-rs-5ebcf342db6d6  wd-button-wrapper woodmart-button-wrapper text-center\"><a href=\"#contact-form-popup\" title=\"\" class=\"btn btn-color-primary btn-style-default btn-style-rectangle btn-size-default wd-open-popup \">CONTACTO AHORA<\/a><\/div><div id=\"contact-form-popup\" class=\"mfp-with-anim wd-popup mfp-hide woodmart-content-popup\" style=\"max-width:900px;\"><div class=\"wd-popup-inner\">[vc_row_inner equal_height=\"yes\" css=\".vc_custom_1512552757832{margin-top: -30px !important;margin-right: -30px !important;margin-bottom: -30px !important;margin-left: -30px !important;}\"][vc_column_inner width=\"2\/3\" css=\".vc_custom_1512552766600{padding-top: 30px !important;padding-right: 30px !important;padding-bottom: 15px !important;padding-left: 30px !important;}\"]\n\t\t<div id=\"wd-5eb4171396eb5\" class=\"title-wrapper wd-wpb set-mb-s reset-last-child  wd-rs-5eb4171396eb5 wd-title-color-default wd-title-style-default wd-width-100 text-left  wd-underline-colored\">\n\t\t\t\n\t\t\t<div class=\"liner-continer\">\n\t\t\t\t<h4 class=\"woodmart-title-container title  wd-font-weight- wd-fontsize-m\" >ENV\u00cdENOS SU MENSAJE<\/h4>\n\t\t\t\t\t\t\t<\/div>\n\t\t\t\n\t\t\t\n\t\t\t\n\t\t<\/div>\n\t\t\n\t\t[vc_column_text css=\".vc_custom_1588860671732{margin-bottom: 0px !important;}\" text_larger=\"no\"][contact-form-7 id=\"3937\" title=\"popup contact form\"][\/vc_column_text][\/vc_column_inner][vc_column_inner width=\"1\/3\" css=\".vc_custom_1581585874277{padding-top: 30px !important;padding-right: 30px !important;padding-bottom: 30px !important;padding-left: 30px !important;background-color: #3583ba !important;}\"]\n\t\t<div id=\"wd-5eb4171b05d80\" class=\"title-wrapper wd-wpb set-mb-s reset-last-child  wd-rs-5eb4171b05d80 wd-title-color-white wd-title-style-default wd-width-100 text-left  wd-underline-colored\">\n\t\t\t\n\t\t\t<div class=\"liner-continer\">\n\t\t\t\t<h4 class=\"woodmart-title-container title  wd-font-weight- wd-fontsize-m\" >INFORMACI\u00d3N DE CONTACTO<\/h4>\n\t\t\t\t\t\t\t<\/div>\n\t\t\t\n\t\t\t\n\t\t\t\n\t\t<\/div>\n\t\t\n\t\t\t\t\t<div class=\"info-box-wrapper\">\n\t\t\t\t<div id=\"wd-5ebcf3665d5fa\" class=\" wd-rs-5ebcf3665d5fa wd-info-box woodmart-info-box wd-wpb text-left box-icon-align-left box-style- color-scheme-light wd-bg-none box-title-default \"  >\n\t\t\t\t\t\t\t\t\t\t<div class=\"info-box-content\">\n\t\t\t\t\t\t\t\t\t\t\t\t<div class=\"info-box-inner set-cont-mb-s reset-last-child\">\n\t\t\t\t\t\t\t<p>BOXEXPERT.DE<br \/>\nGr\u00fctzm\u00fchlenweg 46<br \/>\n22339 Hamburg<br \/>\nGermany<\/p>\n\t\t\t\t\t\t<\/div>\n\n\t\t\t\t\t\t\t\t\t\t\t<\/div>\n\n\t\t\t\t\t\t\t\t\t<\/div>\n\t\t\t<\/div>\n\t\t\t\t\t<div class=\"info-box-wrapper\">\n\t\t\t\t<div id=\"wd-5eb413f7891b1\" class=\" wd-rs-5eb413f7891b1 wd-info-box woodmart-info-box wd-wpb text-left box-icon-align-left box-style- color-scheme-light wd-bg-none box-title-default \"  >\n\t\t\t\t\t\t\t\t\t\t<div class=\"info-box-content\">\n\t\t\t\t\t\t\t\t\t\t\t\t<div class=\"info-box-inner set-cont-mb-s reset-last-child\">\n\t\t\t\t\t\t\t<div style=\"line-height: 2;\"><i class=\"fa fa-phone-square\" style=\"width: 15px; text-align: center; margin-right: 4px; color: #676767;\"><\/i>+49 (0)40 53 80 92 10<br \/>\n<i class=\"fa fa-fax\" style=\"width: 15px; text-align: center; margin-right: 4px; color: #676767;\"><\/i>+49 (0)40 53 80 92 86<\/div>\n\t\t\t\t\t\t<\/div>\n\n\t\t\t\t\t\t\t\t\t\t\t<\/div>\n\n\t\t\t\t\t\t\t\t\t<\/div>\n\t\t\t<\/div>\n\t\t\t\t\t<div class=\"info-box-wrapper\">\n\t\t\t\t<div id=\"wd-5e46aa795cac1\" class=\" wd-rs-5e46aa795cac1 wd-info-box woodmart-info-box wd-wpb text-left box-icon-align-left box-style- color-scheme-light wd-bg-none box-title-default \"  >\n\t\t\t\t\t\t\t\t\t\t<div class=\"info-box-content\">\n\t\t\t\t\t\t\t\t\t\t\t\t<div class=\"info-box-inner set-cont-mb-s reset-last-child\">\n\t\t\t\t\t\t\t<div style=\"line-height: 2;\"><i class=\"fa fa-envelope-square\" style=\"width: 15px; text-align: center; margin-right: 4px; color: #676767;\"><\/i> <a href=\"mailto:info@boxexpert.de\">info@boxexpert.de<\/a><\/div>\n\t\t\t\t\t\t<\/div>\n\n\t\t\t\t\t\t\t\t\t\t\t<\/div>\n\n\t\t\t\t\t\t\t\t\t<\/div>\n\t\t\t<\/div>\n\t\t[vc_separator color=\"custom\" accent_color=\"rgba(255,255,255,0.15)\" css=\".vc_custom_1484144347493{margin-bottom: 30px !important;}\"][vc_column_text woodmart_color_scheme=\"light\" css=\".vc_custom_1588860711787{margin-bottom: 20px !important;}\" text_larger=\"no\"]S\u00edganos en nuestros canales de medios sociales e inf\u00f3rmese sobre los nuevos productos.[\/vc_column_text]\n\t\t\t<div class=\"wd-social-icons  woodmart-social-icons icons-design-colored icons-size-small color-scheme-dark social-follow social-form-circle text-left\">\n\n\t\t\t\t\n\t\t\t\t\t\t\t\t\t<a rel=\"noopener noreferrer nofollow\" href=\"https:\/\/www.facebook.com\/BOXEXPERT.DE\/\" target=\"_blank\" class=\" wd-social-icon social-facebook\" aria-label=\"Facebook social link\">\n\t\t\t\t\t\t<span class=\"wd-icon\"><\/span>\n\t\t\t\t\t\t\t\t\t\t\t<\/a>\n\t\t\t\t\n\t\t\t\t\t\t\t\t\t<a rel=\"noopener noreferrer nofollow\" href=\"https:\/\/twitter.com\/Box_expert\" target=\"_blank\" class=\" wd-social-icon social-twitter\" aria-label=\"Twitter social link\">\n\t\t\t\t\t\t<span class=\"wd-icon\"><\/span>\n\t\t\t\t\t\t\t\t\t\t\t<\/a>\n\t\t\t\t\n\t\t\t\t\n\t\t\t\t\t\t\t\t\t<a rel=\"noopener noreferrer nofollow\" href=\"https:\/\/www.instagram.com\/boxexpert_hamburg\/\" target=\"_blank\" class=\" wd-social-icon social-instagram\" aria-label=\"Instagram social link\">\n\t\t\t\t\t\t<span class=\"wd-icon\"><\/span>\n\t\t\t\t\t\t\t\t\t\t\t<\/a>\n\t\t\t\t\n\t\t\t\t\n\t\t\t\t\n\t\t\t\t\n\t\t\t\t\t\t\t\t\t<a rel=\"noopener noreferrer nofollow\" href=\"https:\/\/www.linkedin.com\/company\/boxexpert\/\" target=\"_blank\" class=\" wd-social-icon social-linkedin\" aria-label=\"Linkedin social link\">\n\t\t\t\t\t\t<span class=\"wd-icon\"><\/span>\n\t\t\t\t\t\t\t\t\t\t\t<\/a>\n\t\t\t\t\n\t\t\t\t\n\t\t\t\t\n\t\t\t\t\n\t\t\t\t\n\t\t\t\t\n\t\t\t\t\n\t\t\t\t\n\t\t\t\t\n\t\t\t\t\n\t\t\t\t\t\t\t\t\n\t\t\t\t\t\t\t\t\n\t\t\t\t\n\t\t\t\t\t\t\t\t\n\t\t\t\t\n\t\t\t<\/div>\n\n\t\t[\/vc_column_inner][\/vc_row_inner]<\/div><\/div>[\/vc_column][\/vc_row]<style data-type=\"vc_shortcodes-custom-css\">.vc_custom_1586005850397{padding-top: 6vh !important;}.vc_custom_1581689860303{margin-bottom: 6vh !important;padding-top: 0px !important;}.vc_custom_1588860688157{margin-bottom: 20px !important;}.vc_custom_1512552757832{margin-top: -30px !important;margin-right: -30px !important;margin-bottom: -30px !important;margin-left: -30px !important;}.vc_custom_1512552766600{padding-top: 30px !important;padding-right: 30px !important;padding-bottom: 15px !important;padding-left: 30px !important;}.vc_custom_1581585874277{padding-top: 30px !important;padding-right: 30px !important;padding-bottom: 30px !important;padding-left: 30px !important;background-color: #3583ba !important;}.vc_custom_1588860671732{margin-bottom: 0px !important;}.vc_custom_1484144347493{margin-bottom: 30px !important;}.vc_custom_1588860711787{margin-bottom: 20px !important;}#wd-5eb417023482b .woodmart-title-container{line-height:46px;font-size:36px;}#wd-5eb417023482b .title-subtitle{color:#3684bb;}#wd-5eb417023482b .title-after_title{line-height:24px;font-size:14px;}@media (max-width: 1024px) {#wd-5eb417023482b .woodmart-title-container{line-height:40px;font-size:30px;}#wd-5eb417023482b .title-after_title{line-height:24px;font-size:14px;}}@media (max-width: 767px) {#wd-5eb417023482b .woodmart-title-container{line-height:38px;font-size:28px;}}<\/style>[\/vc_column_text][\/vc_column][\/vc_row]<\/p>\n","protected":false},"excerpt":{"rendered":"<p>[vc_row][vc_column][vc_column_text text_larger=&#8221;no&#8221;]Las normas pertinentes para las cajas, las carcasas y las partes de las carcasas de los equipos de instalaci\u00f3n<\/p>\n","protected":false},"author":1,"featured_media":0,"parent":11056,"menu_order":0,"comment_status":"closed","ping_status":"closed","template":"","meta":[],"yoast_head":"<!-- This site is optimized with the Yoast SEO Premium plugin v18.4 (Yoast SEO v18.8) - https:\/\/yoast.com\/wordpress\/plugins\/seo\/ -->\n<title>Est\u00e1ndares - BOXEXPERT - Soluciones profesionales de cerramiento para las m\u00e1s altas exigencias<\/title>\n<meta name=\"robots\" content=\"index, follow, max-snippet:-1, max-image-preview:large, max-video-preview:-1\" \/>\n<link rel=\"canonical\" href=\"https:\/\/box.lilleshop.de\/es\/faqs\/estandares\/\" \/>\n<meta property=\"og:locale\" content=\"es_ES\" \/>\n<meta property=\"og:type\" content=\"article\" \/>\n<meta property=\"og:title\" content=\"Est\u00e1ndares\" \/>\n<meta property=\"og:description\" content=\"[vc_row][vc_column][vc_column_text text_larger=&#8221;no&#8221;]Las normas pertinentes para las cajas, las carcasas y las partes de las carcasas de los equipos de instalaci\u00f3n\" \/>\n<meta property=\"og:url\" content=\"https:\/\/box.lilleshop.de\/es\/faqs\/estandares\/\" \/>\n<meta property=\"og:site_name\" content=\"BOXEXPERT - Soluciones profesionales de cerramiento para las m\u00e1s altas exigencias\" \/>\n<meta property=\"article:modified_time\" content=\"2020-06-25T10:27:26+00:00\" \/>\n<meta name=\"twitter:card\" content=\"summary_large_image\" \/>\n<meta name=\"twitter:label1\" content=\"Est. reading time\" \/>\n\t<meta name=\"twitter:data1\" content=\"3 minutes\" \/>\n<script type=\"application\/ld+json\" class=\"yoast-schema-graph\">{\"@context\":\"https:\/\/schema.org\",\"@graph\":[{\"@type\":\"WebSite\",\"@id\":\"https:\/\/box.lilleshop.de\/#website\",\"url\":\"https:\/\/box.lilleshop.de\/\",\"name\":\"BOXEXPERT - Professionelle Geh\u00e4usel\u00f6sungen f\u00fcr h\u00f6chste Anspr\u00fcche\",\"description\":\"Cajas industriales, armarios de distribuci\u00f3n, cajas de instalaci\u00f3n, cajas de fusibles y cajas de distribuci\u00f3n\",\"potentialAction\":[{\"@type\":\"SearchAction\",\"target\":{\"@type\":\"EntryPoint\",\"urlTemplate\":\"https:\/\/box.lilleshop.de\/?s={search_term_string}\"},\"query-input\":\"required name=search_term_string\"}],\"inLanguage\":\"es-ES\"},{\"@type\":\"WebPage\",\"@id\":\"https:\/\/box.lilleshop.de\/es\/faqs\/estandares\/#webpage\",\"url\":\"https:\/\/box.lilleshop.de\/es\/faqs\/estandares\/\",\"name\":\"Est\u00e1ndares - BOXEXPERT - Soluciones profesionales de cerramiento para las m\u00e1s altas exigencias\",\"isPartOf\":{\"@id\":\"https:\/\/box.lilleshop.de\/#website\"},\"datePublished\":\"2020-02-13T09:17:51+00:00\",\"dateModified\":\"2020-06-25T10:27:26+00:00\",\"breadcrumb\":{\"@id\":\"https:\/\/box.lilleshop.de\/es\/faqs\/estandares\/#breadcrumb\"},\"inLanguage\":\"es-ES\",\"potentialAction\":[{\"@type\":\"ReadAction\",\"target\":[\"https:\/\/box.lilleshop.de\/es\/faqs\/estandares\/\"]}]},{\"@type\":\"BreadcrumbList\",\"@id\":\"https:\/\/box.lilleshop.de\/es\/faqs\/estandares\/#breadcrumb\",\"itemListElement\":[{\"@type\":\"ListItem\",\"position\":1,\"name\":\"Startseite\",\"item\":\"https:\/\/box.lilleshop.de\/es\/\"},{\"@type\":\"ListItem\",\"position\":2,\"name\":\"FAQs\",\"item\":\"https:\/\/box.lilleshop.de\/es\/faqs\/\"},{\"@type\":\"ListItem\",\"position\":3,\"name\":\"Est\u00e1ndares\"}]}]}<\/script>\n<!-- \/ Yoast SEO Premium plugin. -->","yoast_head_json":{"title":"Est\u00e1ndares - BOXEXPERT - Soluciones profesionales de cerramiento para las m\u00e1s altas exigencias","robots":{"index":"index","follow":"follow","max-snippet":"max-snippet:-1","max-image-preview":"max-image-preview:large","max-video-preview":"max-video-preview:-1"},"canonical":"https:\/\/box.lilleshop.de\/es\/faqs\/estandares\/","og_locale":"es_ES","og_type":"article","og_title":"Est\u00e1ndares","og_description":"[vc_row][vc_column][vc_column_text text_larger=&#8221;no&#8221;]Las normas pertinentes para las cajas, las carcasas y las partes de las carcasas de los equipos de instalaci\u00f3n","og_url":"https:\/\/box.lilleshop.de\/es\/faqs\/estandares\/","og_site_name":"BOXEXPERT - Soluciones profesionales de cerramiento para las m\u00e1s altas exigencias","article_modified_time":"2020-06-25T10:27:26+00:00","twitter_card":"summary_large_image","twitter_misc":{"Est. reading time":"3 minutes"},"schema":{"@context":"https:\/\/schema.org","@graph":[{"@type":"WebSite","@id":"https:\/\/box.lilleshop.de\/#website","url":"https:\/\/box.lilleshop.de\/","name":"BOXEXPERT - Professionelle Geh\u00e4usel\u00f6sungen f\u00fcr h\u00f6chste Anspr\u00fcche","description":"Cajas industriales, armarios de distribuci\u00f3n, cajas de instalaci\u00f3n, cajas de fusibles y cajas de distribuci\u00f3n","potentialAction":[{"@type":"SearchAction","target":{"@type":"EntryPoint","urlTemplate":"https:\/\/box.lilleshop.de\/?s={search_term_string}"},"query-input":"required name=search_term_string"}],"inLanguage":"es-ES"},{"@type":"WebPage","@id":"https:\/\/box.lilleshop.de\/es\/faqs\/estandares\/#webpage","url":"https:\/\/box.lilleshop.de\/es\/faqs\/estandares\/","name":"Est\u00e1ndares - BOXEXPERT - Soluciones profesionales de cerramiento para las m\u00e1s altas exigencias","isPartOf":{"@id":"https:\/\/box.lilleshop.de\/#website"},"datePublished":"2020-02-13T09:17:51+00:00","dateModified":"2020-06-25T10:27:26+00:00","breadcrumb":{"@id":"https:\/\/box.lilleshop.de\/es\/faqs\/estandares\/#breadcrumb"},"inLanguage":"es-ES","potentialAction":[{"@type":"ReadAction","target":["https:\/\/box.lilleshop.de\/es\/faqs\/estandares\/"]}]},{"@type":"BreadcrumbList","@id":"https:\/\/box.lilleshop.de\/es\/faqs\/estandares\/#breadcrumb","itemListElement":[{"@type":"ListItem","position":1,"name":"Startseite","item":"https:\/\/box.lilleshop.de\/es\/"},{"@type":"ListItem","position":2,"name":"FAQs","item":"https:\/\/box.lilleshop.de\/es\/faqs\/"},{"@type":"ListItem","position":3,"name":"Est\u00e1ndares"}]}]}},"_links":{"self":[{"href":"https:\/\/box.lilleshop.de\/es\/wp-json\/wp\/v2\/pages\/11170"}],"collection":[{"href":"https:\/\/box.lilleshop.de\/es\/wp-json\/wp\/v2\/pages"}],"about":[{"href":"https:\/\/box.lilleshop.de\/es\/wp-json\/wp\/v2\/types\/page"}],"author":[{"embeddable":true,"href":"https:\/\/box.lilleshop.de\/es\/wp-json\/wp\/v2\/users\/1"}],"replies":[{"embeddable":true,"href":"https:\/\/box.lilleshop.de\/es\/wp-json\/wp\/v2\/comments?post=11170"}],"version-history":[{"count":3,"href":"https:\/\/box.lilleshop.de\/es\/wp-json\/wp\/v2\/pages\/11170\/revisions"}],"predecessor-version":[{"id":11187,"href":"https:\/\/box.lilleshop.de\/es\/wp-json\/wp\/v2\/pages\/11170\/revisions\/11187"}],"up":[{"embeddable":true,"href":"https:\/\/box.lilleshop.de\/es\/wp-json\/wp\/v2\/pages\/11056"}],"wp:attachment":[{"href":"https:\/\/box.lilleshop.de\/es\/wp-json\/wp\/v2\/media?parent=11170"}],"curies":[{"name":"wp","href":"https:\/\/api.w.org\/{rel}","templated":true}]}}