{"id":11158,"date":"2020-02-13T09:17:51","date_gmt":"2020-02-13T09:17:51","guid":{"rendered":"https:\/\/boxexpert.de\/faqs\/normen\/"},"modified":"2021-07-20T06:43:15","modified_gmt":"2021-07-20T06:43:15","slug":"standards","status":"publish","type":"page","link":"https:\/\/box.lilleshop.de\/en\/faqs\/standards\/","title":{"rendered":"Standards"},"content":{"rendered":"<p>[vc_row][vc_column]\n\t\t<div id=\"wd-5e81d39072d3c\" class=\"title-wrapper wd-wpb set-mb-s reset-last-child  wd-rs-5e81d39072d3c wd-title-color-primary wd-title-style-underlined wd-width-100 text-left vc_custom_1585566615150 wd-underline-colored\">\n\t\t\t\t\t\t\t<div class=\"title-subtitle  subtitle-color-primary font-default subtitle-style-default wd-font-weight- wd-fontsize-xs\">FAQ'S<\/div>\n\t\t\t\n\t\t\t<div class=\"liner-continer\">\n\t\t\t\t<h1 class=\"woodmart-title-container title  wd-font-weight- wd-fontsize-xl\" ><strong>WHICH STANDARDS APPLY?<\/strong><\/h1>\n\t\t\t\t\t\t\t<\/div>\n\t\t\t\n\t\t\t\n\t\t\t\n\t\t<\/div>\n\t\t\n\t\t[vc_column_text text_larger=&#8221;no&#8221;]The relevant standards for boxes, enclosures and parts of enclosures for electrical installation equipment are as follows:<\/p>\n<ul>\n<li>DIN EN 60670-1 (VDE 0606-1)<\/li>\n<li>DIN EN 61439-1 (VDE 0660-600-1)<\/li>\n<li>DIN EN 62208 (VDE 0660-511)<\/li>\n<\/ul>\n<p>[\/vc_column_text][vc_row_inner][vc_column_inner width=&#8221;1\/3&#8243;]\n\t\t<div id=\"wd-5e81d30e9902e\" class=\"title-wrapper wd-wpb set-mb-s reset-last-child  wd-rs-5e81d30e9902e wd-title-color-primary wd-title-style-underlined wd-width-100 text-left vc_custom_1585566482243 wd-underline-colored\">\n\t\t\t\n\t\t\t<div class=\"liner-continer\">\n\t\t\t\t<h1 class=\"woodmart-title-container title  wd-font-weight- wd-fontsize-m\" ><strong>DIN EN 60670-1<\/strong><\/h1>\n\t\t\t\t\t\t\t<\/div>\n\t\t\t\n\t\t\t\n\t\t\t\n\t\t<\/div>\n\t\t\n\t\t[\/vc_column_inner][vc_column_inner width=&#8221;1\/3&#8243;][\/vc_column_inner][vc_column_inner width=&#8221;1\/3&#8243;][\/vc_column_inner][\/vc_row_inner][vc_column_text text_larger=&#8221;no&#8221;]The standard <strong>DIN EN 60670-1, VDE 0606-1<\/strong> applies to boxes, enclosures and parts of enclosures for electrical installation equipment with a rated voltage not exceeding 1000 V AC and 1500 V DC intended for domestic and similar fixed electrical installations indoors or outdoors.[\/vc_column_text][vc_row_inner][vc_column_inner width=&#8221;1\/3&#8243;]\n\t\t<div id=\"wd-5e81d331c4914\" class=\"title-wrapper wd-wpb set-mb-s reset-last-child  wd-rs-5e81d331c4914 wd-title-color-primary wd-title-style-underlined wd-width-100 text-left vc_custom_1585566519102 wd-underline-colored\">\n\t\t\t\n\t\t\t<div class=\"liner-continer\">\n\t\t\t\t<h1 class=\"woodmart-title-container title  wd-font-weight- wd-fontsize-m\" ><strong>DIN EN 61439-1<\/strong><\/h1>\n\t\t\t\t\t\t\t<\/div>\n\t\t\t\n\t\t\t\n\t\t\t\n\t\t<\/div>\n\t\t\n\t\t[\/vc_column_inner][vc_column_inner width=&#8221;1\/3&#8243;][\/vc_column_inner][vc_column_inner width=&#8221;1\/3&#8243;][\/vc_column_inner][\/vc_row_inner][vc_column_text text_larger=&#8221;no&#8221;]&#8221;The <strong>IEC 61439<\/strong> standard (&#8230;) and the national standards <em>DIN EN 6<\/em>1439, <em>SN EN 6<\/em>1439, <em>\u00d6VE\/\u00d6NORM EN 6<\/em>1439  in the German-speaking area, deals with safety-related requirements for low-voltage switchgear. Among other things, it concerns electrical power distribution in buildings and industrial applications. (&#8230;) The new EN (IEC) 61439 series of standards defines clear rules for low-voltage switchgear and controlgear assemblies (SC). It specifies the safety requirements for electrical equipment for planners, system builders, electrical installers and end customers in order to comply with protection targets for persons and systems in electrical installations.&#8221; (Wikipedia: 30.01.2020,  <a href=\"https:\/\/de.wikipedia.org\/wiki\/IEC_61439\">https:\/\/de.wikipedia.org\/wiki\/IEC_61439<\/a>)[\/vc_column_text][vc_row_inner][vc_column_inner width=&#8221;1\/3&#8243;]\n\t\t<div id=\"wd-5e81d33e06684\" class=\"title-wrapper wd-wpb set-mb-s reset-last-child  wd-rs-5e81d33e06684 wd-title-color-primary wd-title-style-underlined wd-width-100 text-left vc_custom_1585566531928 wd-underline-colored\">\n\t\t\t\n\t\t\t<div class=\"liner-continer\">\n\t\t\t\t<h1 class=\"woodmart-title-container title  wd-font-weight- wd-fontsize-m\" ><strong>DIN EN 62208<\/strong><\/h1>\n\t\t\t\t\t\t\t<\/div>\n\t\t\t\n\t\t\t\n\t\t\t\n\t\t<\/div>\n\t\t\n\t\t[\/vc_column_inner][vc_column_inner width=&#8221;1\/3&#8243;][\/vc_column_inner][vc_column_inner width=&#8221;1\/3&#8243;][\/vc_column_inner][\/vc_row_inner][vc_column_text text_larger=&#8221;no&#8221;]&#8221;This standard applies to empty enclosures as supplied by the enclosure manufacturer before equipment is installed by the switchgear assembly manufacturer.<br \/>\nIt specifies terms, classifications, distinguishing characteristics and test requirements for enclosures intended for use with, for example, switchgear assemblies complying with standards of the IEC 61439 series with a rated voltage not exceeding 1 000 V AC or 1 500 V DC, for general indoor or outdoor use.&#8221;<\/p>\n<p>(VDE-Verlag, 29.01.2020: <a href=\"https:\/\/www.vde-verlag.de\/normen\/0660171\/din-en-62208-vde-0660-511-2012-06.html\">https:\/\/www.vde-verlag.de\/normen\/0660171\/din-en-62208-vde-0660-511-2012-06.html<\/a>)[\/vc_column_text][\/vc_column][\/vc_row][vc_row full_width=&#8221;stretch_row&#8221; content_placement=&#8221;middle&#8221; css=&#8221;.vc_custom_1586005850397{padding-top: 6vh !important;}&#8221; mobile_bg_img_hidden=&#8221;no&#8221; tablet_bg_img_hidden=&#8221;no&#8221; woodmart_parallax=&#8221;0&#8243; woodmart_gradient_switch=&#8221;no&#8221; row_reverse_mobile=&#8221;0&#8243; row_reverse_tablet=&#8221;0&#8243; woodmart_disable_overflow=&#8221;0&#8243;][vc_column css=&#8221;.vc_custom_1581689860303{margin-bottom: 6vh !important;padding-top: 0px !important;}&#8221; mobile_bg_img_hidden=&#8221;no&#8221; tablet_bg_img_hidden=&#8221;no&#8221; woodmart_parallax=&#8221;0&#8243; woodmart_sticky_column=&#8221;false&#8221; parallax_scroll=&#8221;no&#8221; mobile_reset_margin=&#8221;no&#8221; tablet_reset_margin=&#8221;no&#8221;]\n\t\t<div id=\"wd-5e88c1fbca91a\" class=\"title-wrapper wd-wpb set-mb-s reset-last-child  wd-rs-5e88c1fbca91a wd-title-color-default wd-title-style-default wd-width-100 text-center vc_custom_1586020864383 wd-underline-colored\">\n\t\t\t\t\t\t\t<div class=\"title-subtitle  subtitle-color-default font-default subtitle-style-default wd-font-weight- wd-fontsize-xs\">BOXEXPERT SUPPORT<\/div>\n\t\t\t\n\t\t\t<div class=\"liner-continer\">\n\t\t\t\t<h3 class=\"woodmart-title-container title  wd-font-weight- wd-fontsize-l\" >Do you have any questions?<\/h3>\n\t\t\t\t\t\t\t<\/div>\n\t\t\t\n\t\t\t\t\t\t\t<div class=\"title-after_title  set-cont-mb-s reset-last-child  wd-fontsize-xs\">Our staff is available for you via chat and via the account form and will be happy to answer any questions you may have.<\/div>\n\t\t\t\n\t\t\t\n\t\t<\/div>\n\t\t\n\t\t<div id=\"wd-5e4587bc7d944\" class=\" wd-rs-5e4587bc7d944  wd-button-wrapper woodmart-button-wrapper text-center\"><a href=\"#contact-form-popup\" title=\"\" class=\"btn btn-color-primary btn-style-default btn-style-rectangle btn-size-default wd-open-popup \">JETZT KONTAKTIEREN<\/a><\/div><div id=\"contact-form-popup\" class=\"mfp-with-anim wd-popup mfp-hide woodmart-content-popup\" style=\"max-width:900px;\"><div class=\"wd-popup-inner\">[vc_row_inner equal_height=&#8221;yes&#8221; css=&#8221;.vc_custom_1512552757832{margin-top: -30px !important;margin-right: -30px !important;margin-bottom: -30px !important;margin-left: -30px !important;}&#8221;][vc_column_inner width=&#8221;2\/3&#8243; css=&#8221;.vc_custom_1512552766600{padding-top: 30px !important;padding-right: 30px !important;padding-bottom: 15px !important;padding-left: 30px !important;}&#8221;]\n\t\t<div id=\"wd-5e450c9ec84dd\" class=\"title-wrapper wd-wpb set-mb-s reset-last-child  wd-rs-5e450c9ec84dd wd-title-color-default wd-title-style-default wd-width-100 text-left  wd-underline-colored\">\n\t\t\t\n\t\t\t<div class=\"liner-continer\">\n\t\t\t\t<h4 class=\"woodmart-title-container title  wd-font-weight- wd-fontsize-m\" >SEND US YOUR MESSAGE<\/h4>\n\t\t\t\t\t\t\t<\/div>\n\t\t\t\n\t\t\t\n\t\t\t\n\t\t<\/div>\n\t\t\n\t\t[vc_column_text css=&#8221;.vc_custom_1581581994008{margin-bottom: 0px !important;}&#8221; text_larger=&#8221;no&#8221;][contact-form-7 id=&#8221;677&#8243; title=&#8221;popup contact form&#8221;][\/vc_column_text][\/vc_column_inner][vc_column_inner width=&#8221;1\/3&#8243; css=&#8221;.vc_custom_1581585874277{padding-top: 30px !important;padding-right: 30px !important;padding-bottom: 30px !important;padding-left: 30px !important;background-color: #3583ba !important;}&#8221;]\n\t\t<div id=\"wd-5e4515d4f03e1\" class=\"title-wrapper wd-wpb set-mb-s reset-last-child  wd-rs-5e4515d4f03e1 wd-title-color-white wd-title-style-default wd-width-100 text-left  wd-underline-colored\">\n\t\t\t\n\t\t\t<div class=\"liner-continer\">\n\t\t\t\t<h4 class=\"woodmart-title-container title  wd-font-weight- wd-fontsize-m\" >CONTACT INFORMATION<\/h4>\n\t\t\t\t\t\t\t<\/div>\n\t\t\t\n\t\t\t\n\t\t\t\n\t\t<\/div>\n\t\t\n\t\t\t\t\t<div class=\"info-box-wrapper\">\n\t\t\t\t<div id=\"wd-5e45162003440\" class=\" wd-rs-5e45162003440 wd-info-box woodmart-info-box wd-wpb text-left box-icon-align-left box-style- color-scheme-light wd-bg-none box-title-default \"  >\n\t\t\t\t\t\t\t\t\t\t<div class=\"info-box-content\">\n\t\t\t\t\t\t\t\t\t\t\t\t<div class=\"info-box-inner set-cont-mb-s reset-last-child\">\n\t\t\t\t\t\t\t<p>Breuell engineering office GmbH<br \/>\nGr\u00fctzm\u00fchlenweg 46<br \/>\n22339 Hamburg<br \/>\nGermany<\/p>\n\t\t\t\t\t\t<\/div>\n\n\t\t\t\t\t\t\t\t\t\t\t<\/div>\n\n\t\t\t\t\t\t\t\t\t<\/div>\n\t\t\t<\/div>\n\t\t\t\t\t<div class=\"info-box-wrapper\">\n\t\t\t\t<div id=\"wd-5e45912ac21a6\" class=\" wd-rs-5e45912ac21a6 wd-info-box woodmart-info-box wd-wpb text-left box-icon-align-left box-style- color-scheme-light wd-bg-none box-title-default \"  >\n\t\t\t\t\t\t\t\t\t\t<div class=\"info-box-content\">\n\t\t\t\t\t\t\t\t\t\t\t\t<div class=\"info-box-inner set-cont-mb-s reset-last-child\">\n\t\t\t\t\t\t\t<\/p>\n<div style=\"line-height: 2\"><i class=\"fa fa-phone-square\" style=\"width: 15px;text-align: center;margin-right: 4px;color: #676767\"><\/i>  040 53 80 92 10<br \/>\n<i class=\"fa fa-fax\" style=\"width: 15px;text-align: center;margin-right: 4px;color: #676767\"><\/i>  040 53 80 92 86<\/div>\n<p>\n\t\t\t\t\t\t<\/div>\n\n\t\t\t\t\t\t\t\t\t\t\t<\/div>\n\n\t\t\t\t\t\t\t\t\t<\/div>\n\t\t\t<\/div>\n\t\t\t\t\t<div class=\"info-box-wrapper\">\n\t\t\t\t<div id=\"wd-5e46aa795cac1\" class=\" wd-rs-5e46aa795cac1 wd-info-box woodmart-info-box wd-wpb text-left box-icon-align-left box-style- color-scheme-light wd-bg-none box-title-default \"  >\n\t\t\t\t\t\t\t\t\t\t<div class=\"info-box-content\">\n\t\t\t\t\t\t\t\t\t\t\t\t<div class=\"info-box-inner set-cont-mb-s reset-last-child\">\n\t\t\t\t\t\t\t<\/p>\n<div style=\"line-height: 2\"><i class=\"fa fa-envelope-square\" style=\"width: 15px;text-align: center;margin-right: 4px;color: #676767\"><\/i> <a href=\"mailto:info@boxexpert.de\">info@boxexpert.de<\/a><\/div>\n<p>\n\t\t\t\t\t\t<\/div>\n\n\t\t\t\t\t\t\t\t\t\t\t<\/div>\n\n\t\t\t\t\t\t\t\t\t<\/div>\n\t\t\t<\/div>\n\t\t[vc_separator color=&#8221;custom&#8221; accent_color=&#8221;rgba(255,255,255,0.15)&#8221; css=&#8221;.vc_custom_1484144347493{margin-bottom: 30px !important;}&#8221;][vc_column_text woodmart_color_scheme=&#8221;light&#8221; css=&#8221;.vc_custom_1581689415982{margin-bottom: 20px !important;}&#8221; text_larger=&#8221;no&#8221;]Follow us on our social media channels and be informed about new products.[\/vc_column_text]\n\t\t\t<div class=\"wd-social-icons  woodmart-social-icons icons-design-colored icons-size-small color-scheme-dark social-share social-form-circle text-left\">\n\n\t\t\t\t\n\t\t\t\t\t\t\t\t\t<a rel=\"noopener noreferrer nofollow\" href=\"https:\/\/www.facebook.com\/sharer\/sharer.php?u=https:\/\/box.lilleshop.de\/en\/faqs\/standards\/\" target=\"_blank\" class=\" wd-social-icon social-facebook\" aria-label=\"Facebook social link\">\n\t\t\t\t\t\t<span class=\"wd-icon\"><\/span>\n\t\t\t\t\t\t\t\t\t\t\t<\/a>\n\t\t\t\t\n\t\t\t\t\t\t\t\t\t<a rel=\"noopener noreferrer nofollow\" href=\"https:\/\/twitter.com\/share?url=https:\/\/box.lilleshop.de\/en\/faqs\/standards\/\" target=\"_blank\" class=\" wd-social-icon social-twitter\" aria-label=\"Twitter social link\">\n\t\t\t\t\t\t<span class=\"wd-icon\"><\/span>\n\t\t\t\t\t\t\t\t\t\t\t<\/a>\n\t\t\t\t\n\t\t\t\t\n\t\t\t\t\n\t\t\t\t\n\t\t\t\t\n\t\t\t\t\n\t\t\t\t\t\t\t\t\t<a rel=\"noopener noreferrer nofollow\" href=\"https:\/\/www.linkedin.com\/shareArticle?mini=true&url=https:\/\/box.lilleshop.de\/en\/faqs\/standards\/\" target=\"_blank\" class=\" wd-social-icon social-linkedin\" aria-label=\"Linkedin social link\">\n\t\t\t\t\t\t<span class=\"wd-icon\"><\/span>\n\t\t\t\t\t\t\t\t\t\t\t<\/a>\n\t\t\t\t\n\t\t\t\t\n\t\t\t\t\n\t\t\t\t\n\t\t\t\t\n\t\t\t\t\n\t\t\t\t\n\t\t\t\t\n\t\t\t\t\n\t\t\t\t\n\t\t\t\t\t\t\t\t\n\t\t\t\t\t\t\t\t\n\t\t\t\t\n\t\t\t\t\t\t\t\t\t<a rel=\"noopener noreferrer nofollow\" href=\"https:\/\/telegram.me\/share\/url?url=https:\/\/box.lilleshop.de\/en\/faqs\/standards\/\" target=\"_blank\" class=\" wd-social-icon social-tg\" aria-label=\"Telegram social link\">\n\t\t\t\t\t\t<span class=\"wd-icon\"><\/span>\n\t\t\t\t\t\t\t\t\t\t\t<\/a>\n\t\t\t\t\t\t\t\t\n\t\t\t\t\n\t\t\t<\/div>\n\n\t\t[\/vc_column_inner][\/vc_row_inner]<\/div><\/div>[\/vc_column][\/vc_row]<\/p>\n","protected":false},"excerpt":{"rendered":"<p>[vc_row][vc_column][vc_column_text text_larger=&#8221;no&#8221;]The relevant standards for boxes, enclosures and parts of enclosures for electrical installation equipment are as follows: DIN EN<\/p>\n","protected":false},"author":1,"featured_media":0,"parent":11051,"menu_order":0,"comment_status":"closed","ping_status":"closed","template":"","meta":[],"yoast_head":"<!-- This site is optimized with the Yoast SEO Premium plugin v18.4 (Yoast SEO v18.8) - https:\/\/yoast.com\/wordpress\/plugins\/seo\/ -->\n<title>Standards - BOXEXPERT - Professional enclosure solutions for highest demands<\/title>\n<meta name=\"robots\" content=\"index, follow, max-snippet:-1, max-image-preview:large, max-video-preview:-1\" \/>\n<link rel=\"canonical\" href=\"https:\/\/box.lilleshop.de\/en\/faqs\/standards\/\" \/>\n<meta property=\"og:locale\" content=\"en_US\" \/>\n<meta property=\"og:type\" content=\"article\" \/>\n<meta property=\"og:title\" content=\"Standards\" \/>\n<meta property=\"og:description\" content=\"[vc_row][vc_column][vc_column_text text_larger=&#8221;no&#8221;]The relevant standards for boxes, enclosures and parts of enclosures for electrical installation equipment are as follows: DIN EN\" \/>\n<meta property=\"og:url\" content=\"https:\/\/box.lilleshop.de\/en\/faqs\/standards\/\" \/>\n<meta property=\"og:site_name\" content=\"BOXEXPERT - Professional enclosure solutions for highest demands\" \/>\n<meta property=\"article:modified_time\" content=\"2021-07-20T06:43:15+00:00\" \/>\n<meta name=\"twitter:card\" content=\"summary_large_image\" \/>\n<meta name=\"twitter:label1\" content=\"Est. reading time\" \/>\n\t<meta name=\"twitter:data1\" content=\"5 minutes\" \/>\n<script type=\"application\/ld+json\" class=\"yoast-schema-graph\">{\"@context\":\"https:\/\/schema.org\",\"@graph\":[{\"@type\":\"WebSite\",\"@id\":\"https:\/\/box.lilleshop.de\/#website\",\"url\":\"https:\/\/box.lilleshop.de\/\",\"name\":\"BOXEXPERT - Professionelle Geh\u00e4usel\u00f6sungen f\u00fcr h\u00f6chste Anspr\u00fcche\",\"description\":\"Industrial housings, control cabinets, installation housings, fuse boxes and distribution boxes\",\"potentialAction\":[{\"@type\":\"SearchAction\",\"target\":{\"@type\":\"EntryPoint\",\"urlTemplate\":\"https:\/\/box.lilleshop.de\/?s={search_term_string}\"},\"query-input\":\"required name=search_term_string\"}],\"inLanguage\":\"en-US\"},{\"@type\":\"WebPage\",\"@id\":\"https:\/\/box.lilleshop.de\/en\/faqs\/standards\/#webpage\",\"url\":\"https:\/\/box.lilleshop.de\/en\/faqs\/standards\/\",\"name\":\"Standards - BOXEXPERT - Professional enclosure solutions for highest demands\",\"isPartOf\":{\"@id\":\"https:\/\/box.lilleshop.de\/#website\"},\"datePublished\":\"2020-02-13T09:17:51+00:00\",\"dateModified\":\"2021-07-20T06:43:15+00:00\",\"breadcrumb\":{\"@id\":\"https:\/\/box.lilleshop.de\/en\/faqs\/standards\/#breadcrumb\"},\"inLanguage\":\"en-US\",\"potentialAction\":[{\"@type\":\"ReadAction\",\"target\":[\"https:\/\/box.lilleshop.de\/en\/faqs\/standards\/\"]}]},{\"@type\":\"BreadcrumbList\",\"@id\":\"https:\/\/box.lilleshop.de\/en\/faqs\/standards\/#breadcrumb\",\"itemListElement\":[{\"@type\":\"ListItem\",\"position\":1,\"name\":\"Startseite\",\"item\":\"https:\/\/box.lilleshop.de\/en\/\"},{\"@type\":\"ListItem\",\"position\":2,\"name\":\"FAQ&#8217;s\",\"item\":\"https:\/\/box.lilleshop.de\/en\/faqs\/\"},{\"@type\":\"ListItem\",\"position\":3,\"name\":\"Standards\"}]}]}<\/script>\n<!-- \/ Yoast SEO Premium plugin. -->","yoast_head_json":{"title":"Standards - BOXEXPERT - Professional enclosure solutions for highest demands","robots":{"index":"index","follow":"follow","max-snippet":"max-snippet:-1","max-image-preview":"max-image-preview:large","max-video-preview":"max-video-preview:-1"},"canonical":"https:\/\/box.lilleshop.de\/en\/faqs\/standards\/","og_locale":"en_US","og_type":"article","og_title":"Standards","og_description":"[vc_row][vc_column][vc_column_text text_larger=&#8221;no&#8221;]The relevant standards for boxes, enclosures and parts of enclosures for electrical installation equipment are as follows: DIN EN","og_url":"https:\/\/box.lilleshop.de\/en\/faqs\/standards\/","og_site_name":"BOXEXPERT - Professional enclosure solutions for highest demands","article_modified_time":"2021-07-20T06:43:15+00:00","twitter_card":"summary_large_image","twitter_misc":{"Est. reading time":"5 minutes"},"schema":{"@context":"https:\/\/schema.org","@graph":[{"@type":"WebSite","@id":"https:\/\/box.lilleshop.de\/#website","url":"https:\/\/box.lilleshop.de\/","name":"BOXEXPERT - Professionelle Geh\u00e4usel\u00f6sungen f\u00fcr h\u00f6chste Anspr\u00fcche","description":"Industrial housings, control cabinets, installation housings, fuse boxes and distribution boxes","potentialAction":[{"@type":"SearchAction","target":{"@type":"EntryPoint","urlTemplate":"https:\/\/box.lilleshop.de\/?s={search_term_string}"},"query-input":"required name=search_term_string"}],"inLanguage":"en-US"},{"@type":"WebPage","@id":"https:\/\/box.lilleshop.de\/en\/faqs\/standards\/#webpage","url":"https:\/\/box.lilleshop.de\/en\/faqs\/standards\/","name":"Standards - BOXEXPERT - Professional enclosure solutions for highest demands","isPartOf":{"@id":"https:\/\/box.lilleshop.de\/#website"},"datePublished":"2020-02-13T09:17:51+00:00","dateModified":"2021-07-20T06:43:15+00:00","breadcrumb":{"@id":"https:\/\/box.lilleshop.de\/en\/faqs\/standards\/#breadcrumb"},"inLanguage":"en-US","potentialAction":[{"@type":"ReadAction","target":["https:\/\/box.lilleshop.de\/en\/faqs\/standards\/"]}]},{"@type":"BreadcrumbList","@id":"https:\/\/box.lilleshop.de\/en\/faqs\/standards\/#breadcrumb","itemListElement":[{"@type":"ListItem","position":1,"name":"Startseite","item":"https:\/\/box.lilleshop.de\/en\/"},{"@type":"ListItem","position":2,"name":"FAQ&#8217;s","item":"https:\/\/box.lilleshop.de\/en\/faqs\/"},{"@type":"ListItem","position":3,"name":"Standards"}]}]}},"_links":{"self":[{"href":"https:\/\/box.lilleshop.de\/en\/wp-json\/wp\/v2\/pages\/11158"}],"collection":[{"href":"https:\/\/box.lilleshop.de\/en\/wp-json\/wp\/v2\/pages"}],"about":[{"href":"https:\/\/box.lilleshop.de\/en\/wp-json\/wp\/v2\/types\/page"}],"author":[{"embeddable":true,"href":"https:\/\/box.lilleshop.de\/en\/wp-json\/wp\/v2\/users\/1"}],"replies":[{"embeddable":true,"href":"https:\/\/box.lilleshop.de\/en\/wp-json\/wp\/v2\/comments?post=11158"}],"version-history":[{"count":6,"href":"https:\/\/box.lilleshop.de\/en\/wp-json\/wp\/v2\/pages\/11158\/revisions"}],"predecessor-version":[{"id":17183,"href":"https:\/\/box.lilleshop.de\/en\/wp-json\/wp\/v2\/pages\/11158\/revisions\/17183"}],"up":[{"embeddable":true,"href":"https:\/\/box.lilleshop.de\/en\/wp-json\/wp\/v2\/pages\/11051"}],"wp:attachment":[{"href":"https:\/\/box.lilleshop.de\/en\/wp-json\/wp\/v2\/media?parent=11158"}],"curies":[{"name":"wp","href":"https:\/\/api.w.org\/{rel}","templated":true}]}}